{"id":9568,"date":"2025-05-14T10:21:00","date_gmt":"2025-05-14T08:21:00","guid":{"rendered":"https:\/\/www.gobrrr.me\/?post_type=product&#038;p=9568"},"modified":"2026-05-11T14:12:57","modified_gmt":"2026-05-11T12:12:57","slug":"bitaxe-gamma-hotbits","status":"publish","type":"product","link":"https:\/\/www.gobrrr.me\/de\/product\/bitaxe-gamma-hotbits\/","title":{"rendered":"<p>Bitaxe Gamma \u2013 Hotbits<\/p>"},"content":{"rendered":"<h3 class=\"whitespace-pre-wrap break-words\">Bitaxe Gamma: Effizienter, kompakter Bitcoin ASIC Miner mit BM1370 Chip<p class=\"whitespace-pre-wrap break-words\">Revolutionieren Sie Ihr Bitcoin-Mining-Erlebnis mit dem Bitaxe Gamma, einem leistungsstarken und effizienten Mini-ASIC-Miner f\u00fcr dezentrales Bitcoin-Mining.<\/p><p><strong>AxeOS Dashboard zeigt die aktuelle Hashrate und andere n\u00fctzliche Informationen wie Leistungsaufnahme und Temperatur des Bitaxe Gamma<br>\n<\/strong><\/p><p><img fetchpriority=\"high\" decoding=\"async\" class=\"alignnone wp-image-8281 size-full\" src=\"https:\/\/www.gobrrr.me\/ozypsoob\/2024\/10\/GammaMiningStats_gobrrr.me_gobrrr.me_.jpg\" alt=\"\" width=\"1024\" height=\"587\" srcset=\"https:\/\/www.gobrrr.me\/ozypsoob\/2024\/10\/GammaMiningStats_gobrrr.me_gobrrr.me_.jpg 1024w, https:\/\/www.gobrrr.me\/ozypsoob\/2024\/10\/GammaMiningStats_gobrrr.me_gobrrr.me_-800x459.jpg 800w, https:\/\/www.gobrrr.me\/ozypsoob\/2024\/10\/GammaMiningStats_gobrrr.me_gobrrr.me_-420x241.jpg 420w, https:\/\/www.gobrrr.me\/ozypsoob\/2024\/10\/GammaMiningStats_gobrrr.me_gobrrr.me_-150x86.jpg 150w, https:\/\/www.gobrrr.me\/ozypsoob\/2024\/10\/GammaMiningStats_gobrrr.me_gobrrr.me_-768x440.jpg 768w\" sizes=\"(max-width: 1024px) 100vw, 1024px\"><\/p><div class=\"product__description rte quick-add-hidden\">\n<p>Die derzeit effizienteste Bitaxe, Version Gamma, erreicht eine beeindruckende Hashrate von 1,3 TH\/s (bei Standardeinstellungen) und verbraucht nur ~18 Watt Leistung. Das integrierte WLAN und das intuitive Webinterface sorgen f\u00fcr einen schnellen Start und einen reibungslosen Betrieb.<\/p>\n<p><img decoding=\"async\" class=\"alignnone size-full wp-image-8282\" src=\"https:\/\/www.gobrrr.me\/ozypsoob\/2024\/10\/GammaMiningStats2_gobrrr.me_gobrrr.me_.jpg\" alt=\"\" width=\"1024\" height=\"659\" srcset=\"https:\/\/www.gobrrr.me\/ozypsoob\/2024\/10\/GammaMiningStats2_gobrrr.me_gobrrr.me_.jpg 1024w, https:\/\/www.gobrrr.me\/ozypsoob\/2024\/10\/GammaMiningStats2_gobrrr.me_gobrrr.me_-800x515.jpg 800w, https:\/\/www.gobrrr.me\/ozypsoob\/2024\/10\/GammaMiningStats2_gobrrr.me_gobrrr.me_-420x270.jpg 420w, https:\/\/www.gobrrr.me\/ozypsoob\/2024\/10\/GammaMiningStats2_gobrrr.me_gobrrr.me_-150x97.jpg 150w, https:\/\/www.gobrrr.me\/ozypsoob\/2024\/10\/GammaMiningStats2_gobrrr.me_gobrrr.me_-768x494.jpg 768w\" sizes=\"(max-width: 1024px) 100vw, 1024px\"><\/p>\n<div class=\"product__description rte quick-add-hidden\">\n<p><strong>Dezentralisierung des Bitcoin-Mining \u2013 ein ASIC zu diesem Zeitpunkt<\/strong><\/p>\n<p>Die derzeit effizienteste Bitaxe, Version Gamma, erreicht eine beeindruckende Hashrate von 1,3 TH\/s (bei Standardeinstellungen) und verbraucht nur 18 Watt Leistung.\u00a0 Das integrierte WLAN und das intuitive Webinterface sorgen f\u00fcr einen schnellen Start und einen reibungslosen Betrieb. Das Bitaxe Gamma basiert auf Axe OS, das umfangreiche Anpassungsoptionen und OTA-Updates bietet und das Mining-Erlebnis verbessert. Unser Bitaxe Gamma ist mit einem leisen Dual-Kugellager-L\u00fcfter und einem verbesserten, leicht austauschbaren Display ausgestattet.\u00a0 Die HotBits Edition kommt mit einem mehrfarbig bedruckten St\u00e4nder, mit dem Sie einen zus\u00e4tzlichen L\u00fcfter auf der R\u00fcckseite montieren k\u00f6nnen, um den Spannungsregler zu k\u00fchlen, und einer mitgelieferten CE-zertifizierten 5V 30W hohen Qualit\u00e4t [<strong>EU-Stecker<\/strong>] Bitaxe-Stromversorgung.<\/p>\n<\/div>\n<p>Teile der Gewinne werden gespendet, um das Open-Source-Bitcoin-Mining weiter voranzutreiben.<\/p>\n<\/div><p class=\"whitespace-pre-wrap break-words\">Hauptmerkmale:<\/p><ul class=\"-mt-1 list-disc space-y-2 pl-8\">\n<li class=\"whitespace-normal break-words\">Hochleistungs-Chip BM1370<\/li>\n<li class=\"whitespace-normal break-words\">Bis zu 1,3 TH\/s Hashrate (\u00dcbertaktung auf eigenes Risiko)<\/li>\n<li class=\"whitespace-normal break-words\">Au\u00dfergew\u00f6hnliche Effizienz: ~16W\/TH<\/li>\n<li class=\"whitespace-normal break-words\">Einfache Plug-and-Play-Einrichtung<\/li>\n<li class=\"whitespace-normal break-words\">Ger\u00e4uscharmer Doppelkugellagerl\u00fcfter f\u00fcr leisen Betrieb<\/li>\n<li class=\"whitespace-normal break-words\">Stabile, verbesserte Displayhalterung<\/li>\n<\/ul><p class=\"whitespace-pre-wrap break-words\">Technische Daten:<\/p><ul class=\"-mt-1 list-disc space-y-2 pl-8\">\n<li class=\"whitespace-normal break-words\">Leistung: 5V Laufbuchse<\/li>\n<li class=\"whitespace-normal break-words\">Konnektivit\u00e4t: USB-C-Anschluss zum Debuggen und Blinken<\/li>\n<li class=\"whitespace-normal break-words\">Software: AxeOS \u2013 Benutzerfreundliche Web-GUI mit AP-Modus<\/li>\n<li class=\"whitespace-normal break-words\">Einrichtung: Drahtlose Konfiguration, Updates und \u00dcberwachung<\/li>\n<\/ul><p class=\"whitespace-pre-wrap break-words\">Ideal f\u00fcr:<\/p><ul class=\"-mt-1 list-disc space-y-2 pl-8\">\n<li class=\"whitespace-normal break-words\">Bitcoiner, die sich f\u00fcr Home Mining interessieren<\/li>\n<li class=\"whitespace-normal break-words\">Kleine Bitcoin-Mining-Operationen<\/li>\n<li class=\"whitespace-normal break-words\">Plebs, die die Hashrate dezentralisieren wollen<\/li>\n<\/ul><p class=\"whitespace-pre-wrap break-words\">Nutzen Sie dezentrales Bitcoin-Mining mit dem Bitaxe Gamma - effizient, kompakt und benutzerfreundlich. Bestellen Sie jetzt und treten Sie der Zukunft des Bergbaus bei!<\/p><p>&nbsp;<\/p><p>Offizielle Projektwebsite:&nbsp;<a href=\"https:\/\/bitaxe.org\/\" target=\"_blank\" rel=\"noopener\">https:\/\/bitaxe.org<\/a><\/p><\/h3>","protected":false},"excerpt":{"rendered":"<div class=\"product__description rte quick-add-hidden\">\n<p><strong>Dezentralisierung des Bitcoin-Mining \u2013 ein ASIC zu diesem Zeitpunkt<\/strong><\/p>\n<p>Die derzeit effizienteste Bitaxe, Version Gamma, erreicht eine beeindruckende Hashrate von 1,3 TH\/s (bei Standardeinstellungen) und verbraucht nur 18 Watt Leistung.\u00a0 Das integrierte WLAN und das intuitive Webinterface sorgen f\u00fcr einen schnellen Start und einen reibungslosen Betrieb. Das Bitaxe Gamma basiert auf Axe OS, das umfangreiche Anpassungsoptionen und OTA-Updates bietet und das Mining-Erlebnis verbessert. Unser Bitaxe Gamma ist mit einem leisen Dual-Kugellager-L\u00fcfter und einem verbesserten, leicht austauschbaren Display ausgestattet.\u00a0 Die HotBits Edition kommt mit einem mehrfarbig bedruckten St\u00e4nder, mit dem Sie einen zus\u00e4tzlichen L\u00fcfter auf der R\u00fcckseite montieren k\u00f6nnen, um den Spannungsregler zu k\u00fchlen, und einer mitgelieferten CE-zertifizierten 5V 30W hohen Qualit\u00e4t [<strong>EU-Stecker<\/strong>] Bitaxe-Stromversorgung.<\/p>\n<p>Teile der Gewinne werden gespendet, um das Open-Source-Bitcoin-Mining weiter voranzutreiben.<\/p><\/div>","protected":false},"featured_media":9584,"comment_status":"closed","ping_status":"closed","template":"","meta":[],"product_brand":[],"product_cat":[264,210],"product_tag":[],"class_list":{"0":"post-9568","1":"product","2":"type-product","3":"status-publish","4":"has-post-thumbnail","6":"product_cat-bitaxe","7":"product_cat-mining","9":"first","10":"instock","11":"taxable","12":"shipping-taxable","13":"purchasable","14":"product-type-simple"},"yoast_head":"\n<title>Bitaxe Gamma - Hotbits - Go Brrr<\/title>\n<meta name=\"robots\" content=\"index, follow, max-snippet:-1, max-image-preview:large, max-video-preview:-1\" \/>\n<link rel=\"canonical\" href=\"https:\/\/www.gobrrr.me\/de\/product\/bitaxe-gamma-hotbits\/\" \/>\n<meta property=\"og:locale\" content=\"de_DE\" \/>\n<meta property=\"og:type\" content=\"article\" \/>\n<meta property=\"og:title\" content=\"Bitaxe Gamma - HotBits Edition\" \/>\n<meta property=\"og:description\" content=\"Decentralize Bitcoin Mining - one ASIC at the timeThe currently most efficient Bitaxe, Version Gamma achieves an impressive 1.3 TH\/s hashrate (at default settings) while consuming only 18 watts of power.\u00a0 The integrated Wi-Fi and intuitive webinterface ensure a quick start and smooth operation. The Bitaxe Gamma is powered by Axe OS, which offers extensive customization options and OTA updates, enhancing the mining experience. Our Bitaxe Gamma is equipped with a silent dual ball bearing fan and and an upgraded, easily replaceable display.\u00a0 The HotBits Edition comes with a multicolor printed stand, which allows you to mount an additional fan to the back to cool the voltage regulator and an included CE certified 5V 30W rated high quality [EU Plug] Bitaxe Power Supply.Parts of profits are donated to further advance open source bitcoin mining.\" \/>\n<meta property=\"og:url\" content=\"https:\/\/www.gobrrr.me\/de\/product\/bitaxe-gamma-hotbits\/\" \/>\n<meta property=\"og:site_name\" content=\"Go Brrr\" \/>\n<meta property=\"article:modified_time\" content=\"2026-05-11T12:12:57+00:00\" \/>\n<meta property=\"og:image\" content=\"https:\/\/www.gobrrr.me\/ozypsoob\/2025\/05\/HotBits-14_gobrrr.me_.jpg\" \/>\n\t<meta property=\"og:image:width\" content=\"1020\" \/>\n\t<meta property=\"og:image:height\" content=\"768\" \/>\n\t<meta property=\"og:image:type\" content=\"image\/jpeg\" \/>\n<meta name=\"twitter:card\" content=\"summary_large_image\" \/>\n<meta name=\"twitter:title\" content=\"Bitaxe Gamma - HotsBits Edition\" \/>\n<meta name=\"twitter:description\" content=\"Decentralize Bitcoin Mining - one ASIC at the timeThe currently most efficient Bitaxe, Version Gamma achieves an impressive 1.3 TH\/s hashrate (at default settings) while consuming only 18 watts of power.\u00a0 The integrated Wi-Fi and intuitive webinterface ensure a quick start and smooth operation. The Bitaxe Gamma is powered by Axe OS, which offers extensive customization options and OTA updates, enhancing the mining experience. Our Bitaxe Gamma is equipped with a silent dual ball bearing fan and and an upgraded, easily replaceable display.\u00a0 The HotBits Edition comes with a multicolor printed stand, which allows you to mount an additional fan to the back to cool the voltage regulator and an included CE certified 5V 30W rated high quality [EU Plug] Bitaxe Power Supply.Parts of profits are donated to further advance open source bitcoin mining.\" \/>\n<meta name=\"twitter:image\" content=\"https:\/\/www.gobrrr.me\/ozypsoob\/2025\/05\/HotBits-14_gobrrr.me_.jpg\" \/>\n<meta name=\"twitter:site\" content=\"@GoBrrr_me\" \/>\n<meta name=\"twitter:label1\" content=\"Gesch\u00e4tzte Lesezeit\" \/>\n\t<meta name=\"twitter:data1\" content=\"3 Minuten\" \/>\n<script type=\"application\/ld+json\" class=\"yoast-schema-graph\">{\"@context\":\"https:\\\/\\\/schema.org\",\"@graph\":[{\"@type\":\"WebPage\",\"@id\":\"https:\\\/\\\/www.gobrrr.me\\\/product\\\/bitaxe-gamma-hotbits\\\/\",\"url\":\"https:\\\/\\\/www.gobrrr.me\\\/product\\\/bitaxe-gamma-hotbits\\\/\",\"name\":\"Bitaxe Gamma - Hotbits - Go Brrr\",\"isPartOf\":{\"@id\":\"https:\\\/\\\/www.gobrrr.me\\\/#website\"},\"primaryImageOfPage\":{\"@id\":\"https:\\\/\\\/www.gobrrr.me\\\/product\\\/bitaxe-gamma-hotbits\\\/#primaryimage\"},\"image\":{\"@id\":\"https:\\\/\\\/www.gobrrr.me\\\/product\\\/bitaxe-gamma-hotbits\\\/#primaryimage\"},\"thumbnailUrl\":\"https:\\\/\\\/www.gobrrr.me\\\/wp-content\\\/uploads\\\/2025\\\/05\\\/HotBits-14_gobrrr.me_.jpg\",\"datePublished\":\"2025-05-14T08:21:00+00:00\",\"dateModified\":\"2026-05-11T12:12:57+00:00\",\"breadcrumb\":{\"@id\":\"https:\\\/\\\/www.gobrrr.me\\\/product\\\/bitaxe-gamma-hotbits\\\/#breadcrumb\"},\"inLanguage\":\"de-AT\",\"potentialAction\":[{\"@type\":\"ReadAction\",\"target\":[\"https:\\\/\\\/www.gobrrr.me\\\/product\\\/bitaxe-gamma-hotbits\\\/\"]}]},{\"@type\":\"ImageObject\",\"inLanguage\":\"de-AT\",\"@id\":\"https:\\\/\\\/www.gobrrr.me\\\/product\\\/bitaxe-gamma-hotbits\\\/#primaryimage\",\"url\":\"https:\\\/\\\/www.gobrrr.me\\\/wp-content\\\/uploads\\\/2025\\\/05\\\/HotBits-14_gobrrr.me_.jpg\",\"contentUrl\":\"https:\\\/\\\/www.gobrrr.me\\\/wp-content\\\/uploads\\\/2025\\\/05\\\/HotBits-14_gobrrr.me_.jpg\",\"width\":1020,\"height\":768},{\"@type\":\"BreadcrumbList\",\"@id\":\"https:\\\/\\\/www.gobrrr.me\\\/product\\\/bitaxe-gamma-hotbits\\\/#breadcrumb\",\"itemListElement\":[{\"@type\":\"ListItem\",\"position\":1,\"name\":\"Home\",\"item\":\"https:\\\/\\\/www.gobrrr.me\\\/\"},{\"@type\":\"ListItem\",\"position\":2,\"name\":\"Shop\",\"item\":\"https:\\\/\\\/www.gobrrr.me\\\/shop\\\/\"},{\"@type\":\"ListItem\",\"position\":3,\"name\":\"Bitaxe Gamma &#8211; Hotbits\"}]},{\"@type\":\"WebSite\",\"@id\":\"https:\\\/\\\/www.gobrrr.me\\\/#website\",\"url\":\"https:\\\/\\\/www.gobrrr.me\\\/\",\"name\":\"Go Brrr\",\"description\":\"3D prints for sovereign individuals\",\"publisher\":{\"@id\":\"https:\\\/\\\/www.gobrrr.me\\\/#organization\"},\"potentialAction\":[{\"@type\":\"SearchAction\",\"target\":{\"@type\":\"EntryPoint\",\"urlTemplate\":\"https:\\\/\\\/www.gobrrr.me\\\/?s={search_term_string}\"},\"query-input\":{\"@type\":\"PropertyValueSpecification\",\"valueRequired\":true,\"valueName\":\"search_term_string\"}}],\"inLanguage\":\"de-AT\"},{\"@type\":\"Organization\",\"@id\":\"https:\\\/\\\/www.gobrrr.me\\\/#organization\",\"name\":\"Go Brrr 3D\",\"url\":\"https:\\\/\\\/www.gobrrr.me\\\/\",\"logo\":{\"@type\":\"ImageObject\",\"inLanguage\":\"de-AT\",\"@id\":\"https:\\\/\\\/www.gobrrr.me\\\/#\\\/schema\\\/logo\\\/image\\\/\",\"url\":\"https:\\\/\\\/i0.wp.com\\\/www.gobrrr.me\\\/wp-content\\\/uploads\\\/2022\\\/02\\\/BrrrIco.png?fit=100%2C100&ssl=1\",\"contentUrl\":\"https:\\\/\\\/i0.wp.com\\\/www.gobrrr.me\\\/wp-content\\\/uploads\\\/2022\\\/02\\\/BrrrIco.png?fit=100%2C100&ssl=1\",\"width\":100,\"height\":100,\"caption\":\"Go Brrr 3D\"},\"image\":{\"@id\":\"https:\\\/\\\/www.gobrrr.me\\\/#\\\/schema\\\/logo\\\/image\\\/\"},\"sameAs\":[\"https:\\\/\\\/x.com\\\/GoBrrr_me\"]}]}<\/script>\n","yoast_head_json":{"title":"Bitaxe Gamma - Hotbits - Go Brrr","robots":{"index":"index","follow":"follow","max-snippet":"max-snippet:-1","max-image-preview":"max-image-preview:large","max-video-preview":"max-video-preview:-1"},"canonical":"https:\/\/www.gobrrr.me\/de\/product\/bitaxe-gamma-hotbits\/","og_locale":"de_DE","og_type":"article","og_title":"Bitaxe Gamma - HotBits Edition","og_description":"Decentralize Bitcoin Mining - one ASIC at the timeThe currently most efficient Bitaxe, Version Gamma achieves an impressive 1.3 TH\/s hashrate (at default settings) while consuming only 18 watts of power.\u00a0 The integrated Wi-Fi and intuitive webinterface ensure a quick start and smooth operation. The Bitaxe Gamma is powered by Axe OS, which offers extensive customization options and OTA updates, enhancing the mining experience. Our Bitaxe Gamma is equipped with a silent dual ball bearing fan and and an upgraded, easily replaceable display.\u00a0 The HotBits Edition comes with a multicolor printed stand, which allows you to mount an additional fan to the back to cool the voltage regulator and an included CE certified 5V 30W rated high quality [EU Plug] Bitaxe Power Supply.Parts of profits are donated to further advance open source bitcoin mining.","og_url":"https:\/\/www.gobrrr.me\/de\/product\/bitaxe-gamma-hotbits\/","og_site_name":"Go Brrr","article_modified_time":"2026-05-11T12:12:57+00:00","og_image":[{"width":1020,"height":768,"url":"https:\/\/www.gobrrr.me\/ozypsoob\/2025\/05\/HotBits-14_gobrrr.me_.jpg","type":"image\/jpeg"}],"twitter_card":"summary_large_image","twitter_title":"Bitaxe Gamma - HotsBits Edition","twitter_description":"Decentralize Bitcoin Mining - one ASIC at the timeThe currently most efficient Bitaxe, Version Gamma achieves an impressive 1.3 TH\/s hashrate (at default settings) while consuming only 18 watts of power.\u00a0 The integrated Wi-Fi and intuitive webinterface ensure a quick start and smooth operation. The Bitaxe Gamma is powered by Axe OS, which offers extensive customization options and OTA updates, enhancing the mining experience. Our Bitaxe Gamma is equipped with a silent dual ball bearing fan and and an upgraded, easily replaceable display.\u00a0 The HotBits Edition comes with a multicolor printed stand, which allows you to mount an additional fan to the back to cool the voltage regulator and an included CE certified 5V 30W rated high quality [EU Plug] Bitaxe Power Supply.Parts of profits are donated to further advance open source bitcoin mining.","twitter_image":"https:\/\/www.gobrrr.me\/ozypsoob\/2025\/05\/HotBits-14_gobrrr.me_.jpg","twitter_site":"@GoBrrr_me","twitter_misc":{"Gesch\u00e4tzte Lesezeit":"3 Minuten"},"schema":{"@context":"https:\/\/schema.org","@graph":[{"@type":"WebPage","@id":"https:\/\/www.gobrrr.me\/product\/bitaxe-gamma-hotbits\/","url":"https:\/\/www.gobrrr.me\/product\/bitaxe-gamma-hotbits\/","name":"Bitaxe Gamma - Hotbits - Go Brrr","isPartOf":{"@id":"https:\/\/www.gobrrr.me\/#website"},"primaryImageOfPage":{"@id":"https:\/\/www.gobrrr.me\/product\/bitaxe-gamma-hotbits\/#primaryimage"},"image":{"@id":"https:\/\/www.gobrrr.me\/product\/bitaxe-gamma-hotbits\/#primaryimage"},"thumbnailUrl":"https:\/\/www.gobrrr.me\/ozypsoob\/2025\/05\/HotBits-14_gobrrr.me_.jpg","datePublished":"2025-05-14T08:21:00+00:00","dateModified":"2026-05-11T12:12:57+00:00","breadcrumb":{"@id":"https:\/\/www.gobrrr.me\/product\/bitaxe-gamma-hotbits\/#breadcrumb"},"inLanguage":"de-AT","potentialAction":[{"@type":"ReadAction","target":["https:\/\/www.gobrrr.me\/product\/bitaxe-gamma-hotbits\/"]}]},{"@type":"ImageObject","inLanguage":"de-AT","@id":"https:\/\/www.gobrrr.me\/product\/bitaxe-gamma-hotbits\/#primaryimage","url":"https:\/\/www.gobrrr.me\/ozypsoob\/2025\/05\/HotBits-14_gobrrr.me_.jpg","contentUrl":"https:\/\/www.gobrrr.me\/ozypsoob\/2025\/05\/HotBits-14_gobrrr.me_.jpg","width":1020,"height":768},{"@type":"BreadcrumbList","@id":"https:\/\/www.gobrrr.me\/product\/bitaxe-gamma-hotbits\/#breadcrumb","itemListElement":[{"@type":"ListItem","position":1,"name":"Home","item":"https:\/\/www.gobrrr.me\/"},{"@type":"ListItem","position":2,"name":"Shop","item":"https:\/\/www.gobrrr.me\/shop\/"},{"@type":"ListItem","position":3,"name":"Bitaxe Gamma &#8211; Hotbits"}]},{"@type":"WebSite","@id":"https:\/\/www.gobrrr.me\/#website","url":"https:\/\/www.gobrrr.me\/","name":"Go Brrr","description":"3D prints for sovereign individuals","publisher":{"@id":"https:\/\/www.gobrrr.me\/#organization"},"potentialAction":[{"@type":"SearchAction","target":{"@type":"EntryPoint","urlTemplate":"https:\/\/www.gobrrr.me\/?s={search_term_string}"},"query-input":{"@type":"PropertyValueSpecification","valueRequired":true,"valueName":"search_term_string"}}],"inLanguage":"de-AT"},{"@type":"Organization","@id":"https:\/\/www.gobrrr.me\/#organization","name":"Go Brrr 3D","url":"https:\/\/www.gobrrr.me\/","logo":{"@type":"ImageObject","inLanguage":"de-AT","@id":"https:\/\/www.gobrrr.me\/#\/schema\/logo\/image\/","url":"https:\/\/i0.wp.com\/www.gobrrr.me\/ozypsoob\/2022\/02\/BrrrIco.png?fit=100%2C100&ssl=1","contentUrl":"https:\/\/i0.wp.com\/www.gobrrr.me\/ozypsoob\/2022\/02\/BrrrIco.png?fit=100%2C100&ssl=1","width":100,"height":100,"caption":"Go Brrr 3D"},"image":{"@id":"https:\/\/www.gobrrr.me\/#\/schema\/logo\/image\/"},"sameAs":["https:\/\/x.com\/GoBrrr_me"]}]}},"_links":{"self":[{"href":"https:\/\/www.gobrrr.me\/de\/wp-json\/wp\/v2\/product\/9568","targetHints":{"allow":["GET"]}}],"collection":[{"href":"https:\/\/www.gobrrr.me\/de\/wp-json\/wp\/v2\/product"}],"about":[{"href":"https:\/\/www.gobrrr.me\/de\/wp-json\/wp\/v2\/types\/product"}],"replies":[{"embeddable":true,"href":"https:\/\/www.gobrrr.me\/de\/wp-json\/wp\/v2\/comments?post=9568"}],"version-history":[{"count":2,"href":"https:\/\/www.gobrrr.me\/de\/wp-json\/wp\/v2\/product\/9568\/revisions"}],"predecessor-version":[{"id":11600,"href":"https:\/\/www.gobrrr.me\/de\/wp-json\/wp\/v2\/product\/9568\/revisions\/11600"}],"wp:featuredmedia":[{"embeddable":true,"href":"https:\/\/www.gobrrr.me\/de\/wp-json\/wp\/v2\/media\/9584"}],"wp:attachment":[{"href":"https:\/\/www.gobrrr.me\/de\/wp-json\/wp\/v2\/media?parent=9568"}],"wp:term":[{"taxonomy":"product_brand","embeddable":true,"href":"https:\/\/www.gobrrr.me\/de\/wp-json\/wp\/v2\/product_brand?post=9568"},{"taxonomy":"product_cat","embeddable":true,"href":"https:\/\/www.gobrrr.me\/de\/wp-json\/wp\/v2\/product_cat?post=9568"},{"taxonomy":"product_tag","embeddable":true,"href":"https:\/\/www.gobrrr.me\/de\/wp-json\/wp\/v2\/product_tag?post=9568"}],"curies":[{"name":"wp","href":"https:\/\/api.w.org\/{rel}","templated":true}]}}