{"id":9477,"date":"2025-04-22T15:17:00","date_gmt":"2025-04-22T13:17:00","guid":{"rendered":"https:\/\/www.gobrrr.me\/?post_type=product&#038;p=9477"},"modified":"2026-02-05T15:22:17","modified_gmt":"2026-02-05T14:22:17","slug":"solarbit-diy-kit","status":"publish","type":"product","link":"https:\/\/www.gobrrr.me\/de\/product\/solarbit-diy-kit\/","title":{"rendered":"<p>Solarbit DIY Bausatz<\/p>"},"content":{"rendered":"<div>\r\n<div class=\"css-175oi2r r-3pj75a\">\r\n<div class=\"css-175oi2r\">\r\n<p><span class=\"css-1jxf684 r-bcqeeo r-1ttztb7 r-qvutc0 r-poiln3\"><strong>Solarbit \u2013 The Dawn of Perpetual Solar Powered Bitcoin Operations<\/strong><br><\/span><\/p>\r\n<p>Bauen Sie Ihren eigenen, meist 3D-gedruckten SolarTracker mit unserem DIY Kit. Erwarten Sie ein paar Stunden bis mehrere Tage freudigen Bauens, abh\u00e4ngig von Ihrem K\u00f6nnen. Das Kit enth\u00e4lt fast alles, was Sie ben\u00f6tigen, um Ihr eigenes SolarBit von Scratch zu bauen. Erforderliche, aber nicht enthaltene Teile sind unten aufgef\u00fchrt und verlinkt, erfragen Sie diese selbst vor Ort.&nbsp;<br><br>Das Kit beinhaltet:<\/p>\r\n<ul>\r\n<li>Satz von 3D-gedruckten Teilen, die f\u00fcr den Bau einer Einheit erforderlich sind<\/li>\r\n<li>Schrauben, Muttern, Schrauben in verschiedenen Gr\u00f6\u00dfen<\/li>\r\n<li>LDR (Lichtsensor) Leiterplatte &amp; Amp; Kabel<\/li>\r\n<li>SolarBit-Leiterplatte (v1.3)<\/li>\r\n<li>2x Schrittmotoren<\/li>\r\n<li>Temperaturf\u00fchler<\/li>\r\n<li>Ventilator<\/li>\r\n<li>Verschiedene Dr\u00e4hte<\/li>\r\n<\/ul>\r\n<p>Nicht enthalten:<\/p>\r\n<ul>\r\n<li>Batterie 12V 8Ah LiFePO4: <a href=\"https:\/\/amzn.to\/3WCg4Lf\">AmazonDE<\/a> | <a href=\"https:\/\/s.click.aliexpress.com\/e\/_c3iDJMlz\">AliExpress<\/a><\/li>\r\n<li>Sonnenkollektoren: <a href=\"https:\/\/amzn.to\/47HRBdT\">AmazonDE<\/a> | <a href=\"https:\/\/s.click.aliexpress.com\/e\/_c3jM14KB\">AliExpress<\/a><\/li>\r\n<li>Aluminiumverdr\u00e4ngung 2020: <a href=\"https:\/\/amzn.to\/47Xngrv\">AmazonDE<\/a> | <a href=\"https:\/\/s.click.aliexpress.com\/e\/_c4UOSVSx\">AliExpress<\/a><\/li>\r\n<\/ul>\r\n<div>\r\n<div class=\"css-175oi2r r-3pj75a\">&nbsp;<\/div>\r\n<\/div>\r\n<div class=\"rgg-container\" data-rgg-id=\"1\">    <div class=\"rgg-imagegrid captions-title captions-effect-none\" data-rgg-id=\"1\">\n                    <a data-rel=\"rgg\" rel=\"rgg\" title=\"\" class=\"rgg-disabled size-large rgg-img\" data-src=\"https:\/\/www.gobrrr.me\/ozypsoob\/2026\/02\/SolarBit3.jpg\" data-ratio=\"1.3326653306613\" data-height=\"499\" data-width=\"665\" aria-label=\"\">\n                            <\/a>\n                    <a data-rel=\"rgg\" rel=\"rgg\" title=\"\" class=\"rgg-disabled size-large rgg-img\" data-src=\"https:\/\/www.gobrrr.me\/ozypsoob\/2026\/02\/SolarBit2.jpg\" data-ratio=\"1.3333333333333\" data-height=\"561\" data-width=\"748\" aria-label=\"Solarbit Hero Shot 2\">\n                            <\/a>\n                    <a data-rel=\"rgg\" rel=\"rgg\" title=\"\" class=\"rgg-disabled size-large rgg-img\" data-src=\"https:\/\/www.gobrrr.me\/ozypsoob\/2026\/02\/SolarBit_white-1024x747.jpg\" data-ratio=\"1.3706293706294\" data-height=\"715\" data-width=\"980\" aria-label=\"Solarbit Hero Shot 3\">\n                            <\/a>\n                    <a data-rel=\"rgg\" rel=\"rgg\" title=\"\" class=\"rgg-disabled size-large rgg-img\" data-src=\"https:\/\/www.gobrrr.me\/ozypsoob\/2026\/02\/SolarBit_hero2-1024x747.jpg\" data-ratio=\"1.3706293706294\" data-height=\"715\" data-width=\"980\" aria-label=\"Solarbit Hero Shot 4\">\n                            <\/a>\n                    <a data-rel=\"rgg\" rel=\"rgg\" title=\"\" class=\"rgg-disabled size-large rgg-img\" data-src=\"https:\/\/www.gobrrr.me\/ozypsoob\/2026\/02\/SolarBit_hero-1024x747.jpg\" data-ratio=\"1.3706293706294\" data-height=\"715\" data-width=\"980\" aria-label=\"Solarbit Hero Shot 5\">\n                            <\/a>\n                    <a data-rel=\"rgg\" rel=\"rgg\" title=\"\" class=\"rgg-disabled size-large rgg-img\" data-src=\"https:\/\/www.gobrrr.me\/ozypsoob\/2026\/02\/SolarBit_Eco-1024x747.jpg\" data-ratio=\"1.3706293706294\" data-height=\"715\" data-width=\"980\" aria-label=\"Solarbit Hero Shot 6\">\n                            <\/a>\n                    <a data-rel=\"rgg\" rel=\"rgg\" title=\"\" class=\"rgg-disabled size-large rgg-img\" data-src=\"https:\/\/www.gobrrr.me\/ozypsoob\/2026\/02\/SolarBit_comic-1024x765.jpg\" data-ratio=\"1.3387978142077\" data-height=\"732\" data-width=\"980\" aria-label=\"Solarbit Hero Shot 7\">\n                            <\/a>\n                    <a data-rel=\"rgg\" rel=\"rgg\" title=\"\" class=\"rgg-disabled size-large rgg-img\" data-src=\"https:\/\/www.gobrrr.me\/ozypsoob\/2026\/02\/SolarBit_1to1.jpg\" data-ratio=\"1\" data-height=\"806\" data-width=\"806\" aria-label=\"Solarbit Hero Shot 8\">\n                            <\/a>\n                    <a data-rel=\"rgg\" rel=\"rgg\" title=\"\" class=\"rgg-disabled size-large rgg-img\" data-src=\"https:\/\/www.gobrrr.me\/ozypsoob\/2026\/02\/SolarBit-1024x747.jpg\" data-ratio=\"1.3706293706294\" data-height=\"715\" data-width=\"980\" aria-label=\"Solarbit Hero Shot 9\">\n                            <\/a>\n            <\/div>\n<\/div>\r\n<h4 class=\"css-146c3p1 r-bcqeeo r-1ttztb7 r-qvutc0 r-37j5jr r-a023e6 r-rjixqe r-16dba41 wp-block-heading\" dir=\"ltr\"><span style=\"font-size: 1.41575em;\">Hauptmerkmale<\/span><\/h4>\r\n<\/div>\r\n<\/div>\r\n<ul class=\"wp-block-list\">\r\n<li>Autonomes Solar-Tracking: Das intelligente System von Solarbit passt den Winkel seiner Sonnenkollektoren an, um der Sonne zu folgen, maximales Sonnenlicht einzufangen und die Energieeffizienz zu steigern.<\/li>\r\n\r\n\r\n\r\n<li>Doppelte 30W Sonnenkollektoren: Mit zwei hocheffizienten 30-W-Panels erzeugt Solarbit ausreichend Strom, damit deine Bitaxe-Miner auch an abgelegenen Standorten reibungslos funktionieren.<\/li>\r\n\r\n\r\n\r\n<li>Batteriebetrieb: Bitaxe-Bergleute werden nahtlos mit gespeicherter Sonnenenergie versorgt und sorgen f\u00fcr einen ununterbrochenen Bergbau an bew\u00f6lkten Tagen (Batterie nicht im Lieferumfang enthalten).<\/li>\r\n\r\n\r\n\r\n<li>Vollautomatisiertes Mining: Solarbit \u00fcbernimmt das Energiemanagement automatisch, schaltet Miner aus, wenn die Energie niedrig ist, und startet neu, wenn die Sonne zur\u00fcckkehrt - es ist kein manueller Eingriff erforderlich.<\/li>\r\n\r\n\r\n\r\n<li>Kompakt und tragbar: Solarbit misst 560x300x375 mm und ist f\u00fcr eine einfache Einrichtung konzipiert, mit Zubeh\u00f6r wie Balkonhalterungen f\u00fcr den st\u00e4dtischen oder netzfernen Einsatz.<\/li>\r\n\r\n\r\n\r\n<li>Wetterbest\u00e4ndiges Design: Solarbit wurde entwickelt, um den Elementen standzuhalten und verf\u00fcgt \u00fcber UV- und Wasserbest\u00e4ndigkeit sowie Temperatur- und Regensensoren f\u00fcr Haltbarkeit unter Au\u00dfenbedingungen.<\/li>\r\n\r\n\r\n\r\n<li>Nachhaltig und kosteneffizient: Durch die Nutzung von Solarenergie eliminiert Solarbit die Stromkosten und reduziert die Umweltauswirkungen des Bitcoin-Minings, indem es sich an Initiativen f\u00fcr saubere Energie anpasst.<\/li>\r\n<\/ul><h4>Folgen Sie dem Weg zum Open-Sourcing Solarbit!<\/h4><p><iframe title=\"SolarBit - Bitcoin-Mining @ 0$ \/ Kwh \/ Th\" width=\"980\" height=\"551\" src=\"https:\/\/www.youtube.com\/embed\/sUs6BP35gTc?feature=oembed\" frameborder=\"0\" allow=\"accelerometer; autoplay; clipboard-write; encrypted-media; gyroscope; picture-in-picture; web-share\" referrerpolicy=\"strict-origin-when-cross-origin\" allowfullscreen><\/iframe><\/p><h4>Verf\u00fcgbare Solarbit-Kits:<\/h4><ul>\r\n<li><a href=\"https:\/\/www.gobrrr.me\/product\/solarbit-diy-kit\/\" target=\"_blank\" rel=\"noopener\">Solarbit DIY Bausatz<\/a><\/li>\r\n<li><a href=\"https:\/\/www.gobrrr.me\/product\/solarbit-printedparts\/\" target=\"_blank\" rel=\"noopener\">Solarbit gedruckte Teile Kit<\/a><\/li>\r\n<li><a href=\"https:\/\/www.gobrrr.me\/?post_type=product&amp;p=10973&amp;preview=true\" target=\"_blank\" rel=\"noopener\">Solarbit-Leiterplatten-Kit<\/a><\/li>\r\n<\/ul><\/div>","protected":false},"excerpt":{"rendered":"<p><span class=\"css-1jxf684 r-bcqeeo r-1ttztb7 r-qvutc0 r-poiln3\"><strong>Solarbit \u2013 The Dawn of Perpetual Solar Powered Bitcoin Operations<\/strong><br><\/span><p>Bauen Sie Ihren eigenen, meist 3D-gedruckten SolarTracker mit unserem DIY Kit. Erwarten Sie ein paar Stunden bis mehrere Tage freudigen Bauens, abh\u00e4ngig von Ihrem K\u00f6nnen. Das Kit enth\u00e4lt fast alles, was Sie ben\u00f6tigen, um Ihr eigenes SolarBit von Scratch zu bauen. Erforderliche, aber nicht enthaltene Teile sind unten aufgef\u00fchrt und verlinkt, erfragen Sie diese selbst vor Ort.&nbsp;<\/p><p>Alle Build-Tutorial-Videos finden <a href=\"https:\/\/www.youtube.com\/watch?v=mdGpmd3NaSw&amp;list=PLHwGyXItgOkS4VrQXQM7NuYsWrxpfUgKA\">hier<\/a>.<\/p><p>Verf\u00fcgbare Solarbit-Kits:<\/p><ul>\n<li><a href=\"https:\/\/www.gobrrr.me\/product\/solarbit-diy-kit\/\" target=\"_blank\" rel=\"noopener\">Solarbit DIY Bausatz<\/a><\/li>\n<li><a href=\"https:\/\/www.gobrrr.me\/product\/solarbit-printedparts\/\" target=\"_blank\" rel=\"noopener\">Solarbit gedruckte Teile Kit<\/a><\/li>\n<li><a href=\"https:\/\/www.gobrrr.me\/?post_type=product&amp;p=10973&amp;preview=true\" target=\"_blank\" rel=\"noopener\">Solarbit-Leiterplatten-Kit<\/a><\/li>\n<\/ul><p>Das Kit beinhaltet:<\/p><ul>\n<li>Satz von 3D-gedruckten Teilen, die f\u00fcr den Bau einer Einheit erforderlich sind<\/li>\n<li>Schrauben, Muttern, Schrauben in verschiedenen Gr\u00f6\u00dfen<\/li>\n<li>LDR (Lichtsensor) Leiterplatte &amp; Amp; Kabel<\/li>\n<li>SolarBit-Leiterplatte (v1.3)<\/li>\n<li>2x Schrittmotoren<\/li>\n<li>Temperaturf\u00fchler<\/li>\n<li>Ventilator<\/li>\n<li>Verschiedene Dr\u00e4hte<\/li>\n<\/ul><p>Nicht enthalten:<\/p><ul>\n<li>Batterie 12V 8Ah LiFePO4: <a href=\"https:\/\/amzn.to\/3WCg4Lf\">AmazonDE<\/a> | <a href=\"https:\/\/s.click.aliexpress.com\/e\/_c3iDJMlz\">AliExpress<\/a><\/li>\n<li>Sonnenkollektoren: <a href=\"https:\/\/amzn.to\/47HRBdT\">AmazonDE<\/a> | <a href=\"https:\/\/s.click.aliexpress.com\/e\/_c3jM14KB\">AliExpress<\/a><\/li>\n<li>Aluminiumverdr\u00e4ngung 2020: <a href=\"https:\/\/amzn.to\/47Xngrv\">AmazonDE<\/a> | <a href=\"https:\/\/s.click.aliexpress.com\/e\/_c4UOSVSx\">AliExpress<\/a><\/li>\n<\/ul><div>\n<div class=\"css-175oi2r r-3pj75a\">&nbsp;<\/div>\n<\/div><\/p>","protected":false},"featured_media":11166,"comment_status":"closed","ping_status":"closed","template":"","meta":[],"product_brand":[271],"product_cat":[287],"product_tag":[],"class_list":{"0":"post-9477","1":"product","2":"type-product","3":"status-publish","4":"has-post-thumbnail","6":"product_brand-gobrrr","7":"product_cat-solarbit","8":"product_shipping_class-xl","10":"first","11":"instock","12":"purchasable","13":"product-type-simple"},"yoast_head":"\n<title>Solarbit DIY Kit - Go Brrr<\/title>\n<meta name=\"description\" content=\"Solarbit - The Dawn of Perpetual Solar Powered Bitcoin Operations! Build your own mostly 3D-printed SolarTracker with our DIY Kit. Expect a few hours to multiple days of joyful building, depending on your skill level. The Kit contains almost everything you need to build your own SolarBit from Scratch. Required but not included parts are listed and linked below, aquire these yourself locally.\u00a0\" \/>\n<meta name=\"robots\" content=\"index, follow, max-snippet:-1, max-image-preview:large, max-video-preview:-1\" \/>\n<link rel=\"canonical\" href=\"https:\/\/www.gobrrr.me\/de\/product\/solarbit-diy-kit\/\" \/>\n<meta property=\"og:locale\" content=\"de_DE\" \/>\n<meta property=\"og:type\" content=\"article\" \/>\n<meta property=\"og:title\" content=\"Solarbit DIY Kit\" \/>\n<meta property=\"og:description\" content=\"Solarbit - The Dawn of Perpetual Solar Powered Bitcoin Operations! Build your own mostly 3D-printed SolarTracker with our DIY Kit. Expect a few hours to multiple days of joyful building, depending on your skill level. The Kit contains almost everything you need to build your own SolarBit from Scratch. Required but not included parts are listed and linked below, aquire these yourself locally.\u00a0\" \/>\n<meta property=\"og:url\" content=\"https:\/\/www.gobrrr.me\/de\/product\/solarbit-diy-kit\/\" \/>\n<meta property=\"og:site_name\" content=\"Go Brrr\" \/>\n<meta property=\"article:modified_time\" content=\"2026-02-05T14:22:17+00:00\" \/>\n<meta property=\"og:image\" content=\"https:\/\/www.gobrrr.me\/ozypsoob\/2026\/02\/SolarBit_hero2.jpg\" \/>\n\t<meta property=\"og:image:width\" content=\"1184\" \/>\n\t<meta property=\"og:image:height\" content=\"864\" \/>\n\t<meta property=\"og:image:type\" content=\"image\/jpeg\" \/>\n<meta name=\"twitter:card\" content=\"summary_large_image\" \/>\n<meta name=\"twitter:title\" content=\"Solarbit DIY Kit\" \/>\n<meta name=\"twitter:description\" content=\"Solarbit - The Dawn of Perpetual Solar Powered Bitcoin Operations! Build your own mostly 3D-printed SolarTracker with our DIY Kit. Expect a few hours to multiple days of joyful building, depending on your skill level. The Kit contains almost everything you need to build your own SolarBit from Scratch. Required but not included parts are listed and linked below, aquire these yourself locally.\u00a0\" \/>\n<meta name=\"twitter:image\" content=\"https:\/\/www.gobrrr.me\/ozypsoob\/2026\/02\/SolarBit_hero2.jpg\" \/>\n<meta name=\"twitter:site\" content=\"@GoBrrr_me\" \/>\n<meta name=\"twitter:label1\" content=\"Gesch\u00e4tzte Lesezeit\" \/>\n\t<meta name=\"twitter:data1\" content=\"2 Minuten\" \/>\n<script type=\"application\/ld+json\" class=\"yoast-schema-graph\">{\"@context\":\"https:\\\/\\\/schema.org\",\"@graph\":[{\"@type\":\"WebPage\",\"@id\":\"https:\\\/\\\/www.gobrrr.me\\\/product\\\/solarbit-diy-kit\\\/\",\"url\":\"https:\\\/\\\/www.gobrrr.me\\\/product\\\/solarbit-diy-kit\\\/\",\"name\":\"Solarbit DIY Kit - Go Brrr\",\"isPartOf\":{\"@id\":\"https:\\\/\\\/www.gobrrr.me\\\/#website\"},\"primaryImageOfPage\":{\"@id\":\"https:\\\/\\\/www.gobrrr.me\\\/product\\\/solarbit-diy-kit\\\/#primaryimage\"},\"image\":{\"@id\":\"https:\\\/\\\/www.gobrrr.me\\\/product\\\/solarbit-diy-kit\\\/#primaryimage\"},\"thumbnailUrl\":\"https:\\\/\\\/www.gobrrr.me\\\/wp-content\\\/uploads\\\/2026\\\/02\\\/SolarBit_hero2.jpg\",\"datePublished\":\"2025-04-22T13:17:00+00:00\",\"dateModified\":\"2026-02-05T14:22:17+00:00\",\"description\":\"Solarbit - The Dawn of Perpetual Solar Powered Bitcoin Operations! Build your own mostly 3D-printed SolarTracker with our DIY Kit. Expect a few hours to multiple days of joyful building, depending on your skill level. The Kit contains almost everything you need to build your own SolarBit from Scratch. Required but not included parts are listed and linked below, aquire these yourself locally.\u00a0\",\"breadcrumb\":{\"@id\":\"https:\\\/\\\/www.gobrrr.me\\\/product\\\/solarbit-diy-kit\\\/#breadcrumb\"},\"inLanguage\":\"de-AT\",\"potentialAction\":[{\"@type\":\"ReadAction\",\"target\":[\"https:\\\/\\\/www.gobrrr.me\\\/product\\\/solarbit-diy-kit\\\/\"]}]},{\"@type\":\"ImageObject\",\"inLanguage\":\"de-AT\",\"@id\":\"https:\\\/\\\/www.gobrrr.me\\\/product\\\/solarbit-diy-kit\\\/#primaryimage\",\"url\":\"https:\\\/\\\/www.gobrrr.me\\\/wp-content\\\/uploads\\\/2026\\\/02\\\/SolarBit_hero2.jpg\",\"contentUrl\":\"https:\\\/\\\/www.gobrrr.me\\\/wp-content\\\/uploads\\\/2026\\\/02\\\/SolarBit_hero2.jpg\",\"width\":1184,\"height\":864,\"caption\":\"Solarbit Hero Shot 4\"},{\"@type\":\"BreadcrumbList\",\"@id\":\"https:\\\/\\\/www.gobrrr.me\\\/product\\\/solarbit-diy-kit\\\/#breadcrumb\",\"itemListElement\":[{\"@type\":\"ListItem\",\"position\":1,\"name\":\"Home\",\"item\":\"https:\\\/\\\/www.gobrrr.me\\\/\"},{\"@type\":\"ListItem\",\"position\":2,\"name\":\"Shop\",\"item\":\"https:\\\/\\\/www.gobrrr.me\\\/shop\\\/\"},{\"@type\":\"ListItem\",\"position\":3,\"name\":\"Solarbit DIY Kit\"}]},{\"@type\":\"WebSite\",\"@id\":\"https:\\\/\\\/www.gobrrr.me\\\/#website\",\"url\":\"https:\\\/\\\/www.gobrrr.me\\\/\",\"name\":\"Go Brrr\",\"description\":\"3D prints for sovereign individuals\",\"publisher\":{\"@id\":\"https:\\\/\\\/www.gobrrr.me\\\/#organization\"},\"potentialAction\":[{\"@type\":\"SearchAction\",\"target\":{\"@type\":\"EntryPoint\",\"urlTemplate\":\"https:\\\/\\\/www.gobrrr.me\\\/?s={search_term_string}\"},\"query-input\":{\"@type\":\"PropertyValueSpecification\",\"valueRequired\":true,\"valueName\":\"search_term_string\"}}],\"inLanguage\":\"de-AT\"},{\"@type\":\"Organization\",\"@id\":\"https:\\\/\\\/www.gobrrr.me\\\/#organization\",\"name\":\"Go Brrr 3D\",\"url\":\"https:\\\/\\\/www.gobrrr.me\\\/\",\"logo\":{\"@type\":\"ImageObject\",\"inLanguage\":\"de-AT\",\"@id\":\"https:\\\/\\\/www.gobrrr.me\\\/#\\\/schema\\\/logo\\\/image\\\/\",\"url\":\"https:\\\/\\\/i0.wp.com\\\/www.gobrrr.me\\\/wp-content\\\/uploads\\\/2022\\\/02\\\/BrrrIco.png?fit=100%2C100&ssl=1\",\"contentUrl\":\"https:\\\/\\\/i0.wp.com\\\/www.gobrrr.me\\\/wp-content\\\/uploads\\\/2022\\\/02\\\/BrrrIco.png?fit=100%2C100&ssl=1\",\"width\":100,\"height\":100,\"caption\":\"Go Brrr 3D\"},\"image\":{\"@id\":\"https:\\\/\\\/www.gobrrr.me\\\/#\\\/schema\\\/logo\\\/image\\\/\"},\"sameAs\":[\"https:\\\/\\\/x.com\\\/GoBrrr_me\"]}]}<\/script>\n","yoast_head_json":{"title":"Solarbit DIY Kit - Go Brrr","description":"Solarbit - The Dawn of Perpetual Solar Powered Bitcoin Operations! Build your own mostly 3D-printed SolarTracker with our DIY Kit. Expect a few hours to multiple days of joyful building, depending on your skill level. The Kit contains almost everything you need to build your own SolarBit from Scratch. Required but not included parts are listed and linked below, aquire these yourself locally.\u00a0","robots":{"index":"index","follow":"follow","max-snippet":"max-snippet:-1","max-image-preview":"max-image-preview:large","max-video-preview":"max-video-preview:-1"},"canonical":"https:\/\/www.gobrrr.me\/de\/product\/solarbit-diy-kit\/","og_locale":"de_DE","og_type":"article","og_title":"Solarbit DIY Kit","og_description":"Solarbit - The Dawn of Perpetual Solar Powered Bitcoin Operations! Build your own mostly 3D-printed SolarTracker with our DIY Kit. Expect a few hours to multiple days of joyful building, depending on your skill level. The Kit contains almost everything you need to build your own SolarBit from Scratch. Required but not included parts are listed and linked below, aquire these yourself locally.\u00a0","og_url":"https:\/\/www.gobrrr.me\/de\/product\/solarbit-diy-kit\/","og_site_name":"Go Brrr","article_modified_time":"2026-02-05T14:22:17+00:00","og_image":[{"width":1184,"height":864,"url":"https:\/\/www.gobrrr.me\/ozypsoob\/2026\/02\/SolarBit_hero2.jpg","type":"image\/jpeg"}],"twitter_card":"summary_large_image","twitter_title":"Solarbit DIY Kit","twitter_description":"Solarbit - The Dawn of Perpetual Solar Powered Bitcoin Operations! Build your own mostly 3D-printed SolarTracker with our DIY Kit. Expect a few hours to multiple days of joyful building, depending on your skill level. The Kit contains almost everything you need to build your own SolarBit from Scratch. Required but not included parts are listed and linked below, aquire these yourself locally.\u00a0","twitter_image":"https:\/\/www.gobrrr.me\/ozypsoob\/2026\/02\/SolarBit_hero2.jpg","twitter_site":"@GoBrrr_me","twitter_misc":{"Gesch\u00e4tzte Lesezeit":"2 Minuten"},"schema":{"@context":"https:\/\/schema.org","@graph":[{"@type":"WebPage","@id":"https:\/\/www.gobrrr.me\/product\/solarbit-diy-kit\/","url":"https:\/\/www.gobrrr.me\/product\/solarbit-diy-kit\/","name":"Solarbit DIY Kit - Go Brrr","isPartOf":{"@id":"https:\/\/www.gobrrr.me\/#website"},"primaryImageOfPage":{"@id":"https:\/\/www.gobrrr.me\/product\/solarbit-diy-kit\/#primaryimage"},"image":{"@id":"https:\/\/www.gobrrr.me\/product\/solarbit-diy-kit\/#primaryimage"},"thumbnailUrl":"https:\/\/www.gobrrr.me\/ozypsoob\/2026\/02\/SolarBit_hero2.jpg","datePublished":"2025-04-22T13:17:00+00:00","dateModified":"2026-02-05T14:22:17+00:00","description":"Solarbit - The Dawn of Perpetual Solar Powered Bitcoin Operations! Build your own mostly 3D-printed SolarTracker with our DIY Kit. Expect a few hours to multiple days of joyful building, depending on your skill level. The Kit contains almost everything you need to build your own SolarBit from Scratch. Required but not included parts are listed and linked below, aquire these yourself locally.\u00a0","breadcrumb":{"@id":"https:\/\/www.gobrrr.me\/product\/solarbit-diy-kit\/#breadcrumb"},"inLanguage":"de-AT","potentialAction":[{"@type":"ReadAction","target":["https:\/\/www.gobrrr.me\/product\/solarbit-diy-kit\/"]}]},{"@type":"ImageObject","inLanguage":"de-AT","@id":"https:\/\/www.gobrrr.me\/product\/solarbit-diy-kit\/#primaryimage","url":"https:\/\/www.gobrrr.me\/ozypsoob\/2026\/02\/SolarBit_hero2.jpg","contentUrl":"https:\/\/www.gobrrr.me\/ozypsoob\/2026\/02\/SolarBit_hero2.jpg","width":1184,"height":864,"caption":"Solarbit Hero Shot 4"},{"@type":"BreadcrumbList","@id":"https:\/\/www.gobrrr.me\/product\/solarbit-diy-kit\/#breadcrumb","itemListElement":[{"@type":"ListItem","position":1,"name":"Home","item":"https:\/\/www.gobrrr.me\/"},{"@type":"ListItem","position":2,"name":"Shop","item":"https:\/\/www.gobrrr.me\/shop\/"},{"@type":"ListItem","position":3,"name":"Solarbit DIY Kit"}]},{"@type":"WebSite","@id":"https:\/\/www.gobrrr.me\/#website","url":"https:\/\/www.gobrrr.me\/","name":"Go Brrr","description":"3D prints for sovereign individuals","publisher":{"@id":"https:\/\/www.gobrrr.me\/#organization"},"potentialAction":[{"@type":"SearchAction","target":{"@type":"EntryPoint","urlTemplate":"https:\/\/www.gobrrr.me\/?s={search_term_string}"},"query-input":{"@type":"PropertyValueSpecification","valueRequired":true,"valueName":"search_term_string"}}],"inLanguage":"de-AT"},{"@type":"Organization","@id":"https:\/\/www.gobrrr.me\/#organization","name":"Go Brrr 3D","url":"https:\/\/www.gobrrr.me\/","logo":{"@type":"ImageObject","inLanguage":"de-AT","@id":"https:\/\/www.gobrrr.me\/#\/schema\/logo\/image\/","url":"https:\/\/i0.wp.com\/www.gobrrr.me\/ozypsoob\/2022\/02\/BrrrIco.png?fit=100%2C100&ssl=1","contentUrl":"https:\/\/i0.wp.com\/www.gobrrr.me\/ozypsoob\/2022\/02\/BrrrIco.png?fit=100%2C100&ssl=1","width":100,"height":100,"caption":"Go Brrr 3D"},"image":{"@id":"https:\/\/www.gobrrr.me\/#\/schema\/logo\/image\/"},"sameAs":["https:\/\/x.com\/GoBrrr_me"]}]}},"_links":{"self":[{"href":"https:\/\/www.gobrrr.me\/de\/wp-json\/wp\/v2\/product\/9477","targetHints":{"allow":["GET"]}}],"collection":[{"href":"https:\/\/www.gobrrr.me\/de\/wp-json\/wp\/v2\/product"}],"about":[{"href":"https:\/\/www.gobrrr.me\/de\/wp-json\/wp\/v2\/types\/product"}],"replies":[{"embeddable":true,"href":"https:\/\/www.gobrrr.me\/de\/wp-json\/wp\/v2\/comments?post=9477"}],"version-history":[{"count":0,"href":"https:\/\/www.gobrrr.me\/de\/wp-json\/wp\/v2\/product\/9477\/revisions"}],"wp:featuredmedia":[{"embeddable":true,"href":"https:\/\/www.gobrrr.me\/de\/wp-json\/wp\/v2\/media\/11166"}],"wp:attachment":[{"href":"https:\/\/www.gobrrr.me\/de\/wp-json\/wp\/v2\/media?parent=9477"}],"wp:term":[{"taxonomy":"product_brand","embeddable":true,"href":"https:\/\/www.gobrrr.me\/de\/wp-json\/wp\/v2\/product_brand?post=9477"},{"taxonomy":"product_cat","embeddable":true,"href":"https:\/\/www.gobrrr.me\/de\/wp-json\/wp\/v2\/product_cat?post=9477"},{"taxonomy":"product_tag","embeddable":true,"href":"https:\/\/www.gobrrr.me\/de\/wp-json\/wp\/v2\/product_tag?post=9477"}],"curies":[{"name":"wp","href":"https:\/\/api.w.org\/{rel}","templated":true}]}}