{"id":9039,"date":"2025-02-18T08:51:00","date_gmt":"2025-02-18T07:51:00","guid":{"rendered":"https:\/\/www.gobrrr.me\/?post_type=product&#038;p=9039"},"modified":"2025-11-10T12:31:48","modified_gmt":"2025-11-10T11:31:48","slug":"nerdnos","status":"publish","type":"product","link":"https:\/\/www.gobrrr.me\/de\/product\/nerdnos\/","title":{"rendered":"<p>NerdNos<\/p>"},"content":{"rendered":"<p><strong>Sehen Sie sich das Montagevideo an, bevor Sie es kaufen oder zusammenbauen m\u00f6chten!<br>\n<\/strong><p><iframe title=\"NerdNos Montageanleitung\" width=\"980\" height=\"551\" src=\"https:\/\/www.youtube.com\/embed\/UlnDGNpXxjI?feature=oembed\" frameborder=\"0\" allow=\"accelerometer; autoplay; clipboard-write; encrypted-media; gyroscope; picture-in-picture; web-share\" referrerpolicy=\"strict-origin-when-cross-origin\" allowfullscreen><\/iframe><\/p><p>&nbsp;<\/p><p>Haftungsausschluss: NerdMiner ist ein Spielzeug, eine Uhr, eine Statistikanzeige und ein p\u00e4dagogisches Ger\u00e4t, das sich hervorragend f\u00fcr Lern- und Anzeigezwecke eignet. Aber das war's. Die Chancen, einen Block mit diesem Ger\u00e4t abzubauen, sind absolut gering, und Sie sollten keinen NerdMiner betreiben, in der Hoffnung, damit Gewinn zu machen, weil Sie es nicht tun! Um dies ins rechte Licht zu r\u00fccken, <span class=\"css-901oao css-16my406 r-poiln3 r-bcqeeo r-qvutc0\">der weltweit erste ASIC-Mining-Chip (BE100 @ 130nm) hashes bei 330.000 kh\/s. Der NerdMiner hashes bei 55 kh\/s, es ist keineswegs ein ASIC, und aufgrund der Anordnung der Pools ist sogar das Erhalten von Anteilen nicht garantiert, geschweige denn der richtige. Wenn Sie <strong>wirklich<\/strong> Wenn Sie Bitcoin solo abbauen m\u00f6chten, beginnen Sie mit einem billigen S9 oder einem Bitaxe, da diese zumindest eine echte Chance auf Solo-Mining haben.<\/span><\/p><p>Der obige Haftungsausschluss wurde f\u00fcr den urspr\u00fcnglichen Nerdminer geschrieben, aber jetzt haben sich die Dinge ge\u00e4ndert. Mit dem NerdNos-Upgrade verf\u00fcgt Ihr NerdMiner nun \u00fcber einen echten ASIC-Chip, wenn auch nur einen, der 100GH\/S nicht \u00fcberschreitet, aber zumindest als ASIC-Miner z\u00e4hlt. Die Chancen, einen Block damit abzubauen, sind bestenfalls noch winzig und schlimmstenfalls absolut unm\u00f6glich. <strong>Dies ist ein Spielzeug f\u00fcr Nerds, das ein lustiges und lehrreiches Werkzeug und ein Bitcoin-Statistik-Ticker sein sollte, behandeln Sie es als solches.<\/strong><\/p><p><strong>\u201eLottery Mining\u201c erl\u00e4utert: <\/strong>Ein Lotterie-Miner konkurriert mit anderen Bitcoin-Netzwerkteilnehmern, um einen bestimmten numerischen Wert zu finden, der als Hash bezeichnet wird und bestimmte Kriterien erf\u00fcllt, die vom Bitcoin-Protokoll festgelegt wurden. Dieser Hash ist notwendig, um Bitcoin-Transaktionen zu \u00fcberpr\u00fcfen und zu verarbeiten. Um am Mining-Prozess teilzunehmen, muss ein Miner in der Regel in spezialisierte und teure Computerhardware wie ASIC investieren. <span class=\"issue-underline underline text-gray-darkest font-body decoration-2 underline-offset-4 transition decoration-primary-light hover:bg-primary-lightest\" data-issueid=\"db6a903c-c952-4c3f-b1a4-a780df78645b\" data-testid=\"issue-underline:Miners. These Miners\">Bergleute, die<\/span> Sie sind darauf ausgelegt, den ben\u00f6tigten Hash so schnell und effizient wie m\u00f6glich zu erraten.<\/p><p data-private=\"redact\" data-wt-guid=\"1a492a8f-d93e-4ac7-bcf0-cf8d7769fd52\">Da jedoch viele Bergleute konkurrieren, um den gleichen Hash zu finden, wird es wie eine Lotterie. Die Chancen, die Belohnung zu gewinnen, stehen proportional zur Rechenleistung oder Hash-Rate des Bergmanns. Je h\u00f6her die Hash-Rate ist, desto wahrscheinlicher ist es, dass ein Miner den Block findet und <span class=\"issue-underline underline text-gray-darkest font-body decoration-2 underline-offset-4 transition decoration-primary-light hover:bg-primary-lightest\" data-issueid=\"bd8686ed-7ef1-4711-a801-6751204f05fe\" data-testid=\"issue-underline:receive\">gewinnen<\/span> Die Belohnung. Vor allem mit der geringen Menge an Hashrate, die dieser NerdMiner bietet, ist es wie der Kauf eines Lottoscheins. Je mehr Tickets Sie kaufen, desto h\u00f6her sind Ihre Gewinnchancen.<\/p><\/p>","protected":false},"excerpt":{"rendered":"<div class=\"sl-markdown-content\">\n<p>Das NerdNos ist ein Anbauboard f\u00fcr den legend\u00e4ren Nerdminer und wird seine Hashrate auf ~ 80-110 GH\/s erh\u00f6hen.Das NerdNOS wird vom BM1397 (dem gleichen ASIC, der im Bitaxe Max verwendet wird) angetrieben, aber um performant zu bleiben und nicht zu viel Strom zu verbrauchen, ist das ASIC stark untertaktet, so dass das NerdNOS nur etwa 8W verbraucht, die durch das USB-C-Kabel bereitgestellt werden, das Ihren NerdMiner antreibt. F\u00fcr die Verwendung des Upgrade-Kits ist ein NerdMiner (alias LilyGo S3 Display) mit vorgel\u00f6teten GPIO-Pins erforderlich. Das Full Kit wird mit dem Display geliefert. Wir <strong>sehr zu empfehlen<\/strong> Schauen Sie sich das Montagevideo an, bevor Sie unser Kit kaufen oder zusammenbauen.<\/p>\n<p><strong>Im Upgrade-Kit enthalten:<\/strong><\/p>\n<ul>\n<li>NerdNos Befestigungsbrett<\/li>\n<li>40mm 5V L\u00fcfter<\/li>\n<li>3D-gedrucktes Geh\u00e4use<\/li>\n<\/ul>\n<p><strong>Im kompletten Kit enthalten:<\/strong><\/p>\n<ul>\n<li>Alle oben genannten<\/li>\n<li>1 LilyGo S3 Display mit vorgel\u00f6teten GPIO Pins<\/li>\n<\/ul>\n<p>Drei Bildschirmlayouts zur Verf\u00fcgung, die Sie mit einem Tastendruck radeln k\u00f6nnen<\/p>\n<ul>\n<li>NerdNos Screen &gt; Bergbaudaten von Nerdminer<\/li>\n<li>ClockMiner Bildschirm &gt; Mode-Stil Uhr Bergmann<\/li>\n<li>GlobalStats Screen &gt; Globale Minenstatistiken und relevante Daten<\/li>\n<\/ul>\n<p>Das NerdNOS-Upgrade-Board wurde von Mitgliedern der OSMU-Community entwickelt. <a class=\"css-175oi2r r-1wbh5a2 r-dnmrzs r-1ny4l3l r-1loqt21\" tabindex=\"-1\" role=\"link\" href=\"https:\/\/x.com\/wantclue\"><span class=\"css-1jxf684 r-bcqeeo r-1ttztb7 r-qvutc0 r-poiln3\">@Wantclue<\/span><\/a>, <a class=\"css-175oi2r r-1wbh5a2 r-dnmrzs r-1ny4l3l r-1loqt21\" tabindex=\"-1\" role=\"link\" href=\"https:\/\/x.com\/Pmaxsd\"><span class=\"css-1jxf684 r-bcqeeo r-1ttztb7 r-qvutc0 r-poiln3\">@Pmaxsd<\/span><\/a>, und <a class=\"css-175oi2r r-1wbh5a2 r-dnmrzs r-1ny4l3l r-1loqt21\" tabindex=\"-1\" role=\"link\" href=\"https:\/\/x.com\/Public_Pool_BTC\"><span class=\"css-1jxf684 r-bcqeeo r-1ttztb7 r-qvutc0 r-poiln3\">@\u00d6ffentlich_Pool_BTC<\/span><\/a><\/p><\/div>","protected":false},"featured_media":9070,"comment_status":"closed","ping_status":"closed","template":"","meta":[],"product_brand":[],"product_cat":[210,270],"product_tag":[],"class_list":{"0":"post-9039","1":"product","2":"type-product","3":"status-publish","4":"has-post-thumbnail","6":"product_cat-mining","7":"product_cat-nerdminer","8":"product_shipping_class-s","10":"first","11":"instock","12":"taxable","13":"shipping-taxable","14":"purchasable","15":"product-type-variable","16":"has-default-attributes"},"yoast_head":"\n<title>NerdNos - Go Brrr<\/title>\n<meta name=\"description\" content=\"The NerdNos is an attachment board for the legendary Nerdminer and will boost its hashrate up to ~ 80-110 GH\/s. The NerdNOS is powered by the BM1397 (the same ASIC used in the Bitaxe Max), but to stay performant and don\u2019t cosume too much power, the ASIC is heavily underclocked, so the NerdNOS does only consume about 8W, which are provided by the USB-C cable which powers your NerdMiner. A NerdMiner (aka LilyGo S3 Display) with presoldered GPIO pins is required to use the upgrade kit. The Full Kit comes with the display included. We highly recommend watching the assembly video before buying or trying to assemble our kit.\" \/>\n<meta name=\"robots\" content=\"index, follow, max-snippet:-1, max-image-preview:large, max-video-preview:-1\" \/>\n<link rel=\"canonical\" href=\"https:\/\/www.gobrrr.me\/de\/product\/nerdnos\/\" \/>\n<meta property=\"og:locale\" content=\"de_DE\" \/>\n<meta property=\"og:type\" content=\"article\" \/>\n<meta property=\"og:title\" content=\"NerdNos\" \/>\n<meta property=\"og:description\" content=\"The NerdNos is an attachment board for the legendary Nerdminer and will boost its hashrate up to ~ 80-110 GH\/s. The NerdNOS is powered by the BM1397 (the same ASIC used in the Bitaxe Max), but to stay performant and don\u2019t cosume too much power, the ASIC is heavily underclocked, so the NerdNOS does only consume about 8W, which are provided by the USB-C cable which powers your NerdMiner. A NerdMiner (aka LilyGo S3 Display) with presoldered GPIO pins is required to use the upgrade kit. The Full Kit comes with the display included. We highly recommend watching the assembly video before buying or trying to assemble our kit.\" \/>\n<meta property=\"og:url\" content=\"https:\/\/www.gobrrr.me\/de\/product\/nerdnos\/\" \/>\n<meta property=\"og:site_name\" content=\"Go Brrr\" \/>\n<meta property=\"article:modified_time\" content=\"2025-11-10T11:31:48+00:00\" \/>\n<meta property=\"og:image\" content=\"https:\/\/www.gobrrr.me\/ozypsoob\/2025\/02\/NerdNOS-2_gobrrr.me_.jpg\" \/>\n\t<meta property=\"og:image:width\" content=\"1020\" \/>\n\t<meta property=\"og:image:height\" content=\"768\" \/>\n\t<meta property=\"og:image:type\" content=\"image\/jpeg\" \/>\n<meta name=\"twitter:card\" content=\"summary_large_image\" \/>\n<meta name=\"twitter:title\" content=\"NerdNos\" \/>\n<meta name=\"twitter:description\" content=\"The NerdNos is an attachment board for the legendary Nerdminer and will boost its hashrate up to ~ 80-110 GH\/s. The NerdNOS is powered by the BM1397 (the same ASIC used in the Bitaxe Max), but to stay performant and don\u2019t cosume too much power, the ASIC is heavily underclocked, so the NerdNOS does only consume about 8W, which are provided by the USB-C cable which powers your NerdMiner. A NerdMiner (aka LilyGo S3 Display) with presoldered GPIO pins is required to use the upgrade kit. The Full Kit comes with the display included. We highly recommend watching the assembly video before buying or trying to assemble our kit.\" \/>\n<meta name=\"twitter:image\" content=\"https:\/\/www.gobrrr.me\/ozypsoob\/2025\/02\/NerdNOS-2_gobrrr.me_.jpg\" \/>\n<meta name=\"twitter:site\" content=\"@GoBrrr_me\" \/>\n<meta name=\"twitter:label1\" content=\"Gesch\u00e4tzte Lesezeit\" \/>\n\t<meta name=\"twitter:data1\" content=\"2 Minuten\" \/>\n<script type=\"application\/ld+json\" class=\"yoast-schema-graph\">{\"@context\":\"https:\\\/\\\/schema.org\",\"@graph\":[{\"@type\":\"WebPage\",\"@id\":\"https:\\\/\\\/www.gobrrr.me\\\/product\\\/nerdnos\\\/\",\"url\":\"https:\\\/\\\/www.gobrrr.me\\\/product\\\/nerdnos\\\/\",\"name\":\"NerdNos - Go Brrr\",\"isPartOf\":{\"@id\":\"https:\\\/\\\/www.gobrrr.me\\\/#website\"},\"primaryImageOfPage\":{\"@id\":\"https:\\\/\\\/www.gobrrr.me\\\/product\\\/nerdnos\\\/#primaryimage\"},\"image\":{\"@id\":\"https:\\\/\\\/www.gobrrr.me\\\/product\\\/nerdnos\\\/#primaryimage\"},\"thumbnailUrl\":\"https:\\\/\\\/www.gobrrr.me\\\/wp-content\\\/uploads\\\/2025\\\/02\\\/NerdNOS-2_gobrrr.me_.jpg\",\"datePublished\":\"2025-02-18T07:51:00+00:00\",\"dateModified\":\"2025-11-10T11:31:48+00:00\",\"description\":\"The NerdNos is an attachment board for the legendary Nerdminer and will boost its hashrate up to ~ 80-110 GH\\\/s. The NerdNOS is powered by the BM1397 (the same ASIC used in the Bitaxe Max), but to stay performant and don\u2019t cosume too much power, the ASIC is heavily underclocked, so the NerdNOS does only consume about 8W, which are provided by the USB-C cable which powers your NerdMiner. A NerdMiner (aka LilyGo S3 Display) with presoldered GPIO pins is required to use the upgrade kit. The Full Kit comes with the display included. We highly recommend watching the assembly video before buying or trying to assemble our kit.\",\"breadcrumb\":{\"@id\":\"https:\\\/\\\/www.gobrrr.me\\\/product\\\/nerdnos\\\/#breadcrumb\"},\"inLanguage\":\"de-AT\",\"potentialAction\":[{\"@type\":\"ReadAction\",\"target\":[\"https:\\\/\\\/www.gobrrr.me\\\/product\\\/nerdnos\\\/\"]}]},{\"@type\":\"ImageObject\",\"inLanguage\":\"de-AT\",\"@id\":\"https:\\\/\\\/www.gobrrr.me\\\/product\\\/nerdnos\\\/#primaryimage\",\"url\":\"https:\\\/\\\/www.gobrrr.me\\\/wp-content\\\/uploads\\\/2025\\\/02\\\/NerdNOS-2_gobrrr.me_.jpg\",\"contentUrl\":\"https:\\\/\\\/www.gobrrr.me\\\/wp-content\\\/uploads\\\/2025\\\/02\\\/NerdNOS-2_gobrrr.me_.jpg\",\"width\":1020,\"height\":768},{\"@type\":\"BreadcrumbList\",\"@id\":\"https:\\\/\\\/www.gobrrr.me\\\/product\\\/nerdnos\\\/#breadcrumb\",\"itemListElement\":[{\"@type\":\"ListItem\",\"position\":1,\"name\":\"Home\",\"item\":\"https:\\\/\\\/www.gobrrr.me\\\/\"},{\"@type\":\"ListItem\",\"position\":2,\"name\":\"Shop\",\"item\":\"https:\\\/\\\/www.gobrrr.me\\\/shop\\\/\"},{\"@type\":\"ListItem\",\"position\":3,\"name\":\"NerdNos\"}]},{\"@type\":\"WebSite\",\"@id\":\"https:\\\/\\\/www.gobrrr.me\\\/#website\",\"url\":\"https:\\\/\\\/www.gobrrr.me\\\/\",\"name\":\"Go Brrr\",\"description\":\"3D prints for sovereign individuals\",\"publisher\":{\"@id\":\"https:\\\/\\\/www.gobrrr.me\\\/#organization\"},\"potentialAction\":[{\"@type\":\"SearchAction\",\"target\":{\"@type\":\"EntryPoint\",\"urlTemplate\":\"https:\\\/\\\/www.gobrrr.me\\\/?s={search_term_string}\"},\"query-input\":{\"@type\":\"PropertyValueSpecification\",\"valueRequired\":true,\"valueName\":\"search_term_string\"}}],\"inLanguage\":\"de-AT\"},{\"@type\":\"Organization\",\"@id\":\"https:\\\/\\\/www.gobrrr.me\\\/#organization\",\"name\":\"Go Brrr 3D\",\"url\":\"https:\\\/\\\/www.gobrrr.me\\\/\",\"logo\":{\"@type\":\"ImageObject\",\"inLanguage\":\"de-AT\",\"@id\":\"https:\\\/\\\/www.gobrrr.me\\\/#\\\/schema\\\/logo\\\/image\\\/\",\"url\":\"https:\\\/\\\/i0.wp.com\\\/www.gobrrr.me\\\/wp-content\\\/uploads\\\/2022\\\/02\\\/BrrrIco.png?fit=100%2C100&ssl=1\",\"contentUrl\":\"https:\\\/\\\/i0.wp.com\\\/www.gobrrr.me\\\/wp-content\\\/uploads\\\/2022\\\/02\\\/BrrrIco.png?fit=100%2C100&ssl=1\",\"width\":100,\"height\":100,\"caption\":\"Go Brrr 3D\"},\"image\":{\"@id\":\"https:\\\/\\\/www.gobrrr.me\\\/#\\\/schema\\\/logo\\\/image\\\/\"},\"sameAs\":[\"https:\\\/\\\/x.com\\\/GoBrrr_me\"]}]}<\/script>\n","yoast_head_json":{"title":"NerdNos - Go Brrr","description":"The NerdNos is an attachment board for the legendary Nerdminer and will boost its hashrate up to ~ 80-110 GH\/s. The NerdNOS is powered by the BM1397 (the same ASIC used in the Bitaxe Max), but to stay performant and don\u2019t cosume too much power, the ASIC is heavily underclocked, so the NerdNOS does only consume about 8W, which are provided by the USB-C cable which powers your NerdMiner. A NerdMiner (aka LilyGo S3 Display) with presoldered GPIO pins is required to use the upgrade kit. The Full Kit comes with the display included. We highly recommend watching the assembly video before buying or trying to assemble our kit.","robots":{"index":"index","follow":"follow","max-snippet":"max-snippet:-1","max-image-preview":"max-image-preview:large","max-video-preview":"max-video-preview:-1"},"canonical":"https:\/\/www.gobrrr.me\/de\/product\/nerdnos\/","og_locale":"de_DE","og_type":"article","og_title":"NerdNos","og_description":"The NerdNos is an attachment board for the legendary Nerdminer and will boost its hashrate up to ~ 80-110 GH\/s. The NerdNOS is powered by the BM1397 (the same ASIC used in the Bitaxe Max), but to stay performant and don\u2019t cosume too much power, the ASIC is heavily underclocked, so the NerdNOS does only consume about 8W, which are provided by the USB-C cable which powers your NerdMiner. A NerdMiner (aka LilyGo S3 Display) with presoldered GPIO pins is required to use the upgrade kit. The Full Kit comes with the display included. We highly recommend watching the assembly video before buying or trying to assemble our kit.","og_url":"https:\/\/www.gobrrr.me\/de\/product\/nerdnos\/","og_site_name":"Go Brrr","article_modified_time":"2025-11-10T11:31:48+00:00","og_image":[{"width":1020,"height":768,"url":"https:\/\/www.gobrrr.me\/ozypsoob\/2025\/02\/NerdNOS-2_gobrrr.me_.jpg","type":"image\/jpeg"}],"twitter_card":"summary_large_image","twitter_title":"NerdNos","twitter_description":"The NerdNos is an attachment board for the legendary Nerdminer and will boost its hashrate up to ~ 80-110 GH\/s. The NerdNOS is powered by the BM1397 (the same ASIC used in the Bitaxe Max), but to stay performant and don\u2019t cosume too much power, the ASIC is heavily underclocked, so the NerdNOS does only consume about 8W, which are provided by the USB-C cable which powers your NerdMiner. A NerdMiner (aka LilyGo S3 Display) with presoldered GPIO pins is required to use the upgrade kit. The Full Kit comes with the display included. We highly recommend watching the assembly video before buying or trying to assemble our kit.","twitter_image":"https:\/\/www.gobrrr.me\/ozypsoob\/2025\/02\/NerdNOS-2_gobrrr.me_.jpg","twitter_site":"@GoBrrr_me","twitter_misc":{"Gesch\u00e4tzte Lesezeit":"2 Minuten"},"schema":{"@context":"https:\/\/schema.org","@graph":[{"@type":"WebPage","@id":"https:\/\/www.gobrrr.me\/product\/nerdnos\/","url":"https:\/\/www.gobrrr.me\/product\/nerdnos\/","name":"NerdNos - Go Brrr","isPartOf":{"@id":"https:\/\/www.gobrrr.me\/#website"},"primaryImageOfPage":{"@id":"https:\/\/www.gobrrr.me\/product\/nerdnos\/#primaryimage"},"image":{"@id":"https:\/\/www.gobrrr.me\/product\/nerdnos\/#primaryimage"},"thumbnailUrl":"https:\/\/www.gobrrr.me\/ozypsoob\/2025\/02\/NerdNOS-2_gobrrr.me_.jpg","datePublished":"2025-02-18T07:51:00+00:00","dateModified":"2025-11-10T11:31:48+00:00","description":"The NerdNos is an attachment board for the legendary Nerdminer and will boost its hashrate up to ~ 80-110 GH\/s. The NerdNOS is powered by the BM1397 (the same ASIC used in the Bitaxe Max), but to stay performant and don\u2019t cosume too much power, the ASIC is heavily underclocked, so the NerdNOS does only consume about 8W, which are provided by the USB-C cable which powers your NerdMiner. A NerdMiner (aka LilyGo S3 Display) with presoldered GPIO pins is required to use the upgrade kit. The Full Kit comes with the display included. We highly recommend watching the assembly video before buying or trying to assemble our kit.","breadcrumb":{"@id":"https:\/\/www.gobrrr.me\/product\/nerdnos\/#breadcrumb"},"inLanguage":"de-AT","potentialAction":[{"@type":"ReadAction","target":["https:\/\/www.gobrrr.me\/product\/nerdnos\/"]}]},{"@type":"ImageObject","inLanguage":"de-AT","@id":"https:\/\/www.gobrrr.me\/product\/nerdnos\/#primaryimage","url":"https:\/\/www.gobrrr.me\/ozypsoob\/2025\/02\/NerdNOS-2_gobrrr.me_.jpg","contentUrl":"https:\/\/www.gobrrr.me\/ozypsoob\/2025\/02\/NerdNOS-2_gobrrr.me_.jpg","width":1020,"height":768},{"@type":"BreadcrumbList","@id":"https:\/\/www.gobrrr.me\/product\/nerdnos\/#breadcrumb","itemListElement":[{"@type":"ListItem","position":1,"name":"Home","item":"https:\/\/www.gobrrr.me\/"},{"@type":"ListItem","position":2,"name":"Shop","item":"https:\/\/www.gobrrr.me\/shop\/"},{"@type":"ListItem","position":3,"name":"NerdNos"}]},{"@type":"WebSite","@id":"https:\/\/www.gobrrr.me\/#website","url":"https:\/\/www.gobrrr.me\/","name":"Go Brrr","description":"3D prints for sovereign individuals","publisher":{"@id":"https:\/\/www.gobrrr.me\/#organization"},"potentialAction":[{"@type":"SearchAction","target":{"@type":"EntryPoint","urlTemplate":"https:\/\/www.gobrrr.me\/?s={search_term_string}"},"query-input":{"@type":"PropertyValueSpecification","valueRequired":true,"valueName":"search_term_string"}}],"inLanguage":"de-AT"},{"@type":"Organization","@id":"https:\/\/www.gobrrr.me\/#organization","name":"Go Brrr 3D","url":"https:\/\/www.gobrrr.me\/","logo":{"@type":"ImageObject","inLanguage":"de-AT","@id":"https:\/\/www.gobrrr.me\/#\/schema\/logo\/image\/","url":"https:\/\/i0.wp.com\/www.gobrrr.me\/ozypsoob\/2022\/02\/BrrrIco.png?fit=100%2C100&ssl=1","contentUrl":"https:\/\/i0.wp.com\/www.gobrrr.me\/ozypsoob\/2022\/02\/BrrrIco.png?fit=100%2C100&ssl=1","width":100,"height":100,"caption":"Go Brrr 3D"},"image":{"@id":"https:\/\/www.gobrrr.me\/#\/schema\/logo\/image\/"},"sameAs":["https:\/\/x.com\/GoBrrr_me"]}]}},"_links":{"self":[{"href":"https:\/\/www.gobrrr.me\/de\/wp-json\/wp\/v2\/product\/9039","targetHints":{"allow":["GET"]}}],"collection":[{"href":"https:\/\/www.gobrrr.me\/de\/wp-json\/wp\/v2\/product"}],"about":[{"href":"https:\/\/www.gobrrr.me\/de\/wp-json\/wp\/v2\/types\/product"}],"replies":[{"embeddable":true,"href":"https:\/\/www.gobrrr.me\/de\/wp-json\/wp\/v2\/comments?post=9039"}],"version-history":[{"count":0,"href":"https:\/\/www.gobrrr.me\/de\/wp-json\/wp\/v2\/product\/9039\/revisions"}],"wp:featuredmedia":[{"embeddable":true,"href":"https:\/\/www.gobrrr.me\/de\/wp-json\/wp\/v2\/media\/9070"}],"wp:attachment":[{"href":"https:\/\/www.gobrrr.me\/de\/wp-json\/wp\/v2\/media?parent=9039"}],"wp:term":[{"taxonomy":"product_brand","embeddable":true,"href":"https:\/\/www.gobrrr.me\/de\/wp-json\/wp\/v2\/product_brand?post=9039"},{"taxonomy":"product_cat","embeddable":true,"href":"https:\/\/www.gobrrr.me\/de\/wp-json\/wp\/v2\/product_cat?post=9039"},{"taxonomy":"product_tag","embeddable":true,"href":"https:\/\/www.gobrrr.me\/de\/wp-json\/wp\/v2\/product_tag?post=9039"}],"curies":[{"name":"wp","href":"https:\/\/api.w.org\/{rel}","templated":true}]}}