{"id":7947,"date":"2024-09-05T13:01:00","date_gmt":"2024-09-05T11:01:00","guid":{"rendered":"https:\/\/www.gobrrr.me\/?post_type=product&#038;p=7947"},"modified":"2025-06-09T12:30:30","modified_gmt":"2025-06-09T10:30:30","slug":"bitaxesupra-enclosure","status":"publish","type":"product","link":"https:\/\/www.gobrrr.me\/de\/product\/bitaxesupra-enclosure\/","title":{"rendered":"<p>Bitaxe Slim Geh\u00e4use<\/p>"},"content":{"rendered":"<div class=\"product__description rte quick-add-hidden\">\n<p>Dies ist unsere Interpretation eines luftstromoptimierten, extra schlanken Bitaxe-Geh\u00e4uses, das mit an Ort und Stelle aufklappbaren F\u00fc\u00dfen bedruckt ist, mit denen Sie Ihr Bitaxe sowohl in vertikaler als auch in horizontaler Ausrichtung verwenden k\u00f6nnen. Die offenen Seiten garantieren einen guten Luftstrom, so dass der ASIC immer perfekt gek\u00fchlt ist. Sie k\u00f6nnen das Geh\u00e4use nach Ihren W\u00fcnschen anpassen, indem Sie Farben f\u00fcr jedes der beiden Geh\u00e4useteile ausw\u00e4hlen und die Oberfl\u00e4chenbeschaffenheit des Vorderteils anpassen. Anmerkung: Das Holo-Oberfl\u00e4chenfinish funktioniert besser mit dunkleren Farben.<\/p>\n<p><em>Bitaxe nicht inbegriffen. <\/em>Teile des Gewinns werden gespendet, um die Weiterentwicklung der <a href=\"https:\/\/bitaxe.org\/\" target=\"_blank\" rel=\"noopener\">Bitaxe<\/a> Projekt!<\/p>\n<\/div>","protected":false},"excerpt":{"rendered":"<div class=\"product__description rte quick-add-hidden\">\n<p>Das bisher luftstromoptimierte Bitaxe-Geh\u00e4use. Dieses mehrfarbige, extra schlanke Geh\u00e4use, das von uns mit Pr\u00e4zision gefertigt wurde, verf\u00fcgt \u00fcber das Bitaxe-Logo und wird mit aufklappbaren F\u00fc\u00dfen geliefert, die den Einsatz Ihres Bitaxe sowohl in vertikaler als auch in horizontaler Ausrichtung erm\u00f6glichen. Die offenen Seiten garantieren einen guten Luftstrom, so dass der ASIC immer perfekt gek\u00fchlt ist. Sie k\u00f6nnen das Geh\u00e4use nach Ihren W\u00fcnschen anpassen, indem Sie Farben f\u00fcr jedes der beiden Geh\u00e4useteile ausw\u00e4hlen und die Oberfl\u00e4chenbeschaffenheit des Vorderteils anpassen. Anmerkung: Das Holo-Oberfl\u00e4chenfinish funktioniert besser mit dunkleren Farben.<\/p>\n<p><em>Bitaxe nicht im Lieferumfang enthalten, f\u00fcgen Sie ein Bitaxe zu Ihrem Warenkorb hinzu <\/em><a href=\"https:\/\/www.gobrrr.me\/shop\/4miners\/\" target=\"_blank\" rel=\"noopener\"><em>hier<\/em><\/a><\/p>\n<p>Teile des Gewinns werden gespendet, um die Weiterentwicklung der <a href=\"https:\/\/bitaxe.org\/\" target=\"_blank\" rel=\"noopener\">Bitaxe<\/a> Projekt!<\/p>\n<\/div>","protected":false},"featured_media":7598,"comment_status":"closed","ping_status":"closed","template":"","meta":[],"product_brand":[],"product_cat":[280],"product_tag":[245],"class_list":{"0":"post-7947","1":"product","2":"type-product","3":"status-publish","4":"has-post-thumbnail","6":"product_cat-bitaxe-accessories","7":"product_tag-bitaxeprints","9":"first","10":"instock","11":"taxable","12":"shipping-taxable","13":"purchasable","14":"product-type-variable","15":"has-default-attributes"},"yoast_head":"\n<title>Bitaxe Slim Enclosure - Go Brrr<\/title>\n<meta name=\"robots\" content=\"index, follow, max-snippet:-1, max-image-preview:large, max-video-preview:-1\" \/>\n<link rel=\"canonical\" href=\"https:\/\/www.gobrrr.me\/de\/product\/bitaxesupra-enclosure\/\" \/>\n<meta property=\"og:locale\" content=\"de_DE\" \/>\n<meta property=\"og:type\" content=\"article\" \/>\n<meta property=\"og:title\" content=\"The Bitaxe Supra\" \/>\n<meta property=\"og:description\" content=\"Decentralize Bitcoin Mining - one ASIC at the time.Board: The Bitaxe Supra, (by OSMU) powered by the BM1368, is capable of up to 700+ GH\/s (overclock at your own risk) and excels in efficiency at ~18W\/TH. it&#039;s powered through a 5V barrel jack and features a USB-C port for debugging &amp; flashing. The new Web-GUI and AP mode enable wireless setup, updates, and monitoring. Assembled in the USA. Comes with a silent dual ball bearing fan and upgraded, sturdily mounted display. You can choose to add a 5V 4A rated high quality [EU Plug] Power Supply to your order.Enclosure: The Bitaxe Supra comes in our new, extra slim enclosure, choose your colors and you&#039;re all set.Parts of profits will be donated to support further development of the Bitaxe project!\" \/>\n<meta property=\"og:url\" content=\"https:\/\/www.gobrrr.me\/de\/product\/bitaxesupra-enclosure\/\" \/>\n<meta property=\"og:site_name\" content=\"Go Brrr\" \/>\n<meta property=\"article:modified_time\" content=\"2025-06-09T10:30:30+00:00\" \/>\n<meta property=\"og:image\" content=\"https:\/\/www.gobrrr.me\/ozypsoob\/2024\/04\/bitaxesupra-5_gobrrr.me_-scaled.webp\" \/>\n\t<meta property=\"og:image:width\" content=\"2560\" \/>\n\t<meta property=\"og:image:height\" content=\"1928\" \/>\n\t<meta property=\"og:image:type\" content=\"image\/webp\" \/>\n<meta name=\"twitter:card\" content=\"summary_large_image\" \/>\n<meta name=\"twitter:title\" content=\"The Bitaxe Supra\" \/>\n<meta name=\"twitter:description\" content=\"Decentralize Bitcoin Mining - one ASIC at the time.Board: The Bitaxe Supra, (by OSMU) powered by the BM1368, is capable of up to 700+ GH\/s (overclock at your own risk) and excels in efficiency at ~18W\/TH. it&#039;s powered through a 5V barrel jack and features a USB-C port for debugging &amp; flashing. The new Web-GUI and AP mode enable wireless setup, updates, and monitoring. Assembled in the USA. Comes with a silent dual ball bearing fan and upgraded, sturdily mounted display. You can choose to add a 5V 4A rated high quality [EU Plug] Power Supply to your order.Enclosure: The Bitaxe Supra comes in our new, extra slim enclosure, choose your colors and you&#039;re all set.Parts of profits will be donated to support further development of the Bitaxe project!\" \/>\n<meta name=\"twitter:image\" content=\"https:\/\/www.gobrrr.me\/ozypsoob\/2024\/04\/bitaxesupra-5_gobrrr.me_-scaled.webp\" \/>\n<meta name=\"twitter:site\" content=\"@GoBrrr_me\" \/>\n<meta name=\"twitter:label1\" content=\"Gesch\u00e4tzte Lesezeit\" \/>\n\t<meta name=\"twitter:data1\" content=\"1 Minute\" \/>\n<script type=\"application\/ld+json\" class=\"yoast-schema-graph\">{\"@context\":\"https:\\\/\\\/schema.org\",\"@graph\":[{\"@type\":\"WebPage\",\"@id\":\"https:\\\/\\\/www.gobrrr.me\\\/product\\\/bitaxesupra-enclosure\\\/\",\"url\":\"https:\\\/\\\/www.gobrrr.me\\\/product\\\/bitaxesupra-enclosure\\\/\",\"name\":\"Bitaxe Slim Enclosure - Go Brrr\",\"isPartOf\":{\"@id\":\"https:\\\/\\\/www.gobrrr.me\\\/#website\"},\"primaryImageOfPage\":{\"@id\":\"https:\\\/\\\/www.gobrrr.me\\\/product\\\/bitaxesupra-enclosure\\\/#primaryimage\"},\"image\":{\"@id\":\"https:\\\/\\\/www.gobrrr.me\\\/product\\\/bitaxesupra-enclosure\\\/#primaryimage\"},\"thumbnailUrl\":\"https:\\\/\\\/www.gobrrr.me\\\/wp-content\\\/uploads\\\/2024\\\/04\\\/bitaxesupra-5_gobrrr.me_-scaled.webp\",\"datePublished\":\"2024-09-05T11:01:00+00:00\",\"dateModified\":\"2025-06-09T10:30:30+00:00\",\"breadcrumb\":{\"@id\":\"https:\\\/\\\/www.gobrrr.me\\\/product\\\/bitaxesupra-enclosure\\\/#breadcrumb\"},\"inLanguage\":\"de-AT\",\"potentialAction\":[{\"@type\":\"ReadAction\",\"target\":[\"https:\\\/\\\/www.gobrrr.me\\\/product\\\/bitaxesupra-enclosure\\\/\"]}]},{\"@type\":\"ImageObject\",\"inLanguage\":\"de-AT\",\"@id\":\"https:\\\/\\\/www.gobrrr.me\\\/product\\\/bitaxesupra-enclosure\\\/#primaryimage\",\"url\":\"https:\\\/\\\/www.gobrrr.me\\\/wp-content\\\/uploads\\\/2024\\\/04\\\/bitaxesupra-5_gobrrr.me_-scaled.webp\",\"contentUrl\":\"https:\\\/\\\/www.gobrrr.me\\\/wp-content\\\/uploads\\\/2024\\\/04\\\/bitaxesupra-5_gobrrr.me_-scaled.webp\",\"width\":2560,\"height\":1928},{\"@type\":\"BreadcrumbList\",\"@id\":\"https:\\\/\\\/www.gobrrr.me\\\/product\\\/bitaxesupra-enclosure\\\/#breadcrumb\",\"itemListElement\":[{\"@type\":\"ListItem\",\"position\":1,\"name\":\"Home\",\"item\":\"https:\\\/\\\/www.gobrrr.me\\\/\"},{\"@type\":\"ListItem\",\"position\":2,\"name\":\"Shop\",\"item\":\"https:\\\/\\\/www.gobrrr.me\\\/shop\\\/\"},{\"@type\":\"ListItem\",\"position\":3,\"name\":\"Bitaxe Slim Enclosure\"}]},{\"@type\":\"WebSite\",\"@id\":\"https:\\\/\\\/www.gobrrr.me\\\/#website\",\"url\":\"https:\\\/\\\/www.gobrrr.me\\\/\",\"name\":\"Go Brrr\",\"description\":\"3D prints for sovereign individuals\",\"publisher\":{\"@id\":\"https:\\\/\\\/www.gobrrr.me\\\/#organization\"},\"potentialAction\":[{\"@type\":\"SearchAction\",\"target\":{\"@type\":\"EntryPoint\",\"urlTemplate\":\"https:\\\/\\\/www.gobrrr.me\\\/?s={search_term_string}\"},\"query-input\":{\"@type\":\"PropertyValueSpecification\",\"valueRequired\":true,\"valueName\":\"search_term_string\"}}],\"inLanguage\":\"de-AT\"},{\"@type\":\"Organization\",\"@id\":\"https:\\\/\\\/www.gobrrr.me\\\/#organization\",\"name\":\"Go Brrr 3D\",\"url\":\"https:\\\/\\\/www.gobrrr.me\\\/\",\"logo\":{\"@type\":\"ImageObject\",\"inLanguage\":\"de-AT\",\"@id\":\"https:\\\/\\\/www.gobrrr.me\\\/#\\\/schema\\\/logo\\\/image\\\/\",\"url\":\"https:\\\/\\\/i0.wp.com\\\/www.gobrrr.me\\\/wp-content\\\/uploads\\\/2022\\\/02\\\/BrrrIco.png?fit=100%2C100&ssl=1\",\"contentUrl\":\"https:\\\/\\\/i0.wp.com\\\/www.gobrrr.me\\\/wp-content\\\/uploads\\\/2022\\\/02\\\/BrrrIco.png?fit=100%2C100&ssl=1\",\"width\":100,\"height\":100,\"caption\":\"Go Brrr 3D\"},\"image\":{\"@id\":\"https:\\\/\\\/www.gobrrr.me\\\/#\\\/schema\\\/logo\\\/image\\\/\"},\"sameAs\":[\"https:\\\/\\\/x.com\\\/GoBrrr_me\"]}]}<\/script>\n","yoast_head_json":{"title":"Bitaxe Slim Enclosure - Go Brrr","robots":{"index":"index","follow":"follow","max-snippet":"max-snippet:-1","max-image-preview":"max-image-preview:large","max-video-preview":"max-video-preview:-1"},"canonical":"https:\/\/www.gobrrr.me\/de\/product\/bitaxesupra-enclosure\/","og_locale":"de_DE","og_type":"article","og_title":"The Bitaxe Supra","og_description":"Decentralize Bitcoin Mining - one ASIC at the time.Board: The Bitaxe Supra, (by OSMU) powered by the BM1368, is capable of up to 700+ GH\/s (overclock at your own risk) and excels in efficiency at ~18W\/TH. it's powered through a 5V barrel jack and features a USB-C port for debugging & flashing. The new Web-GUI and AP mode enable wireless setup, updates, and monitoring. Assembled in the USA. Comes with a silent dual ball bearing fan and upgraded, sturdily mounted display. You can choose to add a 5V 4A rated high quality [EU Plug] Power Supply to your order.Enclosure: The Bitaxe Supra comes in our new, extra slim enclosure, choose your colors and you're all set.Parts of profits will be donated to support further development of the Bitaxe project!","og_url":"https:\/\/www.gobrrr.me\/de\/product\/bitaxesupra-enclosure\/","og_site_name":"Go Brrr","article_modified_time":"2025-06-09T10:30:30+00:00","og_image":[{"width":2560,"height":1928,"url":"https:\/\/www.gobrrr.me\/ozypsoob\/2024\/04\/bitaxesupra-5_gobrrr.me_-scaled.webp","type":"image\/webp"}],"twitter_card":"summary_large_image","twitter_title":"The Bitaxe Supra","twitter_description":"Decentralize Bitcoin Mining - one ASIC at the time.Board: The Bitaxe Supra, (by OSMU) powered by the BM1368, is capable of up to 700+ GH\/s (overclock at your own risk) and excels in efficiency at ~18W\/TH. it's powered through a 5V barrel jack and features a USB-C port for debugging & flashing. The new Web-GUI and AP mode enable wireless setup, updates, and monitoring. Assembled in the USA. Comes with a silent dual ball bearing fan and upgraded, sturdily mounted display. You can choose to add a 5V 4A rated high quality [EU Plug] Power Supply to your order.Enclosure: The Bitaxe Supra comes in our new, extra slim enclosure, choose your colors and you're all set.Parts of profits will be donated to support further development of the Bitaxe project!","twitter_image":"https:\/\/www.gobrrr.me\/ozypsoob\/2024\/04\/bitaxesupra-5_gobrrr.me_-scaled.webp","twitter_site":"@GoBrrr_me","twitter_misc":{"Gesch\u00e4tzte Lesezeit":"1 Minute"},"schema":{"@context":"https:\/\/schema.org","@graph":[{"@type":"WebPage","@id":"https:\/\/www.gobrrr.me\/product\/bitaxesupra-enclosure\/","url":"https:\/\/www.gobrrr.me\/product\/bitaxesupra-enclosure\/","name":"Bitaxe Slim Enclosure - Go Brrr","isPartOf":{"@id":"https:\/\/www.gobrrr.me\/#website"},"primaryImageOfPage":{"@id":"https:\/\/www.gobrrr.me\/product\/bitaxesupra-enclosure\/#primaryimage"},"image":{"@id":"https:\/\/www.gobrrr.me\/product\/bitaxesupra-enclosure\/#primaryimage"},"thumbnailUrl":"https:\/\/www.gobrrr.me\/ozypsoob\/2024\/04\/bitaxesupra-5_gobrrr.me_-scaled.webp","datePublished":"2024-09-05T11:01:00+00:00","dateModified":"2025-06-09T10:30:30+00:00","breadcrumb":{"@id":"https:\/\/www.gobrrr.me\/product\/bitaxesupra-enclosure\/#breadcrumb"},"inLanguage":"de-AT","potentialAction":[{"@type":"ReadAction","target":["https:\/\/www.gobrrr.me\/product\/bitaxesupra-enclosure\/"]}]},{"@type":"ImageObject","inLanguage":"de-AT","@id":"https:\/\/www.gobrrr.me\/product\/bitaxesupra-enclosure\/#primaryimage","url":"https:\/\/www.gobrrr.me\/ozypsoob\/2024\/04\/bitaxesupra-5_gobrrr.me_-scaled.webp","contentUrl":"https:\/\/www.gobrrr.me\/ozypsoob\/2024\/04\/bitaxesupra-5_gobrrr.me_-scaled.webp","width":2560,"height":1928},{"@type":"BreadcrumbList","@id":"https:\/\/www.gobrrr.me\/product\/bitaxesupra-enclosure\/#breadcrumb","itemListElement":[{"@type":"ListItem","position":1,"name":"Home","item":"https:\/\/www.gobrrr.me\/"},{"@type":"ListItem","position":2,"name":"Shop","item":"https:\/\/www.gobrrr.me\/shop\/"},{"@type":"ListItem","position":3,"name":"Bitaxe Slim Enclosure"}]},{"@type":"WebSite","@id":"https:\/\/www.gobrrr.me\/#website","url":"https:\/\/www.gobrrr.me\/","name":"Go Brrr","description":"3D prints for sovereign individuals","publisher":{"@id":"https:\/\/www.gobrrr.me\/#organization"},"potentialAction":[{"@type":"SearchAction","target":{"@type":"EntryPoint","urlTemplate":"https:\/\/www.gobrrr.me\/?s={search_term_string}"},"query-input":{"@type":"PropertyValueSpecification","valueRequired":true,"valueName":"search_term_string"}}],"inLanguage":"de-AT"},{"@type":"Organization","@id":"https:\/\/www.gobrrr.me\/#organization","name":"Go Brrr 3D","url":"https:\/\/www.gobrrr.me\/","logo":{"@type":"ImageObject","inLanguage":"de-AT","@id":"https:\/\/www.gobrrr.me\/#\/schema\/logo\/image\/","url":"https:\/\/i0.wp.com\/www.gobrrr.me\/ozypsoob\/2022\/02\/BrrrIco.png?fit=100%2C100&ssl=1","contentUrl":"https:\/\/i0.wp.com\/www.gobrrr.me\/ozypsoob\/2022\/02\/BrrrIco.png?fit=100%2C100&ssl=1","width":100,"height":100,"caption":"Go Brrr 3D"},"image":{"@id":"https:\/\/www.gobrrr.me\/#\/schema\/logo\/image\/"},"sameAs":["https:\/\/x.com\/GoBrrr_me"]}]}},"_links":{"self":[{"href":"https:\/\/www.gobrrr.me\/de\/wp-json\/wp\/v2\/product\/7947","targetHints":{"allow":["GET"]}}],"collection":[{"href":"https:\/\/www.gobrrr.me\/de\/wp-json\/wp\/v2\/product"}],"about":[{"href":"https:\/\/www.gobrrr.me\/de\/wp-json\/wp\/v2\/types\/product"}],"replies":[{"embeddable":true,"href":"https:\/\/www.gobrrr.me\/de\/wp-json\/wp\/v2\/comments?post=7947"}],"version-history":[{"count":0,"href":"https:\/\/www.gobrrr.me\/de\/wp-json\/wp\/v2\/product\/7947\/revisions"}],"wp:featuredmedia":[{"embeddable":true,"href":"https:\/\/www.gobrrr.me\/de\/wp-json\/wp\/v2\/media\/7598"}],"wp:attachment":[{"href":"https:\/\/www.gobrrr.me\/de\/wp-json\/wp\/v2\/media?parent=7947"}],"wp:term":[{"taxonomy":"product_brand","embeddable":true,"href":"https:\/\/www.gobrrr.me\/de\/wp-json\/wp\/v2\/product_brand?post=7947"},{"taxonomy":"product_cat","embeddable":true,"href":"https:\/\/www.gobrrr.me\/de\/wp-json\/wp\/v2\/product_cat?post=7947"},{"taxonomy":"product_tag","embeddable":true,"href":"https:\/\/www.gobrrr.me\/de\/wp-json\/wp\/v2\/product_tag?post=7947"}],"curies":[{"name":"wp","href":"https:\/\/api.w.org\/{rel}","templated":true}]}}