{"id":7790,"date":"2024-08-20T16:35:00","date_gmt":"2024-08-20T14:35:00","guid":{"rendered":"https:\/\/www.gobrrr.me\/?post_type=product&#038;p=7790"},"modified":"2025-06-09T12:30:30","modified_gmt":"2025-06-09T10:30:30","slug":"bitaxe-block-853742-wall-art","status":"publish","type":"product","link":"https:\/\/www.gobrrr.me\/de\/product\/bitaxe-block-853742-wall-art\/","title":{"rendered":"<p>Bitaxe Block 853742 \u2013 Wandkunst<\/p>"},"content":{"rendered":"<p>Block 853742 war der erste Block, der jemals von einem Bitaxe abgebaut wurde, aber sicherlich nicht der letzte. Dieses 30 x 30 cm gro\u00dfe Kunstwerk zeigt den Inhalt dieses Blocks, wie er auf mempool.space angezeigt wird. Die 3D-Malerei wird in einem 3D-gedruckten Rahmen geliefert, der f\u00fcr eine einfache Wandmontage ausgelegt ist. Vielen Dank an unsere Freunde von D-central f\u00fcr die Blockdatei, die wir stolz mit der Erlaubnis drucken, die historische erste Blockentdeckung durch ein Bitaxe zu feiern.<p>Feiern Sie die historische Leistung von Bitaxe Block 853742 mit dieser einzigartigen 3D-Bitcoin-Kunst. Dieses St\u00fcck ist mehr als nur Wanddekoration; Es ist eine Hommage an die Macht der Dezentralisierung und das Engagement der Bitaxe-Gemeinschaft. Perfekt f\u00fcr Bitcoin-Enthusiasten, symbolisiert dieses moderne geometrische Kunstwerk den Erfolg von Solo-Minern, die sich mehr f\u00fcr die Unterst\u00fctzung des Dezentralisierungs- und Zensurwiderstands des Bitcoin-Netzwerks als f\u00fcr Gewinne einsetzen.<\/p><\/p>","protected":false},"excerpt":{"rendered":"<p>Block 853742 war der erste Block, der jemals von einem Bitaxe abgebaut wurde, aber sicherlich nicht der letzte. Dieses 30 x 30 cm gro\u00dfe Kunstwerk zeigt den Inhalt dieses Blocks, wie er auf mempool.space angezeigt wird. Die 3D-Malerei wird in einem 3D-gedruckten Rahmen geliefert, der f\u00fcr eine einfache Wandmontage ausgelegt ist. Vielen Dank an unsere Freunde von D-central f\u00fcr die Blockdatei, die wir stolz mit der Erlaubnis drucken, die historische erste Blockentdeckung durch ein Bitaxe zu feiern.<\/p>","protected":false},"featured_media":7794,"comment_status":"closed","ping_status":"closed","template":"","meta":[],"product_brand":[],"product_cat":[273],"product_tag":[29],"class_list":{"0":"post-7790","1":"product","2":"type-product","3":"status-publish","4":"has-post-thumbnail","6":"product_cat-bitcoinmerch","7":"product_tag-3d","8":"product_shipping_class-s","10":"first","11":"instock","12":"taxable","13":"shipping-taxable","14":"purchasable","15":"product-type-simple"},"yoast_head":"\n<title>Bitaxe Block 853742 - Wall Art - Go Brrr<\/title>\n<meta name=\"robots\" content=\"index, follow, max-snippet:-1, max-image-preview:large, max-video-preview:-1\" \/>\n<link rel=\"canonical\" href=\"https:\/\/www.gobrrr.me\/de\/product\/bitaxe-block-853742-wall-art\/\" \/>\n<meta property=\"og:locale\" content=\"de_DE\" \/>\n<meta property=\"og:type\" content=\"article\" \/>\n<meta property=\"og:title\" content=\"Bitaxe Block 853742 - Wall Art - Go Brrr\" \/>\n<meta property=\"og:description\" content=\"Block 853742 was the first block ever mined by a Bitaxe, but surely not the last. This 30 by 30 cm sized artwork shows the contents of said block, as displayed on mempool.space. The 3D-painting comes in a 3D-printed frame, designed for easy wall mounting. Many thanks to our friends at D-central for the block file, which we are proudly printing with permission to celebrate the historic first block discovery by a Bitaxe, ever.\" \/>\n<meta property=\"og:url\" content=\"https:\/\/www.gobrrr.me\/de\/product\/bitaxe-block-853742-wall-art\/\" \/>\n<meta property=\"og:site_name\" content=\"Go Brrr\" \/>\n<meta property=\"article:modified_time\" content=\"2025-06-09T10:30:30+00:00\" \/>\n<meta property=\"og:image\" content=\"https:\/\/www.gobrrr.me\/ozypsoob\/2024\/08\/853742-1-scaled.webp\" \/>\n\t<meta property=\"og:image:width\" content=\"2560\" \/>\n\t<meta property=\"og:image:height\" content=\"1964\" \/>\n\t<meta property=\"og:image:type\" content=\"image\/webp\" \/>\n<meta name=\"twitter:card\" content=\"summary_large_image\" \/>\n<meta name=\"twitter:site\" content=\"@GoBrrr_me\" \/>\n<meta name=\"twitter:label1\" content=\"Gesch\u00e4tzte Lesezeit\" \/>\n\t<meta name=\"twitter:data1\" content=\"1 Minute\" \/>\n<script type=\"application\/ld+json\" class=\"yoast-schema-graph\">{\"@context\":\"https:\\\/\\\/schema.org\",\"@graph\":[{\"@type\":\"WebPage\",\"@id\":\"https:\\\/\\\/www.gobrrr.me\\\/product\\\/bitaxe-block-853742-wall-art\\\/\",\"url\":\"https:\\\/\\\/www.gobrrr.me\\\/product\\\/bitaxe-block-853742-wall-art\\\/\",\"name\":\"Bitaxe Block 853742 - Wall Art - Go Brrr\",\"isPartOf\":{\"@id\":\"https:\\\/\\\/www.gobrrr.me\\\/#website\"},\"primaryImageOfPage\":{\"@id\":\"https:\\\/\\\/www.gobrrr.me\\\/product\\\/bitaxe-block-853742-wall-art\\\/#primaryimage\"},\"image\":{\"@id\":\"https:\\\/\\\/www.gobrrr.me\\\/product\\\/bitaxe-block-853742-wall-art\\\/#primaryimage\"},\"thumbnailUrl\":\"https:\\\/\\\/www.gobrrr.me\\\/wp-content\\\/uploads\\\/2024\\\/08\\\/853742-1-scaled.webp\",\"datePublished\":\"2024-08-20T14:35:00+00:00\",\"dateModified\":\"2025-06-09T10:30:30+00:00\",\"breadcrumb\":{\"@id\":\"https:\\\/\\\/www.gobrrr.me\\\/product\\\/bitaxe-block-853742-wall-art\\\/#breadcrumb\"},\"inLanguage\":\"de-AT\",\"potentialAction\":[{\"@type\":\"ReadAction\",\"target\":[\"https:\\\/\\\/www.gobrrr.me\\\/product\\\/bitaxe-block-853742-wall-art\\\/\"]}]},{\"@type\":\"ImageObject\",\"inLanguage\":\"de-AT\",\"@id\":\"https:\\\/\\\/www.gobrrr.me\\\/product\\\/bitaxe-block-853742-wall-art\\\/#primaryimage\",\"url\":\"https:\\\/\\\/www.gobrrr.me\\\/wp-content\\\/uploads\\\/2024\\\/08\\\/853742-1-scaled.webp\",\"contentUrl\":\"https:\\\/\\\/www.gobrrr.me\\\/wp-content\\\/uploads\\\/2024\\\/08\\\/853742-1-scaled.webp\",\"width\":2560,\"height\":1964},{\"@type\":\"BreadcrumbList\",\"@id\":\"https:\\\/\\\/www.gobrrr.me\\\/product\\\/bitaxe-block-853742-wall-art\\\/#breadcrumb\",\"itemListElement\":[{\"@type\":\"ListItem\",\"position\":1,\"name\":\"Home\",\"item\":\"https:\\\/\\\/www.gobrrr.me\\\/\"},{\"@type\":\"ListItem\",\"position\":2,\"name\":\"Shop\",\"item\":\"https:\\\/\\\/www.gobrrr.me\\\/shop\\\/\"},{\"@type\":\"ListItem\",\"position\":3,\"name\":\"Bitaxe Block 853742 &#8211; Wall Art\"}]},{\"@type\":\"WebSite\",\"@id\":\"https:\\\/\\\/www.gobrrr.me\\\/#website\",\"url\":\"https:\\\/\\\/www.gobrrr.me\\\/\",\"name\":\"Go Brrr\",\"description\":\"3D prints for sovereign individuals\",\"publisher\":{\"@id\":\"https:\\\/\\\/www.gobrrr.me\\\/#organization\"},\"potentialAction\":[{\"@type\":\"SearchAction\",\"target\":{\"@type\":\"EntryPoint\",\"urlTemplate\":\"https:\\\/\\\/www.gobrrr.me\\\/?s={search_term_string}\"},\"query-input\":{\"@type\":\"PropertyValueSpecification\",\"valueRequired\":true,\"valueName\":\"search_term_string\"}}],\"inLanguage\":\"de-AT\"},{\"@type\":\"Organization\",\"@id\":\"https:\\\/\\\/www.gobrrr.me\\\/#organization\",\"name\":\"Go Brrr 3D\",\"url\":\"https:\\\/\\\/www.gobrrr.me\\\/\",\"logo\":{\"@type\":\"ImageObject\",\"inLanguage\":\"de-AT\",\"@id\":\"https:\\\/\\\/www.gobrrr.me\\\/#\\\/schema\\\/logo\\\/image\\\/\",\"url\":\"https:\\\/\\\/i0.wp.com\\\/www.gobrrr.me\\\/wp-content\\\/uploads\\\/2022\\\/02\\\/BrrrIco.png?fit=100%2C100&ssl=1\",\"contentUrl\":\"https:\\\/\\\/i0.wp.com\\\/www.gobrrr.me\\\/wp-content\\\/uploads\\\/2022\\\/02\\\/BrrrIco.png?fit=100%2C100&ssl=1\",\"width\":100,\"height\":100,\"caption\":\"Go Brrr 3D\"},\"image\":{\"@id\":\"https:\\\/\\\/www.gobrrr.me\\\/#\\\/schema\\\/logo\\\/image\\\/\"},\"sameAs\":[\"https:\\\/\\\/x.com\\\/GoBrrr_me\"]}]}<\/script>\n","yoast_head_json":{"title":"Bitaxe Block 853742 - Wall Art - Go Brrr","robots":{"index":"index","follow":"follow","max-snippet":"max-snippet:-1","max-image-preview":"max-image-preview:large","max-video-preview":"max-video-preview:-1"},"canonical":"https:\/\/www.gobrrr.me\/de\/product\/bitaxe-block-853742-wall-art\/","og_locale":"de_DE","og_type":"article","og_title":"Bitaxe Block 853742 - Wall Art - Go Brrr","og_description":"Block 853742 was the first block ever mined by a Bitaxe, but surely not the last. This 30 by 30 cm sized artwork shows the contents of said block, as displayed on mempool.space. The 3D-painting comes in a 3D-printed frame, designed for easy wall mounting. Many thanks to our friends at D-central for the block file, which we are proudly printing with permission to celebrate the historic first block discovery by a Bitaxe, ever.","og_url":"https:\/\/www.gobrrr.me\/de\/product\/bitaxe-block-853742-wall-art\/","og_site_name":"Go Brrr","article_modified_time":"2025-06-09T10:30:30+00:00","og_image":[{"width":2560,"height":1964,"url":"https:\/\/www.gobrrr.me\/ozypsoob\/2024\/08\/853742-1-scaled.webp","type":"image\/webp"}],"twitter_card":"summary_large_image","twitter_site":"@GoBrrr_me","twitter_misc":{"Gesch\u00e4tzte Lesezeit":"1 Minute"},"schema":{"@context":"https:\/\/schema.org","@graph":[{"@type":"WebPage","@id":"https:\/\/www.gobrrr.me\/product\/bitaxe-block-853742-wall-art\/","url":"https:\/\/www.gobrrr.me\/product\/bitaxe-block-853742-wall-art\/","name":"Bitaxe Block 853742 - Wall Art - Go Brrr","isPartOf":{"@id":"https:\/\/www.gobrrr.me\/#website"},"primaryImageOfPage":{"@id":"https:\/\/www.gobrrr.me\/product\/bitaxe-block-853742-wall-art\/#primaryimage"},"image":{"@id":"https:\/\/www.gobrrr.me\/product\/bitaxe-block-853742-wall-art\/#primaryimage"},"thumbnailUrl":"https:\/\/www.gobrrr.me\/ozypsoob\/2024\/08\/853742-1-scaled.webp","datePublished":"2024-08-20T14:35:00+00:00","dateModified":"2025-06-09T10:30:30+00:00","breadcrumb":{"@id":"https:\/\/www.gobrrr.me\/product\/bitaxe-block-853742-wall-art\/#breadcrumb"},"inLanguage":"de-AT","potentialAction":[{"@type":"ReadAction","target":["https:\/\/www.gobrrr.me\/product\/bitaxe-block-853742-wall-art\/"]}]},{"@type":"ImageObject","inLanguage":"de-AT","@id":"https:\/\/www.gobrrr.me\/product\/bitaxe-block-853742-wall-art\/#primaryimage","url":"https:\/\/www.gobrrr.me\/ozypsoob\/2024\/08\/853742-1-scaled.webp","contentUrl":"https:\/\/www.gobrrr.me\/ozypsoob\/2024\/08\/853742-1-scaled.webp","width":2560,"height":1964},{"@type":"BreadcrumbList","@id":"https:\/\/www.gobrrr.me\/product\/bitaxe-block-853742-wall-art\/#breadcrumb","itemListElement":[{"@type":"ListItem","position":1,"name":"Home","item":"https:\/\/www.gobrrr.me\/"},{"@type":"ListItem","position":2,"name":"Shop","item":"https:\/\/www.gobrrr.me\/shop\/"},{"@type":"ListItem","position":3,"name":"Bitaxe Block 853742 &#8211; Wall Art"}]},{"@type":"WebSite","@id":"https:\/\/www.gobrrr.me\/#website","url":"https:\/\/www.gobrrr.me\/","name":"Go Brrr","description":"3D prints for sovereign individuals","publisher":{"@id":"https:\/\/www.gobrrr.me\/#organization"},"potentialAction":[{"@type":"SearchAction","target":{"@type":"EntryPoint","urlTemplate":"https:\/\/www.gobrrr.me\/?s={search_term_string}"},"query-input":{"@type":"PropertyValueSpecification","valueRequired":true,"valueName":"search_term_string"}}],"inLanguage":"de-AT"},{"@type":"Organization","@id":"https:\/\/www.gobrrr.me\/#organization","name":"Go Brrr 3D","url":"https:\/\/www.gobrrr.me\/","logo":{"@type":"ImageObject","inLanguage":"de-AT","@id":"https:\/\/www.gobrrr.me\/#\/schema\/logo\/image\/","url":"https:\/\/i0.wp.com\/www.gobrrr.me\/ozypsoob\/2022\/02\/BrrrIco.png?fit=100%2C100&ssl=1","contentUrl":"https:\/\/i0.wp.com\/www.gobrrr.me\/ozypsoob\/2022\/02\/BrrrIco.png?fit=100%2C100&ssl=1","width":100,"height":100,"caption":"Go Brrr 3D"},"image":{"@id":"https:\/\/www.gobrrr.me\/#\/schema\/logo\/image\/"},"sameAs":["https:\/\/x.com\/GoBrrr_me"]}]}},"_links":{"self":[{"href":"https:\/\/www.gobrrr.me\/de\/wp-json\/wp\/v2\/product\/7790","targetHints":{"allow":["GET"]}}],"collection":[{"href":"https:\/\/www.gobrrr.me\/de\/wp-json\/wp\/v2\/product"}],"about":[{"href":"https:\/\/www.gobrrr.me\/de\/wp-json\/wp\/v2\/types\/product"}],"replies":[{"embeddable":true,"href":"https:\/\/www.gobrrr.me\/de\/wp-json\/wp\/v2\/comments?post=7790"}],"version-history":[{"count":0,"href":"https:\/\/www.gobrrr.me\/de\/wp-json\/wp\/v2\/product\/7790\/revisions"}],"wp:featuredmedia":[{"embeddable":true,"href":"https:\/\/www.gobrrr.me\/de\/wp-json\/wp\/v2\/media\/7794"}],"wp:attachment":[{"href":"https:\/\/www.gobrrr.me\/de\/wp-json\/wp\/v2\/media?parent=7790"}],"wp:term":[{"taxonomy":"product_brand","embeddable":true,"href":"https:\/\/www.gobrrr.me\/de\/wp-json\/wp\/v2\/product_brand?post=7790"},{"taxonomy":"product_cat","embeddable":true,"href":"https:\/\/www.gobrrr.me\/de\/wp-json\/wp\/v2\/product_cat?post=7790"},{"taxonomy":"product_tag","embeddable":true,"href":"https:\/\/www.gobrrr.me\/de\/wp-json\/wp\/v2\/product_tag?post=7790"}],"curies":[{"name":"wp","href":"https:\/\/api.w.org\/{rel}","templated":true}]}}