{"id":7515,"date":"2024-06-26T11:07:24","date_gmt":"2024-06-26T09:07:24","guid":{"rendered":"https:\/\/www.gobrrr.me\/?post_type=product&#038;p=7515"},"modified":"2025-03-20T12:11:37","modified_gmt":"2025-03-20T11:11:37","slug":"nerdaxe","status":"publish","type":"product","link":"https:\/\/www.gobrrr.me\/de\/product\/nerdaxe\/","title":{"rendered":"<p>NerdAxe<\/p>"},"content":{"rendered":"<h3>NerdAxe von Bitmaker: Effizienter BM1366-betriebener Bitcoin ASIC Miner<p class=\"whitespace-pre-wrap break-words\">Erh\u00f6hen Sie Ihr Bitcoin-Mining-Setup mit dem NerdAxe von Bitmaker, einem kompakten und leistungsstarken ASIC-Miner, der f\u00fcr effizientes Home Mining entwickelt wurde.<\/p><p class=\"whitespace-pre-wrap break-words\">Hauptmerkmale:<\/p><ul class=\"-mt-1 list-disc space-y-2 pl-8\">\n<li class=\"whitespace-normal break-words\">Angetrieben durch den leistungsstarken BM1366 Chip<\/li>\n<li class=\"whitespace-normal break-words\">Beeindruckende Hashrate: bis zu 500+ GH\/s<\/li>\n<li class=\"whitespace-normal break-words\">Au\u00dfergew\u00f6hnliche Energieeffizienz: ~12W Stromverbrauch<\/li>\n<li class=\"whitespace-normal break-words\">Individuell anpassbarer 3D-gedruckter minimalistischer St\u00e4nder inklusive<\/li>\n<\/ul><p class=\"whitespace-pre-wrap break-words\">Verf\u00fcgbare Optionen:<\/p><ul class=\"-mt-1 list-disc space-y-2 pl-8\">\n<li class=\"whitespace-normal break-words\">Upgrade-Kit f\u00fcr bestehende Setups<\/li>\n<li class=\"whitespace-normal break-words\">Komplettes Kit mit Bildschirm f\u00fcr neue Bergleute<\/li>\n<li class=\"whitespace-normal break-words\">Optionales hochwertiges 5V 4A EU-Steckernetzteil<\/li>\n<\/ul><p class=\"whitespace-pre-wrap break-words\">Technische Daten:<\/p><ul class=\"-mt-1 list-disc space-y-2 pl-8\">\n<li class=\"whitespace-normal break-words\">ASIC: BM1366<\/li>\n<li class=\"whitespace-normal break-words\">Hashrate: 500+ GH\/s<\/li>\n<li class=\"whitespace-normal break-words\">Energieeffizienz: ~12W<\/li>\n<li class=\"whitespace-normal break-words\">Anzeige: Optionaler Bildschirm im Komplettset enthalten<\/li>\n<\/ul><p class=\"whitespace-pre-wrap break-words\">Anpassung:<\/p><ul class=\"-mt-1 list-disc space-y-2 pl-8\">\n<li class=\"whitespace-normal break-words\">3D-gedruckter St\u00e4nder mit Farboptionen<\/li>\n<\/ul><p class=\"whitespace-pre-wrap break-words\">Weitere Vorteile:<\/p><ul class=\"-mt-1 list-disc space-y-2 pl-8\">\n<li class=\"whitespace-normal break-words\">Kompaktes Design, ideal f\u00fcr das Bitcoin-Mining zu Hause<\/li>\n<li class=\"whitespace-normal break-words\">Ein Teil der Gewinne unterst\u00fctzt die laufende NerdAxe-Projektentwicklung<\/li>\n<\/ul><p class=\"whitespace-pre-wrap break-words\">Ideal f\u00fcr:<\/p><ul class=\"-mt-1 list-disc space-y-2 pl-8\">\n<li class=\"whitespace-normal break-words\">Startseite bitcoin miners<\/li>\n<li class=\"whitespace-normal break-words\">Enthusiasten auf der Suche nach effizienten Mining-L\u00f6sungen<\/li>\n<li class=\"whitespace-normal break-words\">Diejenigen, die dezentrales Bitcoin-Mining unterst\u00fctzen m\u00f6chten<\/li>\n<\/ul><p class=\"whitespace-pre-wrap break-words\">Schlie\u00dfen Sie sich der Zukunft des Bitcoin-Minings mit der NerdAxe an. Bestellen Sie jetzt, um effizienten, anpassbaren Bergbau an Ihren Fingerspitzen zu erleben!<\/p><\/h3>","protected":false},"excerpt":{"rendered":"<div class=\"product__description rte quick-add-hidden\">\n<p>Die NerdAxe von Bitmaker, angetrieben vom BM1366, kann bis zu 500+ GH\/s bei ~12W erreichen.\u00a0 Erh\u00e4ltlich als Upgrade-Kit f\u00fcr diejenigen, die bereits einen NerdMiner besitzen und ihn auf die n\u00e4chste Stufe bringen m\u00f6chten. Und als komplettes Kit mit Bildschirm,&nbsp; <span class=\"css-1jxf684 r-bcqeeo r-1ttztb7 r-qvutc0 r-poiln3\">Kommt mit einem 3D-gedruckten minimalistischen St\u00e4nder oder in einem vollst\u00e4ndigen Geh\u00e4use, das Sie beide in Farbe anpassen k\u00f6nnen. Ein 5V 6A bewertetes Mittelwell-Netzteil von h\u00f6chster Qualit\u00e4t ist <strong>inklusive<\/strong> im Kit-Preis!<br>\n<\/span><\/p>\n<p>Wenn Sie eine beiliegende NerdAxe ohne Bildschirm bestellen, m\u00fcssen Sie das Ger\u00e4t und das Geh\u00e4use selbst zusammenbauen.<\/p><p>Montageanleitung:<\/p><ul>\n<li>Das Display ist zerbrechlich, handhabt mit Sorgfalt und dr\u00fcckt nie direkt auf den Bildschirm<\/li>\n<li>Platzieren Sie das LilyGo Display im vorderen Teil des Geh\u00e4uses<\/li>\n<li>Wenn es richtig positioniert ist, setzen Sie die Nerdaxe ein.<\/li>\n<li>Achten Sie darauf, die Stifte auszurichten, bevor Sie sie nach unten dr\u00fccken<\/li>\n<li>Wenn beide verbunden sind, schnappen Sie auf dem hinteren Teil und setzen Sie vorsichtig die Schrauben ein<\/li>\n<\/ul><\/div>","protected":false},"featured_media":8063,"comment_status":"closed","ping_status":"closed","template":"","meta":[],"product_brand":[],"product_cat":[210],"product_tag":[235],"class_list":{"0":"post-7515","1":"product","2":"type-product","3":"status-publish","4":"has-post-thumbnail","6":"product_cat-mining","7":"product_tag-nerdaxe","9":"first","10":"outofstock","11":"taxable","12":"shipping-taxable","13":"purchasable","14":"product-type-variable"},"yoast_head":"\n<title>NerdAxe - Go Brrr<\/title>\n<meta name=\"description\" content=\"NerdAxe by Bitmaker: Efficient BM1366-Powered Bitcoin ASIC MinerElevate your bitcoin mining setup with the NerdAxe by Bitmaker, a compact and powerful ASIC miner designed for efficient home mining.Key Features:Powered by the high-performance BM1366 chipImpressive hashrate: up to 500+ GH\/sExceptional energy efficiency: ~12W power consumptionCustomizable 3D-printed minimalist stand includedAvailable Options:Upgrade kit for existing setupsFull kit including screen for new minersOptional 5V 4A rated high-quality EU Plug Power SupplyTechnical Specifications:ASIC: BM1366Hashrate: 500+ GH\/sPower Efficiency: ~12WDisplay: Optional screen included in full kitCustomization:3D-printed stand with color optionsAdditional Benefits:Compact design ideal for home bitcoin miningPart of profits support ongoing NerdAxe project developmentIdeal for:Home bitcoin minersEnthusiasts seeking efficient mining solutionsThose looking to support decentralized bitcoin miningJoin the future of home bitcoin mining with the NerdAxe. Order now to experience efficient, customizable mining at your fingertips!\" \/>\n<meta name=\"robots\" content=\"index, follow, max-snippet:-1, max-image-preview:large, max-video-preview:-1\" \/>\n<link rel=\"canonical\" href=\"https:\/\/www.gobrrr.me\/de\/product\/nerdaxe\/\" \/>\n<meta property=\"og:locale\" content=\"de_DE\" \/>\n<meta property=\"og:type\" content=\"article\" \/>\n<meta property=\"og:title\" content=\"NerdAxe\" \/>\n<meta property=\"og:description\" content=\"The NerdAxe by Bitmaker, powered by the BM1366, capable of up to 500+ GH\/s at ~12W.\u00a0 Available as upgrade kit and as a full kit with screen, you can choose to add a 5V 4A rated high quality [EU Plug] Power Supply to your order. Comes with a 3D-printed minimalist stand which you can customize in color.\" \/>\n<meta property=\"og:url\" content=\"https:\/\/www.gobrrr.me\/de\/product\/nerdaxe\/\" \/>\n<meta property=\"og:site_name\" content=\"Go Brrr\" \/>\n<meta property=\"article:modified_time\" content=\"2025-03-20T11:11:37+00:00\" \/>\n<meta property=\"og:image\" content=\"https:\/\/www.gobrrr.me\/ozypsoob\/2024\/06\/NerdAxe_enclosed-10_gobrrr.me_.jpg\" \/>\n\t<meta property=\"og:image:width\" content=\"1024\" \/>\n\t<meta property=\"og:image:height\" content=\"771\" \/>\n\t<meta property=\"og:image:type\" content=\"image\/jpeg\" \/>\n<meta name=\"twitter:card\" content=\"summary_large_image\" \/>\n<meta name=\"twitter:title\" content=\"NerdAxe\" \/>\n<meta name=\"twitter:description\" content=\"The NerdAxe by Bitmaker, powered by the BM1366, capable of up to 500+ GH\/s at ~12W.\u00a0 Available as upgrade kit and as a full kit with screen, you can choose to add a 5V 4A rated high quality [EU Plug] Power Supply to your order. Comes with a 3D-printed minimalist stand which you can customize in color.\" \/>\n<meta name=\"twitter:image\" content=\"https:\/\/www.gobrrr.me\/ozypsoob\/2024\/06\/NerdAxe_enclosed-10_gobrrr.me_.jpg\" \/>\n<meta name=\"twitter:site\" content=\"@GoBrrr_me\" \/>\n<meta name=\"twitter:label1\" content=\"Gesch\u00e4tzte Lesezeit\" \/>\n\t<meta name=\"twitter:data1\" content=\"1 Minute\" \/>\n<script type=\"application\/ld+json\" class=\"yoast-schema-graph\">{\"@context\":\"https:\\\/\\\/schema.org\",\"@graph\":[{\"@type\":\"WebPage\",\"@id\":\"https:\\\/\\\/www.gobrrr.me\\\/product\\\/nerdaxe\\\/\",\"url\":\"https:\\\/\\\/www.gobrrr.me\\\/product\\\/nerdaxe\\\/\",\"name\":\"NerdAxe - Go Brrr\",\"isPartOf\":{\"@id\":\"https:\\\/\\\/www.gobrrr.me\\\/#website\"},\"primaryImageOfPage\":{\"@id\":\"https:\\\/\\\/www.gobrrr.me\\\/product\\\/nerdaxe\\\/#primaryimage\"},\"image\":{\"@id\":\"https:\\\/\\\/www.gobrrr.me\\\/product\\\/nerdaxe\\\/#primaryimage\"},\"thumbnailUrl\":\"https:\\\/\\\/www.gobrrr.me\\\/wp-content\\\/uploads\\\/2024\\\/06\\\/NerdAxe_enclosed-10_gobrrr.me_.jpg\",\"datePublished\":\"2024-06-26T09:07:24+00:00\",\"dateModified\":\"2025-03-20T11:11:37+00:00\",\"description\":\"NerdAxe by Bitmaker: Efficient BM1366-Powered Bitcoin ASIC MinerElevate your bitcoin mining setup with the NerdAxe by Bitmaker, a compact and powerful ASIC miner designed for efficient home mining.Key Features:Powered by the high-performance BM1366 chipImpressive hashrate: up to 500+ GH\\\/sExceptional energy efficiency: ~12W power consumptionCustomizable 3D-printed minimalist stand includedAvailable Options:Upgrade kit for existing setupsFull kit including screen for new minersOptional 5V 4A rated high-quality EU Plug Power SupplyTechnical Specifications:ASIC: BM1366Hashrate: 500+ GH\\\/sPower Efficiency: ~12WDisplay: Optional screen included in full kitCustomization:3D-printed stand with color optionsAdditional Benefits:Compact design ideal for home bitcoin miningPart of profits support ongoing NerdAxe project developmentIdeal for:Home bitcoin minersEnthusiasts seeking efficient mining solutionsThose looking to support decentralized bitcoin miningJoin the future of home bitcoin mining with the NerdAxe. Order now to experience efficient, customizable mining at your fingertips!\",\"breadcrumb\":{\"@id\":\"https:\\\/\\\/www.gobrrr.me\\\/product\\\/nerdaxe\\\/#breadcrumb\"},\"inLanguage\":\"de-AT\",\"potentialAction\":[{\"@type\":\"ReadAction\",\"target\":[\"https:\\\/\\\/www.gobrrr.me\\\/product\\\/nerdaxe\\\/\"]}]},{\"@type\":\"ImageObject\",\"inLanguage\":\"de-AT\",\"@id\":\"https:\\\/\\\/www.gobrrr.me\\\/product\\\/nerdaxe\\\/#primaryimage\",\"url\":\"https:\\\/\\\/www.gobrrr.me\\\/wp-content\\\/uploads\\\/2024\\\/06\\\/NerdAxe_enclosed-10_gobrrr.me_.jpg\",\"contentUrl\":\"https:\\\/\\\/www.gobrrr.me\\\/wp-content\\\/uploads\\\/2024\\\/06\\\/NerdAxe_enclosed-10_gobrrr.me_.jpg\",\"width\":1024,\"height\":771},{\"@type\":\"BreadcrumbList\",\"@id\":\"https:\\\/\\\/www.gobrrr.me\\\/product\\\/nerdaxe\\\/#breadcrumb\",\"itemListElement\":[{\"@type\":\"ListItem\",\"position\":1,\"name\":\"Home\",\"item\":\"https:\\\/\\\/www.gobrrr.me\\\/\"},{\"@type\":\"ListItem\",\"position\":2,\"name\":\"Shop\",\"item\":\"https:\\\/\\\/www.gobrrr.me\\\/shop\\\/\"},{\"@type\":\"ListItem\",\"position\":3,\"name\":\"NerdAxe\"}]},{\"@type\":\"WebSite\",\"@id\":\"https:\\\/\\\/www.gobrrr.me\\\/#website\",\"url\":\"https:\\\/\\\/www.gobrrr.me\\\/\",\"name\":\"Go Brrr\",\"description\":\"3D prints for sovereign individuals\",\"publisher\":{\"@id\":\"https:\\\/\\\/www.gobrrr.me\\\/#organization\"},\"potentialAction\":[{\"@type\":\"SearchAction\",\"target\":{\"@type\":\"EntryPoint\",\"urlTemplate\":\"https:\\\/\\\/www.gobrrr.me\\\/?s={search_term_string}\"},\"query-input\":{\"@type\":\"PropertyValueSpecification\",\"valueRequired\":true,\"valueName\":\"search_term_string\"}}],\"inLanguage\":\"de-AT\"},{\"@type\":\"Organization\",\"@id\":\"https:\\\/\\\/www.gobrrr.me\\\/#organization\",\"name\":\"Go Brrr 3D\",\"url\":\"https:\\\/\\\/www.gobrrr.me\\\/\",\"logo\":{\"@type\":\"ImageObject\",\"inLanguage\":\"de-AT\",\"@id\":\"https:\\\/\\\/www.gobrrr.me\\\/#\\\/schema\\\/logo\\\/image\\\/\",\"url\":\"https:\\\/\\\/i0.wp.com\\\/www.gobrrr.me\\\/wp-content\\\/uploads\\\/2022\\\/02\\\/BrrrIco.png?fit=100%2C100&ssl=1\",\"contentUrl\":\"https:\\\/\\\/i0.wp.com\\\/www.gobrrr.me\\\/wp-content\\\/uploads\\\/2022\\\/02\\\/BrrrIco.png?fit=100%2C100&ssl=1\",\"width\":100,\"height\":100,\"caption\":\"Go Brrr 3D\"},\"image\":{\"@id\":\"https:\\\/\\\/www.gobrrr.me\\\/#\\\/schema\\\/logo\\\/image\\\/\"},\"sameAs\":[\"https:\\\/\\\/x.com\\\/GoBrrr_me\"]}]}<\/script>\n","yoast_head_json":{"title":"NerdAxe - Go Brrr","description":"NerdAxe by Bitmaker: Efficient BM1366-Powered Bitcoin ASIC MinerElevate your bitcoin mining setup with the NerdAxe by Bitmaker, a compact and powerful ASIC miner designed for efficient home mining.Key Features:Powered by the high-performance BM1366 chipImpressive hashrate: up to 500+ GH\/sExceptional energy efficiency: ~12W power consumptionCustomizable 3D-printed minimalist stand includedAvailable Options:Upgrade kit for existing setupsFull kit including screen for new minersOptional 5V 4A rated high-quality EU Plug Power SupplyTechnical Specifications:ASIC: BM1366Hashrate: 500+ GH\/sPower Efficiency: ~12WDisplay: Optional screen included in full kitCustomization:3D-printed stand with color optionsAdditional Benefits:Compact design ideal for home bitcoin miningPart of profits support ongoing NerdAxe project developmentIdeal for:Home bitcoin minersEnthusiasts seeking efficient mining solutionsThose looking to support decentralized bitcoin miningJoin the future of home bitcoin mining with the NerdAxe. Order now to experience efficient, customizable mining at your fingertips!","robots":{"index":"index","follow":"follow","max-snippet":"max-snippet:-1","max-image-preview":"max-image-preview:large","max-video-preview":"max-video-preview:-1"},"canonical":"https:\/\/www.gobrrr.me\/de\/product\/nerdaxe\/","og_locale":"de_DE","og_type":"article","og_title":"NerdAxe","og_description":"The NerdAxe by Bitmaker, powered by the BM1366, capable of up to 500+ GH\/s at ~12W.\u00a0 Available as upgrade kit and as a full kit with screen, you can choose to add a 5V 4A rated high quality [EU Plug] Power Supply to your order. Comes with a 3D-printed minimalist stand which you can customize in color.","og_url":"https:\/\/www.gobrrr.me\/de\/product\/nerdaxe\/","og_site_name":"Go Brrr","article_modified_time":"2025-03-20T11:11:37+00:00","og_image":[{"width":1024,"height":771,"url":"https:\/\/www.gobrrr.me\/ozypsoob\/2024\/06\/NerdAxe_enclosed-10_gobrrr.me_.jpg","type":"image\/jpeg"}],"twitter_card":"summary_large_image","twitter_title":"NerdAxe","twitter_description":"The NerdAxe by Bitmaker, powered by the BM1366, capable of up to 500+ GH\/s at ~12W.\u00a0 Available as upgrade kit and as a full kit with screen, you can choose to add a 5V 4A rated high quality [EU Plug] Power Supply to your order. Comes with a 3D-printed minimalist stand which you can customize in color.","twitter_image":"https:\/\/www.gobrrr.me\/ozypsoob\/2024\/06\/NerdAxe_enclosed-10_gobrrr.me_.jpg","twitter_site":"@GoBrrr_me","twitter_misc":{"Gesch\u00e4tzte Lesezeit":"1 Minute"},"schema":{"@context":"https:\/\/schema.org","@graph":[{"@type":"WebPage","@id":"https:\/\/www.gobrrr.me\/product\/nerdaxe\/","url":"https:\/\/www.gobrrr.me\/product\/nerdaxe\/","name":"NerdAxe - Go Brrr","isPartOf":{"@id":"https:\/\/www.gobrrr.me\/#website"},"primaryImageOfPage":{"@id":"https:\/\/www.gobrrr.me\/product\/nerdaxe\/#primaryimage"},"image":{"@id":"https:\/\/www.gobrrr.me\/product\/nerdaxe\/#primaryimage"},"thumbnailUrl":"https:\/\/www.gobrrr.me\/ozypsoob\/2024\/06\/NerdAxe_enclosed-10_gobrrr.me_.jpg","datePublished":"2024-06-26T09:07:24+00:00","dateModified":"2025-03-20T11:11:37+00:00","description":"NerdAxe by Bitmaker: Efficient BM1366-Powered Bitcoin ASIC MinerElevate your bitcoin mining setup with the NerdAxe by Bitmaker, a compact and powerful ASIC miner designed for efficient home mining.Key Features:Powered by the high-performance BM1366 chipImpressive hashrate: up to 500+ GH\/sExceptional energy efficiency: ~12W power consumptionCustomizable 3D-printed minimalist stand includedAvailable Options:Upgrade kit for existing setupsFull kit including screen for new minersOptional 5V 4A rated high-quality EU Plug Power SupplyTechnical Specifications:ASIC: BM1366Hashrate: 500+ GH\/sPower Efficiency: ~12WDisplay: Optional screen included in full kitCustomization:3D-printed stand with color optionsAdditional Benefits:Compact design ideal for home bitcoin miningPart of profits support ongoing NerdAxe project developmentIdeal for:Home bitcoin minersEnthusiasts seeking efficient mining solutionsThose looking to support decentralized bitcoin miningJoin the future of home bitcoin mining with the NerdAxe. Order now to experience efficient, customizable mining at your fingertips!","breadcrumb":{"@id":"https:\/\/www.gobrrr.me\/product\/nerdaxe\/#breadcrumb"},"inLanguage":"de-AT","potentialAction":[{"@type":"ReadAction","target":["https:\/\/www.gobrrr.me\/product\/nerdaxe\/"]}]},{"@type":"ImageObject","inLanguage":"de-AT","@id":"https:\/\/www.gobrrr.me\/product\/nerdaxe\/#primaryimage","url":"https:\/\/www.gobrrr.me\/ozypsoob\/2024\/06\/NerdAxe_enclosed-10_gobrrr.me_.jpg","contentUrl":"https:\/\/www.gobrrr.me\/ozypsoob\/2024\/06\/NerdAxe_enclosed-10_gobrrr.me_.jpg","width":1024,"height":771},{"@type":"BreadcrumbList","@id":"https:\/\/www.gobrrr.me\/product\/nerdaxe\/#breadcrumb","itemListElement":[{"@type":"ListItem","position":1,"name":"Home","item":"https:\/\/www.gobrrr.me\/"},{"@type":"ListItem","position":2,"name":"Shop","item":"https:\/\/www.gobrrr.me\/shop\/"},{"@type":"ListItem","position":3,"name":"NerdAxe"}]},{"@type":"WebSite","@id":"https:\/\/www.gobrrr.me\/#website","url":"https:\/\/www.gobrrr.me\/","name":"Go Brrr","description":"3D prints for sovereign individuals","publisher":{"@id":"https:\/\/www.gobrrr.me\/#organization"},"potentialAction":[{"@type":"SearchAction","target":{"@type":"EntryPoint","urlTemplate":"https:\/\/www.gobrrr.me\/?s={search_term_string}"},"query-input":{"@type":"PropertyValueSpecification","valueRequired":true,"valueName":"search_term_string"}}],"inLanguage":"de-AT"},{"@type":"Organization","@id":"https:\/\/www.gobrrr.me\/#organization","name":"Go Brrr 3D","url":"https:\/\/www.gobrrr.me\/","logo":{"@type":"ImageObject","inLanguage":"de-AT","@id":"https:\/\/www.gobrrr.me\/#\/schema\/logo\/image\/","url":"https:\/\/i0.wp.com\/www.gobrrr.me\/ozypsoob\/2022\/02\/BrrrIco.png?fit=100%2C100&ssl=1","contentUrl":"https:\/\/i0.wp.com\/www.gobrrr.me\/ozypsoob\/2022\/02\/BrrrIco.png?fit=100%2C100&ssl=1","width":100,"height":100,"caption":"Go Brrr 3D"},"image":{"@id":"https:\/\/www.gobrrr.me\/#\/schema\/logo\/image\/"},"sameAs":["https:\/\/x.com\/GoBrrr_me"]}]}},"_links":{"self":[{"href":"https:\/\/www.gobrrr.me\/de\/wp-json\/wp\/v2\/product\/7515","targetHints":{"allow":["GET"]}}],"collection":[{"href":"https:\/\/www.gobrrr.me\/de\/wp-json\/wp\/v2\/product"}],"about":[{"href":"https:\/\/www.gobrrr.me\/de\/wp-json\/wp\/v2\/types\/product"}],"replies":[{"embeddable":true,"href":"https:\/\/www.gobrrr.me\/de\/wp-json\/wp\/v2\/comments?post=7515"}],"version-history":[{"count":0,"href":"https:\/\/www.gobrrr.me\/de\/wp-json\/wp\/v2\/product\/7515\/revisions"}],"wp:featuredmedia":[{"embeddable":true,"href":"https:\/\/www.gobrrr.me\/de\/wp-json\/wp\/v2\/media\/8063"}],"wp:attachment":[{"href":"https:\/\/www.gobrrr.me\/de\/wp-json\/wp\/v2\/media?parent=7515"}],"wp:term":[{"taxonomy":"product_brand","embeddable":true,"href":"https:\/\/www.gobrrr.me\/de\/wp-json\/wp\/v2\/product_brand?post=7515"},{"taxonomy":"product_cat","embeddable":true,"href":"https:\/\/www.gobrrr.me\/de\/wp-json\/wp\/v2\/product_cat?post=7515"},{"taxonomy":"product_tag","embeddable":true,"href":"https:\/\/www.gobrrr.me\/de\/wp-json\/wp\/v2\/product_tag?post=7515"}],"curies":[{"name":"wp","href":"https:\/\/api.w.org\/{rel}","templated":true}]}}