{"id":7344,"date":"2024-05-16T20:09:00","date_gmt":"2024-05-16T18:09:00","guid":{"rendered":"https:\/\/www.gobrrr.me\/?post_type=product&#038;p=7344"},"modified":"2025-11-13T10:47:49","modified_gmt":"2025-11-13T09:47:49","slug":"darth-validator","status":"publish","type":"product","link":"https:\/\/www.gobrrr.me\/de\/product\/darth-validator\/","title":{"rendered":"<p>Darth Validator<\/p>"},"content":{"rendered":"<p>Dieser 3D-gedruckte Sithlord nutzt sein Wissen in den dunklen K\u00fcnsten, um die Kraft des kleinen Solobergbaus auf der Erde freizusetzen.<p>Bitaxe nicht im Lieferumfang enthalten, f\u00fcgen Sie ein Bitaxe zu Ihrem Warenkorb hinzu <a href=\"https:\/\/www.gobrrr.me\/shop\/4miners\/\" target=\"_blank\" rel=\"noopener\">hier<\/a><\/p><p>Darth Validator ist ein 17-st\u00fcndiger Druck und ben\u00f6tigt daher m\u00f6glicherweise ein paar Tage, bevor er versendet wird, abh\u00e4ngig von der L\u00e4nge unserer Druckwarteschlange.<\/p><\/p>","protected":false},"excerpt":{"rendered":"<p>Dieser 3D-gedruckte Sithlord nutzt sein Wissen in den dunklen K\u00fcnsten, um die Kraft des kleinen Solobergbaus auf der Erde freizusetzen.<p><em>Bitaxe nicht im Lieferumfang enthalten, f\u00fcgen Sie ein Bitaxe zu Ihrem Warenkorb hinzu <\/em><a href=\"https:\/\/www.gobrrr.me\/shop\/4miners\/\" target=\"_blank\" rel=\"noopener\"><em>hier<\/em><\/a><\/p><\/p>","protected":false},"featured_media":7350,"comment_status":"closed","ping_status":"closed","template":"","meta":[],"product_brand":[],"product_cat":[280,210],"product_tag":[236,245],"class_list":{"0":"post-7344","1":"product","2":"type-product","3":"status-publish","4":"has-post-thumbnail","6":"product_cat-bitaxe-accessories","7":"product_cat-mining","8":"product_tag-bitaxe","9":"product_tag-bitaxeprints","10":"product_shipping_class-s","12":"first","13":"instock","14":"taxable","15":"shipping-taxable","16":"purchasable","17":"product-type-variable"},"yoast_head":"\n<title>Darth Validator - Go Brrr<\/title>\n<meta name=\"robots\" content=\"index, follow, max-snippet:-1, max-image-preview:large, max-video-preview:-1\" \/>\n<link rel=\"canonical\" href=\"https:\/\/www.gobrrr.me\/de\/product\/darth-validator\/\" \/>\n<meta property=\"og:locale\" content=\"de_DE\" \/>\n<meta property=\"og:type\" content=\"article\" \/>\n<meta property=\"og:title\" content=\"Darth Validator\" \/>\n<meta property=\"og:description\" content=\"This 3D-printed Sithlord uses his knowledge in the dark arts to unleash the force of small scale solo mining upon the earth, available as &quot;enclosure only&quot; or with Bitaxe Supra.\" \/>\n<meta property=\"og:url\" content=\"https:\/\/www.gobrrr.me\/de\/product\/darth-validator\/\" \/>\n<meta property=\"og:site_name\" content=\"Go Brrr\" \/>\n<meta property=\"article:modified_time\" content=\"2025-11-13T09:47:49+00:00\" \/>\n<meta property=\"og:image\" content=\"https:\/\/www.gobrrr.me\/ozypsoob\/2024\/05\/DarthValidator-9.jpg\" \/>\n\t<meta property=\"og:image:width\" content=\"1485\" \/>\n\t<meta property=\"og:image:height\" content=\"1118\" \/>\n\t<meta property=\"og:image:type\" content=\"image\/jpeg\" \/>\n<meta name=\"twitter:card\" content=\"summary_large_image\" \/>\n<meta name=\"twitter:title\" content=\"Darth Validator\" \/>\n<meta name=\"twitter:description\" content=\"This 3D-printed Sithlord uses his knowledge in the dark arts to unleash the force of small scale solo mining upon the earth, available as &quot;enclosure only&quot; or with Bitaxe Supra.\" \/>\n<meta name=\"twitter:image\" content=\"https:\/\/www.gobrrr.me\/ozypsoob\/2024\/05\/DarthValidator-9.jpg\" \/>\n<meta name=\"twitter:site\" content=\"@GoBrrr_me\" \/>\n<meta name=\"twitter:label1\" content=\"Gesch\u00e4tzte Lesezeit\" \/>\n\t<meta name=\"twitter:data1\" content=\"1 Minute\" \/>\n<script type=\"application\/ld+json\" class=\"yoast-schema-graph\">{\"@context\":\"https:\\\/\\\/schema.org\",\"@graph\":[{\"@type\":\"WebPage\",\"@id\":\"https:\\\/\\\/www.gobrrr.me\\\/product\\\/darth-validator\\\/\",\"url\":\"https:\\\/\\\/www.gobrrr.me\\\/product\\\/darth-validator\\\/\",\"name\":\"Darth Validator - Go Brrr\",\"isPartOf\":{\"@id\":\"https:\\\/\\\/www.gobrrr.me\\\/#website\"},\"primaryImageOfPage\":{\"@id\":\"https:\\\/\\\/www.gobrrr.me\\\/product\\\/darth-validator\\\/#primaryimage\"},\"image\":{\"@id\":\"https:\\\/\\\/www.gobrrr.me\\\/product\\\/darth-validator\\\/#primaryimage\"},\"thumbnailUrl\":\"https:\\\/\\\/www.gobrrr.me\\\/wp-content\\\/uploads\\\/2024\\\/05\\\/DarthValidator-9.jpg\",\"datePublished\":\"2024-05-16T18:09:00+00:00\",\"dateModified\":\"2025-11-13T09:47:49+00:00\",\"breadcrumb\":{\"@id\":\"https:\\\/\\\/www.gobrrr.me\\\/product\\\/darth-validator\\\/#breadcrumb\"},\"inLanguage\":\"de-AT\",\"potentialAction\":[{\"@type\":\"ReadAction\",\"target\":[\"https:\\\/\\\/www.gobrrr.me\\\/product\\\/darth-validator\\\/\"]}]},{\"@type\":\"ImageObject\",\"inLanguage\":\"de-AT\",\"@id\":\"https:\\\/\\\/www.gobrrr.me\\\/product\\\/darth-validator\\\/#primaryimage\",\"url\":\"https:\\\/\\\/www.gobrrr.me\\\/wp-content\\\/uploads\\\/2024\\\/05\\\/DarthValidator-9.jpg\",\"contentUrl\":\"https:\\\/\\\/www.gobrrr.me\\\/wp-content\\\/uploads\\\/2024\\\/05\\\/DarthValidator-9.jpg\",\"width\":1485,\"height\":1118},{\"@type\":\"BreadcrumbList\",\"@id\":\"https:\\\/\\\/www.gobrrr.me\\\/product\\\/darth-validator\\\/#breadcrumb\",\"itemListElement\":[{\"@type\":\"ListItem\",\"position\":1,\"name\":\"Home\",\"item\":\"https:\\\/\\\/www.gobrrr.me\\\/\"},{\"@type\":\"ListItem\",\"position\":2,\"name\":\"Shop\",\"item\":\"https:\\\/\\\/www.gobrrr.me\\\/shop\\\/\"},{\"@type\":\"ListItem\",\"position\":3,\"name\":\"Darth Validator\"}]},{\"@type\":\"WebSite\",\"@id\":\"https:\\\/\\\/www.gobrrr.me\\\/#website\",\"url\":\"https:\\\/\\\/www.gobrrr.me\\\/\",\"name\":\"Go Brrr\",\"description\":\"3D prints for sovereign individuals\",\"publisher\":{\"@id\":\"https:\\\/\\\/www.gobrrr.me\\\/#organization\"},\"potentialAction\":[{\"@type\":\"SearchAction\",\"target\":{\"@type\":\"EntryPoint\",\"urlTemplate\":\"https:\\\/\\\/www.gobrrr.me\\\/?s={search_term_string}\"},\"query-input\":{\"@type\":\"PropertyValueSpecification\",\"valueRequired\":true,\"valueName\":\"search_term_string\"}}],\"inLanguage\":\"de-AT\"},{\"@type\":\"Organization\",\"@id\":\"https:\\\/\\\/www.gobrrr.me\\\/#organization\",\"name\":\"Go Brrr 3D\",\"url\":\"https:\\\/\\\/www.gobrrr.me\\\/\",\"logo\":{\"@type\":\"ImageObject\",\"inLanguage\":\"de-AT\",\"@id\":\"https:\\\/\\\/www.gobrrr.me\\\/#\\\/schema\\\/logo\\\/image\\\/\",\"url\":\"https:\\\/\\\/i0.wp.com\\\/www.gobrrr.me\\\/wp-content\\\/uploads\\\/2022\\\/02\\\/BrrrIco.png?fit=100%2C100&ssl=1\",\"contentUrl\":\"https:\\\/\\\/i0.wp.com\\\/www.gobrrr.me\\\/wp-content\\\/uploads\\\/2022\\\/02\\\/BrrrIco.png?fit=100%2C100&ssl=1\",\"width\":100,\"height\":100,\"caption\":\"Go Brrr 3D\"},\"image\":{\"@id\":\"https:\\\/\\\/www.gobrrr.me\\\/#\\\/schema\\\/logo\\\/image\\\/\"},\"sameAs\":[\"https:\\\/\\\/x.com\\\/GoBrrr_me\"]}]}<\/script>\n","yoast_head_json":{"title":"Darth Validator - Go Brrr","robots":{"index":"index","follow":"follow","max-snippet":"max-snippet:-1","max-image-preview":"max-image-preview:large","max-video-preview":"max-video-preview:-1"},"canonical":"https:\/\/www.gobrrr.me\/de\/product\/darth-validator\/","og_locale":"de_DE","og_type":"article","og_title":"Darth Validator","og_description":"This 3D-printed Sithlord uses his knowledge in the dark arts to unleash the force of small scale solo mining upon the earth, available as \"enclosure only\" or with Bitaxe Supra.","og_url":"https:\/\/www.gobrrr.me\/de\/product\/darth-validator\/","og_site_name":"Go Brrr","article_modified_time":"2025-11-13T09:47:49+00:00","og_image":[{"width":1485,"height":1118,"url":"https:\/\/www.gobrrr.me\/ozypsoob\/2024\/05\/DarthValidator-9.jpg","type":"image\/jpeg"}],"twitter_card":"summary_large_image","twitter_title":"Darth Validator","twitter_description":"This 3D-printed Sithlord uses his knowledge in the dark arts to unleash the force of small scale solo mining upon the earth, available as \"enclosure only\" or with Bitaxe Supra.","twitter_image":"https:\/\/www.gobrrr.me\/ozypsoob\/2024\/05\/DarthValidator-9.jpg","twitter_site":"@GoBrrr_me","twitter_misc":{"Gesch\u00e4tzte Lesezeit":"1 Minute"},"schema":{"@context":"https:\/\/schema.org","@graph":[{"@type":"WebPage","@id":"https:\/\/www.gobrrr.me\/product\/darth-validator\/","url":"https:\/\/www.gobrrr.me\/product\/darth-validator\/","name":"Darth Validator - Go Brrr","isPartOf":{"@id":"https:\/\/www.gobrrr.me\/#website"},"primaryImageOfPage":{"@id":"https:\/\/www.gobrrr.me\/product\/darth-validator\/#primaryimage"},"image":{"@id":"https:\/\/www.gobrrr.me\/product\/darth-validator\/#primaryimage"},"thumbnailUrl":"https:\/\/www.gobrrr.me\/ozypsoob\/2024\/05\/DarthValidator-9.jpg","datePublished":"2024-05-16T18:09:00+00:00","dateModified":"2025-11-13T09:47:49+00:00","breadcrumb":{"@id":"https:\/\/www.gobrrr.me\/product\/darth-validator\/#breadcrumb"},"inLanguage":"de-AT","potentialAction":[{"@type":"ReadAction","target":["https:\/\/www.gobrrr.me\/product\/darth-validator\/"]}]},{"@type":"ImageObject","inLanguage":"de-AT","@id":"https:\/\/www.gobrrr.me\/product\/darth-validator\/#primaryimage","url":"https:\/\/www.gobrrr.me\/ozypsoob\/2024\/05\/DarthValidator-9.jpg","contentUrl":"https:\/\/www.gobrrr.me\/ozypsoob\/2024\/05\/DarthValidator-9.jpg","width":1485,"height":1118},{"@type":"BreadcrumbList","@id":"https:\/\/www.gobrrr.me\/product\/darth-validator\/#breadcrumb","itemListElement":[{"@type":"ListItem","position":1,"name":"Home","item":"https:\/\/www.gobrrr.me\/"},{"@type":"ListItem","position":2,"name":"Shop","item":"https:\/\/www.gobrrr.me\/shop\/"},{"@type":"ListItem","position":3,"name":"Darth Validator"}]},{"@type":"WebSite","@id":"https:\/\/www.gobrrr.me\/#website","url":"https:\/\/www.gobrrr.me\/","name":"Go Brrr","description":"3D prints for sovereign individuals","publisher":{"@id":"https:\/\/www.gobrrr.me\/#organization"},"potentialAction":[{"@type":"SearchAction","target":{"@type":"EntryPoint","urlTemplate":"https:\/\/www.gobrrr.me\/?s={search_term_string}"},"query-input":{"@type":"PropertyValueSpecification","valueRequired":true,"valueName":"search_term_string"}}],"inLanguage":"de-AT"},{"@type":"Organization","@id":"https:\/\/www.gobrrr.me\/#organization","name":"Go Brrr 3D","url":"https:\/\/www.gobrrr.me\/","logo":{"@type":"ImageObject","inLanguage":"de-AT","@id":"https:\/\/www.gobrrr.me\/#\/schema\/logo\/image\/","url":"https:\/\/i0.wp.com\/www.gobrrr.me\/ozypsoob\/2022\/02\/BrrrIco.png?fit=100%2C100&ssl=1","contentUrl":"https:\/\/i0.wp.com\/www.gobrrr.me\/ozypsoob\/2022\/02\/BrrrIco.png?fit=100%2C100&ssl=1","width":100,"height":100,"caption":"Go Brrr 3D"},"image":{"@id":"https:\/\/www.gobrrr.me\/#\/schema\/logo\/image\/"},"sameAs":["https:\/\/x.com\/GoBrrr_me"]}]}},"_links":{"self":[{"href":"https:\/\/www.gobrrr.me\/de\/wp-json\/wp\/v2\/product\/7344","targetHints":{"allow":["GET"]}}],"collection":[{"href":"https:\/\/www.gobrrr.me\/de\/wp-json\/wp\/v2\/product"}],"about":[{"href":"https:\/\/www.gobrrr.me\/de\/wp-json\/wp\/v2\/types\/product"}],"replies":[{"embeddable":true,"href":"https:\/\/www.gobrrr.me\/de\/wp-json\/wp\/v2\/comments?post=7344"}],"version-history":[{"count":0,"href":"https:\/\/www.gobrrr.me\/de\/wp-json\/wp\/v2\/product\/7344\/revisions"}],"wp:featuredmedia":[{"embeddable":true,"href":"https:\/\/www.gobrrr.me\/de\/wp-json\/wp\/v2\/media\/7350"}],"wp:attachment":[{"href":"https:\/\/www.gobrrr.me\/de\/wp-json\/wp\/v2\/media?parent=7344"}],"wp:term":[{"taxonomy":"product_brand","embeddable":true,"href":"https:\/\/www.gobrrr.me\/de\/wp-json\/wp\/v2\/product_brand?post=7344"},{"taxonomy":"product_cat","embeddable":true,"href":"https:\/\/www.gobrrr.me\/de\/wp-json\/wp\/v2\/product_cat?post=7344"},{"taxonomy":"product_tag","embeddable":true,"href":"https:\/\/www.gobrrr.me\/de\/wp-json\/wp\/v2\/product_tag?post=7344"}],"curies":[{"name":"wp","href":"https:\/\/api.w.org\/{rel}","templated":true}]}}