{"id":5783,"date":"2023-11-12T18:32:00","date_gmt":"2023-11-12T17:32:00","guid":{"rendered":"https:\/\/www.gobrrr.me\/?post_type=product&#038;p=5783"},"modified":"2025-06-09T13:03:05","modified_gmt":"2025-06-09T11:03:05","slug":"orange-clock","status":"publish","type":"product","link":"https:\/\/www.gobrrr.me\/de\/product\/orange-clock\/","title":{"rendered":"<p>Orange Uhr<\/p>"},"content":{"rendered":"<p><strong>Ein Hinweis zur Software:<\/strong> Es sei darauf hingewiesen, dass sich die Software, die Orange Clock antreibt, noch in der aktiven Entwicklung befindet. Zus\u00e4tzliche Anzeigeansichten und andere Funktionen sind geplant, aber die zus\u00e4tzliche Funktionalit\u00e4t erfordert eine manuelle Aktualisierung der Software dieses Ger\u00e4ts \u00fcber eine USB-Verbindung (weitere Informationen zu diesem Prozess sind unter https:\/\/orange-clock.com einsehbar). Es sei auch darauf hingewiesen, dass dieser Kauf keine Garantien in Bezug auf die Funktionalit\u00e4t im Zusammenhang mit dem Orange Clock-Softwareprojekt bietet oder impliziert. Weitere Informationen zur Software finden Sie unter: https:\/\/github.com\/marc3linho\/OrangeClock<p>Um Anreize f\u00fcr die laufende Entwicklung zu schaffen, wird ein Teil des Erl\u00f6ses aus diesen Verk\u00e4ufen an die Hauptzahler des Projekts gespendet.<\/p><p>Besuchen Sie https:\/\/orange-clock.com\/ f\u00fcr Build- und Setup-Anleitungen.<\/p><p><strong>Wenn Sie in Nordamerika ans\u00e4ssig sind, erw\u00e4gen Sie, dieses Produkt bei unseren Partnern unter <a href=\"https:\/\/btc-hardware-solutions.square.site\/s\/shop\">BTC-Hardware<\/a> um beim Versand zu sparen.<\/strong><\/p><\/p>","protected":false},"excerpt":{"rendered":"<p>Eine Bitcoin-Uhr f\u00fcr alle. Ein Open-Source-Ger\u00e4t, das den aktuellen Sats-per-Dollar-Preis, auch bekannt als \u201eMoskauzeit\u201c, Blockh\u00f6he und Mempool-Geb\u00fchren anzeigt. Die Orange Uhr ist vollst\u00e4ndig Open Source, Sie k\u00f6nnen eine selbst mit unserem DIY Kit bauen, erhalten eine vormontierte Orange Uhr bereit zu gehen oder nur das Geh\u00e4use, wenn Sie die Teile selbst beziehen m\u00f6chten. Das Geh\u00e4use enth\u00e4lt nur das zweiteilige Geh\u00e4use und die f\u00fcr die Montage ben\u00f6tigten 2,5 x 6 mm Schrauben. Wenn Sie sich f\u00fcr das vormontierte Produkt entscheiden, wird Ihr OrangeClock als leicht zu bauendes Ger\u00e4t geliefert, das Sie nur mit Ihrem WLAN verbinden m\u00fcssen. (Wi-Fi ist eine harte Anforderung f\u00fcr die OrangeClock, Sie k\u00f6nnen es nicht \u00fcber Ethernet verbinden.) Das DIY-Kit enth\u00e4lt alles, was Sie brauchen, um eine OrangeClock selbst zu bauen.<p>Micro-USB-Kabel f\u00fcr die Stromversorgung nicht im Lieferumfang enthalten, da die meisten von Ihnen bereits eins haben. Wenn Sie dies nicht tun, f\u00fcgen Sie <a href=\"https:\/\/www.gobrrr.me\/product\/usb-cable\/\" target=\"_blank\" rel=\"noopener\">diese<\/a> auf Ihre Bestellung.<\/p><p>Um Anreize f\u00fcr die laufende Entwicklung zu schaffen, wird ein Teil des Erl\u00f6ses aus diesen Verk\u00e4ufen an die Hauptzahler des Projekts gespendet.<\/p><p>Besuchen Sie https:\/\/orange-clock.com\/ f\u00fcr Build- und Setup-Anleitungen.<\/p><p><strong>Wenn Sie sich in Nordamerika befinden, erw\u00e4gen Sie, dieses Produkt bei unseren Freunden unter <a href=\"https:\/\/btc-hardware-solutions.square.site\/s\/shop\">BTC-Hardware<\/a> um beim Versand zu sparen.<\/strong><\/p><\/p>","protected":false},"featured_media":5818,"comment_status":"closed","ping_status":"closed","template":"","meta":[],"product_brand":[],"product_cat":[281],"product_tag":[],"class_list":{"0":"post-5783","1":"product","2":"type-product","3":"status-publish","4":"has-post-thumbnail","6":"product_cat-opensource-gadgets","8":"first","9":"instock","10":"taxable","11":"shipping-taxable","12":"purchasable","13":"product-type-variable"},"yoast_head":"\n<title>Orange Clock - Go Brrr<\/title>\n<meta name=\"robots\" content=\"index, follow, max-snippet:-1, max-image-preview:large, max-video-preview:-1\" \/>\n<link rel=\"canonical\" href=\"https:\/\/www.gobrrr.me\/de\/product\/orange-clock\/\" \/>\n<meta property=\"og:locale\" content=\"de_DE\" \/>\n<meta property=\"og:type\" content=\"article\" \/>\n<meta property=\"og:title\" content=\"OrangeClock\" \/>\n<meta property=\"og:description\" content=\"A bitcoin timepiece for everyone. An open-source device displaying the current sats-per-dollar price, aka &quot;moscow time&quot;, block height and mempool fees. The Orange Clock is fully open source, you can build one yourself, hence we offer a prebuilt version or just the enclosure here. Enclosure only will include the two part enclosure and m 2.5 x 6mm screws needed for the assembly. Preassembled will come as a readily built device, which you only have to connect to your Wi-Fi. (Wi-Fi is a hard requirement for the OrangeClock, you cannot connect it via Ethernet.)\" \/>\n<meta property=\"og:url\" content=\"https:\/\/www.gobrrr.me\/de\/product\/orange-clock\/\" \/>\n<meta property=\"og:site_name\" content=\"Go Brrr\" \/>\n<meta property=\"article:modified_time\" content=\"2025-06-09T11:03:05+00:00\" \/>\n<meta property=\"og:image\" content=\"https:\/\/www.gobrrr.me\/ozypsoob\/2023\/11\/OrangeClock_1-scaled.jpg\" \/>\n\t<meta property=\"og:image:width\" content=\"2560\" \/>\n\t<meta property=\"og:image:height\" content=\"1920\" \/>\n\t<meta property=\"og:image:type\" content=\"image\/jpeg\" \/>\n<meta name=\"twitter:card\" content=\"summary_large_image\" \/>\n<meta name=\"twitter:title\" content=\"OrangeClock\" \/>\n<meta name=\"twitter:description\" content=\"A bitcoin timepiece for everyone. An open-source device displaying the current sats-per-dollar price, aka &quot;moscow time&quot;, block height and mempool fees. The Orange Clock is fully open source, you can build one yourself, hence we offer a prebuilt version or just the enclosure here. Enclosure only will include the two part enclosure and m 2.5 x 6mm screws needed for the assembly. Preassembled will come as a readily built device, which you only have to connect to your Wi-Fi. (Wi-Fi is a hard requirement for the OrangeClock, you cannot connect it via Ethernet.)\" \/>\n<meta name=\"twitter:image\" content=\"https:\/\/www.gobrrr.me\/ozypsoob\/2023\/11\/OrangeClock_1-scaled.jpg\" \/>\n<meta name=\"twitter:site\" content=\"@GoBrrr_me\" \/>\n<meta name=\"twitter:label1\" content=\"Gesch\u00e4tzte Lesezeit\" \/>\n\t<meta name=\"twitter:data1\" content=\"1 Minute\" \/>\n<script type=\"application\/ld+json\" class=\"yoast-schema-graph\">{\"@context\":\"https:\\\/\\\/schema.org\",\"@graph\":[{\"@type\":\"WebPage\",\"@id\":\"https:\\\/\\\/www.gobrrr.me\\\/product\\\/orange-clock\\\/\",\"url\":\"https:\\\/\\\/www.gobrrr.me\\\/product\\\/orange-clock\\\/\",\"name\":\"Orange Clock - Go Brrr\",\"isPartOf\":{\"@id\":\"https:\\\/\\\/www.gobrrr.me\\\/#website\"},\"primaryImageOfPage\":{\"@id\":\"https:\\\/\\\/www.gobrrr.me\\\/product\\\/orange-clock\\\/#primaryimage\"},\"image\":{\"@id\":\"https:\\\/\\\/www.gobrrr.me\\\/product\\\/orange-clock\\\/#primaryimage\"},\"thumbnailUrl\":\"https:\\\/\\\/www.gobrrr.me\\\/wp-content\\\/uploads\\\/2023\\\/11\\\/OrangeClock_1-scaled.jpg\",\"datePublished\":\"2023-11-12T17:32:00+00:00\",\"dateModified\":\"2025-06-09T11:03:05+00:00\",\"breadcrumb\":{\"@id\":\"https:\\\/\\\/www.gobrrr.me\\\/product\\\/orange-clock\\\/#breadcrumb\"},\"inLanguage\":\"de-AT\",\"potentialAction\":[{\"@type\":\"ReadAction\",\"target\":[\"https:\\\/\\\/www.gobrrr.me\\\/product\\\/orange-clock\\\/\"]}]},{\"@type\":\"ImageObject\",\"inLanguage\":\"de-AT\",\"@id\":\"https:\\\/\\\/www.gobrrr.me\\\/product\\\/orange-clock\\\/#primaryimage\",\"url\":\"https:\\\/\\\/www.gobrrr.me\\\/wp-content\\\/uploads\\\/2023\\\/11\\\/OrangeClock_1-scaled.jpg\",\"contentUrl\":\"https:\\\/\\\/www.gobrrr.me\\\/wp-content\\\/uploads\\\/2023\\\/11\\\/OrangeClock_1-scaled.jpg\",\"width\":2560,\"height\":1920},{\"@type\":\"BreadcrumbList\",\"@id\":\"https:\\\/\\\/www.gobrrr.me\\\/product\\\/orange-clock\\\/#breadcrumb\",\"itemListElement\":[{\"@type\":\"ListItem\",\"position\":1,\"name\":\"Home\",\"item\":\"https:\\\/\\\/www.gobrrr.me\\\/\"},{\"@type\":\"ListItem\",\"position\":2,\"name\":\"Shop\",\"item\":\"https:\\\/\\\/www.gobrrr.me\\\/shop\\\/\"},{\"@type\":\"ListItem\",\"position\":3,\"name\":\"Orange Clock\"}]},{\"@type\":\"WebSite\",\"@id\":\"https:\\\/\\\/www.gobrrr.me\\\/#website\",\"url\":\"https:\\\/\\\/www.gobrrr.me\\\/\",\"name\":\"Go Brrr\",\"description\":\"3D prints for sovereign individuals\",\"publisher\":{\"@id\":\"https:\\\/\\\/www.gobrrr.me\\\/#organization\"},\"potentialAction\":[{\"@type\":\"SearchAction\",\"target\":{\"@type\":\"EntryPoint\",\"urlTemplate\":\"https:\\\/\\\/www.gobrrr.me\\\/?s={search_term_string}\"},\"query-input\":{\"@type\":\"PropertyValueSpecification\",\"valueRequired\":true,\"valueName\":\"search_term_string\"}}],\"inLanguage\":\"de-AT\"},{\"@type\":\"Organization\",\"@id\":\"https:\\\/\\\/www.gobrrr.me\\\/#organization\",\"name\":\"Go Brrr 3D\",\"url\":\"https:\\\/\\\/www.gobrrr.me\\\/\",\"logo\":{\"@type\":\"ImageObject\",\"inLanguage\":\"de-AT\",\"@id\":\"https:\\\/\\\/www.gobrrr.me\\\/#\\\/schema\\\/logo\\\/image\\\/\",\"url\":\"https:\\\/\\\/i0.wp.com\\\/www.gobrrr.me\\\/wp-content\\\/uploads\\\/2022\\\/02\\\/BrrrIco.png?fit=100%2C100&ssl=1\",\"contentUrl\":\"https:\\\/\\\/i0.wp.com\\\/www.gobrrr.me\\\/wp-content\\\/uploads\\\/2022\\\/02\\\/BrrrIco.png?fit=100%2C100&ssl=1\",\"width\":100,\"height\":100,\"caption\":\"Go Brrr 3D\"},\"image\":{\"@id\":\"https:\\\/\\\/www.gobrrr.me\\\/#\\\/schema\\\/logo\\\/image\\\/\"},\"sameAs\":[\"https:\\\/\\\/x.com\\\/GoBrrr_me\"]}]}<\/script>\n","yoast_head_json":{"title":"Orange Clock - Go Brrr","robots":{"index":"index","follow":"follow","max-snippet":"max-snippet:-1","max-image-preview":"max-image-preview:large","max-video-preview":"max-video-preview:-1"},"canonical":"https:\/\/www.gobrrr.me\/de\/product\/orange-clock\/","og_locale":"de_DE","og_type":"article","og_title":"OrangeClock","og_description":"A bitcoin timepiece for everyone. An open-source device displaying the current sats-per-dollar price, aka \"moscow time\", block height and mempool fees. The Orange Clock is fully open source, you can build one yourself, hence we offer a prebuilt version or just the enclosure here. Enclosure only will include the two part enclosure and m 2.5 x 6mm screws needed for the assembly. Preassembled will come as a readily built device, which you only have to connect to your Wi-Fi. (Wi-Fi is a hard requirement for the OrangeClock, you cannot connect it via Ethernet.)","og_url":"https:\/\/www.gobrrr.me\/de\/product\/orange-clock\/","og_site_name":"Go Brrr","article_modified_time":"2025-06-09T11:03:05+00:00","og_image":[{"width":2560,"height":1920,"url":"https:\/\/www.gobrrr.me\/ozypsoob\/2023\/11\/OrangeClock_1-scaled.jpg","type":"image\/jpeg"}],"twitter_card":"summary_large_image","twitter_title":"OrangeClock","twitter_description":"A bitcoin timepiece for everyone. An open-source device displaying the current sats-per-dollar price, aka \"moscow time\", block height and mempool fees. The Orange Clock is fully open source, you can build one yourself, hence we offer a prebuilt version or just the enclosure here. Enclosure only will include the two part enclosure and m 2.5 x 6mm screws needed for the assembly. Preassembled will come as a readily built device, which you only have to connect to your Wi-Fi. (Wi-Fi is a hard requirement for the OrangeClock, you cannot connect it via Ethernet.)","twitter_image":"https:\/\/www.gobrrr.me\/ozypsoob\/2023\/11\/OrangeClock_1-scaled.jpg","twitter_site":"@GoBrrr_me","twitter_misc":{"Gesch\u00e4tzte Lesezeit":"1 Minute"},"schema":{"@context":"https:\/\/schema.org","@graph":[{"@type":"WebPage","@id":"https:\/\/www.gobrrr.me\/product\/orange-clock\/","url":"https:\/\/www.gobrrr.me\/product\/orange-clock\/","name":"Orange Clock - Go Brrr","isPartOf":{"@id":"https:\/\/www.gobrrr.me\/#website"},"primaryImageOfPage":{"@id":"https:\/\/www.gobrrr.me\/product\/orange-clock\/#primaryimage"},"image":{"@id":"https:\/\/www.gobrrr.me\/product\/orange-clock\/#primaryimage"},"thumbnailUrl":"https:\/\/www.gobrrr.me\/ozypsoob\/2023\/11\/OrangeClock_1-scaled.jpg","datePublished":"2023-11-12T17:32:00+00:00","dateModified":"2025-06-09T11:03:05+00:00","breadcrumb":{"@id":"https:\/\/www.gobrrr.me\/product\/orange-clock\/#breadcrumb"},"inLanguage":"de-AT","potentialAction":[{"@type":"ReadAction","target":["https:\/\/www.gobrrr.me\/product\/orange-clock\/"]}]},{"@type":"ImageObject","inLanguage":"de-AT","@id":"https:\/\/www.gobrrr.me\/product\/orange-clock\/#primaryimage","url":"https:\/\/www.gobrrr.me\/ozypsoob\/2023\/11\/OrangeClock_1-scaled.jpg","contentUrl":"https:\/\/www.gobrrr.me\/ozypsoob\/2023\/11\/OrangeClock_1-scaled.jpg","width":2560,"height":1920},{"@type":"BreadcrumbList","@id":"https:\/\/www.gobrrr.me\/product\/orange-clock\/#breadcrumb","itemListElement":[{"@type":"ListItem","position":1,"name":"Home","item":"https:\/\/www.gobrrr.me\/"},{"@type":"ListItem","position":2,"name":"Shop","item":"https:\/\/www.gobrrr.me\/shop\/"},{"@type":"ListItem","position":3,"name":"Orange Clock"}]},{"@type":"WebSite","@id":"https:\/\/www.gobrrr.me\/#website","url":"https:\/\/www.gobrrr.me\/","name":"Go Brrr","description":"3D prints for sovereign individuals","publisher":{"@id":"https:\/\/www.gobrrr.me\/#organization"},"potentialAction":[{"@type":"SearchAction","target":{"@type":"EntryPoint","urlTemplate":"https:\/\/www.gobrrr.me\/?s={search_term_string}"},"query-input":{"@type":"PropertyValueSpecification","valueRequired":true,"valueName":"search_term_string"}}],"inLanguage":"de-AT"},{"@type":"Organization","@id":"https:\/\/www.gobrrr.me\/#organization","name":"Go Brrr 3D","url":"https:\/\/www.gobrrr.me\/","logo":{"@type":"ImageObject","inLanguage":"de-AT","@id":"https:\/\/www.gobrrr.me\/#\/schema\/logo\/image\/","url":"https:\/\/i0.wp.com\/www.gobrrr.me\/ozypsoob\/2022\/02\/BrrrIco.png?fit=100%2C100&ssl=1","contentUrl":"https:\/\/i0.wp.com\/www.gobrrr.me\/ozypsoob\/2022\/02\/BrrrIco.png?fit=100%2C100&ssl=1","width":100,"height":100,"caption":"Go Brrr 3D"},"image":{"@id":"https:\/\/www.gobrrr.me\/#\/schema\/logo\/image\/"},"sameAs":["https:\/\/x.com\/GoBrrr_me"]}]}},"_links":{"self":[{"href":"https:\/\/www.gobrrr.me\/de\/wp-json\/wp\/v2\/product\/5783","targetHints":{"allow":["GET"]}}],"collection":[{"href":"https:\/\/www.gobrrr.me\/de\/wp-json\/wp\/v2\/product"}],"about":[{"href":"https:\/\/www.gobrrr.me\/de\/wp-json\/wp\/v2\/types\/product"}],"replies":[{"embeddable":true,"href":"https:\/\/www.gobrrr.me\/de\/wp-json\/wp\/v2\/comments?post=5783"}],"version-history":[{"count":0,"href":"https:\/\/www.gobrrr.me\/de\/wp-json\/wp\/v2\/product\/5783\/revisions"}],"wp:featuredmedia":[{"embeddable":true,"href":"https:\/\/www.gobrrr.me\/de\/wp-json\/wp\/v2\/media\/5818"}],"wp:attachment":[{"href":"https:\/\/www.gobrrr.me\/de\/wp-json\/wp\/v2\/media?parent=5783"}],"wp:term":[{"taxonomy":"product_brand","embeddable":true,"href":"https:\/\/www.gobrrr.me\/de\/wp-json\/wp\/v2\/product_brand?post=5783"},{"taxonomy":"product_cat","embeddable":true,"href":"https:\/\/www.gobrrr.me\/de\/wp-json\/wp\/v2\/product_cat?post=5783"},{"taxonomy":"product_tag","embeddable":true,"href":"https:\/\/www.gobrrr.me\/de\/wp-json\/wp\/v2\/product_tag?post=5783"}],"curies":[{"name":"wp","href":"https:\/\/api.w.org\/{rel}","templated":true}]}}