{"id":5685,"date":"2023-10-25T11:50:12","date_gmt":"2023-10-25T09:50:12","guid":{"rendered":"https:\/\/www.gobrrr.me\/?post_type=product&#038;p=5685"},"modified":"2026-04-10T18:27:58","modified_gmt":"2026-04-10T16:27:58","slug":"seedsigner-premium","status":"publish","type":"product","link":"https:\/\/www.gobrrr.me\/de\/product\/seedsigner-premium\/","title":{"rendered":"<p>SeedSigner Premium<\/p>"},"content":{"rendered":"<h1 class=\"\">Next Level Bitcoin Sicherheit<p>Anmerkung: <strong>Dies ist ein vorgefertigter SeedSigner, der mit Ausnahme der Microsd-Karte einsatzbereit ist. <span data-v-0fc12952=\"\" data-v-3730b402=\"\">(nicht inkludiert).<\/span> Sie m\u00fcssen das SeedSigner OS-Image aus Sicherheitsgr\u00fcnden selbst flashen. Folgen Sie den Schritten unten.<br>\n<\/strong><\/p><p><strong>Software-Einrichtung:<br>\n<\/strong><br>\n1. Laden Sie das neueste SeedSigner-Bild (derzeit 0.8.0) herunter, von <a href=\"https:\/\/seedsigner.com\/software\/\">seedsigner.com<\/a> oder vom Beamten <a href=\"https:\/\/github.com\/SeedSigner\/#software-installation\">Github-Repo<\/a>.<br>\n2. \u00dcberpr\u00fcfen Sie Ihren Download. Sie k\u00f6nnen dies ganz einfach tun, indem Sie die Schaltfl\u00e4che \u201eDatei zum \u00dcberpr\u00fcfen ausw\u00e4hlen\u201c verwenden. <a href=\"https:\/\/seedsigner.com\/software\/\">hier<\/a>.<br>\n3. Flashen Sie das Bild auf Ihre Micro-SD-Karte.<br>\n4. Stecken Sie die Micro-SD-Karte in Ihren SeedSigner und schlie\u00dfen Sie das Netzkabel an.<\/p><p><strong>So verwenden Sie Ihren SeedSigner:<\/strong><\/p><ul>\n<li>Englisch <a href=\"https:\/\/bitcoinmagazine.com\/guides\/how-to-use-seedsigner-for-secure-bitcoin#hardware\">Ratgeber<\/a> Geschrieben von BitcoinMagazine.<\/li>\n<li>Deutsch <a href=\"https:\/\/hey-bitcoin.de\/anleitung\/seedsigner-software-seedqr\/\">Ratgeber<\/a> und D11N.<\/li>\n<\/ul><p>&nbsp;<\/p><p>Verwenden Sie den SeedSigner und nehmen Sie Ihr Bitcoin in Gewahrsam. <span data-v-0fc12952=\"\" data-v-3730b402=\"\">Dies ist die bisher exklusivste Version eines SeedSigners in einem CNC-gefr\u00e4sten Aluminiumgeh\u00e4use von MoneroTime. Der SeedSigner ist einsatzbereit. Das einzige, was Sie selbst tun m\u00fcssen, ist eine Micro-SD-Karte zu flashen <strong>(aus Sicherheitsgr\u00fcnden nicht enthalten)<\/strong> mit dem aktuellsten SeedSigner-Bild. Eine betr\u00e4chtliche p<\/span><span data-v-0fc12952=\"\" data-v-3730b402=\"\">Die Kunst der Gewinne aus jedem Kauf wird dem SeedSigner Entwicklungsfonds gespendet.<\/span><\/p><\/h1>","protected":false},"excerpt":{"rendered":"<p>Verwenden Sie den SeedSigner und nehmen Sie Ihr Bitcoin in Gewahrsam. <span data-v-0fc12952=\"\" data-v-3730b402=\"\">Dies ist ein <strong>vorgefertigt<\/strong> SeedSigner Bitcoin Signierger\u00e4t, in einem sehr hochwertigen CNC-gefr\u00e4sten Geh\u00e4use aus Aluminium. V3 dieses Geh\u00e4uses ist jetzt auf Lager mit einem verbesserten Design und einem federbelasteten Micro-SD-Kartensteckplatz.<br>\n<\/span><p><span data-v-0fc12952=\"\" data-v-3730b402=\"\">Der Unterzeichner ist in einwandfreiem Zustand, es ist kein Bauen oder L\u00f6ten erforderlich. Das einzige, was Sie selbst tun m\u00fcssen, ist eine Micro-SD-Karte zu flashen <strong>(aus Sicherheitsgr\u00fcnden nicht enthalten)<\/strong> mit dem aktuellsten SeedSigner-Bild. Eine betr\u00e4chtliche p<\/span><span data-v-0fc12952=\"\" data-v-3730b402=\"\">Die Kunst der Gewinne aus jedem Kauf wird dem SeedSigner Entwicklungsfonds gespendet.<\/span><\/p><p>Komponenten:<\/p><ul>\n<li><span data-v-0fc12952=\"\" data-v-3730b402=\"\">Raspberry Pi Zero 1.3<br>\n<\/span><\/li>\n<li><span data-v-0fc12952=\"\" data-v-3730b402=\"\">Waveshare 1.3? LCD-Hut<br>\n<\/span><\/li>\n<li>Zerocam? - Nein. Raspberry Pi Mini-Kamera<\/li>\n<li>Federbelasteter Micro-SD-Port<\/li>\n<li>Glaskameraabdeckung<\/li>\n<li>Verk\u00fcrzte Gold-Pins<\/li>\n<li>Pr\u00e4zisionsgefr\u00e4stes Aluminiumgeh\u00e4use<\/li>\n<li>Aluminium Thumbstick und Kn\u00f6pfe<\/li>\n<\/ul><\/p>","protected":false},"featured_media":9269,"comment_status":"closed","ping_status":"closed","template":"","meta":[],"product_brand":[],"product_cat":[185],"product_tag":[52,220],"class_list":{"0":"post-5685","1":"product","2":"type-product","3":"status-publish","4":"has-post-thumbnail","6":"product_cat-seedsigner-prebuilt","7":"product_tag-seedsigner","8":"product_tag-seedsignerpremium","10":"first","11":"instock","12":"taxable","13":"shipping-taxable","14":"purchasable","15":"product-type-variable"},"yoast_head":"\n<title>SeedSigner Premium - Go Brrr<\/title>\n<meta name=\"description\" content=\"This is metal! Use the SeedSigner and take custody of your Bitcoin. This is a prebuilt SeedSigner Bitcoin signing device, in a very premium CNC milled enclosure made from Aluminum. V3 of this case is now in stock with an improved design and a spring loaded micro-sd card slot.The signer is complete in working condition, no building or soldering is required. The only thing you have to do by yourself is flash a micro-sd card (not included for safety reasons) with the most up to date SeedSigner image. A sizeable part of the profits from every purchase will be donated to the SeedSigner development fund.Components:Raspberry Pi Zero 1.3Waveshare 1.3\u2033 LCD HatZerocam \u2013 Raspberry Pi mini cameraSpring loaded micro SD portGlass camera coverShortened Gold PinsPrecision milled Aluminum enclosureAluminum thumbstick and buttons\" \/>\n<meta name=\"robots\" content=\"index, follow, max-snippet:-1, max-image-preview:large, max-video-preview:-1\" \/>\n<link rel=\"canonical\" href=\"https:\/\/www.gobrrr.me\/de\/product\/seedsigner-premium\/\" \/>\n<meta property=\"og:locale\" content=\"de_DE\" \/>\n<meta property=\"og:type\" content=\"article\" \/>\n<meta property=\"og:title\" content=\"SeedSigner - Aluminum Enclosure\" \/>\n<meta property=\"og:description\" content=\"This is metal! Use the SeedSigner and take custody of your Bitcoin. This is a prebuilt SeedSigner Bitcoin signing device, in a very premium CNC milled enclosure made from Aluminum. V3 of this case is now in stock with an improved design and a spring loaded micro-sd card slot.The signer is complete in working condition, no building or soldering is required. The only thing you have to do by yourself is flash a micro-sd card (not included for safety reasons) with the most up to date SeedSigner image. A sizeable part of the profits from every purchase will be donated to the SeedSigner development fund.Components:Raspberry Pi Zero 1.3Waveshare 1.3\u2033 LCD HatZerocam \u2013 Raspberry Pi mini cameraSpring loaded micro SD portGlass camera coverShortened Gold PinsPrecision milled Aluminum enclosureAluminum thumbstick and buttons\" \/>\n<meta property=\"og:url\" content=\"https:\/\/www.gobrrr.me\/de\/product\/seedsigner-premium\/\" \/>\n<meta property=\"og:site_name\" content=\"Go Brrr\" \/>\n<meta property=\"article:modified_time\" content=\"2026-04-10T16:27:58+00:00\" \/>\n<meta property=\"og:image\" content=\"https:\/\/www.gobrrr.me\/ozypsoob\/2023\/10\/seedsigner_premium_V3-14_gobrrr.me_.jpg\" \/>\n\t<meta property=\"og:image:width\" content=\"1020\" \/>\n\t<meta property=\"og:image:height\" content=\"768\" \/>\n\t<meta property=\"og:image:type\" content=\"image\/jpeg\" \/>\n<meta name=\"twitter:card\" content=\"summary_large_image\" \/>\n<meta name=\"twitter:title\" content=\"SeedSigner - Aluminum Enclosure\" \/>\n<meta name=\"twitter:description\" content=\"This is metal! Use the SeedSigner and take custody of your Bitcoin. This is a prebuilt SeedSigner Bitcoin signing device, in a very premium CNC milled enclosure made from Aluminum. V3 of this case is now in stock with an improved design and a spring loaded micro-sd card slot.The signer is complete in working condition, no building or soldering is required. The only thing you have to do by yourself is flash a micro-sd card (not included for safety reasons) with the most up to date SeedSigner image. A sizeable part of the profits from every purchase will be donated to the SeedSigner development fund.Components:Raspberry Pi Zero 1.3Waveshare 1.3\u2033 LCD HatZerocam \u2013 Raspberry Pi mini cameraSpring loaded micro SD portGlass camera coverShortened Gold PinsPrecision milled Aluminum enclosureAluminum thumbstick and buttons\" \/>\n<meta name=\"twitter:image\" content=\"https:\/\/www.gobrrr.me\/ozypsoob\/2023\/10\/seedsigner_premium_V3-14_gobrrr.me_.jpg\" \/>\n<meta name=\"twitter:site\" content=\"@GoBrrr_me\" \/>\n<meta name=\"twitter:label1\" content=\"Gesch\u00e4tzte Lesezeit\" \/>\n\t<meta name=\"twitter:data1\" content=\"2 Minuten\" \/>\n<script type=\"application\/ld+json\" class=\"yoast-schema-graph\">{\"@context\":\"https:\\\/\\\/schema.org\",\"@graph\":[{\"@type\":\"WebPage\",\"@id\":\"https:\\\/\\\/www.gobrrr.me\\\/product\\\/seedsigner-premium\\\/\",\"url\":\"https:\\\/\\\/www.gobrrr.me\\\/product\\\/seedsigner-premium\\\/\",\"name\":\"SeedSigner Premium - Go Brrr\",\"isPartOf\":{\"@id\":\"https:\\\/\\\/www.gobrrr.me\\\/#website\"},\"primaryImageOfPage\":{\"@id\":\"https:\\\/\\\/www.gobrrr.me\\\/product\\\/seedsigner-premium\\\/#primaryimage\"},\"image\":{\"@id\":\"https:\\\/\\\/www.gobrrr.me\\\/product\\\/seedsigner-premium\\\/#primaryimage\"},\"thumbnailUrl\":\"https:\\\/\\\/www.gobrrr.me\\\/wp-content\\\/uploads\\\/2023\\\/10\\\/seedsigner_premium_V3-14_gobrrr.me_.jpg\",\"datePublished\":\"2023-10-25T09:50:12+00:00\",\"dateModified\":\"2026-04-10T16:27:58+00:00\",\"description\":\"This is metal! Use the SeedSigner and take custody of your Bitcoin. This is a prebuilt SeedSigner Bitcoin signing device, in a very premium CNC milled enclosure made from Aluminum. V3 of this case is now in stock with an improved design and a spring loaded micro-sd card slot.The signer is complete in working condition, no building or soldering is required. The only thing you have to do by yourself is flash a micro-sd card (not included for safety reasons) with the most up to date SeedSigner image. A sizeable part of the profits from every purchase will be donated to the SeedSigner development fund.Components:Raspberry Pi Zero 1.3Waveshare 1.3\u2033 LCD HatZerocam \u2013 Raspberry Pi mini cameraSpring loaded micro SD portGlass camera coverShortened Gold PinsPrecision milled Aluminum enclosureAluminum thumbstick and buttons\",\"breadcrumb\":{\"@id\":\"https:\\\/\\\/www.gobrrr.me\\\/product\\\/seedsigner-premium\\\/#breadcrumb\"},\"inLanguage\":\"de-AT\",\"potentialAction\":[{\"@type\":\"ReadAction\",\"target\":[\"https:\\\/\\\/www.gobrrr.me\\\/product\\\/seedsigner-premium\\\/\"]}]},{\"@type\":\"ImageObject\",\"inLanguage\":\"de-AT\",\"@id\":\"https:\\\/\\\/www.gobrrr.me\\\/product\\\/seedsigner-premium\\\/#primaryimage\",\"url\":\"https:\\\/\\\/www.gobrrr.me\\\/wp-content\\\/uploads\\\/2023\\\/10\\\/seedsigner_premium_V3-14_gobrrr.me_.jpg\",\"contentUrl\":\"https:\\\/\\\/www.gobrrr.me\\\/wp-content\\\/uploads\\\/2023\\\/10\\\/seedsigner_premium_V3-14_gobrrr.me_.jpg\",\"width\":1020,\"height\":768},{\"@type\":\"BreadcrumbList\",\"@id\":\"https:\\\/\\\/www.gobrrr.me\\\/product\\\/seedsigner-premium\\\/#breadcrumb\",\"itemListElement\":[{\"@type\":\"ListItem\",\"position\":1,\"name\":\"Home\",\"item\":\"https:\\\/\\\/www.gobrrr.me\\\/\"},{\"@type\":\"ListItem\",\"position\":2,\"name\":\"Shop\",\"item\":\"https:\\\/\\\/www.gobrrr.me\\\/shop\\\/\"},{\"@type\":\"ListItem\",\"position\":3,\"name\":\"SeedSigner Premium\"}]},{\"@type\":\"WebSite\",\"@id\":\"https:\\\/\\\/www.gobrrr.me\\\/#website\",\"url\":\"https:\\\/\\\/www.gobrrr.me\\\/\",\"name\":\"Go Brrr\",\"description\":\"3D prints for sovereign individuals\",\"publisher\":{\"@id\":\"https:\\\/\\\/www.gobrrr.me\\\/#organization\"},\"potentialAction\":[{\"@type\":\"SearchAction\",\"target\":{\"@type\":\"EntryPoint\",\"urlTemplate\":\"https:\\\/\\\/www.gobrrr.me\\\/?s={search_term_string}\"},\"query-input\":{\"@type\":\"PropertyValueSpecification\",\"valueRequired\":true,\"valueName\":\"search_term_string\"}}],\"inLanguage\":\"de-AT\"},{\"@type\":\"Organization\",\"@id\":\"https:\\\/\\\/www.gobrrr.me\\\/#organization\",\"name\":\"Go Brrr 3D\",\"url\":\"https:\\\/\\\/www.gobrrr.me\\\/\",\"logo\":{\"@type\":\"ImageObject\",\"inLanguage\":\"de-AT\",\"@id\":\"https:\\\/\\\/www.gobrrr.me\\\/#\\\/schema\\\/logo\\\/image\\\/\",\"url\":\"https:\\\/\\\/i0.wp.com\\\/www.gobrrr.me\\\/wp-content\\\/uploads\\\/2022\\\/02\\\/BrrrIco.png?fit=100%2C100&ssl=1\",\"contentUrl\":\"https:\\\/\\\/i0.wp.com\\\/www.gobrrr.me\\\/wp-content\\\/uploads\\\/2022\\\/02\\\/BrrrIco.png?fit=100%2C100&ssl=1\",\"width\":100,\"height\":100,\"caption\":\"Go Brrr 3D\"},\"image\":{\"@id\":\"https:\\\/\\\/www.gobrrr.me\\\/#\\\/schema\\\/logo\\\/image\\\/\"},\"sameAs\":[\"https:\\\/\\\/x.com\\\/GoBrrr_me\"]}]}<\/script>\n","yoast_head_json":{"title":"SeedSigner Premium - Go Brrr","description":"This is metal! Use the SeedSigner and take custody of your Bitcoin. This is a prebuilt SeedSigner Bitcoin signing device, in a very premium CNC milled enclosure made from Aluminum. V3 of this case is now in stock with an improved design and a spring loaded micro-sd card slot.The signer is complete in working condition, no building or soldering is required. The only thing you have to do by yourself is flash a micro-sd card (not included for safety reasons) with the most up to date SeedSigner image. A sizeable part of the profits from every purchase will be donated to the SeedSigner development fund.Components:Raspberry Pi Zero 1.3Waveshare 1.3\u2033 LCD HatZerocam \u2013 Raspberry Pi mini cameraSpring loaded micro SD portGlass camera coverShortened Gold PinsPrecision milled Aluminum enclosureAluminum thumbstick and buttons","robots":{"index":"index","follow":"follow","max-snippet":"max-snippet:-1","max-image-preview":"max-image-preview:large","max-video-preview":"max-video-preview:-1"},"canonical":"https:\/\/www.gobrrr.me\/de\/product\/seedsigner-premium\/","og_locale":"de_DE","og_type":"article","og_title":"SeedSigner - Aluminum Enclosure","og_description":"This is metal! Use the SeedSigner and take custody of your Bitcoin. This is a prebuilt SeedSigner Bitcoin signing device, in a very premium CNC milled enclosure made from Aluminum. V3 of this case is now in stock with an improved design and a spring loaded micro-sd card slot.The signer is complete in working condition, no building or soldering is required. The only thing you have to do by yourself is flash a micro-sd card (not included for safety reasons) with the most up to date SeedSigner image. A sizeable part of the profits from every purchase will be donated to the SeedSigner development fund.Components:Raspberry Pi Zero 1.3Waveshare 1.3\u2033 LCD HatZerocam \u2013 Raspberry Pi mini cameraSpring loaded micro SD portGlass camera coverShortened Gold PinsPrecision milled Aluminum enclosureAluminum thumbstick and buttons","og_url":"https:\/\/www.gobrrr.me\/de\/product\/seedsigner-premium\/","og_site_name":"Go Brrr","article_modified_time":"2026-04-10T16:27:58+00:00","og_image":[{"width":1020,"height":768,"url":"https:\/\/www.gobrrr.me\/ozypsoob\/2023\/10\/seedsigner_premium_V3-14_gobrrr.me_.jpg","type":"image\/jpeg"}],"twitter_card":"summary_large_image","twitter_title":"SeedSigner - Aluminum Enclosure","twitter_description":"This is metal! Use the SeedSigner and take custody of your Bitcoin. This is a prebuilt SeedSigner Bitcoin signing device, in a very premium CNC milled enclosure made from Aluminum. V3 of this case is now in stock with an improved design and a spring loaded micro-sd card slot.The signer is complete in working condition, no building or soldering is required. The only thing you have to do by yourself is flash a micro-sd card (not included for safety reasons) with the most up to date SeedSigner image. A sizeable part of the profits from every purchase will be donated to the SeedSigner development fund.Components:Raspberry Pi Zero 1.3Waveshare 1.3\u2033 LCD HatZerocam \u2013 Raspberry Pi mini cameraSpring loaded micro SD portGlass camera coverShortened Gold PinsPrecision milled Aluminum enclosureAluminum thumbstick and buttons","twitter_image":"https:\/\/www.gobrrr.me\/ozypsoob\/2023\/10\/seedsigner_premium_V3-14_gobrrr.me_.jpg","twitter_site":"@GoBrrr_me","twitter_misc":{"Gesch\u00e4tzte Lesezeit":"2 Minuten"},"schema":{"@context":"https:\/\/schema.org","@graph":[{"@type":"WebPage","@id":"https:\/\/www.gobrrr.me\/product\/seedsigner-premium\/","url":"https:\/\/www.gobrrr.me\/product\/seedsigner-premium\/","name":"SeedSigner Premium - Go Brrr","isPartOf":{"@id":"https:\/\/www.gobrrr.me\/#website"},"primaryImageOfPage":{"@id":"https:\/\/www.gobrrr.me\/product\/seedsigner-premium\/#primaryimage"},"image":{"@id":"https:\/\/www.gobrrr.me\/product\/seedsigner-premium\/#primaryimage"},"thumbnailUrl":"https:\/\/www.gobrrr.me\/ozypsoob\/2023\/10\/seedsigner_premium_V3-14_gobrrr.me_.jpg","datePublished":"2023-10-25T09:50:12+00:00","dateModified":"2026-04-10T16:27:58+00:00","description":"This is metal! Use the SeedSigner and take custody of your Bitcoin. This is a prebuilt SeedSigner Bitcoin signing device, in a very premium CNC milled enclosure made from Aluminum. V3 of this case is now in stock with an improved design and a spring loaded micro-sd card slot.The signer is complete in working condition, no building or soldering is required. The only thing you have to do by yourself is flash a micro-sd card (not included for safety reasons) with the most up to date SeedSigner image. A sizeable part of the profits from every purchase will be donated to the SeedSigner development fund.Components:Raspberry Pi Zero 1.3Waveshare 1.3\u2033 LCD HatZerocam \u2013 Raspberry Pi mini cameraSpring loaded micro SD portGlass camera coverShortened Gold PinsPrecision milled Aluminum enclosureAluminum thumbstick and buttons","breadcrumb":{"@id":"https:\/\/www.gobrrr.me\/product\/seedsigner-premium\/#breadcrumb"},"inLanguage":"de-AT","potentialAction":[{"@type":"ReadAction","target":["https:\/\/www.gobrrr.me\/product\/seedsigner-premium\/"]}]},{"@type":"ImageObject","inLanguage":"de-AT","@id":"https:\/\/www.gobrrr.me\/product\/seedsigner-premium\/#primaryimage","url":"https:\/\/www.gobrrr.me\/ozypsoob\/2023\/10\/seedsigner_premium_V3-14_gobrrr.me_.jpg","contentUrl":"https:\/\/www.gobrrr.me\/ozypsoob\/2023\/10\/seedsigner_premium_V3-14_gobrrr.me_.jpg","width":1020,"height":768},{"@type":"BreadcrumbList","@id":"https:\/\/www.gobrrr.me\/product\/seedsigner-premium\/#breadcrumb","itemListElement":[{"@type":"ListItem","position":1,"name":"Home","item":"https:\/\/www.gobrrr.me\/"},{"@type":"ListItem","position":2,"name":"Shop","item":"https:\/\/www.gobrrr.me\/shop\/"},{"@type":"ListItem","position":3,"name":"SeedSigner Premium"}]},{"@type":"WebSite","@id":"https:\/\/www.gobrrr.me\/#website","url":"https:\/\/www.gobrrr.me\/","name":"Go Brrr","description":"3D prints for sovereign individuals","publisher":{"@id":"https:\/\/www.gobrrr.me\/#organization"},"potentialAction":[{"@type":"SearchAction","target":{"@type":"EntryPoint","urlTemplate":"https:\/\/www.gobrrr.me\/?s={search_term_string}"},"query-input":{"@type":"PropertyValueSpecification","valueRequired":true,"valueName":"search_term_string"}}],"inLanguage":"de-AT"},{"@type":"Organization","@id":"https:\/\/www.gobrrr.me\/#organization","name":"Go Brrr 3D","url":"https:\/\/www.gobrrr.me\/","logo":{"@type":"ImageObject","inLanguage":"de-AT","@id":"https:\/\/www.gobrrr.me\/#\/schema\/logo\/image\/","url":"https:\/\/i0.wp.com\/www.gobrrr.me\/ozypsoob\/2022\/02\/BrrrIco.png?fit=100%2C100&ssl=1","contentUrl":"https:\/\/i0.wp.com\/www.gobrrr.me\/ozypsoob\/2022\/02\/BrrrIco.png?fit=100%2C100&ssl=1","width":100,"height":100,"caption":"Go Brrr 3D"},"image":{"@id":"https:\/\/www.gobrrr.me\/#\/schema\/logo\/image\/"},"sameAs":["https:\/\/x.com\/GoBrrr_me"]}]}},"_links":{"self":[{"href":"https:\/\/www.gobrrr.me\/de\/wp-json\/wp\/v2\/product\/5685","targetHints":{"allow":["GET"]}}],"collection":[{"href":"https:\/\/www.gobrrr.me\/de\/wp-json\/wp\/v2\/product"}],"about":[{"href":"https:\/\/www.gobrrr.me\/de\/wp-json\/wp\/v2\/types\/product"}],"replies":[{"embeddable":true,"href":"https:\/\/www.gobrrr.me\/de\/wp-json\/wp\/v2\/comments?post=5685"}],"version-history":[{"count":0,"href":"https:\/\/www.gobrrr.me\/de\/wp-json\/wp\/v2\/product\/5685\/revisions"}],"wp:featuredmedia":[{"embeddable":true,"href":"https:\/\/www.gobrrr.me\/de\/wp-json\/wp\/v2\/media\/9269"}],"wp:attachment":[{"href":"https:\/\/www.gobrrr.me\/de\/wp-json\/wp\/v2\/media?parent=5685"}],"wp:term":[{"taxonomy":"product_brand","embeddable":true,"href":"https:\/\/www.gobrrr.me\/de\/wp-json\/wp\/v2\/product_brand?post=5685"},{"taxonomy":"product_cat","embeddable":true,"href":"https:\/\/www.gobrrr.me\/de\/wp-json\/wp\/v2\/product_cat?post=5685"},{"taxonomy":"product_tag","embeddable":true,"href":"https:\/\/www.gobrrr.me\/de\/wp-json\/wp\/v2\/product_tag?post=5685"}],"curies":[{"name":"wp","href":"https:\/\/api.w.org\/{rel}","templated":true}]}}