{"id":5136,"date":"2023-07-24T19:19:00","date_gmt":"2023-07-24T17:19:00","guid":{"rendered":"https:\/\/www.gobrrr.me\/?post_type=product&#038;p=5136"},"modified":"2025-06-09T13:02:16","modified_gmt":"2025-06-09T11:02:16","slug":"clockminer","status":"publish","type":"product","link":"https:\/\/www.gobrrr.me\/de\/product\/clockminer\/","title":{"rendered":"<p>NerdMiner \u2013 Fall ClockMiner<\/p>"},"content":{"rendered":"<p><strong>Haftungsausschluss:<\/strong> NerdMiner ist ein Spielzeug, eine Uhr, eine Statistikanzeige und ein p\u00e4dagogisches Ger\u00e4t, das sich hervorragend f\u00fcr Lern- und Anzeigezwecke eignet. Aber das war's. Die Chancen, einen Block mit diesem Ger\u00e4t abzubauen, sind absolut gering, und Sie sollten keinen NerdMiner betreiben, in der Hoffnung, damit Gewinn zu machen, weil Sie es nicht tun! Um dies ins rechte Licht zu r\u00fccken, <span class=\"css-901oao css-16my406 r-poiln3 r-bcqeeo r-qvutc0\">der weltweit erste ASIC-Mining-Chip (BE100 @ 130nm) hashes bei 330.000 kh\/s. Der NerdMiner hashes bei 55 kh\/s, es ist keineswegs ein ASIC, und aufgrund der Anordnung der Pools ist sogar das Erhalten von Anteilen nicht garantiert, geschweige denn der richtige. Wenn Sie <strong>wirklich<\/strong> Wenn Sie Bitcoin solo abbauen m\u00f6chten, beginnen Sie mit einem billigen S9 oder einem Bitaxe, da diese zumindest eine echte Chance auf Solo-Mining haben.<\/span><p>Die Einrichtungsanweisungen finden Sie auf BitMaker's GitHub: https:\/\/github.com\/BitMaker-hub\/NerdMiner_v2<\/p><p>Video Anleitung von BitMaker auf Spanisch. Schauen Sie sich auch seinen Youtube-Kanal an.<\/p><p><iframe title=\"Erstellen Sie Ihren Bitcoin Miner  \u2047  NerdMiner v2  \u2047  LotteryMiner\" width=\"980\" height=\"551\" frameborder=\"0\" allow=\"accelerometer; autoplay; clipboard-write; encrypted-media; gyroscope; picture-in-picture; web-share\" referrerpolicy=\"strict-origin-when-cross-origin\" allowfullscreen class=\"lws-optimize-lazyload\" data-src=\"https:\/\/www.youtube.com\/embed\/POUT2R_opDs?feature=oembed\"><\/iframe><\/p><p>&nbsp;<\/p><p>\u201eLottery Mining\u201c erl\u00e4utert:<\/p><p data-private=\"redact\" data-wt-guid=\"c95dc2e7-bf20-48b6-baa2-1cdb46144082\" data-pm-slice=\"1 1 []\">Ein Lotterie-Miner konkurriert mit anderen Bitcoin-Netzwerkteilnehmern, um einen bestimmten numerischen Wert zu finden, der als Hash bezeichnet wird und bestimmte Kriterien erf\u00fcllt, die vom Bitcoin-Protokoll festgelegt wurden. Dieser Hash ist notwendig, um Bitcoin-Transaktionen zu \u00fcberpr\u00fcfen und zu verarbeiten. Um am Mining-Prozess teilzunehmen, muss ein Miner in der Regel in spezialisierte und teure Computerhardware wie ASIC investieren. <span class=\"issue-underline underline text-gray-darkest font-body decoration-2 underline-offset-4 transition decoration-primary-light hover:bg-primary-lightest\" data-issueid=\"db6a903c-c952-4c3f-b1a4-a780df78645b\" data-testid=\"issue-underline:Miners. These Miners\">Bergleute, die<\/span> Sie sind darauf ausgelegt, den ben\u00f6tigten Hash so schnell und effizient wie m\u00f6glich zu erraten.<\/p><p data-private=\"redact\" data-wt-guid=\"1a492a8f-d93e-4ac7-bcf0-cf8d7769fd52\">Da jedoch viele Bergleute konkurrieren, um den gleichen Hash zu finden, wird es wie eine Lotterie. Die Chancen, die Belohnung zu gewinnen, stehen proportional zur Rechenleistung oder Hash-Rate des Bergmanns. Je h\u00f6her die Hash-Rate ist, desto wahrscheinlicher ist es, dass ein Miner den Block findet und <span class=\"issue-underline underline text-gray-darkest font-body decoration-2 underline-offset-4 transition decoration-primary-light hover:bg-primary-lightest\" data-issueid=\"bd8686ed-7ef1-4711-a801-6751204f05fe\" data-testid=\"issue-underline:receive\">gewinnen<\/span> Die Belohnung. Vor allem mit der geringen Menge an Hashrate, die dieser NerdMiner bietet, ist es wie der Kauf eines Lottoscheins. Je mehr Tickets Sie kaufen, desto h\u00f6her sind Ihre Gewinnchancen.<\/p><\/p>","protected":false},"excerpt":{"rendered":"<p>Der NerdMiner V2 im neuen ClockMiner-Geh\u00e4use, zwei Scharniere erm\u00f6glichen es der Schale, sich um das Board zu wickeln, der L\u00fcfter kann an der R\u00fcckseite des Geh\u00e4uses hinzugef\u00fcgt werden. Erh\u00e4ltlich als vormontiertes und geflashtes Produkt oder nur als Geh\u00e4use.<p>NerdMiner ist ein Open-Source-Projekt f\u00fcr Spielzeuglotterie-Miner, das von BitMaker entwickelt wurde. Ein Teil des Gewinns geht an BitMaker, um zuk\u00fcnftige Projekte zu unterst\u00fctzen<\/p><\/p>","protected":false},"featured_media":5149,"comment_status":"closed","ping_status":"closed","template":"","meta":[],"product_brand":[],"product_cat":[23,270],"product_tag":[],"class_list":{"0":"post-5136","1":"product","2":"type-product","3":"status-publish","4":"has-post-thumbnail","6":"product_cat-enclosures","7":"product_cat-nerdminer","8":"product_shipping_class-s","10":"first","11":"instock","12":"taxable","13":"shipping-taxable","14":"purchasable","15":"product-type-variable"},"yoast_head":"\n<title>NerdMiner - ClockMiner Case - Go Brrr<\/title>\n<meta name=\"robots\" content=\"index, follow, max-snippet:-1, max-image-preview:large, max-video-preview:-1\" \/>\n<link rel=\"canonical\" href=\"https:\/\/www.gobrrr.me\/de\/product\/clockminer\/\" \/>\n<meta property=\"og:locale\" content=\"de_DE\" \/>\n<meta property=\"og:type\" content=\"article\" \/>\n<meta property=\"og:title\" content=\"NerdMiner - ClockMiner Case - Go Brrr\" \/>\n<meta property=\"og:description\" content=\"The NerdMiner V2 in the new ClockMiner enclosure, two hinges allow the shell to wrap around the board, the fan can be added at the back of the enclosure. Available as a preassembled and flashed product, or enclosure only.  NerdMiner is a toy lottery miner open-source project which was developed by BitMaker. A part of the profit will go to BitMaker to support future projects\" \/>\n<meta property=\"og:url\" content=\"https:\/\/www.gobrrr.me\/de\/product\/clockminer\/\" \/>\n<meta property=\"og:site_name\" content=\"Go Brrr\" \/>\n<meta property=\"article:modified_time\" content=\"2025-06-09T11:02:16+00:00\" \/>\n<meta property=\"og:image\" content=\"https:\/\/www.gobrrr.me\/ozypsoob\/2023\/07\/ClockMiner-34-scaled.jpg\" \/>\n\t<meta property=\"og:image:width\" content=\"2560\" \/>\n\t<meta property=\"og:image:height\" content=\"1920\" \/>\n\t<meta property=\"og:image:type\" content=\"image\/jpeg\" \/>\n<meta name=\"twitter:card\" content=\"summary_large_image\" \/>\n<meta name=\"twitter:image\" content=\"https:\/\/www.gobrrr.me\/ozypsoob\/2023\/07\/ClockMiner-34-scaled.jpg\" \/>\n<meta name=\"twitter:site\" content=\"@GoBrrr_me\" \/>\n<meta name=\"twitter:label1\" content=\"Gesch\u00e4tzte Lesezeit\" \/>\n\t<meta name=\"twitter:data1\" content=\"2 Minuten\" \/>\n<script type=\"application\/ld+json\" class=\"yoast-schema-graph\">{\"@context\":\"https:\\\/\\\/schema.org\",\"@graph\":[{\"@type\":\"WebPage\",\"@id\":\"https:\\\/\\\/www.gobrrr.me\\\/product\\\/clockminer\\\/\",\"url\":\"https:\\\/\\\/www.gobrrr.me\\\/product\\\/clockminer\\\/\",\"name\":\"NerdMiner - ClockMiner Case - Go Brrr\",\"isPartOf\":{\"@id\":\"https:\\\/\\\/www.gobrrr.me\\\/#website\"},\"primaryImageOfPage\":{\"@id\":\"https:\\\/\\\/www.gobrrr.me\\\/product\\\/clockminer\\\/#primaryimage\"},\"image\":{\"@id\":\"https:\\\/\\\/www.gobrrr.me\\\/product\\\/clockminer\\\/#primaryimage\"},\"thumbnailUrl\":\"https:\\\/\\\/www.gobrrr.me\\\/wp-content\\\/uploads\\\/2023\\\/07\\\/ClockMiner-34-scaled.jpg\",\"datePublished\":\"2023-07-24T17:19:00+00:00\",\"dateModified\":\"2025-06-09T11:02:16+00:00\",\"breadcrumb\":{\"@id\":\"https:\\\/\\\/www.gobrrr.me\\\/product\\\/clockminer\\\/#breadcrumb\"},\"inLanguage\":\"de-AT\",\"potentialAction\":[{\"@type\":\"ReadAction\",\"target\":[\"https:\\\/\\\/www.gobrrr.me\\\/product\\\/clockminer\\\/\"]}]},{\"@type\":\"ImageObject\",\"inLanguage\":\"de-AT\",\"@id\":\"https:\\\/\\\/www.gobrrr.me\\\/product\\\/clockminer\\\/#primaryimage\",\"url\":\"https:\\\/\\\/www.gobrrr.me\\\/wp-content\\\/uploads\\\/2023\\\/07\\\/ClockMiner-34-scaled.jpg\",\"contentUrl\":\"https:\\\/\\\/www.gobrrr.me\\\/wp-content\\\/uploads\\\/2023\\\/07\\\/ClockMiner-34-scaled.jpg\",\"width\":2560,\"height\":1920},{\"@type\":\"BreadcrumbList\",\"@id\":\"https:\\\/\\\/www.gobrrr.me\\\/product\\\/clockminer\\\/#breadcrumb\",\"itemListElement\":[{\"@type\":\"ListItem\",\"position\":1,\"name\":\"Home\",\"item\":\"https:\\\/\\\/www.gobrrr.me\\\/\"},{\"@type\":\"ListItem\",\"position\":2,\"name\":\"Shop\",\"item\":\"https:\\\/\\\/www.gobrrr.me\\\/shop\\\/\"},{\"@type\":\"ListItem\",\"position\":3,\"name\":\"NerdMiner &#8211; ClockMiner Case\"}]},{\"@type\":\"WebSite\",\"@id\":\"https:\\\/\\\/www.gobrrr.me\\\/#website\",\"url\":\"https:\\\/\\\/www.gobrrr.me\\\/\",\"name\":\"Go Brrr\",\"description\":\"3D prints for sovereign individuals\",\"publisher\":{\"@id\":\"https:\\\/\\\/www.gobrrr.me\\\/#organization\"},\"potentialAction\":[{\"@type\":\"SearchAction\",\"target\":{\"@type\":\"EntryPoint\",\"urlTemplate\":\"https:\\\/\\\/www.gobrrr.me\\\/?s={search_term_string}\"},\"query-input\":{\"@type\":\"PropertyValueSpecification\",\"valueRequired\":true,\"valueName\":\"search_term_string\"}}],\"inLanguage\":\"de-AT\"},{\"@type\":\"Organization\",\"@id\":\"https:\\\/\\\/www.gobrrr.me\\\/#organization\",\"name\":\"Go Brrr 3D\",\"url\":\"https:\\\/\\\/www.gobrrr.me\\\/\",\"logo\":{\"@type\":\"ImageObject\",\"inLanguage\":\"de-AT\",\"@id\":\"https:\\\/\\\/www.gobrrr.me\\\/#\\\/schema\\\/logo\\\/image\\\/\",\"url\":\"https:\\\/\\\/i0.wp.com\\\/www.gobrrr.me\\\/wp-content\\\/uploads\\\/2022\\\/02\\\/BrrrIco.png?fit=100%2C100&ssl=1\",\"contentUrl\":\"https:\\\/\\\/i0.wp.com\\\/www.gobrrr.me\\\/wp-content\\\/uploads\\\/2022\\\/02\\\/BrrrIco.png?fit=100%2C100&ssl=1\",\"width\":100,\"height\":100,\"caption\":\"Go Brrr 3D\"},\"image\":{\"@id\":\"https:\\\/\\\/www.gobrrr.me\\\/#\\\/schema\\\/logo\\\/image\\\/\"},\"sameAs\":[\"https:\\\/\\\/x.com\\\/GoBrrr_me\"]}]}<\/script>\n","yoast_head_json":{"title":"NerdMiner - ClockMiner Case - Go Brrr","robots":{"index":"index","follow":"follow","max-snippet":"max-snippet:-1","max-image-preview":"max-image-preview:large","max-video-preview":"max-video-preview:-1"},"canonical":"https:\/\/www.gobrrr.me\/de\/product\/clockminer\/","og_locale":"de_DE","og_type":"article","og_title":"NerdMiner - ClockMiner Case - Go Brrr","og_description":"The NerdMiner V2 in the new ClockMiner enclosure, two hinges allow the shell to wrap around the board, the fan can be added at the back of the enclosure. Available as a preassembled and flashed product, or enclosure only.  NerdMiner is a toy lottery miner open-source project which was developed by BitMaker. A part of the profit will go to BitMaker to support future projects","og_url":"https:\/\/www.gobrrr.me\/de\/product\/clockminer\/","og_site_name":"Go Brrr","article_modified_time":"2025-06-09T11:02:16+00:00","og_image":[{"width":2560,"height":1920,"url":"https:\/\/www.gobrrr.me\/ozypsoob\/2023\/07\/ClockMiner-34-scaled.jpg","type":"image\/jpeg"}],"twitter_card":"summary_large_image","twitter_image":"https:\/\/www.gobrrr.me\/ozypsoob\/2023\/07\/ClockMiner-34-scaled.jpg","twitter_site":"@GoBrrr_me","twitter_misc":{"Gesch\u00e4tzte Lesezeit":"2 Minuten"},"schema":{"@context":"https:\/\/schema.org","@graph":[{"@type":"WebPage","@id":"https:\/\/www.gobrrr.me\/product\/clockminer\/","url":"https:\/\/www.gobrrr.me\/product\/clockminer\/","name":"NerdMiner - ClockMiner Case - Go Brrr","isPartOf":{"@id":"https:\/\/www.gobrrr.me\/#website"},"primaryImageOfPage":{"@id":"https:\/\/www.gobrrr.me\/product\/clockminer\/#primaryimage"},"image":{"@id":"https:\/\/www.gobrrr.me\/product\/clockminer\/#primaryimage"},"thumbnailUrl":"https:\/\/www.gobrrr.me\/ozypsoob\/2023\/07\/ClockMiner-34-scaled.jpg","datePublished":"2023-07-24T17:19:00+00:00","dateModified":"2025-06-09T11:02:16+00:00","breadcrumb":{"@id":"https:\/\/www.gobrrr.me\/product\/clockminer\/#breadcrumb"},"inLanguage":"de-AT","potentialAction":[{"@type":"ReadAction","target":["https:\/\/www.gobrrr.me\/product\/clockminer\/"]}]},{"@type":"ImageObject","inLanguage":"de-AT","@id":"https:\/\/www.gobrrr.me\/product\/clockminer\/#primaryimage","url":"https:\/\/www.gobrrr.me\/ozypsoob\/2023\/07\/ClockMiner-34-scaled.jpg","contentUrl":"https:\/\/www.gobrrr.me\/ozypsoob\/2023\/07\/ClockMiner-34-scaled.jpg","width":2560,"height":1920},{"@type":"BreadcrumbList","@id":"https:\/\/www.gobrrr.me\/product\/clockminer\/#breadcrumb","itemListElement":[{"@type":"ListItem","position":1,"name":"Home","item":"https:\/\/www.gobrrr.me\/"},{"@type":"ListItem","position":2,"name":"Shop","item":"https:\/\/www.gobrrr.me\/shop\/"},{"@type":"ListItem","position":3,"name":"NerdMiner &#8211; ClockMiner Case"}]},{"@type":"WebSite","@id":"https:\/\/www.gobrrr.me\/#website","url":"https:\/\/www.gobrrr.me\/","name":"Go Brrr","description":"3D prints for sovereign individuals","publisher":{"@id":"https:\/\/www.gobrrr.me\/#organization"},"potentialAction":[{"@type":"SearchAction","target":{"@type":"EntryPoint","urlTemplate":"https:\/\/www.gobrrr.me\/?s={search_term_string}"},"query-input":{"@type":"PropertyValueSpecification","valueRequired":true,"valueName":"search_term_string"}}],"inLanguage":"de-AT"},{"@type":"Organization","@id":"https:\/\/www.gobrrr.me\/#organization","name":"Go Brrr 3D","url":"https:\/\/www.gobrrr.me\/","logo":{"@type":"ImageObject","inLanguage":"de-AT","@id":"https:\/\/www.gobrrr.me\/#\/schema\/logo\/image\/","url":"https:\/\/i0.wp.com\/www.gobrrr.me\/ozypsoob\/2022\/02\/BrrrIco.png?fit=100%2C100&ssl=1","contentUrl":"https:\/\/i0.wp.com\/www.gobrrr.me\/ozypsoob\/2022\/02\/BrrrIco.png?fit=100%2C100&ssl=1","width":100,"height":100,"caption":"Go Brrr 3D"},"image":{"@id":"https:\/\/www.gobrrr.me\/#\/schema\/logo\/image\/"},"sameAs":["https:\/\/x.com\/GoBrrr_me"]}]}},"_links":{"self":[{"href":"https:\/\/www.gobrrr.me\/de\/wp-json\/wp\/v2\/product\/5136","targetHints":{"allow":["GET"]}}],"collection":[{"href":"https:\/\/www.gobrrr.me\/de\/wp-json\/wp\/v2\/product"}],"about":[{"href":"https:\/\/www.gobrrr.me\/de\/wp-json\/wp\/v2\/types\/product"}],"replies":[{"embeddable":true,"href":"https:\/\/www.gobrrr.me\/de\/wp-json\/wp\/v2\/comments?post=5136"}],"version-history":[{"count":0,"href":"https:\/\/www.gobrrr.me\/de\/wp-json\/wp\/v2\/product\/5136\/revisions"}],"wp:featuredmedia":[{"embeddable":true,"href":"https:\/\/www.gobrrr.me\/de\/wp-json\/wp\/v2\/media\/5149"}],"wp:attachment":[{"href":"https:\/\/www.gobrrr.me\/de\/wp-json\/wp\/v2\/media?parent=5136"}],"wp:term":[{"taxonomy":"product_brand","embeddable":true,"href":"https:\/\/www.gobrrr.me\/de\/wp-json\/wp\/v2\/product_brand?post=5136"},{"taxonomy":"product_cat","embeddable":true,"href":"https:\/\/www.gobrrr.me\/de\/wp-json\/wp\/v2\/product_cat?post=5136"},{"taxonomy":"product_tag","embeddable":true,"href":"https:\/\/www.gobrrr.me\/de\/wp-json\/wp\/v2\/product_tag?post=5136"}],"curies":[{"name":"wp","href":"https:\/\/api.w.org\/{rel}","templated":true}]}}