{"id":4691,"date":"2023-06-05T15:05:33","date_gmt":"2023-06-05T13:05:33","guid":{"rendered":"https:\/\/www.gobrrr.me\/?post_type=product&#038;p=4691"},"modified":"2024-01-29T14:32:13","modified_gmt":"2024-01-29T13:32:13","slug":"seedsigner-go-kit","status":"publish","type":"product","link":"https:\/\/www.gobrrr.me\/de\/product\/seedsigner-go-kit\/","title":{"rendered":"<p>SeedSigner Go Kit<\/p>"},"content":{"rendered":"<p><span data-v-74c7a32a=\"\">Das Go Kit wurde entwickelt, um alles unterzubringen, was Sie zur Verwaltung privater Schl\u00fcssel ben\u00f6tigen. Egal, ob Sie Ihren Unterzeichner mitnehmen m\u00f6chten, um einem Freund bei seinen Bitcoin-Ersparnissen zu helfen, oder ob Sie einfach nur die Gewissheit haben m\u00f6chten, dass Ihr Unterzeichner bereit ist, wenn Sie ihn brauchen, dieser Fall h\u00e4lt alles ordentlich und organisiert. Das Geh\u00e4use ist entworfen, um diese Elemente unterzubringen:<\/span><ul>\n<li>SeedSigner (entwickelt f\u00fcr das neueste Mini-Geh\u00e4use, passt auch f\u00fcr die Rugged Pill)<\/li>\n<li>USB-Strom-\/Ladekabel<\/li>\n<li>2 x 19mm D6 W\u00fcrfel (im Lieferumfang enthalten)<\/li>\n<li>SD \/ MicroSD Adapter &amp; Karte (im Lieferumfang enthalten)<\/li>\n<li>Permanentmarker mit feiner Spitze (im Lieferumfang enthalten)<\/li>\n<li>7 x SeedQR Karten (im Lieferumfang enthalten)<\/li>\n<li>1 x Vulcan SteelQR Platte (optional)<\/li>\n<li>Anker PowerCore 5000 Tragbares Ladeger\u00e4t (https:\/\/amzn.to\/41b9snp) (optional)<\/li>\n<\/ul><p>Das \u00c4u\u00dfere des Geh\u00e4uses besteht aus Hartkunststoff (PLA), w\u00e4hrend die Staubdichtung und die Inneneinlagen aus weicherem 95A TPU gefertigt sind. Stabile Riegel halten das Geh\u00e4use geschlossen, und beefy Schlaufen bieten auch die M\u00f6glichkeit, das Geh\u00e4use mit Schl\u00f6ssern oder manipulationssicheren Dichtungen zu sichern. Das Geh\u00e4use ist mit prominentem Branding, einer kleineren Stealth-Version des SeedSigner-Logos oder \u00fcberhaupt ohne Branding erh\u00e4ltlich.<\/p><p>Alle Go-Kits werden mit 7x SeedQR-Karten (Papier), einem Paar D6-W\u00fcrfeln, SD-Karte und einem Permanentmarker mit feiner Spitze geliefert, Sie k\u00f6nnen eine SteelQR-Platte, Powerbank und einen vorinstallierten und gebrauchsfertigen SeedSigner im Rugged Pill-Geh\u00e4use hinzuf\u00fcgen.<\/p><p><strong>Haftungsausschluss:<\/strong> Dieses Produkt wurde entwickelt von <a href=\"https:\/\/twitter.com\/SeedSigner\">SeedSigner<\/a>, und wird mit Erlaubnis verkauft! Wenn Sie sich in Nordamerika befinden, erw\u00e4gen Sie, bei seiner <a href=\"https:\/\/btc-hardware-solutions.square.site\/\">Einkaufen<\/a> um beim Versand zu sparen. Ein Teil der Gewinne flie\u00dft in den SeedSigner-Entwicklungsfonds.<\/p><\/p>","protected":false},"excerpt":{"rendered":"<p><span data-v-74c7a32a=\"\"><strong>Das Go Kit ist ein Geh\u00e4use, in dem ein SeedSigner aufbewahrt werden kann, Sie k\u00f6nnen eine SteelQR-Platte, eine Powerbank und einen vorinstallierten und gebrauchsfertigen SeedSigner im Rugged Pill-Geh\u00e4use \u00fcber das Dropdown-Men\u00fc hinzuf\u00fcgen: \u201eGo Kit Version\u201c. W\u00e4hlen Sie die Versionen ohne SeedSigner nur, wenn Sie bereits einen SeedSigner im Rugged Pill oder Open Pill Mini Format haben.<br>\n<\/strong><\/span><p>Das Go Kit wurde entwickelt, um alles unterzubringen, was Sie zur Verwaltung privater Schl\u00fcssel ben\u00f6tigen. Egal, ob Sie Ihren Unterzeichner mitnehmen m\u00f6chten, um einem Freund bei seinen Bitcoin-Ersparnissen zu helfen, oder ob Sie einfach nur die Gewissheit haben m\u00f6chten, dass Ihr Unterzeichner bereit ist, wenn Sie ihn brauchen, dieser Fall h\u00e4lt alles ordentlich und organisiert. Das Geh\u00e4use ist entworfen, um diese Elemente unterzubringen:<\/p><ul>\n<li>SeedSigner (entwickelt f\u00fcr das neueste Mini-Geh\u00e4use, passt auch f\u00fcr die Rugged Pill)<\/li>\n<li>USB-Strom-\/Ladekabel<\/li>\n<li>2 x 19mm D6 W\u00fcrfel (im Lieferumfang enthalten)<\/li>\n<li>SD \/ MicroSD Adapter &amp; Karte (im Lieferumfang enthalten)<\/li>\n<li>Permanentmarker mit feiner Spitze (im Lieferumfang enthalten)<\/li>\n<li>7 x SeedQR Karten (im Lieferumfang enthalten)<\/li>\n<li>1 x Vulcan SteelQR Platte (optional)<\/li>\n<li>Anker PowerCore 5000 Tragbares Ladeger\u00e4t (https:\/\/amzn.to\/41b9snp) (optional)<\/li>\n<\/ul><p>Das \u00c4u\u00dfere des Geh\u00e4uses besteht aus Hartkunststoff (PLA), w\u00e4hrend die Staubdichtung und die Inneneinlagen aus weicherem 95A TPU gefertigt sind. Stabile Riegel halten das Geh\u00e4use geschlossen, und beefy Schlaufen bieten auch die M\u00f6glichkeit, das Geh\u00e4use mit Schl\u00f6ssern oder manipulationssicheren Dichtungen zu sichern. Das Geh\u00e4use ist mit prominentem Branding, einer kleineren Stealth-Version des SeedSigner-Logos oder \u00fcberhaupt ohne Branding erh\u00e4ltlich. Alle Go Kits kommen mit 7x SeedQR Karten (Papier), einem Paar D6 W\u00fcrfel, SD-Karte und einem Fine Tip Permanent Marker.<\/p><p><strong>Haftungsausschluss:<\/strong> Dieses Produkt wurde entwickelt von <a href=\"https:\/\/twitter.com\/SeedSigner\">SeedSigner<\/a>, und wird mit Erlaubnis verkauft! Wenn Sie sich in Nordamerika befinden, erw\u00e4gen Sie, bei seiner <a href=\"https:\/\/btc-hardware-solutions.square.site\/\">Einkaufen<\/a> um beim Versand zu sparen. Ein Teil der Gewinne flie\u00dft in den SeedSigner-Entwicklungsfonds.<\/p><\/p>","protected":false},"featured_media":4815,"comment_status":"closed","ping_status":"closed","template":"","meta":[],"product_brand":[],"product_cat":[213,34],"product_tag":[],"class_list":{"0":"post-4691","1":"product","2":"type-product","3":"status-publish","4":"has-post-thumbnail","6":"product_cat-coldstorage","7":"product_cat-seedsigner","9":"first","10":"instock","11":"taxable","12":"shipping-taxable","13":"purchasable","14":"product-type-variable"},"yoast_head":"\n<title>SeedSigner Go Kit - Go Brrr<\/title>\n<meta name=\"description\" content=\"The Go Kit is designed to accommodate everything you need to manage private keys. Whether you&#039;d like to take your signer to help a friend with their bitcoin savings, or if you&#039;d just like to have the peace of mind knowing your signer is ready when you need it, this case keeps everything tidy and organized\" \/>\n<meta name=\"robots\" content=\"index, follow, max-snippet:-1, max-image-preview:large, max-video-preview:-1\" \/>\n<link rel=\"canonical\" href=\"https:\/\/www.gobrrr.me\/de\/product\/seedsigner-go-kit\/\" \/>\n<meta property=\"og:locale\" content=\"de_DE\" \/>\n<meta property=\"og:type\" content=\"article\" \/>\n<meta property=\"og:title\" content=\"SeedSigner Go Kit - Go Brrr\" \/>\n<meta property=\"og:description\" content=\"The Go Kit is designed to accommodate everything you need to manage private keys. Whether you&#039;d like to take your signer to help a friend with their bitcoin savings, or if you&#039;d just like to have the peace of mind knowing your signer is ready when you need it, this case keeps everything tidy and organized\" \/>\n<meta property=\"og:url\" content=\"https:\/\/www.gobrrr.me\/de\/product\/seedsigner-go-kit\/\" \/>\n<meta property=\"og:site_name\" content=\"Go Brrr\" \/>\n<meta property=\"article:modified_time\" content=\"2024-01-29T13:32:13+00:00\" \/>\n<meta property=\"og:image\" content=\"https:\/\/www.gobrrr.me\/ozypsoob\/2023\/06\/GoKit-5-scaled.jpg\" \/>\n\t<meta property=\"og:image:width\" content=\"2560\" \/>\n\t<meta property=\"og:image:height\" content=\"1920\" \/>\n\t<meta property=\"og:image:type\" content=\"image\/jpeg\" \/>\n<meta name=\"twitter:card\" content=\"summary_large_image\" \/>\n<meta name=\"twitter:title\" content=\"SeedSigner Go Kit\" \/>\n<meta name=\"twitter:description\" content=\"The Go Kit is designed to accommodate everything you need to manage private keys. Whether you&#039;d like to take your signer to help a friend with their bitcoin savings, or if you&#039;d just like to have the peace of mind knowing your signer is ready when you need it, this case keeps everything tidy and organized\" \/>\n<meta name=\"twitter:image\" content=\"https:\/\/www.gobrrr.me\/ozypsoob\/2023\/06\/GoKit-5-scaled.jpg\" \/>\n<meta name=\"twitter:site\" content=\"@GoBrrr_me\" \/>\n<meta name=\"twitter:label1\" content=\"Gesch\u00e4tzte Lesezeit\" \/>\n\t<meta name=\"twitter:data1\" content=\"2 Minuten\" \/>\n<script type=\"application\/ld+json\" class=\"yoast-schema-graph\">{\"@context\":\"https:\\\/\\\/schema.org\",\"@graph\":[{\"@type\":\"WebPage\",\"@id\":\"https:\\\/\\\/www.gobrrr.me\\\/product\\\/seedsigner-go-kit\\\/\",\"url\":\"https:\\\/\\\/www.gobrrr.me\\\/product\\\/seedsigner-go-kit\\\/\",\"name\":\"SeedSigner Go Kit - Go Brrr\",\"isPartOf\":{\"@id\":\"https:\\\/\\\/www.gobrrr.me\\\/#website\"},\"primaryImageOfPage\":{\"@id\":\"https:\\\/\\\/www.gobrrr.me\\\/product\\\/seedsigner-go-kit\\\/#primaryimage\"},\"image\":{\"@id\":\"https:\\\/\\\/www.gobrrr.me\\\/product\\\/seedsigner-go-kit\\\/#primaryimage\"},\"thumbnailUrl\":\"https:\\\/\\\/www.gobrrr.me\\\/wp-content\\\/uploads\\\/2023\\\/06\\\/GoKit-5-scaled.jpg\",\"datePublished\":\"2023-06-05T13:05:33+00:00\",\"dateModified\":\"2024-01-29T13:32:13+00:00\",\"description\":\"The Go Kit is designed to accommodate everything you need to manage private keys. Whether you'd like to take your signer to help a friend with their bitcoin savings, or if you'd just like to have the peace of mind knowing your signer is ready when you need it, this case keeps everything tidy and organized\",\"breadcrumb\":{\"@id\":\"https:\\\/\\\/www.gobrrr.me\\\/product\\\/seedsigner-go-kit\\\/#breadcrumb\"},\"inLanguage\":\"de-AT\",\"potentialAction\":[{\"@type\":\"ReadAction\",\"target\":[\"https:\\\/\\\/www.gobrrr.me\\\/product\\\/seedsigner-go-kit\\\/\"]}]},{\"@type\":\"ImageObject\",\"inLanguage\":\"de-AT\",\"@id\":\"https:\\\/\\\/www.gobrrr.me\\\/product\\\/seedsigner-go-kit\\\/#primaryimage\",\"url\":\"https:\\\/\\\/www.gobrrr.me\\\/wp-content\\\/uploads\\\/2023\\\/06\\\/GoKit-5-scaled.jpg\",\"contentUrl\":\"https:\\\/\\\/www.gobrrr.me\\\/wp-content\\\/uploads\\\/2023\\\/06\\\/GoKit-5-scaled.jpg\",\"width\":2560,\"height\":1920},{\"@type\":\"BreadcrumbList\",\"@id\":\"https:\\\/\\\/www.gobrrr.me\\\/product\\\/seedsigner-go-kit\\\/#breadcrumb\",\"itemListElement\":[{\"@type\":\"ListItem\",\"position\":1,\"name\":\"Home\",\"item\":\"https:\\\/\\\/www.gobrrr.me\\\/\"},{\"@type\":\"ListItem\",\"position\":2,\"name\":\"Shop\",\"item\":\"https:\\\/\\\/www.gobrrr.me\\\/shop\\\/\"},{\"@type\":\"ListItem\",\"position\":3,\"name\":\"SeedSigner Go Kit\"}]},{\"@type\":\"WebSite\",\"@id\":\"https:\\\/\\\/www.gobrrr.me\\\/#website\",\"url\":\"https:\\\/\\\/www.gobrrr.me\\\/\",\"name\":\"Go Brrr\",\"description\":\"3D prints for sovereign individuals\",\"publisher\":{\"@id\":\"https:\\\/\\\/www.gobrrr.me\\\/#organization\"},\"potentialAction\":[{\"@type\":\"SearchAction\",\"target\":{\"@type\":\"EntryPoint\",\"urlTemplate\":\"https:\\\/\\\/www.gobrrr.me\\\/?s={search_term_string}\"},\"query-input\":{\"@type\":\"PropertyValueSpecification\",\"valueRequired\":true,\"valueName\":\"search_term_string\"}}],\"inLanguage\":\"de-AT\"},{\"@type\":\"Organization\",\"@id\":\"https:\\\/\\\/www.gobrrr.me\\\/#organization\",\"name\":\"Go Brrr 3D\",\"url\":\"https:\\\/\\\/www.gobrrr.me\\\/\",\"logo\":{\"@type\":\"ImageObject\",\"inLanguage\":\"de-AT\",\"@id\":\"https:\\\/\\\/www.gobrrr.me\\\/#\\\/schema\\\/logo\\\/image\\\/\",\"url\":\"https:\\\/\\\/i0.wp.com\\\/www.gobrrr.me\\\/wp-content\\\/uploads\\\/2022\\\/02\\\/BrrrIco.png?fit=100%2C100&ssl=1\",\"contentUrl\":\"https:\\\/\\\/i0.wp.com\\\/www.gobrrr.me\\\/wp-content\\\/uploads\\\/2022\\\/02\\\/BrrrIco.png?fit=100%2C100&ssl=1\",\"width\":100,\"height\":100,\"caption\":\"Go Brrr 3D\"},\"image\":{\"@id\":\"https:\\\/\\\/www.gobrrr.me\\\/#\\\/schema\\\/logo\\\/image\\\/\"},\"sameAs\":[\"https:\\\/\\\/x.com\\\/GoBrrr_me\"]}]}<\/script>\n","yoast_head_json":{"title":"SeedSigner Go Kit - Go Brrr","description":"The Go Kit is designed to accommodate everything you need to manage private keys. Whether you'd like to take your signer to help a friend with their bitcoin savings, or if you'd just like to have the peace of mind knowing your signer is ready when you need it, this case keeps everything tidy and organized","robots":{"index":"index","follow":"follow","max-snippet":"max-snippet:-1","max-image-preview":"max-image-preview:large","max-video-preview":"max-video-preview:-1"},"canonical":"https:\/\/www.gobrrr.me\/de\/product\/seedsigner-go-kit\/","og_locale":"de_DE","og_type":"article","og_title":"SeedSigner Go Kit - Go Brrr","og_description":"The Go Kit is designed to accommodate everything you need to manage private keys. Whether you'd like to take your signer to help a friend with their bitcoin savings, or if you'd just like to have the peace of mind knowing your signer is ready when you need it, this case keeps everything tidy and organized","og_url":"https:\/\/www.gobrrr.me\/de\/product\/seedsigner-go-kit\/","og_site_name":"Go Brrr","article_modified_time":"2024-01-29T13:32:13+00:00","og_image":[{"width":2560,"height":1920,"url":"https:\/\/www.gobrrr.me\/ozypsoob\/2023\/06\/GoKit-5-scaled.jpg","type":"image\/jpeg"}],"twitter_card":"summary_large_image","twitter_title":"SeedSigner Go Kit","twitter_description":"The Go Kit is designed to accommodate everything you need to manage private keys. Whether you'd like to take your signer to help a friend with their bitcoin savings, or if you'd just like to have the peace of mind knowing your signer is ready when you need it, this case keeps everything tidy and organized","twitter_image":"https:\/\/www.gobrrr.me\/ozypsoob\/2023\/06\/GoKit-5-scaled.jpg","twitter_site":"@GoBrrr_me","twitter_misc":{"Gesch\u00e4tzte Lesezeit":"2 Minuten"},"schema":{"@context":"https:\/\/schema.org","@graph":[{"@type":"WebPage","@id":"https:\/\/www.gobrrr.me\/product\/seedsigner-go-kit\/","url":"https:\/\/www.gobrrr.me\/product\/seedsigner-go-kit\/","name":"SeedSigner Go Kit - Go Brrr","isPartOf":{"@id":"https:\/\/www.gobrrr.me\/#website"},"primaryImageOfPage":{"@id":"https:\/\/www.gobrrr.me\/product\/seedsigner-go-kit\/#primaryimage"},"image":{"@id":"https:\/\/www.gobrrr.me\/product\/seedsigner-go-kit\/#primaryimage"},"thumbnailUrl":"https:\/\/www.gobrrr.me\/ozypsoob\/2023\/06\/GoKit-5-scaled.jpg","datePublished":"2023-06-05T13:05:33+00:00","dateModified":"2024-01-29T13:32:13+00:00","description":"The Go Kit is designed to accommodate everything you need to manage private keys. Whether you'd like to take your signer to help a friend with their bitcoin savings, or if you'd just like to have the peace of mind knowing your signer is ready when you need it, this case keeps everything tidy and organized","breadcrumb":{"@id":"https:\/\/www.gobrrr.me\/product\/seedsigner-go-kit\/#breadcrumb"},"inLanguage":"de-AT","potentialAction":[{"@type":"ReadAction","target":["https:\/\/www.gobrrr.me\/product\/seedsigner-go-kit\/"]}]},{"@type":"ImageObject","inLanguage":"de-AT","@id":"https:\/\/www.gobrrr.me\/product\/seedsigner-go-kit\/#primaryimage","url":"https:\/\/www.gobrrr.me\/ozypsoob\/2023\/06\/GoKit-5-scaled.jpg","contentUrl":"https:\/\/www.gobrrr.me\/ozypsoob\/2023\/06\/GoKit-5-scaled.jpg","width":2560,"height":1920},{"@type":"BreadcrumbList","@id":"https:\/\/www.gobrrr.me\/product\/seedsigner-go-kit\/#breadcrumb","itemListElement":[{"@type":"ListItem","position":1,"name":"Home","item":"https:\/\/www.gobrrr.me\/"},{"@type":"ListItem","position":2,"name":"Shop","item":"https:\/\/www.gobrrr.me\/shop\/"},{"@type":"ListItem","position":3,"name":"SeedSigner Go Kit"}]},{"@type":"WebSite","@id":"https:\/\/www.gobrrr.me\/#website","url":"https:\/\/www.gobrrr.me\/","name":"Go Brrr","description":"3D prints for sovereign individuals","publisher":{"@id":"https:\/\/www.gobrrr.me\/#organization"},"potentialAction":[{"@type":"SearchAction","target":{"@type":"EntryPoint","urlTemplate":"https:\/\/www.gobrrr.me\/?s={search_term_string}"},"query-input":{"@type":"PropertyValueSpecification","valueRequired":true,"valueName":"search_term_string"}}],"inLanguage":"de-AT"},{"@type":"Organization","@id":"https:\/\/www.gobrrr.me\/#organization","name":"Go Brrr 3D","url":"https:\/\/www.gobrrr.me\/","logo":{"@type":"ImageObject","inLanguage":"de-AT","@id":"https:\/\/www.gobrrr.me\/#\/schema\/logo\/image\/","url":"https:\/\/i0.wp.com\/www.gobrrr.me\/ozypsoob\/2022\/02\/BrrrIco.png?fit=100%2C100&ssl=1","contentUrl":"https:\/\/i0.wp.com\/www.gobrrr.me\/ozypsoob\/2022\/02\/BrrrIco.png?fit=100%2C100&ssl=1","width":100,"height":100,"caption":"Go Brrr 3D"},"image":{"@id":"https:\/\/www.gobrrr.me\/#\/schema\/logo\/image\/"},"sameAs":["https:\/\/x.com\/GoBrrr_me"]}]}},"_links":{"self":[{"href":"https:\/\/www.gobrrr.me\/de\/wp-json\/wp\/v2\/product\/4691","targetHints":{"allow":["GET"]}}],"collection":[{"href":"https:\/\/www.gobrrr.me\/de\/wp-json\/wp\/v2\/product"}],"about":[{"href":"https:\/\/www.gobrrr.me\/de\/wp-json\/wp\/v2\/types\/product"}],"replies":[{"embeddable":true,"href":"https:\/\/www.gobrrr.me\/de\/wp-json\/wp\/v2\/comments?post=4691"}],"version-history":[{"count":0,"href":"https:\/\/www.gobrrr.me\/de\/wp-json\/wp\/v2\/product\/4691\/revisions"}],"wp:featuredmedia":[{"embeddable":true,"href":"https:\/\/www.gobrrr.me\/de\/wp-json\/wp\/v2\/media\/4815"}],"wp:attachment":[{"href":"https:\/\/www.gobrrr.me\/de\/wp-json\/wp\/v2\/media?parent=4691"}],"wp:term":[{"taxonomy":"product_brand","embeddable":true,"href":"https:\/\/www.gobrrr.me\/de\/wp-json\/wp\/v2\/product_brand?post=4691"},{"taxonomy":"product_cat","embeddable":true,"href":"https:\/\/www.gobrrr.me\/de\/wp-json\/wp\/v2\/product_cat?post=4691"},{"taxonomy":"product_tag","embeddable":true,"href":"https:\/\/www.gobrrr.me\/de\/wp-json\/wp\/v2\/product_tag?post=4691"}],"curies":[{"name":"wp","href":"https:\/\/api.w.org\/{rel}","templated":true}]}}