{"id":413,"date":"2021-11-14T17:36:00","date_gmt":"2021-11-14T16:36:00","guid":{"rendered":"https:\/\/www.gobrrr.me\/?post_type=product&#038;p=413"},"modified":"2025-06-09T12:59:11","modified_gmt":"2025-06-09T10:59:11","slug":"antminer-fan-duct","status":"publish","type":"product","link":"https:\/\/www.gobrrr.me\/de\/product\/antminer-fan-duct\/","title":{"rendered":"<p>Antminer S9 L\u00fcfterkanal<\/p>"},"content":{"rendered":"<p>L\u00fcfterkanalblende mit Montagegrat f\u00fcr den Antminer S9 \/ S9i \/ S9j \/ S9k<p>Diese sind nicht sofort auf Lager und werden auf Anfrage gedruckt, bitte erlauben Sie ein paar Tage, bevor das Produkt f\u00fcr den Versand bereit ist. M\u00f6chten Sie eine bestimmte Farbe? Lassen Sie es uns in den Auftragsscheinen wissen, und wir werden unser Bestes geben.<\/p><div style=\"width: 980px;\" class=\"wp-video\"><video class=\"wp-video-shortcode\" id=\"video-413-1\" width=\"980\" height=\"551\" preload=\"metadata\" controls=\"controls\"><source type=\"video\/mp4\" src=\"https:\/\/www.gobrrr.me\/ozypsoob\/2021\/11\/Antminer_4in1_Duct_2021-GoBrrr.me_.mp4?_=1\"><\/source><a href=\"https:\/\/www.gobrrr.me\/ozypsoob\/2021\/11\/Antminer_4in1_Duct_2021-GoBrrr.me_.mp4\">https:\/\/www.gobrrr.me\/ozypsoob\/2021\/11\/Antminer_4in1_Duct_2021-GoBrrr.me_.mp4<\/a><\/video><\/div><\/p>","protected":false},"excerpt":{"rendered":"<p>Heavy-Duty L\u00fcfterkanal f\u00fcr Antminer mit 120 mm L\u00fcfter (120 bis 100 mm) mit Grat f\u00fcr einfaches Spannen. Getestet mit S9, sollte aber auch f\u00fcr verschiedene Versionen mit 120-mm-L\u00fcftern funktionieren. PLA ist ausreichend zuverl\u00e4ssig f\u00fcr den Heimgebrauch, wo nur wenige Bergleute arbeiten. F\u00fcr gr\u00f6\u00dfere Operationen mit h\u00f6heren Umgebungstemperaturen sollten Sie auf Nummer sicher gehen und PETG w\u00e4hlen.<p>Diese sind nicht sofort auf Lager und werden auf Anfrage gedruckt, bitte erlauben Sie ein paar Tage, bevor das Produkt f\u00fcr den Versand bereit ist. M\u00f6chten Sie eine bestimmte Farbe? Lassen Sie es uns in den Auftragsscheinen wissen, und wir werden unser Bestes geben.<\/p><\/p>","protected":false},"featured_media":420,"comment_status":"closed","ping_status":"closed","template":"","meta":[],"product_brand":[],"product_cat":[275],"product_tag":[29,54],"class_list":{"0":"post-413","1":"product","2":"type-product","3":"status-publish","4":"has-post-thumbnail","6":"product_cat-mining-accessories","7":"product_tag-3d","8":"product_tag-duct","9":"product_shipping_class-xl","11":"first","12":"instock","13":"taxable","14":"shipping-taxable","15":"purchasable","16":"product-type-variable"},"yoast_head":"\n<title>Antminer S9 fan duct - Go Brrr<\/title>\n<meta name=\"robots\" content=\"index, follow, max-snippet:-1, max-image-preview:large, max-video-preview:-1\" \/>\n<link rel=\"canonical\" href=\"https:\/\/www.gobrrr.me\/de\/product\/antminer-fan-duct\/\" \/>\n<meta property=\"og:locale\" content=\"de_DE\" \/>\n<meta property=\"og:type\" content=\"article\" \/>\n<meta property=\"og:title\" content=\"Antminer S9 fan duct - Go Brrr\" \/>\n<meta property=\"og:description\" content=\"Heavy-duty fan duct for Antminers with 120 mm fans (120 to 100 mm) with ridge for easy clamping. Tested with S9, but should work for different versions with 120 mm fans too. PLA is sufficiently reliable for home use where only a few miners are working. For bigger operations with higher ambient temperatures, play it safe and choose PETG.  These are not readily stocked and are printed on demand, please allow a few days before the product is ready for shipping. Want a specific color? Let us know in the order notes, and we&#039;ll do our best.\" \/>\n<meta property=\"og:url\" content=\"https:\/\/www.gobrrr.me\/de\/product\/antminer-fan-duct\/\" \/>\n<meta property=\"og:site_name\" content=\"Go Brrr\" \/>\n<meta property=\"article:modified_time\" content=\"2025-06-09T10:59:11+00:00\" \/>\n<meta property=\"og:image\" content=\"https:\/\/www.gobrrr.me\/ozypsoob\/2021\/11\/Antminer_4in1_Duct_2021-1-GoBrrr.me-preview-e1636908103358.png\" \/>\n\t<meta property=\"og:image:width\" content=\"441\" \/>\n\t<meta property=\"og:image:height\" content=\"325\" \/>\n\t<meta property=\"og:image:type\" content=\"image\/png\" \/>\n<meta name=\"twitter:card\" content=\"summary_large_image\" \/>\n<meta name=\"twitter:site\" content=\"@GoBrrr_me\" \/>\n<meta name=\"twitter:label1\" content=\"Gesch\u00e4tzte Lesezeit\" \/>\n\t<meta name=\"twitter:data1\" content=\"1 Minute\" \/>\n<script type=\"application\/ld+json\" class=\"yoast-schema-graph\">{\"@context\":\"https:\\\/\\\/schema.org\",\"@graph\":[{\"@type\":\"WebPage\",\"@id\":\"https:\\\/\\\/www.gobrrr.me\\\/product\\\/antminer-fan-duct\\\/\",\"url\":\"https:\\\/\\\/www.gobrrr.me\\\/product\\\/antminer-fan-duct\\\/\",\"name\":\"Antminer S9 fan duct - Go Brrr\",\"isPartOf\":{\"@id\":\"https:\\\/\\\/www.gobrrr.me\\\/#website\"},\"primaryImageOfPage\":{\"@id\":\"https:\\\/\\\/www.gobrrr.me\\\/product\\\/antminer-fan-duct\\\/#primaryimage\"},\"image\":{\"@id\":\"https:\\\/\\\/www.gobrrr.me\\\/product\\\/antminer-fan-duct\\\/#primaryimage\"},\"thumbnailUrl\":\"https:\\\/\\\/www.gobrrr.me\\\/wp-content\\\/uploads\\\/2021\\\/11\\\/Antminer_4in1_Duct_2021-1-GoBrrr.me-preview-e1636908103358.png\",\"datePublished\":\"2021-11-14T16:36:00+00:00\",\"dateModified\":\"2025-06-09T10:59:11+00:00\",\"breadcrumb\":{\"@id\":\"https:\\\/\\\/www.gobrrr.me\\\/product\\\/antminer-fan-duct\\\/#breadcrumb\"},\"inLanguage\":\"de-AT\",\"potentialAction\":[{\"@type\":\"ReadAction\",\"target\":[\"https:\\\/\\\/www.gobrrr.me\\\/product\\\/antminer-fan-duct\\\/\"]}]},{\"@type\":\"ImageObject\",\"inLanguage\":\"de-AT\",\"@id\":\"https:\\\/\\\/www.gobrrr.me\\\/product\\\/antminer-fan-duct\\\/#primaryimage\",\"url\":\"https:\\\/\\\/www.gobrrr.me\\\/wp-content\\\/uploads\\\/2021\\\/11\\\/Antminer_4in1_Duct_2021-1-GoBrrr.me-preview-e1636908103358.png\",\"contentUrl\":\"https:\\\/\\\/www.gobrrr.me\\\/wp-content\\\/uploads\\\/2021\\\/11\\\/Antminer_4in1_Duct_2021-1-GoBrrr.me-preview-e1636908103358.png\",\"width\":441,\"height\":325},{\"@type\":\"BreadcrumbList\",\"@id\":\"https:\\\/\\\/www.gobrrr.me\\\/product\\\/antminer-fan-duct\\\/#breadcrumb\",\"itemListElement\":[{\"@type\":\"ListItem\",\"position\":1,\"name\":\"Home\",\"item\":\"https:\\\/\\\/www.gobrrr.me\\\/\"},{\"@type\":\"ListItem\",\"position\":2,\"name\":\"Shop\",\"item\":\"https:\\\/\\\/www.gobrrr.me\\\/shop\\\/\"},{\"@type\":\"ListItem\",\"position\":3,\"name\":\"Antminer S9 fan duct\"}]},{\"@type\":\"WebSite\",\"@id\":\"https:\\\/\\\/www.gobrrr.me\\\/#website\",\"url\":\"https:\\\/\\\/www.gobrrr.me\\\/\",\"name\":\"Go Brrr\",\"description\":\"3D prints for sovereign individuals\",\"publisher\":{\"@id\":\"https:\\\/\\\/www.gobrrr.me\\\/#organization\"},\"potentialAction\":[{\"@type\":\"SearchAction\",\"target\":{\"@type\":\"EntryPoint\",\"urlTemplate\":\"https:\\\/\\\/www.gobrrr.me\\\/?s={search_term_string}\"},\"query-input\":{\"@type\":\"PropertyValueSpecification\",\"valueRequired\":true,\"valueName\":\"search_term_string\"}}],\"inLanguage\":\"de-AT\"},{\"@type\":\"Organization\",\"@id\":\"https:\\\/\\\/www.gobrrr.me\\\/#organization\",\"name\":\"Go Brrr 3D\",\"url\":\"https:\\\/\\\/www.gobrrr.me\\\/\",\"logo\":{\"@type\":\"ImageObject\",\"inLanguage\":\"de-AT\",\"@id\":\"https:\\\/\\\/www.gobrrr.me\\\/#\\\/schema\\\/logo\\\/image\\\/\",\"url\":\"https:\\\/\\\/i0.wp.com\\\/www.gobrrr.me\\\/wp-content\\\/uploads\\\/2022\\\/02\\\/BrrrIco.png?fit=100%2C100&ssl=1\",\"contentUrl\":\"https:\\\/\\\/i0.wp.com\\\/www.gobrrr.me\\\/wp-content\\\/uploads\\\/2022\\\/02\\\/BrrrIco.png?fit=100%2C100&ssl=1\",\"width\":100,\"height\":100,\"caption\":\"Go Brrr 3D\"},\"image\":{\"@id\":\"https:\\\/\\\/www.gobrrr.me\\\/#\\\/schema\\\/logo\\\/image\\\/\"},\"sameAs\":[\"https:\\\/\\\/x.com\\\/GoBrrr_me\"]}]}<\/script>\n","yoast_head_json":{"title":"Antminer S9 fan duct - Go Brrr","robots":{"index":"index","follow":"follow","max-snippet":"max-snippet:-1","max-image-preview":"max-image-preview:large","max-video-preview":"max-video-preview:-1"},"canonical":"https:\/\/www.gobrrr.me\/de\/product\/antminer-fan-duct\/","og_locale":"de_DE","og_type":"article","og_title":"Antminer S9 fan duct - Go Brrr","og_description":"Heavy-duty fan duct for Antminers with 120 mm fans (120 to 100 mm) with ridge for easy clamping. Tested with S9, but should work for different versions with 120 mm fans too. PLA is sufficiently reliable for home use where only a few miners are working. For bigger operations with higher ambient temperatures, play it safe and choose PETG.  These are not readily stocked and are printed on demand, please allow a few days before the product is ready for shipping. Want a specific color? Let us know in the order notes, and we'll do our best.","og_url":"https:\/\/www.gobrrr.me\/de\/product\/antminer-fan-duct\/","og_site_name":"Go Brrr","article_modified_time":"2025-06-09T10:59:11+00:00","og_image":[{"width":441,"height":325,"url":"https:\/\/www.gobrrr.me\/ozypsoob\/2021\/11\/Antminer_4in1_Duct_2021-1-GoBrrr.me-preview-e1636908103358.png","type":"image\/png"}],"twitter_card":"summary_large_image","twitter_site":"@GoBrrr_me","twitter_misc":{"Gesch\u00e4tzte Lesezeit":"1 Minute"},"schema":{"@context":"https:\/\/schema.org","@graph":[{"@type":"WebPage","@id":"https:\/\/www.gobrrr.me\/product\/antminer-fan-duct\/","url":"https:\/\/www.gobrrr.me\/product\/antminer-fan-duct\/","name":"Antminer S9 fan duct - Go Brrr","isPartOf":{"@id":"https:\/\/www.gobrrr.me\/#website"},"primaryImageOfPage":{"@id":"https:\/\/www.gobrrr.me\/product\/antminer-fan-duct\/#primaryimage"},"image":{"@id":"https:\/\/www.gobrrr.me\/product\/antminer-fan-duct\/#primaryimage"},"thumbnailUrl":"https:\/\/www.gobrrr.me\/ozypsoob\/2021\/11\/Antminer_4in1_Duct_2021-1-GoBrrr.me-preview-e1636908103358.png","datePublished":"2021-11-14T16:36:00+00:00","dateModified":"2025-06-09T10:59:11+00:00","breadcrumb":{"@id":"https:\/\/www.gobrrr.me\/product\/antminer-fan-duct\/#breadcrumb"},"inLanguage":"de-AT","potentialAction":[{"@type":"ReadAction","target":["https:\/\/www.gobrrr.me\/product\/antminer-fan-duct\/"]}]},{"@type":"ImageObject","inLanguage":"de-AT","@id":"https:\/\/www.gobrrr.me\/product\/antminer-fan-duct\/#primaryimage","url":"https:\/\/www.gobrrr.me\/ozypsoob\/2021\/11\/Antminer_4in1_Duct_2021-1-GoBrrr.me-preview-e1636908103358.png","contentUrl":"https:\/\/www.gobrrr.me\/ozypsoob\/2021\/11\/Antminer_4in1_Duct_2021-1-GoBrrr.me-preview-e1636908103358.png","width":441,"height":325},{"@type":"BreadcrumbList","@id":"https:\/\/www.gobrrr.me\/product\/antminer-fan-duct\/#breadcrumb","itemListElement":[{"@type":"ListItem","position":1,"name":"Home","item":"https:\/\/www.gobrrr.me\/"},{"@type":"ListItem","position":2,"name":"Shop","item":"https:\/\/www.gobrrr.me\/shop\/"},{"@type":"ListItem","position":3,"name":"Antminer S9 fan duct"}]},{"@type":"WebSite","@id":"https:\/\/www.gobrrr.me\/#website","url":"https:\/\/www.gobrrr.me\/","name":"Go Brrr","description":"3D prints for sovereign individuals","publisher":{"@id":"https:\/\/www.gobrrr.me\/#organization"},"potentialAction":[{"@type":"SearchAction","target":{"@type":"EntryPoint","urlTemplate":"https:\/\/www.gobrrr.me\/?s={search_term_string}"},"query-input":{"@type":"PropertyValueSpecification","valueRequired":true,"valueName":"search_term_string"}}],"inLanguage":"de-AT"},{"@type":"Organization","@id":"https:\/\/www.gobrrr.me\/#organization","name":"Go Brrr 3D","url":"https:\/\/www.gobrrr.me\/","logo":{"@type":"ImageObject","inLanguage":"de-AT","@id":"https:\/\/www.gobrrr.me\/#\/schema\/logo\/image\/","url":"https:\/\/i0.wp.com\/www.gobrrr.me\/ozypsoob\/2022\/02\/BrrrIco.png?fit=100%2C100&ssl=1","contentUrl":"https:\/\/i0.wp.com\/www.gobrrr.me\/ozypsoob\/2022\/02\/BrrrIco.png?fit=100%2C100&ssl=1","width":100,"height":100,"caption":"Go Brrr 3D"},"image":{"@id":"https:\/\/www.gobrrr.me\/#\/schema\/logo\/image\/"},"sameAs":["https:\/\/x.com\/GoBrrr_me"]}]}},"_links":{"self":[{"href":"https:\/\/www.gobrrr.me\/de\/wp-json\/wp\/v2\/product\/413","targetHints":{"allow":["GET"]}}],"collection":[{"href":"https:\/\/www.gobrrr.me\/de\/wp-json\/wp\/v2\/product"}],"about":[{"href":"https:\/\/www.gobrrr.me\/de\/wp-json\/wp\/v2\/types\/product"}],"replies":[{"embeddable":true,"href":"https:\/\/www.gobrrr.me\/de\/wp-json\/wp\/v2\/comments?post=413"}],"version-history":[{"count":0,"href":"https:\/\/www.gobrrr.me\/de\/wp-json\/wp\/v2\/product\/413\/revisions"}],"wp:featuredmedia":[{"embeddable":true,"href":"https:\/\/www.gobrrr.me\/de\/wp-json\/wp\/v2\/media\/420"}],"wp:attachment":[{"href":"https:\/\/www.gobrrr.me\/de\/wp-json\/wp\/v2\/media?parent=413"}],"wp:term":[{"taxonomy":"product_brand","embeddable":true,"href":"https:\/\/www.gobrrr.me\/de\/wp-json\/wp\/v2\/product_brand?post=413"},{"taxonomy":"product_cat","embeddable":true,"href":"https:\/\/www.gobrrr.me\/de\/wp-json\/wp\/v2\/product_cat?post=413"},{"taxonomy":"product_tag","embeddable":true,"href":"https:\/\/www.gobrrr.me\/de\/wp-json\/wp\/v2\/product_tag?post=413"}],"curies":[{"name":"wp","href":"https:\/\/api.w.org\/{rel}","templated":true}]}}