{"id":3642,"date":"2023-01-03T16:44:27","date_gmt":"2023-01-03T15:44:27","guid":{"rendered":"https:\/\/www.gobrrr.me\/?post_type=product&#038;p=3642"},"modified":"2024-02-14T22:35:08","modified_gmt":"2024-02-14T21:35:08","slug":"rugged-pill-s","status":"publish","type":"product","link":"https:\/\/www.gobrrr.me\/de\/product\/rugged-pill-s\/","title":{"rendered":"<p>Robuste Pille<\/p>"},"content":{"rendered":"<p>Die Rugged Pill ist die neueste Erg\u00e4nzung unseres Sortiments an SeedSigner-Geh\u00e4usen und eine innovative L\u00f6sung f\u00fcr den Bau eines SeedSigners ohne Schrauben oder Abstandshalter. Dieses kompakte Geh\u00e4use nutzt die ZeroCam (die Sie optional hinzuf\u00fcgen k\u00f6nnen), so dass sie klein genug ist, um in jede Tasche zu passen. Es ist kaum breiter als der Raspberry Pi Zero, den es beherbergt. Das Geh\u00e4use bietet ein sehr komfortables Handling und kommt mit drei S\u00e4tzen von TPU-gedruckten Trackballs, Joysticks und Tasten <em>(TPU ist ein flexibles, gummiartiges Material)<\/em>.<p>&nbsp;<\/p><p>Was andere \u00fcber diese Anlage zu sagen haben:<\/p><blockquote class=\"twitter-tweet\" data-width=\"550\" data-dnt=\"true\">\n<p lang=\"en\" dir=\"ltr\">Und schlie\u00dflich Frieden. Das ist die ultimative <a href=\"https:\/\/twitter.com\/SeedSigner?ref_src=twsrc%5Etfw\">@SeedSigner<\/a> Erfahrung. Absolut verliebt in die Rugged Pill Case von <a href=\"https:\/\/twitter.com\/Printer_Gobrrr?ref_src=twsrc%5Etfw\">@Drucker_Gobrrr<\/a> ! <a href=\"https:\/\/t.co\/qYlc9Tw6Qx\">pic.twitter.com\/qYlc9Tw6Qx<\/a><\/p>\n<p>\u2014 Revetuzo \u2013 Das Bitcoin-Faultier (@revetuzo) <a href=\"https:\/\/twitter.com\/revetuzo\/status\/1643723352681357315?ref_src=twsrc%5Etfw\">5. April 2023<\/a><\/p><\/blockquote><p><script async src=\"https:\/\/platform.twitter.com\/widgets.js\" charset=\"utf-8\"><\/script><\/p><p><a href=\"https:\/\/twitter.com\/KYCfree\/status\/1659463613474562054?s=20\">https:\/\/twitter.com\/KYCfree\/status\/1659463613474562054?s=20<\/a><\/p><p><a href=\"https:\/\/twitter.com\/qx7qdhsgvy\/status\/1629921178906157056?s=20\">https:\/\/twitter.com\/qx7qdhsgvy\/status\/1629921178906157056?s=20<\/a><\/p><\/p>","protected":false},"excerpt":{"rendered":"<p>Die Rugged Pill ist die neueste Erg\u00e4nzung unseres Sortiments an SeedSigner-Geh\u00e4usen und eine innovative L\u00f6sung f\u00fcr den Bau eines SeedSigners ohne Schrauben oder Abstandshalter. Dieses kompakte Geh\u00e4use nutzt die ZeroCam (die Sie optional hinzuf\u00fcgen k\u00f6nnen), so dass sie klein genug ist, um in jede Tasche zu passen. Es ist kaum breiter als der Raspberry Pi Zero, den es beherbergt. Das Geh\u00e4use bietet ein sehr komfortables Handling und kommt mit drei S\u00e4tzen von TPU-gedruckten Trackballs, Joysticks und Tasten <em>(TPU ist ein flexibles, gummiartiges Material)<\/em>. Hauptmerkmale der SeedSigner Rugged Pill H\u00fclle:<ul>\n<li>Innovatives Geh\u00e4usedesign, das Schrauben oder Abstandshalter \u00fcberfl\u00fcssig macht<\/li>\n<li>Kompakte Gr\u00f6\u00dfe dank der Aufnahme einer kleineren Kamera<\/li>\n<li>Komfortables Handling mit TPU Trackball, Thumbstick und Kn\u00f6pfen<\/li>\n<li>TPU Trackballs, Thumbsticks und Buttons in drei verschiedenen Farben<\/li>\n<\/ul><p>Aktualisieren Sie Ihr pers\u00f6nliches SeedSigner Bitcoin Signierger\u00e4t mit dem Rugged-Pill zu einem kompakteren Ger\u00e4t mit besserer Handhabung. Teile des Gewinns werden an die <a href=\"https:\/\/seedsigner.com\/\">SeedSigner<\/a> Entwicklungsfonds.<\/p><p><strong>Anmerkung:<\/strong> Dies ist nur bei der optionalen Zerocam der Fall, nicht bei einem vollst\u00e4ndigen SeedSigner Kit.<\/p><\/p>","protected":false},"featured_media":5200,"comment_status":"closed","ping_status":"closed","template":"","meta":[],"product_brand":[],"product_cat":[23,34],"product_tag":[29,24,184],"class_list":{"0":"post-3642","1":"product","2":"type-product","3":"status-publish","4":"has-post-thumbnail","6":"product_cat-enclosures","7":"product_cat-seedsigner","8":"product_tag-3d","9":"product_tag-case","10":"product_tag-sscase","11":"product_shipping_class-pins","13":"first","14":"instock","15":"taxable","16":"shipping-taxable","17":"purchasable","18":"product-type-variable","19":"has-default-attributes"},"yoast_head":"\n<title>Rugged Pill - Go Brrr<\/title>\n<meta name=\"robots\" content=\"index, follow, max-snippet:-1, max-image-preview:large, max-video-preview:-1\" \/>\n<link rel=\"canonical\" href=\"https:\/\/www.gobrrr.me\/de\/product\/rugged-pill-s\/\" \/>\n<meta property=\"og:locale\" content=\"de_DE\" \/>\n<meta property=\"og:type\" content=\"article\" \/>\n<meta property=\"og:title\" content=\"SeedSigner Rugged-Pill\" \/>\n<meta property=\"og:description\" content=\"The Rugged Pill is the newest addition to our line-up of SeedSigner enclosures, and an innovative solution for building a SeedSigner without screws or spacers. This compact enclosure makes use of the ZeroCam, (which you can add optionally), making it small enough to fit in any pocket. It&#039;s barely wider than the Raspberry Pi Zero it houses.\" \/>\n<meta property=\"og:url\" content=\"https:\/\/www.gobrrr.me\/de\/product\/rugged-pill-s\/\" \/>\n<meta property=\"og:site_name\" content=\"Go Brrr\" \/>\n<meta property=\"article:modified_time\" content=\"2024-02-14T21:35:08+00:00\" \/>\n<meta property=\"og:image\" content=\"https:\/\/www.gobrrr.me\/ozypsoob\/2023\/01\/ruggedpill_s-16-scaled.jpg\" \/>\n\t<meta property=\"og:image:width\" content=\"2560\" \/>\n\t<meta property=\"og:image:height\" content=\"1920\" \/>\n\t<meta property=\"og:image:type\" content=\"image\/jpeg\" \/>\n<meta name=\"twitter:card\" content=\"summary_large_image\" \/>\n<meta name=\"twitter:title\" content=\"SeedSigner - Rugged Pill\" \/>\n<meta name=\"twitter:description\" content=\"The Rugged Pill is the newest addition to our line-up of SeedSigner enclosures, and an innovative solution for building a SeedSigner without screws or spacers. This compact enclosure makes use of the ZeroCam, (which you can add optionally), making it small enough to fit in any pocket. It&#039;s barely wider than the Raspberry Pi Zero it houses.\" \/>\n<meta name=\"twitter:image\" content=\"https:\/\/www.gobrrr.me\/ozypsoob\/2023\/01\/ruggedpill_s-16-scaled.jpg\" \/>\n<meta name=\"twitter:site\" content=\"@GoBrrr_me\" \/>\n<meta name=\"twitter:label1\" content=\"Gesch\u00e4tzte Lesezeit\" \/>\n\t<meta name=\"twitter:data1\" content=\"1 Minute\" \/>\n<script type=\"application\/ld+json\" class=\"yoast-schema-graph\">{\"@context\":\"https:\\\/\\\/schema.org\",\"@graph\":[{\"@type\":\"WebPage\",\"@id\":\"https:\\\/\\\/www.gobrrr.me\\\/product\\\/rugged-pill-s\\\/\",\"url\":\"https:\\\/\\\/www.gobrrr.me\\\/product\\\/rugged-pill-s\\\/\",\"name\":\"Rugged Pill - Go Brrr\",\"isPartOf\":{\"@id\":\"https:\\\/\\\/www.gobrrr.me\\\/#website\"},\"primaryImageOfPage\":{\"@id\":\"https:\\\/\\\/www.gobrrr.me\\\/product\\\/rugged-pill-s\\\/#primaryimage\"},\"image\":{\"@id\":\"https:\\\/\\\/www.gobrrr.me\\\/product\\\/rugged-pill-s\\\/#primaryimage\"},\"thumbnailUrl\":\"https:\\\/\\\/www.gobrrr.me\\\/wp-content\\\/uploads\\\/2023\\\/01\\\/ruggedpill_s-16-scaled.jpg\",\"datePublished\":\"2023-01-03T15:44:27+00:00\",\"dateModified\":\"2024-02-14T21:35:08+00:00\",\"breadcrumb\":{\"@id\":\"https:\\\/\\\/www.gobrrr.me\\\/product\\\/rugged-pill-s\\\/#breadcrumb\"},\"inLanguage\":\"de-AT\",\"potentialAction\":[{\"@type\":\"ReadAction\",\"target\":[\"https:\\\/\\\/www.gobrrr.me\\\/product\\\/rugged-pill-s\\\/\"]}]},{\"@type\":\"ImageObject\",\"inLanguage\":\"de-AT\",\"@id\":\"https:\\\/\\\/www.gobrrr.me\\\/product\\\/rugged-pill-s\\\/#primaryimage\",\"url\":\"https:\\\/\\\/www.gobrrr.me\\\/wp-content\\\/uploads\\\/2023\\\/01\\\/ruggedpill_s-16-scaled.jpg\",\"contentUrl\":\"https:\\\/\\\/www.gobrrr.me\\\/wp-content\\\/uploads\\\/2023\\\/01\\\/ruggedpill_s-16-scaled.jpg\",\"width\":2560,\"height\":1920},{\"@type\":\"BreadcrumbList\",\"@id\":\"https:\\\/\\\/www.gobrrr.me\\\/product\\\/rugged-pill-s\\\/#breadcrumb\",\"itemListElement\":[{\"@type\":\"ListItem\",\"position\":1,\"name\":\"Home\",\"item\":\"https:\\\/\\\/www.gobrrr.me\\\/\"},{\"@type\":\"ListItem\",\"position\":2,\"name\":\"Shop\",\"item\":\"https:\\\/\\\/www.gobrrr.me\\\/shop\\\/\"},{\"@type\":\"ListItem\",\"position\":3,\"name\":\"Rugged Pill\"}]},{\"@type\":\"WebSite\",\"@id\":\"https:\\\/\\\/www.gobrrr.me\\\/#website\",\"url\":\"https:\\\/\\\/www.gobrrr.me\\\/\",\"name\":\"Go Brrr\",\"description\":\"3D prints for sovereign individuals\",\"publisher\":{\"@id\":\"https:\\\/\\\/www.gobrrr.me\\\/#organization\"},\"potentialAction\":[{\"@type\":\"SearchAction\",\"target\":{\"@type\":\"EntryPoint\",\"urlTemplate\":\"https:\\\/\\\/www.gobrrr.me\\\/?s={search_term_string}\"},\"query-input\":{\"@type\":\"PropertyValueSpecification\",\"valueRequired\":true,\"valueName\":\"search_term_string\"}}],\"inLanguage\":\"de-AT\"},{\"@type\":\"Organization\",\"@id\":\"https:\\\/\\\/www.gobrrr.me\\\/#organization\",\"name\":\"Go Brrr 3D\",\"url\":\"https:\\\/\\\/www.gobrrr.me\\\/\",\"logo\":{\"@type\":\"ImageObject\",\"inLanguage\":\"de-AT\",\"@id\":\"https:\\\/\\\/www.gobrrr.me\\\/#\\\/schema\\\/logo\\\/image\\\/\",\"url\":\"https:\\\/\\\/i0.wp.com\\\/www.gobrrr.me\\\/wp-content\\\/uploads\\\/2022\\\/02\\\/BrrrIco.png?fit=100%2C100&ssl=1\",\"contentUrl\":\"https:\\\/\\\/i0.wp.com\\\/www.gobrrr.me\\\/wp-content\\\/uploads\\\/2022\\\/02\\\/BrrrIco.png?fit=100%2C100&ssl=1\",\"width\":100,\"height\":100,\"caption\":\"Go Brrr 3D\"},\"image\":{\"@id\":\"https:\\\/\\\/www.gobrrr.me\\\/#\\\/schema\\\/logo\\\/image\\\/\"},\"sameAs\":[\"https:\\\/\\\/x.com\\\/GoBrrr_me\"]}]}<\/script>\n","yoast_head_json":{"title":"Rugged Pill - Go Brrr","robots":{"index":"index","follow":"follow","max-snippet":"max-snippet:-1","max-image-preview":"max-image-preview:large","max-video-preview":"max-video-preview:-1"},"canonical":"https:\/\/www.gobrrr.me\/de\/product\/rugged-pill-s\/","og_locale":"de_DE","og_type":"article","og_title":"SeedSigner Rugged-Pill","og_description":"The Rugged Pill is the newest addition to our line-up of SeedSigner enclosures, and an innovative solution for building a SeedSigner without screws or spacers. This compact enclosure makes use of the ZeroCam, (which you can add optionally), making it small enough to fit in any pocket. It's barely wider than the Raspberry Pi Zero it houses.","og_url":"https:\/\/www.gobrrr.me\/de\/product\/rugged-pill-s\/","og_site_name":"Go Brrr","article_modified_time":"2024-02-14T21:35:08+00:00","og_image":[{"width":2560,"height":1920,"url":"https:\/\/www.gobrrr.me\/ozypsoob\/2023\/01\/ruggedpill_s-16-scaled.jpg","type":"image\/jpeg"}],"twitter_card":"summary_large_image","twitter_title":"SeedSigner - Rugged Pill","twitter_description":"The Rugged Pill is the newest addition to our line-up of SeedSigner enclosures, and an innovative solution for building a SeedSigner without screws or spacers. This compact enclosure makes use of the ZeroCam, (which you can add optionally), making it small enough to fit in any pocket. It's barely wider than the Raspberry Pi Zero it houses.","twitter_image":"https:\/\/www.gobrrr.me\/ozypsoob\/2023\/01\/ruggedpill_s-16-scaled.jpg","twitter_site":"@GoBrrr_me","twitter_misc":{"Gesch\u00e4tzte Lesezeit":"1 Minute"},"schema":{"@context":"https:\/\/schema.org","@graph":[{"@type":"WebPage","@id":"https:\/\/www.gobrrr.me\/product\/rugged-pill-s\/","url":"https:\/\/www.gobrrr.me\/product\/rugged-pill-s\/","name":"Rugged Pill - Go Brrr","isPartOf":{"@id":"https:\/\/www.gobrrr.me\/#website"},"primaryImageOfPage":{"@id":"https:\/\/www.gobrrr.me\/product\/rugged-pill-s\/#primaryimage"},"image":{"@id":"https:\/\/www.gobrrr.me\/product\/rugged-pill-s\/#primaryimage"},"thumbnailUrl":"https:\/\/www.gobrrr.me\/ozypsoob\/2023\/01\/ruggedpill_s-16-scaled.jpg","datePublished":"2023-01-03T15:44:27+00:00","dateModified":"2024-02-14T21:35:08+00:00","breadcrumb":{"@id":"https:\/\/www.gobrrr.me\/product\/rugged-pill-s\/#breadcrumb"},"inLanguage":"de-AT","potentialAction":[{"@type":"ReadAction","target":["https:\/\/www.gobrrr.me\/product\/rugged-pill-s\/"]}]},{"@type":"ImageObject","inLanguage":"de-AT","@id":"https:\/\/www.gobrrr.me\/product\/rugged-pill-s\/#primaryimage","url":"https:\/\/www.gobrrr.me\/ozypsoob\/2023\/01\/ruggedpill_s-16-scaled.jpg","contentUrl":"https:\/\/www.gobrrr.me\/ozypsoob\/2023\/01\/ruggedpill_s-16-scaled.jpg","width":2560,"height":1920},{"@type":"BreadcrumbList","@id":"https:\/\/www.gobrrr.me\/product\/rugged-pill-s\/#breadcrumb","itemListElement":[{"@type":"ListItem","position":1,"name":"Home","item":"https:\/\/www.gobrrr.me\/"},{"@type":"ListItem","position":2,"name":"Shop","item":"https:\/\/www.gobrrr.me\/shop\/"},{"@type":"ListItem","position":3,"name":"Rugged Pill"}]},{"@type":"WebSite","@id":"https:\/\/www.gobrrr.me\/#website","url":"https:\/\/www.gobrrr.me\/","name":"Go Brrr","description":"3D prints for sovereign individuals","publisher":{"@id":"https:\/\/www.gobrrr.me\/#organization"},"potentialAction":[{"@type":"SearchAction","target":{"@type":"EntryPoint","urlTemplate":"https:\/\/www.gobrrr.me\/?s={search_term_string}"},"query-input":{"@type":"PropertyValueSpecification","valueRequired":true,"valueName":"search_term_string"}}],"inLanguage":"de-AT"},{"@type":"Organization","@id":"https:\/\/www.gobrrr.me\/#organization","name":"Go Brrr 3D","url":"https:\/\/www.gobrrr.me\/","logo":{"@type":"ImageObject","inLanguage":"de-AT","@id":"https:\/\/www.gobrrr.me\/#\/schema\/logo\/image\/","url":"https:\/\/i0.wp.com\/www.gobrrr.me\/ozypsoob\/2022\/02\/BrrrIco.png?fit=100%2C100&ssl=1","contentUrl":"https:\/\/i0.wp.com\/www.gobrrr.me\/ozypsoob\/2022\/02\/BrrrIco.png?fit=100%2C100&ssl=1","width":100,"height":100,"caption":"Go Brrr 3D"},"image":{"@id":"https:\/\/www.gobrrr.me\/#\/schema\/logo\/image\/"},"sameAs":["https:\/\/x.com\/GoBrrr_me"]}]}},"_links":{"self":[{"href":"https:\/\/www.gobrrr.me\/de\/wp-json\/wp\/v2\/product\/3642","targetHints":{"allow":["GET"]}}],"collection":[{"href":"https:\/\/www.gobrrr.me\/de\/wp-json\/wp\/v2\/product"}],"about":[{"href":"https:\/\/www.gobrrr.me\/de\/wp-json\/wp\/v2\/types\/product"}],"replies":[{"embeddable":true,"href":"https:\/\/www.gobrrr.me\/de\/wp-json\/wp\/v2\/comments?post=3642"}],"version-history":[{"count":0,"href":"https:\/\/www.gobrrr.me\/de\/wp-json\/wp\/v2\/product\/3642\/revisions"}],"wp:featuredmedia":[{"embeddable":true,"href":"https:\/\/www.gobrrr.me\/de\/wp-json\/wp\/v2\/media\/5200"}],"wp:attachment":[{"href":"https:\/\/www.gobrrr.me\/de\/wp-json\/wp\/v2\/media?parent=3642"}],"wp:term":[{"taxonomy":"product_brand","embeddable":true,"href":"https:\/\/www.gobrrr.me\/de\/wp-json\/wp\/v2\/product_brand?post=3642"},{"taxonomy":"product_cat","embeddable":true,"href":"https:\/\/www.gobrrr.me\/de\/wp-json\/wp\/v2\/product_cat?post=3642"},{"taxonomy":"product_tag","embeddable":true,"href":"https:\/\/www.gobrrr.me\/de\/wp-json\/wp\/v2\/product_tag?post=3642"}],"curies":[{"name":"wp","href":"https:\/\/api.w.org\/{rel}","templated":true}]}}