{"id":3616,"date":"2023-01-03T14:22:50","date_gmt":"2023-01-03T13:22:50","guid":{"rendered":"https:\/\/www.gobrrr.me\/?post_type=product&#038;p=3616"},"modified":"2026-04-23T11:32:16","modified_gmt":"2026-04-23T09:32:16","slug":"blockstream-jade","status":"publish","type":"product","link":"https:\/\/www.gobrrr.me\/de\/product\/blockstream-jade\/","title":{"rendered":"<p>Blockstream Jade<\/p>"},"content":{"rendered":"<p>Die Blockstream Jade ist eine hochentwickelte und sichere Hardware-Brieftasche mit einem schlanken und kompakten Design, das es einfach macht, sie unterwegs zu tragen und zu verwenden, sowie Airgapped-QR-Signierung.<br>\nZus\u00e4tzlich zu seinen Sicherheitsfunktionen bietet der Blockstream Jade auch eine Reihe von Komfortfunktionen, die die Bedienung erleichtern. Es verf\u00fcgt \u00fcber eine benutzerfreundliche Oberfl\u00e4che, mit der Benutzer ihre Assets einfach anzeigen und verwalten k\u00f6nnen, und es enth\u00e4lt auch ein integriertes OLED-Display, das eine \u00fcbersichtliche und leicht lesbare Anzeige von Transaktionen und anderen Informationen bietet. Insgesamt ist Blockstream Jade eine erstklassige Hardware-Wallet, die ideal f\u00fcr alle ist, die ihre Bitcoins sicher speichern und verwalten m\u00f6chten und sich als interessanter Kandidat f\u00fcr ein Multi-Vendor-, Multi-Device- und Multi-Sig-Setup positioniert.<p>Im Paket enthalten:<\/p><ul>\n<li>Blockstream Jade-Ger\u00e4t<\/li>\n<li>USB Typ-C auf USB Typ-A Kabel*<\/li>\n<li>Wiederherstellungsphrasenblatt<\/li>\n<li>Schnellstartanleitung<\/li>\n<li>Blockstream-Aufkleber<\/li>\n<li>Eine (1) 12 Word QR Code Vorlage<\/li>\n<li>Eine (1) 24 Word QR Code Vorlage<\/li>\n<\/ul><table>\n<tbody>\n<tr>\n<td>Kompatibilit\u00e4t<\/td>\n<td><a href=\"https:\/\/help.blockstream.com\/hc\/en-us\/articles\/900004040226-Blockstream-Jade-Quickstart-Guide-for-Android\">Blockstream Green f\u00fcr Android \u00fcber Bluetooth und USB-C<\/a>\n<p><a href=\"https:\/\/help.blockstream.com\/hc\/en-us\/articles\/900006223446-Blockstream-Jade-Quickstart-Guide-for-iOS\">Blockstream Green f\u00fcr iOS via Bluetooth<\/a><\/p>\n<p><a href=\"https:\/\/help.blockstream.com\/hc\/en-us\/articles\/4407812259225-Blockstream-Jade-Quickstart-Guide-for-Desktop\">Blockstream Green f\u00fcr Desktop \u00fcber USB-C<\/a><\/p>\n<p><a href=\"https:\/\/help.blockstream.com\/hc\/en-us\/articles\/11664909888537\">BlueWallet<\/a><\/p>\n<p><a href=\"https:\/\/help.blockstream.com\/hc\/en-us\/articles\/9373676880025\">Electrum<\/a><\/p>\n<p><a href=\"https:\/\/help.blockstream.com\/hc\/en-us\/articles\/11666849301017\">Nunchuk<\/a><\/p>\n<p><a href=\"https:\/\/help.blockstream.com\/hc\/en-us\/articles\/7559912660761-How-do-I-use-Blockstream-Jade-with-Sparrow-\">Sparrow Geldb\u00f6rse<\/a><\/p>\n<p><a href=\"https:\/\/help.blockstream.com\/hc\/en-us\/articles\/5682411860249-How-do-I-use-Blockstream-Jade-with-Specter-\">Specter Geldb\u00f6rse<\/a><\/p>\n<p>HWI<\/p><\/td>\n<\/tr>\n<tr>\n<td>Steckverbinder<\/td>\n<td>USB-C<\/td>\n<\/tr>\n<tr>\n<td>Bildschirm<\/td>\n<td>1,14-Zoll-IPS-LCD-Display, 240\u00d7135 RGB 16-Bit<\/td>\n<\/tr>\n<tr>\n<td>Kontrolle<\/td>\n<td>Klickrad, Applikationstaste<\/td>\n<\/tr>\n<tr>\n<td>Batterie<\/td>\n<td>240 mAh<\/td>\n<\/tr>\n<\/tbody>\n<\/table><p>*Anmerkung: Um eine Verbindung mit Ihrem Android-Ger\u00e4t per Kabel herzustellen, m\u00fcssen Sie m\u00f6glicherweise Ihr eigenes USB-Typ-C-auf-Micro-USB- oder USB-Typ-C-auf-USB-Typ-C-Kabel beziehen<\/p><\/p>","protected":false},"excerpt":{"rendered":"<p class=\"header-new_intro_text\"><strong>Verkauf \u2013 Farben sind zuf\u00e4llig!<\/strong><p>Die Blockstream Jade ist eine sichere und benutzerfreundliche Open-Source-Hardware-Wallet, die QR-Signaturen mit dem von SeedSigner festgelegten SeedQR-Standard unterst\u00fctzt. Dies macht es zu einer interessanten Erg\u00e4nzung f\u00fcr jedes Toolkit und k\u00f6nnte auch f\u00fcr ein Multi-Device-Multi-Sig-Setup verwendet werden. Das Ausf\u00fchren eines selbst gehosteten PIN-Servers wird dringend empfohlen.<\/p><ul>\n<li>Kamera f\u00fcr vollst\u00e4ndig luftgef\u00fcllte Transaktionen<\/li>\n<li>Ratenbegrenzter, servererzwungener PIN-Schutz<\/li>\n<li>Vollfarbbildschirm mit QR-Code-Unterst\u00fctzung<\/li>\n<li>Hardware Wallet Interface (HWI) Wallet-Unterst\u00fctzung f\u00fcr Kompatibilit\u00e4t mit Bitcoin Core<\/li>\n<li>Unabh\u00e4ngige PIN-Server-Unterst\u00fctzung<\/li>\n<li>Erweiterte Liquid-Asset-Unterst\u00fctzung<\/li>\n<\/ul><\/p>","protected":false},"featured_media":4538,"comment_status":"closed","ping_status":"closed","template":"","meta":[],"product_brand":[],"product_cat":[182],"product_tag":[181],"class_list":{"0":"post-3616","1":"product","2":"type-product","3":"status-publish","4":"has-post-thumbnail","6":"product_cat-hww","7":"product_tag-hww","8":"product_shipping_class-seedsigner","10":"first","11":"instock","12":"sale","13":"taxable","14":"shipping-taxable","15":"purchasable","16":"product-type-simple"},"yoast_head":"\n<title>Blockstream Jade - Go Brrr<\/title>\n<meta name=\"description\" content=\"The Blockstream Jade is a secure and easy-to-use, open-source hardware wallet that supports QR signing using the SeedQR standard established by SeedSigner. This makes it an interesting addition to every toolkit and could also be used for a multi-device, multi-sig setup. Running a self-hosted PIN server is highly recommended.\" \/>\n<meta name=\"robots\" content=\"index, follow, max-snippet:-1, max-image-preview:large, max-video-preview:-1\" \/>\n<link rel=\"canonical\" href=\"https:\/\/www.gobrrr.me\/de\/product\/blockstream-jade\/\" \/>\n<meta property=\"og:locale\" content=\"de_DE\" \/>\n<meta property=\"og:type\" content=\"article\" \/>\n<meta property=\"og:title\" content=\"Blockstream Jade\" \/>\n<meta property=\"og:description\" content=\"The Blockstream Jade is a secure and easy-to-use, open-source hardware wallet that supports QR signing using the SeedQR standard established by SeedSigner. This makes it an interesting addition to every toolkit and could also be used for a multi-device, multi-sig setup. Running a self-hosted PIN server is highly recommended.\" \/>\n<meta property=\"og:url\" content=\"https:\/\/www.gobrrr.me\/de\/product\/blockstream-jade\/\" \/>\n<meta property=\"og:site_name\" content=\"Go Brrr\" \/>\n<meta property=\"article:modified_time\" content=\"2026-04-23T09:32:16+00:00\" \/>\n<meta property=\"og:image\" content=\"https:\/\/www.gobrrr.me\/ozypsoob\/2023\/01\/Jade_green_4.jpg\" \/>\n\t<meta property=\"og:image:width\" content=\"2560\" \/>\n\t<meta property=\"og:image:height\" content=\"1920\" \/>\n\t<meta property=\"og:image:type\" content=\"image\/jpeg\" \/>\n<meta name=\"twitter:card\" content=\"summary_large_image\" \/>\n<meta name=\"twitter:title\" content=\"Blockstream Jade\" \/>\n<meta name=\"twitter:description\" content=\"The Blockstream Jade is a secure and easy-to-use, open-source hardware wallet that supports QR signing using the SeedQR standard established by SeedSigner. This makes it an interesting addition to every toolkit and could also be used for a multi-device, multi-sig setup. Running a self-hosted PIN server is highly recommended.\" \/>\n<meta name=\"twitter:image\" content=\"https:\/\/www.gobrrr.me\/ozypsoob\/2023\/01\/Jade_green_4.jpg\" \/>\n<meta name=\"twitter:site\" content=\"@GoBrrr_me\" \/>\n<meta name=\"twitter:label1\" content=\"Gesch\u00e4tzte Lesezeit\" \/>\n\t<meta name=\"twitter:data1\" content=\"2 Minuten\" \/>\n<script type=\"application\/ld+json\" class=\"yoast-schema-graph\">{\"@context\":\"https:\\\/\\\/schema.org\",\"@graph\":[{\"@type\":\"WebPage\",\"@id\":\"https:\\\/\\\/www.gobrrr.me\\\/product\\\/blockstream-jade\\\/\",\"url\":\"https:\\\/\\\/www.gobrrr.me\\\/product\\\/blockstream-jade\\\/\",\"name\":\"Blockstream Jade - Go Brrr\",\"isPartOf\":{\"@id\":\"https:\\\/\\\/www.gobrrr.me\\\/#website\"},\"primaryImageOfPage\":{\"@id\":\"https:\\\/\\\/www.gobrrr.me\\\/product\\\/blockstream-jade\\\/#primaryimage\"},\"image\":{\"@id\":\"https:\\\/\\\/www.gobrrr.me\\\/product\\\/blockstream-jade\\\/#primaryimage\"},\"thumbnailUrl\":\"https:\\\/\\\/www.gobrrr.me\\\/wp-content\\\/uploads\\\/2023\\\/01\\\/Jade_green_4.jpg\",\"datePublished\":\"2023-01-03T13:22:50+00:00\",\"dateModified\":\"2026-04-23T09:32:16+00:00\",\"description\":\"The Blockstream Jade is a secure and easy-to-use, open-source hardware wallet that supports QR signing using the SeedQR standard established by SeedSigner. This makes it an interesting addition to every toolkit and could also be used for a multi-device, multi-sig setup. Running a self-hosted PIN server is highly recommended.\",\"breadcrumb\":{\"@id\":\"https:\\\/\\\/www.gobrrr.me\\\/product\\\/blockstream-jade\\\/#breadcrumb\"},\"inLanguage\":\"de-AT\",\"potentialAction\":[{\"@type\":\"ReadAction\",\"target\":[\"https:\\\/\\\/www.gobrrr.me\\\/product\\\/blockstream-jade\\\/\"]}]},{\"@type\":\"ImageObject\",\"inLanguage\":\"de-AT\",\"@id\":\"https:\\\/\\\/www.gobrrr.me\\\/product\\\/blockstream-jade\\\/#primaryimage\",\"url\":\"https:\\\/\\\/www.gobrrr.me\\\/wp-content\\\/uploads\\\/2023\\\/01\\\/Jade_green_4.jpg\",\"contentUrl\":\"https:\\\/\\\/www.gobrrr.me\\\/wp-content\\\/uploads\\\/2023\\\/01\\\/Jade_green_4.jpg\",\"width\":2560,\"height\":1920},{\"@type\":\"BreadcrumbList\",\"@id\":\"https:\\\/\\\/www.gobrrr.me\\\/product\\\/blockstream-jade\\\/#breadcrumb\",\"itemListElement\":[{\"@type\":\"ListItem\",\"position\":1,\"name\":\"Home\",\"item\":\"https:\\\/\\\/www.gobrrr.me\\\/\"},{\"@type\":\"ListItem\",\"position\":2,\"name\":\"Shop\",\"item\":\"https:\\\/\\\/www.gobrrr.me\\\/shop\\\/\"},{\"@type\":\"ListItem\",\"position\":3,\"name\":\"Blockstream Jade\"}]},{\"@type\":\"WebSite\",\"@id\":\"https:\\\/\\\/www.gobrrr.me\\\/#website\",\"url\":\"https:\\\/\\\/www.gobrrr.me\\\/\",\"name\":\"Go Brrr\",\"description\":\"3D prints for sovereign individuals\",\"publisher\":{\"@id\":\"https:\\\/\\\/www.gobrrr.me\\\/#organization\"},\"potentialAction\":[{\"@type\":\"SearchAction\",\"target\":{\"@type\":\"EntryPoint\",\"urlTemplate\":\"https:\\\/\\\/www.gobrrr.me\\\/?s={search_term_string}\"},\"query-input\":{\"@type\":\"PropertyValueSpecification\",\"valueRequired\":true,\"valueName\":\"search_term_string\"}}],\"inLanguage\":\"de-AT\"},{\"@type\":\"Organization\",\"@id\":\"https:\\\/\\\/www.gobrrr.me\\\/#organization\",\"name\":\"Go Brrr 3D\",\"url\":\"https:\\\/\\\/www.gobrrr.me\\\/\",\"logo\":{\"@type\":\"ImageObject\",\"inLanguage\":\"de-AT\",\"@id\":\"https:\\\/\\\/www.gobrrr.me\\\/#\\\/schema\\\/logo\\\/image\\\/\",\"url\":\"https:\\\/\\\/i0.wp.com\\\/www.gobrrr.me\\\/wp-content\\\/uploads\\\/2022\\\/02\\\/BrrrIco.png?fit=100%2C100&ssl=1\",\"contentUrl\":\"https:\\\/\\\/i0.wp.com\\\/www.gobrrr.me\\\/wp-content\\\/uploads\\\/2022\\\/02\\\/BrrrIco.png?fit=100%2C100&ssl=1\",\"width\":100,\"height\":100,\"caption\":\"Go Brrr 3D\"},\"image\":{\"@id\":\"https:\\\/\\\/www.gobrrr.me\\\/#\\\/schema\\\/logo\\\/image\\\/\"},\"sameAs\":[\"https:\\\/\\\/x.com\\\/GoBrrr_me\"]}]}<\/script>\n","yoast_head_json":{"title":"Blockstream Jade - Go Brrr","description":"The Blockstream Jade is a secure and easy-to-use, open-source hardware wallet that supports QR signing using the SeedQR standard established by SeedSigner. This makes it an interesting addition to every toolkit and could also be used for a multi-device, multi-sig setup. Running a self-hosted PIN server is highly recommended.","robots":{"index":"index","follow":"follow","max-snippet":"max-snippet:-1","max-image-preview":"max-image-preview:large","max-video-preview":"max-video-preview:-1"},"canonical":"https:\/\/www.gobrrr.me\/de\/product\/blockstream-jade\/","og_locale":"de_DE","og_type":"article","og_title":"Blockstream Jade","og_description":"The Blockstream Jade is a secure and easy-to-use, open-source hardware wallet that supports QR signing using the SeedQR standard established by SeedSigner. This makes it an interesting addition to every toolkit and could also be used for a multi-device, multi-sig setup. Running a self-hosted PIN server is highly recommended.","og_url":"https:\/\/www.gobrrr.me\/de\/product\/blockstream-jade\/","og_site_name":"Go Brrr","article_modified_time":"2026-04-23T09:32:16+00:00","og_image":[{"width":2560,"height":1920,"url":"https:\/\/www.gobrrr.me\/ozypsoob\/2023\/01\/Jade_green_4.jpg","type":"image\/jpeg"}],"twitter_card":"summary_large_image","twitter_title":"Blockstream Jade","twitter_description":"The Blockstream Jade is a secure and easy-to-use, open-source hardware wallet that supports QR signing using the SeedQR standard established by SeedSigner. This makes it an interesting addition to every toolkit and could also be used for a multi-device, multi-sig setup. Running a self-hosted PIN server is highly recommended.","twitter_image":"https:\/\/www.gobrrr.me\/ozypsoob\/2023\/01\/Jade_green_4.jpg","twitter_site":"@GoBrrr_me","twitter_misc":{"Gesch\u00e4tzte Lesezeit":"2 Minuten"},"schema":{"@context":"https:\/\/schema.org","@graph":[{"@type":"WebPage","@id":"https:\/\/www.gobrrr.me\/product\/blockstream-jade\/","url":"https:\/\/www.gobrrr.me\/product\/blockstream-jade\/","name":"Blockstream Jade - Go Brrr","isPartOf":{"@id":"https:\/\/www.gobrrr.me\/#website"},"primaryImageOfPage":{"@id":"https:\/\/www.gobrrr.me\/product\/blockstream-jade\/#primaryimage"},"image":{"@id":"https:\/\/www.gobrrr.me\/product\/blockstream-jade\/#primaryimage"},"thumbnailUrl":"https:\/\/www.gobrrr.me\/ozypsoob\/2023\/01\/Jade_green_4.jpg","datePublished":"2023-01-03T13:22:50+00:00","dateModified":"2026-04-23T09:32:16+00:00","description":"The Blockstream Jade is a secure and easy-to-use, open-source hardware wallet that supports QR signing using the SeedQR standard established by SeedSigner. This makes it an interesting addition to every toolkit and could also be used for a multi-device, multi-sig setup. Running a self-hosted PIN server is highly recommended.","breadcrumb":{"@id":"https:\/\/www.gobrrr.me\/product\/blockstream-jade\/#breadcrumb"},"inLanguage":"de-AT","potentialAction":[{"@type":"ReadAction","target":["https:\/\/www.gobrrr.me\/product\/blockstream-jade\/"]}]},{"@type":"ImageObject","inLanguage":"de-AT","@id":"https:\/\/www.gobrrr.me\/product\/blockstream-jade\/#primaryimage","url":"https:\/\/www.gobrrr.me\/ozypsoob\/2023\/01\/Jade_green_4.jpg","contentUrl":"https:\/\/www.gobrrr.me\/ozypsoob\/2023\/01\/Jade_green_4.jpg","width":2560,"height":1920},{"@type":"BreadcrumbList","@id":"https:\/\/www.gobrrr.me\/product\/blockstream-jade\/#breadcrumb","itemListElement":[{"@type":"ListItem","position":1,"name":"Home","item":"https:\/\/www.gobrrr.me\/"},{"@type":"ListItem","position":2,"name":"Shop","item":"https:\/\/www.gobrrr.me\/shop\/"},{"@type":"ListItem","position":3,"name":"Blockstream Jade"}]},{"@type":"WebSite","@id":"https:\/\/www.gobrrr.me\/#website","url":"https:\/\/www.gobrrr.me\/","name":"Go Brrr","description":"3D prints for sovereign individuals","publisher":{"@id":"https:\/\/www.gobrrr.me\/#organization"},"potentialAction":[{"@type":"SearchAction","target":{"@type":"EntryPoint","urlTemplate":"https:\/\/www.gobrrr.me\/?s={search_term_string}"},"query-input":{"@type":"PropertyValueSpecification","valueRequired":true,"valueName":"search_term_string"}}],"inLanguage":"de-AT"},{"@type":"Organization","@id":"https:\/\/www.gobrrr.me\/#organization","name":"Go Brrr 3D","url":"https:\/\/www.gobrrr.me\/","logo":{"@type":"ImageObject","inLanguage":"de-AT","@id":"https:\/\/www.gobrrr.me\/#\/schema\/logo\/image\/","url":"https:\/\/i0.wp.com\/www.gobrrr.me\/ozypsoob\/2022\/02\/BrrrIco.png?fit=100%2C100&ssl=1","contentUrl":"https:\/\/i0.wp.com\/www.gobrrr.me\/ozypsoob\/2022\/02\/BrrrIco.png?fit=100%2C100&ssl=1","width":100,"height":100,"caption":"Go Brrr 3D"},"image":{"@id":"https:\/\/www.gobrrr.me\/#\/schema\/logo\/image\/"},"sameAs":["https:\/\/x.com\/GoBrrr_me"]}]}},"_links":{"self":[{"href":"https:\/\/www.gobrrr.me\/de\/wp-json\/wp\/v2\/product\/3616","targetHints":{"allow":["GET"]}}],"collection":[{"href":"https:\/\/www.gobrrr.me\/de\/wp-json\/wp\/v2\/product"}],"about":[{"href":"https:\/\/www.gobrrr.me\/de\/wp-json\/wp\/v2\/types\/product"}],"replies":[{"embeddable":true,"href":"https:\/\/www.gobrrr.me\/de\/wp-json\/wp\/v2\/comments?post=3616"}],"version-history":[{"count":2,"href":"https:\/\/www.gobrrr.me\/de\/wp-json\/wp\/v2\/product\/3616\/revisions"}],"predecessor-version":[{"id":11340,"href":"https:\/\/www.gobrrr.me\/de\/wp-json\/wp\/v2\/product\/3616\/revisions\/11340"}],"wp:featuredmedia":[{"embeddable":true,"href":"https:\/\/www.gobrrr.me\/de\/wp-json\/wp\/v2\/media\/4538"}],"wp:attachment":[{"href":"https:\/\/www.gobrrr.me\/de\/wp-json\/wp\/v2\/media?parent=3616"}],"wp:term":[{"taxonomy":"product_brand","embeddable":true,"href":"https:\/\/www.gobrrr.me\/de\/wp-json\/wp\/v2\/product_brand?post=3616"},{"taxonomy":"product_cat","embeddable":true,"href":"https:\/\/www.gobrrr.me\/de\/wp-json\/wp\/v2\/product_cat?post=3616"},{"taxonomy":"product_tag","embeddable":true,"href":"https:\/\/www.gobrrr.me\/de\/wp-json\/wp\/v2\/product_tag?post=3616"}],"curies":[{"name":"wp","href":"https:\/\/api.w.org\/{rel}","templated":true}]}}