{"id":354,"date":"2021-11-06T13:39:00","date_gmt":"2021-11-06T12:39:00","guid":{"rendered":"https:\/\/www.gobrrr.me\/?post_type=product&#038;p=354"},"modified":"2025-06-09T12:59:12","modified_gmt":"2025-06-09T10:59:12","slug":"blockmit-jig-v3","status":"publish","type":"product","link":"https:\/\/www.gobrrr.me\/de\/product\/blockmit-jig-v3\/","title":{"rendered":"<p>Blockmit Jig V3<\/p>"},"content":{"rendered":"<p>Bilder von <a href=\"https:\/\/blockmit.com\/english\/guides\/diy\/make-cold-wallet-washers\/\">Blockmit.com<img decoding=\"async\" class=\"alignnone size-medium wp-image-360\" src=\"https:\/\/www.gobrrr.me\/ozypsoob\/2021\/11\/blockmithow2-300x148.jpg\" alt=\"\" width=\"300\" height=\"148\" srcset=\"https:\/\/www.gobrrr.me\/ozypsoob\/2021\/11\/blockmithow2-300x148.jpg 300w, https:\/\/www.gobrrr.me\/ozypsoob\/2021\/11\/blockmithow2-800x395.jpg 800w, https:\/\/www.gobrrr.me\/ozypsoob\/2021\/11\/blockmithow2-768x379.jpg 768w, https:\/\/www.gobrrr.me\/ozypsoob\/2021\/11\/blockmithow2.jpg 1024w\" sizes=\"(max-width: 300px) 100vw, 300px\"> <img decoding=\"async\" class=\"alignnone size-medium wp-image-359\" src=\"https:\/\/www.gobrrr.me\/ozypsoob\/2021\/11\/blockmithow-300x131.jpg\" alt=\"\" width=\"300\" height=\"131\" srcset=\"https:\/\/www.gobrrr.me\/ozypsoob\/2021\/11\/blockmithow-300x131.jpg 300w, https:\/\/www.gobrrr.me\/ozypsoob\/2021\/11\/blockmithow-800x349.jpg 800w, https:\/\/www.gobrrr.me\/ozypsoob\/2021\/11\/blockmithow-768x335.jpg 768w, https:\/\/www.gobrrr.me\/ozypsoob\/2021\/11\/blockmithow.jpg 1024w\" sizes=\"(max-width: 300px) 100vw, 300px\"> <img decoding=\"async\" class=\"alignnone size-medium wp-image-361\" src=\"https:\/\/www.gobrrr.me\/ozypsoob\/2021\/11\/blockmithow4-300x153.jpg\" alt=\"\" width=\"300\" height=\"153\" srcset=\"https:\/\/www.gobrrr.me\/ozypsoob\/2021\/11\/blockmithow4-300x153.jpg 300w, https:\/\/www.gobrrr.me\/ozypsoob\/2021\/11\/blockmithow4-800x409.jpg 800w, https:\/\/www.gobrrr.me\/ozypsoob\/2021\/11\/blockmithow4-768x392.jpg 768w, https:\/\/www.gobrrr.me\/ozypsoob\/2021\/11\/blockmithow4.jpg 1024w\" sizes=\"(max-width: 300px) 100vw, 300px\"><\/a><\/p>","protected":false},"excerpt":{"rendered":"<p>Offizielle Blockmit-Jig f\u00fcr die Erstellung Ihrer eigenen K\u00fchllagersicherung mit Standard-M8-Edelstahlscheiben (24 mm Au\u00dfendurchmesser).<p>Blockmit-Jigs werden in zuf\u00e4lligen Farben gedruckt.<br>\nDies ist die V3 und finale Version. Mit freundlicher Genehmigung verkauft, dank <a href=\"https:\/\/blockmit.com\">Blockmit.com<\/a><\/p><\/p>","protected":false},"featured_media":3432,"comment_status":"closed","ping_status":"closed","template":"","meta":[],"product_brand":[],"product_cat":[212,213],"product_tag":[29,46,178],"class_list":{"0":"post-354","1":"product","2":"type-product","3":"status-publish","4":"has-post-thumbnail","6":"product_cat-3d-prints","7":"product_cat-coldstorage","8":"product_tag-3d","9":"product_tag-gadget","10":"product_tag-stack","11":"product_shipping_class-pins","13":"first","14":"instock","15":"taxable","16":"shipping-taxable","17":"purchasable","18":"product-type-simple"},"yoast_head":"\n<title>Blockmit Jig V3 - Go Brrr<\/title>\n<meta name=\"robots\" content=\"index, follow, max-snippet:-1, max-image-preview:large, max-video-preview:-1\" \/>\n<link rel=\"canonical\" href=\"https:\/\/www.gobrrr.me\/de\/product\/blockmit-jig-v3\/\" \/>\n<meta property=\"og:locale\" content=\"de_DE\" \/>\n<meta property=\"og:type\" content=\"article\" \/>\n<meta property=\"og:title\" content=\"Blockmit Jig V3 - Go Brrr\" \/>\n<meta property=\"og:description\" content=\"Official Blockmit jig for making your own cold storage backup using standard M8 stainless steel washers (24 mm outer diameter).  Blockmit jigs are printed in random colors. This is the V3 and final version. Sold with permission, thanks to Blockmit.com\" \/>\n<meta property=\"og:url\" content=\"https:\/\/www.gobrrr.me\/de\/product\/blockmit-jig-v3\/\" \/>\n<meta property=\"og:site_name\" content=\"Go Brrr\" \/>\n<meta property=\"article:modified_time\" content=\"2025-06-09T10:59:12+00:00\" \/>\n<meta property=\"og:image\" content=\"https:\/\/www.gobrrr.me\/ozypsoob\/2021\/11\/BlockMit.png\" \/>\n\t<meta property=\"og:image:width\" content=\"1600\" \/>\n\t<meta property=\"og:image:height\" content=\"1200\" \/>\n\t<meta property=\"og:image:type\" content=\"image\/png\" \/>\n<meta name=\"twitter:card\" content=\"summary_large_image\" \/>\n<meta name=\"twitter:site\" content=\"@GoBrrr_me\" \/>\n<meta name=\"twitter:label1\" content=\"Gesch\u00e4tzte Lesezeit\" \/>\n\t<meta name=\"twitter:data1\" content=\"1 Minute\" \/>\n<script type=\"application\/ld+json\" class=\"yoast-schema-graph\">{\"@context\":\"https:\\\/\\\/schema.org\",\"@graph\":[{\"@type\":\"WebPage\",\"@id\":\"https:\\\/\\\/www.gobrrr.me\\\/product\\\/blockmit-jig-v3\\\/\",\"url\":\"https:\\\/\\\/www.gobrrr.me\\\/product\\\/blockmit-jig-v3\\\/\",\"name\":\"Blockmit Jig V3 - Go Brrr\",\"isPartOf\":{\"@id\":\"https:\\\/\\\/www.gobrrr.me\\\/#website\"},\"primaryImageOfPage\":{\"@id\":\"https:\\\/\\\/www.gobrrr.me\\\/product\\\/blockmit-jig-v3\\\/#primaryimage\"},\"image\":{\"@id\":\"https:\\\/\\\/www.gobrrr.me\\\/product\\\/blockmit-jig-v3\\\/#primaryimage\"},\"thumbnailUrl\":\"https:\\\/\\\/www.gobrrr.me\\\/wp-content\\\/uploads\\\/2021\\\/11\\\/BlockMit.png\",\"datePublished\":\"2021-11-06T12:39:00+00:00\",\"dateModified\":\"2025-06-09T10:59:12+00:00\",\"breadcrumb\":{\"@id\":\"https:\\\/\\\/www.gobrrr.me\\\/product\\\/blockmit-jig-v3\\\/#breadcrumb\"},\"inLanguage\":\"de-AT\",\"potentialAction\":[{\"@type\":\"ReadAction\",\"target\":[\"https:\\\/\\\/www.gobrrr.me\\\/product\\\/blockmit-jig-v3\\\/\"]}]},{\"@type\":\"ImageObject\",\"inLanguage\":\"de-AT\",\"@id\":\"https:\\\/\\\/www.gobrrr.me\\\/product\\\/blockmit-jig-v3\\\/#primaryimage\",\"url\":\"https:\\\/\\\/www.gobrrr.me\\\/wp-content\\\/uploads\\\/2021\\\/11\\\/BlockMit.png\",\"contentUrl\":\"https:\\\/\\\/www.gobrrr.me\\\/wp-content\\\/uploads\\\/2021\\\/11\\\/BlockMit.png\",\"width\":1600,\"height\":1200},{\"@type\":\"BreadcrumbList\",\"@id\":\"https:\\\/\\\/www.gobrrr.me\\\/product\\\/blockmit-jig-v3\\\/#breadcrumb\",\"itemListElement\":[{\"@type\":\"ListItem\",\"position\":1,\"name\":\"Home\",\"item\":\"https:\\\/\\\/www.gobrrr.me\\\/\"},{\"@type\":\"ListItem\",\"position\":2,\"name\":\"Shop\",\"item\":\"https:\\\/\\\/www.gobrrr.me\\\/shop\\\/\"},{\"@type\":\"ListItem\",\"position\":3,\"name\":\"Blockmit Jig V3\"}]},{\"@type\":\"WebSite\",\"@id\":\"https:\\\/\\\/www.gobrrr.me\\\/#website\",\"url\":\"https:\\\/\\\/www.gobrrr.me\\\/\",\"name\":\"Go Brrr\",\"description\":\"3D prints for sovereign individuals\",\"publisher\":{\"@id\":\"https:\\\/\\\/www.gobrrr.me\\\/#organization\"},\"potentialAction\":[{\"@type\":\"SearchAction\",\"target\":{\"@type\":\"EntryPoint\",\"urlTemplate\":\"https:\\\/\\\/www.gobrrr.me\\\/?s={search_term_string}\"},\"query-input\":{\"@type\":\"PropertyValueSpecification\",\"valueRequired\":true,\"valueName\":\"search_term_string\"}}],\"inLanguage\":\"de-AT\"},{\"@type\":\"Organization\",\"@id\":\"https:\\\/\\\/www.gobrrr.me\\\/#organization\",\"name\":\"Go Brrr 3D\",\"url\":\"https:\\\/\\\/www.gobrrr.me\\\/\",\"logo\":{\"@type\":\"ImageObject\",\"inLanguage\":\"de-AT\",\"@id\":\"https:\\\/\\\/www.gobrrr.me\\\/#\\\/schema\\\/logo\\\/image\\\/\",\"url\":\"https:\\\/\\\/i0.wp.com\\\/www.gobrrr.me\\\/wp-content\\\/uploads\\\/2022\\\/02\\\/BrrrIco.png?fit=100%2C100&ssl=1\",\"contentUrl\":\"https:\\\/\\\/i0.wp.com\\\/www.gobrrr.me\\\/wp-content\\\/uploads\\\/2022\\\/02\\\/BrrrIco.png?fit=100%2C100&ssl=1\",\"width\":100,\"height\":100,\"caption\":\"Go Brrr 3D\"},\"image\":{\"@id\":\"https:\\\/\\\/www.gobrrr.me\\\/#\\\/schema\\\/logo\\\/image\\\/\"},\"sameAs\":[\"https:\\\/\\\/x.com\\\/GoBrrr_me\"]}]}<\/script>\n","yoast_head_json":{"title":"Blockmit Jig V3 - Go Brrr","robots":{"index":"index","follow":"follow","max-snippet":"max-snippet:-1","max-image-preview":"max-image-preview:large","max-video-preview":"max-video-preview:-1"},"canonical":"https:\/\/www.gobrrr.me\/de\/product\/blockmit-jig-v3\/","og_locale":"de_DE","og_type":"article","og_title":"Blockmit Jig V3 - Go Brrr","og_description":"Official Blockmit jig for making your own cold storage backup using standard M8 stainless steel washers (24 mm outer diameter).  Blockmit jigs are printed in random colors. This is the V3 and final version. Sold with permission, thanks to Blockmit.com","og_url":"https:\/\/www.gobrrr.me\/de\/product\/blockmit-jig-v3\/","og_site_name":"Go Brrr","article_modified_time":"2025-06-09T10:59:12+00:00","og_image":[{"width":1600,"height":1200,"url":"https:\/\/www.gobrrr.me\/ozypsoob\/2021\/11\/BlockMit.png","type":"image\/png"}],"twitter_card":"summary_large_image","twitter_site":"@GoBrrr_me","twitter_misc":{"Gesch\u00e4tzte Lesezeit":"1 Minute"},"schema":{"@context":"https:\/\/schema.org","@graph":[{"@type":"WebPage","@id":"https:\/\/www.gobrrr.me\/product\/blockmit-jig-v3\/","url":"https:\/\/www.gobrrr.me\/product\/blockmit-jig-v3\/","name":"Blockmit Jig V3 - Go Brrr","isPartOf":{"@id":"https:\/\/www.gobrrr.me\/#website"},"primaryImageOfPage":{"@id":"https:\/\/www.gobrrr.me\/product\/blockmit-jig-v3\/#primaryimage"},"image":{"@id":"https:\/\/www.gobrrr.me\/product\/blockmit-jig-v3\/#primaryimage"},"thumbnailUrl":"https:\/\/www.gobrrr.me\/ozypsoob\/2021\/11\/BlockMit.png","datePublished":"2021-11-06T12:39:00+00:00","dateModified":"2025-06-09T10:59:12+00:00","breadcrumb":{"@id":"https:\/\/www.gobrrr.me\/product\/blockmit-jig-v3\/#breadcrumb"},"inLanguage":"de-AT","potentialAction":[{"@type":"ReadAction","target":["https:\/\/www.gobrrr.me\/product\/blockmit-jig-v3\/"]}]},{"@type":"ImageObject","inLanguage":"de-AT","@id":"https:\/\/www.gobrrr.me\/product\/blockmit-jig-v3\/#primaryimage","url":"https:\/\/www.gobrrr.me\/ozypsoob\/2021\/11\/BlockMit.png","contentUrl":"https:\/\/www.gobrrr.me\/ozypsoob\/2021\/11\/BlockMit.png","width":1600,"height":1200},{"@type":"BreadcrumbList","@id":"https:\/\/www.gobrrr.me\/product\/blockmit-jig-v3\/#breadcrumb","itemListElement":[{"@type":"ListItem","position":1,"name":"Home","item":"https:\/\/www.gobrrr.me\/"},{"@type":"ListItem","position":2,"name":"Shop","item":"https:\/\/www.gobrrr.me\/shop\/"},{"@type":"ListItem","position":3,"name":"Blockmit Jig V3"}]},{"@type":"WebSite","@id":"https:\/\/www.gobrrr.me\/#website","url":"https:\/\/www.gobrrr.me\/","name":"Go Brrr","description":"3D prints for sovereign individuals","publisher":{"@id":"https:\/\/www.gobrrr.me\/#organization"},"potentialAction":[{"@type":"SearchAction","target":{"@type":"EntryPoint","urlTemplate":"https:\/\/www.gobrrr.me\/?s={search_term_string}"},"query-input":{"@type":"PropertyValueSpecification","valueRequired":true,"valueName":"search_term_string"}}],"inLanguage":"de-AT"},{"@type":"Organization","@id":"https:\/\/www.gobrrr.me\/#organization","name":"Go Brrr 3D","url":"https:\/\/www.gobrrr.me\/","logo":{"@type":"ImageObject","inLanguage":"de-AT","@id":"https:\/\/www.gobrrr.me\/#\/schema\/logo\/image\/","url":"https:\/\/i0.wp.com\/www.gobrrr.me\/ozypsoob\/2022\/02\/BrrrIco.png?fit=100%2C100&ssl=1","contentUrl":"https:\/\/i0.wp.com\/www.gobrrr.me\/ozypsoob\/2022\/02\/BrrrIco.png?fit=100%2C100&ssl=1","width":100,"height":100,"caption":"Go Brrr 3D"},"image":{"@id":"https:\/\/www.gobrrr.me\/#\/schema\/logo\/image\/"},"sameAs":["https:\/\/x.com\/GoBrrr_me"]}]}},"_links":{"self":[{"href":"https:\/\/www.gobrrr.me\/de\/wp-json\/wp\/v2\/product\/354","targetHints":{"allow":["GET"]}}],"collection":[{"href":"https:\/\/www.gobrrr.me\/de\/wp-json\/wp\/v2\/product"}],"about":[{"href":"https:\/\/www.gobrrr.me\/de\/wp-json\/wp\/v2\/types\/product"}],"replies":[{"embeddable":true,"href":"https:\/\/www.gobrrr.me\/de\/wp-json\/wp\/v2\/comments?post=354"}],"version-history":[{"count":0,"href":"https:\/\/www.gobrrr.me\/de\/wp-json\/wp\/v2\/product\/354\/revisions"}],"wp:featuredmedia":[{"embeddable":true,"href":"https:\/\/www.gobrrr.me\/de\/wp-json\/wp\/v2\/media\/3432"}],"wp:attachment":[{"href":"https:\/\/www.gobrrr.me\/de\/wp-json\/wp\/v2\/media?parent=354"}],"wp:term":[{"taxonomy":"product_brand","embeddable":true,"href":"https:\/\/www.gobrrr.me\/de\/wp-json\/wp\/v2\/product_brand?post=354"},{"taxonomy":"product_cat","embeddable":true,"href":"https:\/\/www.gobrrr.me\/de\/wp-json\/wp\/v2\/product_cat?post=354"},{"taxonomy":"product_tag","embeddable":true,"href":"https:\/\/www.gobrrr.me\/de\/wp-json\/wp\/v2\/product_tag?post=354"}],"curies":[{"name":"wp","href":"https:\/\/api.w.org\/{rel}","templated":true}]}}