{"id":3147,"date":"2022-10-06T15:13:37","date_gmt":"2022-10-06T13:13:37","guid":{"rendered":"https:\/\/www.gobrrr.me\/?post_type=product&#038;p=3147"},"modified":"2024-01-25T14:32:20","modified_gmt":"2024-01-25T13:32:20","slug":"dorian-nakamoto","status":"publish","type":"product","link":"https:\/\/www.gobrrr.me\/de\/product\/dorian-nakamoto\/","title":{"rendered":"<p>B\u00fcste von Dorian Nakamoto<\/p>"},"content":{"rendered":"<ul>\n<li>Druckzeit: 17 Stunden<\/li>\n<li>Dieser Druck enth\u00e4lt einen RFID\/NFC Chip<\/li>\n<li>Chip kann als Offline-Blitzgeldb\u00f6rse verwendet werden<\/li>\n<figure id=\"attachment_3156\" aria-describedby=\"caption-attachment-3156\" style=\"width: 980px\" class=\"wp-caption alignnone\"><a href=\"https:\/\/www.gobrrr.me\/ozypsoob\/2022\/10\/Dorian.jpg\"><img fetchpriority=\"high\" decoding=\"async\" class=\"wp-image-3156 size-large\" src=\"https:\/\/www.gobrrr.me\/ozypsoob\/2022\/10\/Dorian-1024x655.jpg\" alt=\"\" width=\"980\" height=\"627\" srcset=\"https:\/\/www.gobrrr.me\/ozypsoob\/2022\/10\/Dorian-1024x655.jpg 1024w, https:\/\/www.gobrrr.me\/ozypsoob\/2022\/10\/Dorian-800x512.jpg 800w, https:\/\/www.gobrrr.me\/ozypsoob\/2022\/10\/Dorian-300x192.jpg 300w, https:\/\/www.gobrrr.me\/ozypsoob\/2022\/10\/Dorian-768x492.jpg 768w, https:\/\/www.gobrrr.me\/ozypsoob\/2022\/10\/Dorian-1536x983.jpg 1536w, https:\/\/www.gobrrr.me\/ozypsoob\/2022\/10\/Dorian.jpg 1656w\" sizes=\"(max-width: 980px) 100vw, 980px\"><\/a><figcaption id=\"caption-attachment-3156\" class=\"wp-caption-text\">Erfahren Sie mehr \u00fcber die Geschichte von Dorian Nakamoto unter <a href=\"https:\/\/bitcoinmagazine.com\/culture\/how-the-hunt-for-satoshi-turned-dorian-nakamoto-s-life-upside-down-the-inside-story\" target=\"_blank\" rel=\"noopener\">Bitcoin-Magazin<\/a><\/figcaption><\/figure><p>&nbsp;<\/p><p>&nbsp;<\/p><\/ul>","protected":false},"excerpt":{"rendered":"<p>Eine B\u00fcste von Dorian Nakamoto mit seinem legend\u00e4rsten Ausdruck und dem Bitcoin-Logo, gedruckt aus gl\u00e4nzendem goldenem PLA auf einer schwarzen Basis. Die Basis dient gleichzeitig als blitzschnelle Offline-Geldb\u00f6rse. Im unteren Teil der Basis befindet sich ein geheimer RFID-Chip (auch bekannt als NFC), auf dem Sie mit LNBits oder \u00e4hnlichen Diensten eine Brieftasche erstellen k\u00f6nnen. Holen Sie sich jetzt Ihre!<\/p>","protected":false},"featured_media":3400,"comment_status":"closed","ping_status":"closed","template":"","meta":[],"product_brand":[],"product_cat":[212],"product_tag":[155,46],"class_list":{"0":"post-3147","1":"product","2":"type-product","3":"status-publish","4":"has-post-thumbnail","6":"product_cat-3d-prints","7":"product_tag-bitcoin","8":"product_tag-gadget","9":"product_shipping_class-s","11":"first","12":"instock","13":"taxable","14":"shipping-taxable","15":"purchasable","16":"product-type-simple"},"yoast_head":"\n<title>Dorian Nakamoto Bust - Go Brrr<\/title>\n<meta name=\"description\" content=\"A bust of Dorian Nakamoto printed from shiny golden PLA on a black base. The base doubles as a lightning offline wallet. Inside the bottom of the base is a secret RFID (aka NFC) chip, you can create a wallet on it with LNBits or similar services. Order yours now!\" \/>\n<meta name=\"robots\" content=\"index, follow, max-snippet:-1, max-image-preview:large, max-video-preview:-1\" \/>\n<link rel=\"canonical\" href=\"https:\/\/www.gobrrr.me\/de\/product\/dorian-nakamoto\/\" \/>\n<meta property=\"og:locale\" content=\"de_DE\" \/>\n<meta property=\"og:type\" content=\"article\" \/>\n<meta property=\"og:title\" content=\"Dorian Nakamoto\" \/>\n<meta property=\"og:description\" content=\"A bust of Dorian Nakamoto with his most legendary expression, and the Bitcoin Logo, printed from shiny golden PLA on a black base. The base doubles as a lightning offline wallet. Inside the bottom of the base is a secret RFID (aka NFC) chip, you can create a wallet on it with LNBits or similar services. Get yours now!\" \/>\n<meta property=\"og:url\" content=\"https:\/\/www.gobrrr.me\/de\/product\/dorian-nakamoto\/\" \/>\n<meta property=\"og:site_name\" content=\"Go Brrr\" \/>\n<meta property=\"article:modified_time\" content=\"2024-01-25T13:32:20+00:00\" \/>\n<meta property=\"og:image\" content=\"https:\/\/www.gobrrr.me\/ozypsoob\/2022\/10\/PXL_20221005_083130594.PORTRAIT-scaled.jpg\" \/>\n\t<meta property=\"og:image:width\" content=\"2560\" \/>\n\t<meta property=\"og:image:height\" content=\"1920\" \/>\n\t<meta property=\"og:image:type\" content=\"image\/jpeg\" \/>\n<meta name=\"twitter:card\" content=\"summary_large_image\" \/>\n<meta name=\"twitter:title\" content=\"Dorian Nakamoto\" \/>\n<meta name=\"twitter:description\" content=\"A bust of Dorian Nakamoto with his most legendary expression, and the Bitcoin Logo, printed from shiny golden PLA on a black base. The base doubles as a lightning offline wallet. Inside the bottom of the base is a secret RFID (aka NFC) chip, you can create a wallet on it with LNBits or similar services. Get yours now!\" \/>\n<meta name=\"twitter:image\" content=\"https:\/\/www.gobrrr.me\/ozypsoob\/2022\/10\/PXL_20221005_083130594.PORTRAIT-scaled.jpg\" \/>\n<meta name=\"twitter:site\" content=\"@GoBrrr_me\" \/>\n<meta name=\"twitter:label1\" content=\"Gesch\u00e4tzte Lesezeit\" \/>\n\t<meta name=\"twitter:data1\" content=\"1 Minute\" \/>\n<script type=\"application\/ld+json\" class=\"yoast-schema-graph\">{\"@context\":\"https:\\\/\\\/schema.org\",\"@graph\":[{\"@type\":\"WebPage\",\"@id\":\"https:\\\/\\\/www.gobrrr.me\\\/product\\\/dorian-nakamoto\\\/\",\"url\":\"https:\\\/\\\/www.gobrrr.me\\\/product\\\/dorian-nakamoto\\\/\",\"name\":\"Dorian Nakamoto Bust - Go Brrr\",\"isPartOf\":{\"@id\":\"https:\\\/\\\/www.gobrrr.me\\\/#website\"},\"primaryImageOfPage\":{\"@id\":\"https:\\\/\\\/www.gobrrr.me\\\/product\\\/dorian-nakamoto\\\/#primaryimage\"},\"image\":{\"@id\":\"https:\\\/\\\/www.gobrrr.me\\\/product\\\/dorian-nakamoto\\\/#primaryimage\"},\"thumbnailUrl\":\"https:\\\/\\\/www.gobrrr.me\\\/wp-content\\\/uploads\\\/2022\\\/10\\\/Dorian.png\",\"datePublished\":\"2022-10-06T13:13:37+00:00\",\"dateModified\":\"2024-01-25T13:32:20+00:00\",\"description\":\"A bust of Dorian Nakamoto printed from shiny golden PLA on a black base. The base doubles as a lightning offline wallet. Inside the bottom of the base is a secret RFID (aka NFC) chip, you can create a wallet on it with LNBits or similar services. Order yours now!\",\"breadcrumb\":{\"@id\":\"https:\\\/\\\/www.gobrrr.me\\\/product\\\/dorian-nakamoto\\\/#breadcrumb\"},\"inLanguage\":\"de-AT\",\"potentialAction\":[{\"@type\":\"ReadAction\",\"target\":[\"https:\\\/\\\/www.gobrrr.me\\\/product\\\/dorian-nakamoto\\\/\"]}]},{\"@type\":\"ImageObject\",\"inLanguage\":\"de-AT\",\"@id\":\"https:\\\/\\\/www.gobrrr.me\\\/product\\\/dorian-nakamoto\\\/#primaryimage\",\"url\":\"https:\\\/\\\/www.gobrrr.me\\\/wp-content\\\/uploads\\\/2022\\\/10\\\/Dorian.png\",\"contentUrl\":\"https:\\\/\\\/www.gobrrr.me\\\/wp-content\\\/uploads\\\/2022\\\/10\\\/Dorian.png\",\"width\":1024,\"height\":768},{\"@type\":\"BreadcrumbList\",\"@id\":\"https:\\\/\\\/www.gobrrr.me\\\/product\\\/dorian-nakamoto\\\/#breadcrumb\",\"itemListElement\":[{\"@type\":\"ListItem\",\"position\":1,\"name\":\"Home\",\"item\":\"https:\\\/\\\/www.gobrrr.me\\\/\"},{\"@type\":\"ListItem\",\"position\":2,\"name\":\"Shop\",\"item\":\"https:\\\/\\\/www.gobrrr.me\\\/shop\\\/\"},{\"@type\":\"ListItem\",\"position\":3,\"name\":\"Dorian Nakamoto Bust\"}]},{\"@type\":\"WebSite\",\"@id\":\"https:\\\/\\\/www.gobrrr.me\\\/#website\",\"url\":\"https:\\\/\\\/www.gobrrr.me\\\/\",\"name\":\"Go Brrr\",\"description\":\"3D prints for sovereign individuals\",\"publisher\":{\"@id\":\"https:\\\/\\\/www.gobrrr.me\\\/#organization\"},\"potentialAction\":[{\"@type\":\"SearchAction\",\"target\":{\"@type\":\"EntryPoint\",\"urlTemplate\":\"https:\\\/\\\/www.gobrrr.me\\\/?s={search_term_string}\"},\"query-input\":{\"@type\":\"PropertyValueSpecification\",\"valueRequired\":true,\"valueName\":\"search_term_string\"}}],\"inLanguage\":\"de-AT\"},{\"@type\":\"Organization\",\"@id\":\"https:\\\/\\\/www.gobrrr.me\\\/#organization\",\"name\":\"Go Brrr 3D\",\"url\":\"https:\\\/\\\/www.gobrrr.me\\\/\",\"logo\":{\"@type\":\"ImageObject\",\"inLanguage\":\"de-AT\",\"@id\":\"https:\\\/\\\/www.gobrrr.me\\\/#\\\/schema\\\/logo\\\/image\\\/\",\"url\":\"https:\\\/\\\/i0.wp.com\\\/www.gobrrr.me\\\/wp-content\\\/uploads\\\/2022\\\/02\\\/BrrrIco.png?fit=100%2C100&ssl=1\",\"contentUrl\":\"https:\\\/\\\/i0.wp.com\\\/www.gobrrr.me\\\/wp-content\\\/uploads\\\/2022\\\/02\\\/BrrrIco.png?fit=100%2C100&ssl=1\",\"width\":100,\"height\":100,\"caption\":\"Go Brrr 3D\"},\"image\":{\"@id\":\"https:\\\/\\\/www.gobrrr.me\\\/#\\\/schema\\\/logo\\\/image\\\/\"},\"sameAs\":[\"https:\\\/\\\/x.com\\\/GoBrrr_me\"]}]}<\/script>\n","yoast_head_json":{"title":"Dorian Nakamoto Bust - Go Brrr","description":"A bust of Dorian Nakamoto printed from shiny golden PLA on a black base. The base doubles as a lightning offline wallet. Inside the bottom of the base is a secret RFID (aka NFC) chip, you can create a wallet on it with LNBits or similar services. Order yours now!","robots":{"index":"index","follow":"follow","max-snippet":"max-snippet:-1","max-image-preview":"max-image-preview:large","max-video-preview":"max-video-preview:-1"},"canonical":"https:\/\/www.gobrrr.me\/de\/product\/dorian-nakamoto\/","og_locale":"de_DE","og_type":"article","og_title":"Dorian Nakamoto","og_description":"A bust of Dorian Nakamoto with his most legendary expression, and the Bitcoin Logo, printed from shiny golden PLA on a black base. The base doubles as a lightning offline wallet. Inside the bottom of the base is a secret RFID (aka NFC) chip, you can create a wallet on it with LNBits or similar services. Get yours now!","og_url":"https:\/\/www.gobrrr.me\/de\/product\/dorian-nakamoto\/","og_site_name":"Go Brrr","article_modified_time":"2024-01-25T13:32:20+00:00","og_image":[{"width":2560,"height":1920,"url":"https:\/\/www.gobrrr.me\/ozypsoob\/2022\/10\/PXL_20221005_083130594.PORTRAIT-scaled.jpg","type":"image\/jpeg"}],"twitter_card":"summary_large_image","twitter_title":"Dorian Nakamoto","twitter_description":"A bust of Dorian Nakamoto with his most legendary expression, and the Bitcoin Logo, printed from shiny golden PLA on a black base. The base doubles as a lightning offline wallet. Inside the bottom of the base is a secret RFID (aka NFC) chip, you can create a wallet on it with LNBits or similar services. Get yours now!","twitter_image":"https:\/\/www.gobrrr.me\/ozypsoob\/2022\/10\/PXL_20221005_083130594.PORTRAIT-scaled.jpg","twitter_site":"@GoBrrr_me","twitter_misc":{"Gesch\u00e4tzte Lesezeit":"1 Minute"},"schema":{"@context":"https:\/\/schema.org","@graph":[{"@type":"WebPage","@id":"https:\/\/www.gobrrr.me\/product\/dorian-nakamoto\/","url":"https:\/\/www.gobrrr.me\/product\/dorian-nakamoto\/","name":"Dorian Nakamoto Bust - Go Brrr","isPartOf":{"@id":"https:\/\/www.gobrrr.me\/#website"},"primaryImageOfPage":{"@id":"https:\/\/www.gobrrr.me\/product\/dorian-nakamoto\/#primaryimage"},"image":{"@id":"https:\/\/www.gobrrr.me\/product\/dorian-nakamoto\/#primaryimage"},"thumbnailUrl":"https:\/\/www.gobrrr.me\/ozypsoob\/2022\/10\/Dorian.png","datePublished":"2022-10-06T13:13:37+00:00","dateModified":"2024-01-25T13:32:20+00:00","description":"A bust of Dorian Nakamoto printed from shiny golden PLA on a black base. The base doubles as a lightning offline wallet. Inside the bottom of the base is a secret RFID (aka NFC) chip, you can create a wallet on it with LNBits or similar services. Order yours now!","breadcrumb":{"@id":"https:\/\/www.gobrrr.me\/product\/dorian-nakamoto\/#breadcrumb"},"inLanguage":"de-AT","potentialAction":[{"@type":"ReadAction","target":["https:\/\/www.gobrrr.me\/product\/dorian-nakamoto\/"]}]},{"@type":"ImageObject","inLanguage":"de-AT","@id":"https:\/\/www.gobrrr.me\/product\/dorian-nakamoto\/#primaryimage","url":"https:\/\/www.gobrrr.me\/ozypsoob\/2022\/10\/Dorian.png","contentUrl":"https:\/\/www.gobrrr.me\/ozypsoob\/2022\/10\/Dorian.png","width":1024,"height":768},{"@type":"BreadcrumbList","@id":"https:\/\/www.gobrrr.me\/product\/dorian-nakamoto\/#breadcrumb","itemListElement":[{"@type":"ListItem","position":1,"name":"Home","item":"https:\/\/www.gobrrr.me\/"},{"@type":"ListItem","position":2,"name":"Shop","item":"https:\/\/www.gobrrr.me\/shop\/"},{"@type":"ListItem","position":3,"name":"Dorian Nakamoto Bust"}]},{"@type":"WebSite","@id":"https:\/\/www.gobrrr.me\/#website","url":"https:\/\/www.gobrrr.me\/","name":"Go Brrr","description":"3D prints for sovereign individuals","publisher":{"@id":"https:\/\/www.gobrrr.me\/#organization"},"potentialAction":[{"@type":"SearchAction","target":{"@type":"EntryPoint","urlTemplate":"https:\/\/www.gobrrr.me\/?s={search_term_string}"},"query-input":{"@type":"PropertyValueSpecification","valueRequired":true,"valueName":"search_term_string"}}],"inLanguage":"de-AT"},{"@type":"Organization","@id":"https:\/\/www.gobrrr.me\/#organization","name":"Go Brrr 3D","url":"https:\/\/www.gobrrr.me\/","logo":{"@type":"ImageObject","inLanguage":"de-AT","@id":"https:\/\/www.gobrrr.me\/#\/schema\/logo\/image\/","url":"https:\/\/i0.wp.com\/www.gobrrr.me\/ozypsoob\/2022\/02\/BrrrIco.png?fit=100%2C100&ssl=1","contentUrl":"https:\/\/i0.wp.com\/www.gobrrr.me\/ozypsoob\/2022\/02\/BrrrIco.png?fit=100%2C100&ssl=1","width":100,"height":100,"caption":"Go Brrr 3D"},"image":{"@id":"https:\/\/www.gobrrr.me\/#\/schema\/logo\/image\/"},"sameAs":["https:\/\/x.com\/GoBrrr_me"]}]}},"_links":{"self":[{"href":"https:\/\/www.gobrrr.me\/de\/wp-json\/wp\/v2\/product\/3147","targetHints":{"allow":["GET"]}}],"collection":[{"href":"https:\/\/www.gobrrr.me\/de\/wp-json\/wp\/v2\/product"}],"about":[{"href":"https:\/\/www.gobrrr.me\/de\/wp-json\/wp\/v2\/types\/product"}],"replies":[{"embeddable":true,"href":"https:\/\/www.gobrrr.me\/de\/wp-json\/wp\/v2\/comments?post=3147"}],"version-history":[{"count":0,"href":"https:\/\/www.gobrrr.me\/de\/wp-json\/wp\/v2\/product\/3147\/revisions"}],"wp:featuredmedia":[{"embeddable":true,"href":"https:\/\/www.gobrrr.me\/de\/wp-json\/wp\/v2\/media\/3400"}],"wp:attachment":[{"href":"https:\/\/www.gobrrr.me\/de\/wp-json\/wp\/v2\/media?parent=3147"}],"wp:term":[{"taxonomy":"product_brand","embeddable":true,"href":"https:\/\/www.gobrrr.me\/de\/wp-json\/wp\/v2\/product_brand?post=3147"},{"taxonomy":"product_cat","embeddable":true,"href":"https:\/\/www.gobrrr.me\/de\/wp-json\/wp\/v2\/product_cat?post=3147"},{"taxonomy":"product_tag","embeddable":true,"href":"https:\/\/www.gobrrr.me\/de\/wp-json\/wp\/v2\/product_tag?post=3147"}],"curies":[{"name":"wp","href":"https:\/\/api.w.org\/{rel}","templated":true}]}}