{"id":2918,"date":"2022-08-11T11:19:00","date_gmt":"2022-08-11T09:19:00","guid":{"rendered":"https:\/\/www.gobrrr.me\/?post_type=product&#038;p=2918"},"modified":"2025-06-09T12:59:11","modified_gmt":"2025-06-09T10:59:11","slug":"bokuto_osaka","status":"publish","type":"product","link":"https:\/\/www.gobrrr.me\/de\/product\/bokuto_osaka\/","title":{"rendered":"<p>Fall RoninDojo Bokuto \u201eOsaka\u201c<\/p>"},"content":{"rendered":"<p>Die feinen Leute in <a href=\"http:\/\/RoninDojo.io\">RoninDojo<\/a> Der Bokuto basiert auf einem RockPro64. Dieses aufregende St\u00fcck Hardware verf\u00fcgt \u00fcber eine schnelle Multicore-CPU, 4 GB LDDR4 und eine benutzerdefinierte PCI-Schnittstelle, die den integrierten NVME-Speicher erm\u00f6glicht. Dieses \u00fcberzeugende Kit l\u00e4uft unter Ronin OS und bietet Ihnen vollen Zugriff auf Ihren eigenen Dojo Server. Es fehlt nur eine Sache, ein 3D-gedruckter Fall, der dem Inneren gerecht wird. Dies ist der Fall Bokuto \u201eOsaka\u201c von Go Brrr.<\/p>","protected":false},"excerpt":{"rendered":"<p>F\u00fchren Sie Ihren RoninDojo Bitcoin Node im Stil aus, mit der 3D-gedruckten und gebrandeten 2-teiligen \u201eOsaka\u201c-H\u00fclle f\u00fcr den RoninDojo Bokuto. Dieser Fall beherbergt Ihren Bokuto perfekt und l\u00e4sst keinen Zweifel daran, dass es sich tats\u00e4chlich um ein Ronin Dojo handelt. Die Vielzahl der L\u00fcftungsschlitze sowie der offene Deckel sorgen f\u00fcr ausreichend Luftstrom. Das Geh\u00e4use wird mit Gewindeeins\u00e4tzen zur bequemen Montage Ihres RockPro64 und des Deckels geliefert. Befestigungsschrauben im Lieferumfang enthalten.<p>Den ben\u00f6tigten Hard- und Software-Stack finden Sie auf der <a href=\"https:\/\/ronindojo.io\">RoninDojo<\/a> Webseite.<\/p><\/p>","protected":false},"featured_media":3015,"comment_status":"closed","ping_status":"closed","template":"","meta":[],"product_brand":[],"product_cat":[281],"product_tag":[24,214],"class_list":{"0":"post-2918","1":"product","2":"type-product","3":"status-publish","4":"has-post-thumbnail","6":"product_cat-opensource-gadgets","7":"product_tag-case","8":"product_tag-nodeparts","9":"product_shipping_class-s","11":"first","12":"instock","13":"taxable","14":"shipping-taxable","15":"purchasable","16":"product-type-simple"},"yoast_head":"\n<title>RoninDojo Bokuto &quot;Osaka&quot; Case - Go Brrr<\/title>\n<meta name=\"description\" content=\"RoninDojo BokutoRun your RoninDojo Bitcoin Node in Style, with the 3D-printed and branded 2 part case for the RoninDojo Bokuto by GoBrrr.\" \/>\n<meta name=\"robots\" content=\"index, follow, max-snippet:-1, max-image-preview:large, max-video-preview:-1\" \/>\n<link rel=\"canonical\" href=\"https:\/\/www.gobrrr.me\/de\/product\/bokuto_osaka\/\" \/>\n<meta property=\"og:locale\" content=\"de_DE\" \/>\n<meta property=\"og:type\" content=\"article\" \/>\n<meta property=\"og:title\" content=\"RoninDojo Bokuto &quot;Osaka&quot; Case by GoBrrr\" \/>\n<meta property=\"og:description\" content=\"Run your RoninDojo Bitcoin Node in Style, with this 3D-printed and branded 2 part &quot;slashed&quot; case for the RoninDojo Bokuto. This case perfectly houses your Bokuto while leaving no doubt, that it is in fact a Ronin Dojo. Enough airflow is guaranteed by the multitude of ventilation slits, as well as the open lid. The enclosure comes with threaded inserts for convenient mounting of your RockPro64 and the lid. Fitting screws included.\" \/>\n<meta property=\"og:url\" content=\"https:\/\/www.gobrrr.me\/de\/product\/bokuto_osaka\/\" \/>\n<meta property=\"og:site_name\" content=\"Go Brrr\" \/>\n<meta property=\"article:modified_time\" content=\"2025-06-09T10:59:11+00:00\" \/>\n<meta property=\"og:image\" content=\"https:\/\/www.gobrrr.me\/ozypsoob\/2022\/08\/PXL_20220805_104322247.PORTRAIT-scaled.jpg\" \/>\n\t<meta property=\"og:image:width\" content=\"2560\" \/>\n\t<meta property=\"og:image:height\" content=\"1920\" \/>\n\t<meta property=\"og:image:type\" content=\"image\/jpeg\" \/>\n<meta name=\"twitter:card\" content=\"summary_large_image\" \/>\n<meta name=\"twitter:title\" content=\"RoninDojo Bokuto &quot;Osaka&quot; Case by GoBrrr\" \/>\n<meta name=\"twitter:description\" content=\"Run your RoninDojo Bitcoin Node in Style, with this 3D-printed and branded 2 part &quot;slashed&quot; case for the RoninDojo Bokuto. This case perfectly houses your Bokuto while leaving no doubt, that it is in fact a Ronin Dojo. Enough airflow is guaranteed by the multitude of ventilation slits, as well as the open lid. The enclosure comes with threaded inserts for convenient mounting of your RockPro64 and the lid. Fitting screws included.\" \/>\n<meta name=\"twitter:image\" content=\"https:\/\/www.gobrrr.me\/ozypsoob\/2022\/08\/PXL_20220805_104322247.PORTRAIT-scaled.jpg\" \/>\n<meta name=\"twitter:site\" content=\"@GoBrrr_me\" \/>\n<meta name=\"twitter:label1\" content=\"Gesch\u00e4tzte Lesezeit\" \/>\n\t<meta name=\"twitter:data1\" content=\"1 Minute\" \/>\n<script type=\"application\/ld+json\" class=\"yoast-schema-graph\">{\"@context\":\"https:\\\/\\\/schema.org\",\"@graph\":[{\"@type\":\"WebPage\",\"@id\":\"https:\\\/\\\/www.gobrrr.me\\\/product\\\/bokuto_osaka\\\/\",\"url\":\"https:\\\/\\\/www.gobrrr.me\\\/product\\\/bokuto_osaka\\\/\",\"name\":\"RoninDojo Bokuto \\\"Osaka\\\" Case - Go Brrr\",\"isPartOf\":{\"@id\":\"https:\\\/\\\/www.gobrrr.me\\\/#website\"},\"primaryImageOfPage\":{\"@id\":\"https:\\\/\\\/www.gobrrr.me\\\/product\\\/bokuto_osaka\\\/#primaryimage\"},\"image\":{\"@id\":\"https:\\\/\\\/www.gobrrr.me\\\/product\\\/bokuto_osaka\\\/#primaryimage\"},\"thumbnailUrl\":\"https:\\\/\\\/www.gobrrr.me\\\/wp-content\\\/uploads\\\/2022\\\/08\\\/Bokuto_fg-scaled.png\",\"datePublished\":\"2022-08-11T09:19:00+00:00\",\"dateModified\":\"2025-06-09T10:59:11+00:00\",\"description\":\"RoninDojo BokutoRun your RoninDojo Bitcoin Node in Style, with the 3D-printed and branded 2 part case for the RoninDojo Bokuto by GoBrrr.\",\"breadcrumb\":{\"@id\":\"https:\\\/\\\/www.gobrrr.me\\\/product\\\/bokuto_osaka\\\/#breadcrumb\"},\"inLanguage\":\"de-AT\",\"potentialAction\":[{\"@type\":\"ReadAction\",\"target\":[\"https:\\\/\\\/www.gobrrr.me\\\/product\\\/bokuto_osaka\\\/\"]}]},{\"@type\":\"ImageObject\",\"inLanguage\":\"de-AT\",\"@id\":\"https:\\\/\\\/www.gobrrr.me\\\/product\\\/bokuto_osaka\\\/#primaryimage\",\"url\":\"https:\\\/\\\/www.gobrrr.me\\\/wp-content\\\/uploads\\\/2022\\\/08\\\/Bokuto_fg-scaled.png\",\"contentUrl\":\"https:\\\/\\\/www.gobrrr.me\\\/wp-content\\\/uploads\\\/2022\\\/08\\\/Bokuto_fg-scaled.png\",\"width\":2560,\"height\":1920},{\"@type\":\"BreadcrumbList\",\"@id\":\"https:\\\/\\\/www.gobrrr.me\\\/product\\\/bokuto_osaka\\\/#breadcrumb\",\"itemListElement\":[{\"@type\":\"ListItem\",\"position\":1,\"name\":\"Home\",\"item\":\"https:\\\/\\\/www.gobrrr.me\\\/\"},{\"@type\":\"ListItem\",\"position\":2,\"name\":\"Shop\",\"item\":\"https:\\\/\\\/www.gobrrr.me\\\/shop\\\/\"},{\"@type\":\"ListItem\",\"position\":3,\"name\":\"RoninDojo Bokuto &#8220;Osaka&#8221; Case\"}]},{\"@type\":\"WebSite\",\"@id\":\"https:\\\/\\\/www.gobrrr.me\\\/#website\",\"url\":\"https:\\\/\\\/www.gobrrr.me\\\/\",\"name\":\"Go Brrr\",\"description\":\"3D prints for sovereign individuals\",\"publisher\":{\"@id\":\"https:\\\/\\\/www.gobrrr.me\\\/#organization\"},\"potentialAction\":[{\"@type\":\"SearchAction\",\"target\":{\"@type\":\"EntryPoint\",\"urlTemplate\":\"https:\\\/\\\/www.gobrrr.me\\\/?s={search_term_string}\"},\"query-input\":{\"@type\":\"PropertyValueSpecification\",\"valueRequired\":true,\"valueName\":\"search_term_string\"}}],\"inLanguage\":\"de-AT\"},{\"@type\":\"Organization\",\"@id\":\"https:\\\/\\\/www.gobrrr.me\\\/#organization\",\"name\":\"Go Brrr 3D\",\"url\":\"https:\\\/\\\/www.gobrrr.me\\\/\",\"logo\":{\"@type\":\"ImageObject\",\"inLanguage\":\"de-AT\",\"@id\":\"https:\\\/\\\/www.gobrrr.me\\\/#\\\/schema\\\/logo\\\/image\\\/\",\"url\":\"https:\\\/\\\/i0.wp.com\\\/www.gobrrr.me\\\/wp-content\\\/uploads\\\/2022\\\/02\\\/BrrrIco.png?fit=100%2C100&ssl=1\",\"contentUrl\":\"https:\\\/\\\/i0.wp.com\\\/www.gobrrr.me\\\/wp-content\\\/uploads\\\/2022\\\/02\\\/BrrrIco.png?fit=100%2C100&ssl=1\",\"width\":100,\"height\":100,\"caption\":\"Go Brrr 3D\"},\"image\":{\"@id\":\"https:\\\/\\\/www.gobrrr.me\\\/#\\\/schema\\\/logo\\\/image\\\/\"},\"sameAs\":[\"https:\\\/\\\/x.com\\\/GoBrrr_me\"]}]}<\/script>\n","yoast_head_json":{"title":"RoninDojo Bokuto \"Osaka\" Case - Go Brrr","description":"RoninDojo BokutoRun your RoninDojo Bitcoin Node in Style, with the 3D-printed and branded 2 part case for the RoninDojo Bokuto by GoBrrr.","robots":{"index":"index","follow":"follow","max-snippet":"max-snippet:-1","max-image-preview":"max-image-preview:large","max-video-preview":"max-video-preview:-1"},"canonical":"https:\/\/www.gobrrr.me\/de\/product\/bokuto_osaka\/","og_locale":"de_DE","og_type":"article","og_title":"RoninDojo Bokuto \"Osaka\" Case by GoBrrr","og_description":"Run your RoninDojo Bitcoin Node in Style, with this 3D-printed and branded 2 part \"slashed\" case for the RoninDojo Bokuto. This case perfectly houses your Bokuto while leaving no doubt, that it is in fact a Ronin Dojo. Enough airflow is guaranteed by the multitude of ventilation slits, as well as the open lid. The enclosure comes with threaded inserts for convenient mounting of your RockPro64 and the lid. Fitting screws included.","og_url":"https:\/\/www.gobrrr.me\/de\/product\/bokuto_osaka\/","og_site_name":"Go Brrr","article_modified_time":"2025-06-09T10:59:11+00:00","og_image":[{"width":2560,"height":1920,"url":"https:\/\/www.gobrrr.me\/ozypsoob\/2022\/08\/PXL_20220805_104322247.PORTRAIT-scaled.jpg","type":"image\/jpeg"}],"twitter_card":"summary_large_image","twitter_title":"RoninDojo Bokuto \"Osaka\" Case by GoBrrr","twitter_description":"Run your RoninDojo Bitcoin Node in Style, with this 3D-printed and branded 2 part \"slashed\" case for the RoninDojo Bokuto. This case perfectly houses your Bokuto while leaving no doubt, that it is in fact a Ronin Dojo. Enough airflow is guaranteed by the multitude of ventilation slits, as well as the open lid. The enclosure comes with threaded inserts for convenient mounting of your RockPro64 and the lid. Fitting screws included.","twitter_image":"https:\/\/www.gobrrr.me\/ozypsoob\/2022\/08\/PXL_20220805_104322247.PORTRAIT-scaled.jpg","twitter_site":"@GoBrrr_me","twitter_misc":{"Gesch\u00e4tzte Lesezeit":"1 Minute"},"schema":{"@context":"https:\/\/schema.org","@graph":[{"@type":"WebPage","@id":"https:\/\/www.gobrrr.me\/product\/bokuto_osaka\/","url":"https:\/\/www.gobrrr.me\/product\/bokuto_osaka\/","name":"RoninDojo Bokuto \"Osaka\" Case - Go Brrr","isPartOf":{"@id":"https:\/\/www.gobrrr.me\/#website"},"primaryImageOfPage":{"@id":"https:\/\/www.gobrrr.me\/product\/bokuto_osaka\/#primaryimage"},"image":{"@id":"https:\/\/www.gobrrr.me\/product\/bokuto_osaka\/#primaryimage"},"thumbnailUrl":"https:\/\/www.gobrrr.me\/ozypsoob\/2022\/08\/Bokuto_fg-scaled.png","datePublished":"2022-08-11T09:19:00+00:00","dateModified":"2025-06-09T10:59:11+00:00","description":"RoninDojo BokutoRun your RoninDojo Bitcoin Node in Style, with the 3D-printed and branded 2 part case for the RoninDojo Bokuto by GoBrrr.","breadcrumb":{"@id":"https:\/\/www.gobrrr.me\/product\/bokuto_osaka\/#breadcrumb"},"inLanguage":"de-AT","potentialAction":[{"@type":"ReadAction","target":["https:\/\/www.gobrrr.me\/product\/bokuto_osaka\/"]}]},{"@type":"ImageObject","inLanguage":"de-AT","@id":"https:\/\/www.gobrrr.me\/product\/bokuto_osaka\/#primaryimage","url":"https:\/\/www.gobrrr.me\/ozypsoob\/2022\/08\/Bokuto_fg-scaled.png","contentUrl":"https:\/\/www.gobrrr.me\/ozypsoob\/2022\/08\/Bokuto_fg-scaled.png","width":2560,"height":1920},{"@type":"BreadcrumbList","@id":"https:\/\/www.gobrrr.me\/product\/bokuto_osaka\/#breadcrumb","itemListElement":[{"@type":"ListItem","position":1,"name":"Home","item":"https:\/\/www.gobrrr.me\/"},{"@type":"ListItem","position":2,"name":"Shop","item":"https:\/\/www.gobrrr.me\/shop\/"},{"@type":"ListItem","position":3,"name":"RoninDojo Bokuto &#8220;Osaka&#8221; Case"}]},{"@type":"WebSite","@id":"https:\/\/www.gobrrr.me\/#website","url":"https:\/\/www.gobrrr.me\/","name":"Go Brrr","description":"3D prints for sovereign individuals","publisher":{"@id":"https:\/\/www.gobrrr.me\/#organization"},"potentialAction":[{"@type":"SearchAction","target":{"@type":"EntryPoint","urlTemplate":"https:\/\/www.gobrrr.me\/?s={search_term_string}"},"query-input":{"@type":"PropertyValueSpecification","valueRequired":true,"valueName":"search_term_string"}}],"inLanguage":"de-AT"},{"@type":"Organization","@id":"https:\/\/www.gobrrr.me\/#organization","name":"Go Brrr 3D","url":"https:\/\/www.gobrrr.me\/","logo":{"@type":"ImageObject","inLanguage":"de-AT","@id":"https:\/\/www.gobrrr.me\/#\/schema\/logo\/image\/","url":"https:\/\/i0.wp.com\/www.gobrrr.me\/ozypsoob\/2022\/02\/BrrrIco.png?fit=100%2C100&ssl=1","contentUrl":"https:\/\/i0.wp.com\/www.gobrrr.me\/ozypsoob\/2022\/02\/BrrrIco.png?fit=100%2C100&ssl=1","width":100,"height":100,"caption":"Go Brrr 3D"},"image":{"@id":"https:\/\/www.gobrrr.me\/#\/schema\/logo\/image\/"},"sameAs":["https:\/\/x.com\/GoBrrr_me"]}]}},"_links":{"self":[{"href":"https:\/\/www.gobrrr.me\/de\/wp-json\/wp\/v2\/product\/2918","targetHints":{"allow":["GET"]}}],"collection":[{"href":"https:\/\/www.gobrrr.me\/de\/wp-json\/wp\/v2\/product"}],"about":[{"href":"https:\/\/www.gobrrr.me\/de\/wp-json\/wp\/v2\/types\/product"}],"replies":[{"embeddable":true,"href":"https:\/\/www.gobrrr.me\/de\/wp-json\/wp\/v2\/comments?post=2918"}],"version-history":[{"count":0,"href":"https:\/\/www.gobrrr.me\/de\/wp-json\/wp\/v2\/product\/2918\/revisions"}],"wp:featuredmedia":[{"embeddable":true,"href":"https:\/\/www.gobrrr.me\/de\/wp-json\/wp\/v2\/media\/3015"}],"wp:attachment":[{"href":"https:\/\/www.gobrrr.me\/de\/wp-json\/wp\/v2\/media?parent=2918"}],"wp:term":[{"taxonomy":"product_brand","embeddable":true,"href":"https:\/\/www.gobrrr.me\/de\/wp-json\/wp\/v2\/product_brand?post=2918"},{"taxonomy":"product_cat","embeddable":true,"href":"https:\/\/www.gobrrr.me\/de\/wp-json\/wp\/v2\/product_cat?post=2918"},{"taxonomy":"product_tag","embeddable":true,"href":"https:\/\/www.gobrrr.me\/de\/wp-json\/wp\/v2\/product_tag?post=2918"}],"curies":[{"name":"wp","href":"https:\/\/api.w.org\/{rel}","templated":true}]}}