{"id":2123,"date":"2022-04-22T15:23:00","date_gmt":"2022-04-22T13:23:00","guid":{"rendered":"https:\/\/www.gobrrr.me\/?post_type=product&#038;p=2123"},"modified":"2025-06-09T12:59:11","modified_gmt":"2025-06-09T10:59:11","slug":"seedsigner-kit","status":"publish","type":"product","link":"https:\/\/www.gobrrr.me\/de\/product\/seedsigner-kit\/","title":{"rendered":"<p>SeedSigner DIY Kit \u2013 Klassisch<\/p>"},"content":{"rendered":"<h1 class=\"\">Next Level Bitcoin Sicherheit<p>Anmerkung: Alle Komponenten werden in der Originalverpackung geliefert. Bitte \u00fcberpr\u00fcfen Sie die Integrit\u00e4t aller Teile, bevor Sie Ihren SeedSigner zusammenbauen. Das ist <strong>nicht<\/strong> Ein vorgefertigtes Ger\u00e4t, aber dieses Kit erm\u00f6glicht es Ihnen, es selbst zu bauen. <strong>SD-Karte ist nicht im Lieferumfang enthalten.<\/strong><\/p><p><strong>Software-Einrichtung:<\/strong><br>\n1. Laden Sie das neueste SeedSigner-Bild herunter <a href=\"https:\/\/github.com\/SeedSigner\/seedsigner\/releases\/download\/0.6.0\/seedsigner_os.0.6.0.pi0.img\">hier<\/a> (derzeit 0.6.0) oder von <a href=\"https:\/\/seedsigner.com\/software\/\">seedsigner.com<\/a> oder vom Beamten <a href=\"https:\/\/github.com\/SeedSigner\/#software-installation\">Github-Repo<\/a>.<br>\n2. \u00dcberpr\u00fcfen Sie Ihren Download. Sie k\u00f6nnen dies ganz einfach tun, indem Sie die Schaltfl\u00e4che \u201eDatei zum \u00dcberpr\u00fcfen ausw\u00e4hlen\u201c verwenden. <a href=\"https:\/\/seedsigner.com\/software\/\">hier<\/a>.<br>\n3. Flashen Sie das Bild auf Ihre Micro-SD-Karte.<br>\n4. Stecken Sie die Micro-SD-Karte in Ihren SeedSigner und schlie\u00dfen Sie das Netzkabel an.<\/p><p><strong>Hardware-Setup, Montageanleitungen und n\u00fctzliche Ressourcen:<\/strong><\/p><p>Geschriebener Guide von <a href=\"https:\/\/bitcoinmagazine.com\/guides\/how-to-use-seedsigner-for-secure-bitcoin#hardware\">@BitcoinMagazin<\/a><\/p><p>Deutscher Schriftf\u00fchrer von <a href=\"https:\/\/hey-bitcoin.de\/anleitung\/seedsigner-hardware\/\">@_d11n_<\/a><\/p><p>Offizielle SeedSigner Build Videos:<\/p><p><iframe title=\"Offener Pillen-Montageprozess\" width=\"980\" height=\"551\" src=\"https:\/\/www.youtube.com\/embed\/gXPFJygZobE?feature=oembed\" frameborder=\"0\" allow=\"accelerometer; autoplay; clipboard-write; encrypted-media; gyroscope; picture-in-picture; web-share\" referrerpolicy=\"strict-origin-when-cross-origin\" allowfullscreen><\/iframe><\/p><p><iframe title=\"SeedSigner Build \/ Orange Pill Montage\" width=\"980\" height=\"551\" src=\"https:\/\/www.youtube.com\/embed\/aIIc2DiZYcI?feature=oembed\" frameborder=\"0\" allow=\"accelerometer; autoplay; clipboard-write; encrypted-media; gyroscope; picture-in-picture; web-share\" referrerpolicy=\"strict-origin-when-cross-origin\" allowfullscreen><\/iframe><\/p><p>&nbsp;<\/p><p>Spanischer Reisef\u00fchrer von Yisus Money :<\/p><p><iframe title=\"Seed Signer  \u2047  Dispositivo f\u00fcr FIRMAR tus Transacciones de Bitcoin - DIY\" width=\"980\" height=\"551\" src=\"https:\/\/www.youtube.com\/embed\/_zAs3p1_4qA?feature=oembed\" frameborder=\"0\" allow=\"accelerometer; autoplay; clipboard-write; encrypted-media; gyroscope; picture-in-picture; web-share\" referrerpolicy=\"strict-origin-when-cross-origin\" allowfullscreen><\/iframe><\/p><\/h1>","protected":false},"excerpt":{"rendered":"<div class=\"woocommerce-product-details__short-description\">\n<p>Dieses Kit enth\u00e4lt die \u00e4lteren \u201eklassischen\u201c SeedSigner-Geh\u00e4use, die etwas gr\u00f6\u00dfer sind und die OV5647 Pi-Cam erfordern. <strong>Diese sind nicht so bequem zu handhaben und ein bisschen mehr beteiligt zu bauen. Es wird empfohlen, eine der moderneren Kit-Varianten auszuw\u00e4hlen. Dieses Kit wird auslaufen, sobald die Hardware ausverkauft ist.<\/strong><\/p>\n<p>Bauen Sie Ihren SeedSigner und nehmen Sie das Sorgerecht f\u00fcr Ihre Bitcoin. <span data-v-0fc12952=\"\" data-v-3730b402=\"\">Dieses Kit enth\u00e4lt alle Komponenten, die zum Zusammenbau eines funktionierenden SeedSigner Bitcoin-Signaturger\u00e4ts ben\u00f6tigt werden, ohne dass ein L\u00f6ten erforderlich ist. TPU-gedruckte Joysticks und Tasten sind inklusive, mit Ausnahme der Open Pill. W\u00e4hlen Sie Ihr bevorzugtes Geh\u00e4use, Material und Farbe. Ein erheblicher Teil der Gewinne wird dem SeedSigner-Entwicklungsfonds gespendet.<br>\n<\/span><\/p>\n<p>Inhalt des Kits:<\/p>\n<ul>\n<li>Geh\u00e4use Ihrer Wahl<\/li>\n<li><span data-v-0fc12952=\"\" data-v-3730b402=\"\">Raspberry Pi Zero 1.3 (mit vorgel\u00f6tetem GPIO Header)<br>\n<\/span><\/li>\n<li><span data-v-0fc12952=\"\" data-v-3730b402=\"\">Waveshare 1.3? LCD-Hut<br>\n<\/span><\/li>\n<li>OV5670 Pi-cam &amp; kompatibles Flachbandkabel<\/li>\n<li>Schrauben und Abstandshalter (wenn Ihr Geh\u00e4use sie ben\u00f6tigt)<\/li>\n<li>Flexible TPU Joysticks\/Tasten (wenn Ihr Geh\u00e4use sie ben\u00f6tigt)<\/li>\n<li>Micro-USB-Kabel<\/li>\n<li>\n<\/ul>\n<\/div>","protected":false},"featured_media":2263,"comment_status":"closed","ping_status":"closed","template":"","meta":[],"product_brand":[],"product_cat":[34],"product_tag":[],"class_list":{"0":"post-2123","1":"product","2":"type-product","3":"status-publish","4":"has-post-thumbnail","6":"product_cat-seedsigner","7":"product_shipping_class-seedsigner","9":"first","10":"outofstock","11":"sold-individually","12":"taxable","13":"shipping-taxable","14":"purchasable","15":"product-type-variable","16":"has-default-attributes"},"yoast_head":"\n<title>SeedSigner DIY Kit - Classic - Go Brrr<\/title>\n<meta name=\"description\" content=\"Build your SeedSigner and take custody of your Bitcoin. This kit includes all components needed to assemble a working SeedSigner Bitcoin signing device, without the need of any soldering. Threaded joystick for the control knob included. Choose your preferred enclosure, material and color. Parts of profits are being donated to the SeedSigner development fund.\" \/>\n<meta name=\"robots\" content=\"index, follow, max-snippet:-1, max-image-preview:large, max-video-preview:-1\" \/>\n<link rel=\"canonical\" href=\"https:\/\/www.gobrrr.me\/de\/product\/seedsigner-kit\/\" \/>\n<meta property=\"og:locale\" content=\"de_DE\" \/>\n<meta property=\"og:type\" content=\"article\" \/>\n<meta property=\"og:title\" content=\"SeedSigner Kit\" \/>\n<meta property=\"og:description\" content=\"Build your SeedSigner and take custody of your Bitcoin. This kit includes all components needed to assemble a working SeedSigner Bitcoin signing device, without the need of any soldering. Threaded joystick for the control knob included. Choose your preferred enclosure, material and color. Parts of profits are being donated to the SeedSigner development fund.\" \/>\n<meta property=\"og:url\" content=\"https:\/\/www.gobrrr.me\/de\/product\/seedsigner-kit\/\" \/>\n<meta property=\"og:site_name\" content=\"Go Brrr\" \/>\n<meta property=\"article:modified_time\" content=\"2025-06-09T10:59:11+00:00\" \/>\n<meta property=\"og:image\" content=\"https:\/\/www.gobrrr.me\/ozypsoob\/2022\/04\/SeedSignerKit-1.jpg\" \/>\n\t<meta property=\"og:image:width\" content=\"2550\" \/>\n\t<meta property=\"og:image:height\" content=\"1700\" \/>\n\t<meta property=\"og:image:type\" content=\"image\/jpeg\" \/>\n<meta name=\"twitter:card\" content=\"summary_large_image\" \/>\n<meta name=\"twitter:title\" content=\"SeedSigner Kit\" \/>\n<meta name=\"twitter:description\" content=\"Build your SeedSigner and take custody of your Bitcoin. This kit includes all components needed to assemble a working SeedSigner Bitcoin signing device, without the need of any soldering. Threaded joystick for the control knob included. Choose your preferred enclosure, material and color. Parts of profits are being donated to the SeedSigner development fund.\" \/>\n<meta name=\"twitter:image\" content=\"https:\/\/www.gobrrr.me\/ozypsoob\/2022\/04\/SeedSignerKit.jpg\" \/>\n<meta name=\"twitter:site\" content=\"@GoBrrr_me\" \/>\n<meta name=\"twitter:label1\" content=\"Gesch\u00e4tzte Lesezeit\" \/>\n\t<meta name=\"twitter:data1\" content=\"1 Minute\" \/>\n<script type=\"application\/ld+json\" class=\"yoast-schema-graph\">{\"@context\":\"https:\\\/\\\/schema.org\",\"@graph\":[{\"@type\":\"WebPage\",\"@id\":\"https:\\\/\\\/www.gobrrr.me\\\/product\\\/seedsigner-kit\\\/\",\"url\":\"https:\\\/\\\/www.gobrrr.me\\\/product\\\/seedsigner-kit\\\/\",\"name\":\"SeedSigner DIY Kit - Classic - Go Brrr\",\"isPartOf\":{\"@id\":\"https:\\\/\\\/www.gobrrr.me\\\/#website\"},\"primaryImageOfPage\":{\"@id\":\"https:\\\/\\\/www.gobrrr.me\\\/product\\\/seedsigner-kit\\\/#primaryimage\"},\"image\":{\"@id\":\"https:\\\/\\\/www.gobrrr.me\\\/product\\\/seedsigner-kit\\\/#primaryimage\"},\"thumbnailUrl\":\"https:\\\/\\\/www.gobrrr.me\\\/wp-content\\\/uploads\\\/2022\\\/04\\\/SeedSignerKit-1.jpg\",\"datePublished\":\"2022-04-22T13:23:00+00:00\",\"dateModified\":\"2025-06-09T10:59:11+00:00\",\"description\":\"Build your SeedSigner and take custody of your Bitcoin. This kit includes all components needed to assemble a working SeedSigner Bitcoin signing device, without the need of any soldering. Threaded joystick for the control knob included. Choose your preferred enclosure, material and color. Parts of profits are being donated to the SeedSigner development fund.\",\"breadcrumb\":{\"@id\":\"https:\\\/\\\/www.gobrrr.me\\\/product\\\/seedsigner-kit\\\/#breadcrumb\"},\"inLanguage\":\"de-AT\",\"potentialAction\":[{\"@type\":\"ReadAction\",\"target\":[\"https:\\\/\\\/www.gobrrr.me\\\/product\\\/seedsigner-kit\\\/\"]}]},{\"@type\":\"ImageObject\",\"inLanguage\":\"de-AT\",\"@id\":\"https:\\\/\\\/www.gobrrr.me\\\/product\\\/seedsigner-kit\\\/#primaryimage\",\"url\":\"https:\\\/\\\/www.gobrrr.me\\\/wp-content\\\/uploads\\\/2022\\\/04\\\/SeedSignerKit-1.jpg\",\"contentUrl\":\"https:\\\/\\\/www.gobrrr.me\\\/wp-content\\\/uploads\\\/2022\\\/04\\\/SeedSignerKit-1.jpg\",\"width\":2550,\"height\":1700},{\"@type\":\"BreadcrumbList\",\"@id\":\"https:\\\/\\\/www.gobrrr.me\\\/product\\\/seedsigner-kit\\\/#breadcrumb\",\"itemListElement\":[{\"@type\":\"ListItem\",\"position\":1,\"name\":\"Home\",\"item\":\"https:\\\/\\\/www.gobrrr.me\\\/\"},{\"@type\":\"ListItem\",\"position\":2,\"name\":\"Shop\",\"item\":\"https:\\\/\\\/www.gobrrr.me\\\/shop\\\/\"},{\"@type\":\"ListItem\",\"position\":3,\"name\":\"SeedSigner DIY Kit &#8211; Classic\"}]},{\"@type\":\"WebSite\",\"@id\":\"https:\\\/\\\/www.gobrrr.me\\\/#website\",\"url\":\"https:\\\/\\\/www.gobrrr.me\\\/\",\"name\":\"Go Brrr\",\"description\":\"3D prints for sovereign individuals\",\"publisher\":{\"@id\":\"https:\\\/\\\/www.gobrrr.me\\\/#organization\"},\"potentialAction\":[{\"@type\":\"SearchAction\",\"target\":{\"@type\":\"EntryPoint\",\"urlTemplate\":\"https:\\\/\\\/www.gobrrr.me\\\/?s={search_term_string}\"},\"query-input\":{\"@type\":\"PropertyValueSpecification\",\"valueRequired\":true,\"valueName\":\"search_term_string\"}}],\"inLanguage\":\"de-AT\"},{\"@type\":\"Organization\",\"@id\":\"https:\\\/\\\/www.gobrrr.me\\\/#organization\",\"name\":\"Go Brrr 3D\",\"url\":\"https:\\\/\\\/www.gobrrr.me\\\/\",\"logo\":{\"@type\":\"ImageObject\",\"inLanguage\":\"de-AT\",\"@id\":\"https:\\\/\\\/www.gobrrr.me\\\/#\\\/schema\\\/logo\\\/image\\\/\",\"url\":\"https:\\\/\\\/i0.wp.com\\\/www.gobrrr.me\\\/wp-content\\\/uploads\\\/2022\\\/02\\\/BrrrIco.png?fit=100%2C100&ssl=1\",\"contentUrl\":\"https:\\\/\\\/i0.wp.com\\\/www.gobrrr.me\\\/wp-content\\\/uploads\\\/2022\\\/02\\\/BrrrIco.png?fit=100%2C100&ssl=1\",\"width\":100,\"height\":100,\"caption\":\"Go Brrr 3D\"},\"image\":{\"@id\":\"https:\\\/\\\/www.gobrrr.me\\\/#\\\/schema\\\/logo\\\/image\\\/\"},\"sameAs\":[\"https:\\\/\\\/x.com\\\/GoBrrr_me\"]}]}<\/script>\n","yoast_head_json":{"title":"SeedSigner DIY Kit - Classic - Go Brrr","description":"Build your SeedSigner and take custody of your Bitcoin. This kit includes all components needed to assemble a working SeedSigner Bitcoin signing device, without the need of any soldering. Threaded joystick for the control knob included. Choose your preferred enclosure, material and color. Parts of profits are being donated to the SeedSigner development fund.","robots":{"index":"index","follow":"follow","max-snippet":"max-snippet:-1","max-image-preview":"max-image-preview:large","max-video-preview":"max-video-preview:-1"},"canonical":"https:\/\/www.gobrrr.me\/de\/product\/seedsigner-kit\/","og_locale":"de_DE","og_type":"article","og_title":"SeedSigner Kit","og_description":"Build your SeedSigner and take custody of your Bitcoin. This kit includes all components needed to assemble a working SeedSigner Bitcoin signing device, without the need of any soldering. Threaded joystick for the control knob included. Choose your preferred enclosure, material and color. Parts of profits are being donated to the SeedSigner development fund.","og_url":"https:\/\/www.gobrrr.me\/de\/product\/seedsigner-kit\/","og_site_name":"Go Brrr","article_modified_time":"2025-06-09T10:59:11+00:00","og_image":[{"width":2550,"height":1700,"url":"https:\/\/www.gobrrr.me\/ozypsoob\/2022\/04\/SeedSignerKit-1.jpg","type":"image\/jpeg"}],"twitter_card":"summary_large_image","twitter_title":"SeedSigner Kit","twitter_description":"Build your SeedSigner and take custody of your Bitcoin. This kit includes all components needed to assemble a working SeedSigner Bitcoin signing device, without the need of any soldering. Threaded joystick for the control knob included. Choose your preferred enclosure, material and color. Parts of profits are being donated to the SeedSigner development fund.","twitter_image":"https:\/\/www.gobrrr.me\/ozypsoob\/2022\/04\/SeedSignerKit.jpg","twitter_site":"@GoBrrr_me","twitter_misc":{"Gesch\u00e4tzte Lesezeit":"1 Minute"},"schema":{"@context":"https:\/\/schema.org","@graph":[{"@type":"WebPage","@id":"https:\/\/www.gobrrr.me\/product\/seedsigner-kit\/","url":"https:\/\/www.gobrrr.me\/product\/seedsigner-kit\/","name":"SeedSigner DIY Kit - Classic - Go Brrr","isPartOf":{"@id":"https:\/\/www.gobrrr.me\/#website"},"primaryImageOfPage":{"@id":"https:\/\/www.gobrrr.me\/product\/seedsigner-kit\/#primaryimage"},"image":{"@id":"https:\/\/www.gobrrr.me\/product\/seedsigner-kit\/#primaryimage"},"thumbnailUrl":"https:\/\/www.gobrrr.me\/ozypsoob\/2022\/04\/SeedSignerKit-1.jpg","datePublished":"2022-04-22T13:23:00+00:00","dateModified":"2025-06-09T10:59:11+00:00","description":"Build your SeedSigner and take custody of your Bitcoin. This kit includes all components needed to assemble a working SeedSigner Bitcoin signing device, without the need of any soldering. Threaded joystick for the control knob included. Choose your preferred enclosure, material and color. Parts of profits are being donated to the SeedSigner development fund.","breadcrumb":{"@id":"https:\/\/www.gobrrr.me\/product\/seedsigner-kit\/#breadcrumb"},"inLanguage":"de-AT","potentialAction":[{"@type":"ReadAction","target":["https:\/\/www.gobrrr.me\/product\/seedsigner-kit\/"]}]},{"@type":"ImageObject","inLanguage":"de-AT","@id":"https:\/\/www.gobrrr.me\/product\/seedsigner-kit\/#primaryimage","url":"https:\/\/www.gobrrr.me\/ozypsoob\/2022\/04\/SeedSignerKit-1.jpg","contentUrl":"https:\/\/www.gobrrr.me\/ozypsoob\/2022\/04\/SeedSignerKit-1.jpg","width":2550,"height":1700},{"@type":"BreadcrumbList","@id":"https:\/\/www.gobrrr.me\/product\/seedsigner-kit\/#breadcrumb","itemListElement":[{"@type":"ListItem","position":1,"name":"Home","item":"https:\/\/www.gobrrr.me\/"},{"@type":"ListItem","position":2,"name":"Shop","item":"https:\/\/www.gobrrr.me\/shop\/"},{"@type":"ListItem","position":3,"name":"SeedSigner DIY Kit &#8211; Classic"}]},{"@type":"WebSite","@id":"https:\/\/www.gobrrr.me\/#website","url":"https:\/\/www.gobrrr.me\/","name":"Go Brrr","description":"3D prints for sovereign individuals","publisher":{"@id":"https:\/\/www.gobrrr.me\/#organization"},"potentialAction":[{"@type":"SearchAction","target":{"@type":"EntryPoint","urlTemplate":"https:\/\/www.gobrrr.me\/?s={search_term_string}"},"query-input":{"@type":"PropertyValueSpecification","valueRequired":true,"valueName":"search_term_string"}}],"inLanguage":"de-AT"},{"@type":"Organization","@id":"https:\/\/www.gobrrr.me\/#organization","name":"Go Brrr 3D","url":"https:\/\/www.gobrrr.me\/","logo":{"@type":"ImageObject","inLanguage":"de-AT","@id":"https:\/\/www.gobrrr.me\/#\/schema\/logo\/image\/","url":"https:\/\/i0.wp.com\/www.gobrrr.me\/ozypsoob\/2022\/02\/BrrrIco.png?fit=100%2C100&ssl=1","contentUrl":"https:\/\/i0.wp.com\/www.gobrrr.me\/ozypsoob\/2022\/02\/BrrrIco.png?fit=100%2C100&ssl=1","width":100,"height":100,"caption":"Go Brrr 3D"},"image":{"@id":"https:\/\/www.gobrrr.me\/#\/schema\/logo\/image\/"},"sameAs":["https:\/\/x.com\/GoBrrr_me"]}]}},"_links":{"self":[{"href":"https:\/\/www.gobrrr.me\/de\/wp-json\/wp\/v2\/product\/2123","targetHints":{"allow":["GET"]}}],"collection":[{"href":"https:\/\/www.gobrrr.me\/de\/wp-json\/wp\/v2\/product"}],"about":[{"href":"https:\/\/www.gobrrr.me\/de\/wp-json\/wp\/v2\/types\/product"}],"replies":[{"embeddable":true,"href":"https:\/\/www.gobrrr.me\/de\/wp-json\/wp\/v2\/comments?post=2123"}],"version-history":[{"count":0,"href":"https:\/\/www.gobrrr.me\/de\/wp-json\/wp\/v2\/product\/2123\/revisions"}],"wp:featuredmedia":[{"embeddable":true,"href":"https:\/\/www.gobrrr.me\/de\/wp-json\/wp\/v2\/media\/2263"}],"wp:attachment":[{"href":"https:\/\/www.gobrrr.me\/de\/wp-json\/wp\/v2\/media?parent=2123"}],"wp:term":[{"taxonomy":"product_brand","embeddable":true,"href":"https:\/\/www.gobrrr.me\/de\/wp-json\/wp\/v2\/product_brand?post=2123"},{"taxonomy":"product_cat","embeddable":true,"href":"https:\/\/www.gobrrr.me\/de\/wp-json\/wp\/v2\/product_cat?post=2123"},{"taxonomy":"product_tag","embeddable":true,"href":"https:\/\/www.gobrrr.me\/de\/wp-json\/wp\/v2\/product_tag?post=2123"}],"curies":[{"name":"wp","href":"https:\/\/api.w.org\/{rel}","templated":true}]}}