{"id":2014,"date":"2022-04-07T12:56:00","date_gmt":"2022-04-07T10:56:00","guid":{"rendered":"https:\/\/www.gobrrr.me\/?post_type=product&#038;p=2014"},"modified":"2026-05-03T12:00:46","modified_gmt":"2026-05-03T10:00:46","slug":"center-punch","status":"publish","type":"product","link":"https:\/\/www.gobrrr.me\/de\/product\/center-punch\/","title":{"rendered":"<p>Automatischer Mittellocher<\/p>"},"content":{"rendered":"<p>Hochwertiger automatischer Mittelstempel mit integriertem Handschutz.<br>\nPerfekt f\u00fcr das Scoring von Backup-Platten, ohne sich selbst zu verletzen.<ul>\n<li>Schlagkraft 180 - 250 N<\/li>\n<li>Hergestellt in Deutschland<\/li>\n<li>Pr\u00e4zisionsdesign<\/li>\n<li>Robuster Selbstschlagmechanismus<\/li>\n<li>Aktiviert durch Abw\u00e4rtsdruck<\/li>\n<li>Austauschbarer geh\u00e4rteter Stift<\/li>\n<li>Einstellbare Schlagkraft<\/li>\n<li>Material: Stahl, verzinkte Oberfl\u00e4che<\/li>\n<\/ul><p><em>Um die Verf\u00fcgbarkeit zu einem vern\u00fcnftigen Preis zu gew\u00e4hrleisten, f\u00fchren wir Stanzen verschiedener Hersteller. Farbe und Marke k\u00f6nnen variieren.<\/em><\/p><\/p>","protected":false},"excerpt":{"rendered":"<p>Hochwertiger automatischer Mittelstempel mit integriertem Handschutz.<br>\nPerfekt f\u00fcr das Scoring von Backup-Platten, ohne sich selbst zu verletzen.<ul>\n<li>Schlagkraft 180 - 250 N<\/li>\n<li>Hergestellt in Deutschland<\/li>\n<li>Pr\u00e4zisionsdesign<\/li>\n<li>Robuster Selbstschlagmechanismus<\/li>\n<li>Aktiviert durch Abw\u00e4rtsdruck<\/li>\n<li>Austauschbarer geh\u00e4rteter Stift<\/li>\n<li>Einstellbare Schlagkraft<\/li>\n<li>Material: Stahl, verzinkte Oberfl\u00e4che<\/li>\n<\/ul><p><em>Um die Verf\u00fcgbarkeit zu einem vern\u00fcnftigen Preis zu gew\u00e4hrleisten, f\u00fchren wir Stanzen verschiedener Hersteller. Farbe und Marke k\u00f6nnen variieren.<\/em><\/p><\/p>","protected":false},"featured_media":5237,"comment_status":"closed","ping_status":"closed","template":"","meta":[],"product_brand":[],"product_cat":[213,278],"product_tag":[179],"class_list":{"0":"post-2014","1":"product","2":"type-product","3":"status-publish","4":"has-post-thumbnail","6":"product_cat-coldstorage","7":"product_cat-metal","8":"product_tag-seedmint","9":"product_shipping_class-s","11":"first","12":"instock","13":"taxable","14":"shipping-taxable","15":"purchasable","16":"product-type-simple"},"yoast_head":"\n<title>Automatic Center Punch - Go Brrr<\/title>\n<meta name=\"description\" content=\"Premium quality automatic center punch with integrated hand guard.Perfect for scoring backup plates without hurting yourself.\" \/>\n<meta name=\"robots\" content=\"index, follow, max-snippet:-1, max-image-preview:large, max-video-preview:-1\" \/>\n<link rel=\"canonical\" href=\"https:\/\/www.gobrrr.me\/de\/product\/center-punch\/\" \/>\n<meta property=\"og:locale\" content=\"de_DE\" \/>\n<meta property=\"og:type\" content=\"article\" \/>\n<meta property=\"og:title\" content=\"Automatic Center Punch\" \/>\n<meta property=\"og:description\" content=\"Premium quality automatic center punch with integrated hand guard.Perfect for scoring backup plates without hurting yourself.\" \/>\n<meta property=\"og:url\" content=\"https:\/\/www.gobrrr.me\/de\/product\/center-punch\/\" \/>\n<meta property=\"og:site_name\" content=\"Go Brrr\" \/>\n<meta property=\"article:modified_time\" content=\"2026-05-03T10:00:46+00:00\" \/>\n<meta property=\"og:image\" content=\"https:\/\/www.gobrrr.me\/ozypsoob\/2022\/04\/bgspunch3.jpeg\" \/>\n\t<meta property=\"og:image:width\" content=\"1024\" \/>\n\t<meta property=\"og:image:height\" content=\"768\" \/>\n\t<meta property=\"og:image:type\" content=\"image\/jpeg\" \/>\n<meta name=\"twitter:card\" content=\"summary_large_image\" \/>\n<meta name=\"twitter:title\" content=\"Automatic Center Punch\" \/>\n<meta name=\"twitter:description\" content=\"Premium quality automatic center punch with integrated hand guard.Perfect for scoring backup plates without hurting yourself.\" \/>\n<meta name=\"twitter:image\" content=\"https:\/\/www.gobrrr.me\/ozypsoob\/2022\/04\/bgspunch3.jpeg\" \/>\n<meta name=\"twitter:site\" content=\"@GoBrrr_me\" \/>\n<meta name=\"twitter:label1\" content=\"Gesch\u00e4tzte Lesezeit\" \/>\n\t<meta name=\"twitter:data1\" content=\"1 Minute\" \/>\n<script type=\"application\/ld+json\" class=\"yoast-schema-graph\">{\"@context\":\"https:\\\/\\\/schema.org\",\"@graph\":[{\"@type\":\"WebPage\",\"@id\":\"https:\\\/\\\/www.gobrrr.me\\\/product\\\/center-punch\\\/\",\"url\":\"https:\\\/\\\/www.gobrrr.me\\\/product\\\/center-punch\\\/\",\"name\":\"Automatic Center Punch - Go Brrr\",\"isPartOf\":{\"@id\":\"https:\\\/\\\/www.gobrrr.me\\\/#website\"},\"primaryImageOfPage\":{\"@id\":\"https:\\\/\\\/www.gobrrr.me\\\/product\\\/center-punch\\\/#primaryimage\"},\"image\":{\"@id\":\"https:\\\/\\\/www.gobrrr.me\\\/product\\\/center-punch\\\/#primaryimage\"},\"thumbnailUrl\":\"https:\\\/\\\/www.gobrrr.me\\\/wp-content\\\/uploads\\\/2022\\\/04\\\/C24-2-scaled.jpg\",\"datePublished\":\"2022-04-07T10:56:00+00:00\",\"dateModified\":\"2026-05-03T10:00:46+00:00\",\"description\":\"Premium quality automatic center punch with integrated hand guard.Perfect for scoring backup plates without hurting yourself.\",\"breadcrumb\":{\"@id\":\"https:\\\/\\\/www.gobrrr.me\\\/product\\\/center-punch\\\/#breadcrumb\"},\"inLanguage\":\"de-AT\",\"potentialAction\":[{\"@type\":\"ReadAction\",\"target\":[\"https:\\\/\\\/www.gobrrr.me\\\/product\\\/center-punch\\\/\"]}]},{\"@type\":\"ImageObject\",\"inLanguage\":\"de-AT\",\"@id\":\"https:\\\/\\\/www.gobrrr.me\\\/product\\\/center-punch\\\/#primaryimage\",\"url\":\"https:\\\/\\\/www.gobrrr.me\\\/wp-content\\\/uploads\\\/2022\\\/04\\\/C24-2-scaled.jpg\",\"contentUrl\":\"https:\\\/\\\/www.gobrrr.me\\\/wp-content\\\/uploads\\\/2022\\\/04\\\/C24-2-scaled.jpg\",\"width\":2560,\"height\":1920},{\"@type\":\"BreadcrumbList\",\"@id\":\"https:\\\/\\\/www.gobrrr.me\\\/product\\\/center-punch\\\/#breadcrumb\",\"itemListElement\":[{\"@type\":\"ListItem\",\"position\":1,\"name\":\"Home\",\"item\":\"https:\\\/\\\/www.gobrrr.me\\\/\"},{\"@type\":\"ListItem\",\"position\":2,\"name\":\"Shop\",\"item\":\"https:\\\/\\\/www.gobrrr.me\\\/shop\\\/\"},{\"@type\":\"ListItem\",\"position\":3,\"name\":\"Automatic Center Punch\"}]},{\"@type\":\"WebSite\",\"@id\":\"https:\\\/\\\/www.gobrrr.me\\\/#website\",\"url\":\"https:\\\/\\\/www.gobrrr.me\\\/\",\"name\":\"Go Brrr\",\"description\":\"3D prints for sovereign individuals\",\"publisher\":{\"@id\":\"https:\\\/\\\/www.gobrrr.me\\\/#organization\"},\"potentialAction\":[{\"@type\":\"SearchAction\",\"target\":{\"@type\":\"EntryPoint\",\"urlTemplate\":\"https:\\\/\\\/www.gobrrr.me\\\/?s={search_term_string}\"},\"query-input\":{\"@type\":\"PropertyValueSpecification\",\"valueRequired\":true,\"valueName\":\"search_term_string\"}}],\"inLanguage\":\"de-AT\"},{\"@type\":\"Organization\",\"@id\":\"https:\\\/\\\/www.gobrrr.me\\\/#organization\",\"name\":\"Go Brrr 3D\",\"url\":\"https:\\\/\\\/www.gobrrr.me\\\/\",\"logo\":{\"@type\":\"ImageObject\",\"inLanguage\":\"de-AT\",\"@id\":\"https:\\\/\\\/www.gobrrr.me\\\/#\\\/schema\\\/logo\\\/image\\\/\",\"url\":\"https:\\\/\\\/i0.wp.com\\\/www.gobrrr.me\\\/wp-content\\\/uploads\\\/2022\\\/02\\\/BrrrIco.png?fit=100%2C100&ssl=1\",\"contentUrl\":\"https:\\\/\\\/i0.wp.com\\\/www.gobrrr.me\\\/wp-content\\\/uploads\\\/2022\\\/02\\\/BrrrIco.png?fit=100%2C100&ssl=1\",\"width\":100,\"height\":100,\"caption\":\"Go Brrr 3D\"},\"image\":{\"@id\":\"https:\\\/\\\/www.gobrrr.me\\\/#\\\/schema\\\/logo\\\/image\\\/\"},\"sameAs\":[\"https:\\\/\\\/x.com\\\/GoBrrr_me\"]}]}<\/script>\n","yoast_head_json":{"title":"Automatic Center Punch - Go Brrr","description":"Premium quality automatic center punch with integrated hand guard.Perfect for scoring backup plates without hurting yourself.","robots":{"index":"index","follow":"follow","max-snippet":"max-snippet:-1","max-image-preview":"max-image-preview:large","max-video-preview":"max-video-preview:-1"},"canonical":"https:\/\/www.gobrrr.me\/de\/product\/center-punch\/","og_locale":"de_DE","og_type":"article","og_title":"Automatic Center Punch","og_description":"Premium quality automatic center punch with integrated hand guard.Perfect for scoring backup plates without hurting yourself.","og_url":"https:\/\/www.gobrrr.me\/de\/product\/center-punch\/","og_site_name":"Go Brrr","article_modified_time":"2026-05-03T10:00:46+00:00","og_image":[{"width":1024,"height":768,"url":"https:\/\/www.gobrrr.me\/ozypsoob\/2022\/04\/bgspunch3.jpeg","type":"image\/jpeg"}],"twitter_card":"summary_large_image","twitter_title":"Automatic Center Punch","twitter_description":"Premium quality automatic center punch with integrated hand guard.Perfect for scoring backup plates without hurting yourself.","twitter_image":"https:\/\/www.gobrrr.me\/ozypsoob\/2022\/04\/bgspunch3.jpeg","twitter_site":"@GoBrrr_me","twitter_misc":{"Gesch\u00e4tzte Lesezeit":"1 Minute"},"schema":{"@context":"https:\/\/schema.org","@graph":[{"@type":"WebPage","@id":"https:\/\/www.gobrrr.me\/product\/center-punch\/","url":"https:\/\/www.gobrrr.me\/product\/center-punch\/","name":"Automatic Center Punch - Go Brrr","isPartOf":{"@id":"https:\/\/www.gobrrr.me\/#website"},"primaryImageOfPage":{"@id":"https:\/\/www.gobrrr.me\/product\/center-punch\/#primaryimage"},"image":{"@id":"https:\/\/www.gobrrr.me\/product\/center-punch\/#primaryimage"},"thumbnailUrl":"https:\/\/www.gobrrr.me\/ozypsoob\/2022\/04\/C24-2-scaled.jpg","datePublished":"2022-04-07T10:56:00+00:00","dateModified":"2026-05-03T10:00:46+00:00","description":"Premium quality automatic center punch with integrated hand guard.Perfect for scoring backup plates without hurting yourself.","breadcrumb":{"@id":"https:\/\/www.gobrrr.me\/product\/center-punch\/#breadcrumb"},"inLanguage":"de-AT","potentialAction":[{"@type":"ReadAction","target":["https:\/\/www.gobrrr.me\/product\/center-punch\/"]}]},{"@type":"ImageObject","inLanguage":"de-AT","@id":"https:\/\/www.gobrrr.me\/product\/center-punch\/#primaryimage","url":"https:\/\/www.gobrrr.me\/ozypsoob\/2022\/04\/C24-2-scaled.jpg","contentUrl":"https:\/\/www.gobrrr.me\/ozypsoob\/2022\/04\/C24-2-scaled.jpg","width":2560,"height":1920},{"@type":"BreadcrumbList","@id":"https:\/\/www.gobrrr.me\/product\/center-punch\/#breadcrumb","itemListElement":[{"@type":"ListItem","position":1,"name":"Home","item":"https:\/\/www.gobrrr.me\/"},{"@type":"ListItem","position":2,"name":"Shop","item":"https:\/\/www.gobrrr.me\/shop\/"},{"@type":"ListItem","position":3,"name":"Automatic Center Punch"}]},{"@type":"WebSite","@id":"https:\/\/www.gobrrr.me\/#website","url":"https:\/\/www.gobrrr.me\/","name":"Go Brrr","description":"3D prints for sovereign individuals","publisher":{"@id":"https:\/\/www.gobrrr.me\/#organization"},"potentialAction":[{"@type":"SearchAction","target":{"@type":"EntryPoint","urlTemplate":"https:\/\/www.gobrrr.me\/?s={search_term_string}"},"query-input":{"@type":"PropertyValueSpecification","valueRequired":true,"valueName":"search_term_string"}}],"inLanguage":"de-AT"},{"@type":"Organization","@id":"https:\/\/www.gobrrr.me\/#organization","name":"Go Brrr 3D","url":"https:\/\/www.gobrrr.me\/","logo":{"@type":"ImageObject","inLanguage":"de-AT","@id":"https:\/\/www.gobrrr.me\/#\/schema\/logo\/image\/","url":"https:\/\/i0.wp.com\/www.gobrrr.me\/ozypsoob\/2022\/02\/BrrrIco.png?fit=100%2C100&ssl=1","contentUrl":"https:\/\/i0.wp.com\/www.gobrrr.me\/ozypsoob\/2022\/02\/BrrrIco.png?fit=100%2C100&ssl=1","width":100,"height":100,"caption":"Go Brrr 3D"},"image":{"@id":"https:\/\/www.gobrrr.me\/#\/schema\/logo\/image\/"},"sameAs":["https:\/\/x.com\/GoBrrr_me"]}]}},"_links":{"self":[{"href":"https:\/\/www.gobrrr.me\/de\/wp-json\/wp\/v2\/product\/2014","targetHints":{"allow":["GET"]}}],"collection":[{"href":"https:\/\/www.gobrrr.me\/de\/wp-json\/wp\/v2\/product"}],"about":[{"href":"https:\/\/www.gobrrr.me\/de\/wp-json\/wp\/v2\/types\/product"}],"replies":[{"embeddable":true,"href":"https:\/\/www.gobrrr.me\/de\/wp-json\/wp\/v2\/comments?post=2014"}],"version-history":[{"count":0,"href":"https:\/\/www.gobrrr.me\/de\/wp-json\/wp\/v2\/product\/2014\/revisions"}],"wp:featuredmedia":[{"embeddable":true,"href":"https:\/\/www.gobrrr.me\/de\/wp-json\/wp\/v2\/media\/5237"}],"wp:attachment":[{"href":"https:\/\/www.gobrrr.me\/de\/wp-json\/wp\/v2\/media?parent=2014"}],"wp:term":[{"taxonomy":"product_brand","embeddable":true,"href":"https:\/\/www.gobrrr.me\/de\/wp-json\/wp\/v2\/product_brand?post=2014"},{"taxonomy":"product_cat","embeddable":true,"href":"https:\/\/www.gobrrr.me\/de\/wp-json\/wp\/v2\/product_cat?post=2014"},{"taxonomy":"product_tag","embeddable":true,"href":"https:\/\/www.gobrrr.me\/de\/wp-json\/wp\/v2\/product_tag?post=2014"}],"curies":[{"name":"wp","href":"https:\/\/api.w.org\/{rel}","templated":true}]}}