{"id":1789,"date":"2022-03-15T13:53:06","date_gmt":"2022-03-15T12:53:06","guid":{"rendered":"https:\/\/www.gobrrr.me\/?post_type=product&#038;p=1789"},"modified":"2022-08-25T13:33:11","modified_gmt":"2022-08-25T11:33:11","slug":"unlicensed-money-transmitter","status":"publish","type":"product","link":"https:\/\/www.gobrrr.me\/de\/product\/unlicensed-money-transmitter\/","title":{"rendered":"<p>Nicht lizenzierter Geld-Transmitter-Fall<\/p>"},"content":{"rendered":"","protected":false},"excerpt":{"rendered":"<p>Das Geh\u00e4use \u201eUnlicensed Money Transmitter\u201c verf\u00fcgt \u00fcber Magnett\u00fcren und viel Platz f\u00fcr Hardware. Eine verschiebbare Halterung macht die Montage Ihres Raspberry Pi zum Kinderspiel, und Sie k\u00f6nnen jederzeit \u00fcber den dedizierten Steckplatz auf die SD-Karte zugreifen. Kein L\u00fcfter im Lieferumfang enthalten, Sie k\u00f6nnen einen kompatiblen im Shop finden.<p>Die Schale ist immer schwarz, bitte w\u00e4hlen Sie Ihre Farbkombination f\u00fcr die T\u00fcr und den Text. Sie k\u00f6nnen mich auch f\u00fcr einen ma\u00dfgeschneiderten Fall kontaktieren, ich w\u00fcrde gerne einen personalisierten Fall f\u00fcr Sie machen.<\/p><\/p>","protected":false},"featured_media":1991,"comment_status":"closed","ping_status":"closed","template":"","meta":[],"product_brand":[],"product_cat":[23],"product_tag":[24,51],"class_list":{"0":"post-1789","1":"product","2":"type-product","3":"status-publish","4":"has-post-thumbnail","6":"product_cat-enclosures","7":"product_tag-case","8":"product_tag-node","9":"product_shipping_class-l","11":"first","12":"instock","13":"taxable","14":"shipping-taxable","15":"purchasable","16":"product-type-variable","17":"has-default-attributes"},"yoast_head":"\n<title>Unlicensed Money Transmitter Case - Go Brrr<\/title>\n<meta name=\"robots\" content=\"index, follow, max-snippet:-1, max-image-preview:large, max-video-preview:-1\" \/>\n<link rel=\"canonical\" href=\"https:\/\/www.gobrrr.me\/de\/product\/unlicensed-money-transmitter\/\" \/>\n<meta property=\"og:locale\" content=\"de_DE\" \/>\n<meta property=\"og:type\" content=\"article\" \/>\n<meta property=\"og:title\" content=\"Unlicensed Money Transmitter Case - Go Brrr\" \/>\n<meta property=\"og:description\" content=\"The &quot;Unlicensed Money Transmitter&quot; case is featuring magnetic doors and lots of room for hardware. A sliding bracket makes mounting your Raspberry Pi a breeze, and you can always access the SD Card through the dedicated slot. No fan included, you can find a compatible one in the shop.  The shell is always black, please choose your color combination for the door and the text. You can also contact me for a custom designed case, I\u2019d love to make a personalized case for you.\" \/>\n<meta property=\"og:url\" content=\"https:\/\/www.gobrrr.me\/de\/product\/unlicensed-money-transmitter\/\" \/>\n<meta property=\"og:site_name\" content=\"Go Brrr\" \/>\n<meta property=\"article:modified_time\" content=\"2022-08-25T11:33:11+00:00\" \/>\n<meta property=\"og:image\" content=\"https:\/\/www.gobrrr.me\/ozypsoob\/2022\/03\/UMTcaseOR-scaled.png\" \/>\n\t<meta property=\"og:image:width\" content=\"2560\" \/>\n\t<meta property=\"og:image:height\" content=\"1920\" \/>\n\t<meta property=\"og:image:type\" content=\"image\/png\" \/>\n<meta name=\"twitter:card\" content=\"summary_large_image\" \/>\n<meta name=\"twitter:site\" content=\"@GoBrrr_me\" \/>\n<script type=\"application\/ld+json\" class=\"yoast-schema-graph\">{\"@context\":\"https:\\\/\\\/schema.org\",\"@graph\":[{\"@type\":\"WebPage\",\"@id\":\"https:\\\/\\\/www.gobrrr.me\\\/product\\\/unlicensed-money-transmitter\\\/\",\"url\":\"https:\\\/\\\/www.gobrrr.me\\\/product\\\/unlicensed-money-transmitter\\\/\",\"name\":\"Unlicensed Money Transmitter Case - Go Brrr\",\"isPartOf\":{\"@id\":\"https:\\\/\\\/www.gobrrr.me\\\/#website\"},\"primaryImageOfPage\":{\"@id\":\"https:\\\/\\\/www.gobrrr.me\\\/product\\\/unlicensed-money-transmitter\\\/#primaryimage\"},\"image\":{\"@id\":\"https:\\\/\\\/www.gobrrr.me\\\/product\\\/unlicensed-money-transmitter\\\/#primaryimage\"},\"thumbnailUrl\":\"https:\\\/\\\/www.gobrrr.me\\\/wp-content\\\/uploads\\\/2022\\\/03\\\/UMTcaseOR-scaled.png\",\"datePublished\":\"2022-03-15T12:53:06+00:00\",\"dateModified\":\"2022-08-25T11:33:11+00:00\",\"breadcrumb\":{\"@id\":\"https:\\\/\\\/www.gobrrr.me\\\/product\\\/unlicensed-money-transmitter\\\/#breadcrumb\"},\"inLanguage\":\"de-AT\",\"potentialAction\":[{\"@type\":\"ReadAction\",\"target\":[\"https:\\\/\\\/www.gobrrr.me\\\/product\\\/unlicensed-money-transmitter\\\/\"]}]},{\"@type\":\"ImageObject\",\"inLanguage\":\"de-AT\",\"@id\":\"https:\\\/\\\/www.gobrrr.me\\\/product\\\/unlicensed-money-transmitter\\\/#primaryimage\",\"url\":\"https:\\\/\\\/www.gobrrr.me\\\/wp-content\\\/uploads\\\/2022\\\/03\\\/UMTcaseOR-scaled.png\",\"contentUrl\":\"https:\\\/\\\/www.gobrrr.me\\\/wp-content\\\/uploads\\\/2022\\\/03\\\/UMTcaseOR-scaled.png\",\"width\":2560,\"height\":1920},{\"@type\":\"BreadcrumbList\",\"@id\":\"https:\\\/\\\/www.gobrrr.me\\\/product\\\/unlicensed-money-transmitter\\\/#breadcrumb\",\"itemListElement\":[{\"@type\":\"ListItem\",\"position\":1,\"name\":\"Home\",\"item\":\"https:\\\/\\\/www.gobrrr.me\\\/\"},{\"@type\":\"ListItem\",\"position\":2,\"name\":\"Shop\",\"item\":\"https:\\\/\\\/www.gobrrr.me\\\/shop\\\/\"},{\"@type\":\"ListItem\",\"position\":3,\"name\":\"Unlicensed Money Transmitter Case\"}]},{\"@type\":\"WebSite\",\"@id\":\"https:\\\/\\\/www.gobrrr.me\\\/#website\",\"url\":\"https:\\\/\\\/www.gobrrr.me\\\/\",\"name\":\"Go Brrr\",\"description\":\"3D prints for sovereign individuals\",\"publisher\":{\"@id\":\"https:\\\/\\\/www.gobrrr.me\\\/#organization\"},\"potentialAction\":[{\"@type\":\"SearchAction\",\"target\":{\"@type\":\"EntryPoint\",\"urlTemplate\":\"https:\\\/\\\/www.gobrrr.me\\\/?s={search_term_string}\"},\"query-input\":{\"@type\":\"PropertyValueSpecification\",\"valueRequired\":true,\"valueName\":\"search_term_string\"}}],\"inLanguage\":\"de-AT\"},{\"@type\":\"Organization\",\"@id\":\"https:\\\/\\\/www.gobrrr.me\\\/#organization\",\"name\":\"Go Brrr 3D\",\"url\":\"https:\\\/\\\/www.gobrrr.me\\\/\",\"logo\":{\"@type\":\"ImageObject\",\"inLanguage\":\"de-AT\",\"@id\":\"https:\\\/\\\/www.gobrrr.me\\\/#\\\/schema\\\/logo\\\/image\\\/\",\"url\":\"https:\\\/\\\/i0.wp.com\\\/www.gobrrr.me\\\/wp-content\\\/uploads\\\/2022\\\/02\\\/BrrrIco.png?fit=100%2C100&ssl=1\",\"contentUrl\":\"https:\\\/\\\/i0.wp.com\\\/www.gobrrr.me\\\/wp-content\\\/uploads\\\/2022\\\/02\\\/BrrrIco.png?fit=100%2C100&ssl=1\",\"width\":100,\"height\":100,\"caption\":\"Go Brrr 3D\"},\"image\":{\"@id\":\"https:\\\/\\\/www.gobrrr.me\\\/#\\\/schema\\\/logo\\\/image\\\/\"},\"sameAs\":[\"https:\\\/\\\/x.com\\\/GoBrrr_me\"]}]}<\/script>\n","yoast_head_json":{"title":"Unlicensed Money Transmitter Case - Go Brrr","robots":{"index":"index","follow":"follow","max-snippet":"max-snippet:-1","max-image-preview":"max-image-preview:large","max-video-preview":"max-video-preview:-1"},"canonical":"https:\/\/www.gobrrr.me\/de\/product\/unlicensed-money-transmitter\/","og_locale":"de_DE","og_type":"article","og_title":"Unlicensed Money Transmitter Case - Go Brrr","og_description":"The \"Unlicensed Money Transmitter\" case is featuring magnetic doors and lots of room for hardware. A sliding bracket makes mounting your Raspberry Pi a breeze, and you can always access the SD Card through the dedicated slot. No fan included, you can find a compatible one in the shop.  The shell is always black, please choose your color combination for the door and the text. You can also contact me for a custom designed case, I\u2019d love to make a personalized case for you.","og_url":"https:\/\/www.gobrrr.me\/de\/product\/unlicensed-money-transmitter\/","og_site_name":"Go Brrr","article_modified_time":"2022-08-25T11:33:11+00:00","og_image":[{"width":2560,"height":1920,"url":"https:\/\/www.gobrrr.me\/ozypsoob\/2022\/03\/UMTcaseOR-scaled.png","type":"image\/png"}],"twitter_card":"summary_large_image","twitter_site":"@GoBrrr_me","schema":{"@context":"https:\/\/schema.org","@graph":[{"@type":"WebPage","@id":"https:\/\/www.gobrrr.me\/product\/unlicensed-money-transmitter\/","url":"https:\/\/www.gobrrr.me\/product\/unlicensed-money-transmitter\/","name":"Unlicensed Money Transmitter Case - Go Brrr","isPartOf":{"@id":"https:\/\/www.gobrrr.me\/#website"},"primaryImageOfPage":{"@id":"https:\/\/www.gobrrr.me\/product\/unlicensed-money-transmitter\/#primaryimage"},"image":{"@id":"https:\/\/www.gobrrr.me\/product\/unlicensed-money-transmitter\/#primaryimage"},"thumbnailUrl":"https:\/\/www.gobrrr.me\/ozypsoob\/2022\/03\/UMTcaseOR-scaled.png","datePublished":"2022-03-15T12:53:06+00:00","dateModified":"2022-08-25T11:33:11+00:00","breadcrumb":{"@id":"https:\/\/www.gobrrr.me\/product\/unlicensed-money-transmitter\/#breadcrumb"},"inLanguage":"de-AT","potentialAction":[{"@type":"ReadAction","target":["https:\/\/www.gobrrr.me\/product\/unlicensed-money-transmitter\/"]}]},{"@type":"ImageObject","inLanguage":"de-AT","@id":"https:\/\/www.gobrrr.me\/product\/unlicensed-money-transmitter\/#primaryimage","url":"https:\/\/www.gobrrr.me\/ozypsoob\/2022\/03\/UMTcaseOR-scaled.png","contentUrl":"https:\/\/www.gobrrr.me\/ozypsoob\/2022\/03\/UMTcaseOR-scaled.png","width":2560,"height":1920},{"@type":"BreadcrumbList","@id":"https:\/\/www.gobrrr.me\/product\/unlicensed-money-transmitter\/#breadcrumb","itemListElement":[{"@type":"ListItem","position":1,"name":"Home","item":"https:\/\/www.gobrrr.me\/"},{"@type":"ListItem","position":2,"name":"Shop","item":"https:\/\/www.gobrrr.me\/shop\/"},{"@type":"ListItem","position":3,"name":"Unlicensed Money Transmitter Case"}]},{"@type":"WebSite","@id":"https:\/\/www.gobrrr.me\/#website","url":"https:\/\/www.gobrrr.me\/","name":"Go Brrr","description":"3D prints for sovereign individuals","publisher":{"@id":"https:\/\/www.gobrrr.me\/#organization"},"potentialAction":[{"@type":"SearchAction","target":{"@type":"EntryPoint","urlTemplate":"https:\/\/www.gobrrr.me\/?s={search_term_string}"},"query-input":{"@type":"PropertyValueSpecification","valueRequired":true,"valueName":"search_term_string"}}],"inLanguage":"de-AT"},{"@type":"Organization","@id":"https:\/\/www.gobrrr.me\/#organization","name":"Go Brrr 3D","url":"https:\/\/www.gobrrr.me\/","logo":{"@type":"ImageObject","inLanguage":"de-AT","@id":"https:\/\/www.gobrrr.me\/#\/schema\/logo\/image\/","url":"https:\/\/i0.wp.com\/www.gobrrr.me\/ozypsoob\/2022\/02\/BrrrIco.png?fit=100%2C100&ssl=1","contentUrl":"https:\/\/i0.wp.com\/www.gobrrr.me\/ozypsoob\/2022\/02\/BrrrIco.png?fit=100%2C100&ssl=1","width":100,"height":100,"caption":"Go Brrr 3D"},"image":{"@id":"https:\/\/www.gobrrr.me\/#\/schema\/logo\/image\/"},"sameAs":["https:\/\/x.com\/GoBrrr_me"]}]}},"_links":{"self":[{"href":"https:\/\/www.gobrrr.me\/de\/wp-json\/wp\/v2\/product\/1789","targetHints":{"allow":["GET"]}}],"collection":[{"href":"https:\/\/www.gobrrr.me\/de\/wp-json\/wp\/v2\/product"}],"about":[{"href":"https:\/\/www.gobrrr.me\/de\/wp-json\/wp\/v2\/types\/product"}],"replies":[{"embeddable":true,"href":"https:\/\/www.gobrrr.me\/de\/wp-json\/wp\/v2\/comments?post=1789"}],"version-history":[{"count":0,"href":"https:\/\/www.gobrrr.me\/de\/wp-json\/wp\/v2\/product\/1789\/revisions"}],"wp:featuredmedia":[{"embeddable":true,"href":"https:\/\/www.gobrrr.me\/de\/wp-json\/wp\/v2\/media\/1991"}],"wp:attachment":[{"href":"https:\/\/www.gobrrr.me\/de\/wp-json\/wp\/v2\/media?parent=1789"}],"wp:term":[{"taxonomy":"product_brand","embeddable":true,"href":"https:\/\/www.gobrrr.me\/de\/wp-json\/wp\/v2\/product_brand?post=1789"},{"taxonomy":"product_cat","embeddable":true,"href":"https:\/\/www.gobrrr.me\/de\/wp-json\/wp\/v2\/product_cat?post=1789"},{"taxonomy":"product_tag","embeddable":true,"href":"https:\/\/www.gobrrr.me\/de\/wp-json\/wp\/v2\/product_tag?post=1789"}],"curies":[{"name":"wp","href":"https:\/\/api.w.org\/{rel}","templated":true}]}}