{"id":1277,"date":"2022-01-25T20:28:04","date_gmt":"2022-01-25T19:28:04","guid":{"rendered":"https:\/\/www.gobrrr.me\/?post_type=product&#038;p=1277"},"modified":"2024-01-30T22:22:45","modified_gmt":"2024-01-30T21:22:45","slug":"hexoskeleton","status":"publish","type":"product","link":"https:\/\/www.gobrrr.me\/de\/product\/hexoskeleton\/","title":{"rendered":"<p>Hexoskelett f\u00fcr RPI4<\/p>"},"content":{"rendered":"","protected":false},"excerpt":{"rendered":"<p>F\u00fchren Sie Ihren Bitcoin-Knoten stilvoll aus! Das Hexoskelett ist das neue Pressfit-Geh\u00e4use f\u00fcr den Raspberry Pi 4 mit einem sechseckigen Muster, das in der Oberseite gepr\u00e4gt ist.\u00a0 Mit gen\u00fcgend Platz f\u00fcr einen 4020-L\u00fcfter ist dieses Geh\u00e4use das perfekte Zuhause f\u00fcr jeden Raspberry Pi 4. W\u00e4hlen Sie Ihre bevorzugte Farbkombination, weitere Farboptionen folgen in K\u00fcrze. Sie k\u00f6nnen uns jederzeit f\u00fcr Sonderw\u00fcnsche oder Sonderanfertigungen kontaktieren.<br>\nEin Raspberry Pi kompatibler beleuchteter 4010 L\u00fcfter ist verf\u00fcgbar <a href=\"https:\/\/www.gobrrr.me\/product\/led-rpifan\/\">hier<\/a><\/p>","protected":false},"featured_media":1304,"comment_status":"closed","ping_status":"closed","template":"","meta":[],"product_brand":[],"product_cat":[23],"product_tag":[29,24,214],"class_list":{"0":"post-1277","1":"product","2":"type-product","3":"status-publish","4":"has-post-thumbnail","6":"product_cat-enclosures","7":"product_tag-3d","8":"product_tag-case","9":"product_tag-nodeparts","10":"product_shipping_class-s","12":"first","13":"instock","14":"taxable","15":"shipping-taxable","16":"purchasable","17":"product-type-variable"},"yoast_head":"\n<title>Hexoskeleton for RPI4 - Go Brrr<\/title>\n<meta name=\"robots\" content=\"index, follow, max-snippet:-1, max-image-preview:large, max-video-preview:-1\" \/>\n<link rel=\"canonical\" href=\"https:\/\/www.gobrrr.me\/de\/product\/hexoskeleton\/\" \/>\n<meta property=\"og:locale\" content=\"de_DE\" \/>\n<meta property=\"og:type\" content=\"article\" \/>\n<meta property=\"og:title\" content=\"Hexoskeleton for RPI4 - Go Brrr\" \/>\n<meta property=\"og:description\" content=\"Run your Bitcoin node in style! The Hexoskeleton is the new press fit enclosure for the Raspberry Pi 4 featuring a hexagonal pattern embossed in its top.\u00a0 With enough room for a 4020 cooling fan, this case is the perfect home for any Raspberry Pi 4. Choose your preferred color combination, more color options are coming soon. You can always contact us for special requests or custom designs. A Raspberry Pi compatible illuminated 4010 cooling fan is available here\" \/>\n<meta property=\"og:url\" content=\"https:\/\/www.gobrrr.me\/de\/product\/hexoskeleton\/\" \/>\n<meta property=\"og:site_name\" content=\"Go Brrr\" \/>\n<meta property=\"article:modified_time\" content=\"2024-01-30T21:22:45+00:00\" \/>\n<meta property=\"og:image\" content=\"https:\/\/www.gobrrr.me\/ozypsoob\/2022\/01\/Hexoskeleton_all.png\" \/>\n\t<meta property=\"og:image:width\" content=\"1200\" \/>\n\t<meta property=\"og:image:height\" content=\"1600\" \/>\n\t<meta property=\"og:image:type\" content=\"image\/png\" \/>\n<meta name=\"twitter:card\" content=\"summary_large_image\" \/>\n<meta name=\"twitter:site\" content=\"@GoBrrr_me\" \/>\n<script type=\"application\/ld+json\" class=\"yoast-schema-graph\">{\"@context\":\"https:\\\/\\\/schema.org\",\"@graph\":[{\"@type\":\"WebPage\",\"@id\":\"https:\\\/\\\/www.gobrrr.me\\\/product\\\/hexoskeleton\\\/\",\"url\":\"https:\\\/\\\/www.gobrrr.me\\\/product\\\/hexoskeleton\\\/\",\"name\":\"Hexoskeleton for RPI4 - Go Brrr\",\"isPartOf\":{\"@id\":\"https:\\\/\\\/www.gobrrr.me\\\/#website\"},\"primaryImageOfPage\":{\"@id\":\"https:\\\/\\\/www.gobrrr.me\\\/product\\\/hexoskeleton\\\/#primaryimage\"},\"image\":{\"@id\":\"https:\\\/\\\/www.gobrrr.me\\\/product\\\/hexoskeleton\\\/#primaryimage\"},\"thumbnailUrl\":\"https:\\\/\\\/www.gobrrr.me\\\/wp-content\\\/uploads\\\/2022\\\/01\\\/Hexoskeleton_all.png\",\"datePublished\":\"2022-01-25T19:28:04+00:00\",\"dateModified\":\"2024-01-30T21:22:45+00:00\",\"breadcrumb\":{\"@id\":\"https:\\\/\\\/www.gobrrr.me\\\/product\\\/hexoskeleton\\\/#breadcrumb\"},\"inLanguage\":\"de-AT\",\"potentialAction\":[{\"@type\":\"ReadAction\",\"target\":[\"https:\\\/\\\/www.gobrrr.me\\\/product\\\/hexoskeleton\\\/\"]}]},{\"@type\":\"ImageObject\",\"inLanguage\":\"de-AT\",\"@id\":\"https:\\\/\\\/www.gobrrr.me\\\/product\\\/hexoskeleton\\\/#primaryimage\",\"url\":\"https:\\\/\\\/www.gobrrr.me\\\/wp-content\\\/uploads\\\/2022\\\/01\\\/Hexoskeleton_all.png\",\"contentUrl\":\"https:\\\/\\\/www.gobrrr.me\\\/wp-content\\\/uploads\\\/2022\\\/01\\\/Hexoskeleton_all.png\",\"width\":1200,\"height\":1600},{\"@type\":\"BreadcrumbList\",\"@id\":\"https:\\\/\\\/www.gobrrr.me\\\/product\\\/hexoskeleton\\\/#breadcrumb\",\"itemListElement\":[{\"@type\":\"ListItem\",\"position\":1,\"name\":\"Home\",\"item\":\"https:\\\/\\\/www.gobrrr.me\\\/\"},{\"@type\":\"ListItem\",\"position\":2,\"name\":\"Shop\",\"item\":\"https:\\\/\\\/www.gobrrr.me\\\/shop\\\/\"},{\"@type\":\"ListItem\",\"position\":3,\"name\":\"Hexoskeleton for RPI4\"}]},{\"@type\":\"WebSite\",\"@id\":\"https:\\\/\\\/www.gobrrr.me\\\/#website\",\"url\":\"https:\\\/\\\/www.gobrrr.me\\\/\",\"name\":\"Go Brrr\",\"description\":\"3D prints for sovereign individuals\",\"publisher\":{\"@id\":\"https:\\\/\\\/www.gobrrr.me\\\/#organization\"},\"potentialAction\":[{\"@type\":\"SearchAction\",\"target\":{\"@type\":\"EntryPoint\",\"urlTemplate\":\"https:\\\/\\\/www.gobrrr.me\\\/?s={search_term_string}\"},\"query-input\":{\"@type\":\"PropertyValueSpecification\",\"valueRequired\":true,\"valueName\":\"search_term_string\"}}],\"inLanguage\":\"de-AT\"},{\"@type\":\"Organization\",\"@id\":\"https:\\\/\\\/www.gobrrr.me\\\/#organization\",\"name\":\"Go Brrr 3D\",\"url\":\"https:\\\/\\\/www.gobrrr.me\\\/\",\"logo\":{\"@type\":\"ImageObject\",\"inLanguage\":\"de-AT\",\"@id\":\"https:\\\/\\\/www.gobrrr.me\\\/#\\\/schema\\\/logo\\\/image\\\/\",\"url\":\"https:\\\/\\\/i0.wp.com\\\/www.gobrrr.me\\\/wp-content\\\/uploads\\\/2022\\\/02\\\/BrrrIco.png?fit=100%2C100&ssl=1\",\"contentUrl\":\"https:\\\/\\\/i0.wp.com\\\/www.gobrrr.me\\\/wp-content\\\/uploads\\\/2022\\\/02\\\/BrrrIco.png?fit=100%2C100&ssl=1\",\"width\":100,\"height\":100,\"caption\":\"Go Brrr 3D\"},\"image\":{\"@id\":\"https:\\\/\\\/www.gobrrr.me\\\/#\\\/schema\\\/logo\\\/image\\\/\"},\"sameAs\":[\"https:\\\/\\\/x.com\\\/GoBrrr_me\"]}]}<\/script>\n","yoast_head_json":{"title":"Hexoskeleton for RPI4 - Go Brrr","robots":{"index":"index","follow":"follow","max-snippet":"max-snippet:-1","max-image-preview":"max-image-preview:large","max-video-preview":"max-video-preview:-1"},"canonical":"https:\/\/www.gobrrr.me\/de\/product\/hexoskeleton\/","og_locale":"de_DE","og_type":"article","og_title":"Hexoskeleton for RPI4 - Go Brrr","og_description":"Run your Bitcoin node in style! The Hexoskeleton is the new press fit enclosure for the Raspberry Pi 4 featuring a hexagonal pattern embossed in its top.\u00a0 With enough room for a 4020 cooling fan, this case is the perfect home for any Raspberry Pi 4. Choose your preferred color combination, more color options are coming soon. You can always contact us for special requests or custom designs. A Raspberry Pi compatible illuminated 4010 cooling fan is available here","og_url":"https:\/\/www.gobrrr.me\/de\/product\/hexoskeleton\/","og_site_name":"Go Brrr","article_modified_time":"2024-01-30T21:22:45+00:00","og_image":[{"width":1200,"height":1600,"url":"https:\/\/www.gobrrr.me\/ozypsoob\/2022\/01\/Hexoskeleton_all.png","type":"image\/png"}],"twitter_card":"summary_large_image","twitter_site":"@GoBrrr_me","schema":{"@context":"https:\/\/schema.org","@graph":[{"@type":"WebPage","@id":"https:\/\/www.gobrrr.me\/product\/hexoskeleton\/","url":"https:\/\/www.gobrrr.me\/product\/hexoskeleton\/","name":"Hexoskeleton for RPI4 - Go Brrr","isPartOf":{"@id":"https:\/\/www.gobrrr.me\/#website"},"primaryImageOfPage":{"@id":"https:\/\/www.gobrrr.me\/product\/hexoskeleton\/#primaryimage"},"image":{"@id":"https:\/\/www.gobrrr.me\/product\/hexoskeleton\/#primaryimage"},"thumbnailUrl":"https:\/\/www.gobrrr.me\/ozypsoob\/2022\/01\/Hexoskeleton_all.png","datePublished":"2022-01-25T19:28:04+00:00","dateModified":"2024-01-30T21:22:45+00:00","breadcrumb":{"@id":"https:\/\/www.gobrrr.me\/product\/hexoskeleton\/#breadcrumb"},"inLanguage":"de-AT","potentialAction":[{"@type":"ReadAction","target":["https:\/\/www.gobrrr.me\/product\/hexoskeleton\/"]}]},{"@type":"ImageObject","inLanguage":"de-AT","@id":"https:\/\/www.gobrrr.me\/product\/hexoskeleton\/#primaryimage","url":"https:\/\/www.gobrrr.me\/ozypsoob\/2022\/01\/Hexoskeleton_all.png","contentUrl":"https:\/\/www.gobrrr.me\/ozypsoob\/2022\/01\/Hexoskeleton_all.png","width":1200,"height":1600},{"@type":"BreadcrumbList","@id":"https:\/\/www.gobrrr.me\/product\/hexoskeleton\/#breadcrumb","itemListElement":[{"@type":"ListItem","position":1,"name":"Home","item":"https:\/\/www.gobrrr.me\/"},{"@type":"ListItem","position":2,"name":"Shop","item":"https:\/\/www.gobrrr.me\/shop\/"},{"@type":"ListItem","position":3,"name":"Hexoskeleton for RPI4"}]},{"@type":"WebSite","@id":"https:\/\/www.gobrrr.me\/#website","url":"https:\/\/www.gobrrr.me\/","name":"Go Brrr","description":"3D prints for sovereign individuals","publisher":{"@id":"https:\/\/www.gobrrr.me\/#organization"},"potentialAction":[{"@type":"SearchAction","target":{"@type":"EntryPoint","urlTemplate":"https:\/\/www.gobrrr.me\/?s={search_term_string}"},"query-input":{"@type":"PropertyValueSpecification","valueRequired":true,"valueName":"search_term_string"}}],"inLanguage":"de-AT"},{"@type":"Organization","@id":"https:\/\/www.gobrrr.me\/#organization","name":"Go Brrr 3D","url":"https:\/\/www.gobrrr.me\/","logo":{"@type":"ImageObject","inLanguage":"de-AT","@id":"https:\/\/www.gobrrr.me\/#\/schema\/logo\/image\/","url":"https:\/\/i0.wp.com\/www.gobrrr.me\/ozypsoob\/2022\/02\/BrrrIco.png?fit=100%2C100&ssl=1","contentUrl":"https:\/\/i0.wp.com\/www.gobrrr.me\/ozypsoob\/2022\/02\/BrrrIco.png?fit=100%2C100&ssl=1","width":100,"height":100,"caption":"Go Brrr 3D"},"image":{"@id":"https:\/\/www.gobrrr.me\/#\/schema\/logo\/image\/"},"sameAs":["https:\/\/x.com\/GoBrrr_me"]}]}},"_links":{"self":[{"href":"https:\/\/www.gobrrr.me\/de\/wp-json\/wp\/v2\/product\/1277","targetHints":{"allow":["GET"]}}],"collection":[{"href":"https:\/\/www.gobrrr.me\/de\/wp-json\/wp\/v2\/product"}],"about":[{"href":"https:\/\/www.gobrrr.me\/de\/wp-json\/wp\/v2\/types\/product"}],"replies":[{"embeddable":true,"href":"https:\/\/www.gobrrr.me\/de\/wp-json\/wp\/v2\/comments?post=1277"}],"version-history":[{"count":0,"href":"https:\/\/www.gobrrr.me\/de\/wp-json\/wp\/v2\/product\/1277\/revisions"}],"wp:featuredmedia":[{"embeddable":true,"href":"https:\/\/www.gobrrr.me\/de\/wp-json\/wp\/v2\/media\/1304"}],"wp:attachment":[{"href":"https:\/\/www.gobrrr.me\/de\/wp-json\/wp\/v2\/media?parent=1277"}],"wp:term":[{"taxonomy":"product_brand","embeddable":true,"href":"https:\/\/www.gobrrr.me\/de\/wp-json\/wp\/v2\/product_brand?post=1277"},{"taxonomy":"product_cat","embeddable":true,"href":"https:\/\/www.gobrrr.me\/de\/wp-json\/wp\/v2\/product_cat?post=1277"},{"taxonomy":"product_tag","embeddable":true,"href":"https:\/\/www.gobrrr.me\/de\/wp-json\/wp\/v2\/product_tag?post=1277"}],"curies":[{"name":"wp","href":"https:\/\/api.w.org\/{rel}","templated":true}]}}