{"id":11570,"date":"2026-04-21T13:26:24","date_gmt":"2026-04-21T11:26:24","guid":{"rendered":"https:\/\/www.gobrrr.me\/?post_type=product&#038;p=11570"},"modified":"2026-04-22T10:12:57","modified_gmt":"2026-04-22T08:12:57","slug":"batterypowered-seedsigner","status":"publish","type":"product","link":"https:\/\/www.gobrrr.me\/de\/product\/batterypowered-seedsigner\/","title":{"rendered":"<p>Batteriebetriebener SeedSigner+<\/p>"},"content":{"rendered":"<div>\n<div>\n<p><span class=\"css-1jxf684 r-bcqeeo r-1ttztb7 r-qvutc0 r-poiln3 r-1x3r274\"><span class=\"css-1jxf684 r-bcqeeo r-1ttztb7 r-qvutc0 r-poiln3\">Der erste SeedSigner+ mit AAA-Batterien, der eine modifizierte Version des SeedSigner+ Hat und einen Batterieschacht verwendet. In echter SeedSigner-Manier wird w\u00e4hrend des gesamten Builds Hardware von der Stange verwendet.<\/span><\/span><\/p>\n<p>Die <span class=\"css-1jxf684 r-bcqeeo r-1ttztb7 r-qvutc0 r-poiln3 r-b88u0q r-1x3r274\"><span class=\"css-1jxf684 r-bcqeeo r-1ttztb7 r-qvutc0 r-poiln3\"><span class=\"css-1jxf684 r-bcqeeo r-1ttztb7 r-qvutc0 r-poiln3 r-1x3r274\">SeedSigner+ M\u00fctze<\/span><\/span><\/span><span class=\"css-1jxf684 r-bcqeeo r-1ttztb7 r-qvutc0 r-poiln3 r-1x3r274\"><span class=\"css-1jxf684 r-bcqeeo r-1ttztb7 r-qvutc0 r-poiln3\"> Der Raspberry Pi Zero wurde f\u00fcr eine deutlich verbesserte Benutzererfahrung entwickelt. Sein gr\u00f6\u00dferes 2.8\u2033 IPS-Display liefert klare, lebendige Grafiken mit verbesserter Lesbarkeit. In Kombination mit DPAD-Tasten f\u00fcr eine pr\u00e4zise Men\u00fcsteuerung bietet es eine einfachere, intuitivere und schnellere Navigation durch Benutzermen\u00fcs. W\u00e4hlen Sie zwischen einem vormontierten SeedSigner+ oder einem DIY-Kit, das alle Hardware enth\u00e4lt, die zum Bau eines SeedSigner+ erforderlich ist, und passen Sie die Geh\u00e4usefarbe nach Ihren W\u00fcnschen an. Zu Ihrer eigenen Sicherheit empfehlen wir Ihnen, Ihren SeedSigner+ selbst mit unserem DIY Kit zu bauen, die Montage ist einfach und es ist kein L\u00f6ten erforderlich, da wir einen Raspberry Pi Zero 1.3 mit vorgel\u00f6teten GPIO Pins zur Verf\u00fcgung stellen. Keine microsd-karte enthalten, beziehen sie diese selbst f\u00fcr maximale sicherheit. Enth\u00e4lt keine Batterien!<\/span><\/span><\/p>\n<\/div>\n<div>Sehen Sie sich das Montage-Tutorial an:<br>\n<iframe title=\"Akku SeedSigner+ Montageanleitung\" width=\"980\" height=\"551\" src=\"https:\/\/www.youtube.com\/embed\/gEWkj0KiTEM?feature=oembed\" frameborder=\"0\" allow=\"accelerometer; autoplay; clipboard-write; encrypted-media; gyroscope; picture-in-picture; web-share\" referrerpolicy=\"strict-origin-when-cross-origin\" allowfullscreen><\/iframe>\n<\/div><div><\/div><div>\n<p>Hut-Eigenschaften:<\/p>\n<ul dir=\"ltr\">\n<li><span class=\"css-1jxf684 r-bcqeeo r-1ttztb7 r-qvutc0 r-poiln3\"><span class=\"css-1jxf684 r-bcqeeo r-1ttztb7 r-qvutc0 r-poiln3 r-b88u0q r-1x3r274\"><span class=\"css-1jxf684 r-bcqeeo r-1ttztb7 r-qvutc0 r-poiln3 r-1x3r274\">2,8 '' IPS 240\u00d7320 Anzeige<\/span><\/span><\/span><\/li>\n<li><span class=\"css-1jxf684 r-bcqeeo r-1ttztb7 r-qvutc0 r-poiln3\"><span class=\"css-1jxf684 r-bcqeeo r-1ttztb7 r-qvutc0 r-poiln3 r-b88u0q r-1x3r274\"><span class=\"css-1jxf684 r-bcqeeo r-1ttztb7 r-qvutc0 r-poiln3 r-1x3r274\">DPAD-Kontrollen<\/span><\/span><span class=\"css-1jxf684 r-bcqeeo r-1ttztb7 r-qvutc0 r-poiln3 r-1x3r274\">: Intuitives Richtungspad<\/span><\/span><\/li>\n<li><span class=\"css-1jxf684 r-bcqeeo r-1ttztb7 r-qvutc0 r-poiln3\"><span class=\"css-1jxf684 r-bcqeeo r-1ttztb7 r-qvutc0 r-poiln3 r-1x3r274\">3pin Stecker f\u00fcr Batteriepack&nbsp;<\/span><\/span><\/li>\n<\/ul>\n<p>DIY Kit beinhaltet:<\/p>\n<ul dir=\"ltr\">\n<li><span class=\"css-1jxf684 r-bcqeeo r-1ttztb7 r-qvutc0 r-poiln3\"><span class=\"css-1jxf684 r-bcqeeo r-1ttztb7 r-qvutc0 r-poiln3 r-b88u0q r-1x3r274\"><span class=\"css-1jxf684 r-bcqeeo r-1ttztb7 r-qvutc0 r-poiln3 r-1x3r274\">2.8\u2032\u2032 IPS 240\u00d7320 SeedSigner + Hut<\/span><\/span><\/span><\/li>\n<li>Federbelastete Micro SD Erweiterung<\/li>\n<li>Raspberry Pi Zero (vorgel\u00f6tete GPIO Pins)<\/li>\n<li>Zerocam f\u00fcr RPI Zero<\/li>\n<li>3D-gedrucktes Geh\u00e4use &amp; Amp; Schrauben<\/li>\n<li>AAA Batteriebucht<\/li>\n<\/ul>\n<\/div><p><em>Anmerkung: $10 von jedem SeedSigner+-Verkauf dienen der Unterst\u00fctzung des Hauptentwicklers und Hauptbetreuers des SeedSigner-Softwareprojekts.<\/em><\/p><\/div>","protected":false},"excerpt":{"rendered":"<div>\n<div>\n<p><span class=\"css-1jxf684 r-bcqeeo r-1ttztb7 r-qvutc0 r-poiln3 r-1x3r274\"><span class=\"css-1jxf684 r-bcqeeo r-1ttztb7 r-qvutc0 r-poiln3\">Der erste SeedSigner+ mit AAA-Batterien, der eine modifizierte Version des SeedSigner+ Hat und einen Batterieschacht verwendet. In echter SeedSigner-Manier wird w\u00e4hrend des gesamten Builds Hardware von der Stange verwendet.<\/span><\/span><\/p>\n<p>Die <span class=\"css-1jxf684 r-bcqeeo r-1ttztb7 r-qvutc0 r-poiln3 r-b88u0q r-1x3r274\"><span class=\"css-1jxf684 r-bcqeeo r-1ttztb7 r-qvutc0 r-poiln3\"><span class=\"css-1jxf684 r-bcqeeo r-1ttztb7 r-qvutc0 r-poiln3 r-1x3r274\">SeedSigner+ M\u00fctze<\/span><\/span><\/span><span class=\"css-1jxf684 r-bcqeeo r-1ttztb7 r-qvutc0 r-poiln3 r-1x3r274\"><span class=\"css-1jxf684 r-bcqeeo r-1ttztb7 r-qvutc0 r-poiln3\"> Der Raspberry Pi Zero wurde f\u00fcr eine deutlich verbesserte Benutzererfahrung entwickelt. Sein gr\u00f6\u00dferes 2.8\u2033 IPS-Display liefert klare, lebendige Grafiken mit verbesserter Lesbarkeit. In Kombination mit DPAD-Tasten f\u00fcr eine pr\u00e4zise Men\u00fcsteuerung bietet es eine einfachere, intuitivere und schnellere Navigation durch Benutzermen\u00fcs. W\u00e4hlen Sie zwischen einem vormontierten SeedSigner+ oder einem DIY-Kit, das alle Hardware enth\u00e4lt, die zum Bau eines SeedSigner+ erforderlich ist, und passen Sie die Geh\u00e4usefarbe nach Ihren W\u00fcnschen an. Zu Ihrer eigenen Sicherheit empfehlen wir Ihnen, Ihren SeedSigner+ selbst mit unserem DIY Kit zu bauen, die Montage ist einfach und es ist kein L\u00f6ten erforderlich, da wir einen Raspberry Pi Zero 1.3 mit vorgel\u00f6teten GPIO Pins zur Verf\u00fcgung stellen. Keine microsd-karte enthalten, beziehen sie diese selbst f\u00fcr maximale sicherheit. Enth\u00e4lt keine Batterien!<\/span><\/span><\/p>\n<\/div>\n<div><\/div><div><\/div><div>\n<p>Hut-Eigenschaften:<\/p>\n<ul dir=\"ltr\">\n<li><span class=\"css-1jxf684 r-bcqeeo r-1ttztb7 r-qvutc0 r-poiln3\"><span class=\"css-1jxf684 r-bcqeeo r-1ttztb7 r-qvutc0 r-poiln3 r-b88u0q r-1x3r274\"><span class=\"css-1jxf684 r-bcqeeo r-1ttztb7 r-qvutc0 r-poiln3 r-1x3r274\">2,8 '' IPS 240\u00d7320 Anzeige<\/span><\/span><\/span><\/li>\n<li><span class=\"css-1jxf684 r-bcqeeo r-1ttztb7 r-qvutc0 r-poiln3\"><span class=\"css-1jxf684 r-bcqeeo r-1ttztb7 r-qvutc0 r-poiln3 r-b88u0q r-1x3r274\"><span class=\"css-1jxf684 r-bcqeeo r-1ttztb7 r-qvutc0 r-poiln3 r-1x3r274\">DPAD-Kontrollen<\/span><\/span><span class=\"css-1jxf684 r-bcqeeo r-1ttztb7 r-qvutc0 r-poiln3 r-1x3r274\">: Intuitives Richtungspad<\/span><\/span><\/li>\n<li><span class=\"css-1jxf684 r-bcqeeo r-1ttztb7 r-qvutc0 r-poiln3\"><span class=\"css-1jxf684 r-bcqeeo r-1ttztb7 r-qvutc0 r-poiln3 r-1x3r274\">3pin Stecker f\u00fcr Batteriepack&nbsp;<\/span><\/span><\/li>\n<\/ul>\n<p>DIY Kit beinhaltet:<\/p>\n<ul dir=\"ltr\">\n<li><span class=\"css-1jxf684 r-bcqeeo r-1ttztb7 r-qvutc0 r-poiln3\"><span class=\"css-1jxf684 r-bcqeeo r-1ttztb7 r-qvutc0 r-poiln3 r-b88u0q r-1x3r274\"><span class=\"css-1jxf684 r-bcqeeo r-1ttztb7 r-qvutc0 r-poiln3 r-1x3r274\">2.8\u2032\u2032 IPS 240\u00d7320 SeedSigner + Hut<\/span><\/span><\/span><\/li>\n<li>Federbelastete Micro SD Erweiterung<\/li>\n<li>Raspberry Pi Zero (vorgel\u00f6tete GPIO Pins)<\/li>\n<li>Zerocam f\u00fcr RPI Zero<\/li>\n<li>3D-gedrucktes Geh\u00e4use &amp; Amp; Schrauben<\/li>\n<li>AAA Batteriebucht<\/li>\n<\/ul>\n<\/div><p><em>Anmerkung: $10 von jedem SeedSigner+-Verkauf dienen der Unterst\u00fctzung des Hauptentwicklers und Hauptbetreuers des SeedSigner-Softwareprojekts.<\/em><\/p><\/div>","protected":false},"featured_media":11575,"comment_status":"closed","ping_status":"closed","template":"","meta":[],"product_brand":[271],"product_cat":[34,276,185],"product_tag":[],"class_list":{"0":"post-11570","1":"product","2":"type-product","3":"status-publish","4":"has-post-thumbnail","6":"product_brand-gobrrr","7":"product_cat-seedsigner","8":"product_cat-seedsigner-diy","9":"product_cat-seedsigner-prebuilt","10":"product_shipping_class-seedsigner","12":"first","13":"instock","14":"taxable","15":"shipping-taxable","16":"purchasable","17":"product-type-variable","18":"has-default-attributes"},"yoast_head":"\n<title>Battery Powered SeedSigner+ - Go Brrr<\/title>\n<meta name=\"description\" content=\"The first SeedSigner+ powered by AAA batteries, using a modified version of the SeedSigner+ Hat and a battery bay. In true SeedSigner fashion, off the shelf hardware is being used throughout the entire build.The SeedSigner+ Hat for Raspberry Pi Zero is designed for a significantly improved user experience. Its larger 2.8&quot; IPS display delivers clear, vibrant visuals with enhanced readability. Paired with DPAD-style buttons for precise menu control, it offers easier, more intuitive, and faster navigation through user menus. Choose between a preassembled SeedSigner+ or a DIY-Kit containing all the hardware required to build a SeedSigner+, customize the enclosure color to your liking. For your own security, we recommend building your SeedSigner+ yourself using our DIY Kit, assembly is easy and there is no soldering required, as we provide a Raspberry Pi zero 1.3 with presoldered GPIO Pins. No micro-sd card included, source these yourself for maximum security. Does not include batteries!\" \/>\n<meta name=\"robots\" content=\"index, follow, max-snippet:-1, max-image-preview:large, max-video-preview:-1\" \/>\n<link rel=\"canonical\" href=\"https:\/\/www.gobrrr.me\/de\/product\/batterypowered-seedsigner\/\" \/>\n<meta property=\"og:locale\" content=\"de_DE\" \/>\n<meta property=\"og:type\" content=\"article\" \/>\n<meta property=\"og:title\" content=\"SeedSigner+Battery Powered SeedSigner+\" \/>\n<meta property=\"og:description\" content=\"The first SeedSigner+ powered by AAA batteries, using a modified version of the SeedSigner+ Hat and a battery bay. In true SeedSigner fashion, off the shelf hardware is being used throughout the entire build.The SeedSigner+ Hat for Raspberry Pi Zero is designed for a significantly improved user experience. Its larger 2.8&quot; IPS display delivers clear, vibrant visuals with enhanced readability. Paired with DPAD-style buttons for precise menu control, it offers easier, more intuitive, and faster navigation through user menus. Choose between a preassembled SeedSigner+ or a DIY-Kit containing all the hardware required to build a SeedSigner+, customize the enclosure color to your liking. For your own security, we recommend building your SeedSigner+ yourself using our DIY Kit, assembly is easy and there is no soldering required, as we provide a Raspberry Pi zero 1.3 with presoldered GPIO Pins. No micro-sd card included, source these yourself for maximum security. Does not include batteries!\" \/>\n<meta property=\"og:url\" content=\"https:\/\/www.gobrrr.me\/de\/product\/batterypowered-seedsigner\/\" \/>\n<meta property=\"og:site_name\" content=\"Go Brrr\" \/>\n<meta property=\"article:modified_time\" content=\"2026-04-22T08:12:57+00:00\" \/>\n<meta property=\"og:image\" content=\"https:\/\/www.gobrrr.me\/ozypsoob\/2025\/09\/SeedSignerPlus_w2_gobrrr.me_.jpg\" \/>\n\t<meta property=\"og:image:width\" content=\"1184\" \/>\n\t<meta property=\"og:image:height\" content=\"864\" \/>\n\t<meta property=\"og:image:type\" content=\"image\/jpeg\" \/>\n<meta name=\"twitter:card\" content=\"summary_large_image\" \/>\n<meta name=\"twitter:title\" content=\"SeedSigner+Battery Powered SeedSigner+\" \/>\n<meta name=\"twitter:description\" content=\"The first SeedSigner+ powered by AAA batteries, using a modified version of the SeedSigner+ Hat and a battery bay. In true SeedSigner fashion, off the shelf hardware is being used throughout the entire build.The SeedSigner+ Hat for Raspberry Pi Zero is designed for a significantly improved user experience. Its larger 2.8&quot; IPS display delivers clear, vibrant visuals with enhanced readability. Paired with DPAD-style buttons for precise menu control, it offers easier, more intuitive, and faster navigation through user menus. Choose between a preassembled SeedSigner+ or a DIY-Kit containing all the hardware required to build a SeedSigner+, customize the enclosure color to your liking. For your own security, we recommend building your SeedSigner+ yourself using our DIY Kit, assembly is easy and there is no soldering required, as we provide a Raspberry Pi zero 1.3 with presoldered GPIO Pins. No micro-sd card included, source these yourself for maximum security. Does not include batteries!\" \/>\n<meta name=\"twitter:image\" content=\"https:\/\/www.gobrrr.me\/ozypsoob\/2025\/09\/SeedSignerPlus_w2_gobrrr.me_.jpg\" \/>\n<meta name=\"twitter:site\" content=\"@GoBrrr_me\" \/>\n<meta name=\"twitter:label1\" content=\"Gesch\u00e4tzte Lesezeit\" \/>\n\t<meta name=\"twitter:data1\" content=\"2 Minuten\" \/>\n<script type=\"application\/ld+json\" class=\"yoast-schema-graph\">{\"@context\":\"https:\\\/\\\/schema.org\",\"@graph\":[{\"@type\":\"WebPage\",\"@id\":\"https:\\\/\\\/www.gobrrr.me\\\/product\\\/batterypowered-seedsigner\\\/\",\"url\":\"https:\\\/\\\/www.gobrrr.me\\\/product\\\/batterypowered-seedsigner\\\/\",\"name\":\"Battery Powered SeedSigner+ - Go Brrr\",\"isPartOf\":{\"@id\":\"https:\\\/\\\/www.gobrrr.me\\\/#website\"},\"primaryImageOfPage\":{\"@id\":\"https:\\\/\\\/www.gobrrr.me\\\/product\\\/batterypowered-seedsigner\\\/#primaryimage\"},\"image\":{\"@id\":\"https:\\\/\\\/www.gobrrr.me\\\/product\\\/batterypowered-seedsigner\\\/#primaryimage\"},\"thumbnailUrl\":\"https:\\\/\\\/www.gobrrr.me\\\/wp-content\\\/uploads\\\/2026\\\/04\\\/SeedSignerAAA-w_gobrrr.me_.jpg\",\"datePublished\":\"2026-04-21T11:26:24+00:00\",\"dateModified\":\"2026-04-22T08:12:57+00:00\",\"description\":\"The first SeedSigner+ powered by AAA batteries, using a modified version of the SeedSigner+ Hat and a battery bay. In true SeedSigner fashion, off the shelf hardware is being used throughout the entire build.The SeedSigner+ Hat for Raspberry Pi Zero is designed for a significantly improved user experience. Its larger 2.8\\\" IPS display delivers clear, vibrant visuals with enhanced readability. Paired with DPAD-style buttons for precise menu control, it offers easier, more intuitive, and faster navigation through user menus. Choose between a preassembled SeedSigner+ or a DIY-Kit containing all the hardware required to build a SeedSigner+, customize the enclosure color to your liking. For your own security, we recommend building your SeedSigner+ yourself using our DIY Kit, assembly is easy and there is no soldering required, as we provide a Raspberry Pi zero 1.3 with presoldered GPIO Pins. No micro-sd card included, source these yourself for maximum security. Does not include batteries!\",\"breadcrumb\":{\"@id\":\"https:\\\/\\\/www.gobrrr.me\\\/product\\\/batterypowered-seedsigner\\\/#breadcrumb\"},\"inLanguage\":\"de-AT\",\"potentialAction\":[{\"@type\":\"ReadAction\",\"target\":[\"https:\\\/\\\/www.gobrrr.me\\\/product\\\/batterypowered-seedsigner\\\/\"]}]},{\"@type\":\"ImageObject\",\"inLanguage\":\"de-AT\",\"@id\":\"https:\\\/\\\/www.gobrrr.me\\\/product\\\/batterypowered-seedsigner\\\/#primaryimage\",\"url\":\"https:\\\/\\\/www.gobrrr.me\\\/wp-content\\\/uploads\\\/2026\\\/04\\\/SeedSignerAAA-w_gobrrr.me_.jpg\",\"contentUrl\":\"https:\\\/\\\/www.gobrrr.me\\\/wp-content\\\/uploads\\\/2026\\\/04\\\/SeedSignerAAA-w_gobrrr.me_.jpg\",\"width\":1024,\"height\":771},{\"@type\":\"BreadcrumbList\",\"@id\":\"https:\\\/\\\/www.gobrrr.me\\\/product\\\/batterypowered-seedsigner\\\/#breadcrumb\",\"itemListElement\":[{\"@type\":\"ListItem\",\"position\":1,\"name\":\"Home\",\"item\":\"https:\\\/\\\/www.gobrrr.me\\\/\"},{\"@type\":\"ListItem\",\"position\":2,\"name\":\"Shop\",\"item\":\"https:\\\/\\\/www.gobrrr.me\\\/shop\\\/\"},{\"@type\":\"ListItem\",\"position\":3,\"name\":\"Battery Powered SeedSigner+\"}]},{\"@type\":\"WebSite\",\"@id\":\"https:\\\/\\\/www.gobrrr.me\\\/#website\",\"url\":\"https:\\\/\\\/www.gobrrr.me\\\/\",\"name\":\"Go Brrr\",\"description\":\"3D prints for sovereign individuals\",\"publisher\":{\"@id\":\"https:\\\/\\\/www.gobrrr.me\\\/#organization\"},\"potentialAction\":[{\"@type\":\"SearchAction\",\"target\":{\"@type\":\"EntryPoint\",\"urlTemplate\":\"https:\\\/\\\/www.gobrrr.me\\\/?s={search_term_string}\"},\"query-input\":{\"@type\":\"PropertyValueSpecification\",\"valueRequired\":true,\"valueName\":\"search_term_string\"}}],\"inLanguage\":\"de-AT\"},{\"@type\":\"Organization\",\"@id\":\"https:\\\/\\\/www.gobrrr.me\\\/#organization\",\"name\":\"Go Brrr 3D\",\"url\":\"https:\\\/\\\/www.gobrrr.me\\\/\",\"logo\":{\"@type\":\"ImageObject\",\"inLanguage\":\"de-AT\",\"@id\":\"https:\\\/\\\/www.gobrrr.me\\\/#\\\/schema\\\/logo\\\/image\\\/\",\"url\":\"https:\\\/\\\/i0.wp.com\\\/www.gobrrr.me\\\/wp-content\\\/uploads\\\/2022\\\/02\\\/BrrrIco.png?fit=100%2C100&ssl=1\",\"contentUrl\":\"https:\\\/\\\/i0.wp.com\\\/www.gobrrr.me\\\/wp-content\\\/uploads\\\/2022\\\/02\\\/BrrrIco.png?fit=100%2C100&ssl=1\",\"width\":100,\"height\":100,\"caption\":\"Go Brrr 3D\"},\"image\":{\"@id\":\"https:\\\/\\\/www.gobrrr.me\\\/#\\\/schema\\\/logo\\\/image\\\/\"},\"sameAs\":[\"https:\\\/\\\/x.com\\\/GoBrrr_me\"]}]}<\/script>\n","yoast_head_json":{"title":"Battery Powered SeedSigner+ - Go Brrr","description":"The first SeedSigner+ powered by AAA batteries, using a modified version of the SeedSigner+ Hat and a battery bay. In true SeedSigner fashion, off the shelf hardware is being used throughout the entire build.The SeedSigner+ Hat for Raspberry Pi Zero is designed for a significantly improved user experience. Its larger 2.8\" IPS display delivers clear, vibrant visuals with enhanced readability. Paired with DPAD-style buttons for precise menu control, it offers easier, more intuitive, and faster navigation through user menus. Choose between a preassembled SeedSigner+ or a DIY-Kit containing all the hardware required to build a SeedSigner+, customize the enclosure color to your liking. For your own security, we recommend building your SeedSigner+ yourself using our DIY Kit, assembly is easy and there is no soldering required, as we provide a Raspberry Pi zero 1.3 with presoldered GPIO Pins. No micro-sd card included, source these yourself for maximum security. Does not include batteries!","robots":{"index":"index","follow":"follow","max-snippet":"max-snippet:-1","max-image-preview":"max-image-preview:large","max-video-preview":"max-video-preview:-1"},"canonical":"https:\/\/www.gobrrr.me\/de\/product\/batterypowered-seedsigner\/","og_locale":"de_DE","og_type":"article","og_title":"SeedSigner+Battery Powered SeedSigner+","og_description":"The first SeedSigner+ powered by AAA batteries, using a modified version of the SeedSigner+ Hat and a battery bay. In true SeedSigner fashion, off the shelf hardware is being used throughout the entire build.The SeedSigner+ Hat for Raspberry Pi Zero is designed for a significantly improved user experience. Its larger 2.8\" IPS display delivers clear, vibrant visuals with enhanced readability. Paired with DPAD-style buttons for precise menu control, it offers easier, more intuitive, and faster navigation through user menus. Choose between a preassembled SeedSigner+ or a DIY-Kit containing all the hardware required to build a SeedSigner+, customize the enclosure color to your liking. For your own security, we recommend building your SeedSigner+ yourself using our DIY Kit, assembly is easy and there is no soldering required, as we provide a Raspberry Pi zero 1.3 with presoldered GPIO Pins. No micro-sd card included, source these yourself for maximum security. Does not include batteries!","og_url":"https:\/\/www.gobrrr.me\/de\/product\/batterypowered-seedsigner\/","og_site_name":"Go Brrr","article_modified_time":"2026-04-22T08:12:57+00:00","og_image":[{"width":1184,"height":864,"url":"https:\/\/www.gobrrr.me\/ozypsoob\/2025\/09\/SeedSignerPlus_w2_gobrrr.me_.jpg","type":"image\/jpeg"}],"twitter_card":"summary_large_image","twitter_title":"SeedSigner+Battery Powered SeedSigner+","twitter_description":"The first SeedSigner+ powered by AAA batteries, using a modified version of the SeedSigner+ Hat and a battery bay. In true SeedSigner fashion, off the shelf hardware is being used throughout the entire build.The SeedSigner+ Hat for Raspberry Pi Zero is designed for a significantly improved user experience. Its larger 2.8\" IPS display delivers clear, vibrant visuals with enhanced readability. Paired with DPAD-style buttons for precise menu control, it offers easier, more intuitive, and faster navigation through user menus. Choose between a preassembled SeedSigner+ or a DIY-Kit containing all the hardware required to build a SeedSigner+, customize the enclosure color to your liking. For your own security, we recommend building your SeedSigner+ yourself using our DIY Kit, assembly is easy and there is no soldering required, as we provide a Raspberry Pi zero 1.3 with presoldered GPIO Pins. No micro-sd card included, source these yourself for maximum security. Does not include batteries!","twitter_image":"https:\/\/www.gobrrr.me\/ozypsoob\/2025\/09\/SeedSignerPlus_w2_gobrrr.me_.jpg","twitter_site":"@GoBrrr_me","twitter_misc":{"Gesch\u00e4tzte Lesezeit":"2 Minuten"},"schema":{"@context":"https:\/\/schema.org","@graph":[{"@type":"WebPage","@id":"https:\/\/www.gobrrr.me\/product\/batterypowered-seedsigner\/","url":"https:\/\/www.gobrrr.me\/product\/batterypowered-seedsigner\/","name":"Battery Powered SeedSigner+ - Go Brrr","isPartOf":{"@id":"https:\/\/www.gobrrr.me\/#website"},"primaryImageOfPage":{"@id":"https:\/\/www.gobrrr.me\/product\/batterypowered-seedsigner\/#primaryimage"},"image":{"@id":"https:\/\/www.gobrrr.me\/product\/batterypowered-seedsigner\/#primaryimage"},"thumbnailUrl":"https:\/\/www.gobrrr.me\/ozypsoob\/2026\/04\/SeedSignerAAA-w_gobrrr.me_.jpg","datePublished":"2026-04-21T11:26:24+00:00","dateModified":"2026-04-22T08:12:57+00:00","description":"The first SeedSigner+ powered by AAA batteries, using a modified version of the SeedSigner+ Hat and a battery bay. In true SeedSigner fashion, off the shelf hardware is being used throughout the entire build.The SeedSigner+ Hat for Raspberry Pi Zero is designed for a significantly improved user experience. Its larger 2.8\" IPS display delivers clear, vibrant visuals with enhanced readability. Paired with DPAD-style buttons for precise menu control, it offers easier, more intuitive, and faster navigation through user menus. Choose between a preassembled SeedSigner+ or a DIY-Kit containing all the hardware required to build a SeedSigner+, customize the enclosure color to your liking. For your own security, we recommend building your SeedSigner+ yourself using our DIY Kit, assembly is easy and there is no soldering required, as we provide a Raspberry Pi zero 1.3 with presoldered GPIO Pins. No micro-sd card included, source these yourself for maximum security. Does not include batteries!","breadcrumb":{"@id":"https:\/\/www.gobrrr.me\/product\/batterypowered-seedsigner\/#breadcrumb"},"inLanguage":"de-AT","potentialAction":[{"@type":"ReadAction","target":["https:\/\/www.gobrrr.me\/product\/batterypowered-seedsigner\/"]}]},{"@type":"ImageObject","inLanguage":"de-AT","@id":"https:\/\/www.gobrrr.me\/product\/batterypowered-seedsigner\/#primaryimage","url":"https:\/\/www.gobrrr.me\/ozypsoob\/2026\/04\/SeedSignerAAA-w_gobrrr.me_.jpg","contentUrl":"https:\/\/www.gobrrr.me\/ozypsoob\/2026\/04\/SeedSignerAAA-w_gobrrr.me_.jpg","width":1024,"height":771},{"@type":"BreadcrumbList","@id":"https:\/\/www.gobrrr.me\/product\/batterypowered-seedsigner\/#breadcrumb","itemListElement":[{"@type":"ListItem","position":1,"name":"Home","item":"https:\/\/www.gobrrr.me\/"},{"@type":"ListItem","position":2,"name":"Shop","item":"https:\/\/www.gobrrr.me\/shop\/"},{"@type":"ListItem","position":3,"name":"Battery Powered SeedSigner+"}]},{"@type":"WebSite","@id":"https:\/\/www.gobrrr.me\/#website","url":"https:\/\/www.gobrrr.me\/","name":"Go Brrr","description":"3D prints for sovereign individuals","publisher":{"@id":"https:\/\/www.gobrrr.me\/#organization"},"potentialAction":[{"@type":"SearchAction","target":{"@type":"EntryPoint","urlTemplate":"https:\/\/www.gobrrr.me\/?s={search_term_string}"},"query-input":{"@type":"PropertyValueSpecification","valueRequired":true,"valueName":"search_term_string"}}],"inLanguage":"de-AT"},{"@type":"Organization","@id":"https:\/\/www.gobrrr.me\/#organization","name":"Go Brrr 3D","url":"https:\/\/www.gobrrr.me\/","logo":{"@type":"ImageObject","inLanguage":"de-AT","@id":"https:\/\/www.gobrrr.me\/#\/schema\/logo\/image\/","url":"https:\/\/i0.wp.com\/www.gobrrr.me\/ozypsoob\/2022\/02\/BrrrIco.png?fit=100%2C100&ssl=1","contentUrl":"https:\/\/i0.wp.com\/www.gobrrr.me\/ozypsoob\/2022\/02\/BrrrIco.png?fit=100%2C100&ssl=1","width":100,"height":100,"caption":"Go Brrr 3D"},"image":{"@id":"https:\/\/www.gobrrr.me\/#\/schema\/logo\/image\/"},"sameAs":["https:\/\/x.com\/GoBrrr_me"]}]}},"_links":{"self":[{"href":"https:\/\/www.gobrrr.me\/de\/wp-json\/wp\/v2\/product\/11570","targetHints":{"allow":["GET"]}}],"collection":[{"href":"https:\/\/www.gobrrr.me\/de\/wp-json\/wp\/v2\/product"}],"about":[{"href":"https:\/\/www.gobrrr.me\/de\/wp-json\/wp\/v2\/types\/product"}],"replies":[{"embeddable":true,"href":"https:\/\/www.gobrrr.me\/de\/wp-json\/wp\/v2\/comments?post=11570"}],"version-history":[{"count":4,"href":"https:\/\/www.gobrrr.me\/de\/wp-json\/wp\/v2\/product\/11570\/revisions"}],"predecessor-version":[{"id":11585,"href":"https:\/\/www.gobrrr.me\/de\/wp-json\/wp\/v2\/product\/11570\/revisions\/11585"}],"wp:featuredmedia":[{"embeddable":true,"href":"https:\/\/www.gobrrr.me\/de\/wp-json\/wp\/v2\/media\/11575"}],"wp:attachment":[{"href":"https:\/\/www.gobrrr.me\/de\/wp-json\/wp\/v2\/media?parent=11570"}],"wp:term":[{"taxonomy":"product_brand","embeddable":true,"href":"https:\/\/www.gobrrr.me\/de\/wp-json\/wp\/v2\/product_brand?post=11570"},{"taxonomy":"product_cat","embeddable":true,"href":"https:\/\/www.gobrrr.me\/de\/wp-json\/wp\/v2\/product_cat?post=11570"},{"taxonomy":"product_tag","embeddable":true,"href":"https:\/\/www.gobrrr.me\/de\/wp-json\/wp\/v2\/product_tag?post=11570"}],"curies":[{"name":"wp","href":"https:\/\/api.w.org\/{rel}","templated":true}]}}