{"id":11515,"date":"2026-04-10T09:30:18","date_gmt":"2026-04-10T07:30:18","guid":{"rendered":"https:\/\/www.gobrrr.me\/?post_type=product&#038;p=11515"},"modified":"2026-04-10T10:56:51","modified_gmt":"2026-04-10T08:56:51","slug":"parasite-nerdqaxe-stand","status":"publish","type":"product","link":"https:\/\/www.gobrrr.me\/de\/product\/parasite-nerdqaxe-stand\/","title":{"rendered":"<p>Parasit NerdQaxe St\u00e4nder<\/p>"},"content":{"rendered":"<p>Ein Stand f\u00fcr <a href=\"https:\/\/www.gobrrr.me\/product\/nerdqaxe\/\" target=\"_blank\" rel=\"noopener\">NerdQaxe+<\/a> &amp; <a href=\"https:\/\/www.gobrrr.me\/product\/nerdqaxeplusplus\/\" target=\"_blank\" rel=\"noopener\">NerdQaxe++ herunterladen<\/a> Inspiriert von Parasite Pool, mit Print-in-Place-Scharnieren, Platz f\u00fcr zus\u00e4tzlichen L\u00fcfter im Parasites-Bauch und der M\u00f6glichkeit, ihn mit unserem Nerd LAN Mod f\u00fcr eine stabile Ethernet-Verbindung auszustatten.<ul>\n<li>Beine sind durch Druck-in-Place-Scharniere m\u00f6glich<\/li>\n<li>Kann einen 92mm L\u00fcfter in seinem Bauch f\u00fcr zus\u00e4tzliche K\u00fchlung montieren<\/li>\n<li>Ausschnitt f\u00fcr Ethernet-Modul, f\u00fcr <a href=\"https:\/\/www.gobrrr.me\/product\/nerdqaxe-lan\/\" target=\"_blank\" rel=\"noopener\">LAN-Mod<\/a> Kompatibilit\u00e4t<\/li>\n<li>3D-Druck in mehreren Farben mit biologisch abbaubarem PLA<\/li>\n<\/ul><div class=\"rgg-container\" data-rgg-id=\"1\">    <div class=\"rgg-imagegrid captions-title captions-effect-none\" data-rgg-id=\"1\">\n                    <a data-rel=\"rgg\" rel=\"rgg\" title=\"\" class=\"rgg-disabled size-full rgg-img\" data-src=\"https:\/\/www.gobrrr.me\/ozypsoob\/2026\/04\/ParasiteNerdQaxeStand-1_gobrrr.me_.jpg\" data-ratio=\"0.7529296875\" data-height=\"1024\" data-width=\"771\" aria-label=\"\">\n                            <\/a>\n                    <a data-rel=\"rgg\" rel=\"rgg\" title=\"\" class=\"rgg-disabled size-full rgg-img\" data-src=\"https:\/\/www.gobrrr.me\/ozypsoob\/2026\/04\/ParasiteNerdQaxeStand-2_gobrrr.me_.jpg\" data-ratio=\"0.7529296875\" data-height=\"1024\" data-width=\"771\" aria-label=\"\">\n                            <\/a>\n            <\/div>\n<\/div><p>Inspiriert von Parasite Pool, geschaffen als druckbares Zeichen der Wertsch\u00e4tzung f\u00fcr gefunden zu haben <a class=\"editor-link\" href=\"https:\/\/mempool.space\/block\/00000000000000000001600d3ef5c3bc57c637662f242dbe5d517b2225a955db\" target=\"_blank\" rel=\"noopener ugc\">Feld 938713<\/a><\/p><p>M\u00f6chten Sie das selbst ausdrucken? Holen Sie sich die Dateien in unserem <a href=\"https:\/\/www.gobrrr.me\/downloads\/\" target=\"_blank\" rel=\"noopener\">runterladen<\/a> Abschnitt.<\/p><\/p>","protected":false},"excerpt":{"rendered":"<p>Ein Stand f\u00fcr <a href=\"https:\/\/www.gobrrr.me\/product\/nerdqaxe\/\" target=\"_blank\" rel=\"noopener\">NerdQaxe+<\/a> &amp; <a href=\"https:\/\/www.gobrrr.me\/product\/nerdqaxeplusplus\/\" target=\"_blank\" rel=\"noopener\">NerdQaxe++ herunterladen<\/a> Inspiriert von Parasite Pool, mit Druck-in-Place-Scharnieren, Platz f\u00fcr zus\u00e4tzlichen L\u00fcfter im Parasites-Bauch und die M\u00f6glichkeit, ihn mit unserem Nerd auszustatten <a href=\"https:\/\/www.gobrrr.me\/product\/nerdqaxe-lan\/\" target=\"_blank\" rel=\"noopener\">LAN-Mod<\/a> f\u00fcr stabile Ethernet-Verbindung.<ul>\n<li>Beine sind durch Druck-in-Place-Scharniere m\u00f6glich<\/li>\n<li>Kann einen 92mm L\u00fcfter in seinem Bauch f\u00fcr zus\u00e4tzliche K\u00fchlung montieren<\/li>\n<li>Ausschnitt f\u00fcr Ethernet-Modul, f\u00fcr <a href=\"https:\/\/www.gobrrr.me\/product\/nerdqaxe-lan\/\" target=\"_blank\" rel=\"noopener\">LAN-Mod<\/a> Kompatibilit\u00e4t<\/li>\n<li>3D-Druck in mehreren Farben mit biologisch abbaubarem PLA<\/li>\n<\/ul><p>&nbsp;<\/p><\/p>","protected":false},"featured_media":11518,"comment_status":"closed","ping_status":"closed","template":"","meta":[],"product_brand":[271],"product_cat":[275],"product_tag":[],"class_list":{"0":"post-11515","1":"product","2":"type-product","3":"status-publish","4":"has-post-thumbnail","6":"product_brand-gobrrr","7":"product_cat-mining-accessories","9":"first","10":"instock","11":"taxable","12":"shipping-taxable","13":"purchasable","14":"product-type-simple"},"yoast_head":"\n<title>Parasite NerdQaxe Stand - Go Brrr<\/title>\n<meta name=\"robots\" content=\"index, follow, max-snippet:-1, max-image-preview:large, max-video-preview:-1\" \/>\n<link rel=\"canonical\" href=\"https:\/\/www.gobrrr.me\/de\/product\/parasite-nerdqaxe-stand\/\" \/>\n<meta property=\"og:locale\" content=\"de_DE\" \/>\n<meta property=\"og:type\" content=\"article\" \/>\n<meta property=\"og:title\" content=\"Parasite NerdQaxe Stand\" \/>\n<meta property=\"og:description\" content=\"A Stand for NerdQaxe+ &amp; NerdQaxe++ inspired by Parasite Pool, featuring print-in-place hinges, space for additional fan in the Parasites belly and the option to equip it with our Nerd LAN Mod for stable Ethernet connection. Designed by Go Brrr\" \/>\n<meta property=\"og:url\" content=\"https:\/\/www.gobrrr.me\/de\/product\/parasite-nerdqaxe-stand\/\" \/>\n<meta property=\"og:site_name\" content=\"Go Brrr\" \/>\n<meta property=\"article:modified_time\" content=\"2026-04-10T08:56:51+00:00\" \/>\n<meta property=\"og:image\" content=\"https:\/\/www.gobrrr.me\/ozypsoob\/2026\/04\/ParasiteFileThumb_gobrrr.me_1.jpg\" \/>\n\t<meta property=\"og:image:width\" content=\"1024\" \/>\n\t<meta property=\"og:image:height\" content=\"768\" \/>\n\t<meta property=\"og:image:type\" content=\"image\/jpeg\" \/>\n<meta name=\"twitter:card\" content=\"summary_large_image\" \/>\n<meta name=\"twitter:title\" content=\"Parasite NerdQaxe Stand\" \/>\n<meta name=\"twitter:description\" content=\"A Stand for NerdQaxe+ &amp; NerdQaxe++ inspired by Parasite Pool, featuring print-in-place hinges, space for additional fan in the Parasites belly and the option to equip it with our Nerd LAN Mod for stable Ethernet connection. Designed by Go Brrr\" \/>\n<meta name=\"twitter:image\" content=\"https:\/\/www.gobrrr.me\/ozypsoob\/2026\/04\/ParasiteFileThumb_gobrrr.me_1.jpg\" \/>\n<meta name=\"twitter:site\" content=\"@GoBrrr_me\" \/>\n<meta name=\"twitter:label1\" content=\"Gesch\u00e4tzte Lesezeit\" \/>\n\t<meta name=\"twitter:data1\" content=\"1 Minute\" \/>\n<script type=\"application\/ld+json\" class=\"yoast-schema-graph\">{\"@context\":\"https:\\\/\\\/schema.org\",\"@graph\":[{\"@type\":\"WebPage\",\"@id\":\"https:\\\/\\\/www.gobrrr.me\\\/product\\\/parasite-nerdqaxe-stand\\\/\",\"url\":\"https:\\\/\\\/www.gobrrr.me\\\/product\\\/parasite-nerdqaxe-stand\\\/\",\"name\":\"Parasite NerdQaxe Stand - Go Brrr\",\"isPartOf\":{\"@id\":\"https:\\\/\\\/www.gobrrr.me\\\/#website\"},\"primaryImageOfPage\":{\"@id\":\"https:\\\/\\\/www.gobrrr.me\\\/product\\\/parasite-nerdqaxe-stand\\\/#primaryimage\"},\"image\":{\"@id\":\"https:\\\/\\\/www.gobrrr.me\\\/product\\\/parasite-nerdqaxe-stand\\\/#primaryimage\"},\"thumbnailUrl\":\"https:\\\/\\\/www.gobrrr.me\\\/wp-content\\\/uploads\\\/2026\\\/04\\\/ParasiteFileThumb_gobrrr.me_1.jpg\",\"datePublished\":\"2026-04-10T07:30:18+00:00\",\"dateModified\":\"2026-04-10T08:56:51+00:00\",\"breadcrumb\":{\"@id\":\"https:\\\/\\\/www.gobrrr.me\\\/product\\\/parasite-nerdqaxe-stand\\\/#breadcrumb\"},\"inLanguage\":\"de-AT\",\"potentialAction\":[{\"@type\":\"ReadAction\",\"target\":[\"https:\\\/\\\/www.gobrrr.me\\\/product\\\/parasite-nerdqaxe-stand\\\/\"]}]},{\"@type\":\"ImageObject\",\"inLanguage\":\"de-AT\",\"@id\":\"https:\\\/\\\/www.gobrrr.me\\\/product\\\/parasite-nerdqaxe-stand\\\/#primaryimage\",\"url\":\"https:\\\/\\\/www.gobrrr.me\\\/wp-content\\\/uploads\\\/2026\\\/04\\\/ParasiteFileThumb_gobrrr.me_1.jpg\",\"contentUrl\":\"https:\\\/\\\/www.gobrrr.me\\\/wp-content\\\/uploads\\\/2026\\\/04\\\/ParasiteFileThumb_gobrrr.me_1.jpg\",\"width\":1024,\"height\":768},{\"@type\":\"BreadcrumbList\",\"@id\":\"https:\\\/\\\/www.gobrrr.me\\\/product\\\/parasite-nerdqaxe-stand\\\/#breadcrumb\",\"itemListElement\":[{\"@type\":\"ListItem\",\"position\":1,\"name\":\"Home\",\"item\":\"https:\\\/\\\/www.gobrrr.me\\\/\"},{\"@type\":\"ListItem\",\"position\":2,\"name\":\"Shop\",\"item\":\"https:\\\/\\\/www.gobrrr.me\\\/shop\\\/\"},{\"@type\":\"ListItem\",\"position\":3,\"name\":\"Parasite NerdQaxe Stand\"}]},{\"@type\":\"WebSite\",\"@id\":\"https:\\\/\\\/www.gobrrr.me\\\/#website\",\"url\":\"https:\\\/\\\/www.gobrrr.me\\\/\",\"name\":\"Go Brrr\",\"description\":\"3D prints for sovereign individuals\",\"publisher\":{\"@id\":\"https:\\\/\\\/www.gobrrr.me\\\/#organization\"},\"potentialAction\":[{\"@type\":\"SearchAction\",\"target\":{\"@type\":\"EntryPoint\",\"urlTemplate\":\"https:\\\/\\\/www.gobrrr.me\\\/?s={search_term_string}\"},\"query-input\":{\"@type\":\"PropertyValueSpecification\",\"valueRequired\":true,\"valueName\":\"search_term_string\"}}],\"inLanguage\":\"de-AT\"},{\"@type\":\"Organization\",\"@id\":\"https:\\\/\\\/www.gobrrr.me\\\/#organization\",\"name\":\"Go Brrr 3D\",\"url\":\"https:\\\/\\\/www.gobrrr.me\\\/\",\"logo\":{\"@type\":\"ImageObject\",\"inLanguage\":\"de-AT\",\"@id\":\"https:\\\/\\\/www.gobrrr.me\\\/#\\\/schema\\\/logo\\\/image\\\/\",\"url\":\"https:\\\/\\\/i0.wp.com\\\/www.gobrrr.me\\\/wp-content\\\/uploads\\\/2022\\\/02\\\/BrrrIco.png?fit=100%2C100&ssl=1\",\"contentUrl\":\"https:\\\/\\\/i0.wp.com\\\/www.gobrrr.me\\\/wp-content\\\/uploads\\\/2022\\\/02\\\/BrrrIco.png?fit=100%2C100&ssl=1\",\"width\":100,\"height\":100,\"caption\":\"Go Brrr 3D\"},\"image\":{\"@id\":\"https:\\\/\\\/www.gobrrr.me\\\/#\\\/schema\\\/logo\\\/image\\\/\"},\"sameAs\":[\"https:\\\/\\\/x.com\\\/GoBrrr_me\"]}]}<\/script>\n","yoast_head_json":{"title":"Parasite NerdQaxe Stand - Go Brrr","robots":{"index":"index","follow":"follow","max-snippet":"max-snippet:-1","max-image-preview":"max-image-preview:large","max-video-preview":"max-video-preview:-1"},"canonical":"https:\/\/www.gobrrr.me\/de\/product\/parasite-nerdqaxe-stand\/","og_locale":"de_DE","og_type":"article","og_title":"Parasite NerdQaxe Stand","og_description":"A Stand for NerdQaxe+ & NerdQaxe++ inspired by Parasite Pool, featuring print-in-place hinges, space for additional fan in the Parasites belly and the option to equip it with our Nerd LAN Mod for stable Ethernet connection. Designed by Go Brrr","og_url":"https:\/\/www.gobrrr.me\/de\/product\/parasite-nerdqaxe-stand\/","og_site_name":"Go Brrr","article_modified_time":"2026-04-10T08:56:51+00:00","og_image":[{"width":1024,"height":768,"url":"https:\/\/www.gobrrr.me\/ozypsoob\/2026\/04\/ParasiteFileThumb_gobrrr.me_1.jpg","type":"image\/jpeg"}],"twitter_card":"summary_large_image","twitter_title":"Parasite NerdQaxe Stand","twitter_description":"A Stand for NerdQaxe+ & NerdQaxe++ inspired by Parasite Pool, featuring print-in-place hinges, space for additional fan in the Parasites belly and the option to equip it with our Nerd LAN Mod for stable Ethernet connection. Designed by Go Brrr","twitter_image":"https:\/\/www.gobrrr.me\/ozypsoob\/2026\/04\/ParasiteFileThumb_gobrrr.me_1.jpg","twitter_site":"@GoBrrr_me","twitter_misc":{"Gesch\u00e4tzte Lesezeit":"1 Minute"},"schema":{"@context":"https:\/\/schema.org","@graph":[{"@type":"WebPage","@id":"https:\/\/www.gobrrr.me\/product\/parasite-nerdqaxe-stand\/","url":"https:\/\/www.gobrrr.me\/product\/parasite-nerdqaxe-stand\/","name":"Parasite NerdQaxe Stand - Go Brrr","isPartOf":{"@id":"https:\/\/www.gobrrr.me\/#website"},"primaryImageOfPage":{"@id":"https:\/\/www.gobrrr.me\/product\/parasite-nerdqaxe-stand\/#primaryimage"},"image":{"@id":"https:\/\/www.gobrrr.me\/product\/parasite-nerdqaxe-stand\/#primaryimage"},"thumbnailUrl":"https:\/\/www.gobrrr.me\/ozypsoob\/2026\/04\/ParasiteFileThumb_gobrrr.me_1.jpg","datePublished":"2026-04-10T07:30:18+00:00","dateModified":"2026-04-10T08:56:51+00:00","breadcrumb":{"@id":"https:\/\/www.gobrrr.me\/product\/parasite-nerdqaxe-stand\/#breadcrumb"},"inLanguage":"de-AT","potentialAction":[{"@type":"ReadAction","target":["https:\/\/www.gobrrr.me\/product\/parasite-nerdqaxe-stand\/"]}]},{"@type":"ImageObject","inLanguage":"de-AT","@id":"https:\/\/www.gobrrr.me\/product\/parasite-nerdqaxe-stand\/#primaryimage","url":"https:\/\/www.gobrrr.me\/ozypsoob\/2026\/04\/ParasiteFileThumb_gobrrr.me_1.jpg","contentUrl":"https:\/\/www.gobrrr.me\/ozypsoob\/2026\/04\/ParasiteFileThumb_gobrrr.me_1.jpg","width":1024,"height":768},{"@type":"BreadcrumbList","@id":"https:\/\/www.gobrrr.me\/product\/parasite-nerdqaxe-stand\/#breadcrumb","itemListElement":[{"@type":"ListItem","position":1,"name":"Home","item":"https:\/\/www.gobrrr.me\/"},{"@type":"ListItem","position":2,"name":"Shop","item":"https:\/\/www.gobrrr.me\/shop\/"},{"@type":"ListItem","position":3,"name":"Parasite NerdQaxe Stand"}]},{"@type":"WebSite","@id":"https:\/\/www.gobrrr.me\/#website","url":"https:\/\/www.gobrrr.me\/","name":"Go Brrr","description":"3D prints for sovereign individuals","publisher":{"@id":"https:\/\/www.gobrrr.me\/#organization"},"potentialAction":[{"@type":"SearchAction","target":{"@type":"EntryPoint","urlTemplate":"https:\/\/www.gobrrr.me\/?s={search_term_string}"},"query-input":{"@type":"PropertyValueSpecification","valueRequired":true,"valueName":"search_term_string"}}],"inLanguage":"de-AT"},{"@type":"Organization","@id":"https:\/\/www.gobrrr.me\/#organization","name":"Go Brrr 3D","url":"https:\/\/www.gobrrr.me\/","logo":{"@type":"ImageObject","inLanguage":"de-AT","@id":"https:\/\/www.gobrrr.me\/#\/schema\/logo\/image\/","url":"https:\/\/i0.wp.com\/www.gobrrr.me\/ozypsoob\/2022\/02\/BrrrIco.png?fit=100%2C100&ssl=1","contentUrl":"https:\/\/i0.wp.com\/www.gobrrr.me\/ozypsoob\/2022\/02\/BrrrIco.png?fit=100%2C100&ssl=1","width":100,"height":100,"caption":"Go Brrr 3D"},"image":{"@id":"https:\/\/www.gobrrr.me\/#\/schema\/logo\/image\/"},"sameAs":["https:\/\/x.com\/GoBrrr_me"]}]}},"_links":{"self":[{"href":"https:\/\/www.gobrrr.me\/de\/wp-json\/wp\/v2\/product\/11515","targetHints":{"allow":["GET"]}}],"collection":[{"href":"https:\/\/www.gobrrr.me\/de\/wp-json\/wp\/v2\/product"}],"about":[{"href":"https:\/\/www.gobrrr.me\/de\/wp-json\/wp\/v2\/types\/product"}],"replies":[{"embeddable":true,"href":"https:\/\/www.gobrrr.me\/de\/wp-json\/wp\/v2\/comments?post=11515"}],"version-history":[{"count":2,"href":"https:\/\/www.gobrrr.me\/de\/wp-json\/wp\/v2\/product\/11515\/revisions"}],"predecessor-version":[{"id":11525,"href":"https:\/\/www.gobrrr.me\/de\/wp-json\/wp\/v2\/product\/11515\/revisions\/11525"}],"wp:featuredmedia":[{"embeddable":true,"href":"https:\/\/www.gobrrr.me\/de\/wp-json\/wp\/v2\/media\/11518"}],"wp:attachment":[{"href":"https:\/\/www.gobrrr.me\/de\/wp-json\/wp\/v2\/media?parent=11515"}],"wp:term":[{"taxonomy":"product_brand","embeddable":true,"href":"https:\/\/www.gobrrr.me\/de\/wp-json\/wp\/v2\/product_brand?post=11515"},{"taxonomy":"product_cat","embeddable":true,"href":"https:\/\/www.gobrrr.me\/de\/wp-json\/wp\/v2\/product_cat?post=11515"},{"taxonomy":"product_tag","embeddable":true,"href":"https:\/\/www.gobrrr.me\/de\/wp-json\/wp\/v2\/product_tag?post=11515"}],"curies":[{"name":"wp","href":"https:\/\/api.w.org\/{rel}","templated":true}]}}