{"id":11371,"date":"2026-03-06T21:39:56","date_gmt":"2026-03-06T20:39:56","guid":{"rendered":"https:\/\/www.gobrrr.me\/?post_type=product&#038;p=11371"},"modified":"2026-04-21T15:39:45","modified_gmt":"2026-04-21T13:39:45","slug":"nerdqaxe","status":"publish","type":"product","link":"https:\/\/www.gobrrr.me\/de\/product\/nerdqaxe\/","title":{"rendered":"<p>NerdQAxe+<\/p>"},"content":{"rendered":"<p><span class=\"OYPEnA font-feature-liga-off font-feature-clig-off font-feature-calt-off text-decoration-none text-strikethrough-none\">Der NerdQAxe+ ist ein vollst\u00e4ndig Open-Source-Bitcoin-ASIC-Miner, der mit 4 BM1368-ASIC-Chips ausgestattet ist, die vom Antminer S21 stammen. Dieses Design gew\u00e4hrleistet effiziente und leistungsstarke Mining-F\u00e4higkeiten und erreicht 2,5TH\/s bei einer Energieeffizienz von ~20W\/TH. Es arbeitet mit einem mitgelieferten 12V 6A Netzteil mit einer ungef\u00e4hren Leistungsaufnahme von 55W. Passen Sie Ihren NerdQaxe+ an, indem Sie einen offenen St\u00e4nder oder unser fantastisches Vollgeh\u00e4use in drei verschiedenen Farben w\u00e4hlen.<\/span><p class=\"cvGsUA direction-ltr align-justify para-style-body\"><span class=\"OYPEnA font-feature-liga-off font-feature-clig-off font-feature-calt-off text-decoration-none text-strikethrough-none\">Kernst\u00fcck von NerdQAxe+ ist die Kombination aus ESP-Miner und AxeOS, einer Open-Source-Firmware, die Ihnen die volle Kontrolle \u00fcber Ihren Mining-Betrieb erm\u00f6glicht. Die intuitive Weboberfl\u00e4che vereinfacht Einstellungsanpassungen und Leistungs\u00fcberwachung und macht das Mining zug\u00e4nglicher und schlanker. <\/span><span class=\"OYPEnA font-feature-liga-off font-feature-clig-off font-feature-calt-off text-decoration-none text-strikethrough-none\">NerdQAxe+ ist ein Open-Source-Miner, der auf dem Bitaxe-Projekt basiert und die Hashing-Leistung Ihres NerdMiners steigern soll.<\/span><\/p><p>Die NerdQaxe+ wurde von <a href=\"https:\/\/x.com\/Pmaxsd\"><span class=\"css-1jxf684 r-bcqeeo r-1ttztb7 r-qvutc0 r-poiln3\">@Pmaxsd<\/span><\/a><\/p><p>&nbsp;<\/p><\/p>","protected":false},"excerpt":{"rendered":"<p>Der NerdQAxe+ ist ein <span class=\"OYPEnA font-feature-liga-off font-feature-clig-off font-feature-calt-off text-decoration-none text-strikethrough-none\">Vollst\u00e4ndig Open-Source-Bitcoin<\/span><span class=\"OYPEnA font-feature-liga-off font-feature-clig-off font-feature-calt-off text-decoration-none text-strikethrough-none\"> ASIC-Miner ausgestattet mit 4 BM1368 ASIC-Chip, von der Antminer S21 bezogen. <\/span><span class=\"OYPEnA font-feature-liga-off font-feature-clig-off font-feature-calt-off text-decoration-none text-strikethrough-none\">Dieses Design gew\u00e4hrleistet effiziente und leistungsstarke Mining-F\u00e4higkeiten und erreicht 2,5TH\/s bei einer Energieeffizienz von ~20W\/TH. Es arbeitet mit einem mitgelieferten 12V 6A Netzteil mit einer ungef\u00e4hren Leistungsaufnahme von 55W. Passen Sie Ihren NerdQaxe+ an, indem Sie einen offenen St\u00e4nder oder unser fantastisches Vollgeh\u00e4use in drei verschiedenen Farben w\u00e4hlen.<br>\n<\/span><p class=\"cvGsUA direction-ltr align-justify para-style-body\"><span class=\"OYPEnA font-feature-liga-off font-feature-clig-off font-feature-calt-off text-decoration-none text-strikethrough-none\">Kernst\u00fcck von NerdQAxe+ ist die Kombination aus ESP-Miner und AxeOS, einer Open-Source-Firmware, die Ihnen die volle Kontrolle \u00fcber Ihren Mining-Betrieb erm\u00f6glicht. Die intuitive Weboberfl\u00e4che vereinfacht Einstellungsanpassungen und Leistungs\u00fcberwachung und macht das Mining zug\u00e4nglicher und schlanker. <\/span><span class=\"OYPEnA font-feature-liga-off font-feature-clig-off font-feature-calt-off text-decoration-none text-strikethrough-none\">NerdQAxe+ ist ein Open-Source-Miner, der auf dem Bitaxe-Projekt basiert und die Hashing-Leistung Ihres NerdMiners steigern soll.<\/span><\/p><p>Die NerdQaxe+ wurde von <a href=\"https:\/\/x.com\/Pmaxsd\"><span class=\"css-1jxf684 r-bcqeeo r-1ttztb7 r-qvutc0 r-poiln3\">@Pmaxsd<\/span><\/a><\/p><p>&nbsp;<\/p><\/p>","protected":false},"featured_media":8762,"comment_status":"closed","ping_status":"closed","template":"","meta":[],"product_brand":[],"product_cat":[210],"product_tag":[265,269],"class_list":{"0":"post-11371","1":"product","2":"type-product","3":"status-publish","4":"has-post-thumbnail","6":"product_cat-mining","7":"product_tag-highhashrate","8":"product_tag-nerdqaxe","9":"product_shipping_class-s","11":"first","12":"instock","13":"taxable","14":"shipping-taxable","15":"purchasable","16":"product-type-variable","17":"has-default-attributes"},"yoast_head":"\n<title>NerdQAxe+ - Go Brrr<\/title>\n<meta name=\"description\" content=\"The NerdQAxe+ is a fully open-source Bitcoin ASIC miner equipped with 4 BM1368 ASIC chip, sourced from the Antminer S21. This design ensures efficient and powerful mining capabilities, achieving 2,5TH\/s at an energy efficiency of ~20W\/TH. It operates using an included 12v 6A power supply with an approximate power draw of 55w. Customize your NerdQaxe+ by choosing an open stand or our awesome full enclosure in three different colors.At the core of NerdQAxe+ is the combination of ESP-miner and AxeOS, an open-source firmware that empowers you with full control over your mining operations. The intuitive web interface simplifies setting adjustments and performance monitoring, making mining more accessible and streamlined. NerdQAxe+ is an open-source miner based on the Bitaxe project, designed to boost the hashing power of your NerdMiner.\" \/>\n<meta name=\"robots\" content=\"index, follow, max-snippet:-1, max-image-preview:large, max-video-preview:-1\" \/>\n<link rel=\"canonical\" href=\"https:\/\/www.gobrrr.me\/de\/product\/nerdqaxe\/\" \/>\n<meta property=\"og:locale\" content=\"de_DE\" \/>\n<meta property=\"og:type\" content=\"article\" \/>\n<meta property=\"og:title\" content=\"NerdQaxe+NerdQAxe+ open-source Bitcoin ASIC miner\" \/>\n<meta property=\"og:description\" content=\"The NerdQAxe+ is a fully open-source Bitcoin ASIC miner equipped with 4 BM1368 ASIC chip, sourced from the Antminer S21. This design ensures efficient and powerful mining capabilities, achieving 2,5TH\/s at an energy efficiency of ~20W\/TH. It operates using an included 12v 6A power supply with an approximate power draw of 55w. The NerdQaxe+ will come with a black 3D-printed stand.At the core of NerdQAxe+ is the combination of ESP-miner and AxeOS, an open-source firmware that empowers you with full control over your mining operations. The intuitive web interface simplifies setting adjustments and performance monitoring, making mining more accessible and streamlined. NerdQAxe+ is an open-source miner based on the Bitaxe project, designed to boost the hashing power of your NerdMiner.\" \/>\n<meta property=\"og:url\" content=\"https:\/\/www.gobrrr.me\/de\/product\/nerdqaxe\/\" \/>\n<meta property=\"og:site_name\" content=\"Go Brrr\" \/>\n<meta property=\"article:modified_time\" content=\"2026-04-21T13:39:45+00:00\" \/>\n<meta property=\"og:image\" content=\"https:\/\/www.gobrrr.me\/ozypsoob\/2024\/12\/NerdQaxe_-15_gobrrr.me_.jpg\" \/>\n\t<meta property=\"og:image:width\" content=\"1063\" \/>\n\t<meta property=\"og:image:height\" content=\"800\" \/>\n\t<meta property=\"og:image:type\" content=\"image\/jpeg\" \/>\n<meta name=\"twitter:card\" content=\"summary_large_image\" \/>\n<meta name=\"twitter:title\" content=\"NerdQaxe+NerdQAxe+ open-source Bitcoin ASIC miner\" \/>\n<meta name=\"twitter:description\" content=\"The NerdQAxe+ is a fully open-source Bitcoin ASIC miner equipped with 4 BM1368 ASIC chip, sourced from the Antminer S21. This design ensures efficient and powerful mining capabilities, achieving 2,5TH\/s at an energy efficiency of ~20W\/TH. It operates using an included 12v 6A power supply with an approximate power draw of 55w. The NerdQaxe+ will come with a black 3D-printed stand.At the core of NerdQAxe+ is the combination of ESP-miner and AxeOS, an open-source firmware that empowers you with full control over your mining operations. The intuitive web interface simplifies setting adjustments and performance monitoring, making mining more accessible and streamlined. NerdQAxe+ is an open-source miner based on the Bitaxe project, designed to boost the hashing power of your NerdMiner.\" \/>\n<meta name=\"twitter:image\" content=\"https:\/\/www.gobrrr.me\/ozypsoob\/2024\/12\/NerdQaxe_-15_gobrrr.me_.jpg\" \/>\n<meta name=\"twitter:site\" content=\"@GoBrrr_me\" \/>\n<meta name=\"twitter:label1\" content=\"Gesch\u00e4tzte Lesezeit\" \/>\n\t<meta name=\"twitter:data1\" content=\"1 Minute\" \/>\n<script type=\"application\/ld+json\" class=\"yoast-schema-graph\">{\"@context\":\"https:\\\/\\\/schema.org\",\"@graph\":[{\"@type\":\"WebPage\",\"@id\":\"https:\\\/\\\/www.gobrrr.me\\\/product\\\/nerdqaxe\\\/\",\"url\":\"https:\\\/\\\/www.gobrrr.me\\\/product\\\/nerdqaxe\\\/\",\"name\":\"NerdQAxe+ - Go Brrr\",\"isPartOf\":{\"@id\":\"https:\\\/\\\/www.gobrrr.me\\\/#website\"},\"primaryImageOfPage\":{\"@id\":\"https:\\\/\\\/www.gobrrr.me\\\/product\\\/nerdqaxe\\\/#primaryimage\"},\"image\":{\"@id\":\"https:\\\/\\\/www.gobrrr.me\\\/product\\\/nerdqaxe\\\/#primaryimage\"},\"thumbnailUrl\":\"https:\\\/\\\/www.gobrrr.me\\\/wp-content\\\/uploads\\\/2025\\\/01\\\/NerdQaxe-10_gobrrr.me_.webp\",\"datePublished\":\"2026-03-06T20:39:56+00:00\",\"dateModified\":\"2026-04-21T13:39:45+00:00\",\"description\":\"The NerdQAxe+ is a fully open-source Bitcoin ASIC miner equipped with 4 BM1368 ASIC chip, sourced from the Antminer S21. This design ensures efficient and powerful mining capabilities, achieving 2,5TH\\\/s at an energy efficiency of ~20W\\\/TH. It operates using an included 12v 6A power supply with an approximate power draw of 55w. Customize your NerdQaxe+ by choosing an open stand or our awesome full enclosure in three different colors.At the core of NerdQAxe+ is the combination of ESP-miner and AxeOS, an open-source firmware that empowers you with full control over your mining operations. The intuitive web interface simplifies setting adjustments and performance monitoring, making mining more accessible and streamlined. NerdQAxe+ is an open-source miner based on the Bitaxe project, designed to boost the hashing power of your NerdMiner.\",\"breadcrumb\":{\"@id\":\"https:\\\/\\\/www.gobrrr.me\\\/product\\\/nerdqaxe\\\/#breadcrumb\"},\"inLanguage\":\"de-AT\",\"potentialAction\":[{\"@type\":\"ReadAction\",\"target\":[\"https:\\\/\\\/www.gobrrr.me\\\/product\\\/nerdqaxe\\\/\"]}]},{\"@type\":\"ImageObject\",\"inLanguage\":\"de-AT\",\"@id\":\"https:\\\/\\\/www.gobrrr.me\\\/product\\\/nerdqaxe\\\/#primaryimage\",\"url\":\"https:\\\/\\\/www.gobrrr.me\\\/wp-content\\\/uploads\\\/2025\\\/01\\\/NerdQaxe-10_gobrrr.me_.webp\",\"contentUrl\":\"https:\\\/\\\/www.gobrrr.me\\\/wp-content\\\/uploads\\\/2025\\\/01\\\/NerdQaxe-10_gobrrr.me_.webp\",\"width\":2550,\"height\":1920},{\"@type\":\"BreadcrumbList\",\"@id\":\"https:\\\/\\\/www.gobrrr.me\\\/product\\\/nerdqaxe\\\/#breadcrumb\",\"itemListElement\":[{\"@type\":\"ListItem\",\"position\":1,\"name\":\"Home\",\"item\":\"https:\\\/\\\/www.gobrrr.me\\\/\"},{\"@type\":\"ListItem\",\"position\":2,\"name\":\"Shop\",\"item\":\"https:\\\/\\\/www.gobrrr.me\\\/shop\\\/\"},{\"@type\":\"ListItem\",\"position\":3,\"name\":\"NerdQAxe+\"}]},{\"@type\":\"WebSite\",\"@id\":\"https:\\\/\\\/www.gobrrr.me\\\/#website\",\"url\":\"https:\\\/\\\/www.gobrrr.me\\\/\",\"name\":\"Go Brrr\",\"description\":\"3D prints for sovereign individuals\",\"publisher\":{\"@id\":\"https:\\\/\\\/www.gobrrr.me\\\/#organization\"},\"potentialAction\":[{\"@type\":\"SearchAction\",\"target\":{\"@type\":\"EntryPoint\",\"urlTemplate\":\"https:\\\/\\\/www.gobrrr.me\\\/?s={search_term_string}\"},\"query-input\":{\"@type\":\"PropertyValueSpecification\",\"valueRequired\":true,\"valueName\":\"search_term_string\"}}],\"inLanguage\":\"de-AT\"},{\"@type\":\"Organization\",\"@id\":\"https:\\\/\\\/www.gobrrr.me\\\/#organization\",\"name\":\"Go Brrr 3D\",\"url\":\"https:\\\/\\\/www.gobrrr.me\\\/\",\"logo\":{\"@type\":\"ImageObject\",\"inLanguage\":\"de-AT\",\"@id\":\"https:\\\/\\\/www.gobrrr.me\\\/#\\\/schema\\\/logo\\\/image\\\/\",\"url\":\"https:\\\/\\\/i0.wp.com\\\/www.gobrrr.me\\\/wp-content\\\/uploads\\\/2022\\\/02\\\/BrrrIco.png?fit=100%2C100&ssl=1\",\"contentUrl\":\"https:\\\/\\\/i0.wp.com\\\/www.gobrrr.me\\\/wp-content\\\/uploads\\\/2022\\\/02\\\/BrrrIco.png?fit=100%2C100&ssl=1\",\"width\":100,\"height\":100,\"caption\":\"Go Brrr 3D\"},\"image\":{\"@id\":\"https:\\\/\\\/www.gobrrr.me\\\/#\\\/schema\\\/logo\\\/image\\\/\"},\"sameAs\":[\"https:\\\/\\\/x.com\\\/GoBrrr_me\"]}]}<\/script>\n","yoast_head_json":{"title":"NerdQAxe+ - Go Brrr","description":"The NerdQAxe+ is a fully open-source Bitcoin ASIC miner equipped with 4 BM1368 ASIC chip, sourced from the Antminer S21. This design ensures efficient and powerful mining capabilities, achieving 2,5TH\/s at an energy efficiency of ~20W\/TH. It operates using an included 12v 6A power supply with an approximate power draw of 55w. Customize your NerdQaxe+ by choosing an open stand or our awesome full enclosure in three different colors.At the core of NerdQAxe+ is the combination of ESP-miner and AxeOS, an open-source firmware that empowers you with full control over your mining operations. The intuitive web interface simplifies setting adjustments and performance monitoring, making mining more accessible and streamlined. NerdQAxe+ is an open-source miner based on the Bitaxe project, designed to boost the hashing power of your NerdMiner.","robots":{"index":"index","follow":"follow","max-snippet":"max-snippet:-1","max-image-preview":"max-image-preview:large","max-video-preview":"max-video-preview:-1"},"canonical":"https:\/\/www.gobrrr.me\/de\/product\/nerdqaxe\/","og_locale":"de_DE","og_type":"article","og_title":"NerdQaxe+NerdQAxe+ open-source Bitcoin ASIC miner","og_description":"The NerdQAxe+ is a fully open-source Bitcoin ASIC miner equipped with 4 BM1368 ASIC chip, sourced from the Antminer S21. This design ensures efficient and powerful mining capabilities, achieving 2,5TH\/s at an energy efficiency of ~20W\/TH. It operates using an included 12v 6A power supply with an approximate power draw of 55w. The NerdQaxe+ will come with a black 3D-printed stand.At the core of NerdQAxe+ is the combination of ESP-miner and AxeOS, an open-source firmware that empowers you with full control over your mining operations. The intuitive web interface simplifies setting adjustments and performance monitoring, making mining more accessible and streamlined. NerdQAxe+ is an open-source miner based on the Bitaxe project, designed to boost the hashing power of your NerdMiner.","og_url":"https:\/\/www.gobrrr.me\/de\/product\/nerdqaxe\/","og_site_name":"Go Brrr","article_modified_time":"2026-04-21T13:39:45+00:00","og_image":[{"width":1063,"height":800,"url":"https:\/\/www.gobrrr.me\/ozypsoob\/2024\/12\/NerdQaxe_-15_gobrrr.me_.jpg","type":"image\/jpeg"}],"twitter_card":"summary_large_image","twitter_title":"NerdQaxe+NerdQAxe+ open-source Bitcoin ASIC miner","twitter_description":"The NerdQAxe+ is a fully open-source Bitcoin ASIC miner equipped with 4 BM1368 ASIC chip, sourced from the Antminer S21. This design ensures efficient and powerful mining capabilities, achieving 2,5TH\/s at an energy efficiency of ~20W\/TH. It operates using an included 12v 6A power supply with an approximate power draw of 55w. The NerdQaxe+ will come with a black 3D-printed stand.At the core of NerdQAxe+ is the combination of ESP-miner and AxeOS, an open-source firmware that empowers you with full control over your mining operations. The intuitive web interface simplifies setting adjustments and performance monitoring, making mining more accessible and streamlined. NerdQAxe+ is an open-source miner based on the Bitaxe project, designed to boost the hashing power of your NerdMiner.","twitter_image":"https:\/\/www.gobrrr.me\/ozypsoob\/2024\/12\/NerdQaxe_-15_gobrrr.me_.jpg","twitter_site":"@GoBrrr_me","twitter_misc":{"Gesch\u00e4tzte Lesezeit":"1 Minute"},"schema":{"@context":"https:\/\/schema.org","@graph":[{"@type":"WebPage","@id":"https:\/\/www.gobrrr.me\/product\/nerdqaxe\/","url":"https:\/\/www.gobrrr.me\/product\/nerdqaxe\/","name":"NerdQAxe+ - Go Brrr","isPartOf":{"@id":"https:\/\/www.gobrrr.me\/#website"},"primaryImageOfPage":{"@id":"https:\/\/www.gobrrr.me\/product\/nerdqaxe\/#primaryimage"},"image":{"@id":"https:\/\/www.gobrrr.me\/product\/nerdqaxe\/#primaryimage"},"thumbnailUrl":"https:\/\/www.gobrrr.me\/ozypsoob\/2025\/01\/NerdQaxe-10_gobrrr.me_.webp","datePublished":"2026-03-06T20:39:56+00:00","dateModified":"2026-04-21T13:39:45+00:00","description":"The NerdQAxe+ is a fully open-source Bitcoin ASIC miner equipped with 4 BM1368 ASIC chip, sourced from the Antminer S21. This design ensures efficient and powerful mining capabilities, achieving 2,5TH\/s at an energy efficiency of ~20W\/TH. It operates using an included 12v 6A power supply with an approximate power draw of 55w. Customize your NerdQaxe+ by choosing an open stand or our awesome full enclosure in three different colors.At the core of NerdQAxe+ is the combination of ESP-miner and AxeOS, an open-source firmware that empowers you with full control over your mining operations. The intuitive web interface simplifies setting adjustments and performance monitoring, making mining more accessible and streamlined. NerdQAxe+ is an open-source miner based on the Bitaxe project, designed to boost the hashing power of your NerdMiner.","breadcrumb":{"@id":"https:\/\/www.gobrrr.me\/product\/nerdqaxe\/#breadcrumb"},"inLanguage":"de-AT","potentialAction":[{"@type":"ReadAction","target":["https:\/\/www.gobrrr.me\/product\/nerdqaxe\/"]}]},{"@type":"ImageObject","inLanguage":"de-AT","@id":"https:\/\/www.gobrrr.me\/product\/nerdqaxe\/#primaryimage","url":"https:\/\/www.gobrrr.me\/ozypsoob\/2025\/01\/NerdQaxe-10_gobrrr.me_.webp","contentUrl":"https:\/\/www.gobrrr.me\/ozypsoob\/2025\/01\/NerdQaxe-10_gobrrr.me_.webp","width":2550,"height":1920},{"@type":"BreadcrumbList","@id":"https:\/\/www.gobrrr.me\/product\/nerdqaxe\/#breadcrumb","itemListElement":[{"@type":"ListItem","position":1,"name":"Home","item":"https:\/\/www.gobrrr.me\/"},{"@type":"ListItem","position":2,"name":"Shop","item":"https:\/\/www.gobrrr.me\/shop\/"},{"@type":"ListItem","position":3,"name":"NerdQAxe+"}]},{"@type":"WebSite","@id":"https:\/\/www.gobrrr.me\/#website","url":"https:\/\/www.gobrrr.me\/","name":"Go Brrr","description":"3D prints for sovereign individuals","publisher":{"@id":"https:\/\/www.gobrrr.me\/#organization"},"potentialAction":[{"@type":"SearchAction","target":{"@type":"EntryPoint","urlTemplate":"https:\/\/www.gobrrr.me\/?s={search_term_string}"},"query-input":{"@type":"PropertyValueSpecification","valueRequired":true,"valueName":"search_term_string"}}],"inLanguage":"de-AT"},{"@type":"Organization","@id":"https:\/\/www.gobrrr.me\/#organization","name":"Go Brrr 3D","url":"https:\/\/www.gobrrr.me\/","logo":{"@type":"ImageObject","inLanguage":"de-AT","@id":"https:\/\/www.gobrrr.me\/#\/schema\/logo\/image\/","url":"https:\/\/i0.wp.com\/www.gobrrr.me\/ozypsoob\/2022\/02\/BrrrIco.png?fit=100%2C100&ssl=1","contentUrl":"https:\/\/i0.wp.com\/www.gobrrr.me\/ozypsoob\/2022\/02\/BrrrIco.png?fit=100%2C100&ssl=1","width":100,"height":100,"caption":"Go Brrr 3D"},"image":{"@id":"https:\/\/www.gobrrr.me\/#\/schema\/logo\/image\/"},"sameAs":["https:\/\/x.com\/GoBrrr_me"]}]}},"_links":{"self":[{"href":"https:\/\/www.gobrrr.me\/de\/wp-json\/wp\/v2\/product\/11371","targetHints":{"allow":["GET"]}}],"collection":[{"href":"https:\/\/www.gobrrr.me\/de\/wp-json\/wp\/v2\/product"}],"about":[{"href":"https:\/\/www.gobrrr.me\/de\/wp-json\/wp\/v2\/types\/product"}],"replies":[{"embeddable":true,"href":"https:\/\/www.gobrrr.me\/de\/wp-json\/wp\/v2\/comments?post=11371"}],"version-history":[{"count":2,"href":"https:\/\/www.gobrrr.me\/de\/wp-json\/wp\/v2\/product\/11371\/revisions"}],"predecessor-version":[{"id":11511,"href":"https:\/\/www.gobrrr.me\/de\/wp-json\/wp\/v2\/product\/11371\/revisions\/11511"}],"wp:featuredmedia":[{"embeddable":true,"href":"https:\/\/www.gobrrr.me\/de\/wp-json\/wp\/v2\/media\/8762"}],"wp:attachment":[{"href":"https:\/\/www.gobrrr.me\/de\/wp-json\/wp\/v2\/media?parent=11371"}],"wp:term":[{"taxonomy":"product_brand","embeddable":true,"href":"https:\/\/www.gobrrr.me\/de\/wp-json\/wp\/v2\/product_brand?post=11371"},{"taxonomy":"product_cat","embeddable":true,"href":"https:\/\/www.gobrrr.me\/de\/wp-json\/wp\/v2\/product_cat?post=11371"},{"taxonomy":"product_tag","embeddable":true,"href":"https:\/\/www.gobrrr.me\/de\/wp-json\/wp\/v2\/product_tag?post=11371"}],"curies":[{"name":"wp","href":"https:\/\/api.w.org\/{rel}","templated":true}]}}