{"id":11320,"date":"2026-02-26T09:40:45","date_gmt":"2026-02-26T08:40:45","guid":{"rendered":"https:\/\/www.gobrrr.me\/?post_type=product&#038;p=11320"},"modified":"2026-02-26T09:41:42","modified_gmt":"2026-02-26T08:41:42","slug":"the-last-bitaxe-stand","status":"publish","type":"product","link":"https:\/\/www.gobrrr.me\/de\/product\/the-last-bitaxe-stand\/","title":{"rendered":"<p>Der letzte (Bitaxe) Stand<\/p>"},"content":{"rendered":"<p><span class=\"css-1jxf684 r-bcqeeo r-1ttztb7 r-qvutc0 r-poiln3\">Der letzte Stand, den Sie jemals brauchen werden. Wahrscheinlich nicht, aber das war die Intention hinter dem Namen dieses Standes. Alle Lehren, die wir aus der Erstellung fr\u00fcherer Bitaxe-St\u00e4nde gezogen haben, flossen in die Entwicklung dieses Systems ein.<\/span><p>Es hat die ganze G\u00fcte des Coolaxe-St\u00e4nders, was bedeutet, dass Sie einen 40-mm- oder 60-mm-L\u00fcfter auf der R\u00fcckseite montieren k\u00f6nnen, ohne dass Sie neben normalen m3-Schrauben zus\u00e4tzliche Teile ben\u00f6tigen, damit es funktioniert. Der Ausschnitt unter dem L\u00fcfteranschluss eignet sich auch perfekt zum sauberen Verlegen von Kabeln. Der Last Stand ist auch ziemlich schwer und kann problemlos gr\u00f6\u00dfere K\u00fchlk\u00f6rper und K\u00fchler aufnehmen, ohne umzukippen, wenn Sie es falsch betrachten. Oh, und nat\u00fcrlich hat es Sechsecke, die allgemein als die Bestagons bekannt sind.<\/p><p><em>Bitaxe nicht inbegriffen<\/em><\/p><p>3D-gedruckt aus biologisch abbaubarem PLA.<\/p><\/p>","protected":false},"excerpt":{"rendered":"<p><span class=\"css-1jxf684 r-bcqeeo r-1ttztb7 r-qvutc0 r-poiln3\">Der letzte Stand, den Sie jemals brauchen werden. Wahrscheinlich nicht, aber das war die Intention hinter dem Namen dieses Standes. Alle Lehren, die wir aus der Erstellung fr\u00fcherer Bitaxe-St\u00e4nde gezogen haben, flossen in die Entwicklung dieses Systems ein.<\/span><p>Es hat die ganze G\u00fcte des Coolaxe-St\u00e4nders, was bedeutet, dass Sie einen 40-mm- oder 60-mm-L\u00fcfter auf der R\u00fcckseite montieren k\u00f6nnen, ohne dass Sie neben normalen m3-Schrauben zus\u00e4tzliche Teile ben\u00f6tigen, damit es funktioniert. Der Ausschnitt unter dem L\u00fcfteranschluss eignet sich auch perfekt zum sauberen Verlegen von Kabeln. Der Last Stand ist auch ziemlich schwer und kann problemlos gr\u00f6\u00dfere K\u00fchlk\u00f6rper und K\u00fchler aufnehmen, ohne umzukippen, wenn Sie es falsch betrachten. Oh, und nat\u00fcrlich hat es Sechsecke, die allgemein als die Bestagons bekannt sind.<\/p><p><em>Bitaxe nicht inbegriffen<\/em><\/p><p>3D-gedruckt aus biologisch abbaubarem PLA<\/p><\/p>","protected":false},"featured_media":9155,"comment_status":"closed","ping_status":"closed","template":"","meta":[],"product_brand":[271],"product_cat":[280],"product_tag":[245],"class_list":{"0":"post-11320","1":"product","2":"type-product","3":"status-publish","4":"has-post-thumbnail","6":"product_brand-gobrrr","7":"product_cat-bitaxe-accessories","8":"product_tag-bitaxeprints","9":"product_shipping_class-seedsigner","11":"first","12":"instock","13":"taxable","14":"shipping-taxable","15":"purchasable","16":"product-type-variable"},"yoast_head":"\n<title>The Last (Bitaxe) Stand - Go Brrr<\/title>\n<meta name=\"description\" content=\"The Last Stand you&#039;ll ever need. Probably not, but this was the intention behind the name of this stand. All the lessons we learned from creating previous Bitaxe stands went into the development of this.It has all the goodness of the Coolaxe stand, meaning that you can mount a 40mm or 60mm fan in the back, without the weirdness of needing additional parts besides regular m3 screws to make it work. The cutout below the fan port is also perfect for routing cables neatly. The Last Stand is also fairly heavy and can easily accomodate bigger heatsinks and coolers without tipping over if you look at it wrong. Of course it also has hexagons, which are commonly known as the bestagons.\" \/>\n<meta name=\"robots\" content=\"index, follow, max-snippet:-1, max-image-preview:large, max-video-preview:-1\" \/>\n<link rel=\"canonical\" href=\"https:\/\/www.gobrrr.me\/de\/product\/the-last-bitaxe-stand\/\" \/>\n<meta property=\"og:locale\" content=\"de_DE\" \/>\n<meta property=\"og:type\" content=\"article\" \/>\n<meta property=\"og:title\" content=\"The Last Stand\" \/>\n<meta property=\"og:description\" content=\"The Last Stand you&#039;ll ever need. Probably not, but this was the intention behind the name of this stand. All the lessons we learned from creating previous Bitaxe stands went into the development of this.It has all the goodness of the Coolaxe stand, meaning that you can mount a 40mm or 60mm fan in the back, without the weirdness of needing additional parts besides regular m3 screws to make it work. The cutout below the fan port is also perfect for routing cables neatly. The Last Stand is also fairly heavy and can easily accomodate bigger heatsinks and coolers without tipping over if you look at it wrong. Oh, and of course it has hexagons, which are commonly known as the bestagons.\" \/>\n<meta property=\"og:url\" content=\"https:\/\/www.gobrrr.me\/de\/product\/the-last-bitaxe-stand\/\" \/>\n<meta property=\"og:site_name\" content=\"Go Brrr\" \/>\n<meta property=\"article:modified_time\" content=\"2026-02-26T08:41:42+00:00\" \/>\n<meta property=\"og:image\" content=\"https:\/\/www.gobrrr.me\/ozypsoob\/2025\/02\/TheLastStand-2_gobrrr.me_1.jpg\" \/>\n\t<meta property=\"og:image:width\" content=\"1020\" \/>\n\t<meta property=\"og:image:height\" content=\"768\" \/>\n\t<meta property=\"og:image:type\" content=\"image\/jpeg\" \/>\n<meta name=\"twitter:card\" content=\"summary_large_image\" \/>\n<meta name=\"twitter:title\" content=\"The Last Stand\" \/>\n<meta name=\"twitter:description\" content=\"The Last Stand you&#039;ll ever need. Probably not, but this was the intention behind the name of this stand. All the lessons we learned from creating previous Bitaxe stands went into the development of this.It has all the goodness of the Coolaxe stand, meaning that you can mount a 40mm or 60mm fan in the back, without the weirdness of needing additional parts besides regular m3 screws to make it work. The cutout below the fan port is also perfect for routing cables neatly. The Last Stand is also fairly heavy and can easily accomodate bigger heatsinks and coolers without tipping over if you look at it wrong. Oh, and of course it has hexagons, which are commonly known as the bestagons.\" \/>\n<meta name=\"twitter:image\" content=\"https:\/\/www.gobrrr.me\/ozypsoob\/2025\/02\/TheLastStand-2_gobrrr.me_1.jpg\" \/>\n<meta name=\"twitter:site\" content=\"@GoBrrr_me\" \/>\n<meta name=\"twitter:label1\" content=\"Gesch\u00e4tzte Lesezeit\" \/>\n\t<meta name=\"twitter:data1\" content=\"1 Minute\" \/>\n<script type=\"application\/ld+json\" class=\"yoast-schema-graph\">{\"@context\":\"https:\\\/\\\/schema.org\",\"@graph\":[{\"@type\":\"WebPage\",\"@id\":\"https:\\\/\\\/www.gobrrr.me\\\/product\\\/the-last-bitaxe-stand\\\/\",\"url\":\"https:\\\/\\\/www.gobrrr.me\\\/product\\\/the-last-bitaxe-stand\\\/\",\"name\":\"The Last (Bitaxe) Stand - Go Brrr\",\"isPartOf\":{\"@id\":\"https:\\\/\\\/www.gobrrr.me\\\/#website\"},\"primaryImageOfPage\":{\"@id\":\"https:\\\/\\\/www.gobrrr.me\\\/product\\\/the-last-bitaxe-stand\\\/#primaryimage\"},\"image\":{\"@id\":\"https:\\\/\\\/www.gobrrr.me\\\/product\\\/the-last-bitaxe-stand\\\/#primaryimage\"},\"thumbnailUrl\":\"https:\\\/\\\/www.gobrrr.me\\\/wp-content\\\/uploads\\\/2025\\\/02\\\/TheLastStand-2_gobrrr.me_1.jpg\",\"datePublished\":\"2026-02-26T08:40:45+00:00\",\"dateModified\":\"2026-02-26T08:41:42+00:00\",\"description\":\"The Last Stand you'll ever need. Probably not, but this was the intention behind the name of this stand. All the lessons we learned from creating previous Bitaxe stands went into the development of this.It has all the goodness of the Coolaxe stand, meaning that you can mount a 40mm or 60mm fan in the back, without the weirdness of needing additional parts besides regular m3 screws to make it work. The cutout below the fan port is also perfect for routing cables neatly. The Last Stand is also fairly heavy and can easily accomodate bigger heatsinks and coolers without tipping over if you look at it wrong. Of course it also has hexagons, which are commonly known as the bestagons.\",\"breadcrumb\":{\"@id\":\"https:\\\/\\\/www.gobrrr.me\\\/product\\\/the-last-bitaxe-stand\\\/#breadcrumb\"},\"inLanguage\":\"de-AT\",\"potentialAction\":[{\"@type\":\"ReadAction\",\"target\":[\"https:\\\/\\\/www.gobrrr.me\\\/product\\\/the-last-bitaxe-stand\\\/\"]}]},{\"@type\":\"ImageObject\",\"inLanguage\":\"de-AT\",\"@id\":\"https:\\\/\\\/www.gobrrr.me\\\/product\\\/the-last-bitaxe-stand\\\/#primaryimage\",\"url\":\"https:\\\/\\\/www.gobrrr.me\\\/wp-content\\\/uploads\\\/2025\\\/02\\\/TheLastStand-2_gobrrr.me_1.jpg\",\"contentUrl\":\"https:\\\/\\\/www.gobrrr.me\\\/wp-content\\\/uploads\\\/2025\\\/02\\\/TheLastStand-2_gobrrr.me_1.jpg\",\"width\":1020,\"height\":768},{\"@type\":\"BreadcrumbList\",\"@id\":\"https:\\\/\\\/www.gobrrr.me\\\/product\\\/the-last-bitaxe-stand\\\/#breadcrumb\",\"itemListElement\":[{\"@type\":\"ListItem\",\"position\":1,\"name\":\"Home\",\"item\":\"https:\\\/\\\/www.gobrrr.me\\\/\"},{\"@type\":\"ListItem\",\"position\":2,\"name\":\"Shop\",\"item\":\"https:\\\/\\\/www.gobrrr.me\\\/shop\\\/\"},{\"@type\":\"ListItem\",\"position\":3,\"name\":\"The Last (Bitaxe) Stand\"}]},{\"@type\":\"WebSite\",\"@id\":\"https:\\\/\\\/www.gobrrr.me\\\/#website\",\"url\":\"https:\\\/\\\/www.gobrrr.me\\\/\",\"name\":\"Go Brrr\",\"description\":\"3D prints for sovereign individuals\",\"publisher\":{\"@id\":\"https:\\\/\\\/www.gobrrr.me\\\/#organization\"},\"potentialAction\":[{\"@type\":\"SearchAction\",\"target\":{\"@type\":\"EntryPoint\",\"urlTemplate\":\"https:\\\/\\\/www.gobrrr.me\\\/?s={search_term_string}\"},\"query-input\":{\"@type\":\"PropertyValueSpecification\",\"valueRequired\":true,\"valueName\":\"search_term_string\"}}],\"inLanguage\":\"de-AT\"},{\"@type\":\"Organization\",\"@id\":\"https:\\\/\\\/www.gobrrr.me\\\/#organization\",\"name\":\"Go Brrr 3D\",\"url\":\"https:\\\/\\\/www.gobrrr.me\\\/\",\"logo\":{\"@type\":\"ImageObject\",\"inLanguage\":\"de-AT\",\"@id\":\"https:\\\/\\\/www.gobrrr.me\\\/#\\\/schema\\\/logo\\\/image\\\/\",\"url\":\"https:\\\/\\\/i0.wp.com\\\/www.gobrrr.me\\\/wp-content\\\/uploads\\\/2022\\\/02\\\/BrrrIco.png?fit=100%2C100&ssl=1\",\"contentUrl\":\"https:\\\/\\\/i0.wp.com\\\/www.gobrrr.me\\\/wp-content\\\/uploads\\\/2022\\\/02\\\/BrrrIco.png?fit=100%2C100&ssl=1\",\"width\":100,\"height\":100,\"caption\":\"Go Brrr 3D\"},\"image\":{\"@id\":\"https:\\\/\\\/www.gobrrr.me\\\/#\\\/schema\\\/logo\\\/image\\\/\"},\"sameAs\":[\"https:\\\/\\\/x.com\\\/GoBrrr_me\"]}]}<\/script>\n","yoast_head_json":{"title":"The Last (Bitaxe) Stand - Go Brrr","description":"The Last Stand you'll ever need. Probably not, but this was the intention behind the name of this stand. All the lessons we learned from creating previous Bitaxe stands went into the development of this.It has all the goodness of the Coolaxe stand, meaning that you can mount a 40mm or 60mm fan in the back, without the weirdness of needing additional parts besides regular m3 screws to make it work. The cutout below the fan port is also perfect for routing cables neatly. The Last Stand is also fairly heavy and can easily accomodate bigger heatsinks and coolers without tipping over if you look at it wrong. Of course it also has hexagons, which are commonly known as the bestagons.","robots":{"index":"index","follow":"follow","max-snippet":"max-snippet:-1","max-image-preview":"max-image-preview:large","max-video-preview":"max-video-preview:-1"},"canonical":"https:\/\/www.gobrrr.me\/de\/product\/the-last-bitaxe-stand\/","og_locale":"de_DE","og_type":"article","og_title":"The Last Stand","og_description":"The Last Stand you'll ever need. Probably not, but this was the intention behind the name of this stand. All the lessons we learned from creating previous Bitaxe stands went into the development of this.It has all the goodness of the Coolaxe stand, meaning that you can mount a 40mm or 60mm fan in the back, without the weirdness of needing additional parts besides regular m3 screws to make it work. The cutout below the fan port is also perfect for routing cables neatly. The Last Stand is also fairly heavy and can easily accomodate bigger heatsinks and coolers without tipping over if you look at it wrong. Oh, and of course it has hexagons, which are commonly known as the bestagons.","og_url":"https:\/\/www.gobrrr.me\/de\/product\/the-last-bitaxe-stand\/","og_site_name":"Go Brrr","article_modified_time":"2026-02-26T08:41:42+00:00","og_image":[{"width":1020,"height":768,"url":"https:\/\/www.gobrrr.me\/ozypsoob\/2025\/02\/TheLastStand-2_gobrrr.me_1.jpg","type":"image\/jpeg"}],"twitter_card":"summary_large_image","twitter_title":"The Last Stand","twitter_description":"The Last Stand you'll ever need. Probably not, but this was the intention behind the name of this stand. All the lessons we learned from creating previous Bitaxe stands went into the development of this.It has all the goodness of the Coolaxe stand, meaning that you can mount a 40mm or 60mm fan in the back, without the weirdness of needing additional parts besides regular m3 screws to make it work. The cutout below the fan port is also perfect for routing cables neatly. The Last Stand is also fairly heavy and can easily accomodate bigger heatsinks and coolers without tipping over if you look at it wrong. Oh, and of course it has hexagons, which are commonly known as the bestagons.","twitter_image":"https:\/\/www.gobrrr.me\/ozypsoob\/2025\/02\/TheLastStand-2_gobrrr.me_1.jpg","twitter_site":"@GoBrrr_me","twitter_misc":{"Gesch\u00e4tzte Lesezeit":"1 Minute"},"schema":{"@context":"https:\/\/schema.org","@graph":[{"@type":"WebPage","@id":"https:\/\/www.gobrrr.me\/product\/the-last-bitaxe-stand\/","url":"https:\/\/www.gobrrr.me\/product\/the-last-bitaxe-stand\/","name":"The Last (Bitaxe) Stand - Go Brrr","isPartOf":{"@id":"https:\/\/www.gobrrr.me\/#website"},"primaryImageOfPage":{"@id":"https:\/\/www.gobrrr.me\/product\/the-last-bitaxe-stand\/#primaryimage"},"image":{"@id":"https:\/\/www.gobrrr.me\/product\/the-last-bitaxe-stand\/#primaryimage"},"thumbnailUrl":"https:\/\/www.gobrrr.me\/ozypsoob\/2025\/02\/TheLastStand-2_gobrrr.me_1.jpg","datePublished":"2026-02-26T08:40:45+00:00","dateModified":"2026-02-26T08:41:42+00:00","description":"The Last Stand you'll ever need. Probably not, but this was the intention behind the name of this stand. All the lessons we learned from creating previous Bitaxe stands went into the development of this.It has all the goodness of the Coolaxe stand, meaning that you can mount a 40mm or 60mm fan in the back, without the weirdness of needing additional parts besides regular m3 screws to make it work. The cutout below the fan port is also perfect for routing cables neatly. The Last Stand is also fairly heavy and can easily accomodate bigger heatsinks and coolers without tipping over if you look at it wrong. Of course it also has hexagons, which are commonly known as the bestagons.","breadcrumb":{"@id":"https:\/\/www.gobrrr.me\/product\/the-last-bitaxe-stand\/#breadcrumb"},"inLanguage":"de-AT","potentialAction":[{"@type":"ReadAction","target":["https:\/\/www.gobrrr.me\/product\/the-last-bitaxe-stand\/"]}]},{"@type":"ImageObject","inLanguage":"de-AT","@id":"https:\/\/www.gobrrr.me\/product\/the-last-bitaxe-stand\/#primaryimage","url":"https:\/\/www.gobrrr.me\/ozypsoob\/2025\/02\/TheLastStand-2_gobrrr.me_1.jpg","contentUrl":"https:\/\/www.gobrrr.me\/ozypsoob\/2025\/02\/TheLastStand-2_gobrrr.me_1.jpg","width":1020,"height":768},{"@type":"BreadcrumbList","@id":"https:\/\/www.gobrrr.me\/product\/the-last-bitaxe-stand\/#breadcrumb","itemListElement":[{"@type":"ListItem","position":1,"name":"Home","item":"https:\/\/www.gobrrr.me\/"},{"@type":"ListItem","position":2,"name":"Shop","item":"https:\/\/www.gobrrr.me\/shop\/"},{"@type":"ListItem","position":3,"name":"The Last (Bitaxe) Stand"}]},{"@type":"WebSite","@id":"https:\/\/www.gobrrr.me\/#website","url":"https:\/\/www.gobrrr.me\/","name":"Go Brrr","description":"3D prints for sovereign individuals","publisher":{"@id":"https:\/\/www.gobrrr.me\/#organization"},"potentialAction":[{"@type":"SearchAction","target":{"@type":"EntryPoint","urlTemplate":"https:\/\/www.gobrrr.me\/?s={search_term_string}"},"query-input":{"@type":"PropertyValueSpecification","valueRequired":true,"valueName":"search_term_string"}}],"inLanguage":"de-AT"},{"@type":"Organization","@id":"https:\/\/www.gobrrr.me\/#organization","name":"Go Brrr 3D","url":"https:\/\/www.gobrrr.me\/","logo":{"@type":"ImageObject","inLanguage":"de-AT","@id":"https:\/\/www.gobrrr.me\/#\/schema\/logo\/image\/","url":"https:\/\/i0.wp.com\/www.gobrrr.me\/ozypsoob\/2022\/02\/BrrrIco.png?fit=100%2C100&ssl=1","contentUrl":"https:\/\/i0.wp.com\/www.gobrrr.me\/ozypsoob\/2022\/02\/BrrrIco.png?fit=100%2C100&ssl=1","width":100,"height":100,"caption":"Go Brrr 3D"},"image":{"@id":"https:\/\/www.gobrrr.me\/#\/schema\/logo\/image\/"},"sameAs":["https:\/\/x.com\/GoBrrr_me"]}]}},"_links":{"self":[{"href":"https:\/\/www.gobrrr.me\/de\/wp-json\/wp\/v2\/product\/11320","targetHints":{"allow":["GET"]}}],"collection":[{"href":"https:\/\/www.gobrrr.me\/de\/wp-json\/wp\/v2\/product"}],"about":[{"href":"https:\/\/www.gobrrr.me\/de\/wp-json\/wp\/v2\/types\/product"}],"replies":[{"embeddable":true,"href":"https:\/\/www.gobrrr.me\/de\/wp-json\/wp\/v2\/comments?post=11320"}],"version-history":[{"count":1,"href":"https:\/\/www.gobrrr.me\/de\/wp-json\/wp\/v2\/product\/11320\/revisions"}],"predecessor-version":[{"id":11327,"href":"https:\/\/www.gobrrr.me\/de\/wp-json\/wp\/v2\/product\/11320\/revisions\/11327"}],"wp:featuredmedia":[{"embeddable":true,"href":"https:\/\/www.gobrrr.me\/de\/wp-json\/wp\/v2\/media\/9155"}],"wp:attachment":[{"href":"https:\/\/www.gobrrr.me\/de\/wp-json\/wp\/v2\/media?parent=11320"}],"wp:term":[{"taxonomy":"product_brand","embeddable":true,"href":"https:\/\/www.gobrrr.me\/de\/wp-json\/wp\/v2\/product_brand?post=11320"},{"taxonomy":"product_cat","embeddable":true,"href":"https:\/\/www.gobrrr.me\/de\/wp-json\/wp\/v2\/product_cat?post=11320"},{"taxonomy":"product_tag","embeddable":true,"href":"https:\/\/www.gobrrr.me\/de\/wp-json\/wp\/v2\/product_tag?post=11320"}],"curies":[{"name":"wp","href":"https:\/\/api.w.org\/{rel}","templated":true}]}}