{"id":11108,"date":"2026-02-02T13:20:50","date_gmt":"2026-02-02T12:20:50","guid":{"rendered":"https:\/\/www.gobrrr.me\/?post_type=product&#038;p=11108"},"modified":"2026-04-20T18:08:37","modified_gmt":"2026-04-20T16:08:37","slug":"usb-data-blocker","status":"publish","type":"product","link":"https:\/\/www.gobrrr.me\/de\/product\/usb-data-blocker\/","title":{"rendered":"<p>USB-Datenblocker<\/p>"},"content":{"rendered":"<p><span class=\"css-1jxf684 r-bcqeeo r-1ttztb7 r-qvutc0 r-poiln3\"><strong>Nur Volt, keine Daten!<\/strong><\/span><p>Halten Sie Ihre kalte Brieftasche offline, auch wenn sie angeschlossen ist. Dieser einfache USB-Datenblocker leitet nur Strom weiter und blockiert Datenleitungen zwischen Ihrem Laptop und Ger\u00e4ten wie SeedSigner, Hardware-Wallets oder anderen Signierger\u00e4ten. Enth\u00e4lt ein separates 3D-gedrucktes Geh\u00e4use, so dass Sie das Board zuerst inspizieren k\u00f6nnen! <strong>Vertraue nicht, \u00fcberpr\u00fcfe.<\/strong><\/p><p>&nbsp;<\/p><div class=\"rgg-container\" data-rgg-id=\"1\">    <div class=\"rgg-imagegrid captions-title captions-effect-none\" data-rgg-id=\"1\">\n                    <a data-rel=\"rgg\" rel=\"rgg\" title=\"\" class=\"rgg-disabled size-large rgg-img\" data-src=\"https:\/\/www.gobrrr.me\/ozypsoob\/2026\/02\/UniversalDataBlocker-12_gobrrr.me_.jpg\" data-ratio=\"1.3279132791328\" data-height=\"738\" data-width=\"980\" aria-label=\"\">\n                            <\/a>\n                    <a data-rel=\"rgg\" rel=\"rgg\" title=\"\" class=\"rgg-disabled size-large rgg-img\" data-src=\"https:\/\/www.gobrrr.me\/ozypsoob\/2026\/02\/UniversalDataBlocker-2_gobrrr.me_.jpg\" data-ratio=\"1.3279132791328\" data-height=\"738\" data-width=\"980\" aria-label=\"\">\n                            <\/a>\n                    <a data-rel=\"rgg\" rel=\"rgg\" title=\"\" class=\"rgg-disabled size-large rgg-img\" data-src=\"https:\/\/www.gobrrr.me\/ozypsoob\/2026\/02\/UniversalDataBlocker-6_gobrrr.me_.jpg\" data-ratio=\"1.3279132791328\" data-height=\"738\" data-width=\"980\" aria-label=\"\">\n                            <\/a>\n                    <a data-rel=\"rgg\" rel=\"rgg\" title=\"\" class=\"rgg-disabled size-large rgg-img\" data-src=\"https:\/\/www.gobrrr.me\/ozypsoob\/2026\/02\/UniversalDataBlocker-7_gobrrr.me_.jpg\" data-ratio=\"1.3279132791328\" data-height=\"738\" data-width=\"980\" aria-label=\"\">\n                            <\/a>\n            <\/div>\n<\/div><\/p>","protected":false},"excerpt":{"rendered":"<p><span class=\"css-1jxf684 r-bcqeeo r-1ttztb7 r-qvutc0 r-poiln3\"><strong>Nur Volt, keine Daten!<\/strong><\/span><p>Halten Sie Ihre kalte Brieftasche offline, auch wenn sie angeschlossen ist. Dieser einfache USB-Datenblocker leitet nur Strom weiter und blockiert Datenleitungen zwischen Ihrem Laptop und Ger\u00e4ten wie SeedSigner, Hardware-Wallets oder anderen Signierger\u00e4ten. Enth\u00e4lt ein separates 3D-gedrucktes Geh\u00e4use, so dass Sie das Board zuerst inspizieren k\u00f6nnen! <strong>Vertraue nicht, \u00fcberpr\u00fcfe.<\/strong><\/p><\/p>","protected":false},"featured_media":11111,"comment_status":"closed","ping_status":"closed","template":"","meta":[],"product_brand":[271],"product_cat":[281],"product_tag":[],"class_list":{"0":"post-11108","1":"product","2":"type-product","3":"status-publish","4":"has-post-thumbnail","6":"product_brand-gobrrr","7":"product_cat-opensource-gadgets","8":"product_shipping_class-pins","10":"first","11":"instock","12":"taxable","13":"shipping-taxable","14":"purchasable","15":"product-type-simple"},"yoast_head":"\n<title>USB Data Blocker - Go Brrr<\/title>\n<meta name=\"description\" content=\"A very simple USB data blocker which allows to power any device using any USB cables one has laying around without the risk of leaking data to the powering device.This device is &quot;as dumb as possible&quot; on purpose, so it will not work with some &quot;smart&quot; USB chargers as it does not negotiate power draw because it has no data tracks.Comes with a separate 3D-printed enclosure, separate so you can inspect the device. Don&#039;t trust, verify!\" \/>\n<meta name=\"robots\" content=\"index, follow, max-snippet:-1, max-image-preview:large, max-video-preview:-1\" \/>\n<link rel=\"canonical\" href=\"https:\/\/www.gobrrr.me\/de\/product\/usb-data-blocker\/\" \/>\n<meta property=\"og:locale\" content=\"de_DE\" \/>\n<meta property=\"og:type\" content=\"article\" \/>\n<meta property=\"og:title\" content=\"USB Data Blocker\" \/>\n<meta property=\"og:description\" content=\"Keep your cold wallet offline, even while it\u2019s plugged in. This simple USB data blocker passes power only, blocking data lines between your laptop and devices like SeedSigner, hardware wallets, or other signing devices. Includes a separate 3D-printed enclosure, so you can inspect the board first! Don\u2019t trust, verify.\" \/>\n<meta property=\"og:url\" content=\"https:\/\/www.gobrrr.me\/de\/product\/usb-data-blocker\/\" \/>\n<meta property=\"og:site_name\" content=\"Go Brrr\" \/>\n<meta property=\"article:modified_time\" content=\"2026-04-20T16:08:37+00:00\" \/>\n<meta property=\"og:image\" content=\"https:\/\/www.gobrrr.me\/ozypsoob\/2026\/02\/UniversalDataBlocker_plugged_white.jpg\" \/>\n\t<meta property=\"og:image:width\" content=\"1184\" \/>\n\t<meta property=\"og:image:height\" content=\"864\" \/>\n\t<meta property=\"og:image:type\" content=\"image\/jpeg\" \/>\n<meta name=\"twitter:card\" content=\"summary_large_image\" \/>\n<meta name=\"twitter:title\" content=\"USB Data Blocker\" \/>\n<meta name=\"twitter:description\" content=\"Keep your cold wallet offline, even while it\u2019s plugged in. This simple USB data blocker passes power only, blocking data lines between your laptop and devices like SeedSigner, hardware wallets, or other signing devices. Includes a separate 3D-printed enclosure, so you can inspect the board first! Don\u2019t trust, verify.\" \/>\n<meta name=\"twitter:image\" content=\"https:\/\/www.gobrrr.me\/ozypsoob\/2026\/02\/UniversalDataBlocker_plugged_white.jpg\" \/>\n<meta name=\"twitter:site\" content=\"@GoBrrr_me\" \/>\n<meta name=\"twitter:label1\" content=\"Gesch\u00e4tzte Lesezeit\" \/>\n\t<meta name=\"twitter:data1\" content=\"1 Minute\" \/>\n<script type=\"application\/ld+json\" class=\"yoast-schema-graph\">{\"@context\":\"https:\\\/\\\/schema.org\",\"@graph\":[{\"@type\":\"WebPage\",\"@id\":\"https:\\\/\\\/www.gobrrr.me\\\/product\\\/usb-data-blocker\\\/\",\"url\":\"https:\\\/\\\/www.gobrrr.me\\\/product\\\/usb-data-blocker\\\/\",\"name\":\"USB Data Blocker - Go Brrr\",\"isPartOf\":{\"@id\":\"https:\\\/\\\/www.gobrrr.me\\\/#website\"},\"primaryImageOfPage\":{\"@id\":\"https:\\\/\\\/www.gobrrr.me\\\/product\\\/usb-data-blocker\\\/#primaryimage\"},\"image\":{\"@id\":\"https:\\\/\\\/www.gobrrr.me\\\/product\\\/usb-data-blocker\\\/#primaryimage\"},\"thumbnailUrl\":\"https:\\\/\\\/www.gobrrr.me\\\/wp-content\\\/uploads\\\/2026\\\/02\\\/UniversalDataBlocker_plugged_white.jpg\",\"datePublished\":\"2026-02-02T12:20:50+00:00\",\"dateModified\":\"2026-04-20T16:08:37+00:00\",\"description\":\"A very simple USB data blocker which allows to power any device using any USB cables one has laying around without the risk of leaking data to the powering device.This device is \\\"as dumb as possible\\\" on purpose, so it will not work with some \\\"smart\\\" USB chargers as it does not negotiate power draw because it has no data tracks.Comes with a separate 3D-printed enclosure, separate so you can inspect the device. Don't trust, verify!\",\"breadcrumb\":{\"@id\":\"https:\\\/\\\/www.gobrrr.me\\\/product\\\/usb-data-blocker\\\/#breadcrumb\"},\"inLanguage\":\"de-AT\",\"potentialAction\":[{\"@type\":\"ReadAction\",\"target\":[\"https:\\\/\\\/www.gobrrr.me\\\/product\\\/usb-data-blocker\\\/\"]}]},{\"@type\":\"ImageObject\",\"inLanguage\":\"de-AT\",\"@id\":\"https:\\\/\\\/www.gobrrr.me\\\/product\\\/usb-data-blocker\\\/#primaryimage\",\"url\":\"https:\\\/\\\/www.gobrrr.me\\\/wp-content\\\/uploads\\\/2026\\\/02\\\/UniversalDataBlocker_plugged_white.jpg\",\"contentUrl\":\"https:\\\/\\\/www.gobrrr.me\\\/wp-content\\\/uploads\\\/2026\\\/02\\\/UniversalDataBlocker_plugged_white.jpg\",\"width\":1184,\"height\":864},{\"@type\":\"BreadcrumbList\",\"@id\":\"https:\\\/\\\/www.gobrrr.me\\\/product\\\/usb-data-blocker\\\/#breadcrumb\",\"itemListElement\":[{\"@type\":\"ListItem\",\"position\":1,\"name\":\"Home\",\"item\":\"https:\\\/\\\/www.gobrrr.me\\\/\"},{\"@type\":\"ListItem\",\"position\":2,\"name\":\"Shop\",\"item\":\"https:\\\/\\\/www.gobrrr.me\\\/shop\\\/\"},{\"@type\":\"ListItem\",\"position\":3,\"name\":\"USB Data Blocker\"}]},{\"@type\":\"WebSite\",\"@id\":\"https:\\\/\\\/www.gobrrr.me\\\/#website\",\"url\":\"https:\\\/\\\/www.gobrrr.me\\\/\",\"name\":\"Go Brrr\",\"description\":\"3D prints for sovereign individuals\",\"publisher\":{\"@id\":\"https:\\\/\\\/www.gobrrr.me\\\/#organization\"},\"potentialAction\":[{\"@type\":\"SearchAction\",\"target\":{\"@type\":\"EntryPoint\",\"urlTemplate\":\"https:\\\/\\\/www.gobrrr.me\\\/?s={search_term_string}\"},\"query-input\":{\"@type\":\"PropertyValueSpecification\",\"valueRequired\":true,\"valueName\":\"search_term_string\"}}],\"inLanguage\":\"de-AT\"},{\"@type\":\"Organization\",\"@id\":\"https:\\\/\\\/www.gobrrr.me\\\/#organization\",\"name\":\"Go Brrr 3D\",\"url\":\"https:\\\/\\\/www.gobrrr.me\\\/\",\"logo\":{\"@type\":\"ImageObject\",\"inLanguage\":\"de-AT\",\"@id\":\"https:\\\/\\\/www.gobrrr.me\\\/#\\\/schema\\\/logo\\\/image\\\/\",\"url\":\"https:\\\/\\\/i0.wp.com\\\/www.gobrrr.me\\\/wp-content\\\/uploads\\\/2022\\\/02\\\/BrrrIco.png?fit=100%2C100&ssl=1\",\"contentUrl\":\"https:\\\/\\\/i0.wp.com\\\/www.gobrrr.me\\\/wp-content\\\/uploads\\\/2022\\\/02\\\/BrrrIco.png?fit=100%2C100&ssl=1\",\"width\":100,\"height\":100,\"caption\":\"Go Brrr 3D\"},\"image\":{\"@id\":\"https:\\\/\\\/www.gobrrr.me\\\/#\\\/schema\\\/logo\\\/image\\\/\"},\"sameAs\":[\"https:\\\/\\\/x.com\\\/GoBrrr_me\"]}]}<\/script>\n","yoast_head_json":{"title":"USB Data Blocker - Go Brrr","description":"A very simple USB data blocker which allows to power any device using any USB cables one has laying around without the risk of leaking data to the powering device.This device is \"as dumb as possible\" on purpose, so it will not work with some \"smart\" USB chargers as it does not negotiate power draw because it has no data tracks.Comes with a separate 3D-printed enclosure, separate so you can inspect the device. Don't trust, verify!","robots":{"index":"index","follow":"follow","max-snippet":"max-snippet:-1","max-image-preview":"max-image-preview:large","max-video-preview":"max-video-preview:-1"},"canonical":"https:\/\/www.gobrrr.me\/de\/product\/usb-data-blocker\/","og_locale":"de_DE","og_type":"article","og_title":"USB Data Blocker","og_description":"Keep your cold wallet offline, even while it\u2019s plugged in. This simple USB data blocker passes power only, blocking data lines between your laptop and devices like SeedSigner, hardware wallets, or other signing devices. Includes a separate 3D-printed enclosure, so you can inspect the board first! Don\u2019t trust, verify.","og_url":"https:\/\/www.gobrrr.me\/de\/product\/usb-data-blocker\/","og_site_name":"Go Brrr","article_modified_time":"2026-04-20T16:08:37+00:00","og_image":[{"width":1184,"height":864,"url":"https:\/\/www.gobrrr.me\/ozypsoob\/2026\/02\/UniversalDataBlocker_plugged_white.jpg","type":"image\/jpeg"}],"twitter_card":"summary_large_image","twitter_title":"USB Data Blocker","twitter_description":"Keep your cold wallet offline, even while it\u2019s plugged in. This simple USB data blocker passes power only, blocking data lines between your laptop and devices like SeedSigner, hardware wallets, or other signing devices. Includes a separate 3D-printed enclosure, so you can inspect the board first! Don\u2019t trust, verify.","twitter_image":"https:\/\/www.gobrrr.me\/ozypsoob\/2026\/02\/UniversalDataBlocker_plugged_white.jpg","twitter_site":"@GoBrrr_me","twitter_misc":{"Gesch\u00e4tzte Lesezeit":"1 Minute"},"schema":{"@context":"https:\/\/schema.org","@graph":[{"@type":"WebPage","@id":"https:\/\/www.gobrrr.me\/product\/usb-data-blocker\/","url":"https:\/\/www.gobrrr.me\/product\/usb-data-blocker\/","name":"USB Data Blocker - Go Brrr","isPartOf":{"@id":"https:\/\/www.gobrrr.me\/#website"},"primaryImageOfPage":{"@id":"https:\/\/www.gobrrr.me\/product\/usb-data-blocker\/#primaryimage"},"image":{"@id":"https:\/\/www.gobrrr.me\/product\/usb-data-blocker\/#primaryimage"},"thumbnailUrl":"https:\/\/www.gobrrr.me\/ozypsoob\/2026\/02\/UniversalDataBlocker_plugged_white.jpg","datePublished":"2026-02-02T12:20:50+00:00","dateModified":"2026-04-20T16:08:37+00:00","description":"A very simple USB data blocker which allows to power any device using any USB cables one has laying around without the risk of leaking data to the powering device.This device is \"as dumb as possible\" on purpose, so it will not work with some \"smart\" USB chargers as it does not negotiate power draw because it has no data tracks.Comes with a separate 3D-printed enclosure, separate so you can inspect the device. Don't trust, verify!","breadcrumb":{"@id":"https:\/\/www.gobrrr.me\/product\/usb-data-blocker\/#breadcrumb"},"inLanguage":"de-AT","potentialAction":[{"@type":"ReadAction","target":["https:\/\/www.gobrrr.me\/product\/usb-data-blocker\/"]}]},{"@type":"ImageObject","inLanguage":"de-AT","@id":"https:\/\/www.gobrrr.me\/product\/usb-data-blocker\/#primaryimage","url":"https:\/\/www.gobrrr.me\/ozypsoob\/2026\/02\/UniversalDataBlocker_plugged_white.jpg","contentUrl":"https:\/\/www.gobrrr.me\/ozypsoob\/2026\/02\/UniversalDataBlocker_plugged_white.jpg","width":1184,"height":864},{"@type":"BreadcrumbList","@id":"https:\/\/www.gobrrr.me\/product\/usb-data-blocker\/#breadcrumb","itemListElement":[{"@type":"ListItem","position":1,"name":"Home","item":"https:\/\/www.gobrrr.me\/"},{"@type":"ListItem","position":2,"name":"Shop","item":"https:\/\/www.gobrrr.me\/shop\/"},{"@type":"ListItem","position":3,"name":"USB Data Blocker"}]},{"@type":"WebSite","@id":"https:\/\/www.gobrrr.me\/#website","url":"https:\/\/www.gobrrr.me\/","name":"Go Brrr","description":"3D prints for sovereign individuals","publisher":{"@id":"https:\/\/www.gobrrr.me\/#organization"},"potentialAction":[{"@type":"SearchAction","target":{"@type":"EntryPoint","urlTemplate":"https:\/\/www.gobrrr.me\/?s={search_term_string}"},"query-input":{"@type":"PropertyValueSpecification","valueRequired":true,"valueName":"search_term_string"}}],"inLanguage":"de-AT"},{"@type":"Organization","@id":"https:\/\/www.gobrrr.me\/#organization","name":"Go Brrr 3D","url":"https:\/\/www.gobrrr.me\/","logo":{"@type":"ImageObject","inLanguage":"de-AT","@id":"https:\/\/www.gobrrr.me\/#\/schema\/logo\/image\/","url":"https:\/\/i0.wp.com\/www.gobrrr.me\/ozypsoob\/2022\/02\/BrrrIco.png?fit=100%2C100&ssl=1","contentUrl":"https:\/\/i0.wp.com\/www.gobrrr.me\/ozypsoob\/2022\/02\/BrrrIco.png?fit=100%2C100&ssl=1","width":100,"height":100,"caption":"Go Brrr 3D"},"image":{"@id":"https:\/\/www.gobrrr.me\/#\/schema\/logo\/image\/"},"sameAs":["https:\/\/x.com\/GoBrrr_me"]}]}},"_links":{"self":[{"href":"https:\/\/www.gobrrr.me\/de\/wp-json\/wp\/v2\/product\/11108","targetHints":{"allow":["GET"]}}],"collection":[{"href":"https:\/\/www.gobrrr.me\/de\/wp-json\/wp\/v2\/product"}],"about":[{"href":"https:\/\/www.gobrrr.me\/de\/wp-json\/wp\/v2\/types\/product"}],"replies":[{"embeddable":true,"href":"https:\/\/www.gobrrr.me\/de\/wp-json\/wp\/v2\/comments?post=11108"}],"version-history":[{"count":2,"href":"https:\/\/www.gobrrr.me\/de\/wp-json\/wp\/v2\/product\/11108\/revisions"}],"predecessor-version":[{"id":11543,"href":"https:\/\/www.gobrrr.me\/de\/wp-json\/wp\/v2\/product\/11108\/revisions\/11543"}],"wp:featuredmedia":[{"embeddable":true,"href":"https:\/\/www.gobrrr.me\/de\/wp-json\/wp\/v2\/media\/11111"}],"wp:attachment":[{"href":"https:\/\/www.gobrrr.me\/de\/wp-json\/wp\/v2\/media?parent=11108"}],"wp:term":[{"taxonomy":"product_brand","embeddable":true,"href":"https:\/\/www.gobrrr.me\/de\/wp-json\/wp\/v2\/product_brand?post=11108"},{"taxonomy":"product_cat","embeddable":true,"href":"https:\/\/www.gobrrr.me\/de\/wp-json\/wp\/v2\/product_cat?post=11108"},{"taxonomy":"product_tag","embeddable":true,"href":"https:\/\/www.gobrrr.me\/de\/wp-json\/wp\/v2\/product_tag?post=11108"}],"curies":[{"name":"wp","href":"https:\/\/api.w.org\/{rel}","templated":true}]}}