{"id":11075,"date":"2026-01-28T10:53:05","date_gmt":"2026-01-28T09:53:05","guid":{"rendered":"https:\/\/www.gobrrr.me\/?post_type=product&#038;p=11075"},"modified":"2026-01-31T16:23:08","modified_gmt":"2026-01-31T15:23:08","slug":"krux-tzt","status":"publish","type":"product","link":"https:\/\/www.gobrrr.me\/de\/product\/krux-tzt\/","title":{"rendered":"<p>Krux Signer<\/p>"},"content":{"rendered":"<p>Ein Premium-Signaturger\u00e4t mit einem vollst\u00e4ndig eloxierten und gravierten Geh\u00e4use aus Aluminiumlegierung, Touchscreen und einer hochwertigen Kamera. Preflashed mit Krux Self Custody Software. Kein Setup erforderlich, schlie\u00dfen Sie es einfach \u00fcber USB-C an. Der Unterzeichner wird in einem 3D-gedruckten, speziell entwickelten Snap-Lock-Schutzgeh\u00e4use f\u00fcr sichere und stilvolle Aufbewahrung geliefert.<div class=\"rgg-container\" data-rgg-id=\"1\">    <div class=\"rgg-imagegrid captions-title captions-effect-none\" data-rgg-id=\"1\">\n                    <a data-rel=\"rgg\" rel=\"rgg\" title=\"\" class=\"rgg-disabled size-large rgg-img\" data-src=\"https:\/\/www.gobrrr.me\/ozypsoob\/2026\/01\/Krux_TZT-36_gobrrr.me_.jpg\" data-ratio=\"1.3279132791328\" data-height=\"738\" data-width=\"980\" aria-label=\"\">\n                            <\/a>\n                    <a data-rel=\"rgg\" rel=\"rgg\" title=\"\" class=\"rgg-disabled size-large rgg-img\" data-src=\"https:\/\/www.gobrrr.me\/ozypsoob\/2026\/01\/Krux_TZT-2_gobrrr.me_-1.jpg\" data-ratio=\"1.3279132791328\" data-height=\"738\" data-width=\"980\" aria-label=\"\">\n                            <\/a>\n                    <a data-rel=\"rgg\" rel=\"rgg\" title=\"\" class=\"rgg-disabled size-large rgg-img\" data-src=\"https:\/\/www.gobrrr.me\/ozypsoob\/2026\/01\/Krux_TZT-7_gobrrr.me_-1.jpg\" data-ratio=\"1.3279132791328\" data-height=\"738\" data-width=\"980\" aria-label=\"\">\n                            <\/a>\n                    <a data-rel=\"rgg\" rel=\"rgg\" title=\"\" class=\"rgg-disabled size-large rgg-img\" data-src=\"https:\/\/www.gobrrr.me\/ozypsoob\/2026\/01\/Krux_TZT-3_gobrrr.me_-1.jpg\" data-ratio=\"1.3279132791328\" data-height=\"738\" data-width=\"980\" aria-label=\"\">\n                            <\/a>\n            <\/div>\n<\/div><p>Hardware: TZT CanMv K210 Bildverarbeitungsmodul<\/p><ul>\n<li>2\u2032\u2032 \/ 240\u00d7320 Kapazitiver Touchscreen<\/li>\n<li>57x41x16 mm<\/li>\n<li>Lasergravierter K\u00f6rper aus eloxiertem Aluminium<\/li>\n<li>5 physikalische Tasten<\/li>\n<li>GC2145 2MP Kamera<\/li>\n<\/ul><p>Software: <a href=\"https:\/\/selfcustody.github.io\/krux\/\">Krux<\/a><\/p><\/p>","protected":false},"excerpt":{"rendered":"<p>Ein Premium-Signaturger\u00e4t mit einem vollst\u00e4ndig eloxierten und gravierten Geh\u00e4use aus Aluminiumlegierung, Touchscreen und einer hochwertigen Kamera. Preflashed mit Krux Self Custody Software. Kein Setup erforderlich, schlie\u00dfen Sie es einfach \u00fcber USB-C an. Der Unterzeichner wird in einem 3D-gedruckten, speziell entwickelten Snap-Lock-Schutzgeh\u00e4use f\u00fcr sichere und stilvolle Aufbewahrung geliefert.<p>Hardware: TZT CanMv K210 Bildverarbeitungsmodul<\/p><ul>\n<li>2\u2032\u2032 \/ 240\u00d7320 Kapazitiver Touchscreen<\/li>\n<li>57x41x16 mm<\/li>\n<li>Aluminiumgeh\u00e4use<\/li>\n<li>5 physikalische Tasten<\/li>\n<li>GC2145 2MP Kamera<\/li>\n<\/ul><p>Software: <a href=\"https:\/\/selfcustody.github.io\/krux\/\">Krux<\/a><\/p><p>&nbsp;<\/p><\/p>","protected":false},"featured_media":11084,"comment_status":"closed","ping_status":"closed","template":"","meta":[],"product_brand":[],"product_cat":[300],"product_tag":[],"class_list":{"0":"post-11075","1":"product","2":"type-product","3":"status-publish","4":"has-post-thumbnail","6":"product_cat-krux","7":"product_shipping_class-s","9":"first","10":"instock","11":"taxable","12":"shipping-taxable","13":"purchasable","14":"product-type-simple"},"yoast_head":"\n<title>Krux Signer - Go Brrr<\/title>\n<meta name=\"description\" content=\"A premium signing device featuring a full anodized and engraved aluminum alloy enclosure, touchscreen and high quality camera. Preflashed with Krux Self Custody Software. No setup required, just plug it in via USB-C. The signer comes in a 3D-printed custom fitted protective snap-lock enclosure for secure and stylish storage.\" \/>\n<meta name=\"robots\" content=\"index, follow, max-snippet:-1, max-image-preview:large, max-video-preview:-1\" \/>\n<link rel=\"canonical\" href=\"https:\/\/www.gobrrr.me\/de\/product\/krux-tzt\/\" \/>\n<meta property=\"og:locale\" content=\"de_DE\" \/>\n<meta property=\"og:type\" content=\"article\" \/>\n<meta property=\"og:title\" content=\"Krux Signer\" \/>\n<meta property=\"og:description\" content=\"A premium signing device featuring a full anodized and engraved aluminum alloy enclosure, touchscreen and high quality camera. Preflashed with Krux Self Custody Software. No setup required, just plug it in via USB-C. The signer comes in a 3D-printed custom fitted protective snap-lock enclosure for secure and stylish storage.\" \/>\n<meta property=\"og:url\" content=\"https:\/\/www.gobrrr.me\/de\/product\/krux-tzt\/\" \/>\n<meta property=\"og:site_name\" content=\"Go Brrr\" \/>\n<meta property=\"article:modified_time\" content=\"2026-01-31T15:23:08+00:00\" \/>\n<meta property=\"og:image\" content=\"https:\/\/www.gobrrr.me\/ozypsoob\/2026\/01\/Krux_TZT-7_gobrrr.me_-1.jpg\" \/>\n\t<meta property=\"og:image:width\" content=\"1020\" \/>\n\t<meta property=\"og:image:height\" content=\"768\" \/>\n\t<meta property=\"og:image:type\" content=\"image\/jpeg\" \/>\n<meta name=\"twitter:card\" content=\"summary_large_image\" \/>\n<meta name=\"twitter:title\" content=\"Krux Signer\" \/>\n<meta name=\"twitter:description\" content=\"A premium signing device featuring a full anodized and engraved aluminum alloy enclosure, touchscreen and high quality camera. Preflashed with Krux Self Custody Software. No setup required, just plug it in via USB-C. The signer comes in a 3D-printed custom fitted protective snap-lock enclosure for secure and stylish storage.\" \/>\n<meta name=\"twitter:image\" content=\"https:\/\/www.gobrrr.me\/ozypsoob\/2026\/01\/Krux_TZT-7_gobrrr.me_-1.jpg\" \/>\n<meta name=\"twitter:site\" content=\"@GoBrrr_me\" \/>\n<meta name=\"twitter:label1\" content=\"Gesch\u00e4tzte Lesezeit\" \/>\n\t<meta name=\"twitter:data1\" content=\"1 Minute\" \/>\n<script type=\"application\/ld+json\" class=\"yoast-schema-graph\">{\"@context\":\"https:\\\/\\\/schema.org\",\"@graph\":[{\"@type\":\"WebPage\",\"@id\":\"https:\\\/\\\/www.gobrrr.me\\\/product\\\/krux-tzt\\\/\",\"url\":\"https:\\\/\\\/www.gobrrr.me\\\/product\\\/krux-tzt\\\/\",\"name\":\"Krux Signer - Go Brrr\",\"isPartOf\":{\"@id\":\"https:\\\/\\\/www.gobrrr.me\\\/#website\"},\"primaryImageOfPage\":{\"@id\":\"https:\\\/\\\/www.gobrrr.me\\\/product\\\/krux-tzt\\\/#primaryimage\"},\"image\":{\"@id\":\"https:\\\/\\\/www.gobrrr.me\\\/product\\\/krux-tzt\\\/#primaryimage\"},\"thumbnailUrl\":\"https:\\\/\\\/www.gobrrr.me\\\/wp-content\\\/uploads\\\/2026\\\/01\\\/Krux_TZT-7_gobrrr.me_-1.jpg\",\"datePublished\":\"2026-01-28T09:53:05+00:00\",\"dateModified\":\"2026-01-31T15:23:08+00:00\",\"description\":\"A premium signing device featuring a full anodized and engraved aluminum alloy enclosure, touchscreen and high quality camera. Preflashed with Krux Self Custody Software. No setup required, just plug it in via USB-C. The signer comes in a 3D-printed custom fitted protective snap-lock enclosure for secure and stylish storage.\",\"breadcrumb\":{\"@id\":\"https:\\\/\\\/www.gobrrr.me\\\/product\\\/krux-tzt\\\/#breadcrumb\"},\"inLanguage\":\"de-AT\",\"potentialAction\":[{\"@type\":\"ReadAction\",\"target\":[\"https:\\\/\\\/www.gobrrr.me\\\/product\\\/krux-tzt\\\/\"]}]},{\"@type\":\"ImageObject\",\"inLanguage\":\"de-AT\",\"@id\":\"https:\\\/\\\/www.gobrrr.me\\\/product\\\/krux-tzt\\\/#primaryimage\",\"url\":\"https:\\\/\\\/www.gobrrr.me\\\/wp-content\\\/uploads\\\/2026\\\/01\\\/Krux_TZT-7_gobrrr.me_-1.jpg\",\"contentUrl\":\"https:\\\/\\\/www.gobrrr.me\\\/wp-content\\\/uploads\\\/2026\\\/01\\\/Krux_TZT-7_gobrrr.me_-1.jpg\",\"width\":1020,\"height\":768},{\"@type\":\"BreadcrumbList\",\"@id\":\"https:\\\/\\\/www.gobrrr.me\\\/product\\\/krux-tzt\\\/#breadcrumb\",\"itemListElement\":[{\"@type\":\"ListItem\",\"position\":1,\"name\":\"Home\",\"item\":\"https:\\\/\\\/www.gobrrr.me\\\/\"},{\"@type\":\"ListItem\",\"position\":2,\"name\":\"Shop\",\"item\":\"https:\\\/\\\/www.gobrrr.me\\\/shop\\\/\"},{\"@type\":\"ListItem\",\"position\":3,\"name\":\"Krux Signer\"}]},{\"@type\":\"WebSite\",\"@id\":\"https:\\\/\\\/www.gobrrr.me\\\/#website\",\"url\":\"https:\\\/\\\/www.gobrrr.me\\\/\",\"name\":\"Go Brrr\",\"description\":\"3D prints for sovereign individuals\",\"publisher\":{\"@id\":\"https:\\\/\\\/www.gobrrr.me\\\/#organization\"},\"potentialAction\":[{\"@type\":\"SearchAction\",\"target\":{\"@type\":\"EntryPoint\",\"urlTemplate\":\"https:\\\/\\\/www.gobrrr.me\\\/?s={search_term_string}\"},\"query-input\":{\"@type\":\"PropertyValueSpecification\",\"valueRequired\":true,\"valueName\":\"search_term_string\"}}],\"inLanguage\":\"de-AT\"},{\"@type\":\"Organization\",\"@id\":\"https:\\\/\\\/www.gobrrr.me\\\/#organization\",\"name\":\"Go Brrr 3D\",\"url\":\"https:\\\/\\\/www.gobrrr.me\\\/\",\"logo\":{\"@type\":\"ImageObject\",\"inLanguage\":\"de-AT\",\"@id\":\"https:\\\/\\\/www.gobrrr.me\\\/#\\\/schema\\\/logo\\\/image\\\/\",\"url\":\"https:\\\/\\\/i0.wp.com\\\/www.gobrrr.me\\\/wp-content\\\/uploads\\\/2022\\\/02\\\/BrrrIco.png?fit=100%2C100&ssl=1\",\"contentUrl\":\"https:\\\/\\\/i0.wp.com\\\/www.gobrrr.me\\\/wp-content\\\/uploads\\\/2022\\\/02\\\/BrrrIco.png?fit=100%2C100&ssl=1\",\"width\":100,\"height\":100,\"caption\":\"Go Brrr 3D\"},\"image\":{\"@id\":\"https:\\\/\\\/www.gobrrr.me\\\/#\\\/schema\\\/logo\\\/image\\\/\"},\"sameAs\":[\"https:\\\/\\\/x.com\\\/GoBrrr_me\"]}]}<\/script>\n","yoast_head_json":{"title":"Krux Signer - Go Brrr","description":"A premium signing device featuring a full anodized and engraved aluminum alloy enclosure, touchscreen and high quality camera. Preflashed with Krux Self Custody Software. No setup required, just plug it in via USB-C. The signer comes in a 3D-printed custom fitted protective snap-lock enclosure for secure and stylish storage.","robots":{"index":"index","follow":"follow","max-snippet":"max-snippet:-1","max-image-preview":"max-image-preview:large","max-video-preview":"max-video-preview:-1"},"canonical":"https:\/\/www.gobrrr.me\/de\/product\/krux-tzt\/","og_locale":"de_DE","og_type":"article","og_title":"Krux Signer","og_description":"A premium signing device featuring a full anodized and engraved aluminum alloy enclosure, touchscreen and high quality camera. Preflashed with Krux Self Custody Software. No setup required, just plug it in via USB-C. The signer comes in a 3D-printed custom fitted protective snap-lock enclosure for secure and stylish storage.","og_url":"https:\/\/www.gobrrr.me\/de\/product\/krux-tzt\/","og_site_name":"Go Brrr","article_modified_time":"2026-01-31T15:23:08+00:00","og_image":[{"width":1020,"height":768,"url":"https:\/\/www.gobrrr.me\/ozypsoob\/2026\/01\/Krux_TZT-7_gobrrr.me_-1.jpg","type":"image\/jpeg"}],"twitter_card":"summary_large_image","twitter_title":"Krux Signer","twitter_description":"A premium signing device featuring a full anodized and engraved aluminum alloy enclosure, touchscreen and high quality camera. Preflashed with Krux Self Custody Software. No setup required, just plug it in via USB-C. The signer comes in a 3D-printed custom fitted protective snap-lock enclosure for secure and stylish storage.","twitter_image":"https:\/\/www.gobrrr.me\/ozypsoob\/2026\/01\/Krux_TZT-7_gobrrr.me_-1.jpg","twitter_site":"@GoBrrr_me","twitter_misc":{"Gesch\u00e4tzte Lesezeit":"1 Minute"},"schema":{"@context":"https:\/\/schema.org","@graph":[{"@type":"WebPage","@id":"https:\/\/www.gobrrr.me\/product\/krux-tzt\/","url":"https:\/\/www.gobrrr.me\/product\/krux-tzt\/","name":"Krux Signer - Go Brrr","isPartOf":{"@id":"https:\/\/www.gobrrr.me\/#website"},"primaryImageOfPage":{"@id":"https:\/\/www.gobrrr.me\/product\/krux-tzt\/#primaryimage"},"image":{"@id":"https:\/\/www.gobrrr.me\/product\/krux-tzt\/#primaryimage"},"thumbnailUrl":"https:\/\/www.gobrrr.me\/ozypsoob\/2026\/01\/Krux_TZT-7_gobrrr.me_-1.jpg","datePublished":"2026-01-28T09:53:05+00:00","dateModified":"2026-01-31T15:23:08+00:00","description":"A premium signing device featuring a full anodized and engraved aluminum alloy enclosure, touchscreen and high quality camera. Preflashed with Krux Self Custody Software. No setup required, just plug it in via USB-C. The signer comes in a 3D-printed custom fitted protective snap-lock enclosure for secure and stylish storage.","breadcrumb":{"@id":"https:\/\/www.gobrrr.me\/product\/krux-tzt\/#breadcrumb"},"inLanguage":"de-AT","potentialAction":[{"@type":"ReadAction","target":["https:\/\/www.gobrrr.me\/product\/krux-tzt\/"]}]},{"@type":"ImageObject","inLanguage":"de-AT","@id":"https:\/\/www.gobrrr.me\/product\/krux-tzt\/#primaryimage","url":"https:\/\/www.gobrrr.me\/ozypsoob\/2026\/01\/Krux_TZT-7_gobrrr.me_-1.jpg","contentUrl":"https:\/\/www.gobrrr.me\/ozypsoob\/2026\/01\/Krux_TZT-7_gobrrr.me_-1.jpg","width":1020,"height":768},{"@type":"BreadcrumbList","@id":"https:\/\/www.gobrrr.me\/product\/krux-tzt\/#breadcrumb","itemListElement":[{"@type":"ListItem","position":1,"name":"Home","item":"https:\/\/www.gobrrr.me\/"},{"@type":"ListItem","position":2,"name":"Shop","item":"https:\/\/www.gobrrr.me\/shop\/"},{"@type":"ListItem","position":3,"name":"Krux Signer"}]},{"@type":"WebSite","@id":"https:\/\/www.gobrrr.me\/#website","url":"https:\/\/www.gobrrr.me\/","name":"Go Brrr","description":"3D prints for sovereign individuals","publisher":{"@id":"https:\/\/www.gobrrr.me\/#organization"},"potentialAction":[{"@type":"SearchAction","target":{"@type":"EntryPoint","urlTemplate":"https:\/\/www.gobrrr.me\/?s={search_term_string}"},"query-input":{"@type":"PropertyValueSpecification","valueRequired":true,"valueName":"search_term_string"}}],"inLanguage":"de-AT"},{"@type":"Organization","@id":"https:\/\/www.gobrrr.me\/#organization","name":"Go Brrr 3D","url":"https:\/\/www.gobrrr.me\/","logo":{"@type":"ImageObject","inLanguage":"de-AT","@id":"https:\/\/www.gobrrr.me\/#\/schema\/logo\/image\/","url":"https:\/\/i0.wp.com\/www.gobrrr.me\/ozypsoob\/2022\/02\/BrrrIco.png?fit=100%2C100&ssl=1","contentUrl":"https:\/\/i0.wp.com\/www.gobrrr.me\/ozypsoob\/2022\/02\/BrrrIco.png?fit=100%2C100&ssl=1","width":100,"height":100,"caption":"Go Brrr 3D"},"image":{"@id":"https:\/\/www.gobrrr.me\/#\/schema\/logo\/image\/"},"sameAs":["https:\/\/x.com\/GoBrrr_me"]}]}},"_links":{"self":[{"href":"https:\/\/www.gobrrr.me\/de\/wp-json\/wp\/v2\/product\/11075","targetHints":{"allow":["GET"]}}],"collection":[{"href":"https:\/\/www.gobrrr.me\/de\/wp-json\/wp\/v2\/product"}],"about":[{"href":"https:\/\/www.gobrrr.me\/de\/wp-json\/wp\/v2\/types\/product"}],"replies":[{"embeddable":true,"href":"https:\/\/www.gobrrr.me\/de\/wp-json\/wp\/v2\/comments?post=11075"}],"version-history":[{"count":0,"href":"https:\/\/www.gobrrr.me\/de\/wp-json\/wp\/v2\/product\/11075\/revisions"}],"wp:featuredmedia":[{"embeddable":true,"href":"https:\/\/www.gobrrr.me\/de\/wp-json\/wp\/v2\/media\/11084"}],"wp:attachment":[{"href":"https:\/\/www.gobrrr.me\/de\/wp-json\/wp\/v2\/media?parent=11075"}],"wp:term":[{"taxonomy":"product_brand","embeddable":true,"href":"https:\/\/www.gobrrr.me\/de\/wp-json\/wp\/v2\/product_brand?post=11075"},{"taxonomy":"product_cat","embeddable":true,"href":"https:\/\/www.gobrrr.me\/de\/wp-json\/wp\/v2\/product_cat?post=11075"},{"taxonomy":"product_tag","embeddable":true,"href":"https:\/\/www.gobrrr.me\/de\/wp-json\/wp\/v2\/product_tag?post=11075"}],"curies":[{"name":"wp","href":"https:\/\/api.w.org\/{rel}","templated":true}]}}