{"id":10973,"date":"2026-01-09T15:36:34","date_gmt":"2026-01-09T14:36:34","guid":{"rendered":"https:\/\/www.gobrrr.me\/?post_type=product&#038;p=10973"},"modified":"2026-01-31T16:21:39","modified_gmt":"2026-01-31T15:21:39","slug":"solarbit-pcb-kit","status":"publish","type":"product","link":"https:\/\/www.gobrrr.me\/de\/product\/solarbit-pcb-kit\/","title":{"rendered":"<p>Solarbit-Leiterplatten-Kit<\/p>"},"content":{"rendered":"<div>\r\n<div class=\"css-175oi2r r-3pj75a\">\r\n<div class=\"css-175oi2r\">\r\n<h4>Quelle und baue dein eigenes SolarBit:<\/h4>\r\n<ul>\r\n<li>SolarBit <a href=\"https:\/\/github.com\/CryptoIceMLH\/SolarBit\/tree\/main\/BOM\/Mech%20%26%20Elec\">BOM<\/a><\/li>\r\n<li>SolarBit <a href=\"https:\/\/wiki.gobrrr.com\/share\/v2302w6lpj\/p\/solar-bit-wiki-W2PFxNbMzm\">Wiki<\/a><\/li>\r\n<li>SolarBit <a href=\"https:\/\/www.youtube.com\/watch?v=mdGpmd3NaSw&amp;list=PLHwGyXItgOkS4VrQXQM7NuYsWrxpfUgKA&amp;pp=0gcJCbEEOCosWNin\">Youtube<\/a><\/li>\r\n<\/ul>\r\n<h4>Empfohlene Batterie, Panels &amp; Aluminium Extrusion:<\/h4>\r\n<ul>\r\n<li>Batterie 12V 8Ah LiFePO4: <a href=\"https:\/\/amzn.to\/3WCg4Lf\">AmazonDE<\/a> | <a href=\"https:\/\/s.click.aliexpress.com\/e\/_c3iDJMlz\">AliExpress<\/a><\/li>\r\n<li>Sonnenkollektoren: <a href=\"https:\/\/amzn.to\/47HRBdT\">AmazonDE<\/a> | <a href=\"https:\/\/s.click.aliexpress.com\/e\/_c3jM14KB\">AliExpress<\/a><\/li>\r\n<li>Aluminiumverdr\u00e4ngung 2020: <a href=\"https:\/\/amzn.to\/47Xngrv\">AmazonDE<\/a> | <a href=\"https:\/\/s.click.aliexpress.com\/e\/_c4UOSVSx\">AliExpress<\/a><\/li>\r\n<\/ul>\r\n<div>\r\n<div class=\"css-175oi2r r-3pj75a\">&nbsp;<\/div>\r\n<\/div>\r\n<h4 class=\"css-146c3p1 r-bcqeeo r-1ttztb7 r-qvutc0 r-37j5jr r-a023e6 r-rjixqe r-16dba41\" dir=\"ltr\"><span style=\"font-size: 1.41575em;\">Hauptmerkmale<\/span><\/h4>\r\n<\/div>\r\n<\/div>\r\n<ul class=\"wp-block-list\">\r\n<li>Autonomes Solar-Tracking: Das intelligente System von Solarbit passt den Winkel seiner Sonnenkollektoren an, um der Sonne zu folgen, maximales Sonnenlicht einzufangen und die Energieeffizienz zu steigern.<\/li>\r\n\r\n\r\n\r\n<li>Doppelte 30W Sonnenkollektoren: Mit zwei hocheffizienten 30-W-Panels erzeugt Solarbit ausreichend Strom, damit deine Bitaxe-Miner auch an abgelegenen Standorten reibungslos funktionieren.<\/li>\r\n\r\n\r\n\r\n<li>Batteriebetrieb: Bitaxe-Bergleute werden nahtlos mit gespeicherter Sonnenenergie versorgt und sorgen f\u00fcr einen ununterbrochenen Bergbau an bew\u00f6lkten Tagen (Batterie nicht im Lieferumfang enthalten).<\/li>\r\n\r\n\r\n\r\n<li>Vollautomatisiertes Mining: Solarbit \u00fcbernimmt das Energiemanagement automatisch, schaltet Miner aus, wenn die Energie niedrig ist, und startet neu, wenn die Sonne zur\u00fcckkehrt - es ist kein manueller Eingriff erforderlich.<\/li>\r\n\r\n\r\n\r\n<li>Kompakt und tragbar: Solarbit misst 560x300x375 mm und ist f\u00fcr eine einfache Einrichtung konzipiert, mit Zubeh\u00f6r wie Balkonhalterungen f\u00fcr den st\u00e4dtischen oder netzfernen Einsatz.<\/li>\r\n\r\n\r\n\r\n<li>Wetterbest\u00e4ndiges Design: Solarbit wurde entwickelt, um den Elementen standzuhalten und verf\u00fcgt \u00fcber UV- und Wasserbest\u00e4ndigkeit sowie Temperatur- und Regensensoren f\u00fcr Haltbarkeit unter Au\u00dfenbedingungen.<\/li>\r\n\r\n\r\n\r\n<li>Nachhaltig und kosteneffizient: Durch die Nutzung von Solarenergie eliminiert Solarbit die Stromkosten und reduziert die Umweltauswirkungen des Bitcoin-Minings, indem es sich an Initiativen f\u00fcr saubere Energie anpasst.<\/li>\r\n<\/ul><h4>Folgen Sie dem Weg zum Open-Sourcing Solarbit!<\/h4><p><iframe title=\"SolarBit - Bitcoin-Mining @ 0$ \/ Kwh \/ Th\" width=\"980\" height=\"551\" src=\"https:\/\/www.youtube.com\/embed\/sUs6BP35gTc?feature=oembed\" frameborder=\"0\" allow=\"accelerometer; autoplay; clipboard-write; encrypted-media; gyroscope; picture-in-picture; web-share\" referrerpolicy=\"strict-origin-when-cross-origin\" allowfullscreen><\/iframe><\/p><p>&nbsp;<\/p><h4>Verf\u00fcgbare Solarbit-Kits:<\/h4><ul>\r\n<li><a href=\"https:\/\/www.gobrrr.me\/product\/solarbit-diy-kit\/\" target=\"_blank\" rel=\"noopener\">Solarbit DIY Bausatz<\/a><\/li>\r\n<li><a href=\"https:\/\/www.gobrrr.me\/product\/solarbit-printedparts\/\" target=\"_blank\" rel=\"noopener\">Solarbit gedruckte Teile Kit<\/a><\/li>\r\n<li><a href=\"https:\/\/www.gobrrr.me\/?post_type=product&amp;p=10973&amp;preview=true\" target=\"_blank\" rel=\"noopener\">Solarbit-Leiterplatten-Kit<\/a><\/li>\r\n<\/ul><\/div>","protected":false},"excerpt":{"rendered":"<p>Herz, Gehirn und Augen jedes Solarbits sind die Hauptplatine und der eigens entwickelte LDR-Lichtsensor, die in diesem Kit enthalten sind.<p>Enth\u00e4lt:<\/p><ul>\n<li>1pcs Solarbit PCB V1.3<\/li>\n<li>1pcs Solarbit LDR Leiterplatte V1.3<\/li>\n<\/ul><p>Verf\u00fcgbare Solarbit-Kits:<\/p><ul>\n<li><a href=\"https:\/\/www.gobrrr.me\/product\/solarbit-diy-kit\/\" target=\"_blank\" rel=\"noopener\">Solarbit DIY Bausatz<\/a><\/li>\n<li><a href=\"https:\/\/www.gobrrr.me\/product\/solarbit-printedparts\/\" target=\"_blank\" rel=\"noopener\">Solarbit gedruckte Teile Kit<\/a><\/li>\n<li><a href=\"https:\/\/www.gobrrr.me\/?post_type=product&amp;p=10973&amp;preview=true\" target=\"_blank\" rel=\"noopener\">Solarbit-Leiterplatten-Kit<\/a><\/li>\n<\/ul><\/p>","protected":false},"featured_media":10989,"comment_status":"closed","ping_status":"closed","template":"","meta":[],"product_brand":[271],"product_cat":[287],"product_tag":[],"class_list":{"0":"post-10973","1":"product","2":"type-product","3":"status-publish","4":"has-post-thumbnail","6":"product_brand-gobrrr","7":"product_cat-solarbit","8":"product_shipping_class-s","10":"first","11":"instock","12":"taxable","13":"shipping-taxable","14":"purchasable","15":"product-type-simple"},"yoast_head":"\n<title>Solarbit PCB Kit - Go Brrr<\/title>\n<meta name=\"description\" content=\"The heart, brain and eyes of every Solarbit are the main control board PCB and the custom developed LDR Light Sensor, which are included in this kit.\" \/>\n<meta name=\"robots\" content=\"index, follow, max-snippet:-1, max-image-preview:large, max-video-preview:-1\" \/>\n<link rel=\"canonical\" href=\"https:\/\/www.gobrrr.me\/de\/product\/solarbit-pcb-kit\/\" \/>\n<meta property=\"og:locale\" content=\"de_DE\" \/>\n<meta property=\"og:type\" content=\"article\" \/>\n<meta property=\"og:title\" content=\"Solarbit PCB Kit\" \/>\n<meta property=\"og:description\" content=\"The heart, brain and eyes of every Solarbit are the main control board PCB and the custom developed LDR Light Sensor, which are included in this kit.\" \/>\n<meta property=\"og:url\" content=\"https:\/\/www.gobrrr.me\/de\/product\/solarbit-pcb-kit\/\" \/>\n<meta property=\"og:site_name\" content=\"Go Brrr\" \/>\n<meta property=\"article:modified_time\" content=\"2026-01-31T15:21:39+00:00\" \/>\n<meta property=\"og:image\" content=\"https:\/\/www.gobrrr.me\/ozypsoob\/2026\/01\/solarbit-pcb-kit-1_gobrrr.me_.jpg\" \/>\n\t<meta property=\"og:image:width\" content=\"1020\" \/>\n\t<meta property=\"og:image:height\" content=\"768\" \/>\n\t<meta property=\"og:image:type\" content=\"image\/jpeg\" \/>\n<meta name=\"twitter:card\" content=\"summary_large_image\" \/>\n<meta name=\"twitter:title\" content=\"Solarbit PCB Kit\" \/>\n<meta name=\"twitter:description\" content=\"The heart, brain and eyes of every Solarbit are the main control board PCB and the custom developed LDR Light Sensor, which are included in this kit.\" \/>\n<meta name=\"twitter:image\" content=\"https:\/\/www.gobrrr.me\/ozypsoob\/2026\/01\/solarbit-pcb-kit-1_gobrrr.me_.jpg\" \/>\n<meta name=\"twitter:site\" content=\"@GoBrrr_me\" \/>\n<meta name=\"twitter:label1\" content=\"Gesch\u00e4tzte Lesezeit\" \/>\n\t<meta name=\"twitter:data1\" content=\"2 Minuten\" \/>\n<script type=\"application\/ld+json\" class=\"yoast-schema-graph\">{\"@context\":\"https:\\\/\\\/schema.org\",\"@graph\":[{\"@type\":\"WebPage\",\"@id\":\"https:\\\/\\\/www.gobrrr.me\\\/product\\\/solarbit-pcb-kit\\\/\",\"url\":\"https:\\\/\\\/www.gobrrr.me\\\/product\\\/solarbit-pcb-kit\\\/\",\"name\":\"Solarbit PCB Kit - Go Brrr\",\"isPartOf\":{\"@id\":\"https:\\\/\\\/www.gobrrr.me\\\/#website\"},\"primaryImageOfPage\":{\"@id\":\"https:\\\/\\\/www.gobrrr.me\\\/product\\\/solarbit-pcb-kit\\\/#primaryimage\"},\"image\":{\"@id\":\"https:\\\/\\\/www.gobrrr.me\\\/product\\\/solarbit-pcb-kit\\\/#primaryimage\"},\"thumbnailUrl\":\"https:\\\/\\\/www.gobrrr.me\\\/wp-content\\\/uploads\\\/2026\\\/01\\\/solarbit-pcb-kit-1_gobrrr.me_.jpg\",\"datePublished\":\"2026-01-09T14:36:34+00:00\",\"dateModified\":\"2026-01-31T15:21:39+00:00\",\"description\":\"The heart, brain and eyes of every Solarbit are the main control board PCB and the custom developed LDR Light Sensor, which are included in this kit.\",\"breadcrumb\":{\"@id\":\"https:\\\/\\\/www.gobrrr.me\\\/product\\\/solarbit-pcb-kit\\\/#breadcrumb\"},\"inLanguage\":\"de-AT\",\"potentialAction\":[{\"@type\":\"ReadAction\",\"target\":[\"https:\\\/\\\/www.gobrrr.me\\\/product\\\/solarbit-pcb-kit\\\/\"]}]},{\"@type\":\"ImageObject\",\"inLanguage\":\"de-AT\",\"@id\":\"https:\\\/\\\/www.gobrrr.me\\\/product\\\/solarbit-pcb-kit\\\/#primaryimage\",\"url\":\"https:\\\/\\\/www.gobrrr.me\\\/wp-content\\\/uploads\\\/2026\\\/01\\\/solarbit-pcb-kit-1_gobrrr.me_.jpg\",\"contentUrl\":\"https:\\\/\\\/www.gobrrr.me\\\/wp-content\\\/uploads\\\/2026\\\/01\\\/solarbit-pcb-kit-1_gobrrr.me_.jpg\",\"width\":1020,\"height\":768},{\"@type\":\"BreadcrumbList\",\"@id\":\"https:\\\/\\\/www.gobrrr.me\\\/product\\\/solarbit-pcb-kit\\\/#breadcrumb\",\"itemListElement\":[{\"@type\":\"ListItem\",\"position\":1,\"name\":\"Home\",\"item\":\"https:\\\/\\\/www.gobrrr.me\\\/\"},{\"@type\":\"ListItem\",\"position\":2,\"name\":\"Shop\",\"item\":\"https:\\\/\\\/www.gobrrr.me\\\/shop\\\/\"},{\"@type\":\"ListItem\",\"position\":3,\"name\":\"Solarbit PCB Kit\"}]},{\"@type\":\"WebSite\",\"@id\":\"https:\\\/\\\/www.gobrrr.me\\\/#website\",\"url\":\"https:\\\/\\\/www.gobrrr.me\\\/\",\"name\":\"Go Brrr\",\"description\":\"3D prints for sovereign individuals\",\"publisher\":{\"@id\":\"https:\\\/\\\/www.gobrrr.me\\\/#organization\"},\"potentialAction\":[{\"@type\":\"SearchAction\",\"target\":{\"@type\":\"EntryPoint\",\"urlTemplate\":\"https:\\\/\\\/www.gobrrr.me\\\/?s={search_term_string}\"},\"query-input\":{\"@type\":\"PropertyValueSpecification\",\"valueRequired\":true,\"valueName\":\"search_term_string\"}}],\"inLanguage\":\"de-AT\"},{\"@type\":\"Organization\",\"@id\":\"https:\\\/\\\/www.gobrrr.me\\\/#organization\",\"name\":\"Go Brrr 3D\",\"url\":\"https:\\\/\\\/www.gobrrr.me\\\/\",\"logo\":{\"@type\":\"ImageObject\",\"inLanguage\":\"de-AT\",\"@id\":\"https:\\\/\\\/www.gobrrr.me\\\/#\\\/schema\\\/logo\\\/image\\\/\",\"url\":\"https:\\\/\\\/i0.wp.com\\\/www.gobrrr.me\\\/wp-content\\\/uploads\\\/2022\\\/02\\\/BrrrIco.png?fit=100%2C100&ssl=1\",\"contentUrl\":\"https:\\\/\\\/i0.wp.com\\\/www.gobrrr.me\\\/wp-content\\\/uploads\\\/2022\\\/02\\\/BrrrIco.png?fit=100%2C100&ssl=1\",\"width\":100,\"height\":100,\"caption\":\"Go Brrr 3D\"},\"image\":{\"@id\":\"https:\\\/\\\/www.gobrrr.me\\\/#\\\/schema\\\/logo\\\/image\\\/\"},\"sameAs\":[\"https:\\\/\\\/x.com\\\/GoBrrr_me\"]}]}<\/script>\n","yoast_head_json":{"title":"Solarbit PCB Kit - Go Brrr","description":"The heart, brain and eyes of every Solarbit are the main control board PCB and the custom developed LDR Light Sensor, which are included in this kit.","robots":{"index":"index","follow":"follow","max-snippet":"max-snippet:-1","max-image-preview":"max-image-preview:large","max-video-preview":"max-video-preview:-1"},"canonical":"https:\/\/www.gobrrr.me\/de\/product\/solarbit-pcb-kit\/","og_locale":"de_DE","og_type":"article","og_title":"Solarbit PCB Kit","og_description":"The heart, brain and eyes of every Solarbit are the main control board PCB and the custom developed LDR Light Sensor, which are included in this kit.","og_url":"https:\/\/www.gobrrr.me\/de\/product\/solarbit-pcb-kit\/","og_site_name":"Go Brrr","article_modified_time":"2026-01-31T15:21:39+00:00","og_image":[{"width":1020,"height":768,"url":"https:\/\/www.gobrrr.me\/ozypsoob\/2026\/01\/solarbit-pcb-kit-1_gobrrr.me_.jpg","type":"image\/jpeg"}],"twitter_card":"summary_large_image","twitter_title":"Solarbit PCB Kit","twitter_description":"The heart, brain and eyes of every Solarbit are the main control board PCB and the custom developed LDR Light Sensor, which are included in this kit.","twitter_image":"https:\/\/www.gobrrr.me\/ozypsoob\/2026\/01\/solarbit-pcb-kit-1_gobrrr.me_.jpg","twitter_site":"@GoBrrr_me","twitter_misc":{"Gesch\u00e4tzte Lesezeit":"2 Minuten"},"schema":{"@context":"https:\/\/schema.org","@graph":[{"@type":"WebPage","@id":"https:\/\/www.gobrrr.me\/product\/solarbit-pcb-kit\/","url":"https:\/\/www.gobrrr.me\/product\/solarbit-pcb-kit\/","name":"Solarbit PCB Kit - Go Brrr","isPartOf":{"@id":"https:\/\/www.gobrrr.me\/#website"},"primaryImageOfPage":{"@id":"https:\/\/www.gobrrr.me\/product\/solarbit-pcb-kit\/#primaryimage"},"image":{"@id":"https:\/\/www.gobrrr.me\/product\/solarbit-pcb-kit\/#primaryimage"},"thumbnailUrl":"https:\/\/www.gobrrr.me\/ozypsoob\/2026\/01\/solarbit-pcb-kit-1_gobrrr.me_.jpg","datePublished":"2026-01-09T14:36:34+00:00","dateModified":"2026-01-31T15:21:39+00:00","description":"The heart, brain and eyes of every Solarbit are the main control board PCB and the custom developed LDR Light Sensor, which are included in this kit.","breadcrumb":{"@id":"https:\/\/www.gobrrr.me\/product\/solarbit-pcb-kit\/#breadcrumb"},"inLanguage":"de-AT","potentialAction":[{"@type":"ReadAction","target":["https:\/\/www.gobrrr.me\/product\/solarbit-pcb-kit\/"]}]},{"@type":"ImageObject","inLanguage":"de-AT","@id":"https:\/\/www.gobrrr.me\/product\/solarbit-pcb-kit\/#primaryimage","url":"https:\/\/www.gobrrr.me\/ozypsoob\/2026\/01\/solarbit-pcb-kit-1_gobrrr.me_.jpg","contentUrl":"https:\/\/www.gobrrr.me\/ozypsoob\/2026\/01\/solarbit-pcb-kit-1_gobrrr.me_.jpg","width":1020,"height":768},{"@type":"BreadcrumbList","@id":"https:\/\/www.gobrrr.me\/product\/solarbit-pcb-kit\/#breadcrumb","itemListElement":[{"@type":"ListItem","position":1,"name":"Home","item":"https:\/\/www.gobrrr.me\/"},{"@type":"ListItem","position":2,"name":"Shop","item":"https:\/\/www.gobrrr.me\/shop\/"},{"@type":"ListItem","position":3,"name":"Solarbit PCB Kit"}]},{"@type":"WebSite","@id":"https:\/\/www.gobrrr.me\/#website","url":"https:\/\/www.gobrrr.me\/","name":"Go Brrr","description":"3D prints for sovereign individuals","publisher":{"@id":"https:\/\/www.gobrrr.me\/#organization"},"potentialAction":[{"@type":"SearchAction","target":{"@type":"EntryPoint","urlTemplate":"https:\/\/www.gobrrr.me\/?s={search_term_string}"},"query-input":{"@type":"PropertyValueSpecification","valueRequired":true,"valueName":"search_term_string"}}],"inLanguage":"de-AT"},{"@type":"Organization","@id":"https:\/\/www.gobrrr.me\/#organization","name":"Go Brrr 3D","url":"https:\/\/www.gobrrr.me\/","logo":{"@type":"ImageObject","inLanguage":"de-AT","@id":"https:\/\/www.gobrrr.me\/#\/schema\/logo\/image\/","url":"https:\/\/i0.wp.com\/www.gobrrr.me\/ozypsoob\/2022\/02\/BrrrIco.png?fit=100%2C100&ssl=1","contentUrl":"https:\/\/i0.wp.com\/www.gobrrr.me\/ozypsoob\/2022\/02\/BrrrIco.png?fit=100%2C100&ssl=1","width":100,"height":100,"caption":"Go Brrr 3D"},"image":{"@id":"https:\/\/www.gobrrr.me\/#\/schema\/logo\/image\/"},"sameAs":["https:\/\/x.com\/GoBrrr_me"]}]}},"_links":{"self":[{"href":"https:\/\/www.gobrrr.me\/de\/wp-json\/wp\/v2\/product\/10973","targetHints":{"allow":["GET"]}}],"collection":[{"href":"https:\/\/www.gobrrr.me\/de\/wp-json\/wp\/v2\/product"}],"about":[{"href":"https:\/\/www.gobrrr.me\/de\/wp-json\/wp\/v2\/types\/product"}],"replies":[{"embeddable":true,"href":"https:\/\/www.gobrrr.me\/de\/wp-json\/wp\/v2\/comments?post=10973"}],"version-history":[{"count":0,"href":"https:\/\/www.gobrrr.me\/de\/wp-json\/wp\/v2\/product\/10973\/revisions"}],"wp:featuredmedia":[{"embeddable":true,"href":"https:\/\/www.gobrrr.me\/de\/wp-json\/wp\/v2\/media\/10989"}],"wp:attachment":[{"href":"https:\/\/www.gobrrr.me\/de\/wp-json\/wp\/v2\/media?parent=10973"}],"wp:term":[{"taxonomy":"product_brand","embeddable":true,"href":"https:\/\/www.gobrrr.me\/de\/wp-json\/wp\/v2\/product_brand?post=10973"},{"taxonomy":"product_cat","embeddable":true,"href":"https:\/\/www.gobrrr.me\/de\/wp-json\/wp\/v2\/product_cat?post=10973"},{"taxonomy":"product_tag","embeddable":true,"href":"https:\/\/www.gobrrr.me\/de\/wp-json\/wp\/v2\/product_tag?post=10973"}],"curies":[{"name":"wp","href":"https:\/\/api.w.org\/{rel}","templated":true}]}}