{"id":10958,"date":"2026-01-09T14:39:58","date_gmt":"2026-01-09T13:39:58","guid":{"rendered":"https:\/\/www.gobrrr.me\/?post_type=product&#038;p=10958"},"modified":"2026-02-05T12:10:45","modified_gmt":"2026-02-05T11:10:45","slug":"nerdqaxe-lan-stand","status":"publish","type":"product","link":"https:\/\/www.gobrrr.me\/de\/product\/nerdqaxe-lan-stand\/","title":{"rendered":"<p>NerdQaxe LAN-St\u00e4nder<\/p>"},"content":{"rendered":"<h3><strong>Hardwire all die Dinge!<\/strong><p>Der erste NerdQaxe+ \/ NerdQaxe++ Stand mit integriertem Geh\u00e4use f\u00fcr das Ethernet Modul, das mit unseren NerdLAN Adaptern geliefert wird.<\/p><p>Lege das Ethernet-Modul in einem Winkel ein, so dass die flache Seite unter den beiden Laschen verriegelt, und dr\u00fccke dann auf die RJ45-Portseite der Leiterplatte, damit sie einrastet. Die gesamte R\u00fcckseite des Standes ist ein gro\u00dfer Bitcoin B, f\u00fcr diejenigen, die es vorziehen, nicht direkt auf ihre Miner-Leiterplatte zu schauen.<\/p><div class=\"rgg-container\" data-rgg-id=\"1\">    <div class=\"rgg-imagegrid captions-title captions-effect-none\" data-rgg-id=\"1\">\n                    <a href=\"https:\/\/www.gobrrr.me\/ozypsoob\/2026\/01\/G-DYjV6XEAAuAXB-771x1024.jpg\" data-rel=\"rgg\" rel=\"rgg\" title=\"\" class=\"rgg-disabled size-large rgg-img\" data-src=\"https:\/\/www.gobrrr.me\/ozypsoob\/2026\/01\/G-DYjV6XEAAuAXB-771x1024.jpg\" data-ratio=\"0.7529296875\" data-height=\"1024\" data-width=\"771\" aria-label=\"\">\n                            <\/a>\n                    <a href=\"https:\/\/www.gobrrr.me\/ozypsoob\/2026\/01\/G-DYjV5XcAAU_qN-771x1024.jpg\" data-rel=\"rgg\" rel=\"rgg\" title=\"\" class=\"rgg-disabled size-large rgg-img\" data-src=\"https:\/\/www.gobrrr.me\/ozypsoob\/2026\/01\/G-DYjV5XcAAU_qN-771x1024.jpg\" data-ratio=\"0.7529296875\" data-height=\"1024\" data-width=\"771\" aria-label=\"\">\n                            <\/a>\n            <\/div>\n<\/div><p>M\u00f6chtest du das zu Hause ausdrucken? Kaufe die Dateien mit&nbsp;<a href=\"https:\/\/www.printables.com\/model\/1549023-nerdqaxe-lan-ready-btc-stand\" target=\"_blank\" rel=\"noopener\">Fiat<\/a>&nbsp;oder&nbsp;<a href=\"https:\/\/pay.fomozon.com\/apps\/2KrLUzgmLwpBWW1mcBxV2VeX3yvd\/pos\" target=\"_blank\" rel=\"noopener\">Bitcoin<\/a>!<\/p><\/h3>","protected":false},"excerpt":{"rendered":"<p>Der erste NerdQaxe+ \/ NerdQaxe++ St\u00e4nder mit integriertem Geh\u00e4use f\u00fcr das Ethernet Modul, welches mit unserem <a href=\"https:\/\/www.gobrrr.me\/product\/nerdqaxe-lan\/\" target=\"_blank\" rel=\"noopener\">NerdLAN-Adapter<\/a>. Die gesamte R\u00fcckseite des Standes ist ein gro\u00dfer Bitcoin B, f\u00fcr diejenigen, die es vorziehen, nicht direkt auf ihre Miner-Leiterplatte zu schauen. Montiere deine NerdQaxe mit normalen M3-PC-Schrauben, keine spezielle Hardware oder Werkzeuge erforderlich! Lege das Ethernet-Modul in einem Winkel ein, so dass die flache Seite unter den beiden Laschen verriegelt, und dr\u00fccke dann auf die RJ45-Portseite der Leiterplatte, damit sie einrastet.<p>Gedruckt aus halbtransluzentem, biologisch abbaubarem PLA.<\/p><p>M\u00f6chtest du das zu Hause ausdrucken? Kaufe die Dateien mit&nbsp;<a href=\"https:\/\/www.printables.com\/model\/1549023-nerdqaxe-lan-ready-btc-stand\" target=\"_blank\" rel=\"noopener\">Fiat<\/a>&nbsp;oder&nbsp;<a href=\"https:\/\/pay.fomozon.com\/apps\/2KrLUzgmLwpBWW1mcBxV2VeX3yvd\/pos\" target=\"_blank\" rel=\"noopener\">Bitcoin<\/a>!<\/p><\/p>","protected":false},"featured_media":10964,"comment_status":"closed","ping_status":"closed","template":"","meta":[],"product_brand":[271],"product_cat":[279],"product_tag":[],"class_list":{"0":"post-10958","1":"product","2":"type-product","3":"status-publish","4":"has-post-thumbnail","6":"product_brand-gobrrr","7":"product_cat-nerdqaxe","8":"product_shipping_class-l","10":"first","11":"instock","12":"taxable","13":"shipping-taxable","14":"purchasable","15":"product-type-simple"},"yoast_head":"\n<title>NerdQaxe LAN Stand - Go Brrr<\/title>\n<meta name=\"description\" content=\"The first NerdQaxe+ \/ NerdQaxe++ Stand with integrated enclosure for the Ethernet Module which comes with our NerdLAN Adapters. The entire back of the stand is a big Bitcoin B, for those who prefer to not directly look at their miners circuit board. Mount your NerdQaxe using regular M3 pc screws, no special hardware or tools needed!Insert the Ethernet Module at an angle so the flat side locks below the two tabs, then push on the RJ45 Port side of the PCB to make it click into place.Printed from semi translucent, biodegradable PLA.\" \/>\n<meta name=\"robots\" content=\"index, follow, max-snippet:-1, max-image-preview:large, max-video-preview:-1\" \/>\n<link rel=\"canonical\" href=\"https:\/\/www.gobrrr.me\/de\/product\/nerdqaxe-lan-stand\/\" \/>\n<meta property=\"og:locale\" content=\"de_DE\" \/>\n<meta property=\"og:type\" content=\"article\" \/>\n<meta property=\"og:title\" content=\"NerdQaxe++ LAN Stand\" \/>\n<meta property=\"og:description\" content=\"The first NerdQaxe+ \/ NerdQaxe++ Stand with integrated enclosure for the Ethernet Module which comes with our NerdLAN Adapters. The entire back of the stand is a big Bitcoin B, for those who prefer to not directly look at their miners circuit board. Mount your NerdQaxe using regular M3 pc screws, no special hardware or tools needed!Insert the Ethernet Module at an angle so the flat side locks below the two tabs, then push on the RJ45 Port side of the PCB to make it click into place.Printed from semi translucent, biodegradable PLA.\" \/>\n<meta property=\"og:url\" content=\"https:\/\/www.gobrrr.me\/de\/product\/nerdqaxe-lan-stand\/\" \/>\n<meta property=\"og:site_name\" content=\"Go Brrr\" \/>\n<meta property=\"article:modified_time\" content=\"2026-02-05T11:10:45+00:00\" \/>\n<meta property=\"og:image\" content=\"https:\/\/www.gobrrr.me\/ozypsoob\/2026\/01\/THUMBS-1.jpeg\" \/>\n\t<meta property=\"og:image:width\" content=\"1024\" \/>\n\t<meta property=\"og:image:height\" content=\"768\" \/>\n\t<meta property=\"og:image:type\" content=\"image\/jpeg\" \/>\n<meta name=\"twitter:card\" content=\"summary_large_image\" \/>\n<meta name=\"twitter:title\" content=\"NerdQaxe++ LAN Stand\" \/>\n<meta name=\"twitter:description\" content=\"The first NerdQaxe+ \/ NerdQaxe++ Stand with integrated enclosure for the Ethernet Module which comes with our NerdLAN Adapters. The entire back of the stand is a big Bitcoin B, for those who prefer to not directly look at their miners circuit board. Mount your NerdQaxe using regular M3 pc screws, no special hardware or tools needed!Insert the Ethernet Module at an angle so the flat side locks below the two tabs, then push on the RJ45 Port side of the PCB to make it click into place.Printed from semi translucent, biodegradable PLA.\" \/>\n<meta name=\"twitter:image\" content=\"https:\/\/www.gobrrr.me\/ozypsoob\/2026\/01\/THUMBS-1.jpeg\" \/>\n<meta name=\"twitter:site\" content=\"@GoBrrr_me\" \/>\n<meta name=\"twitter:label1\" content=\"Gesch\u00e4tzte Lesezeit\" \/>\n\t<meta name=\"twitter:data1\" content=\"1 Minute\" \/>\n<script type=\"application\/ld+json\" class=\"yoast-schema-graph\">{\"@context\":\"https:\\\/\\\/schema.org\",\"@graph\":[{\"@type\":\"WebPage\",\"@id\":\"https:\\\/\\\/www.gobrrr.me\\\/product\\\/nerdqaxe-lan-stand\\\/\",\"url\":\"https:\\\/\\\/www.gobrrr.me\\\/product\\\/nerdqaxe-lan-stand\\\/\",\"name\":\"NerdQaxe LAN Stand - Go Brrr\",\"isPartOf\":{\"@id\":\"https:\\\/\\\/www.gobrrr.me\\\/#website\"},\"primaryImageOfPage\":{\"@id\":\"https:\\\/\\\/www.gobrrr.me\\\/product\\\/nerdqaxe-lan-stand\\\/#primaryimage\"},\"image\":{\"@id\":\"https:\\\/\\\/www.gobrrr.me\\\/product\\\/nerdqaxe-lan-stand\\\/#primaryimage\"},\"thumbnailUrl\":\"https:\\\/\\\/www.gobrrr.me\\\/wp-content\\\/uploads\\\/2026\\\/01\\\/THUMBS-1.jpeg\",\"datePublished\":\"2026-01-09T13:39:58+00:00\",\"dateModified\":\"2026-02-05T11:10:45+00:00\",\"description\":\"The first NerdQaxe+ \\\/ NerdQaxe++ Stand with integrated enclosure for the Ethernet Module which comes with our NerdLAN Adapters. The entire back of the stand is a big Bitcoin B, for those who prefer to not directly look at their miners circuit board. Mount your NerdQaxe using regular M3 pc screws, no special hardware or tools needed!Insert the Ethernet Module at an angle so the flat side locks below the two tabs, then push on the RJ45 Port side of the PCB to make it click into place.Printed from semi translucent, biodegradable PLA.\",\"breadcrumb\":{\"@id\":\"https:\\\/\\\/www.gobrrr.me\\\/product\\\/nerdqaxe-lan-stand\\\/#breadcrumb\"},\"inLanguage\":\"de-AT\",\"potentialAction\":[{\"@type\":\"ReadAction\",\"target\":[\"https:\\\/\\\/www.gobrrr.me\\\/product\\\/nerdqaxe-lan-stand\\\/\"]}]},{\"@type\":\"ImageObject\",\"inLanguage\":\"de-AT\",\"@id\":\"https:\\\/\\\/www.gobrrr.me\\\/product\\\/nerdqaxe-lan-stand\\\/#primaryimage\",\"url\":\"https:\\\/\\\/www.gobrrr.me\\\/wp-content\\\/uploads\\\/2026\\\/01\\\/THUMBS-1.jpeg\",\"contentUrl\":\"https:\\\/\\\/www.gobrrr.me\\\/wp-content\\\/uploads\\\/2026\\\/01\\\/THUMBS-1.jpeg\",\"width\":1024,\"height\":768},{\"@type\":\"BreadcrumbList\",\"@id\":\"https:\\\/\\\/www.gobrrr.me\\\/product\\\/nerdqaxe-lan-stand\\\/#breadcrumb\",\"itemListElement\":[{\"@type\":\"ListItem\",\"position\":1,\"name\":\"Home\",\"item\":\"https:\\\/\\\/www.gobrrr.me\\\/\"},{\"@type\":\"ListItem\",\"position\":2,\"name\":\"Shop\",\"item\":\"https:\\\/\\\/www.gobrrr.me\\\/shop\\\/\"},{\"@type\":\"ListItem\",\"position\":3,\"name\":\"NerdQaxe LAN Stand\"}]},{\"@type\":\"WebSite\",\"@id\":\"https:\\\/\\\/www.gobrrr.me\\\/#website\",\"url\":\"https:\\\/\\\/www.gobrrr.me\\\/\",\"name\":\"Go Brrr\",\"description\":\"3D prints for sovereign individuals\",\"publisher\":{\"@id\":\"https:\\\/\\\/www.gobrrr.me\\\/#organization\"},\"potentialAction\":[{\"@type\":\"SearchAction\",\"target\":{\"@type\":\"EntryPoint\",\"urlTemplate\":\"https:\\\/\\\/www.gobrrr.me\\\/?s={search_term_string}\"},\"query-input\":{\"@type\":\"PropertyValueSpecification\",\"valueRequired\":true,\"valueName\":\"search_term_string\"}}],\"inLanguage\":\"de-AT\"},{\"@type\":\"Organization\",\"@id\":\"https:\\\/\\\/www.gobrrr.me\\\/#organization\",\"name\":\"Go Brrr 3D\",\"url\":\"https:\\\/\\\/www.gobrrr.me\\\/\",\"logo\":{\"@type\":\"ImageObject\",\"inLanguage\":\"de-AT\",\"@id\":\"https:\\\/\\\/www.gobrrr.me\\\/#\\\/schema\\\/logo\\\/image\\\/\",\"url\":\"https:\\\/\\\/i0.wp.com\\\/www.gobrrr.me\\\/wp-content\\\/uploads\\\/2022\\\/02\\\/BrrrIco.png?fit=100%2C100&ssl=1\",\"contentUrl\":\"https:\\\/\\\/i0.wp.com\\\/www.gobrrr.me\\\/wp-content\\\/uploads\\\/2022\\\/02\\\/BrrrIco.png?fit=100%2C100&ssl=1\",\"width\":100,\"height\":100,\"caption\":\"Go Brrr 3D\"},\"image\":{\"@id\":\"https:\\\/\\\/www.gobrrr.me\\\/#\\\/schema\\\/logo\\\/image\\\/\"},\"sameAs\":[\"https:\\\/\\\/x.com\\\/GoBrrr_me\"]}]}<\/script>\n","yoast_head_json":{"title":"NerdQaxe LAN Stand - Go Brrr","description":"The first NerdQaxe+ \/ NerdQaxe++ Stand with integrated enclosure for the Ethernet Module which comes with our NerdLAN Adapters. The entire back of the stand is a big Bitcoin B, for those who prefer to not directly look at their miners circuit board. Mount your NerdQaxe using regular M3 pc screws, no special hardware or tools needed!Insert the Ethernet Module at an angle so the flat side locks below the two tabs, then push on the RJ45 Port side of the PCB to make it click into place.Printed from semi translucent, biodegradable PLA.","robots":{"index":"index","follow":"follow","max-snippet":"max-snippet:-1","max-image-preview":"max-image-preview:large","max-video-preview":"max-video-preview:-1"},"canonical":"https:\/\/www.gobrrr.me\/de\/product\/nerdqaxe-lan-stand\/","og_locale":"de_DE","og_type":"article","og_title":"NerdQaxe++ LAN Stand","og_description":"The first NerdQaxe+ \/ NerdQaxe++ Stand with integrated enclosure for the Ethernet Module which comes with our NerdLAN Adapters. The entire back of the stand is a big Bitcoin B, for those who prefer to not directly look at their miners circuit board. Mount your NerdQaxe using regular M3 pc screws, no special hardware or tools needed!Insert the Ethernet Module at an angle so the flat side locks below the two tabs, then push on the RJ45 Port side of the PCB to make it click into place.Printed from semi translucent, biodegradable PLA.","og_url":"https:\/\/www.gobrrr.me\/de\/product\/nerdqaxe-lan-stand\/","og_site_name":"Go Brrr","article_modified_time":"2026-02-05T11:10:45+00:00","og_image":[{"width":1024,"height":768,"url":"https:\/\/www.gobrrr.me\/ozypsoob\/2026\/01\/THUMBS-1.jpeg","type":"image\/jpeg"}],"twitter_card":"summary_large_image","twitter_title":"NerdQaxe++ LAN Stand","twitter_description":"The first NerdQaxe+ \/ NerdQaxe++ Stand with integrated enclosure for the Ethernet Module which comes with our NerdLAN Adapters. The entire back of the stand is a big Bitcoin B, for those who prefer to not directly look at their miners circuit board. Mount your NerdQaxe using regular M3 pc screws, no special hardware or tools needed!Insert the Ethernet Module at an angle so the flat side locks below the two tabs, then push on the RJ45 Port side of the PCB to make it click into place.Printed from semi translucent, biodegradable PLA.","twitter_image":"https:\/\/www.gobrrr.me\/ozypsoob\/2026\/01\/THUMBS-1.jpeg","twitter_site":"@GoBrrr_me","twitter_misc":{"Gesch\u00e4tzte Lesezeit":"1 Minute"},"schema":{"@context":"https:\/\/schema.org","@graph":[{"@type":"WebPage","@id":"https:\/\/www.gobrrr.me\/product\/nerdqaxe-lan-stand\/","url":"https:\/\/www.gobrrr.me\/product\/nerdqaxe-lan-stand\/","name":"NerdQaxe LAN Stand - Go Brrr","isPartOf":{"@id":"https:\/\/www.gobrrr.me\/#website"},"primaryImageOfPage":{"@id":"https:\/\/www.gobrrr.me\/product\/nerdqaxe-lan-stand\/#primaryimage"},"image":{"@id":"https:\/\/www.gobrrr.me\/product\/nerdqaxe-lan-stand\/#primaryimage"},"thumbnailUrl":"https:\/\/www.gobrrr.me\/ozypsoob\/2026\/01\/THUMBS-1.jpeg","datePublished":"2026-01-09T13:39:58+00:00","dateModified":"2026-02-05T11:10:45+00:00","description":"The first NerdQaxe+ \/ NerdQaxe++ Stand with integrated enclosure for the Ethernet Module which comes with our NerdLAN Adapters. The entire back of the stand is a big Bitcoin B, for those who prefer to not directly look at their miners circuit board. Mount your NerdQaxe using regular M3 pc screws, no special hardware or tools needed!Insert the Ethernet Module at an angle so the flat side locks below the two tabs, then push on the RJ45 Port side of the PCB to make it click into place.Printed from semi translucent, biodegradable PLA.","breadcrumb":{"@id":"https:\/\/www.gobrrr.me\/product\/nerdqaxe-lan-stand\/#breadcrumb"},"inLanguage":"de-AT","potentialAction":[{"@type":"ReadAction","target":["https:\/\/www.gobrrr.me\/product\/nerdqaxe-lan-stand\/"]}]},{"@type":"ImageObject","inLanguage":"de-AT","@id":"https:\/\/www.gobrrr.me\/product\/nerdqaxe-lan-stand\/#primaryimage","url":"https:\/\/www.gobrrr.me\/ozypsoob\/2026\/01\/THUMBS-1.jpeg","contentUrl":"https:\/\/www.gobrrr.me\/ozypsoob\/2026\/01\/THUMBS-1.jpeg","width":1024,"height":768},{"@type":"BreadcrumbList","@id":"https:\/\/www.gobrrr.me\/product\/nerdqaxe-lan-stand\/#breadcrumb","itemListElement":[{"@type":"ListItem","position":1,"name":"Home","item":"https:\/\/www.gobrrr.me\/"},{"@type":"ListItem","position":2,"name":"Shop","item":"https:\/\/www.gobrrr.me\/shop\/"},{"@type":"ListItem","position":3,"name":"NerdQaxe LAN Stand"}]},{"@type":"WebSite","@id":"https:\/\/www.gobrrr.me\/#website","url":"https:\/\/www.gobrrr.me\/","name":"Go Brrr","description":"3D prints for sovereign individuals","publisher":{"@id":"https:\/\/www.gobrrr.me\/#organization"},"potentialAction":[{"@type":"SearchAction","target":{"@type":"EntryPoint","urlTemplate":"https:\/\/www.gobrrr.me\/?s={search_term_string}"},"query-input":{"@type":"PropertyValueSpecification","valueRequired":true,"valueName":"search_term_string"}}],"inLanguage":"de-AT"},{"@type":"Organization","@id":"https:\/\/www.gobrrr.me\/#organization","name":"Go Brrr 3D","url":"https:\/\/www.gobrrr.me\/","logo":{"@type":"ImageObject","inLanguage":"de-AT","@id":"https:\/\/www.gobrrr.me\/#\/schema\/logo\/image\/","url":"https:\/\/i0.wp.com\/www.gobrrr.me\/ozypsoob\/2022\/02\/BrrrIco.png?fit=100%2C100&ssl=1","contentUrl":"https:\/\/i0.wp.com\/www.gobrrr.me\/ozypsoob\/2022\/02\/BrrrIco.png?fit=100%2C100&ssl=1","width":100,"height":100,"caption":"Go Brrr 3D"},"image":{"@id":"https:\/\/www.gobrrr.me\/#\/schema\/logo\/image\/"},"sameAs":["https:\/\/x.com\/GoBrrr_me"]}]}},"_links":{"self":[{"href":"https:\/\/www.gobrrr.me\/de\/wp-json\/wp\/v2\/product\/10958","targetHints":{"allow":["GET"]}}],"collection":[{"href":"https:\/\/www.gobrrr.me\/de\/wp-json\/wp\/v2\/product"}],"about":[{"href":"https:\/\/www.gobrrr.me\/de\/wp-json\/wp\/v2\/types\/product"}],"replies":[{"embeddable":true,"href":"https:\/\/www.gobrrr.me\/de\/wp-json\/wp\/v2\/comments?post=10958"}],"version-history":[{"count":0,"href":"https:\/\/www.gobrrr.me\/de\/wp-json\/wp\/v2\/product\/10958\/revisions"}],"wp:featuredmedia":[{"embeddable":true,"href":"https:\/\/www.gobrrr.me\/de\/wp-json\/wp\/v2\/media\/10964"}],"wp:attachment":[{"href":"https:\/\/www.gobrrr.me\/de\/wp-json\/wp\/v2\/media?parent=10958"}],"wp:term":[{"taxonomy":"product_brand","embeddable":true,"href":"https:\/\/www.gobrrr.me\/de\/wp-json\/wp\/v2\/product_brand?post=10958"},{"taxonomy":"product_cat","embeddable":true,"href":"https:\/\/www.gobrrr.me\/de\/wp-json\/wp\/v2\/product_cat?post=10958"},{"taxonomy":"product_tag","embeddable":true,"href":"https:\/\/www.gobrrr.me\/de\/wp-json\/wp\/v2\/product_tag?post=10958"}],"curies":[{"name":"wp","href":"https:\/\/api.w.org\/{rel}","templated":true}]}}