{"id":10937,"date":"2026-01-09T13:08:04","date_gmt":"2026-01-09T12:08:04","guid":{"rendered":"https:\/\/www.gobrrr.me\/?post_type=product&#038;p=10937"},"modified":"2026-01-31T16:23:40","modified_gmt":"2026-01-31T15:23:40","slug":"start9-serverpure","status":"publish","type":"product","link":"https:\/\/www.gobrrr.me\/de\/product\/start9-serverpure\/","title":{"rendered":"<p>Start9? Server Pure<\/p>"},"content":{"rendered":"<p>Richten Sie den leistungsst\u00e4rksten Plug &amp;amp ein; Spielen Sie Bitcoin Node und Homeserver mit Start9 Server Pure.<p>Ein Server mit Intel i7-10710U Prozessor mit 32 GB (2x 16 GB) DDR4 RAM und einer 4TB NVMe SSD. Es verf\u00fcgt \u00fcber 4x USB 3.0, 2x USB 2.0, 1x USB-C 3.1, 1x RJ45, 1x HDMI und 1x DisplayPort Ports. Entwickelt f\u00fcr den Betrieb deines eigenen privaten Servers mit dem StartOS-Betriebssystem auf Linux-Basis. Es erm\u00f6glicht den Betrieb eines extrem leistungsstarken Bitcoin Node, Datenspeicherung, KI-Anwendungen und unz\u00e4hlige andere Anwendungen. Betreibe deinen eigenen Node aus, verbinde deine Hardware Wallet mit deinem Node f\u00fcr einwandfreie Privatsph\u00e4re und installiere Dienste wie mempool, nostr relay und vieles mehr mit nur einem Klick!<\/p><p>&nbsp;<\/p><ul>\n<li>wahnsinnig leistungsf\u00e4hige Hardware<\/li>\n<li>OS starten? Vollst\u00e4ndig Open Source<\/li>\n<li>Vorinstalliert &amp;100% Plug &amp; Spielen<\/li>\n<li>Bequemes Webinterface<\/li>\n<li>Gro\u00dfer App Store<\/li>\n<\/ul><p>&nbsp;<\/p><div class=\"rgg-container\" data-rgg-id=\"1\">    <div class=\"rgg-imagegrid captions-title captions-effect-none\" data-rgg-id=\"1\">\n                    <a data-rel=\"rgg\" rel=\"rgg\" title=\"\" class=\"rgg-disabled size-full rgg-img\" data-src=\"https:\/\/www.gobrrr.me\/ozypsoob\/2026\/01\/i.jpg\" data-ratio=\"1.3333333333333\" data-height=\"768\" data-width=\"1024\" aria-label=\"\">\n                            <\/a>\n                    <a data-rel=\"rgg\" rel=\"rgg\" title=\"\" class=\"rgg-disabled size-full rgg-img\" data-src=\"https:\/\/www.gobrrr.me\/ozypsoob\/2026\/01\/Start9-GoBrrr.me-4.png\" data-ratio=\"1.3341232227488\" data-height=\"422\" data-width=\"563\" aria-label=\"\">\n                            <\/a>\n                    <a data-rel=\"rgg\" rel=\"rgg\" title=\"\" class=\"rgg-disabled size-full rgg-img\" data-src=\"https:\/\/www.gobrrr.me\/ozypsoob\/2026\/01\/Start9-GoBrrr.me-3.png\" data-ratio=\"1.3341232227488\" data-height=\"422\" data-width=\"563\" aria-label=\"\">\n                            <\/a>\n                    <a data-rel=\"rgg\" rel=\"rgg\" title=\"\" class=\"rgg-disabled size-full rgg-img\" data-src=\"https:\/\/www.gobrrr.me\/ozypsoob\/2026\/01\/Start9-GoBrrr.me-1.png\" data-ratio=\"1.3341232227488\" data-height=\"422\" data-width=\"563\" aria-label=\"\">\n                            <\/a>\n            <\/div>\n<\/div><div>\n<div>\n<h4>REVOLUTION\u00c4R HOME SERVER<\/h4>\n<p>Der Start9 Server Pure ist ein fortschrittlicher Server f\u00fcr Heim und B\u00fcro. Es erm\u00f6glicht eine sichere und private Verwaltung von Daten und Anwendungen und gibt den Benutzern die vollst\u00e4ndige Kontrolle \u00fcber ihre digitale Infrastruktur. Es ist perfekt f\u00fcr diejenigen, die ihre Daten und Anwendungen kontrollieren m\u00f6chten, ohne sich auf Dritte zu verlassen.<\/p>\n<\/div>\n<div>\n<p>&nbsp;<\/p>\n<h4>BITCOIN-NODE<\/h4>\n<p>Der Start9 Server Pure erm\u00f6glicht eine einfache und zuverl\u00e4ssige Bedienung als Bitcoin Node. Dies erm\u00f6glicht es dir, direkt am Bitcoin-Netzwerk teilzunehmen, die Transaktionssicherheit zu gew\u00e4hrleisten und die Blockchain zu \u00fcberpr\u00fcfen, ohne sich auf Dritte zu verlassen. Dies erh\u00f6ht deine Privatsph\u00e4re und Sicherheit bei der Verwendung des Bitcoin-Netzwerks.<\/p>\n<\/div>\n<\/div><div><\/div><div>\n<div>\n<p>&nbsp;<\/p>\n<h4>BETREIBE DEINE EIGENEN DIENSTE<\/h4>\n<p>Start9 unterst\u00fctzt eine Vielzahl von Open-Source-Diensten. Du kannst deine eigenen Versionen von Diensten wie Dropbox, iPhoto, Lastpass, iMessage, GitHub und viele andere ausf\u00fchren. Zahlreiche Anwendungen sind auf dem Start9 Marketplace verf\u00fcgbar.<\/p>\n<\/div>\n<div>\n<p>&nbsp;<\/p>\n<h4>PERS\u00d6NLICHER CLOUDSERVER<\/h4>\n<p>Mit dem Start9 Server Pure kannst du deinen eigenen pers\u00f6nlichen Cloud-Server f\u00fcr Dateispeicherung, Datensynchronisierung und Backups einrichten. So kannst du jederzeit und \u00fcberall auf deine Daten zuzugreifen, ohne dass Dritte Zugriff auf deine pers\u00f6nlichen Daten haben.<\/p>\n<\/div>\n<\/div><\/p>","protected":false},"excerpt":{"rendered":"<p>Richten Sie den leistungsst\u00e4rksten Plug &amp;amp ein; Spielen Sie Bitcoin Node und Homeserver mit Start9 Server Pure.<p>Ein Server mit Intel i7-10710U Prozessor mit 32 GB (2x 16 GB) DDR4 RAM und einer 4TB NVMe SSD. Es verf\u00fcgt \u00fcber 4x USB 3.0, 2x USB 2.0, 1x USB-C 3.1, 1x RJ45, 1x HDMI und 1x DisplayPort Ports. Entwickelt f\u00fcr den Betrieb deines eigenen privaten Servers mit dem StartOS-Betriebssystem auf Linux-Basis. Es erm\u00f6glicht den Betrieb eines extrem leistungsstarken Bitcoin Node, Datenspeicherung, KI-Anwendungen und unz\u00e4hlige andere Anwendungen. Betreibe deinen eigenen Node aus, verbinde deine Hardware Wallet mit deinem Node f\u00fcr einwandfreie Privatsph\u00e4re und installiere Dienste wie mempool, nostr relay und vieles mehr mit nur einem Klick!<\/p><ul>\n<li>wahnsinnig leistungsf\u00e4hige Hardware<\/li>\n<li>OS starten? Vollst\u00e4ndig Open Source<\/li>\n<li>Vorinstalliert &amp;100% Plug &amp; Spielen<\/li>\n<li>Bequemes Webinterface<\/li>\n<li>Gro\u00dfer App Store<\/li>\n<\/ul><\/p>","protected":false},"featured_media":10939,"comment_status":"closed","ping_status":"closed","template":"","meta":[],"product_brand":[301],"product_cat":[50],"product_tag":[],"class_list":{"0":"post-10937","1":"product","2":"type-product","3":"status-publish","4":"has-post-thumbnail","6":"product_brand-start9","7":"product_cat-nodes","8":"product_shipping_class-s","10":"first","11":"onbackorder","12":"taxable","13":"shipping-taxable","14":"purchasable","15":"product-type-simple"},"yoast_head":"\n<title>Start9 \u2013 Server Pure - Go Brrr<\/title>\n<meta name=\"description\" content=\"Set up the most powerful Plug &amp; Play Bitcoin Node and Homeserver with Start9 Server Pure.A server with Intel i7-10710U processor with 32 GB (2x 16 GB) DDR4 RAM and a 4TB NVMe SSD. It has 4x USB 3.0, 2x USB 2.0, 1x USB-C 3.1, 1x RJ45, 1x HDMI, and 1x DisplayPort ports. Designed for operating your own private serverwith the StartOS operating systembased on Linux. It enables the operation of an extremely high-performance Bitcoin node, data storage, AI applications, and countless other applications. Run your own node, connect your hardware wallet to your Node for impeccable privacy and install services like mempool, nostr relay and many more with just one click!\" \/>\n<meta name=\"robots\" content=\"index, follow, max-snippet:-1, max-image-preview:large, max-video-preview:-1\" \/>\n<link rel=\"canonical\" href=\"https:\/\/www.gobrrr.me\/de\/product\/start9-serverpure\/\" \/>\n<meta property=\"og:locale\" content=\"de_DE\" \/>\n<meta property=\"og:type\" content=\"article\" \/>\n<meta property=\"og:title\" content=\"Start9 \u2013 Server Pure\" \/>\n<meta property=\"og:description\" content=\"Set up the most powerful Plug &amp; Play Bitcoin Node and Homeserver with Start9 Server Pure.A server with Intel i7-10710U processor with 32 GB (2x 16 GB) DDR4 RAM and a 4TB NVMe SSD. It has 4x USB 3.0, 2x USB 2.0, 1x USB-C 3.1, 1x RJ45, 1x HDMI, and 1x DisplayPort ports. Designed for operating your own private serverwith the StartOS operating systembased on Linux. It enables the operation of an extremely high-performance Bitcoin node, data storage, AI applications, and countless other applications. Run your own node, connect your hardware wallet to your Node for impeccable privacy and install services like mempool, nostr relay and many more with just one click!\" \/>\n<meta property=\"og:url\" content=\"https:\/\/www.gobrrr.me\/de\/product\/start9-serverpure\/\" \/>\n<meta property=\"og:site_name\" content=\"Go Brrr\" \/>\n<meta property=\"article:modified_time\" content=\"2026-01-31T15:23:40+00:00\" \/>\n<meta property=\"og:image\" content=\"https:\/\/www.gobrrr.me\/ozypsoob\/2026\/01\/Privacy-server-Start9-Server-Pure-2025.png\" \/>\n\t<meta property=\"og:image:width\" content=\"640\" \/>\n\t<meta property=\"og:image:height\" content=\"480\" \/>\n\t<meta property=\"og:image:type\" content=\"image\/png\" \/>\n<meta name=\"twitter:card\" content=\"summary_large_image\" \/>\n<meta name=\"twitter:title\" content=\"Start9 \u2013 Server Pure\" \/>\n<meta name=\"twitter:description\" content=\"Set up the most powerful Plug &amp; Play Bitcoin Node and Homeserver with Start9 Server Pure.A server with Intel i7-10710U processor with 32 GB (2x 16 GB) DDR4 RAM and a 4TB NVMe SSD. It has 4x USB 3.0, 2x USB 2.0, 1x USB-C 3.1, 1x RJ45, 1x HDMI, and 1x DisplayPort ports. Designed for operating your own private serverwith the StartOS operating systembased on Linux. It enables the operation of an extremely high-performance Bitcoin node, data storage, AI applications, and countless other applications. Run your own node, connect your hardware wallet to your Node for impeccable privacy and install services like mempool, nostr relay and many more with just one click!\" \/>\n<meta name=\"twitter:image\" content=\"https:\/\/www.gobrrr.me\/ozypsoob\/2026\/01\/Privacy-server-Start9-Server-Pure-2025.png\" \/>\n<meta name=\"twitter:site\" content=\"@GoBrrr_me\" \/>\n<meta name=\"twitter:label1\" content=\"Gesch\u00e4tzte Lesezeit\" \/>\n\t<meta name=\"twitter:data1\" content=\"2 Minuten\" \/>\n<script type=\"application\/ld+json\" class=\"yoast-schema-graph\">{\"@context\":\"https:\\\/\\\/schema.org\",\"@graph\":[{\"@type\":\"WebPage\",\"@id\":\"https:\\\/\\\/www.gobrrr.me\\\/product\\\/start9-serverpure\\\/\",\"url\":\"https:\\\/\\\/www.gobrrr.me\\\/product\\\/start9-serverpure\\\/\",\"name\":\"Start9 \u2013 Server Pure - Go Brrr\",\"isPartOf\":{\"@id\":\"https:\\\/\\\/www.gobrrr.me\\\/#website\"},\"primaryImageOfPage\":{\"@id\":\"https:\\\/\\\/www.gobrrr.me\\\/product\\\/start9-serverpure\\\/#primaryimage\"},\"image\":{\"@id\":\"https:\\\/\\\/www.gobrrr.me\\\/product\\\/start9-serverpure\\\/#primaryimage\"},\"thumbnailUrl\":\"https:\\\/\\\/www.gobrrr.me\\\/wp-content\\\/uploads\\\/2026\\\/01\\\/i.jpg\",\"datePublished\":\"2026-01-09T12:08:04+00:00\",\"dateModified\":\"2026-01-31T15:23:40+00:00\",\"description\":\"Set up the most powerful Plug & Play Bitcoin Node and Homeserver with Start9 Server Pure.A server with Intel i7-10710U processor with 32 GB (2x 16 GB) DDR4 RAM and a 4TB NVMe SSD. It has 4x USB 3.0, 2x USB 2.0, 1x USB-C 3.1, 1x RJ45, 1x HDMI, and 1x DisplayPort ports. Designed for operating your own private serverwith the StartOS operating systembased on Linux. It enables the operation of an extremely high-performance Bitcoin node, data storage, AI applications, and countless other applications. Run your own node, connect your hardware wallet to your Node for impeccable privacy and install services like mempool, nostr relay and many more with just one click!\",\"breadcrumb\":{\"@id\":\"https:\\\/\\\/www.gobrrr.me\\\/product\\\/start9-serverpure\\\/#breadcrumb\"},\"inLanguage\":\"de-AT\",\"potentialAction\":[{\"@type\":\"ReadAction\",\"target\":[\"https:\\\/\\\/www.gobrrr.me\\\/product\\\/start9-serverpure\\\/\"]}]},{\"@type\":\"ImageObject\",\"inLanguage\":\"de-AT\",\"@id\":\"https:\\\/\\\/www.gobrrr.me\\\/product\\\/start9-serverpure\\\/#primaryimage\",\"url\":\"https:\\\/\\\/www.gobrrr.me\\\/wp-content\\\/uploads\\\/2026\\\/01\\\/i.jpg\",\"contentUrl\":\"https:\\\/\\\/www.gobrrr.me\\\/wp-content\\\/uploads\\\/2026\\\/01\\\/i.jpg\",\"width\":1024,\"height\":768},{\"@type\":\"BreadcrumbList\",\"@id\":\"https:\\\/\\\/www.gobrrr.me\\\/product\\\/start9-serverpure\\\/#breadcrumb\",\"itemListElement\":[{\"@type\":\"ListItem\",\"position\":1,\"name\":\"Home\",\"item\":\"https:\\\/\\\/www.gobrrr.me\\\/\"},{\"@type\":\"ListItem\",\"position\":2,\"name\":\"Shop\",\"item\":\"https:\\\/\\\/www.gobrrr.me\\\/shop\\\/\"},{\"@type\":\"ListItem\",\"position\":3,\"name\":\"Start9 \u2013 Server Pure\"}]},{\"@type\":\"WebSite\",\"@id\":\"https:\\\/\\\/www.gobrrr.me\\\/#website\",\"url\":\"https:\\\/\\\/www.gobrrr.me\\\/\",\"name\":\"Go Brrr\",\"description\":\"3D prints for sovereign individuals\",\"publisher\":{\"@id\":\"https:\\\/\\\/www.gobrrr.me\\\/#organization\"},\"potentialAction\":[{\"@type\":\"SearchAction\",\"target\":{\"@type\":\"EntryPoint\",\"urlTemplate\":\"https:\\\/\\\/www.gobrrr.me\\\/?s={search_term_string}\"},\"query-input\":{\"@type\":\"PropertyValueSpecification\",\"valueRequired\":true,\"valueName\":\"search_term_string\"}}],\"inLanguage\":\"de-AT\"},{\"@type\":\"Organization\",\"@id\":\"https:\\\/\\\/www.gobrrr.me\\\/#organization\",\"name\":\"Go Brrr 3D\",\"url\":\"https:\\\/\\\/www.gobrrr.me\\\/\",\"logo\":{\"@type\":\"ImageObject\",\"inLanguage\":\"de-AT\",\"@id\":\"https:\\\/\\\/www.gobrrr.me\\\/#\\\/schema\\\/logo\\\/image\\\/\",\"url\":\"https:\\\/\\\/i0.wp.com\\\/www.gobrrr.me\\\/wp-content\\\/uploads\\\/2022\\\/02\\\/BrrrIco.png?fit=100%2C100&ssl=1\",\"contentUrl\":\"https:\\\/\\\/i0.wp.com\\\/www.gobrrr.me\\\/wp-content\\\/uploads\\\/2022\\\/02\\\/BrrrIco.png?fit=100%2C100&ssl=1\",\"width\":100,\"height\":100,\"caption\":\"Go Brrr 3D\"},\"image\":{\"@id\":\"https:\\\/\\\/www.gobrrr.me\\\/#\\\/schema\\\/logo\\\/image\\\/\"},\"sameAs\":[\"https:\\\/\\\/x.com\\\/GoBrrr_me\"]}]}<\/script>\n","yoast_head_json":{"title":"Start9 \u2013 Server Pure - Go Brrr","description":"Set up the most powerful Plug & Play Bitcoin Node and Homeserver with Start9 Server Pure.A server with Intel i7-10710U processor with 32 GB (2x 16 GB) DDR4 RAM and a 4TB NVMe SSD. It has 4x USB 3.0, 2x USB 2.0, 1x USB-C 3.1, 1x RJ45, 1x HDMI, and 1x DisplayPort ports. Designed for operating your own private serverwith the StartOS operating systembased on Linux. It enables the operation of an extremely high-performance Bitcoin node, data storage, AI applications, and countless other applications. Run your own node, connect your hardware wallet to your Node for impeccable privacy and install services like mempool, nostr relay and many more with just one click!","robots":{"index":"index","follow":"follow","max-snippet":"max-snippet:-1","max-image-preview":"max-image-preview:large","max-video-preview":"max-video-preview:-1"},"canonical":"https:\/\/www.gobrrr.me\/de\/product\/start9-serverpure\/","og_locale":"de_DE","og_type":"article","og_title":"Start9 \u2013 Server Pure","og_description":"Set up the most powerful Plug & Play Bitcoin Node and Homeserver with Start9 Server Pure.A server with Intel i7-10710U processor with 32 GB (2x 16 GB) DDR4 RAM and a 4TB NVMe SSD. It has 4x USB 3.0, 2x USB 2.0, 1x USB-C 3.1, 1x RJ45, 1x HDMI, and 1x DisplayPort ports. Designed for operating your own private serverwith the StartOS operating systembased on Linux. It enables the operation of an extremely high-performance Bitcoin node, data storage, AI applications, and countless other applications. Run your own node, connect your hardware wallet to your Node for impeccable privacy and install services like mempool, nostr relay and many more with just one click!","og_url":"https:\/\/www.gobrrr.me\/de\/product\/start9-serverpure\/","og_site_name":"Go Brrr","article_modified_time":"2026-01-31T15:23:40+00:00","og_image":[{"width":640,"height":480,"url":"https:\/\/www.gobrrr.me\/ozypsoob\/2026\/01\/Privacy-server-Start9-Server-Pure-2025.png","type":"image\/png"}],"twitter_card":"summary_large_image","twitter_title":"Start9 \u2013 Server Pure","twitter_description":"Set up the most powerful Plug & Play Bitcoin Node and Homeserver with Start9 Server Pure.A server with Intel i7-10710U processor with 32 GB (2x 16 GB) DDR4 RAM and a 4TB NVMe SSD. It has 4x USB 3.0, 2x USB 2.0, 1x USB-C 3.1, 1x RJ45, 1x HDMI, and 1x DisplayPort ports. Designed for operating your own private serverwith the StartOS operating systembased on Linux. It enables the operation of an extremely high-performance Bitcoin node, data storage, AI applications, and countless other applications. Run your own node, connect your hardware wallet to your Node for impeccable privacy and install services like mempool, nostr relay and many more with just one click!","twitter_image":"https:\/\/www.gobrrr.me\/ozypsoob\/2026\/01\/Privacy-server-Start9-Server-Pure-2025.png","twitter_site":"@GoBrrr_me","twitter_misc":{"Gesch\u00e4tzte Lesezeit":"2 Minuten"},"schema":{"@context":"https:\/\/schema.org","@graph":[{"@type":"WebPage","@id":"https:\/\/www.gobrrr.me\/product\/start9-serverpure\/","url":"https:\/\/www.gobrrr.me\/product\/start9-serverpure\/","name":"Start9 \u2013 Server Pure - Go Brrr","isPartOf":{"@id":"https:\/\/www.gobrrr.me\/#website"},"primaryImageOfPage":{"@id":"https:\/\/www.gobrrr.me\/product\/start9-serverpure\/#primaryimage"},"image":{"@id":"https:\/\/www.gobrrr.me\/product\/start9-serverpure\/#primaryimage"},"thumbnailUrl":"https:\/\/www.gobrrr.me\/ozypsoob\/2026\/01\/i.jpg","datePublished":"2026-01-09T12:08:04+00:00","dateModified":"2026-01-31T15:23:40+00:00","description":"Set up the most powerful Plug & Play Bitcoin Node and Homeserver with Start9 Server Pure.A server with Intel i7-10710U processor with 32 GB (2x 16 GB) DDR4 RAM and a 4TB NVMe SSD. It has 4x USB 3.0, 2x USB 2.0, 1x USB-C 3.1, 1x RJ45, 1x HDMI, and 1x DisplayPort ports. Designed for operating your own private serverwith the StartOS operating systembased on Linux. It enables the operation of an extremely high-performance Bitcoin node, data storage, AI applications, and countless other applications. Run your own node, connect your hardware wallet to your Node for impeccable privacy and install services like mempool, nostr relay and many more with just one click!","breadcrumb":{"@id":"https:\/\/www.gobrrr.me\/product\/start9-serverpure\/#breadcrumb"},"inLanguage":"de-AT","potentialAction":[{"@type":"ReadAction","target":["https:\/\/www.gobrrr.me\/product\/start9-serverpure\/"]}]},{"@type":"ImageObject","inLanguage":"de-AT","@id":"https:\/\/www.gobrrr.me\/product\/start9-serverpure\/#primaryimage","url":"https:\/\/www.gobrrr.me\/ozypsoob\/2026\/01\/i.jpg","contentUrl":"https:\/\/www.gobrrr.me\/ozypsoob\/2026\/01\/i.jpg","width":1024,"height":768},{"@type":"BreadcrumbList","@id":"https:\/\/www.gobrrr.me\/product\/start9-serverpure\/#breadcrumb","itemListElement":[{"@type":"ListItem","position":1,"name":"Home","item":"https:\/\/www.gobrrr.me\/"},{"@type":"ListItem","position":2,"name":"Shop","item":"https:\/\/www.gobrrr.me\/shop\/"},{"@type":"ListItem","position":3,"name":"Start9 \u2013 Server Pure"}]},{"@type":"WebSite","@id":"https:\/\/www.gobrrr.me\/#website","url":"https:\/\/www.gobrrr.me\/","name":"Go Brrr","description":"3D prints for sovereign individuals","publisher":{"@id":"https:\/\/www.gobrrr.me\/#organization"},"potentialAction":[{"@type":"SearchAction","target":{"@type":"EntryPoint","urlTemplate":"https:\/\/www.gobrrr.me\/?s={search_term_string}"},"query-input":{"@type":"PropertyValueSpecification","valueRequired":true,"valueName":"search_term_string"}}],"inLanguage":"de-AT"},{"@type":"Organization","@id":"https:\/\/www.gobrrr.me\/#organization","name":"Go Brrr 3D","url":"https:\/\/www.gobrrr.me\/","logo":{"@type":"ImageObject","inLanguage":"de-AT","@id":"https:\/\/www.gobrrr.me\/#\/schema\/logo\/image\/","url":"https:\/\/i0.wp.com\/www.gobrrr.me\/ozypsoob\/2022\/02\/BrrrIco.png?fit=100%2C100&ssl=1","contentUrl":"https:\/\/i0.wp.com\/www.gobrrr.me\/ozypsoob\/2022\/02\/BrrrIco.png?fit=100%2C100&ssl=1","width":100,"height":100,"caption":"Go Brrr 3D"},"image":{"@id":"https:\/\/www.gobrrr.me\/#\/schema\/logo\/image\/"},"sameAs":["https:\/\/x.com\/GoBrrr_me"]}]}},"_links":{"self":[{"href":"https:\/\/www.gobrrr.me\/de\/wp-json\/wp\/v2\/product\/10937","targetHints":{"allow":["GET"]}}],"collection":[{"href":"https:\/\/www.gobrrr.me\/de\/wp-json\/wp\/v2\/product"}],"about":[{"href":"https:\/\/www.gobrrr.me\/de\/wp-json\/wp\/v2\/types\/product"}],"replies":[{"embeddable":true,"href":"https:\/\/www.gobrrr.me\/de\/wp-json\/wp\/v2\/comments?post=10937"}],"version-history":[{"count":0,"href":"https:\/\/www.gobrrr.me\/de\/wp-json\/wp\/v2\/product\/10937\/revisions"}],"wp:featuredmedia":[{"embeddable":true,"href":"https:\/\/www.gobrrr.me\/de\/wp-json\/wp\/v2\/media\/10939"}],"wp:attachment":[{"href":"https:\/\/www.gobrrr.me\/de\/wp-json\/wp\/v2\/media?parent=10937"}],"wp:term":[{"taxonomy":"product_brand","embeddable":true,"href":"https:\/\/www.gobrrr.me\/de\/wp-json\/wp\/v2\/product_brand?post=10937"},{"taxonomy":"product_cat","embeddable":true,"href":"https:\/\/www.gobrrr.me\/de\/wp-json\/wp\/v2\/product_cat?post=10937"},{"taxonomy":"product_tag","embeddable":true,"href":"https:\/\/www.gobrrr.me\/de\/wp-json\/wp\/v2\/product_tag?post=10937"}],"curies":[{"name":"wp","href":"https:\/\/api.w.org\/{rel}","templated":true}]}}