{"id":10907,"date":"2026-01-07T13:46:55","date_gmt":"2026-01-07T12:46:55","guid":{"rendered":"https:\/\/www.gobrrr.me\/?post_type=product&#038;p=10907"},"modified":"2026-01-09T14:40:19","modified_gmt":"2026-01-09T13:40:19","slug":"bitaxe-lan-stand","status":"publish","type":"product","link":"https:\/\/www.gobrrr.me\/de\/product\/bitaxe-lan-stand\/","title":{"rendered":"<p>Bitaxe LAN-St\u00e4nder<\/p>"},"content":{"rendered":"<h3><strong>Hardwire all die Dinge!<\/strong><p>Machen Sie Ihr Bitaxe bereit f\u00fcr eine fest verdrahtete Internetverbindung mit unserem Bitaxe LAN Stand. Das integrierte Fach f\u00fcr das W5500 Ethernet Modul aus unserem <a href=\"https:\/\/www.gobrrr.me\/product\/bitaxe-lan\/\">Bitaxe-LAN-Adapter<\/a> Das macht es zu einer Brise. Der St\u00e4nder ben\u00f6tigt keine Hardware und verf\u00fcgt \u00fcber Kabelf\u00fchrungsf\u00fchrungen, die helfen, das Stromkabel sauber zu verstauen.<\/p><ul>\n<li>Bitaxe St\u00e4nder bereit f\u00fcr LAN Adapter<\/li>\n<li>Keine Schrauben oder Hardware erforderlich<\/li>\n<li>Integrierte Kabelf\u00fchrungen<\/li>\n<li>Gedruckt aus biologisch abbaubarem PLA<\/li>\n<\/ul><p><img fetchpriority=\"high\" decoding=\"async\" class=\"alignnone size-medium wp-image-10908\" src=\"https:\/\/www.gobrrr.me\/ozypsoob\/2026\/01\/BitaxeLanStandThumb_gobrrr.me_-420x315.jpg\" alt=\"\" width=\"420\" height=\"315\" srcset=\"https:\/\/www.gobrrr.me\/ozypsoob\/2026\/01\/BitaxeLanStandThumb_gobrrr.me_-420x315.jpg 420w, https:\/\/www.gobrrr.me\/ozypsoob\/2026\/01\/BitaxeLanStandThumb_gobrrr.me_-800x600.jpg 800w, https:\/\/www.gobrrr.me\/ozypsoob\/2026\/01\/BitaxeLanStandThumb_gobrrr.me_-230x173.jpg 230w, https:\/\/www.gobrrr.me\/ozypsoob\/2026\/01\/BitaxeLanStandThumb_gobrrr.me_-768x576.jpg 768w, https:\/\/www.gobrrr.me\/ozypsoob\/2026\/01\/BitaxeLanStandThumb_gobrrr.me_-16x12.jpg 16w, https:\/\/www.gobrrr.me\/ozypsoob\/2026\/01\/BitaxeLanStandThumb_gobrrr.me_.jpg 1024w\" sizes=\"(max-width: 420px) 100vw, 420px\"><\/p><p>&nbsp;<\/p><p>M\u00f6chtest du das zu Hause ausdrucken? Kaufe die Dateien mit <a href=\"https:\/\/www.printables.com\/model\/1511856-bitaxe-lan-stand\" target=\"_blank\" rel=\"noopener\">Fiat<\/a> oder <a href=\"https:\/\/pay.fomozon.com\/apps\/2KrLUzgmLwpBWW1mcBxV2VeX3yvd\/pos\" target=\"_blank\" rel=\"noopener\">Bitcoin<\/a>!<\/p><\/h3>","protected":false},"excerpt":{"rendered":"<p>Machen Sie Ihr Bitaxe bereit f\u00fcr eine fest verdrahtete Internetverbindung mit unserem Bitaxe LAN Stand. Das integrierte Fach f\u00fcr das W5500 Ethernet Modul aus unserem <a href=\"https:\/\/www.gobrrr.me\/product\/bitaxe-lan\/\">Bitaxe-LAN-Adapter<\/a> Das macht es zu einer Brise. Der St\u00e4nder ben\u00f6tigt keine Hardware und verf\u00fcgt \u00fcber Kabelf\u00fchrungsf\u00fchrungen, die helfen, das Stromkabel sauber zu verstauen.<ul>\n<li>Bitaxe St\u00e4nder bereit f\u00fcr LAN Adapter<\/li>\n<li>Keine Schrauben oder Hardware erforderlich<\/li>\n<li>Integrierte Kabelf\u00fchrungen<\/li>\n<li>Gedruckt aus biologisch abbaubarem PLA<\/li>\n<\/ul><p>M\u00f6chtest du das zu Hause ausdrucken? Kaufe die Dateien mit <a href=\"https:\/\/www.printables.com\/model\/1511856-bitaxe-lan-stand\">Fiat<\/a> oder <a href=\"https:\/\/pay.fomozon.com\/apps\/2KrLUzgmLwpBWW1mcBxV2VeX3yvd\/pos\">Bitcoin<\/a>!<\/p><\/p>","protected":false},"featured_media":10909,"comment_status":"closed","ping_status":"closed","template":"","meta":[],"product_brand":[271],"product_cat":[264,280],"product_tag":[302],"class_list":{"0":"post-10907","1":"product","2":"type-product","3":"status-publish","4":"has-post-thumbnail","6":"product_brand-gobrrr","7":"product_cat-bitaxe","8":"product_cat-bitaxe-accessories","9":"product_tag-lan","10":"product_shipping_class-s","12":"first","13":"instock","14":"taxable","15":"shipping-taxable","16":"purchasable","17":"product-type-variable"},"yoast_head":"\n<title>Bitaxe LAN Stand - Go Brrr<\/title>\n<meta name=\"description\" content=\"Get your Bitaxe ready for a hardwired internet connection using our Bitaxe LAN Stand. The integrated compartment for the W5500 Ethernet Module from our Bitaxe LAN Adapter makes it a breeze. The Stand doesn&#039;t require any hardware to use and features cable routing guides which help tuck away the power cable neatly.\" \/>\n<meta name=\"robots\" content=\"index, follow, max-snippet:-1, max-image-preview:large, max-video-preview:-1\" \/>\n<link rel=\"canonical\" href=\"https:\/\/www.gobrrr.me\/de\/product\/bitaxe-lan-stand\/\" \/>\n<meta property=\"og:locale\" content=\"de_DE\" \/>\n<meta property=\"og:type\" content=\"article\" \/>\n<meta property=\"og:title\" content=\"Bitaxe LAN Stand\" \/>\n<meta property=\"og:description\" content=\"Get your Bitaxe ready for a hardwired internet connection using our Bitaxe LAN Stand. The integrated compartment for the W5500 Ethernet Module from our Bitaxe LAN Adapter makes it a breeze. The Stand doesn&#039;t require any hardware to use and features cable routing guides which help tuck away the power cable neatly.\" \/>\n<meta property=\"og:url\" content=\"https:\/\/www.gobrrr.me\/de\/product\/bitaxe-lan-stand\/\" \/>\n<meta property=\"og:site_name\" content=\"Go Brrr\" \/>\n<meta property=\"article:modified_time\" content=\"2026-01-09T13:40:19+00:00\" \/>\n<meta property=\"og:image\" content=\"https:\/\/www.gobrrr.me\/ozypsoob\/2026\/01\/BitaxeLanStandThumb_gobrrr.me_.jpg\" \/>\n\t<meta property=\"og:image:width\" content=\"1024\" \/>\n\t<meta property=\"og:image:height\" content=\"768\" \/>\n\t<meta property=\"og:image:type\" content=\"image\/jpeg\" \/>\n<meta name=\"twitter:card\" content=\"summary_large_image\" \/>\n<meta name=\"twitter:title\" content=\"Bitaxe LAN Stand\" \/>\n<meta name=\"twitter:description\" content=\"Get your Bitaxe ready for a hardwired internet connection using our Bitaxe LAN Stand. The integrated compartment for the W5500 Ethernet Module from our Bitaxe LAN Adapter makes it a breeze. The Stand doesn&#039;t require any hardware to use and features cable routing guides which help tuck away the power cable neatly.\" \/>\n<meta name=\"twitter:image\" content=\"https:\/\/www.gobrrr.me\/ozypsoob\/2026\/01\/BitaxeLanStandThumb_gobrrr.me_.jpg\" \/>\n<meta name=\"twitter:site\" content=\"@GoBrrr_me\" \/>\n<meta name=\"twitter:label1\" content=\"Gesch\u00e4tzte Lesezeit\" \/>\n\t<meta name=\"twitter:data1\" content=\"1 Minute\" \/>\n<script type=\"application\/ld+json\" class=\"yoast-schema-graph\">{\"@context\":\"https:\\\/\\\/schema.org\",\"@graph\":[{\"@type\":\"WebPage\",\"@id\":\"https:\\\/\\\/www.gobrrr.me\\\/de\\\/product\\\/bitaxe-lan-stand\\\/\",\"url\":\"https:\\\/\\\/www.gobrrr.me\\\/de\\\/product\\\/bitaxe-lan-stand\\\/\",\"name\":\"Bitaxe LAN Stand - Go Brrr\",\"isPartOf\":{\"@id\":\"https:\\\/\\\/www.gobrrr.me\\\/#website\"},\"primaryImageOfPage\":{\"@id\":\"https:\\\/\\\/www.gobrrr.me\\\/de\\\/product\\\/bitaxe-lan-stand\\\/#primaryimage\"},\"image\":{\"@id\":\"https:\\\/\\\/www.gobrrr.me\\\/de\\\/product\\\/bitaxe-lan-stand\\\/#primaryimage\"},\"thumbnailUrl\":\"https:\\\/\\\/www.gobrrr.me\\\/wp-content\\\/uploads\\\/2026\\\/01\\\/BitaxeLanStandThumb_gobrrr.me_-1.jpg\",\"datePublished\":\"2026-01-07T12:46:55+00:00\",\"dateModified\":\"2026-01-09T13:40:19+00:00\",\"description\":\"Get your Bitaxe ready for a hardwired internet connection using our Bitaxe LAN Stand. The integrated compartment for the W5500 Ethernet Module from our Bitaxe LAN Adapter makes it a breeze. The Stand doesn't require any hardware to use and features cable routing guides which help tuck away the power cable neatly.\",\"breadcrumb\":{\"@id\":\"https:\\\/\\\/www.gobrrr.me\\\/de\\\/product\\\/bitaxe-lan-stand\\\/#breadcrumb\"},\"inLanguage\":\"de-AT\",\"potentialAction\":[{\"@type\":\"ReadAction\",\"target\":[\"https:\\\/\\\/www.gobrrr.me\\\/de\\\/product\\\/bitaxe-lan-stand\\\/\"]}]},{\"@type\":\"ImageObject\",\"inLanguage\":\"de-AT\",\"@id\":\"https:\\\/\\\/www.gobrrr.me\\\/de\\\/product\\\/bitaxe-lan-stand\\\/#primaryimage\",\"url\":\"https:\\\/\\\/www.gobrrr.me\\\/wp-content\\\/uploads\\\/2026\\\/01\\\/BitaxeLanStandThumb_gobrrr.me_-1.jpg\",\"contentUrl\":\"https:\\\/\\\/www.gobrrr.me\\\/wp-content\\\/uploads\\\/2026\\\/01\\\/BitaxeLanStandThumb_gobrrr.me_-1.jpg\",\"width\":1024,\"height\":768},{\"@type\":\"BreadcrumbList\",\"@id\":\"https:\\\/\\\/www.gobrrr.me\\\/de\\\/product\\\/bitaxe-lan-stand\\\/#breadcrumb\",\"itemListElement\":[{\"@type\":\"ListItem\",\"position\":1,\"name\":\"Home\",\"item\":\"https:\\\/\\\/www.gobrrr.me\\\/\"},{\"@type\":\"ListItem\",\"position\":2,\"name\":\"Shop\",\"item\":\"https:\\\/\\\/www.gobrrr.me\\\/shop\\\/\"},{\"@type\":\"ListItem\",\"position\":3,\"name\":\"Bitaxe LAN Stand\"}]},{\"@type\":\"WebSite\",\"@id\":\"https:\\\/\\\/www.gobrrr.me\\\/#website\",\"url\":\"https:\\\/\\\/www.gobrrr.me\\\/\",\"name\":\"Go Brrr\",\"description\":\"3D prints for sovereign individuals\",\"publisher\":{\"@id\":\"https:\\\/\\\/www.gobrrr.me\\\/#organization\"},\"potentialAction\":[{\"@type\":\"SearchAction\",\"target\":{\"@type\":\"EntryPoint\",\"urlTemplate\":\"https:\\\/\\\/www.gobrrr.me\\\/?s={search_term_string}\"},\"query-input\":{\"@type\":\"PropertyValueSpecification\",\"valueRequired\":true,\"valueName\":\"search_term_string\"}}],\"inLanguage\":\"de-AT\"},{\"@type\":\"Organization\",\"@id\":\"https:\\\/\\\/www.gobrrr.me\\\/#organization\",\"name\":\"Go Brrr 3D\",\"url\":\"https:\\\/\\\/www.gobrrr.me\\\/\",\"logo\":{\"@type\":\"ImageObject\",\"inLanguage\":\"de-AT\",\"@id\":\"https:\\\/\\\/www.gobrrr.me\\\/#\\\/schema\\\/logo\\\/image\\\/\",\"url\":\"https:\\\/\\\/i0.wp.com\\\/www.gobrrr.me\\\/wp-content\\\/uploads\\\/2022\\\/02\\\/BrrrIco.png?fit=100%2C100&ssl=1\",\"contentUrl\":\"https:\\\/\\\/i0.wp.com\\\/www.gobrrr.me\\\/wp-content\\\/uploads\\\/2022\\\/02\\\/BrrrIco.png?fit=100%2C100&ssl=1\",\"width\":100,\"height\":100,\"caption\":\"Go Brrr 3D\"},\"image\":{\"@id\":\"https:\\\/\\\/www.gobrrr.me\\\/#\\\/schema\\\/logo\\\/image\\\/\"},\"sameAs\":[\"https:\\\/\\\/x.com\\\/GoBrrr_me\"]}]}<\/script>\n","yoast_head_json":{"title":"Bitaxe LAN Stand - Go Brrr","description":"Get your Bitaxe ready for a hardwired internet connection using our Bitaxe LAN Stand. The integrated compartment for the W5500 Ethernet Module from our Bitaxe LAN Adapter makes it a breeze. The Stand doesn't require any hardware to use and features cable routing guides which help tuck away the power cable neatly.","robots":{"index":"index","follow":"follow","max-snippet":"max-snippet:-1","max-image-preview":"max-image-preview:large","max-video-preview":"max-video-preview:-1"},"canonical":"https:\/\/www.gobrrr.me\/de\/product\/bitaxe-lan-stand\/","og_locale":"de_DE","og_type":"article","og_title":"Bitaxe LAN Stand","og_description":"Get your Bitaxe ready for a hardwired internet connection using our Bitaxe LAN Stand. The integrated compartment for the W5500 Ethernet Module from our Bitaxe LAN Adapter makes it a breeze. The Stand doesn't require any hardware to use and features cable routing guides which help tuck away the power cable neatly.","og_url":"https:\/\/www.gobrrr.me\/de\/product\/bitaxe-lan-stand\/","og_site_name":"Go Brrr","article_modified_time":"2026-01-09T13:40:19+00:00","og_image":[{"width":1024,"height":768,"url":"https:\/\/www.gobrrr.me\/ozypsoob\/2026\/01\/BitaxeLanStandThumb_gobrrr.me_.jpg","type":"image\/jpeg"}],"twitter_card":"summary_large_image","twitter_title":"Bitaxe LAN Stand","twitter_description":"Get your Bitaxe ready for a hardwired internet connection using our Bitaxe LAN Stand. The integrated compartment for the W5500 Ethernet Module from our Bitaxe LAN Adapter makes it a breeze. The Stand doesn't require any hardware to use and features cable routing guides which help tuck away the power cable neatly.","twitter_image":"https:\/\/www.gobrrr.me\/ozypsoob\/2026\/01\/BitaxeLanStandThumb_gobrrr.me_.jpg","twitter_site":"@GoBrrr_me","twitter_misc":{"Gesch\u00e4tzte Lesezeit":"1 Minute"},"schema":{"@context":"https:\/\/schema.org","@graph":[{"@type":"WebPage","@id":"https:\/\/www.gobrrr.me\/de\/product\/bitaxe-lan-stand\/","url":"https:\/\/www.gobrrr.me\/de\/product\/bitaxe-lan-stand\/","name":"Bitaxe LAN Stand - Go Brrr","isPartOf":{"@id":"https:\/\/www.gobrrr.me\/#website"},"primaryImageOfPage":{"@id":"https:\/\/www.gobrrr.me\/de\/product\/bitaxe-lan-stand\/#primaryimage"},"image":{"@id":"https:\/\/www.gobrrr.me\/de\/product\/bitaxe-lan-stand\/#primaryimage"},"thumbnailUrl":"https:\/\/www.gobrrr.me\/ozypsoob\/2026\/01\/BitaxeLanStandThumb_gobrrr.me_-1.jpg","datePublished":"2026-01-07T12:46:55+00:00","dateModified":"2026-01-09T13:40:19+00:00","description":"Get your Bitaxe ready for a hardwired internet connection using our Bitaxe LAN Stand. The integrated compartment for the W5500 Ethernet Module from our Bitaxe LAN Adapter makes it a breeze. The Stand doesn't require any hardware to use and features cable routing guides which help tuck away the power cable neatly.","breadcrumb":{"@id":"https:\/\/www.gobrrr.me\/de\/product\/bitaxe-lan-stand\/#breadcrumb"},"inLanguage":"de-AT","potentialAction":[{"@type":"ReadAction","target":["https:\/\/www.gobrrr.me\/de\/product\/bitaxe-lan-stand\/"]}]},{"@type":"ImageObject","inLanguage":"de-AT","@id":"https:\/\/www.gobrrr.me\/de\/product\/bitaxe-lan-stand\/#primaryimage","url":"https:\/\/www.gobrrr.me\/ozypsoob\/2026\/01\/BitaxeLanStandThumb_gobrrr.me_-1.jpg","contentUrl":"https:\/\/www.gobrrr.me\/ozypsoob\/2026\/01\/BitaxeLanStandThumb_gobrrr.me_-1.jpg","width":1024,"height":768},{"@type":"BreadcrumbList","@id":"https:\/\/www.gobrrr.me\/de\/product\/bitaxe-lan-stand\/#breadcrumb","itemListElement":[{"@type":"ListItem","position":1,"name":"Home","item":"https:\/\/www.gobrrr.me\/"},{"@type":"ListItem","position":2,"name":"Shop","item":"https:\/\/www.gobrrr.me\/shop\/"},{"@type":"ListItem","position":3,"name":"Bitaxe LAN Stand"}]},{"@type":"WebSite","@id":"https:\/\/www.gobrrr.me\/#website","url":"https:\/\/www.gobrrr.me\/","name":"Go Brrr","description":"3D prints for sovereign individuals","publisher":{"@id":"https:\/\/www.gobrrr.me\/#organization"},"potentialAction":[{"@type":"SearchAction","target":{"@type":"EntryPoint","urlTemplate":"https:\/\/www.gobrrr.me\/?s={search_term_string}"},"query-input":{"@type":"PropertyValueSpecification","valueRequired":true,"valueName":"search_term_string"}}],"inLanguage":"de-AT"},{"@type":"Organization","@id":"https:\/\/www.gobrrr.me\/#organization","name":"Go Brrr 3D","url":"https:\/\/www.gobrrr.me\/","logo":{"@type":"ImageObject","inLanguage":"de-AT","@id":"https:\/\/www.gobrrr.me\/#\/schema\/logo\/image\/","url":"https:\/\/i0.wp.com\/www.gobrrr.me\/ozypsoob\/2022\/02\/BrrrIco.png?fit=100%2C100&ssl=1","contentUrl":"https:\/\/i0.wp.com\/www.gobrrr.me\/ozypsoob\/2022\/02\/BrrrIco.png?fit=100%2C100&ssl=1","width":100,"height":100,"caption":"Go Brrr 3D"},"image":{"@id":"https:\/\/www.gobrrr.me\/#\/schema\/logo\/image\/"},"sameAs":["https:\/\/x.com\/GoBrrr_me"]}]}},"_links":{"self":[{"href":"https:\/\/www.gobrrr.me\/de\/wp-json\/wp\/v2\/product\/10907","targetHints":{"allow":["GET"]}}],"collection":[{"href":"https:\/\/www.gobrrr.me\/de\/wp-json\/wp\/v2\/product"}],"about":[{"href":"https:\/\/www.gobrrr.me\/de\/wp-json\/wp\/v2\/types\/product"}],"replies":[{"embeddable":true,"href":"https:\/\/www.gobrrr.me\/de\/wp-json\/wp\/v2\/comments?post=10907"}],"version-history":[{"count":0,"href":"https:\/\/www.gobrrr.me\/de\/wp-json\/wp\/v2\/product\/10907\/revisions"}],"wp:featuredmedia":[{"embeddable":true,"href":"https:\/\/www.gobrrr.me\/de\/wp-json\/wp\/v2\/media\/10909"}],"wp:attachment":[{"href":"https:\/\/www.gobrrr.me\/de\/wp-json\/wp\/v2\/media?parent=10907"}],"wp:term":[{"taxonomy":"product_brand","embeddable":true,"href":"https:\/\/www.gobrrr.me\/de\/wp-json\/wp\/v2\/product_brand?post=10907"},{"taxonomy":"product_cat","embeddable":true,"href":"https:\/\/www.gobrrr.me\/de\/wp-json\/wp\/v2\/product_cat?post=10907"},{"taxonomy":"product_tag","embeddable":true,"href":"https:\/\/www.gobrrr.me\/de\/wp-json\/wp\/v2\/product_tag?post=10907"}],"curies":[{"name":"wp","href":"https:\/\/api.w.org\/{rel}","templated":true}]}}