{"id":10718,"date":"2025-11-24T10:33:09","date_gmt":"2025-11-24T09:33:09","guid":{"rendered":"https:\/\/www.gobrrr.me\/?post_type=product&#038;p=10718"},"modified":"2026-03-06T21:43:52","modified_gmt":"2026-03-06T20:43:52","slug":"seedsignerplus-smartcard","status":"publish","type":"product","link":"https:\/\/www.gobrrr.me\/de\/product\/seedsignerplus-smartcard\/","title":{"rendered":"<p>SeedSigner+ mit Smartcard Hut<\/p>"},"content":{"rendered":"<p>Der SeedSigner+ mit mitgelieferter Smartcard-Hut in einem 3D-gedruckten Geh\u00e4use.<p><span class=\"css-1jxf684 r-bcqeeo r-1ttztb7 r-qvutc0 r-poiln3 r-1x3r274\"><span class=\"css-1jxf684 r-bcqeeo r-1ttztb7 r-qvutc0 r-poiln3\">Die&nbsp;<\/span><\/span><span class=\"css-1jxf684 r-bcqeeo r-1ttztb7 r-qvutc0 r-poiln3 r-b88u0q r-1x3r274\"><span class=\"css-1jxf684 r-bcqeeo r-1ttztb7 r-qvutc0 r-poiln3\"><span class=\"css-1jxf684 r-bcqeeo r-1ttztb7 r-qvutc0 r-poiln3 r-1x3r274\">SeedSigner+ M\u00fctze<\/span><\/span><\/span><span class=\"css-1jxf684 r-bcqeeo r-1ttztb7 r-qvutc0 r-poiln3 r-1x3r274\"><span class=\"css-1jxf684 r-bcqeeo r-1ttztb7 r-qvutc0 r-poiln3\"> Der Raspberry Pi Zero wurde f\u00fcr eine deutlich verbesserte Benutzererfahrung entwickelt. Gr\u00f6\u00dfer als 2,8? Das IPS-Display liefert klare, lebendige Bilder mit verbesserter Lesbarkeit. In Kombination mit DPAD-Tasten f\u00fcr eine pr\u00e4zise Men\u00fcsteuerung bietet es eine einfachere, intuitivere und schnellere Navigation durch Benutzermen\u00fcs. Die zusammengebauten SeedSigner+ und DIY-Kits werden mit dem Smartcard Hat von Satochip geliefert, passen Sie die Geh\u00e4usefarbe nach Ihren W\u00fcnschen an. Die SmartCard-Hut erweitert die SeedSigners-Funktionen um zwei Smartcard-Slots, einen Full-Size-Slot f\u00fcr kreditkartengro\u00dfe Smartcards und einen kleineren Steckplatz f\u00fcr SIM-Karten. Zu Ihrer eigenen Sicherheit empfehlen wir Ihnen, Ihren SeedSigner+ selbst mit unserem DIY Kit zu bauen, die Montage ist einfach und es ist kein L\u00f6ten erforderlich, da wir einen Raspberry Pi Zero 1.3 mit vorgel\u00f6teten GPIO Pins zur Verf\u00fcgung stellen. Keine microsd-karte enthalten, beziehen sie diese selbst f\u00fcr maximale sicherheit. Keine Smartcard inklusive. Sie m\u00fcssen die SeedSigner Fork von <a href=\"https:\/\/x.com\/YTCryptoGuide\">YTCryptoGuide<\/a> Nutzen Sie die Smartcard-Hut!<br>\n<\/span><\/span><\/p><p>&nbsp;<\/p><\/p>","protected":false},"excerpt":{"rendered":"<p>Der SeedSigner+ mit mitgelieferter Smartcard-Hut in einem 3D-gedruckten Geh\u00e4use.<p><span class=\"css-1jxf684 r-bcqeeo r-1ttztb7 r-qvutc0 r-poiln3 r-1x3r274\"><span class=\"css-1jxf684 r-bcqeeo r-1ttztb7 r-qvutc0 r-poiln3\">Die&nbsp;<\/span><\/span><span class=\"css-1jxf684 r-bcqeeo r-1ttztb7 r-qvutc0 r-poiln3 r-b88u0q r-1x3r274\"><span class=\"css-1jxf684 r-bcqeeo r-1ttztb7 r-qvutc0 r-poiln3\"><span class=\"css-1jxf684 r-bcqeeo r-1ttztb7 r-qvutc0 r-poiln3 r-1x3r274\">SeedSigner+ M\u00fctze<\/span><\/span><\/span><span class=\"css-1jxf684 r-bcqeeo r-1ttztb7 r-qvutc0 r-poiln3 r-1x3r274\"><span class=\"css-1jxf684 r-bcqeeo r-1ttztb7 r-qvutc0 r-poiln3\"> Der Raspberry Pi Zero wurde f\u00fcr eine deutlich verbesserte Benutzererfahrung entwickelt. Gr\u00f6\u00dfer als 2,8? Das IPS-Display liefert klare, lebendige Bilder mit verbesserter Lesbarkeit. In Kombination mit DPAD-Tasten f\u00fcr eine pr\u00e4zise Men\u00fcsteuerung bietet es eine einfachere, intuitivere und schnellere Navigation durch Benutzermen\u00fcs. Die zusammengebauten SeedSigner+ und DIY-Kits werden mit dem Smartcard Hat von Satochip geliefert, passen Sie die Geh\u00e4usefarbe nach Ihren W\u00fcnschen an. Die SmartCard-Hut erweitert die SeedSigners-Funktionen um zwei Smartcard-Slots, einen Full-Size-Slot f\u00fcr kreditkartengro\u00dfe Smartcards und einen kleineren Steckplatz f\u00fcr SIM-Karten. Zu Ihrer eigenen Sicherheit empfehlen wir Ihnen, Ihren SeedSigner+ selbst mit unserem DIY Kit zu bauen, die Montage ist einfach und es ist kein L\u00f6ten erforderlich, da wir einen Raspberry Pi Zero 1.3 mit vorgel\u00f6teten GPIO Pins zur Verf\u00fcgung stellen. Keine microsd-karte enthalten, beziehen sie diese selbst f\u00fcr maximale sicherheit. Keine Smartcard inklusive. Sie m\u00fcssen die SeedSigner Fork von <a href=\"https:\/\/x.com\/YTCryptoGuide\">YTCryptoGuide<\/a> Nutzen Sie die Smartcard-Hut!<br>\n<\/span><\/span><\/p><\/p>","protected":false},"featured_media":11179,"comment_status":"closed","ping_status":"closed","template":"","meta":[],"product_brand":[271],"product_cat":[276,185],"product_tag":[],"class_list":{"0":"post-10718","1":"product","2":"type-product","3":"status-publish","4":"has-post-thumbnail","6":"product_brand-gobrrr","7":"product_cat-seedsigner-diy","8":"product_cat-seedsigner-prebuilt","10":"first","11":"instock","12":"taxable","13":"shipping-taxable","14":"purchasable","15":"product-type-variable","16":"has-default-attributes"},"yoast_head":"\n<title>SeedSigner+ with Smartcard Hat - Go Brrr<\/title>\n<meta name=\"description\" content=\"The SeedSigner+ with included Smartcard Hat in a 3D-printed enclosure.\u00a0The\u00a0SeedSigner+ Hat for Raspberry Pi Zero is designed for a significantly improved user experience. Its larger 2.8\u2033 IPS display delivers clear, vibrant visuals with enhanced readability. Paired with DPAD-style buttons for precise menu control, it offers easier, more intuitive, and faster navigation through user menus. The assembled SeedSigner+ and DIY-Kits come with the Smartcard Hat by Satochip included, customize the enclosure color to your liking. The SmartCard hat extends the SeedSigners capabilities by adding two Smartcard slots, a full size slot for credit card sized smartcards, and a smaller slot for SIM card based Cards. For your own security, we recommend building your SeedSigner+ yourself using our DIY Kit, assembly is easy and there is no soldering required, as we provide a Raspberry Pi zero 1.3 with presoldered GPIO Pins. No micro-sd card included, source these yourself for maximum security.\" \/>\n<meta name=\"robots\" content=\"index, follow, max-snippet:-1, max-image-preview:large, max-video-preview:-1\" \/>\n<link rel=\"canonical\" href=\"https:\/\/www.gobrrr.me\/de\/product\/seedsignerplus-smartcard\/\" \/>\n<meta property=\"og:locale\" content=\"de_DE\" \/>\n<meta property=\"og:type\" content=\"article\" \/>\n<meta property=\"og:title\" content=\"SeedSigner+ with Smartcard Hat\" \/>\n<meta property=\"og:description\" content=\"The SeedSigner+ with included Smartcard Hat in a 3D-printed enclosure.\u00a0The\u00a0SeedSigner+ Hat for Raspberry Pi Zero is designed for a significantly improved user experience. Its larger 2.8\u2033 IPS display delivers clear, vibrant visuals with enhanced readability. Paired with DPAD-style buttons for precise menu control, it offers easier, more intuitive, and faster navigation through user menus. The assembled SeedSigner+ and DIY-Kits come with the Smartcard Hat by Satochip included, customize the enclosure color to your liking. The SmartCard hat extends the SeedSigners capabilities by adding two Smartcard slots, a full size slot for credit card sized smartcards, and a smaller slot for SIM card based Cards. For your own security, we recommend building your SeedSigner+ yourself using our DIY Kit, assembly is easy and there is no soldering required, as we provide a Raspberry Pi zero 1.3 with presoldered GPIO Pins. No micro-sd card included, source these yourself for maximum security.\" \/>\n<meta property=\"og:url\" content=\"https:\/\/www.gobrrr.me\/de\/product\/seedsignerplus-smartcard\/\" \/>\n<meta property=\"og:site_name\" content=\"Go Brrr\" \/>\n<meta property=\"article:modified_time\" content=\"2026-03-06T20:43:52+00:00\" \/>\n<meta property=\"og:image\" content=\"https:\/\/www.gobrrr.me\/ozypsoob\/2025\/11\/Sesiplussmartcard_gobrrr.me_.jpg\" \/>\n\t<meta property=\"og:image:width\" content=\"1184\" \/>\n\t<meta property=\"og:image:height\" content=\"864\" \/>\n\t<meta property=\"og:image:type\" content=\"image\/jpeg\" \/>\n<meta name=\"twitter:card\" content=\"summary_large_image\" \/>\n<meta name=\"twitter:title\" content=\"SeedSigner+ with Smartcard Hat\" \/>\n<meta name=\"twitter:description\" content=\"The SeedSigner+ with included Smartcard Hat in a 3D-printed enclosure.\u00a0The\u00a0SeedSigner+ Hat for Raspberry Pi Zero is designed for a significantly improved user experience. Its larger 2.8\u2033 IPS display delivers clear, vibrant visuals with enhanced readability. Paired with DPAD-style buttons for precise menu control, it offers easier, more intuitive, and faster navigation through user menus. The assembled SeedSigner+ and DIY-Kits come with the Smartcard Hat by Satochip included, customize the enclosure color to your liking. The SmartCard hat extends the SeedSigners capabilities by adding two Smartcard slots, a full size slot for credit card sized smartcards, and a smaller slot for SIM card based Cards. For your own security, we recommend building your SeedSigner+ yourself using our DIY Kit, assembly is easy and there is no soldering required, as we provide a Raspberry Pi zero 1.3 with presoldered GPIO Pins. No micro-sd card included, source these yourself for maximum security.\" \/>\n<meta name=\"twitter:image\" content=\"https:\/\/www.gobrrr.me\/ozypsoob\/2025\/11\/Sesiplussmartcard_gobrrr.me_.jpg\" \/>\n<meta name=\"twitter:site\" content=\"@GoBrrr_me\" \/>\n<meta name=\"twitter:label1\" content=\"Gesch\u00e4tzte Lesezeit\" \/>\n\t<meta name=\"twitter:data1\" content=\"1 Minute\" \/>\n<script type=\"application\/ld+json\" class=\"yoast-schema-graph\">{\"@context\":\"https:\\\/\\\/schema.org\",\"@graph\":[{\"@type\":\"WebPage\",\"@id\":\"https:\\\/\\\/www.gobrrr.me\\\/product\\\/seedsignerplus-smartcard\\\/\",\"url\":\"https:\\\/\\\/www.gobrrr.me\\\/product\\\/seedsignerplus-smartcard\\\/\",\"name\":\"SeedSigner+ with Smartcard Hat - Go Brrr\",\"isPartOf\":{\"@id\":\"https:\\\/\\\/www.gobrrr.me\\\/#website\"},\"primaryImageOfPage\":{\"@id\":\"https:\\\/\\\/www.gobrrr.me\\\/product\\\/seedsignerplus-smartcard\\\/#primaryimage\"},\"image\":{\"@id\":\"https:\\\/\\\/www.gobrrr.me\\\/product\\\/seedsignerplus-smartcard\\\/#primaryimage\"},\"thumbnailUrl\":\"https:\\\/\\\/www.gobrrr.me\\\/wp-content\\\/uploads\\\/2025\\\/11\\\/Sesiplussmartcard2_gobrrr.me_.jpg\",\"datePublished\":\"2025-11-24T09:33:09+00:00\",\"dateModified\":\"2026-03-06T20:43:52+00:00\",\"description\":\"The SeedSigner+ with included Smartcard Hat in a 3D-printed enclosure.\u00a0The\u00a0SeedSigner+ Hat for Raspberry Pi Zero is designed for a significantly improved user experience. Its larger 2.8\u2033 IPS display delivers clear, vibrant visuals with enhanced readability. Paired with DPAD-style buttons for precise menu control, it offers easier, more intuitive, and faster navigation through user menus. The assembled SeedSigner+ and DIY-Kits come with the Smartcard Hat by Satochip included, customize the enclosure color to your liking. The SmartCard hat extends the SeedSigners capabilities by adding two Smartcard slots, a full size slot for credit card sized smartcards, and a smaller slot for SIM card based Cards. For your own security, we recommend building your SeedSigner+ yourself using our DIY Kit, assembly is easy and there is no soldering required, as we provide a Raspberry Pi zero 1.3 with presoldered GPIO Pins. No micro-sd card included, source these yourself for maximum security.\",\"breadcrumb\":{\"@id\":\"https:\\\/\\\/www.gobrrr.me\\\/product\\\/seedsignerplus-smartcard\\\/#breadcrumb\"},\"inLanguage\":\"de-AT\",\"potentialAction\":[{\"@type\":\"ReadAction\",\"target\":[\"https:\\\/\\\/www.gobrrr.me\\\/product\\\/seedsignerplus-smartcard\\\/\"]}]},{\"@type\":\"ImageObject\",\"inLanguage\":\"de-AT\",\"@id\":\"https:\\\/\\\/www.gobrrr.me\\\/product\\\/seedsignerplus-smartcard\\\/#primaryimage\",\"url\":\"https:\\\/\\\/www.gobrrr.me\\\/wp-content\\\/uploads\\\/2025\\\/11\\\/Sesiplussmartcard2_gobrrr.me_.jpg\",\"contentUrl\":\"https:\\\/\\\/www.gobrrr.me\\\/wp-content\\\/uploads\\\/2025\\\/11\\\/Sesiplussmartcard2_gobrrr.me_.jpg\",\"width\":1152,\"height\":864},{\"@type\":\"BreadcrumbList\",\"@id\":\"https:\\\/\\\/www.gobrrr.me\\\/product\\\/seedsignerplus-smartcard\\\/#breadcrumb\",\"itemListElement\":[{\"@type\":\"ListItem\",\"position\":1,\"name\":\"Home\",\"item\":\"https:\\\/\\\/www.gobrrr.me\\\/\"},{\"@type\":\"ListItem\",\"position\":2,\"name\":\"Shop\",\"item\":\"https:\\\/\\\/www.gobrrr.me\\\/shop\\\/\"},{\"@type\":\"ListItem\",\"position\":3,\"name\":\"SeedSigner+ with Smartcard Hat\"}]},{\"@type\":\"WebSite\",\"@id\":\"https:\\\/\\\/www.gobrrr.me\\\/#website\",\"url\":\"https:\\\/\\\/www.gobrrr.me\\\/\",\"name\":\"Go Brrr\",\"description\":\"3D prints for sovereign individuals\",\"publisher\":{\"@id\":\"https:\\\/\\\/www.gobrrr.me\\\/#organization\"},\"potentialAction\":[{\"@type\":\"SearchAction\",\"target\":{\"@type\":\"EntryPoint\",\"urlTemplate\":\"https:\\\/\\\/www.gobrrr.me\\\/?s={search_term_string}\"},\"query-input\":{\"@type\":\"PropertyValueSpecification\",\"valueRequired\":true,\"valueName\":\"search_term_string\"}}],\"inLanguage\":\"de-AT\"},{\"@type\":\"Organization\",\"@id\":\"https:\\\/\\\/www.gobrrr.me\\\/#organization\",\"name\":\"Go Brrr 3D\",\"url\":\"https:\\\/\\\/www.gobrrr.me\\\/\",\"logo\":{\"@type\":\"ImageObject\",\"inLanguage\":\"de-AT\",\"@id\":\"https:\\\/\\\/www.gobrrr.me\\\/#\\\/schema\\\/logo\\\/image\\\/\",\"url\":\"https:\\\/\\\/i0.wp.com\\\/www.gobrrr.me\\\/wp-content\\\/uploads\\\/2022\\\/02\\\/BrrrIco.png?fit=100%2C100&ssl=1\",\"contentUrl\":\"https:\\\/\\\/i0.wp.com\\\/www.gobrrr.me\\\/wp-content\\\/uploads\\\/2022\\\/02\\\/BrrrIco.png?fit=100%2C100&ssl=1\",\"width\":100,\"height\":100,\"caption\":\"Go Brrr 3D\"},\"image\":{\"@id\":\"https:\\\/\\\/www.gobrrr.me\\\/#\\\/schema\\\/logo\\\/image\\\/\"},\"sameAs\":[\"https:\\\/\\\/x.com\\\/GoBrrr_me\"]}]}<\/script>\n","yoast_head_json":{"title":"SeedSigner+ with Smartcard Hat - Go Brrr","description":"The SeedSigner+ with included Smartcard Hat in a 3D-printed enclosure.\u00a0The\u00a0SeedSigner+ Hat for Raspberry Pi Zero is designed for a significantly improved user experience. Its larger 2.8\u2033 IPS display delivers clear, vibrant visuals with enhanced readability. Paired with DPAD-style buttons for precise menu control, it offers easier, more intuitive, and faster navigation through user menus. The assembled SeedSigner+ and DIY-Kits come with the Smartcard Hat by Satochip included, customize the enclosure color to your liking. The SmartCard hat extends the SeedSigners capabilities by adding two Smartcard slots, a full size slot for credit card sized smartcards, and a smaller slot for SIM card based Cards. For your own security, we recommend building your SeedSigner+ yourself using our DIY Kit, assembly is easy and there is no soldering required, as we provide a Raspberry Pi zero 1.3 with presoldered GPIO Pins. No micro-sd card included, source these yourself for maximum security.","robots":{"index":"index","follow":"follow","max-snippet":"max-snippet:-1","max-image-preview":"max-image-preview:large","max-video-preview":"max-video-preview:-1"},"canonical":"https:\/\/www.gobrrr.me\/de\/product\/seedsignerplus-smartcard\/","og_locale":"de_DE","og_type":"article","og_title":"SeedSigner+ with Smartcard Hat","og_description":"The SeedSigner+ with included Smartcard Hat in a 3D-printed enclosure.\u00a0The\u00a0SeedSigner+ Hat for Raspberry Pi Zero is designed for a significantly improved user experience. Its larger 2.8\u2033 IPS display delivers clear, vibrant visuals with enhanced readability. Paired with DPAD-style buttons for precise menu control, it offers easier, more intuitive, and faster navigation through user menus. The assembled SeedSigner+ and DIY-Kits come with the Smartcard Hat by Satochip included, customize the enclosure color to your liking. The SmartCard hat extends the SeedSigners capabilities by adding two Smartcard slots, a full size slot for credit card sized smartcards, and a smaller slot for SIM card based Cards. For your own security, we recommend building your SeedSigner+ yourself using our DIY Kit, assembly is easy and there is no soldering required, as we provide a Raspberry Pi zero 1.3 with presoldered GPIO Pins. No micro-sd card included, source these yourself for maximum security.","og_url":"https:\/\/www.gobrrr.me\/de\/product\/seedsignerplus-smartcard\/","og_site_name":"Go Brrr","article_modified_time":"2026-03-06T20:43:52+00:00","og_image":[{"width":1184,"height":864,"url":"https:\/\/www.gobrrr.me\/ozypsoob\/2025\/11\/Sesiplussmartcard_gobrrr.me_.jpg","type":"image\/jpeg"}],"twitter_card":"summary_large_image","twitter_title":"SeedSigner+ with Smartcard Hat","twitter_description":"The SeedSigner+ with included Smartcard Hat in a 3D-printed enclosure.\u00a0The\u00a0SeedSigner+ Hat for Raspberry Pi Zero is designed for a significantly improved user experience. Its larger 2.8\u2033 IPS display delivers clear, vibrant visuals with enhanced readability. Paired with DPAD-style buttons for precise menu control, it offers easier, more intuitive, and faster navigation through user menus. The assembled SeedSigner+ and DIY-Kits come with the Smartcard Hat by Satochip included, customize the enclosure color to your liking. The SmartCard hat extends the SeedSigners capabilities by adding two Smartcard slots, a full size slot for credit card sized smartcards, and a smaller slot for SIM card based Cards. For your own security, we recommend building your SeedSigner+ yourself using our DIY Kit, assembly is easy and there is no soldering required, as we provide a Raspberry Pi zero 1.3 with presoldered GPIO Pins. No micro-sd card included, source these yourself for maximum security.","twitter_image":"https:\/\/www.gobrrr.me\/ozypsoob\/2025\/11\/Sesiplussmartcard_gobrrr.me_.jpg","twitter_site":"@GoBrrr_me","twitter_misc":{"Gesch\u00e4tzte Lesezeit":"1 Minute"},"schema":{"@context":"https:\/\/schema.org","@graph":[{"@type":"WebPage","@id":"https:\/\/www.gobrrr.me\/product\/seedsignerplus-smartcard\/","url":"https:\/\/www.gobrrr.me\/product\/seedsignerplus-smartcard\/","name":"SeedSigner+ with Smartcard Hat - Go Brrr","isPartOf":{"@id":"https:\/\/www.gobrrr.me\/#website"},"primaryImageOfPage":{"@id":"https:\/\/www.gobrrr.me\/product\/seedsignerplus-smartcard\/#primaryimage"},"image":{"@id":"https:\/\/www.gobrrr.me\/product\/seedsignerplus-smartcard\/#primaryimage"},"thumbnailUrl":"https:\/\/www.gobrrr.me\/ozypsoob\/2025\/11\/Sesiplussmartcard2_gobrrr.me_.jpg","datePublished":"2025-11-24T09:33:09+00:00","dateModified":"2026-03-06T20:43:52+00:00","description":"The SeedSigner+ with included Smartcard Hat in a 3D-printed enclosure.\u00a0The\u00a0SeedSigner+ Hat for Raspberry Pi Zero is designed for a significantly improved user experience. Its larger 2.8\u2033 IPS display delivers clear, vibrant visuals with enhanced readability. Paired with DPAD-style buttons for precise menu control, it offers easier, more intuitive, and faster navigation through user menus. The assembled SeedSigner+ and DIY-Kits come with the Smartcard Hat by Satochip included, customize the enclosure color to your liking. The SmartCard hat extends the SeedSigners capabilities by adding two Smartcard slots, a full size slot for credit card sized smartcards, and a smaller slot for SIM card based Cards. For your own security, we recommend building your SeedSigner+ yourself using our DIY Kit, assembly is easy and there is no soldering required, as we provide a Raspberry Pi zero 1.3 with presoldered GPIO Pins. No micro-sd card included, source these yourself for maximum security.","breadcrumb":{"@id":"https:\/\/www.gobrrr.me\/product\/seedsignerplus-smartcard\/#breadcrumb"},"inLanguage":"de-AT","potentialAction":[{"@type":"ReadAction","target":["https:\/\/www.gobrrr.me\/product\/seedsignerplus-smartcard\/"]}]},{"@type":"ImageObject","inLanguage":"de-AT","@id":"https:\/\/www.gobrrr.me\/product\/seedsignerplus-smartcard\/#primaryimage","url":"https:\/\/www.gobrrr.me\/ozypsoob\/2025\/11\/Sesiplussmartcard2_gobrrr.me_.jpg","contentUrl":"https:\/\/www.gobrrr.me\/ozypsoob\/2025\/11\/Sesiplussmartcard2_gobrrr.me_.jpg","width":1152,"height":864},{"@type":"BreadcrumbList","@id":"https:\/\/www.gobrrr.me\/product\/seedsignerplus-smartcard\/#breadcrumb","itemListElement":[{"@type":"ListItem","position":1,"name":"Home","item":"https:\/\/www.gobrrr.me\/"},{"@type":"ListItem","position":2,"name":"Shop","item":"https:\/\/www.gobrrr.me\/shop\/"},{"@type":"ListItem","position":3,"name":"SeedSigner+ with Smartcard Hat"}]},{"@type":"WebSite","@id":"https:\/\/www.gobrrr.me\/#website","url":"https:\/\/www.gobrrr.me\/","name":"Go Brrr","description":"3D prints for sovereign individuals","publisher":{"@id":"https:\/\/www.gobrrr.me\/#organization"},"potentialAction":[{"@type":"SearchAction","target":{"@type":"EntryPoint","urlTemplate":"https:\/\/www.gobrrr.me\/?s={search_term_string}"},"query-input":{"@type":"PropertyValueSpecification","valueRequired":true,"valueName":"search_term_string"}}],"inLanguage":"de-AT"},{"@type":"Organization","@id":"https:\/\/www.gobrrr.me\/#organization","name":"Go Brrr 3D","url":"https:\/\/www.gobrrr.me\/","logo":{"@type":"ImageObject","inLanguage":"de-AT","@id":"https:\/\/www.gobrrr.me\/#\/schema\/logo\/image\/","url":"https:\/\/i0.wp.com\/www.gobrrr.me\/ozypsoob\/2022\/02\/BrrrIco.png?fit=100%2C100&ssl=1","contentUrl":"https:\/\/i0.wp.com\/www.gobrrr.me\/ozypsoob\/2022\/02\/BrrrIco.png?fit=100%2C100&ssl=1","width":100,"height":100,"caption":"Go Brrr 3D"},"image":{"@id":"https:\/\/www.gobrrr.me\/#\/schema\/logo\/image\/"},"sameAs":["https:\/\/x.com\/GoBrrr_me"]}]}},"_links":{"self":[{"href":"https:\/\/www.gobrrr.me\/de\/wp-json\/wp\/v2\/product\/10718","targetHints":{"allow":["GET"]}}],"collection":[{"href":"https:\/\/www.gobrrr.me\/de\/wp-json\/wp\/v2\/product"}],"about":[{"href":"https:\/\/www.gobrrr.me\/de\/wp-json\/wp\/v2\/types\/product"}],"replies":[{"embeddable":true,"href":"https:\/\/www.gobrrr.me\/de\/wp-json\/wp\/v2\/comments?post=10718"}],"version-history":[{"count":1,"href":"https:\/\/www.gobrrr.me\/de\/wp-json\/wp\/v2\/product\/10718\/revisions"}],"predecessor-version":[{"id":11381,"href":"https:\/\/www.gobrrr.me\/de\/wp-json\/wp\/v2\/product\/10718\/revisions\/11381"}],"wp:featuredmedia":[{"embeddable":true,"href":"https:\/\/www.gobrrr.me\/de\/wp-json\/wp\/v2\/media\/11179"}],"wp:attachment":[{"href":"https:\/\/www.gobrrr.me\/de\/wp-json\/wp\/v2\/media?parent=10718"}],"wp:term":[{"taxonomy":"product_brand","embeddable":true,"href":"https:\/\/www.gobrrr.me\/de\/wp-json\/wp\/v2\/product_brand?post=10718"},{"taxonomy":"product_cat","embeddable":true,"href":"https:\/\/www.gobrrr.me\/de\/wp-json\/wp\/v2\/product_cat?post=10718"},{"taxonomy":"product_tag","embeddable":true,"href":"https:\/\/www.gobrrr.me\/de\/wp-json\/wp\/v2\/product_tag?post=10718"}],"curies":[{"name":"wp","href":"https:\/\/api.w.org\/{rel}","templated":true}]}}