{"id":10608,"date":"2025-11-10T12:20:48","date_gmt":"2025-11-10T11:20:48","guid":{"rendered":"https:\/\/www.gobrrr.me\/?post_type=product&#038;p=10608"},"modified":"2026-04-21T19:38:23","modified_gmt":"2026-04-21T17:38:23","slug":"bitaxe-lan","status":"publish","type":"product","link":"https:\/\/www.gobrrr.me\/de\/product\/bitaxe-lan\/","title":{"rendered":"<p>Bitaxe-LAN-Adapter<\/p>"},"content":{"rendered":"<h4><strong>Sehen Sie sich das Video an, um zu erfahren, wie Sie den Adapter montieren!<\/strong><p><iframe title=\"Bitaxe LAN Adapter - So montieren Sie\" width=\"980\" height=\"551\" src=\"https:\/\/www.youtube.com\/embed\/E2M2w6M3AHQ?feature=oembed\" frameborder=\"0\" allow=\"accelerometer; autoplay; clipboard-write; encrypted-media; gyroscope; picture-in-picture; web-share\" referrerpolicy=\"strict-origin-when-cross-origin\" allowfullscreen><\/iframe><\/p><h4>Ethernet f\u00fcr Ihr Bitaxe!<\/h4><p>F\u00fcgen Sie Ihrem Bitaxe Ethernet-Konnektivit\u00e4t mit diesem zweiteiligen Adapter hinzu, der sich an den Bitaxes-Zubeh\u00f6ranschluss anschlie\u00dft, um eine stabile Ethernet-Verbindung bereitzustellen.<\/p><p>Kompatibilit\u00e4t getestet und best\u00e4tigt mit den Versionen 601 &amp; 602 (fw f\u00fcr 401 &amp; 402 in K\u00fcrze)<\/p><p>Enth\u00e4lt:<\/p><ul>\n<li>BAP Port Erweiterung<\/li>\n<li>2pcs 5mm m3 Abstandhalter<\/li>\n<li>6pin Pogo Kopfzeile<\/li>\n<li>Flachbandkabel<\/li>\n<li>Ethernet-Modul<\/li>\n<li>3D-gedrucktes Geh\u00e4use<\/li>\n<\/ul><p>Anmerkung: Sie m\u00fcssen die modifizierte ESPMiner-Firmware von <a href=\"https:\/\/github.com\/CryptoIceMLH\/ESP-Miner-LAN\/releases\">Github<\/a> auf Ihrem Ger\u00e4t, um den LAN-Modus zu aktivieren.<\/p><\/h4>","protected":false},"excerpt":{"rendered":"<p>F\u00fcgen Sie Ihrem Bitaxe Ethernet-Konnektivit\u00e4t mit diesem zweiteiligen Adapter hinzu, der sich an den Bitaxes-Zubeh\u00f6ranschluss anschlie\u00dft, um eine stabile Ethernet-Verbindung bereitzustellen.<p>Kompatibilit\u00e4t getestet und best\u00e4tigt mit den Versionen 601 &amp; 602 (fw f\u00fcr 401 &amp; 402 in K\u00fcrze)<\/p><p>Enth\u00e4lt:<\/p><ul>\n<li>BAP Port Erweiterung<\/li>\n<li>2pcs 5mm m3 Abstandhalter<\/li>\n<li>6pin Pogo Kopfzeile<\/li>\n<li>Flachbandkabel<\/li>\n<li>Ethernet-Modul<\/li>\n<li>3D-gedrucktes Geh\u00e4use<\/li>\n<\/ul><p><strong>Firmware<\/strong>: Sie m\u00fcssen die modifizierte ESPMiner Firmware von Ihrem Ger\u00e4t flashen, um den LAN-Modus zu aktivieren.<\/p><ul>\n<li><a href=\"https:\/\/github.com\/CryptoIceMLH\/ESP-Miner-LAN\/releases\">Github<\/a><\/li>\n<li><a href=\"https:\/\/lnbits.molonlabe.holdings\/tnaflasher\/public\">Webflasher<\/a><\/li>\n<li><a href=\"https:\/\/wiki.gobrrr.com\/share\/57esvo443a\/p\/bitaxe-and-nerd-lan-adapter-wiki-XiWrKUKBHz\">Wiki<\/a><\/li>\n<\/ul><p>&nbsp;<\/p><p>Bitaxe LAN Adapter sind ab sofort in den USA erh\u00e4ltlich: <a href=\"https:\/\/cryptomachine.shop\/product\/bitaxe-lan-adapter\/\" target=\"_blank\" rel=\"noopener\">cryptomachine.shop<\/a><\/p><\/p>","protected":false},"featured_media":10609,"comment_status":"closed","ping_status":"closed","template":"","meta":[],"product_brand":[271],"product_cat":[280],"product_tag":[244,302],"class_list":{"0":"post-10608","1":"product","2":"type-product","3":"status-publish","4":"has-post-thumbnail","6":"product_brand-gobrrr","7":"product_cat-bitaxe-accessories","8":"product_tag-bitaxeparts","9":"product_tag-lan","10":"product_shipping_class-s","12":"first","13":"instock","14":"taxable","15":"shipping-taxable","16":"purchasable","17":"product-type-simple"},"yoast_head":"\n<title>Bitaxe LAN Adapter - Go Brrr<\/title>\n<meta name=\"description\" content=\"A two part Ethernetadapter for the Bitaxe. Add Ethernet connectivity to your Bitaxe with this two part Adapter which hooks into the Bitaxes Accessory Port to provide a stable ethernet connection.Compatibility tested and confirmed working with versions 601 &amp; 602 (fw for 401 &amp; 402 coming soon)\" \/>\n<meta name=\"robots\" content=\"index, follow, max-snippet:-1, max-image-preview:large, max-video-preview:-1\" \/>\n<link rel=\"canonical\" href=\"https:\/\/www.gobrrr.me\/de\/product\/bitaxe-lan\/\" \/>\n<meta property=\"og:locale\" content=\"de_DE\" \/>\n<meta property=\"og:type\" content=\"article\" \/>\n<meta property=\"og:title\" content=\"Bitaxe LAN Adapter\" \/>\n<meta property=\"og:description\" content=\"A two part Ethernetadapter for the Bitaxe. Add Ethernet connectivity to your Bitaxe with this two part Adapter which hooks into the Bitaxes Accessory Port to provide a stable ethernet connection.Compatibility tested and confirmed working with versions 601 &amp; 602 (fw for 401 &amp; 402 coming soon)\" \/>\n<meta property=\"og:url\" content=\"https:\/\/www.gobrrr.me\/de\/product\/bitaxe-lan\/\" \/>\n<meta property=\"og:site_name\" content=\"Go Brrr\" \/>\n<meta property=\"article:modified_time\" content=\"2026-04-21T17:38:23+00:00\" \/>\n<meta property=\"og:image\" content=\"https:\/\/www.gobrrr.me\/ozypsoob\/2025\/11\/BitaxeLan.jpeg\" \/>\n\t<meta property=\"og:image:width\" content=\"1024\" \/>\n\t<meta property=\"og:image:height\" content=\"768\" \/>\n\t<meta property=\"og:image:type\" content=\"image\/jpeg\" \/>\n<meta name=\"twitter:card\" content=\"summary_large_image\" \/>\n<meta name=\"twitter:title\" content=\"Bitaxe LAN Adapter\" \/>\n<meta name=\"twitter:description\" content=\"A two part Ethernetadapter for the Bitaxe. Add Ethernet connectivity to your Bitaxe with this two part Adapter which hooks into the Bitaxes Accessory Port to provide a stable ethernet connection.Compatibility tested and confirmed working with versions 601 &amp; 602 (fw for 401 &amp; 402 coming soon)\" \/>\n<meta name=\"twitter:image\" content=\"https:\/\/www.gobrrr.me\/ozypsoob\/2025\/11\/BitaxeLan.jpeg\" \/>\n<meta name=\"twitter:site\" content=\"@GoBrrr_me\" \/>\n<meta name=\"twitter:label1\" content=\"Gesch\u00e4tzte Lesezeit\" \/>\n\t<meta name=\"twitter:data1\" content=\"1 Minute\" \/>\n<script type=\"application\/ld+json\" class=\"yoast-schema-graph\">{\"@context\":\"https:\\\/\\\/schema.org\",\"@graph\":[{\"@type\":\"WebPage\",\"@id\":\"https:\\\/\\\/www.gobrrr.me\\\/product\\\/bitaxe-lan\\\/\",\"url\":\"https:\\\/\\\/www.gobrrr.me\\\/product\\\/bitaxe-lan\\\/\",\"name\":\"Bitaxe LAN Adapter - Go Brrr\",\"isPartOf\":{\"@id\":\"https:\\\/\\\/www.gobrrr.me\\\/#website\"},\"primaryImageOfPage\":{\"@id\":\"https:\\\/\\\/www.gobrrr.me\\\/product\\\/bitaxe-lan\\\/#primaryimage\"},\"image\":{\"@id\":\"https:\\\/\\\/www.gobrrr.me\\\/product\\\/bitaxe-lan\\\/#primaryimage\"},\"thumbnailUrl\":\"https:\\\/\\\/www.gobrrr.me\\\/wp-content\\\/uploads\\\/2025\\\/11\\\/BitaxeLan.jpeg\",\"datePublished\":\"2025-11-10T11:20:48+00:00\",\"dateModified\":\"2026-04-21T17:38:23+00:00\",\"description\":\"A two part Ethernetadapter for the Bitaxe. Add Ethernet connectivity to your Bitaxe with this two part Adapter which hooks into the Bitaxes Accessory Port to provide a stable ethernet connection.Compatibility tested and confirmed working with versions 601 & 602 (fw for 401 & 402 coming soon)\",\"breadcrumb\":{\"@id\":\"https:\\\/\\\/www.gobrrr.me\\\/product\\\/bitaxe-lan\\\/#breadcrumb\"},\"inLanguage\":\"de-AT\",\"potentialAction\":[{\"@type\":\"ReadAction\",\"target\":[\"https:\\\/\\\/www.gobrrr.me\\\/product\\\/bitaxe-lan\\\/\"]}]},{\"@type\":\"ImageObject\",\"inLanguage\":\"de-AT\",\"@id\":\"https:\\\/\\\/www.gobrrr.me\\\/product\\\/bitaxe-lan\\\/#primaryimage\",\"url\":\"https:\\\/\\\/www.gobrrr.me\\\/wp-content\\\/uploads\\\/2025\\\/11\\\/BitaxeLan.jpeg\",\"contentUrl\":\"https:\\\/\\\/www.gobrrr.me\\\/wp-content\\\/uploads\\\/2025\\\/11\\\/BitaxeLan.jpeg\",\"width\":1024,\"height\":768},{\"@type\":\"BreadcrumbList\",\"@id\":\"https:\\\/\\\/www.gobrrr.me\\\/product\\\/bitaxe-lan\\\/#breadcrumb\",\"itemListElement\":[{\"@type\":\"ListItem\",\"position\":1,\"name\":\"Home\",\"item\":\"https:\\\/\\\/www.gobrrr.me\\\/\"},{\"@type\":\"ListItem\",\"position\":2,\"name\":\"Shop\",\"item\":\"https:\\\/\\\/www.gobrrr.me\\\/shop\\\/\"},{\"@type\":\"ListItem\",\"position\":3,\"name\":\"Bitaxe LAN Adapter\"}]},{\"@type\":\"WebSite\",\"@id\":\"https:\\\/\\\/www.gobrrr.me\\\/#website\",\"url\":\"https:\\\/\\\/www.gobrrr.me\\\/\",\"name\":\"Go Brrr\",\"description\":\"3D prints for sovereign individuals\",\"publisher\":{\"@id\":\"https:\\\/\\\/www.gobrrr.me\\\/#organization\"},\"potentialAction\":[{\"@type\":\"SearchAction\",\"target\":{\"@type\":\"EntryPoint\",\"urlTemplate\":\"https:\\\/\\\/www.gobrrr.me\\\/?s={search_term_string}\"},\"query-input\":{\"@type\":\"PropertyValueSpecification\",\"valueRequired\":true,\"valueName\":\"search_term_string\"}}],\"inLanguage\":\"de-AT\"},{\"@type\":\"Organization\",\"@id\":\"https:\\\/\\\/www.gobrrr.me\\\/#organization\",\"name\":\"Go Brrr 3D\",\"url\":\"https:\\\/\\\/www.gobrrr.me\\\/\",\"logo\":{\"@type\":\"ImageObject\",\"inLanguage\":\"de-AT\",\"@id\":\"https:\\\/\\\/www.gobrrr.me\\\/#\\\/schema\\\/logo\\\/image\\\/\",\"url\":\"https:\\\/\\\/i0.wp.com\\\/www.gobrrr.me\\\/wp-content\\\/uploads\\\/2022\\\/02\\\/BrrrIco.png?fit=100%2C100&ssl=1\",\"contentUrl\":\"https:\\\/\\\/i0.wp.com\\\/www.gobrrr.me\\\/wp-content\\\/uploads\\\/2022\\\/02\\\/BrrrIco.png?fit=100%2C100&ssl=1\",\"width\":100,\"height\":100,\"caption\":\"Go Brrr 3D\"},\"image\":{\"@id\":\"https:\\\/\\\/www.gobrrr.me\\\/#\\\/schema\\\/logo\\\/image\\\/\"},\"sameAs\":[\"https:\\\/\\\/x.com\\\/GoBrrr_me\"]}]}<\/script>\n","yoast_head_json":{"title":"Bitaxe LAN Adapter - Go Brrr","description":"A two part Ethernetadapter for the Bitaxe. Add Ethernet connectivity to your Bitaxe with this two part Adapter which hooks into the Bitaxes Accessory Port to provide a stable ethernet connection.Compatibility tested and confirmed working with versions 601 & 602 (fw for 401 & 402 coming soon)","robots":{"index":"index","follow":"follow","max-snippet":"max-snippet:-1","max-image-preview":"max-image-preview:large","max-video-preview":"max-video-preview:-1"},"canonical":"https:\/\/www.gobrrr.me\/de\/product\/bitaxe-lan\/","og_locale":"de_DE","og_type":"article","og_title":"Bitaxe LAN Adapter","og_description":"A two part Ethernetadapter for the Bitaxe. Add Ethernet connectivity to your Bitaxe with this two part Adapter which hooks into the Bitaxes Accessory Port to provide a stable ethernet connection.Compatibility tested and confirmed working with versions 601 & 602 (fw for 401 & 402 coming soon)","og_url":"https:\/\/www.gobrrr.me\/de\/product\/bitaxe-lan\/","og_site_name":"Go Brrr","article_modified_time":"2026-04-21T17:38:23+00:00","og_image":[{"width":1024,"height":768,"url":"https:\/\/www.gobrrr.me\/ozypsoob\/2025\/11\/BitaxeLan.jpeg","type":"image\/jpeg"}],"twitter_card":"summary_large_image","twitter_title":"Bitaxe LAN Adapter","twitter_description":"A two part Ethernetadapter for the Bitaxe. Add Ethernet connectivity to your Bitaxe with this two part Adapter which hooks into the Bitaxes Accessory Port to provide a stable ethernet connection.Compatibility tested and confirmed working with versions 601 & 602 (fw for 401 & 402 coming soon)","twitter_image":"https:\/\/www.gobrrr.me\/ozypsoob\/2025\/11\/BitaxeLan.jpeg","twitter_site":"@GoBrrr_me","twitter_misc":{"Gesch\u00e4tzte Lesezeit":"1 Minute"},"schema":{"@context":"https:\/\/schema.org","@graph":[{"@type":"WebPage","@id":"https:\/\/www.gobrrr.me\/product\/bitaxe-lan\/","url":"https:\/\/www.gobrrr.me\/product\/bitaxe-lan\/","name":"Bitaxe LAN Adapter - Go Brrr","isPartOf":{"@id":"https:\/\/www.gobrrr.me\/#website"},"primaryImageOfPage":{"@id":"https:\/\/www.gobrrr.me\/product\/bitaxe-lan\/#primaryimage"},"image":{"@id":"https:\/\/www.gobrrr.me\/product\/bitaxe-lan\/#primaryimage"},"thumbnailUrl":"https:\/\/www.gobrrr.me\/ozypsoob\/2025\/11\/BitaxeLan.jpeg","datePublished":"2025-11-10T11:20:48+00:00","dateModified":"2026-04-21T17:38:23+00:00","description":"A two part Ethernetadapter for the Bitaxe. Add Ethernet connectivity to your Bitaxe with this two part Adapter which hooks into the Bitaxes Accessory Port to provide a stable ethernet connection.Compatibility tested and confirmed working with versions 601 & 602 (fw for 401 & 402 coming soon)","breadcrumb":{"@id":"https:\/\/www.gobrrr.me\/product\/bitaxe-lan\/#breadcrumb"},"inLanguage":"de-AT","potentialAction":[{"@type":"ReadAction","target":["https:\/\/www.gobrrr.me\/product\/bitaxe-lan\/"]}]},{"@type":"ImageObject","inLanguage":"de-AT","@id":"https:\/\/www.gobrrr.me\/product\/bitaxe-lan\/#primaryimage","url":"https:\/\/www.gobrrr.me\/ozypsoob\/2025\/11\/BitaxeLan.jpeg","contentUrl":"https:\/\/www.gobrrr.me\/ozypsoob\/2025\/11\/BitaxeLan.jpeg","width":1024,"height":768},{"@type":"BreadcrumbList","@id":"https:\/\/www.gobrrr.me\/product\/bitaxe-lan\/#breadcrumb","itemListElement":[{"@type":"ListItem","position":1,"name":"Home","item":"https:\/\/www.gobrrr.me\/"},{"@type":"ListItem","position":2,"name":"Shop","item":"https:\/\/www.gobrrr.me\/shop\/"},{"@type":"ListItem","position":3,"name":"Bitaxe LAN Adapter"}]},{"@type":"WebSite","@id":"https:\/\/www.gobrrr.me\/#website","url":"https:\/\/www.gobrrr.me\/","name":"Go Brrr","description":"3D prints for sovereign individuals","publisher":{"@id":"https:\/\/www.gobrrr.me\/#organization"},"potentialAction":[{"@type":"SearchAction","target":{"@type":"EntryPoint","urlTemplate":"https:\/\/www.gobrrr.me\/?s={search_term_string}"},"query-input":{"@type":"PropertyValueSpecification","valueRequired":true,"valueName":"search_term_string"}}],"inLanguage":"de-AT"},{"@type":"Organization","@id":"https:\/\/www.gobrrr.me\/#organization","name":"Go Brrr 3D","url":"https:\/\/www.gobrrr.me\/","logo":{"@type":"ImageObject","inLanguage":"de-AT","@id":"https:\/\/www.gobrrr.me\/#\/schema\/logo\/image\/","url":"https:\/\/i0.wp.com\/www.gobrrr.me\/ozypsoob\/2022\/02\/BrrrIco.png?fit=100%2C100&ssl=1","contentUrl":"https:\/\/i0.wp.com\/www.gobrrr.me\/ozypsoob\/2022\/02\/BrrrIco.png?fit=100%2C100&ssl=1","width":100,"height":100,"caption":"Go Brrr 3D"},"image":{"@id":"https:\/\/www.gobrrr.me\/#\/schema\/logo\/image\/"},"sameAs":["https:\/\/x.com\/GoBrrr_me"]}]}},"_links":{"self":[{"href":"https:\/\/www.gobrrr.me\/de\/wp-json\/wp\/v2\/product\/10608","targetHints":{"allow":["GET"]}}],"collection":[{"href":"https:\/\/www.gobrrr.me\/de\/wp-json\/wp\/v2\/product"}],"about":[{"href":"https:\/\/www.gobrrr.me\/de\/wp-json\/wp\/v2\/types\/product"}],"replies":[{"embeddable":true,"href":"https:\/\/www.gobrrr.me\/de\/wp-json\/wp\/v2\/comments?post=10608"}],"version-history":[{"count":1,"href":"https:\/\/www.gobrrr.me\/de\/wp-json\/wp\/v2\/product\/10608\/revisions"}],"predecessor-version":[{"id":11470,"href":"https:\/\/www.gobrrr.me\/de\/wp-json\/wp\/v2\/product\/10608\/revisions\/11470"}],"wp:featuredmedia":[{"embeddable":true,"href":"https:\/\/www.gobrrr.me\/de\/wp-json\/wp\/v2\/media\/10609"}],"wp:attachment":[{"href":"https:\/\/www.gobrrr.me\/de\/wp-json\/wp\/v2\/media?parent=10608"}],"wp:term":[{"taxonomy":"product_brand","embeddable":true,"href":"https:\/\/www.gobrrr.me\/de\/wp-json\/wp\/v2\/product_brand?post=10608"},{"taxonomy":"product_cat","embeddable":true,"href":"https:\/\/www.gobrrr.me\/de\/wp-json\/wp\/v2\/product_cat?post=10608"},{"taxonomy":"product_tag","embeddable":true,"href":"https:\/\/www.gobrrr.me\/de\/wp-json\/wp\/v2\/product_tag?post=10608"}],"curies":[{"name":"wp","href":"https:\/\/api.w.org\/{rel}","templated":true}]}}