{"id":6923,"date":"2024-03-12T09:18:04","date_gmt":"2024-03-12T08:18:04","guid":{"rendered":"https:\/\/www.gobrrr.me\/?page_id=6923"},"modified":"2025-06-09T14:36:44","modified_gmt":"2025-06-09T12:36:44","slug":"support-us","status":"publish","type":"page","link":"https:\/\/www.gobrrr.me\/de\/support-us\/","title":{"rendered":"<p>Unterst\u00fctze uns!<\/p>"},"content":{"rendered":"<p class=\"has-text-align-center has-background\" style=\"background-color:#212121\">Unterst\u00fctze uns durch Eink\u00e4ufe von Unternehmen und Freunden von GoBrrr.me, die wir ohne zu z\u00f6gern empfehlen k\u00f6nnen. Diese sind <strong>Affiliate-Links<\/strong>. Wenn du sie oder die entsprechenden Empfehlungscodes verwenden, erhalten wir eine kleine Entsch\u00e4digung f\u00fcr deinen Kauf, ohne zus\u00e4tzliche Kosten f\u00fcr dich.<div style=\"height:46px\" aria-hidden=\"true\" class=\"wp-block-spacer\"><\/div><div class=\"wp-block-group has-background is-vertical is-content-justification-center is-layout-flex wp-container-core-group-is-layout-48c2c4f0 wp-block-group-is-layout-flex\" style=\"background:linear-gradient(135deg,rgb(254,244,232) 0%,rgb(214,221,230) 100%)\">\n<h2 class=\"wp-block-heading has-text-align-center has-text-color has-link-color has-large-font-size wp-elements-0ee05a54fd6d8cdc31e217510dceb3ba\" style=\"color:#212121\">Coinfinity \u2013 Bitcoin zu den Menschen bringen<\/h2>\n\n\n\n<div style=\"height:0px\" aria-hidden=\"true\" class=\"wp-block-spacer wp-container-content-cf2db169\"><\/div>\n\n\n\n<figure class=\"wp-block-image aligncenter size-full is-style-rounded\"><a href=\"https:\/\/coinfinity.co\/?r=GOBRRR\" target=\"_blank\" rel=\"noreferrer noopener\"><img fetchpriority=\"high\" decoding=\"async\" width=\"440\" height=\"154\" src=\"https:\/\/www.gobrrr.me\/ozypsoob\/2024\/03\/coinfinity-logo-small.png\" alt=\"Klicke auf das Logo, um coinfinity.co zu besuchen (Referral Code: GOBRRR)\" class=\"wp-image-6924\" srcset=\"https:\/\/www.gobrrr.me\/ozypsoob\/2024\/03\/coinfinity-logo-small.png 440w, https:\/\/www.gobrrr.me\/ozypsoob\/2024\/03\/coinfinity-logo-small-400x140.png 400w\" sizes=\"(max-width: 440px) 100vw, 440px\"><\/a><\/figure>\n\n\n\n<h2 class=\"wp-block-heading has-text-color has-link-color wp-elements-01ba2ad69c065442674c87c926cf2768\" style=\"color:#212121\"><strong>Referral Code: GOBRRR<\/strong><\/h2>\n\n\n\n<p class=\"has-text-align-center has-text-color has-link-color wp-elements-2a1d771d89cd347e40c0e02f37390834\" style=\"color:#212121\">Coinfinity wurde in Block Height 297334 gegr\u00fcndet und ist ein erfahrener Spieler und \u00d6sterreichs zuverl\u00e4ssigster Bitcoin-Anbieter. dein Know-how und ihre Supportqualit\u00e4t sind un\u00fcbertroffen und sie sind dabei, das Lightning Network zu integrieren. deine Mission ist es, Bitcoin einfach zu verstehen und f\u00fcr alle zug\u00e4nglich zu machen. Aufgrund der (fragw\u00fcrdigen) \u00f6sterreichischen Gesetze erfordern K\u00e4ufe mit Coinfinity volle KYC.<\/p>\n<\/div><div style=\"height:240px\" aria-hidden=\"true\" class=\"wp-block-spacer\"><\/div><p class=\"has-background\" style=\"background-color:#212121\">Weitere Freunde und Partner werden in Zukunft hinzukommen. Wenn dir gef\u00e4llt, was wir tun, kannst du uns mit einem <a href=\"https:\/\/gobrrr.me\/donate\">Spende<\/a>.<\/p><\/p>","protected":false},"excerpt":{"rendered":"<p>Support us through purchases from companies and friends of GoBrrr.me which we can recommend without hesitation. These are affiliate links. When you use them or the corresponding Referral Codes, we get a small compensation for your purchase, with no additional cost to you. Coinfinity &ndash; Bringing Bitcoin to the people Referral Code: GOBRRR Founded at [&hellip;]<\/p>","protected":false},"author":2,"featured_media":0,"parent":0,"menu_order":0,"comment_status":"closed","ping_status":"closed","template":"template-fullwidth.php","meta":{"footnotes":""},"class_list":["post-6923","page","type-page","status-publish","hentry"],"yoast_head":"\n<title>Support us! - Go Brrr<\/title>\n<meta name=\"robots\" content=\"index, follow, max-snippet:-1, max-image-preview:large, max-video-preview:-1\" \/>\n<link rel=\"canonical\" href=\"https:\/\/www.gobrrr.me\/de\/support-us\/\" \/>\n<meta property=\"og:locale\" content=\"de_DE\" \/>\n<meta property=\"og:type\" content=\"article\" \/>\n<meta property=\"og:title\" content=\"Support us! - Go Brrr\" \/>\n<meta property=\"og:description\" content=\"Support us through purchases from companies and friends of GoBrrr.me which we can recommend without hesitation. These are affiliate links. When you use them or the corresponding Referral Codes, we get a small compensation for your purchase, with no additional cost to you. Coinfinity &#8211; Bringing Bitcoin to the people Referral Code: GOBRRR Founded at [&hellip;]\" \/>\n<meta property=\"og:url\" content=\"https:\/\/www.gobrrr.me\/de\/support-us\/\" \/>\n<meta property=\"og:site_name\" content=\"Go Brrr\" \/>\n<meta property=\"article:modified_time\" content=\"2025-06-09T12:36:44+00:00\" \/>\n<meta property=\"og:image\" content=\"https:\/\/www.gobrrr.me\/ozypsoob\/2024\/03\/coinfinity-logo-small.png\" \/>\n<meta name=\"twitter:card\" content=\"summary_large_image\" \/>\n<meta name=\"twitter:site\" content=\"@GoBrrr_me\" \/>\n<meta name=\"twitter:label1\" content=\"Gesch\u00e4tzte Lesezeit\" \/>\n\t<meta name=\"twitter:data1\" content=\"1 Minute\" \/>\n<script type=\"application\/ld+json\" class=\"yoast-schema-graph\">{\"@context\":\"https:\\\/\\\/schema.org\",\"@graph\":[{\"@type\":\"WebPage\",\"@id\":\"https:\\\/\\\/www.gobrrr.me\\\/support-us\\\/\",\"url\":\"https:\\\/\\\/www.gobrrr.me\\\/support-us\\\/\",\"name\":\"Support us! - Go Brrr\",\"isPartOf\":{\"@id\":\"https:\\\/\\\/www.gobrrr.me\\\/#website\"},\"primaryImageOfPage\":{\"@id\":\"https:\\\/\\\/www.gobrrr.me\\\/support-us\\\/#primaryimage\"},\"image\":{\"@id\":\"https:\\\/\\\/www.gobrrr.me\\\/support-us\\\/#primaryimage\"},\"thumbnailUrl\":\"https:\\\/\\\/www.gobrrr.me\\\/wp-content\\\/uploads\\\/2024\\\/03\\\/coinfinity-logo-small.png\",\"datePublished\":\"2024-03-12T08:18:04+00:00\",\"dateModified\":\"2025-06-09T12:36:44+00:00\",\"breadcrumb\":{\"@id\":\"https:\\\/\\\/www.gobrrr.me\\\/support-us\\\/#breadcrumb\"},\"inLanguage\":\"de-AT\",\"potentialAction\":[{\"@type\":\"ReadAction\",\"target\":[\"https:\\\/\\\/www.gobrrr.me\\\/support-us\\\/\"]}]},{\"@type\":\"ImageObject\",\"inLanguage\":\"de-AT\",\"@id\":\"https:\\\/\\\/www.gobrrr.me\\\/support-us\\\/#primaryimage\",\"url\":\"https:\\\/\\\/www.gobrrr.me\\\/wp-content\\\/uploads\\\/2024\\\/03\\\/coinfinity-logo-small.png\",\"contentUrl\":\"https:\\\/\\\/www.gobrrr.me\\\/wp-content\\\/uploads\\\/2024\\\/03\\\/coinfinity-logo-small.png\"},{\"@type\":\"BreadcrumbList\",\"@id\":\"https:\\\/\\\/www.gobrrr.me\\\/support-us\\\/#breadcrumb\",\"itemListElement\":[{\"@type\":\"ListItem\",\"position\":1,\"name\":\"Home\",\"item\":\"https:\\\/\\\/www.gobrrr.me\\\/\"},{\"@type\":\"ListItem\",\"position\":2,\"name\":\"Support us!\"}]},{\"@type\":\"WebSite\",\"@id\":\"https:\\\/\\\/www.gobrrr.me\\\/#website\",\"url\":\"https:\\\/\\\/www.gobrrr.me\\\/\",\"name\":\"Go Brrr\",\"description\":\"3D prints for sovereign individuals\",\"publisher\":{\"@id\":\"https:\\\/\\\/www.gobrrr.me\\\/#organization\"},\"potentialAction\":[{\"@type\":\"SearchAction\",\"target\":{\"@type\":\"EntryPoint\",\"urlTemplate\":\"https:\\\/\\\/www.gobrrr.me\\\/?s={search_term_string}\"},\"query-input\":{\"@type\":\"PropertyValueSpecification\",\"valueRequired\":true,\"valueName\":\"search_term_string\"}}],\"inLanguage\":\"de-AT\"},{\"@type\":\"Organization\",\"@id\":\"https:\\\/\\\/www.gobrrr.me\\\/#organization\",\"name\":\"Go Brrr 3D\",\"url\":\"https:\\\/\\\/www.gobrrr.me\\\/\",\"logo\":{\"@type\":\"ImageObject\",\"inLanguage\":\"de-AT\",\"@id\":\"https:\\\/\\\/www.gobrrr.me\\\/#\\\/schema\\\/logo\\\/image\\\/\",\"url\":\"https:\\\/\\\/i0.wp.com\\\/www.gobrrr.me\\\/wp-content\\\/uploads\\\/2022\\\/02\\\/BrrrIco.png?fit=100%2C100&ssl=1\",\"contentUrl\":\"https:\\\/\\\/i0.wp.com\\\/www.gobrrr.me\\\/wp-content\\\/uploads\\\/2022\\\/02\\\/BrrrIco.png?fit=100%2C100&ssl=1\",\"width\":100,\"height\":100,\"caption\":\"Go Brrr 3D\"},\"image\":{\"@id\":\"https:\\\/\\\/www.gobrrr.me\\\/#\\\/schema\\\/logo\\\/image\\\/\"},\"sameAs\":[\"https:\\\/\\\/x.com\\\/GoBrrr_me\"]}]}<\/script>\n","yoast_head_json":{"title":"Support us! - Go Brrr","robots":{"index":"index","follow":"follow","max-snippet":"max-snippet:-1","max-image-preview":"max-image-preview:large","max-video-preview":"max-video-preview:-1"},"canonical":"https:\/\/www.gobrrr.me\/de\/support-us\/","og_locale":"de_DE","og_type":"article","og_title":"Support us! - Go Brrr","og_description":"Support us through purchases from companies and friends of GoBrrr.me which we can recommend without hesitation. These are affiliate links. When you use them or the corresponding Referral Codes, we get a small compensation for your purchase, with no additional cost to you. Coinfinity &#8211; Bringing Bitcoin to the people Referral Code: GOBRRR Founded at [&hellip;]","og_url":"https:\/\/www.gobrrr.me\/de\/support-us\/","og_site_name":"Go Brrr","article_modified_time":"2025-06-09T12:36:44+00:00","og_image":[{"url":"https:\/\/www.gobrrr.me\/ozypsoob\/2024\/03\/coinfinity-logo-small.png","type":"","width":"","height":""}],"twitter_card":"summary_large_image","twitter_site":"@GoBrrr_me","twitter_misc":{"Gesch\u00e4tzte Lesezeit":"1 Minute"},"schema":{"@context":"https:\/\/schema.org","@graph":[{"@type":"WebPage","@id":"https:\/\/www.gobrrr.me\/support-us\/","url":"https:\/\/www.gobrrr.me\/support-us\/","name":"Support us! - Go Brrr","isPartOf":{"@id":"https:\/\/www.gobrrr.me\/#website"},"primaryImageOfPage":{"@id":"https:\/\/www.gobrrr.me\/support-us\/#primaryimage"},"image":{"@id":"https:\/\/www.gobrrr.me\/support-us\/#primaryimage"},"thumbnailUrl":"https:\/\/www.gobrrr.me\/ozypsoob\/2024\/03\/coinfinity-logo-small.png","datePublished":"2024-03-12T08:18:04+00:00","dateModified":"2025-06-09T12:36:44+00:00","breadcrumb":{"@id":"https:\/\/www.gobrrr.me\/support-us\/#breadcrumb"},"inLanguage":"de-AT","potentialAction":[{"@type":"ReadAction","target":["https:\/\/www.gobrrr.me\/support-us\/"]}]},{"@type":"ImageObject","inLanguage":"de-AT","@id":"https:\/\/www.gobrrr.me\/support-us\/#primaryimage","url":"https:\/\/www.gobrrr.me\/ozypsoob\/2024\/03\/coinfinity-logo-small.png","contentUrl":"https:\/\/www.gobrrr.me\/ozypsoob\/2024\/03\/coinfinity-logo-small.png"},{"@type":"BreadcrumbList","@id":"https:\/\/www.gobrrr.me\/support-us\/#breadcrumb","itemListElement":[{"@type":"ListItem","position":1,"name":"Home","item":"https:\/\/www.gobrrr.me\/"},{"@type":"ListItem","position":2,"name":"Support us!"}]},{"@type":"WebSite","@id":"https:\/\/www.gobrrr.me\/#website","url":"https:\/\/www.gobrrr.me\/","name":"Go Brrr","description":"3D prints for sovereign individuals","publisher":{"@id":"https:\/\/www.gobrrr.me\/#organization"},"potentialAction":[{"@type":"SearchAction","target":{"@type":"EntryPoint","urlTemplate":"https:\/\/www.gobrrr.me\/?s={search_term_string}"},"query-input":{"@type":"PropertyValueSpecification","valueRequired":true,"valueName":"search_term_string"}}],"inLanguage":"de-AT"},{"@type":"Organization","@id":"https:\/\/www.gobrrr.me\/#organization","name":"Go Brrr 3D","url":"https:\/\/www.gobrrr.me\/","logo":{"@type":"ImageObject","inLanguage":"de-AT","@id":"https:\/\/www.gobrrr.me\/#\/schema\/logo\/image\/","url":"https:\/\/i0.wp.com\/www.gobrrr.me\/ozypsoob\/2022\/02\/BrrrIco.png?fit=100%2C100&ssl=1","contentUrl":"https:\/\/i0.wp.com\/www.gobrrr.me\/ozypsoob\/2022\/02\/BrrrIco.png?fit=100%2C100&ssl=1","width":100,"height":100,"caption":"Go Brrr 3D"},"image":{"@id":"https:\/\/www.gobrrr.me\/#\/schema\/logo\/image\/"},"sameAs":["https:\/\/x.com\/GoBrrr_me"]}]}},"_links":{"self":[{"href":"https:\/\/www.gobrrr.me\/de\/wp-json\/wp\/v2\/pages\/6923","targetHints":{"allow":["GET"]}}],"collection":[{"href":"https:\/\/www.gobrrr.me\/de\/wp-json\/wp\/v2\/pages"}],"about":[{"href":"https:\/\/www.gobrrr.me\/de\/wp-json\/wp\/v2\/types\/page"}],"author":[{"embeddable":true,"href":"https:\/\/www.gobrrr.me\/de\/wp-json\/wp\/v2\/users\/2"}],"replies":[{"embeddable":true,"href":"https:\/\/www.gobrrr.me\/de\/wp-json\/wp\/v2\/comments?post=6923"}],"version-history":[{"count":0,"href":"https:\/\/www.gobrrr.me\/de\/wp-json\/wp\/v2\/pages\/6923\/revisions"}],"wp:attachment":[{"href":"https:\/\/www.gobrrr.me\/de\/wp-json\/wp\/v2\/media?parent=6923"}],"curies":[{"name":"wp","href":"https:\/\/api.w.org\/{rel}","templated":true}]}}