{"id":3456,"date":"2022-11-23T14:50:56","date_gmt":"2022-11-23T13:50:56","guid":{"rendered":"https:\/\/www.gobrrr.me\/?page_id=3456"},"modified":"2025-06-09T14:35:38","modified_gmt":"2025-06-09T12:35:38","slug":"faq","status":"publish","type":"page","link":"https:\/\/www.gobrrr.me\/de\/faq\/","title":{"rendered":"<p>FAQ<\/p>"},"content":{"rendered":"<h2 class=\"wp-block-heading\">FAQ<blockquote class=\"wp-block-quote is-layout-flow wp-block-quote-is-layout-flow\" data-aos=\"fade-up\">\n<p>Von wo aus versenden du?<\/p>\n<cite>Wir sind in \u00d6sterreich ans\u00e4ssig und versenden aus \u00d6sterreich.<\/cite><\/blockquote><blockquote class=\"wp-block-quote is-layout-flow wp-block-quote-is-layout-flow\" data-aos=\"fade-up\">\n<p>Wie lange dauert es, bis meine Bestellung versendet wird?<\/p>\n<cite>Wir bem\u00fchen uns, in zwei Werktagen zu versenden, aber abh\u00e4ngig von der Menge und Gr\u00f6\u00dfe der Bestellungen, bis zu einer Woche.<\/cite><\/blockquote><blockquote class=\"wp-block-quote is-layout-flow wp-block-quote-is-layout-flow\" data-aos=\"fade-up\">\n<p>Warum ist meine Lightning-Zahlung fehlgeschlagen?<\/p>\n<cite>Dies kann viele Gr\u00fcnde haben, geringe Inbound-Liquidit\u00e4t auf einigen Routen, Tor-Probleme usw.<br>Unser Node ist nicht der gr\u00f6\u00dfte, du kannst <a href=\"https:\/\/amboss.space\/node\/02445854b90a954a3d6936c7d4a93bb8ecde414e683de1df451af870f9321eed28\" target=\"_blank\" rel=\"noreferrer noopener\">Einen Kanal \u00f6ffnen<\/a> F\u00fcr eine direkte Verbindung.<\/cite><\/blockquote><blockquote class=\"wp-block-quote is-layout-flow wp-block-quote-is-layout-flow\" data-aos=\"fade-up\">\n<p>Versenden du zu Relaisstationen?<\/p>\n<cite>Ja, aber du musst alle versandrelevanten Details angeben. (Relaisstationsadresse, Kunde #\/ID #)<br>Bestellungen, die an Relaisstationen versandt werden, sind von R\u00fccksendungen und R\u00fcckerstattungen befreit.<\/cite><\/blockquote><blockquote class=\"wp-block-quote is-layout-flow wp-block-quote-is-layout-flow\" data-aos=\"fade-up\">\n<p>Apropos R\u00fccksendungen: Kann ich meine Bestellung zur\u00fccksenden und eine R\u00fcckerstattung erhalten?<\/p>\n<cite>Wir sind nicht Amazon, du musst es also innerhalb von 14 Wochentagen nach der Bestellung selbst an uns zur\u00fccksenden.<br>Erst nachdem es angekommen ist und wir die M\u00f6glichkeit hatten, den Inhalt zu \u00fcberpr\u00fcfen, ist eine R\u00fcckerstattung m\u00f6glich.<\/cite><\/blockquote><blockquote class=\"wp-block-quote is-layout-flow wp-block-quote-is-layout-flow\" data-aos=\"fade-up\">\n<p>Warum sind Bestellungen \u00fcber PayPal teurer???!!<\/p>\n<cite>PayPal nimmt einen schnitt von jeder zahlung, die an uns geleistet wird, teilen ist f\u00fcrsorglich, also teilen wir diesen schnitt mit ihnen.<br>Es steht dir frei, in Bitcoin zu bezahlen und diese Unannehmlichkeiten vollst\u00e4ndig zu vermeiden.<\/cite><\/blockquote><blockquote class=\"wp-block-quote is-layout-flow wp-block-quote-is-layout-flow\" data-aos=\"fade-up\">\n<p>Ich m\u00f6chte ein Produkt in einer Farbe oder einem Material, das du nicht anbietest. Wie bekomme ich das?<\/p>\n<cite>Bitte gib deine gew\u00fcnschte Farbe und \/ oder Material in den Bestellhinweisen an, kein Problem, wenn wir die Farbe haben, sonst werden wir du kontaktieren.<\/cite><\/blockquote><blockquote class=\"wp-block-quote is-layout-flow wp-block-quote-is-layout-flow\" data-aos=\"fade-up\">\n<p data-aos=\"fade\">Machst du benutzerdefinierte Sachen?<\/p>\n<cite>Ja, wir lieben es, bitte folgen du diesem <a href=\"https:\/\/www.gobrrr.me\/3d-design\/\" target=\"_blank\" rel=\"noreferrer noopener\">Verlinkung<\/a>.<\/cite><\/blockquote><blockquote class=\"wp-block-quote is-layout-flow wp-block-quote-is-layout-flow\" data-aos=\"fade-up\">\n<p>Werden du mein Shitcoin-, Token- oder NFT-Projekt bewerben?<\/p>\n<cite>Nein, GFY.<\/cite><\/blockquote><blockquote class=\"wp-block-quote is-layout-flow wp-block-quote-is-layout-flow\" data-aos=\"fade-up\">\n<p>Sollte ich Bitcoin kaufen?<\/p>\n<cite>Nat\u00fcrlich. Keine Finanzberatung.<\/cite><\/blockquote><blockquote class=\"wp-block-quote is-layout-flow wp-block-quote-is-layout-flow\" data-aos=\"fade-up\">\n<p>Sollte ich einen Bitcoin Node ausf\u00fchren?<\/p>\n<cite>Mindestens eine!<\/cite><\/blockquote><\/h2>","protected":false},"excerpt":{"rendered":"<p>Frequently asked questions Where are you shipping from? We&rsquo;re located in and shipping from Austria. How long until my order will be shipped? We strive to ship in two working days, but depending on the amount and size of orders, up to a week. Why is my lightning payment failing? This can have many reasons, [&hellip;]<\/p>","protected":false},"author":2,"featured_media":3466,"parent":0,"menu_order":0,"comment_status":"closed","ping_status":"closed","template":"template-fullwidth.php","meta":{"footnotes":""},"class_list":["post-3456","page","type-page","status-publish","has-post-thumbnail","hentry"],"yoast_head":"\n<title>FAQ - Go Brrr<\/title>\n<meta name=\"robots\" content=\"index, follow, max-snippet:-1, max-image-preview:large, max-video-preview:-1\" \/>\n<link rel=\"canonical\" href=\"https:\/\/www.gobrrr.me\/de\/faq\/\" \/>\n<meta property=\"og:locale\" content=\"de_DE\" \/>\n<meta property=\"og:type\" content=\"article\" \/>\n<meta property=\"og:title\" content=\"Frequently asked questions\" \/>\n<meta property=\"og:description\" content=\"and answers\" \/>\n<meta property=\"og:url\" content=\"https:\/\/www.gobrrr.me\/de\/faq\/\" \/>\n<meta property=\"og:site_name\" content=\"Go Brrr\" \/>\n<meta property=\"article:modified_time\" content=\"2025-06-09T12:35:38+00:00\" \/>\n<meta property=\"og:image\" content=\"https:\/\/www.gobrrr.me\/ozypsoob\/2022\/11\/FAQ-1024x436.png\" \/>\n\t<meta property=\"og:image:width\" content=\"1024\" \/>\n\t<meta property=\"og:image:height\" content=\"436\" \/>\n\t<meta property=\"og:image:type\" content=\"image\/png\" \/>\n<meta name=\"twitter:card\" content=\"summary_large_image\" \/>\n<meta name=\"twitter:title\" content=\"Frequently asked questions\" \/>\n<meta name=\"twitter:description\" content=\"and answers\" \/>\n<meta name=\"twitter:image\" content=\"https:\/\/www.gobrrr.me\/ozypsoob\/2022\/11\/FAQ.png\" \/>\n<meta name=\"twitter:site\" content=\"@GoBrrr_me\" \/>\n<meta name=\"twitter:label1\" content=\"Gesch\u00e4tzte Lesezeit\" \/>\n\t<meta name=\"twitter:data1\" content=\"1 Minute\" \/>\n<script type=\"application\/ld+json\" class=\"yoast-schema-graph\">{\"@context\":\"https:\\\/\\\/schema.org\",\"@graph\":[{\"@type\":\"WebPage\",\"@id\":\"https:\\\/\\\/www.gobrrr.me\\\/faq\\\/\",\"url\":\"https:\\\/\\\/www.gobrrr.me\\\/faq\\\/\",\"name\":\"FAQ - Go Brrr\",\"isPartOf\":{\"@id\":\"https:\\\/\\\/www.gobrrr.me\\\/#website\"},\"primaryImageOfPage\":{\"@id\":\"https:\\\/\\\/www.gobrrr.me\\\/faq\\\/#primaryimage\"},\"image\":{\"@id\":\"https:\\\/\\\/www.gobrrr.me\\\/faq\\\/#primaryimage\"},\"thumbnailUrl\":\"https:\\\/\\\/www.gobrrr.me\\\/wp-content\\\/uploads\\\/2022\\\/11\\\/FAQ.png\",\"datePublished\":\"2022-11-23T13:50:56+00:00\",\"dateModified\":\"2025-06-09T12:35:38+00:00\",\"breadcrumb\":{\"@id\":\"https:\\\/\\\/www.gobrrr.me\\\/faq\\\/#breadcrumb\"},\"inLanguage\":\"de-AT\",\"potentialAction\":[{\"@type\":\"ReadAction\",\"target\":[\"https:\\\/\\\/www.gobrrr.me\\\/faq\\\/\"]}]},{\"@type\":\"ImageObject\",\"inLanguage\":\"de-AT\",\"@id\":\"https:\\\/\\\/www.gobrrr.me\\\/faq\\\/#primaryimage\",\"url\":\"https:\\\/\\\/www.gobrrr.me\\\/wp-content\\\/uploads\\\/2022\\\/11\\\/FAQ.png\",\"contentUrl\":\"https:\\\/\\\/www.gobrrr.me\\\/wp-content\\\/uploads\\\/2022\\\/11\\\/FAQ.png\",\"width\":2560,\"height\":1090},{\"@type\":\"BreadcrumbList\",\"@id\":\"https:\\\/\\\/www.gobrrr.me\\\/faq\\\/#breadcrumb\",\"itemListElement\":[{\"@type\":\"ListItem\",\"position\":1,\"name\":\"Home\",\"item\":\"https:\\\/\\\/www.gobrrr.me\\\/\"},{\"@type\":\"ListItem\",\"position\":2,\"name\":\"FAQ\"}]},{\"@type\":\"WebSite\",\"@id\":\"https:\\\/\\\/www.gobrrr.me\\\/#website\",\"url\":\"https:\\\/\\\/www.gobrrr.me\\\/\",\"name\":\"Go Brrr\",\"description\":\"3D prints for sovereign individuals\",\"publisher\":{\"@id\":\"https:\\\/\\\/www.gobrrr.me\\\/#organization\"},\"potentialAction\":[{\"@type\":\"SearchAction\",\"target\":{\"@type\":\"EntryPoint\",\"urlTemplate\":\"https:\\\/\\\/www.gobrrr.me\\\/?s={search_term_string}\"},\"query-input\":{\"@type\":\"PropertyValueSpecification\",\"valueRequired\":true,\"valueName\":\"search_term_string\"}}],\"inLanguage\":\"de-AT\"},{\"@type\":\"Organization\",\"@id\":\"https:\\\/\\\/www.gobrrr.me\\\/#organization\",\"name\":\"Go Brrr 3D\",\"url\":\"https:\\\/\\\/www.gobrrr.me\\\/\",\"logo\":{\"@type\":\"ImageObject\",\"inLanguage\":\"de-AT\",\"@id\":\"https:\\\/\\\/www.gobrrr.me\\\/#\\\/schema\\\/logo\\\/image\\\/\",\"url\":\"https:\\\/\\\/i0.wp.com\\\/www.gobrrr.me\\\/wp-content\\\/uploads\\\/2022\\\/02\\\/BrrrIco.png?fit=100%2C100&ssl=1\",\"contentUrl\":\"https:\\\/\\\/i0.wp.com\\\/www.gobrrr.me\\\/wp-content\\\/uploads\\\/2022\\\/02\\\/BrrrIco.png?fit=100%2C100&ssl=1\",\"width\":100,\"height\":100,\"caption\":\"Go Brrr 3D\"},\"image\":{\"@id\":\"https:\\\/\\\/www.gobrrr.me\\\/#\\\/schema\\\/logo\\\/image\\\/\"},\"sameAs\":[\"https:\\\/\\\/x.com\\\/GoBrrr_me\"]}]}<\/script>\n","yoast_head_json":{"title":"FAQ - Go Brrr","robots":{"index":"index","follow":"follow","max-snippet":"max-snippet:-1","max-image-preview":"max-image-preview:large","max-video-preview":"max-video-preview:-1"},"canonical":"https:\/\/www.gobrrr.me\/de\/faq\/","og_locale":"de_DE","og_type":"article","og_title":"Frequently asked questions","og_description":"and answers","og_url":"https:\/\/www.gobrrr.me\/de\/faq\/","og_site_name":"Go Brrr","article_modified_time":"2025-06-09T12:35:38+00:00","og_image":[{"width":1024,"height":436,"url":"https:\/\/www.gobrrr.me\/ozypsoob\/2022\/11\/FAQ-1024x436.png","type":"image\/png"}],"twitter_card":"summary_large_image","twitter_title":"Frequently asked questions","twitter_description":"and answers","twitter_image":"https:\/\/www.gobrrr.me\/ozypsoob\/2022\/11\/FAQ.png","twitter_site":"@GoBrrr_me","twitter_misc":{"Gesch\u00e4tzte Lesezeit":"1 Minute"},"schema":{"@context":"https:\/\/schema.org","@graph":[{"@type":"WebPage","@id":"https:\/\/www.gobrrr.me\/faq\/","url":"https:\/\/www.gobrrr.me\/faq\/","name":"FAQ - Go Brrr","isPartOf":{"@id":"https:\/\/www.gobrrr.me\/#website"},"primaryImageOfPage":{"@id":"https:\/\/www.gobrrr.me\/faq\/#primaryimage"},"image":{"@id":"https:\/\/www.gobrrr.me\/faq\/#primaryimage"},"thumbnailUrl":"https:\/\/www.gobrrr.me\/ozypsoob\/2022\/11\/FAQ.png","datePublished":"2022-11-23T13:50:56+00:00","dateModified":"2025-06-09T12:35:38+00:00","breadcrumb":{"@id":"https:\/\/www.gobrrr.me\/faq\/#breadcrumb"},"inLanguage":"de-AT","potentialAction":[{"@type":"ReadAction","target":["https:\/\/www.gobrrr.me\/faq\/"]}]},{"@type":"ImageObject","inLanguage":"de-AT","@id":"https:\/\/www.gobrrr.me\/faq\/#primaryimage","url":"https:\/\/www.gobrrr.me\/ozypsoob\/2022\/11\/FAQ.png","contentUrl":"https:\/\/www.gobrrr.me\/ozypsoob\/2022\/11\/FAQ.png","width":2560,"height":1090},{"@type":"BreadcrumbList","@id":"https:\/\/www.gobrrr.me\/faq\/#breadcrumb","itemListElement":[{"@type":"ListItem","position":1,"name":"Home","item":"https:\/\/www.gobrrr.me\/"},{"@type":"ListItem","position":2,"name":"FAQ"}]},{"@type":"WebSite","@id":"https:\/\/www.gobrrr.me\/#website","url":"https:\/\/www.gobrrr.me\/","name":"Go Brrr","description":"3D prints for sovereign individuals","publisher":{"@id":"https:\/\/www.gobrrr.me\/#organization"},"potentialAction":[{"@type":"SearchAction","target":{"@type":"EntryPoint","urlTemplate":"https:\/\/www.gobrrr.me\/?s={search_term_string}"},"query-input":{"@type":"PropertyValueSpecification","valueRequired":true,"valueName":"search_term_string"}}],"inLanguage":"de-AT"},{"@type":"Organization","@id":"https:\/\/www.gobrrr.me\/#organization","name":"Go Brrr 3D","url":"https:\/\/www.gobrrr.me\/","logo":{"@type":"ImageObject","inLanguage":"de-AT","@id":"https:\/\/www.gobrrr.me\/#\/schema\/logo\/image\/","url":"https:\/\/i0.wp.com\/www.gobrrr.me\/ozypsoob\/2022\/02\/BrrrIco.png?fit=100%2C100&ssl=1","contentUrl":"https:\/\/i0.wp.com\/www.gobrrr.me\/ozypsoob\/2022\/02\/BrrrIco.png?fit=100%2C100&ssl=1","width":100,"height":100,"caption":"Go Brrr 3D"},"image":{"@id":"https:\/\/www.gobrrr.me\/#\/schema\/logo\/image\/"},"sameAs":["https:\/\/x.com\/GoBrrr_me"]}]}},"_links":{"self":[{"href":"https:\/\/www.gobrrr.me\/de\/wp-json\/wp\/v2\/pages\/3456","targetHints":{"allow":["GET"]}}],"collection":[{"href":"https:\/\/www.gobrrr.me\/de\/wp-json\/wp\/v2\/pages"}],"about":[{"href":"https:\/\/www.gobrrr.me\/de\/wp-json\/wp\/v2\/types\/page"}],"author":[{"embeddable":true,"href":"https:\/\/www.gobrrr.me\/de\/wp-json\/wp\/v2\/users\/2"}],"replies":[{"embeddable":true,"href":"https:\/\/www.gobrrr.me\/de\/wp-json\/wp\/v2\/comments?post=3456"}],"version-history":[{"count":0,"href":"https:\/\/www.gobrrr.me\/de\/wp-json\/wp\/v2\/pages\/3456\/revisions"}],"wp:featuredmedia":[{"embeddable":true,"href":"https:\/\/www.gobrrr.me\/de\/wp-json\/wp\/v2\/media\/3466"}],"wp:attachment":[{"href":"https:\/\/www.gobrrr.me\/de\/wp-json\/wp\/v2\/media?parent=3456"}],"curies":[{"name":"wp","href":"https:\/\/api.w.org\/{rel}","templated":true}]}}