{"id":3158,"date":"2022-10-07T16:54:31","date_gmt":"2022-10-07T14:54:31","guid":{"rendered":"https:\/\/www.gobrrr.me\/?page_id=3158"},"modified":"2025-06-09T14:36:57","modified_gmt":"2025-06-09T12:36:57","slug":"resources","status":"publish","type":"page","link":"https:\/\/www.gobrrr.me\/de\/resources\/","title":{"rendered":"<p>Ressourcen<\/p>"},"content":{"rendered":"<p>Eine Sammlung n\u00fctzlicher Links und Ressourcen.<h4 class=\"wp-block-heading\">Vertrauensw\u00fcrdige Node-Implementierungen<\/h4><ul class=\"wp-block-list\"><li><a href=\"https:\/\/bitcoin.org\/en\/bitcoin-core\/\">Bitcoin Core<\/a><\/li><li><a href=\"https:\/\/github.com\/rootzoll\/raspiblitz\" target=\"_blank\" rel=\"noreferrer noopener\">Raspiblitz <\/a>(RaspberryPi)<\/li><li><a href=\"https:\/\/runcitadel.space\/\" target=\"_blank\" rel=\"noreferrer noopener\">RunCitadel<\/a> (RaspberryPi)<\/li><li><a href=\"https:\/\/ronindojo.io\/en\/roninui\" target=\"_blank\" rel=\"noreferrer noopener\">RoninDojo<\/a> (RockPro64) - Wer hat geschrieben?<\/li><li><a href=\"https:\/\/docs.btcpayserver.org\/Deployment\/Hack0\/\" target=\"_blank\" rel=\"noreferrer noopener\">Hack0 <\/a>(RockPro64) - Wer hat geschrieben?<\/li><li><a href=\"https:\/\/mynodebtc.com\/\" target=\"_blank\" rel=\"noreferrer noopener\">MyNode<\/a> (RaspberryPi)<br><br>Es gibt nat\u00fcrlich noch viel mehr da drau\u00dfen, aber diese wurden pers\u00f6nlich getestet.<\/li><\/ul><h4 class=\"wp-block-heading\">Bitcoin Privatsph\u00e4re<\/h4><ul class=\"wp-block-list\"><li><a href=\"https:\/\/trustbtc.org\/\" target=\"_blank\" rel=\"noreferrer noopener\">TrustBTC.org<\/a><\/li><li><a href=\"https:\/\/bitcoiner.guide\/nokyconly\/\" target=\"_blank\" rel=\"noreferrer noopener\">NoKYConly<\/a><\/li><\/ul><h4 class=\"wp-block-heading\">Bitcoin-Tools &amp;-Ressourcen<\/h4><ul class=\"wp-block-list\"><li><a href=\"https:\/\/bitcoiner.guide\/\" target=\"_blank\" rel=\"noreferrer noopener\">Bitcoiner.Guide<\/a><\/li><\/ul><h4 class=\"wp-block-heading\">Bitcoin B\u00fccher<\/h4><ul class=\"wp-block-list\"><li><a href=\"https:\/\/konsensus.network\/\" target=\"_blank\" rel=\"noreferrer noopener\">Konsensus.Netzwerk<\/a><\/li><li><a href=\"https:\/\/aprycot.media\/\" target=\"_blank\" rel=\"noreferrer noopener\">Aprycot Media (deutsch)<\/a><\/li><\/ul><p><\/p><\/p>","protected":false},"excerpt":{"rendered":"<p>A collection of useful links and resources. Trusted node implementations Bitcoin Core Raspiblitz (RaspberryPi) RunCitadel (RaspberryPi) RoninDojo (RockPro64) Hack0 (RockPro64) MyNode (RaspberryPi) There are of course many more out there, but these have been personally tested. Bitcoin privacy TrustBTC.org NoKYConly Bitcoin tools &amp; resources Bitcoiner.Guide Bitcoin books Konsensus.Network Aprycot Media (german)<\/p>","protected":false},"author":2,"featured_media":0,"parent":0,"menu_order":0,"comment_status":"closed","ping_status":"closed","template":"template-fullwidth.php","meta":{"footnotes":""},"class_list":["post-3158","page","type-page","status-publish","hentry"],"yoast_head":"\n<title>Resources - Go Brrr<\/title>\n<meta name=\"robots\" content=\"index, follow, max-snippet:-1, max-image-preview:large, max-video-preview:-1\" \/>\n<link rel=\"canonical\" href=\"https:\/\/www.gobrrr.me\/de\/resources\/\" \/>\n<meta property=\"og:locale\" content=\"de_DE\" \/>\n<meta property=\"og:type\" content=\"article\" \/>\n<meta property=\"og:title\" content=\"Resources - Go Brrr\" \/>\n<meta property=\"og:description\" content=\"A collection of useful links and resources. Trusted node implementations Bitcoin Core Raspiblitz (RaspberryPi) RunCitadel (RaspberryPi) RoninDojo (RockPro64) Hack0 (RockPro64) MyNode (RaspberryPi) There are of course many more out there, but these have been personally tested. Bitcoin privacy TrustBTC.org NoKYConly Bitcoin tools &amp; resources Bitcoiner.Guide Bitcoin books Konsensus.Network Aprycot Media (german)\" \/>\n<meta property=\"og:url\" content=\"https:\/\/www.gobrrr.me\/de\/resources\/\" \/>\n<meta property=\"og:site_name\" content=\"Go Brrr\" \/>\n<meta property=\"article:modified_time\" content=\"2025-06-09T12:36:57+00:00\" \/>\n<meta name=\"twitter:card\" content=\"summary_large_image\" \/>\n<meta name=\"twitter:site\" content=\"@GoBrrr_me\" \/>\n<meta name=\"twitter:label1\" content=\"Gesch\u00e4tzte Lesezeit\" \/>\n\t<meta name=\"twitter:data1\" content=\"1 Minute\" \/>\n<script type=\"application\/ld+json\" class=\"yoast-schema-graph\">{\"@context\":\"https:\\\/\\\/schema.org\",\"@graph\":[{\"@type\":\"WebPage\",\"@id\":\"https:\\\/\\\/www.gobrrr.me\\\/resources\\\/\",\"url\":\"https:\\\/\\\/www.gobrrr.me\\\/resources\\\/\",\"name\":\"Resources - Go Brrr\",\"isPartOf\":{\"@id\":\"https:\\\/\\\/www.gobrrr.me\\\/#website\"},\"datePublished\":\"2022-10-07T14:54:31+00:00\",\"dateModified\":\"2025-06-09T12:36:57+00:00\",\"breadcrumb\":{\"@id\":\"https:\\\/\\\/www.gobrrr.me\\\/resources\\\/#breadcrumb\"},\"inLanguage\":\"de-AT\",\"potentialAction\":[{\"@type\":\"ReadAction\",\"target\":[\"https:\\\/\\\/www.gobrrr.me\\\/resources\\\/\"]}]},{\"@type\":\"BreadcrumbList\",\"@id\":\"https:\\\/\\\/www.gobrrr.me\\\/resources\\\/#breadcrumb\",\"itemListElement\":[{\"@type\":\"ListItem\",\"position\":1,\"name\":\"Home\",\"item\":\"https:\\\/\\\/www.gobrrr.me\\\/\"},{\"@type\":\"ListItem\",\"position\":2,\"name\":\"Resources\"}]},{\"@type\":\"WebSite\",\"@id\":\"https:\\\/\\\/www.gobrrr.me\\\/#website\",\"url\":\"https:\\\/\\\/www.gobrrr.me\\\/\",\"name\":\"Go Brrr\",\"description\":\"3D prints for sovereign individuals\",\"publisher\":{\"@id\":\"https:\\\/\\\/www.gobrrr.me\\\/#organization\"},\"potentialAction\":[{\"@type\":\"SearchAction\",\"target\":{\"@type\":\"EntryPoint\",\"urlTemplate\":\"https:\\\/\\\/www.gobrrr.me\\\/?s={search_term_string}\"},\"query-input\":{\"@type\":\"PropertyValueSpecification\",\"valueRequired\":true,\"valueName\":\"search_term_string\"}}],\"inLanguage\":\"de-AT\"},{\"@type\":\"Organization\",\"@id\":\"https:\\\/\\\/www.gobrrr.me\\\/#organization\",\"name\":\"Go Brrr 3D\",\"url\":\"https:\\\/\\\/www.gobrrr.me\\\/\",\"logo\":{\"@type\":\"ImageObject\",\"inLanguage\":\"de-AT\",\"@id\":\"https:\\\/\\\/www.gobrrr.me\\\/#\\\/schema\\\/logo\\\/image\\\/\",\"url\":\"https:\\\/\\\/i0.wp.com\\\/www.gobrrr.me\\\/wp-content\\\/uploads\\\/2022\\\/02\\\/BrrrIco.png?fit=100%2C100&ssl=1\",\"contentUrl\":\"https:\\\/\\\/i0.wp.com\\\/www.gobrrr.me\\\/wp-content\\\/uploads\\\/2022\\\/02\\\/BrrrIco.png?fit=100%2C100&ssl=1\",\"width\":100,\"height\":100,\"caption\":\"Go Brrr 3D\"},\"image\":{\"@id\":\"https:\\\/\\\/www.gobrrr.me\\\/#\\\/schema\\\/logo\\\/image\\\/\"},\"sameAs\":[\"https:\\\/\\\/x.com\\\/GoBrrr_me\"]}]}<\/script>\n","yoast_head_json":{"title":"Resources - Go Brrr","robots":{"index":"index","follow":"follow","max-snippet":"max-snippet:-1","max-image-preview":"max-image-preview:large","max-video-preview":"max-video-preview:-1"},"canonical":"https:\/\/www.gobrrr.me\/de\/resources\/","og_locale":"de_DE","og_type":"article","og_title":"Resources - Go Brrr","og_description":"A collection of useful links and resources. Trusted node implementations Bitcoin Core Raspiblitz (RaspberryPi) RunCitadel (RaspberryPi) RoninDojo (RockPro64) Hack0 (RockPro64) MyNode (RaspberryPi) There are of course many more out there, but these have been personally tested. Bitcoin privacy TrustBTC.org NoKYConly Bitcoin tools &amp; resources Bitcoiner.Guide Bitcoin books Konsensus.Network Aprycot Media (german)","og_url":"https:\/\/www.gobrrr.me\/de\/resources\/","og_site_name":"Go Brrr","article_modified_time":"2025-06-09T12:36:57+00:00","twitter_card":"summary_large_image","twitter_site":"@GoBrrr_me","twitter_misc":{"Gesch\u00e4tzte Lesezeit":"1 Minute"},"schema":{"@context":"https:\/\/schema.org","@graph":[{"@type":"WebPage","@id":"https:\/\/www.gobrrr.me\/resources\/","url":"https:\/\/www.gobrrr.me\/resources\/","name":"Resources - Go Brrr","isPartOf":{"@id":"https:\/\/www.gobrrr.me\/#website"},"datePublished":"2022-10-07T14:54:31+00:00","dateModified":"2025-06-09T12:36:57+00:00","breadcrumb":{"@id":"https:\/\/www.gobrrr.me\/resources\/#breadcrumb"},"inLanguage":"de-AT","potentialAction":[{"@type":"ReadAction","target":["https:\/\/www.gobrrr.me\/resources\/"]}]},{"@type":"BreadcrumbList","@id":"https:\/\/www.gobrrr.me\/resources\/#breadcrumb","itemListElement":[{"@type":"ListItem","position":1,"name":"Home","item":"https:\/\/www.gobrrr.me\/"},{"@type":"ListItem","position":2,"name":"Resources"}]},{"@type":"WebSite","@id":"https:\/\/www.gobrrr.me\/#website","url":"https:\/\/www.gobrrr.me\/","name":"Go Brrr","description":"3D prints for sovereign individuals","publisher":{"@id":"https:\/\/www.gobrrr.me\/#organization"},"potentialAction":[{"@type":"SearchAction","target":{"@type":"EntryPoint","urlTemplate":"https:\/\/www.gobrrr.me\/?s={search_term_string}"},"query-input":{"@type":"PropertyValueSpecification","valueRequired":true,"valueName":"search_term_string"}}],"inLanguage":"de-AT"},{"@type":"Organization","@id":"https:\/\/www.gobrrr.me\/#organization","name":"Go Brrr 3D","url":"https:\/\/www.gobrrr.me\/","logo":{"@type":"ImageObject","inLanguage":"de-AT","@id":"https:\/\/www.gobrrr.me\/#\/schema\/logo\/image\/","url":"https:\/\/i0.wp.com\/www.gobrrr.me\/ozypsoob\/2022\/02\/BrrrIco.png?fit=100%2C100&ssl=1","contentUrl":"https:\/\/i0.wp.com\/www.gobrrr.me\/ozypsoob\/2022\/02\/BrrrIco.png?fit=100%2C100&ssl=1","width":100,"height":100,"caption":"Go Brrr 3D"},"image":{"@id":"https:\/\/www.gobrrr.me\/#\/schema\/logo\/image\/"},"sameAs":["https:\/\/x.com\/GoBrrr_me"]}]}},"_links":{"self":[{"href":"https:\/\/www.gobrrr.me\/de\/wp-json\/wp\/v2\/pages\/3158","targetHints":{"allow":["GET"]}}],"collection":[{"href":"https:\/\/www.gobrrr.me\/de\/wp-json\/wp\/v2\/pages"}],"about":[{"href":"https:\/\/www.gobrrr.me\/de\/wp-json\/wp\/v2\/types\/page"}],"author":[{"embeddable":true,"href":"https:\/\/www.gobrrr.me\/de\/wp-json\/wp\/v2\/users\/2"}],"replies":[{"embeddable":true,"href":"https:\/\/www.gobrrr.me\/de\/wp-json\/wp\/v2\/comments?post=3158"}],"version-history":[{"count":0,"href":"https:\/\/www.gobrrr.me\/de\/wp-json\/wp\/v2\/pages\/3158\/revisions"}],"wp:attachment":[{"href":"https:\/\/www.gobrrr.me\/de\/wp-json\/wp\/v2\/media?parent=3158"}],"curies":[{"name":"wp","href":"https:\/\/api.w.org\/{rel}","templated":true}]}}