{"id":239,"date":"2021-10-12T18:35:36","date_gmt":"2021-10-12T16:35:36","guid":{"rendered":"https:\/\/www.gobrrr.me\/?page_id=239"},"modified":"2025-11-03T16:33:56","modified_gmt":"2025-11-03T15:33:56","slug":"about","status":"publish","type":"page","link":"https:\/\/www.gobrrr.me\/de\/about\/","title":{"rendered":"<p>\u00dcber uns<\/p>"},"content":{"rendered":"<blockquote class=\"wp-block-quote is-style-default has-background has-normal-font-size is-layout-flow wp-block-quote-is-layout-flow\" style=\"background-color:#212121ad\">\n<p class=\"has-background\" style=\"background-color:#21212103\">Privatsph\u00e4re ist notwendig f\u00fcr eine offene Gesellschaft im elektronischen Zeitalter. Privatsph\u00e4re ist kein Geheimnis. Eine Privatangelegenheit ist etwas, das nicht die ganze Welt wissen soll, aber eine Geheimangelegenheit ist etwas, das niemand wissen soll. Privatsph\u00e4re ist die Macht, sich selektiv der Welt zu offenbaren.<\/p>\n<cite>\u2013 Eric Hughes<\/cite><h3 class=\"wp-block-heading\">Es ist m\u00f6glich, einen Online-Shop aufzubauen, der die Privatsph\u00e4re respektiert!<\/h3><p class=\"has-text-align-left\">Wir streben danach, die Ausnahme von der Norm zu sein und ein hochsicheres, kein Fuzz-Shopping-Erlebnis zu bieten und gleichzeitig die Privatsph\u00e4re unserer Kunden zu wahren. Alle unsere Prozesse sind so optimiert, dass \u00fcberhaupt keine Daten erfasst werden oder nur das, was f\u00fcr die sichere Abwicklung deiner Bestellung unbedingt erforderlich ist. Dies ist keine einfache Aufgabe in einer Welt des Trackings, \u00fcbrigens, hast du unsere Cookie-Z\u00e4hlung \u00fcberpr\u00fcft? <br><br>Eine kurze Liste von Dingen, die wir nicht verwenden:<\/p><ul class=\"wp-block-list\">\n<li>Benutzerkonten<\/li>\n\n\n\n<li>Newsletter<\/li>\n\n\n\n<li>Externe Analysen<\/li>\n\n\n\n<li>Externe Cookies<\/li>\n\n\n\n<li>Fingerabdruck<\/li>\n\n\n\n<li>Standort\u00fcbergreifendes Tracking<\/li>\n<\/ul><p><br>Sobald deine Bestellung abgeschlossen ist, werden alle Kundendaten in regelm\u00e4\u00dfigen Abst\u00e4nden von unserem Server gel\u00f6scht und zu deiner Sicherheit offline gespeichert, solange dies erforderlich ist. Wenn du die \u00d6sterreichische Post als Versandart w\u00e4hlen, werden deine Versanddaten niemals online an einen Kurierdienst \u00fcbermittelt, unsere Etiketten werden offline im Haus gedruckt. Wir sind die Extrameile gegangen, weil Privatsph\u00e4re ein Menschenrecht ist. <\/p><h3 class=\"wp-block-heading\">3D-Druck ist unsere Leidenschaft!<\/h3><p>Wir glauben, dass der 3D-Druck jeden zu einem souver\u00e4neren Individuum machen kann. Diese Technologie erm\u00f6glicht es den Benutzern, ihre eigenen Objekte schnell und in jedem Ma\u00dfstab zu erstellen. <\/p><h3 class=\"wp-block-heading\">3D-Druck mit Fokus auf Qualit\u00e4t<\/h3><p>Wir sind Laser-fokussiert auf die Lieferung von qualitativ hochwertigen Drucken. Das gilt sowohl f\u00fcr die Teilest\u00e4rke als auch f\u00fcr das Aussehen. Wir erwarten, dass wir nicht weniger als einen perfekten Druck liefern.<\/p><h3 class=\"wp-block-heading\">Rapid Prototyping<\/h3><p>Verk\u00fcrze die Produktionszeiten durch Rapid Prototyping. Von der Idee zum gedruckten Prototyp in weniger als zwei Wochen. Die Zeiten der teuren Gussformen sind vorbei.<\/p><h3 class=\"wp-block-heading\">Sitz in \u00d6sterreich<\/h3><p>Lokale Produktion ist effizienter, genie\u00dfen du schnelleren Versand und keine Z\u00f6lle. Wir k\u00f6nnen bis zu 1000pcs \/ Monat drucken. (H\u00e4ngt von der Artikelgr\u00f6\u00dfe ab.)<\/p><h3 class=\"wp-block-heading\">Handgefertigt mit &lt;3<\/h3><p>Wir lieben 3D-Druck! Nat\u00fcrlich sind wir stolz auf jeden Druck, der unseren Hof verl\u00e4sst. Aus diesem Grund erh\u00e4lt jeder Artikel die maximale Pflege.<\/p><h3 class=\"wp-block-heading\">Unendliche M\u00f6glichkeiten<\/h3><p>Erstelle Geometrien, die noch nie zuvor m\u00f6glich waren. Beim 3D-Druck ist der Himmel buchst\u00e4blich die Grenze, da er die vielseitigste Produktionsform ist.<\/p><h3 class=\"wp-block-heading\">Bitcoin<\/h3><p>Wir lieben Bitcoin und m\u00f6chten dich ermutigen, die Kontrolle \u00fcber deine Satoshis zu \u00fcbernehmen. Hol dir ein sicheres Signierger\u00e4t und ziehe dich JETZT in die Selbstverwahrung zur\u00fcck. <strong>Nicht deine Schl\u00fcssel, nicht deine M\u00fcnzen<\/strong>!<br><\/p><figure class=\"wp-block-image size-large is-style-default\"><img decoding=\"async\" src=\"https:\/\/www.gobrrr.me\/ozypsoob\/2022\/01\/BrrrBanner22-1024x683.jpg\" alt=\"\" class=\"wp-image-1022\"><\/figure><hr class=\"wp-block-separator has-css-opacity\"><h2 class=\"wp-block-heading has-text-align-left\" id=\"for-secure-communication-use-pgp\">F\u00fcr eine sichere Kommunikation verwendest du <a href=\"https:\/\/gobrrr.me\/pgp\">PGP<\/a><\/h2><hr class=\"wp-block-separator has-css-opacity\"><h2 class=\"wp-block-heading has-text-align-left\" id=\"connect-to-our-lightning-network-node\">Verbinde sich mit unserem Blitznetzwerkknoten<\/h2><p class=\"has-text-align-left\"> <a href=\"https:\/\/amboss.space\/node\/02445854b90a954a3d6936c7d4a93bb8ecde414e683de1df451af870f9321eed28\">Amboss <\/a><br><a href=\"https:\/\/1ml.com\/node\/02445854b90a954a3d6936c7d4a93bb8ecde414e683de1df451af870f9321eed28\">1 ml<\/a><\/p><hr class=\"wp-block-separator has-css-opacity\"><h2 class=\"wp-block-heading has-text-align-center\" id=\"seedsigner\">SeedSigner<\/h2><p>Das SeedSigner-Projekt erm\u00f6glicht es dir, dein eigenes Airgapped-Bitcoin-Signaturger\u00e4t (alias \u201eHardware Wallet\u201c) auf die vertrauensw\u00fcrdigste Art und Weise zu bauen. Aus offen verf\u00fcgbaren Teilen. Da nicht jeder einen 3D-Drucker hat (aber du solltest), stellen wir dir gerne die ben\u00f6tigten gedruckten Geh\u00e4use und Tasten zur Verf\u00fcgung.<\/p><p>Beim Bau der ersten SeedSigner war die Beschaffung aller Teile nicht so einfach, wie wir es uns erhofft hatten. Also haben wir sie alle f\u00fcr euch beschafft. Wenn du sie billiger finden k\u00f6nnen, ist das gro\u00dfartig, gehen du daf\u00fcr. Solange es sich f\u00fcr einige als n\u00fctzlich erweist, werden wir weiterhin alle Teile auflisten, die wir in die H\u00e4nde bekommen k\u00f6nnen.<\/p><p><a href=\"https:\/\/seedsigner.com\">SeedSigner Startseite<\/a><br><a href=\"https:\/\/github.com\/SeedSigner\">SeedSigner GitHub<\/a><\/p><hr class=\"wp-block-separator has-css-opacity\"><p>W\u00e4hrend unsere Drucker brrr gehen, arbeiten wir hart daran, dir Folgendes zu bieten:<\/p><ul class=\"wp-block-list\">\n<li>3D-gedruckt <a href=\"https:\/\/www.gobrrr.me\/shop\/bitcoin-prints\/\">Gadgets<\/a><\/li>\n\n\n\n<li><a href=\"https:\/\/www.gobrrr.me\/shop\/nodes\/\">Geh\u00e4use<\/a> und Bitcoin Node<\/li>\n\n\n\n<li>Bitcoin-Merch<\/li>\n\n\n\n<li>Exklusiv <a href=\"https:\/\/www.gobrrr.me\/product\/skullofsatoshi\/\">Kunstdrucke<\/a><\/li>\n\n\n\n<li><a href=\"https:\/\/www.gobrrr.me\/product\/wall-meme-oldman\/\">Memes<\/a> auf Twitter<\/li>\n<\/ul><p class=\"has-text-align-center has-background\" style=\"background-color:#212121\"><\/p><p class=\"has-text-align-center has-background\" style=\"background-color:#212121\" data-aos=\"fade\" data-aos-delay=\"1000\" data-aos-duration=\"2000\">Werfen du einen Blick auf unsere <a href=\"https:\/\/www.gobrrr.me\/pp\/\">Datenschutzerkl\u00e4rung \/ Impressum.<\/a><\/p><\/blockquote>","protected":false},"excerpt":{"rendered":"<p>Privacy is necessary for an open society in the electronic age. Privacy is not secrecy. A private matter is something one doesn&rsquo;t want the whole world to know, but a secret matter is something one doesn&rsquo;t want anybody to know. Privacy is the power to selectively reveal oneself to the world. &ndash; Eric Hughes It&rsquo;s [&hellip;]<\/p>","protected":false},"author":2,"featured_media":0,"parent":0,"menu_order":0,"comment_status":"closed","ping_status":"closed","template":"template-fullwidth.php","meta":{"footnotes":""},"class_list":["post-239","page","type-page","status-publish","hentry"],"yoast_head":"\n<title>About - Go Brrr<\/title>\n<meta name=\"description\" content=\"We aspire to be the exception from the norm and deliver a highly secure, no fuzz shopping experience while preserving the privacy of our custumers. All our processes are optimized to collect no data at all, or only what&#039;s absolutely necessary to process your order securely. This is not an easy task in a world of tracking, by the way, did you check our cookie count? Once your order is completed, all customer data will be purged from our server in regular intervals and stored offline exlusively for your safety, as long as necessary. If you choose Austrian Post as your shipping method, your shipping data will never be submitted to a courier service online, our labels are printed offline in house. We went the extra mile because privacy is a human right.\" \/>\n<meta name=\"robots\" content=\"index, follow, max-snippet:-1, max-image-preview:large, max-video-preview:-1\" \/>\n<link rel=\"canonical\" href=\"https:\/\/www.gobrrr.me\/de\/about\/\" \/>\n<meta property=\"og:locale\" content=\"de_DE\" \/>\n<meta property=\"og:type\" content=\"article\" \/>\n<meta property=\"og:title\" content=\"About - Go Brrr\" \/>\n<meta property=\"og:description\" content=\"We aspire to be the exception from the norm and deliver a highly secure, no fuzz shopping experience while preserving the privacy of our custumers. All our processes are optimized to collect no data at all, or only what&#039;s absolutely necessary to process your order securely. This is not an easy task in a world of tracking, by the way, did you check our cookie count? Once your order is completed, all customer data will be purged from our server in regular intervals and stored offline exlusively for your safety, as long as necessary. If you choose Austrian Post as your shipping method, your shipping data will never be submitted to a courier service online, our labels are printed offline in house. We went the extra mile because privacy is a human right.\" \/>\n<meta property=\"og:url\" content=\"https:\/\/www.gobrrr.me\/de\/about\/\" \/>\n<meta property=\"og:site_name\" content=\"Go Brrr\" \/>\n<meta property=\"article:modified_time\" content=\"2025-11-03T15:33:56+00:00\" \/>\n<meta property=\"og:image\" content=\"https:\/\/www.gobrrr.me\/ozypsoob\/2022\/01\/BrrrBanner22-1024x683.jpg\" \/>\n<meta name=\"twitter:card\" content=\"summary_large_image\" \/>\n<meta name=\"twitter:site\" content=\"@GoBrrr_me\" \/>\n<meta name=\"twitter:label1\" content=\"Gesch\u00e4tzte Lesezeit\" \/>\n\t<meta name=\"twitter:data1\" content=\"3 Minuten\" \/>\n<script type=\"application\/ld+json\" class=\"yoast-schema-graph\">{\"@context\":\"https:\\\/\\\/schema.org\",\"@graph\":[{\"@type\":\"WebPage\",\"@id\":\"https:\\\/\\\/www.gobrrr.me\\\/de\\\/about\\\/\",\"url\":\"https:\\\/\\\/www.gobrrr.me\\\/de\\\/about\\\/\",\"name\":\"About - Go Brrr\",\"isPartOf\":{\"@id\":\"https:\\\/\\\/www.gobrrr.me\\\/#website\"},\"primaryImageOfPage\":{\"@id\":\"https:\\\/\\\/www.gobrrr.me\\\/de\\\/about\\\/#primaryimage\"},\"image\":{\"@id\":\"https:\\\/\\\/www.gobrrr.me\\\/de\\\/about\\\/#primaryimage\"},\"thumbnailUrl\":\"https:\\\/\\\/www.gobrrr.me\\\/wp-content\\\/uploads\\\/2022\\\/01\\\/BrrrBanner22-1024x683.jpg\",\"datePublished\":\"2021-10-12T16:35:36+00:00\",\"dateModified\":\"2025-11-03T15:33:56+00:00\",\"description\":\"We aspire to be the exception from the norm and deliver a highly secure, no fuzz shopping experience while preserving the privacy of our custumers. All our processes are optimized to collect no data at all, or only what's absolutely necessary to process your order securely. This is not an easy task in a world of tracking, by the way, did you check our cookie count? Once your order is completed, all customer data will be purged from our server in regular intervals and stored offline exlusively for your safety, as long as necessary. If you choose Austrian Post as your shipping method, your shipping data will never be submitted to a courier service online, our labels are printed offline in house. We went the extra mile because privacy is a human right.\",\"breadcrumb\":{\"@id\":\"https:\\\/\\\/www.gobrrr.me\\\/de\\\/about\\\/#breadcrumb\"},\"inLanguage\":\"de-AT\",\"potentialAction\":[{\"@type\":\"ReadAction\",\"target\":[\"https:\\\/\\\/www.gobrrr.me\\\/de\\\/about\\\/\"]}]},{\"@type\":\"ImageObject\",\"inLanguage\":\"de-AT\",\"@id\":\"https:\\\/\\\/www.gobrrr.me\\\/de\\\/about\\\/#primaryimage\",\"url\":\"https:\\\/\\\/www.gobrrr.me\\\/wp-content\\\/uploads\\\/2022\\\/01\\\/BrrrBanner22-1024x683.jpg\",\"contentUrl\":\"https:\\\/\\\/www.gobrrr.me\\\/wp-content\\\/uploads\\\/2022\\\/01\\\/BrrrBanner22-1024x683.jpg\"},{\"@type\":\"BreadcrumbList\",\"@id\":\"https:\\\/\\\/www.gobrrr.me\\\/de\\\/about\\\/#breadcrumb\",\"itemListElement\":[{\"@type\":\"ListItem\",\"position\":1,\"name\":\"Home\",\"item\":\"https:\\\/\\\/www.gobrrr.me\\\/\"},{\"@type\":\"ListItem\",\"position\":2,\"name\":\"About\"}]},{\"@type\":\"WebSite\",\"@id\":\"https:\\\/\\\/www.gobrrr.me\\\/#website\",\"url\":\"https:\\\/\\\/www.gobrrr.me\\\/\",\"name\":\"Go Brrr\",\"description\":\"3D prints for sovereign individuals\",\"publisher\":{\"@id\":\"https:\\\/\\\/www.gobrrr.me\\\/#organization\"},\"potentialAction\":[{\"@type\":\"SearchAction\",\"target\":{\"@type\":\"EntryPoint\",\"urlTemplate\":\"https:\\\/\\\/www.gobrrr.me\\\/?s={search_term_string}\"},\"query-input\":{\"@type\":\"PropertyValueSpecification\",\"valueRequired\":true,\"valueName\":\"search_term_string\"}}],\"inLanguage\":\"de-AT\"},{\"@type\":\"Organization\",\"@id\":\"https:\\\/\\\/www.gobrrr.me\\\/#organization\",\"name\":\"Go Brrr 3D\",\"url\":\"https:\\\/\\\/www.gobrrr.me\\\/\",\"logo\":{\"@type\":\"ImageObject\",\"inLanguage\":\"de-AT\",\"@id\":\"https:\\\/\\\/www.gobrrr.me\\\/#\\\/schema\\\/logo\\\/image\\\/\",\"url\":\"https:\\\/\\\/i0.wp.com\\\/www.gobrrr.me\\\/wp-content\\\/uploads\\\/2022\\\/02\\\/BrrrIco.png?fit=100%2C100&ssl=1\",\"contentUrl\":\"https:\\\/\\\/i0.wp.com\\\/www.gobrrr.me\\\/wp-content\\\/uploads\\\/2022\\\/02\\\/BrrrIco.png?fit=100%2C100&ssl=1\",\"width\":100,\"height\":100,\"caption\":\"Go Brrr 3D\"},\"image\":{\"@id\":\"https:\\\/\\\/www.gobrrr.me\\\/#\\\/schema\\\/logo\\\/image\\\/\"},\"sameAs\":[\"https:\\\/\\\/x.com\\\/GoBrrr_me\"]}]}<\/script>\n","yoast_head_json":{"title":"About - Go Brrr","description":"We aspire to be the exception from the norm and deliver a highly secure, no fuzz shopping experience while preserving the privacy of our custumers. All our processes are optimized to collect no data at all, or only what's absolutely necessary to process your order securely. This is not an easy task in a world of tracking, by the way, did you check our cookie count? Once your order is completed, all customer data will be purged from our server in regular intervals and stored offline exlusively for your safety, as long as necessary. If you choose Austrian Post as your shipping method, your shipping data will never be submitted to a courier service online, our labels are printed offline in house. We went the extra mile because privacy is a human right.","robots":{"index":"index","follow":"follow","max-snippet":"max-snippet:-1","max-image-preview":"max-image-preview:large","max-video-preview":"max-video-preview:-1"},"canonical":"https:\/\/www.gobrrr.me\/de\/about\/","og_locale":"de_DE","og_type":"article","og_title":"About - Go Brrr","og_description":"We aspire to be the exception from the norm and deliver a highly secure, no fuzz shopping experience while preserving the privacy of our custumers. All our processes are optimized to collect no data at all, or only what's absolutely necessary to process your order securely. This is not an easy task in a world of tracking, by the way, did you check our cookie count? Once your order is completed, all customer data will be purged from our server in regular intervals and stored offline exlusively for your safety, as long as necessary. If you choose Austrian Post as your shipping method, your shipping data will never be submitted to a courier service online, our labels are printed offline in house. We went the extra mile because privacy is a human right.","og_url":"https:\/\/www.gobrrr.me\/de\/about\/","og_site_name":"Go Brrr","article_modified_time":"2025-11-03T15:33:56+00:00","og_image":[{"url":"https:\/\/www.gobrrr.me\/ozypsoob\/2022\/01\/BrrrBanner22-1024x683.jpg","type":"","width":"","height":""}],"twitter_card":"summary_large_image","twitter_site":"@GoBrrr_me","twitter_misc":{"Gesch\u00e4tzte Lesezeit":"3 Minuten"},"schema":{"@context":"https:\/\/schema.org","@graph":[{"@type":"WebPage","@id":"https:\/\/www.gobrrr.me\/de\/about\/","url":"https:\/\/www.gobrrr.me\/de\/about\/","name":"About - Go Brrr","isPartOf":{"@id":"https:\/\/www.gobrrr.me\/#website"},"primaryImageOfPage":{"@id":"https:\/\/www.gobrrr.me\/de\/about\/#primaryimage"},"image":{"@id":"https:\/\/www.gobrrr.me\/de\/about\/#primaryimage"},"thumbnailUrl":"https:\/\/www.gobrrr.me\/ozypsoob\/2022\/01\/BrrrBanner22-1024x683.jpg","datePublished":"2021-10-12T16:35:36+00:00","dateModified":"2025-11-03T15:33:56+00:00","description":"We aspire to be the exception from the norm and deliver a highly secure, no fuzz shopping experience while preserving the privacy of our custumers. All our processes are optimized to collect no data at all, or only what's absolutely necessary to process your order securely. This is not an easy task in a world of tracking, by the way, did you check our cookie count? Once your order is completed, all customer data will be purged from our server in regular intervals and stored offline exlusively for your safety, as long as necessary. If you choose Austrian Post as your shipping method, your shipping data will never be submitted to a courier service online, our labels are printed offline in house. We went the extra mile because privacy is a human right.","breadcrumb":{"@id":"https:\/\/www.gobrrr.me\/de\/about\/#breadcrumb"},"inLanguage":"de-AT","potentialAction":[{"@type":"ReadAction","target":["https:\/\/www.gobrrr.me\/de\/about\/"]}]},{"@type":"ImageObject","inLanguage":"de-AT","@id":"https:\/\/www.gobrrr.me\/de\/about\/#primaryimage","url":"https:\/\/www.gobrrr.me\/ozypsoob\/2022\/01\/BrrrBanner22-1024x683.jpg","contentUrl":"https:\/\/www.gobrrr.me\/ozypsoob\/2022\/01\/BrrrBanner22-1024x683.jpg"},{"@type":"BreadcrumbList","@id":"https:\/\/www.gobrrr.me\/de\/about\/#breadcrumb","itemListElement":[{"@type":"ListItem","position":1,"name":"Home","item":"https:\/\/www.gobrrr.me\/"},{"@type":"ListItem","position":2,"name":"About"}]},{"@type":"WebSite","@id":"https:\/\/www.gobrrr.me\/#website","url":"https:\/\/www.gobrrr.me\/","name":"Go Brrr","description":"3D prints for sovereign individuals","publisher":{"@id":"https:\/\/www.gobrrr.me\/#organization"},"potentialAction":[{"@type":"SearchAction","target":{"@type":"EntryPoint","urlTemplate":"https:\/\/www.gobrrr.me\/?s={search_term_string}"},"query-input":{"@type":"PropertyValueSpecification","valueRequired":true,"valueName":"search_term_string"}}],"inLanguage":"de-AT"},{"@type":"Organization","@id":"https:\/\/www.gobrrr.me\/#organization","name":"Go Brrr 3D","url":"https:\/\/www.gobrrr.me\/","logo":{"@type":"ImageObject","inLanguage":"de-AT","@id":"https:\/\/www.gobrrr.me\/#\/schema\/logo\/image\/","url":"https:\/\/i0.wp.com\/www.gobrrr.me\/ozypsoob\/2022\/02\/BrrrIco.png?fit=100%2C100&ssl=1","contentUrl":"https:\/\/i0.wp.com\/www.gobrrr.me\/ozypsoob\/2022\/02\/BrrrIco.png?fit=100%2C100&ssl=1","width":100,"height":100,"caption":"Go Brrr 3D"},"image":{"@id":"https:\/\/www.gobrrr.me\/#\/schema\/logo\/image\/"},"sameAs":["https:\/\/x.com\/GoBrrr_me"]}]}},"_links":{"self":[{"href":"https:\/\/www.gobrrr.me\/de\/wp-json\/wp\/v2\/pages\/239","targetHints":{"allow":["GET"]}}],"collection":[{"href":"https:\/\/www.gobrrr.me\/de\/wp-json\/wp\/v2\/pages"}],"about":[{"href":"https:\/\/www.gobrrr.me\/de\/wp-json\/wp\/v2\/types\/page"}],"author":[{"embeddable":true,"href":"https:\/\/www.gobrrr.me\/de\/wp-json\/wp\/v2\/users\/2"}],"replies":[{"embeddable":true,"href":"https:\/\/www.gobrrr.me\/de\/wp-json\/wp\/v2\/comments?post=239"}],"version-history":[{"count":0,"href":"https:\/\/www.gobrrr.me\/de\/wp-json\/wp\/v2\/pages\/239\/revisions"}],"wp:attachment":[{"href":"https:\/\/www.gobrrr.me\/de\/wp-json\/wp\/v2\/media?parent=239"}],"curies":[{"name":"wp","href":"https:\/\/api.w.org\/{rel}","templated":true}]}}