{"id":11347,"date":"2026-03-04T15:02:54","date_gmt":"2026-03-04T14:02:54","guid":{"rendered":"https:\/\/www.gobrrr.me\/?page_id=11347"},"modified":"2026-03-04T17:24:29","modified_gmt":"2026-03-04T16:24:29","slug":"right-of-withdrawal","status":"publish","type":"page","link":"https:\/\/www.gobrrr.me\/de\/right-of-withdrawal\/","title":{"rendered":"<p>Widerrufsrecht<\/p>"},"content":{"rendered":"<h1 class=\"wp-block-heading\">Widerrufsrecht<h2 class=\"wp-block-heading\">Widerrufsrecht<\/h2><p>Verbraucher haben das Recht, von diesem Vertrag innerhalb <strong>14 Tage<\/strong> Ohne irgendeinen Grund zu nennen.<\/p><p>Die Widerrufsfrist betr\u00e4gt <strong>14 Tage ab dem Tag, an dem Sie die Waren erhalten<\/strong>.<\/p><hr class=\"wp-block-separator has-alpha-channel-opacity\"><h2 class=\"wp-block-heading\">Kontakt<\/h2><p>Druck Hoch Drei e.U.<br>Patrick Walcher<br>Christlweg 9\/2<br>9020 Klagenfurt<br>\u00d6sterreich<\/p><p>E-Mail: Info @ gobrrr.me<\/p><hr class=\"wp-block-separator has-alpha-channel-opacity\"><h2 class=\"wp-block-heading\">Auswirkungen des Widerrrufs<\/h2><p>Wenn Sie diesen Vertrag widerrufen, erstatten wir Ihnen alle Zahlungen, die wir von Ihnen erhalten haben, einschlie\u00dflich der Lieferkosten.<\/p><p>Die R\u00fcckzahlung erfolgt mit der gleichen Zahlungsmethode, die f\u00fcr die urspr\u00fcngliche Transaktion verwendet wurde.<\/p><p>Wir k\u00f6nnen die R\u00fcckerstattung zur\u00fcckhalten, bis wir die zur\u00fcckgegebene Ware erhalten haben.<\/p><hr class=\"wp-block-separator has-alpha-channel-opacity\"><h2 class=\"wp-block-heading\">R\u00fccksendung von Waren<\/h2><p>Die Ware muss innerhalb von <strong>14 Tage<\/strong> Nach dem Widerruf.<\/p><p>R\u00fccksendeadresse:<\/p><p>Druck Hoch Drei e.U.<br>Christlweg 9\/2<br>9020 Klagenfurt<br>\u00d6sterreich<\/p><p>Der Kunde tr\u00e4gt die unmittelbaren Kosten der R\u00fccksendung der Ware.<\/p><hr class=\"wp-block-separator has-alpha-channel-opacity\"><h2 class=\"wp-block-heading\">Ausschluss des Widerrufsrechts<\/h2><p>Das Widerrufsrecht gilt nicht f\u00fcr:<\/p><ul class=\"wp-block-list\">\n<li>Sonderanfertigungen (z.B. personalisierte 3D-Drucke)<\/li>\n\n\n\n<li>digitale Downloads, nachdem der Download gestartet wurde<\/li>\n\n\n\n<li>Versiegelte Waren, die aus hygienischen Gr\u00fcnden nicht zur R\u00fccksendung geeignet sind<\/li>\n<\/ul><p><\/p><\/h1>","protected":false},"excerpt":{"rendered":"<p>Right of Withdrawal Withdrawal Right Consumers have the right to withdraw from this contract within 14 days without giving any reason. The withdrawal period is 14 days from the day on which you receive the goods. Contact Druck Hoch Drei e.U.Patrick WalcherChristlweg 9\/29020 KlagenfurtAustria Email: info @ gobrrr.me Effects of Withdrawal If you withdraw from [&hellip;]<\/p>","protected":false},"author":2,"featured_media":0,"parent":0,"menu_order":0,"comment_status":"closed","ping_status":"closed","template":"","meta":{"footnotes":""},"class_list":["post-11347","page","type-page","status-publish","hentry"],"yoast_head":"\n<title>Right of Withdrawal - Go Brrr<\/title>\n<meta name=\"robots\" content=\"index, follow, max-snippet:-1, max-image-preview:large, max-video-preview:-1\" \/>\n<link rel=\"canonical\" href=\"https:\/\/www.gobrrr.me\/de\/right-of-withdrawal\/\" \/>\n<meta property=\"og:locale\" content=\"de_DE\" \/>\n<meta property=\"og:type\" content=\"article\" \/>\n<meta property=\"og:title\" content=\"Right of Withdrawal - Go Brrr\" \/>\n<meta property=\"og:description\" content=\"Right of Withdrawal Withdrawal Right Consumers have the right to withdraw from this contract within 14 days without giving any reason. The withdrawal period is 14 days from the day on which you receive the goods. Contact Druck Hoch Drei e.U.Patrick WalcherChristlweg 9\/29020 KlagenfurtAustria Email: info @ gobrrr.me Effects of Withdrawal If you withdraw from [&hellip;]\" \/>\n<meta property=\"og:url\" content=\"https:\/\/www.gobrrr.me\/de\/right-of-withdrawal\/\" \/>\n<meta property=\"og:site_name\" content=\"Go Brrr\" \/>\n<meta property=\"article:modified_time\" content=\"2026-03-04T16:24:29+00:00\" \/>\n<meta name=\"twitter:card\" content=\"summary_large_image\" \/>\n<meta name=\"twitter:site\" content=\"@GoBrrr_me\" \/>\n<meta name=\"twitter:label1\" content=\"Gesch\u00e4tzte Lesezeit\" \/>\n\t<meta name=\"twitter:data1\" content=\"1 Minute\" \/>\n<script type=\"application\/ld+json\" class=\"yoast-schema-graph\">{\"@context\":\"https:\\\/\\\/schema.org\",\"@graph\":[{\"@type\":\"WebPage\",\"@id\":\"https:\\\/\\\/www.gobrrr.me\\\/right-of-withdrawal\\\/\",\"url\":\"https:\\\/\\\/www.gobrrr.me\\\/right-of-withdrawal\\\/\",\"name\":\"Right of Withdrawal - Go Brrr\",\"isPartOf\":{\"@id\":\"https:\\\/\\\/www.gobrrr.me\\\/#website\"},\"datePublished\":\"2026-03-04T14:02:54+00:00\",\"dateModified\":\"2026-03-04T16:24:29+00:00\",\"breadcrumb\":{\"@id\":\"https:\\\/\\\/www.gobrrr.me\\\/right-of-withdrawal\\\/#breadcrumb\"},\"inLanguage\":\"de-AT\",\"potentialAction\":[{\"@type\":\"ReadAction\",\"target\":[\"https:\\\/\\\/www.gobrrr.me\\\/right-of-withdrawal\\\/\"]}]},{\"@type\":\"BreadcrumbList\",\"@id\":\"https:\\\/\\\/www.gobrrr.me\\\/right-of-withdrawal\\\/#breadcrumb\",\"itemListElement\":[{\"@type\":\"ListItem\",\"position\":1,\"name\":\"Home\",\"item\":\"https:\\\/\\\/www.gobrrr.me\\\/\"},{\"@type\":\"ListItem\",\"position\":2,\"name\":\"Right of Withdrawal\"}]},{\"@type\":\"WebSite\",\"@id\":\"https:\\\/\\\/www.gobrrr.me\\\/#website\",\"url\":\"https:\\\/\\\/www.gobrrr.me\\\/\",\"name\":\"Go Brrr\",\"description\":\"3D prints for sovereign individuals\",\"publisher\":{\"@id\":\"https:\\\/\\\/www.gobrrr.me\\\/#organization\"},\"potentialAction\":[{\"@type\":\"SearchAction\",\"target\":{\"@type\":\"EntryPoint\",\"urlTemplate\":\"https:\\\/\\\/www.gobrrr.me\\\/?s={search_term_string}\"},\"query-input\":{\"@type\":\"PropertyValueSpecification\",\"valueRequired\":true,\"valueName\":\"search_term_string\"}}],\"inLanguage\":\"de-AT\"},{\"@type\":\"Organization\",\"@id\":\"https:\\\/\\\/www.gobrrr.me\\\/#organization\",\"name\":\"Go Brrr 3D\",\"url\":\"https:\\\/\\\/www.gobrrr.me\\\/\",\"logo\":{\"@type\":\"ImageObject\",\"inLanguage\":\"de-AT\",\"@id\":\"https:\\\/\\\/www.gobrrr.me\\\/#\\\/schema\\\/logo\\\/image\\\/\",\"url\":\"https:\\\/\\\/i0.wp.com\\\/www.gobrrr.me\\\/wp-content\\\/uploads\\\/2022\\\/02\\\/BrrrIco.png?fit=100%2C100&ssl=1\",\"contentUrl\":\"https:\\\/\\\/i0.wp.com\\\/www.gobrrr.me\\\/wp-content\\\/uploads\\\/2022\\\/02\\\/BrrrIco.png?fit=100%2C100&ssl=1\",\"width\":100,\"height\":100,\"caption\":\"Go Brrr 3D\"},\"image\":{\"@id\":\"https:\\\/\\\/www.gobrrr.me\\\/#\\\/schema\\\/logo\\\/image\\\/\"},\"sameAs\":[\"https:\\\/\\\/x.com\\\/GoBrrr_me\"]}]}<\/script>\n","yoast_head_json":{"title":"Right of Withdrawal - Go Brrr","robots":{"index":"index","follow":"follow","max-snippet":"max-snippet:-1","max-image-preview":"max-image-preview:large","max-video-preview":"max-video-preview:-1"},"canonical":"https:\/\/www.gobrrr.me\/de\/right-of-withdrawal\/","og_locale":"de_DE","og_type":"article","og_title":"Right of Withdrawal - Go Brrr","og_description":"Right of Withdrawal Withdrawal Right Consumers have the right to withdraw from this contract within 14 days without giving any reason. The withdrawal period is 14 days from the day on which you receive the goods. Contact Druck Hoch Drei e.U.Patrick WalcherChristlweg 9\/29020 KlagenfurtAustria Email: info @ gobrrr.me Effects of Withdrawal If you withdraw from [&hellip;]","og_url":"https:\/\/www.gobrrr.me\/de\/right-of-withdrawal\/","og_site_name":"Go Brrr","article_modified_time":"2026-03-04T16:24:29+00:00","twitter_card":"summary_large_image","twitter_site":"@GoBrrr_me","twitter_misc":{"Gesch\u00e4tzte Lesezeit":"1 Minute"},"schema":{"@context":"https:\/\/schema.org","@graph":[{"@type":"WebPage","@id":"https:\/\/www.gobrrr.me\/right-of-withdrawal\/","url":"https:\/\/www.gobrrr.me\/right-of-withdrawal\/","name":"Right of Withdrawal - Go Brrr","isPartOf":{"@id":"https:\/\/www.gobrrr.me\/#website"},"datePublished":"2026-03-04T14:02:54+00:00","dateModified":"2026-03-04T16:24:29+00:00","breadcrumb":{"@id":"https:\/\/www.gobrrr.me\/right-of-withdrawal\/#breadcrumb"},"inLanguage":"de-AT","potentialAction":[{"@type":"ReadAction","target":["https:\/\/www.gobrrr.me\/right-of-withdrawal\/"]}]},{"@type":"BreadcrumbList","@id":"https:\/\/www.gobrrr.me\/right-of-withdrawal\/#breadcrumb","itemListElement":[{"@type":"ListItem","position":1,"name":"Home","item":"https:\/\/www.gobrrr.me\/"},{"@type":"ListItem","position":2,"name":"Right of Withdrawal"}]},{"@type":"WebSite","@id":"https:\/\/www.gobrrr.me\/#website","url":"https:\/\/www.gobrrr.me\/","name":"Go Brrr","description":"3D prints for sovereign individuals","publisher":{"@id":"https:\/\/www.gobrrr.me\/#organization"},"potentialAction":[{"@type":"SearchAction","target":{"@type":"EntryPoint","urlTemplate":"https:\/\/www.gobrrr.me\/?s={search_term_string}"},"query-input":{"@type":"PropertyValueSpecification","valueRequired":true,"valueName":"search_term_string"}}],"inLanguage":"de-AT"},{"@type":"Organization","@id":"https:\/\/www.gobrrr.me\/#organization","name":"Go Brrr 3D","url":"https:\/\/www.gobrrr.me\/","logo":{"@type":"ImageObject","inLanguage":"de-AT","@id":"https:\/\/www.gobrrr.me\/#\/schema\/logo\/image\/","url":"https:\/\/i0.wp.com\/www.gobrrr.me\/ozypsoob\/2022\/02\/BrrrIco.png?fit=100%2C100&ssl=1","contentUrl":"https:\/\/i0.wp.com\/www.gobrrr.me\/ozypsoob\/2022\/02\/BrrrIco.png?fit=100%2C100&ssl=1","width":100,"height":100,"caption":"Go Brrr 3D"},"image":{"@id":"https:\/\/www.gobrrr.me\/#\/schema\/logo\/image\/"},"sameAs":["https:\/\/x.com\/GoBrrr_me"]}]}},"_links":{"self":[{"href":"https:\/\/www.gobrrr.me\/de\/wp-json\/wp\/v2\/pages\/11347","targetHints":{"allow":["GET"]}}],"collection":[{"href":"https:\/\/www.gobrrr.me\/de\/wp-json\/wp\/v2\/pages"}],"about":[{"href":"https:\/\/www.gobrrr.me\/de\/wp-json\/wp\/v2\/types\/page"}],"author":[{"embeddable":true,"href":"https:\/\/www.gobrrr.me\/de\/wp-json\/wp\/v2\/users\/2"}],"replies":[{"embeddable":true,"href":"https:\/\/www.gobrrr.me\/de\/wp-json\/wp\/v2\/comments?post=11347"}],"version-history":[{"count":3,"href":"https:\/\/www.gobrrr.me\/de\/wp-json\/wp\/v2\/pages\/11347\/revisions"}],"predecessor-version":[{"id":11364,"href":"https:\/\/www.gobrrr.me\/de\/wp-json\/wp\/v2\/pages\/11347\/revisions\/11364"}],"wp:attachment":[{"href":"https:\/\/www.gobrrr.me\/de\/wp-json\/wp\/v2\/media?parent=11347"}],"curies":[{"name":"wp","href":"https:\/\/api.w.org\/{rel}","templated":true}]}}